{"id":173792,"date":"2025-06-17T10:53:51","date_gmt":"2025-06-17T10:53:51","guid":{"rendered":"https:\/\/vevorshop.lv\/en_us\/Prece\/vevor-portable-dressing-room-100x95x200-cm-privacy-changing-booth-with-thick-polyester-fabric-black\/"},"modified":"2026-04-20T19:41:51","modified_gmt":"2026-04-20T16:41:51","slug":"vevor-portable-dressing-room-100x95x200-cm-privacy-changing-booth-with-thick-polyester-fabric-black","status":"publish","type":"product","link":"https:\/\/vevorshop.lv\/lt\/Prece\/vevor-nesiojamas-persirengimo-kambarys-100x95x200-cm-privatumo-keitimo-kabina-su-storu-poliesterio-audiniu-juoda\/","title":{"rendered":"VEVOR Ne\u0161iojama Persirengimo Kabina 100x95x200 cm \u2013 Storas Poliesterio U\u017euolaidos, Privatumo Erdv\u0117 su Kabl. Parduotuv\u0117ms, Laukui"},"content":{"rendered":"<div style=\"color: #fff!important; font-size: 16px; height: 24px; line-height: 24px; margin-top: -24px; \" class=\"product_original_name\">VEVOR montavimo kambarys, ne\u0161iojama persirengimo kambarys su storomis poliesterio u\u017euolaidomis, privatumo erdv\u0117 su \u0161e\u0161\u0117liavimo u\u017edanga ir kabliuku, Boutique, Mall, siuv\u0117jo parduotuv\u0117 ir veikla lauke 100 x 95 x 200 cm (juoda)<\/div>\n<div style=\"color: #fff!important; font-size: 16px; height: 24px; line-height: 24px; margin-top: -24px; \" class=\"product_sku\">MC0DGLIA<\/div>\n<div style=\"color: #fff!important; font-size: 16px; height: 24px; line-height: 24px; margin-top: -24px; \" class=\"product_mpn\">SYJWDLSBYX00F7HQ2001V0<\/div><div id=\"js-DM_at-goodDescRich\"><html><head><style>  body {    font-family: Arial;    line-height: 1.5;    color: #1c1c1c;    overflow-x: hidden;    margin: 0;    padding: 0;  }  .MsoNormal b {    font-weight: bolder;  }<\/style><style>  .container.small {    width: 970px;    margin: 0 auto;  }  .logo {    margin: 0 auto 0;  }  .logo img {    display: block;    margin: 0 auto;    max-width: 100%;  }  .logo .pc-banner {    display: block;    width: 1200px;    height: 247.4px;    margin: 0 auto;  }  .logo .pc-banner.small {    width: 970px;  }  .logo .pc-banner.small img {    height: auto!important;  }  .logo .m-banner {    display: none;  }  .ytvideo {    position: relative;    height: 546px;    width: 100%;    margin: 0 auto;  }  .ytvideo img {    width: 100%;    margin: 0 auto;  }  .ytvideo .play-btn {    width: 60px;    height: 42px;    position: absolute;    top: 50%;    left: 50%;    transform: translate(-50%, -50%);    background: url(\"data:image\/png;base64,iVBORw0KGgoAAAANSUhEUgAAAGQAAABGCAMAAAANWMFbAAAC+lBMVEUAAADBGB3kLCfBGB3kLCfcJC7BFx3KKSbiKybkLCbWJCPSIiLSIiLPICHAFx3kLCfgKSXNHiDZJiTIGx\/p4eHcjo7LHSDbJyTkLCbjKyfOHyHPIiL28fHJHB\/GGh7EGR7eKCXDGB3RISHlLSbBGB3AFxzGHB7DGB7BGB3hKybkKybAFx3lLCfAFxzDGR3hKibDGB7cJyTmz8\/elJTlwcHjurrUIyLlLSflLSfAFx3DGR7lLSfCFx3hKibhKibhKybjKybkLCblLSfbJSX49vbx7e3NNzjNMTLMJyjVIyLZf3\/ZQ0LaeHjx0tLgoqLkLCfCGB3HGx\/BGB3BFx3PICHCGB7WJCLOHyC\/Fxy\/Fx3lLCfQISHkLSe\/FxzbJiTBFx3FGx\/AGB7BFx3EGR7AGB3HHSDfKiXAFh3TISHYNzbhKibbJyTTIiL57e325+f039\/v2NjUV1fOHiHiqanfmprch4feKSXVIyPOICHmLibFGh\/mLSe\/Fx7XJCPeKSXXJSPNHyHaJyTGGh7lLCbmLCflLSjSIiLkLCbdKSXLHiC\/GB3KHh++Fh3lKyfoLiXcKCPkx8fYb2\/XaGfVXl3aU1LLHiDksbHgKibPICHbJyTfKSXbJyTCGB3KHSDiKybFGh7TIiL\/\/\/\/VIyPRISHIHB\/GGx\/HHB\/DGR7gKibdKCXLHiDZJiTMHiDNHyHYJSTOICHPICHWJCPcKCXXJSPjLCblLCf+\/f3NGR\/uLijzLynPGR\/IGB7WISHaIyLLGh7UAADxLynNAADRLzDbICLQAADIAAD3MCrUHSHXMTDpKSbLAADp5OTij4\/ejo\/VLy\/1LyngJSTcJCPQHx\/OHB7+\/PzaMS\/OLS\/vLijrLSjSAADaNTPwLyjkKSbNJCbYISHPHB\/KGB7WAAD7+vrn3d3aKynTKCjoLCfsKifRGh\/YAADq5+fhjo7QNDXXKCfmJyXt5+fTLzDLLi\/QKivYHRvMGBrQJCXLISPMExXLDxLaEAvkkI\/bOTfaFQ\/SCgpvLcnHAAAAmnRSTlMA+vv7+gT9Bvf9+8z8\/NSv\/Pr5+P7++vnQIBMP\/v38\/Pn348XDiCYf9OjbzcqxXVcx\/fz8+\/rj1r2poo1+fXFqX0orGP7+\/v7+\/fz8+\/r68uzn4trIxsG\/vri3p6GcmZSNbWVYUUZEPQv+\/f39+\/v7+\/v7+vr64tvV1NTTz87FtbSurqeblJKFg4B3bUY+NjL7+\/v7+\/v67t1cDo8JLQAABkRJREFUWMO0kz9rwkAYh0OIeJkum6YugUAhISCdKoj\/P4C7SMdS+gEKIhSKil10LSg4mzXkILdlEpxCpwTiWOLX6BujvQaEQuGeHLnL+\/64J+SIcKGYTYWnntpdLjrVdqvZmNdn0+EE40GtpuuWVS6Xx6N7YDSGpWXpeq02wHgynM7q80az1a52HpddtVcpsi1zFARBrdaxbhp9iUReTGmwA4KAAr7vx3EYejnCMI6hQYEgy0LQi4jUN0wL19vqFcUC9\/1dAKmEEFkWRYkh5oBejnxQJiSJPJ\/uKBp0Thszx9Mw8hMRIQjKsptCfuES9zr5WJY6vSFCIvE9fCMUmEM1A1kSXcYGxgVYsvI1IPKTZciSTI0us\/SMGG04gDzELDoFBwdcFJrF88dqgYMTiL6DILWYyfOWE8\/kIz38olCNlC03FK95+imxp6y4oUSvAnBjHHhKNtotSDqJzVFiK8c2SBqhZtsrTtgrLXwAyduxZHNE26eHUt5rtuM4WSmds3G+sUdWYo1L+XyxButoh5eKUHk5lByO3G1LqqCWVnfrv\/lyPtf\/4ps1cndNGIri8J1TJ0lx6dR\/oPjq1nbRwdp2dCk4CtIOLW3pVKRL6WZfS5vF2KkIQhpwSsjiYIgNCs1gEMGqiIq24NQX9NwoXFy8Ufrl3twTcg4fv8T9\/JBEySduj6Mjm4bMzYV7EEOxKjjoNDud7yY3Dy71Hq2oLmqfbNR723edH9PgMrNL2utoQ3VmaIDkiw\/4w51P06hlZsTZvkRrbVuSIs\/zwSOsycgzStQouoAkWQqioRT5XI7n2Z1wfVhoZmcAJLsoqjqpjbWCgpOAJXBwHK8PzWbNvoUZJND5wCnSkLAkZ1legx6vqQzjoiTahKlGUGLAiIIoABOHaNVw4sexZBym6\/HWlH5h3IC7yRbxtipcWxdTOkORKiNQAEkFf66x5S2oeRbroOlLgg0sSYkR0hRGEqJZ0jTPiQKatESdBckpWigxaapEH0lImHdWu9pUFF2XqMNM2Z4kped7IwEJw2qabwtrQqnpw6HyKkgcadKWsmpywwesDyIhYRpdzXddqegtGIJlXbAIUMOLkGxJUjRIkokwjUaX9d\/kK62ps\/tYUqZLIMkLTyBhsMZ3C5Z\/kDxOSCb\/DOs\/\/J0qcWSX\/2ipe56EgTCA4\/cB7NAYOsni4mZM1MUPAISoEwkDi4lhVBQ1cWQyIcwalw4EpqZN68JUSK7XC0kTlkLYii5uXSC8jT5ncCAS7mjCv0uHp\/3lueHEEAeQ\/\/VgmdN71\/2uCSA1Xr6DO6uI6sW56zqT2tp2PhgiRUAajV8CY2fkcz6WGNKMgLAt7tJAhD4YHMTeRxlALE6+43WqjSWi8ITxyJl8WrwWSNESQZZOqhDDntO3hJLsd5RtSpbJqdv3YrDJH3F7jL1R2O2aQkn2MyCyKYz0GPGIvSAMgBCrCEiJyKbBaYGwLW4uPRr0A0M4Ux5kUI7IBh+hMdiCEWNqhMZGyYMsOgNE58UQuEQeUnSWCMYwL54hkxK6IoqucQZbQ3pc3XtL0lky1dL0zZJJDpWJovFqpWj6JEHnyam2eQp5QRVAVHjWparTOaVwUOx99YS2MvgxIGV0bb+qIg2HX2qkFFJB+XZcbLiuRkuxD9GRroKyveLxdh4d7Orx+hb7qc3uVRuEogCOnyIxm4ubUoPgF4jianDrC+SDQDKEfJb0GUKmjCGPYHGJvVC6X4hw1\/sAfQAdfYyephIaspXe36RwOP+Ljvfx9B6B3i+Nk0DGq+oCbLn6JpBa9nWAveAIHwFAwtVcIJXPMPL8kRu5OAYPMaL1WScTxjiZDqB9LTJSWphow\/pTYKRTLjCBhvi9iBidvKcDasGSm0QQkycYuLBqj6QCELPctqChDWpTRMWkngNNpQ1Pfp1KkiT\/Y0DGffXAweUNfLAfaJFKDwhb6I+bkYRbkERoEeu3Fyjg2opMz2daZCS9jt6Q7txNfB+OZEVF6Zl5web2xunnLQrtrjXseXKaFYziYINeMFZVxS9VxRhOoesYwxPKXm+gWLG9cuFeq93UNNeJNsf1KlwuDok9n02n3TgIJpOxNfL9naIoQwXtfH9kjceTIIi709ncTg6LZbg+biLH1V6u\/7rxBem06VXKn9raAAAAAElFTkSuQmCC\")      no-repeat center center \/ contain;  }  @media screen and (max-width: 960px) and (orientation: portrait) {    .logo {      width: 100%;    }    .logo .pc-banner {      display: none;    }    .logo .m-banner {      display: block;      width: 100%;    }    .logo .m-banner img {      height: auto!important;    }    .ytvideo {      height: 200px;      width: 100%;    }  }<\/style><style>  .video-section {    width: 100%;    margin: 0 auto;  }  .video-section > img {    width: 100%;  }  .video-section iframe,  .video-section video {    width: 100%;    height: 100%;      }  .video-section-img-m,  .video-section-img-pc > img {    width: 100%;    height: auto;  }  .video-section-img-pc.small > img {    width: 970px;  }  .video-desc {    line-height: 1.5;    font-size: 20px;    font-weight: 400;    margin: 20px 0;    text-align: center;    color: #0f1111;    word-break: break-word;  }  @media screen and (max-width: 960px) and (orientation: portrait) {    .video-section {      width: 100%;    }    .video-section-pc,    .video-section-img-pc {      display: none;    }    .video-section-m,    .video-section-img-m {      display: block;    }    .video-desc {      font-size: 15px;    }  }  @media screen and (min-width: 960px) {    .video-section {      width: 100%;      margin: 0 auto;    }    .video-section-pc,    .video-section-img-pc {      display: block;    }    .video-section-m,    .video-section-img-m {      display: none;    }    .video-desc {      font-size: 20px;    }  }<\/style><style>  .section + .section {    margin-top: 35px;  }  .section-title {    text-align: center;    font-weight: bold;    color: #0d1111;    font-family: \"Arial\";    font-size: 32px;    margin: 15px 0;  }  .section-title:empty {    display: none;  }  .section-desc {    text-align: center;    font-weight: normal;    color: #0d1111;    margin-top: 20px;  }  .section-desc:empty {    display: none;  }  .section-img {    width: 1200px;    height: 492px;    margin: 0 auto;    display: block;  }  .section-img.small {    width: 970px;    height: auto;  }  .section-img.small > img {    height: auto;  }  .section-img > img {    width: 100%;    height: 100%;  }  .section-mobile-img {    display: none;    max-width: 100vw;    max-height: 75vw;    height: 450px;    margin: 0 auto;  }  .section-mobile-img > img {    width: 100%;    height: 100%;  }  @media screen and (max-width: 960px) and (orientation: portrait) {    .container {      width: 100%;    }    .container.small {      width: 100%;    }    .section-mobile-img {      display: block;    }    .section-img {      display: none;    }    .section-title {      font-size: 22px;      margin: 10px 0;    }    .section-desc {      margin-top: 10px;    }    .section + .section {      margin-top: 20px;    }  }<\/style><\/head><body><div class=\"container\"><div class=\"logo\"><div class=\"pc-banner\"><div><img decoding=\"async\" src=\"\/vevor\/vevor\/boutique-banner\/pc\/en-pc@1x.jpg\" style=\"width: 100%;\" \/><\/div><\/div><div class=\"m-banner\"><div><img decoding=\"async\" src=\"\/vevor\/vevor\/boutique-banner\/mobile\/en-m@1x.jpg\" style=\"width: 100%;\" \/><\/div><\/div><\/div><div class=\"section-title\">Privatumo Persirengimo Kambarys<\/div><div class=\"video-section\"><div class=\"video-section-img-pc\"><img decoding=\"async\" src=\"\/vevor\/product\/SYJWDLSBYX00F7HQ2001\/fitting-room-a100-1.4.jpg\" \/><\/div><div class=\"video-section-img-m\"><img decoding=\"async\" src=\"\/vevor\/product\/SYJWDLSBYX00F7HQ2001\/fitting-room-a100-1.4-m.jpg\" \/><\/div><div class=\"section-desc\">Pagamintas i\u0161 lengvo antiblokavimo poliesterio audinio privatumo ir rauk\u0161li\u0173 atsparus. Tvirtas ketaus r\u0117mas u\u017etikrina stabilum\u0105 ir suteikia saug\u0173 kintan\u010dios erdv\u0117s, idealiai tinka prekybos centrai, parduotuv\u0117s, studijos, vestuvi\u0173 suknel\u0117, parduotuv\u0117s ir daugiau.<\/div><\/div><div class=\"section\"><div class=\"section-title\"><\/div><div class=\"section-img\"><img decoding=\"async\" src=\"\/vevor\/product\/SYJWDLSBYX00F7HQ2001\/fitting-room-a100-2.2.jpg\" \/><\/div><div class=\"section-mobile-img\"><img decoding=\"async\" src=\"\/vevor\/product\/SYJWDLSBYX00F7HQ2001\/fitting-room-a100-2.2-m.jpg\" \/><\/div><div class=\"section-desc\">M\u016bs\u0173 ne\u0161iojam\u0173 montavimo kambaryje yra pagamintas i\u0161 sutir\u0161t\u0117s poliesterio audinio, kuris pagerina savo privatumo, rauk\u0161li\u0173-pasiprie\u0161inimo galimyb\u0117, ir ilgaam\u017ei\u0161kumas. Ji u\u017etikrina, kad j\u016bs\u0173 kei\u010diasi privatumo, net po intensyvaus ap\u0161vietimo, parduotuvi\u0173.<\/div><\/div><div class=\"section\"><div class=\"section-title\"><\/div><div class=\"section-img\"><img decoding=\"async\" src=\"\/vevor\/product\/SYJWDLSBYX00F7HQ2001\/fitting-room-a100-2.3.jpg\" \/><\/div><div class=\"section-mobile-img\"><img decoding=\"async\" src=\"\/vevor\/product\/SYJWDLSBYX00F7HQ2001\/fitting-room-a100-2.3-m.jpg\" \/><\/div><div class=\"section-desc\">Persirengimo kambaryje, naudojama sunki\u0173j\u0173 Q195 pur\u0161kimo dengtos ketaus r\u0117mo labiau stabili strukt\u016bra. Jungiam\u0105j\u0105 stumdomas \u017eiedai padaryti u\u017euolaidas t\u016bptin\u0117s skland\u017eiai, ir \u012ftraukti kabliukai lengviau pakeisti drabu\u017eius.<\/div><\/div><div class=\"section\"><div class=\"section-title\"><\/div><div class=\"section-img\"><img decoding=\"async\" src=\"\/vevor\/product\/SYJWDLSBYX00F7HQ2001\/fitting-room-a100-2.4.jpg\" \/><\/div><div class=\"section-mobile-img\"><img decoding=\"async\" src=\"\/vevor\/product\/SYJWDLSBYX00F7HQ2001\/fitting-room-a100-2.4-m.jpg\" \/><\/div><div class=\"section-desc\">Tai persirengimo kambarys, yra pla\u010diai taikomas, ir yra idealiai tinka dideli\u0173 prekybos centr\u0173, parduotuvi\u0173, fotografijos studijos, vestuvi\u0173 suknel\u0117, parduotuv\u0117s, siuvimo parduotuvi\u0173, teatr\u0173, ir daugiau.<\/div><\/div><div class=\"section\"><div class=\"section-title\"><\/div><div class=\"section-img\"><img decoding=\"async\" src=\"\/vevor\/product\/SYJWDLSBYX00F7HQ2001\/fitting-room-a100-2.5.jpg\" \/><\/div><div class=\"section-mobile-img\"><img decoding=\"async\" src=\"\/vevor\/product\/SYJWDLSBYX00F7HQ2001\/fitting-room-a100-2.5-m.jpg\" \/><\/div><div class=\"section-desc\">M\u016bs\u0173 privatumo kambaryje yra visi reikalingi priedai ir i\u0161sami surinkimo instrukcija, tai leid\u017eia greitai surinkti.<\/div><\/div><div class=\"section\"><div class=\"section-img\"><img decoding=\"async\" src=\"\/vevor\/product\/SYJWDLSBYX00F7HQ2001\/fitting-room-a100-1.11.jpg\" \/><\/div><div class=\"section-mobile-img\"><img decoding=\"async\" src=\"\/vevor\/product\/SYJWDLSBYX00F7HQ2001\/fitting-room-a100-1.11-m.jpg\" \/><\/div><\/div><\/div><\/body><\/html><\/div>\n<div class=\"DM_at-title\" id=\"js-DM_at-title\"> <div>Produkto specifikacija<\/div> <i class=\"icon-arrowup_line\"><\/i> <\/div><div class=\"DM_at-goodsDescAttr\" id=\"js-DM_at-goodsDescAttr\"> <div class=\"DM_at-goodsDescAttrInner\"> <dl class=\"goodsDesc_item goodsDesc_item_even\"> <dt>Prek\u0117s Modelio Numeris<\/dt> <dd> SYJ-04<\/dd> <\/dl> <dl class=\"goodsDesc_item\"> <dt>Formos<\/dt> <dd> Pusiau Apskrito<\/dd> <\/dl> <dl class=\"goodsDesc_item goodsDesc_item_even\"> <dt>Tipas<\/dt> <dd> Vienas Asmuo Modelis<\/dd> <\/dl> <dl class=\"goodsDesc_item\"> <dt>Skai\u010di\u0173 Plok\u0161t\u0117s<\/dt> <dd> 3 Plok\u0161t\u0117s<\/dd> <\/dl> <dl class=\"goodsDesc_item goodsDesc_item_even\"> <dt>Keliamoji Galia<\/dt> <dd> 66.14 svar\u0173 \/ 30 kg<\/dd> <\/dl> <dl class=\"goodsDesc_item\"> <dt>Spalva<\/dt> <dd> Juoda<\/dd> <\/dl> <dl class=\"goodsDesc_item goodsDesc_item_even\"> <dt>Med\u017eiaga<\/dt> <dd> Q195 + Aliuminio Vamzd\u017eiai + Poliesteris + ABS<\/dd> <\/dl> <dl class=\"goodsDesc_item\"> <dt>Prek\u0117s Matmenys<\/dt> <dd> 39 x 37 x 79 \/ 100 x 95 x 200 cm<\/dd> <\/dl> <dl class=\"goodsDesc_item goodsDesc_item_even\"> <dt>Neto Svoris<\/dt> <dd> 15.1 svar\u0173 \/ 6.85 kg<\/dd> <\/dl> <\/div> <\/div>","protected":false},"excerpt":{"rendered":"<ul>\n<li> Pakankamai Privatumo: Tai montavimo kambaryje yra kompakti\u0161kas p\u0117dsak\u0105, tod\u0117l tinka \u012fvairi\u0173 kambari\u0173 dyd\u017eiai. Erdvus interjeras, matavimo 39 x 37 x 79 \/ 100 x 95 x 200 cm, ir \u012ftraukti kabliai leid\u017eia jums pakeisti drabu\u017eius, patogiai ir patogiai, be jausmas ank\u0161ta. Ji yra \u0161viesos blokavimas, i\u0161vengti keistumo, o kei\u010diasi <\/li>\n<li> Atnaujintas Privatumo Audinys: \u0161viesa antiblokavimo audinio \u0161io persirengimo kambaryje, yra pagaminti i\u0161 sutir\u0161t\u0117s poliesteris, stiprinti savo privatumo, rauk\u0161li\u0173 atsparus galimyb\u0119, patvarumo, ir daugiau. Su nat\u016braliu i\u0161mu\u0161ti ir tekst\u016bra pajusti, ji yra \u0161viesos blokavimas, u\u017etikrinti j\u016bs\u0173 privatum\u0105, yra i\u0161laikoma <\/li>\n<li> Patvarus ir Tvirtas: u\u017etikrinti stabilum\u0105 ir ilgaam\u017ei\u0161kum\u0105, m\u016bs\u0173 r\u0117meliai yra pagaminti i\u0161 sunki\u0173j\u0173 Q195 pur\u0161kimo dengtos ketaus, kuris yra r\u016bd\u017ei\u0173 korozijai ir dilimui. Pusiau apskritas, grindims-nuolatinis strukt\u016bra suteikia papildomo stabilumo ir nuimamas stumdomas \u017eiedas dizainas u\u017etikrina skland\u0173 ir tylus jud\u0117jimas. Ji n\u0117ra link\u0119 \u012ftaka, atsipalaidavimas, arba apvirsti su ilgalaikio naudojimo <\/li>\n<li> Multi-Funkcinis Naudojimas: M\u016bs\u0173 persirengimo kambarys, yra idealiai tinka dideli\u0173 prekybos centr\u0173, parduotuvi\u0173, fotografijos studijos, vestuvi\u0173 suknel\u0117, parduotuv\u0117s, siuvimo parduotuv\u0117s, teatrai, u\u017ekulisi\u0173 srityse, rengini\u0173 vietose, baseinai, cloakrooms, ir daugiau. Jos ne\u0161iojam\u0173 dizainas u\u017etikrinama saugi ir privati erdv\u0117 j\u016bs\u0173 poreikius <\/li>\n<li> Paprastas Surinkimas ir Saugojimas: \u0160i privatumo kambaryje yra visi reikalingi priedai ir i\u0161sami surinkimo instrukcija, tod\u0117l galite surinkti j\u012f greitai. Jis gali b\u016bti lengvai i\u0161montuotas ir saugomas, kai nenaudojamas, u\u017eima minimaliai vietos. Pastaba: D\u0117l ilgo transportavimo, audinys gali b\u016bti \u0161iek tiek rauk\u0161li\u0173. Garo lyginimo prie\u0161 tai, surinkimo ir naudojimo rekomenduojama <\/li>\n<\/ul>","protected":false},"featured_media":395528,"comment_status":"open","ping_status":"open","template":"","meta":{"om_disable_all_campaigns":false,"_monsterinsights_skip_tracking":false,"_monsterinsights_sitenote_active":false,"_monsterinsights_sitenote_note":"","_monsterinsights_sitenote_category":0,"_uf_show_specific_survey":0,"_uf_disable_surveys":false},"location":[1935,1934],"product_brand":[21],"product_cat":[5219,2530,2706],"product_tag":[],"class_list":{"0":"post-173792","1":"product","2":"type-product","3":"status-publish","4":"has-post-thumbnail","6":"location-supplier_stock_location","7":"location-local_stock_location","8":"product_brand-vevor","9":"product_cat-fitting-room","10":"product_cat-furniture-2","11":"product_cat-living-room-furniture-furniture-2","13":"first","14":"outofstock","15":"taxable","16":"shipping-taxable","17":"purchasable","18":"product-type-simple"},"aioseo_notices":[],"jetpack_sharing_enabled":true,"locations":[{"id":1935,"name":"Pieg\u0101d\u0101t\u0101ja noliktav\u0101 (5-7d.d.)","slug":"supplier_stock_location","quantity":"0"},{"id":1934,"name":"R\u012bgas veikal\u0101 (0-2d.d.)","slug":"local_stock_location","quantity":"0"}],"_links":{"self":[{"href":"https:\/\/vevorshop.lv\/lt\/wp-json\/wp\/v2\/product\/173792","targetHints":{"allow":["GET"]}}],"collection":[{"href":"https:\/\/vevorshop.lv\/lt\/wp-json\/wp\/v2\/product"}],"about":[{"href":"https:\/\/vevorshop.lv\/lt\/wp-json\/wp\/v2\/types\/product"}],"replies":[{"embeddable":true,"href":"https:\/\/vevorshop.lv\/lt\/wp-json\/wp\/v2\/comments?post=173792"}],"wp:featuredmedia":[{"embeddable":true,"href":"https:\/\/vevorshop.lv\/lt\/wp-json\/wp\/v2\/media\/395528"}],"wp:attachment":[{"href":"https:\/\/vevorshop.lv\/lt\/wp-json\/wp\/v2\/media?parent=173792"}],"wp:term":[{"taxonomy":"location","embeddable":true,"href":"https:\/\/vevorshop.lv\/lt\/wp-json\/wp\/v2\/location?post=173792"},{"taxonomy":"product_brand","embeddable":true,"href":"https:\/\/vevorshop.lv\/lt\/wp-json\/wp\/v2\/product_brand?post=173792"},{"taxonomy":"product_cat","embeddable":true,"href":"https:\/\/vevorshop.lv\/lt\/wp-json\/wp\/v2\/product_cat?post=173792"},{"taxonomy":"product_tag","embeddable":true,"href":"https:\/\/vevorshop.lv\/lt\/wp-json\/wp\/v2\/product_tag?post=173792"}],"curies":[{"name":"wp","href":"https:\/\/api.w.org\/{rel}","templated":true}]}}