{"id":175699,"date":"2025-06-27T04:07:23","date_gmt":"2025-06-27T04:07:23","guid":{"rendered":"https:\/\/vevorshop.lv\/en_us\/Prece\/vevor-ergonomic-cooling-gel-memory-foam-seat-cushion-for-pressure-relief-office-car-wheelchair-use-45x35-cm\/"},"modified":"2026-04-05T15:20:43","modified_gmt":"2026-04-05T12:20:43","slug":"vevor-ergonomic-cooling-gel-memory-foam-seat-cushion-for-pressure-relief-office-car-wheelchair-use-45x35-cm","status":"publish","type":"product","link":"https:\/\/vevorshop.lv\/lt\/Prece\/vevor-ergonomic-cooling-gel-memory-foam-seat-cushion-for-pressure-relief-office-car-wheelchair-use-45x35-cm\/","title":{"rendered":"VEVOR au\u0161inantis gelio ir atminties put\u0173 s\u0117dyn\u0117s pagalv\u0117l\u0117 su U formos i\u0161pjova, ne\u0161iojama pagalv\u0117l\u0117 spaudimo ma\u017einimui biurui, automobiliui, kelion\u0117ms, ne\u012fgaliojo ve\u017eim\u0117liui"},"content":{"rendered":"<div style=\"color: #fff!important; font-size: 16px; height: 24px; line-height: 24px; margin-top: -24px; \" class=\"product_original_name\">VEVOR Seat\u00a0Cushion, Cooling Gel + Memory Foam Seat Cushion, Pressure-Relief Wheelchair Seat Pad with U-Shaped Cutout & Removable Cover, Lightweight and Portable for Travel, Car, Office, Airplane<\/div>\n<div style=\"color: #fff!important; font-size: 16px; height: 24px; line-height: 24px; margin-top: -24px; \" class=\"product_sku\">MCEAI4FC<\/div>\n<div style=\"color: #fff!important; font-size: 16px; height: 24px; line-height: 24px; margin-top: -24px; \" class=\"product_mpn\">LYDCGZDHMNJ0V30SJ001V0<\/div><div id=\"js-DM_at-goodDescRich\"><html><head><style>  body {    font-family: Arial;    line-height: 1.5;    color: #1c1c1c;    overflow-x: hidden;    margin: 0;    padding: 0;  }  .MsoNormal b {    font-weight: bolder;  }<\/style><style>  .container.small {    width: 970px;    margin: 0 auto;  }  .logo {    margin: 0 auto 0;  }  .logo img {    display: block;    margin: 0 auto;    max-width: 100%;  }  .logo .pc-banner {    display: block;    width: 1200px;    height: 247.4px;    margin: 0 auto;  }  .logo .pc-banner.small {    width: 970px;  }  .logo .pc-banner.small img {    height: auto!important;  }  .logo .m-banner {    display: none;  }  .ytvideo {    position: relative;    height: 546px;    width: 100%;    margin: 0 auto;  }  .ytvideo img {    width: 100%;    margin: 0 auto;  }  .ytvideo .play-btn {    width: 60px;    height: 42px;    position: absolute;    top: 50%;    left: 50%;    transform: translate(-50%, -50%);    background: url(\"data:image\/png;base64,iVBORw0KGgoAAAANSUhEUgAAAGQAAABGCAMAAAANWMFbAAAC+lBMVEUAAADBGB3kLCfBGB3kLCfcJC7BFx3KKSbiKybkLCbWJCPSIiLSIiLPICHAFx3kLCfgKSXNHiDZJiTIGx\/p4eHcjo7LHSDbJyTkLCbjKyfOHyHPIiL28fHJHB\/GGh7EGR7eKCXDGB3RISHlLSbBGB3AFxzGHB7DGB7BGB3hKybkKybAFx3lLCfAFxzDGR3hKibDGB7cJyTmz8\/elJTlwcHjurrUIyLlLSflLSfAFx3DGR7lLSfCFx3hKibhKibhKybjKybkLCblLSfbJSX49vbx7e3NNzjNMTLMJyjVIyLZf3\/ZQ0LaeHjx0tLgoqLkLCfCGB3HGx\/BGB3BFx3PICHCGB7WJCLOHyC\/Fxy\/Fx3lLCfQISHkLSe\/FxzbJiTBFx3FGx\/AGB7BFx3EGR7AGB3HHSDfKiXAFh3TISHYNzbhKibbJyTTIiL57e325+f039\/v2NjUV1fOHiHiqanfmprch4feKSXVIyPOICHmLibFGh\/mLSe\/Fx7XJCPeKSXXJSPNHyHaJyTGGh7lLCbmLCflLSjSIiLkLCbdKSXLHiC\/GB3KHh++Fh3lKyfoLiXcKCPkx8fYb2\/XaGfVXl3aU1LLHiDksbHgKibPICHbJyTfKSXbJyTCGB3KHSDiKybFGh7TIiL\/\/\/\/VIyPRISHIHB\/GGx\/HHB\/DGR7gKibdKCXLHiDZJiTMHiDNHyHYJSTOICHPICHWJCPcKCXXJSPjLCblLCf+\/f3NGR\/uLijzLynPGR\/IGB7WISHaIyLLGh7UAADxLynNAADRLzDbICLQAADIAAD3MCrUHSHXMTDpKSbLAADp5OTij4\/ejo\/VLy\/1LyngJSTcJCPQHx\/OHB7+\/PzaMS\/OLS\/vLijrLSjSAADaNTPwLyjkKSbNJCbYISHPHB\/KGB7WAAD7+vrn3d3aKynTKCjoLCfsKifRGh\/YAADq5+fhjo7QNDXXKCfmJyXt5+fTLzDLLi\/QKivYHRvMGBrQJCXLISPMExXLDxLaEAvkkI\/bOTfaFQ\/SCgpvLcnHAAAAmnRSTlMA+vv7+gT9Bvf9+8z8\/NSv\/Pr5+P7++vnQIBMP\/v38\/Pn348XDiCYf9OjbzcqxXVcx\/fz8+\/rj1r2poo1+fXFqX0orGP7+\/v7+\/fz8+\/r68uzn4trIxsG\/vri3p6GcmZSNbWVYUUZEPQv+\/f39+\/v7+\/v7+vr64tvV1NTTz87FtbSurqeblJKFg4B3bUY+NjL7+\/v7+\/v67t1cDo8JLQAABkRJREFUWMO0kz9rwkAYh0OIeJkum6YugUAhISCdKoj\/P4C7SMdS+gEKIhSKil10LSg4mzXkILdlEpxCpwTiWOLX6BujvQaEQuGeHLnL+\/64J+SIcKGYTYWnntpdLjrVdqvZmNdn0+EE40GtpuuWVS6Xx6N7YDSGpWXpeq02wHgynM7q80az1a52HpddtVcpsi1zFARBrdaxbhp9iUReTGmwA4KAAr7vx3EYejnCMI6hQYEgy0LQi4jUN0wL19vqFcUC9\/1dAKmEEFkWRYkh5oBejnxQJiSJPJ\/uKBp0Thszx9Mw8hMRIQjKsptCfuES9zr5WJY6vSFCIvE9fCMUmEM1A1kSXcYGxgVYsvI1IPKTZciSTI0us\/SMGG04gDzELDoFBwdcFJrF88dqgYMTiL6DILWYyfOWE8\/kIz38olCNlC03FK95+imxp6y4oUSvAnBjHHhKNtotSDqJzVFiK8c2SBqhZtsrTtgrLXwAyduxZHNE26eHUt5rtuM4WSmds3G+sUdWYo1L+XyxButoh5eKUHk5lByO3G1LqqCWVnfrv\/lyPtf\/4ps1cndNGIri8J1TJ0lx6dR\/oPjq1nbRwdp2dCk4CtIOLW3pVKRL6WZfS5vF2KkIQhpwSsjiYIgNCs1gEMGqiIq24NQX9NwoXFy8Ufrl3twTcg4fv8T9\/JBEySduj6Mjm4bMzYV7EEOxKjjoNDud7yY3Dy71Hq2oLmqfbNR723edH9PgMrNL2utoQ3VmaIDkiw\/4w51P06hlZsTZvkRrbVuSIs\/zwSOsycgzStQouoAkWQqioRT5XI7n2Z1wfVhoZmcAJLsoqjqpjbWCgpOAJXBwHK8PzWbNvoUZJND5wCnSkLAkZ1legx6vqQzjoiTahKlGUGLAiIIoABOHaNVw4sexZBym6\/HWlH5h3IC7yRbxtipcWxdTOkORKiNQAEkFf66x5S2oeRbroOlLgg0sSYkR0hRGEqJZ0jTPiQKatESdBckpWigxaapEH0lImHdWu9pUFF2XqMNM2Z4kped7IwEJw2qabwtrQqnpw6HyKkgcadKWsmpywwesDyIhYRpdzXddqegtGIJlXbAIUMOLkGxJUjRIkokwjUaX9d\/kK62ps\/tYUqZLIMkLTyBhsMZ3C5Z\/kDxOSCb\/DOs\/\/J0qcWSX\/2ipe56EgTCA4\/cB7NAYOsni4mZM1MUPAISoEwkDi4lhVBQ1cWQyIcwalw4EpqZN68JUSK7XC0kTlkLYii5uXSC8jT5ncCAS7mjCv0uHp\/3lueHEEAeQ\/\/VgmdN71\/2uCSA1Xr6DO6uI6sW56zqT2tp2PhgiRUAajV8CY2fkcz6WGNKMgLAt7tJAhD4YHMTeRxlALE6+43WqjSWi8ITxyJl8WrwWSNESQZZOqhDDntO3hJLsd5RtSpbJqdv3YrDJH3F7jL1R2O2aQkn2MyCyKYz0GPGIvSAMgBCrCEiJyKbBaYGwLW4uPRr0A0M4Ux5kUI7IBh+hMdiCEWNqhMZGyYMsOgNE58UQuEQeUnSWCMYwL54hkxK6IoqucQZbQ3pc3XtL0lky1dL0zZJJDpWJovFqpWj6JEHnyam2eQp5QRVAVHjWparTOaVwUOx99YS2MvgxIGV0bb+qIg2HX2qkFFJB+XZcbLiuRkuxD9GRroKyveLxdh4d7Orx+hb7qc3uVRuEogCOnyIxm4ubUoPgF4jianDrC+SDQDKEfJb0GUKmjCGPYHGJvVC6X4hw1\/sAfQAdfYyephIaspXe36RwOP+Ljvfx9B6B3i+Nk0DGq+oCbLn6JpBa9nWAveAIHwFAwtVcIJXPMPL8kRu5OAYPMaL1WScTxjiZDqB9LTJSWphow\/pTYKRTLjCBhvi9iBidvKcDasGSm0QQkycYuLBqj6QCELPctqChDWpTRMWkngNNpQ1Pfp1KkiT\/Y0DGffXAweUNfLAfaJFKDwhb6I+bkYRbkERoEeu3Fyjg2opMz2daZCS9jt6Q7txNfB+OZEVF6Zl5web2xunnLQrtrjXseXKaFYziYINeMFZVxS9VxRhOoesYwxPKXm+gWLG9cuFeq93UNNeJNsf1KlwuDok9n02n3TgIJpOxNfL9naIoQwXtfH9kjceTIIi709ncTg6LZbg+biLH1V6u\/7rxBem06VXKn9raAAAAAElFTkSuQmCC\")      no-repeat center center \/ contain;  }  @media screen and (max-width: 960px) and (orientation: portrait) {    .logo {      width: 100%;    }    .logo .pc-banner {      display: none;    }    .logo .m-banner {      display: block;      width: 100%;    }    .logo .m-banner img {      height: auto!important;    }    .ytvideo {      height: 200px;      width: 100%;    }  }<\/style><style>  .video-section {    width: 100%;    margin: 0 auto;  }  .video-section > img {    width: 100%;  }  .video-section iframe,  .video-section video {    width: 100%;    height: 100%;      }  .video-section-img-m,  .video-section-img-pc > img {    width: 100%;    height: auto;  }  .video-section-img-pc.small > img {    width: 970px;  }  .video-desc {    line-height: 1.5;    font-size: 20px;    font-weight: 400;    margin: 20px 0;    text-align: center;    color: #0f1111;    word-break: break-word;  }  @media screen and (max-width: 960px) and (orientation: portrait) {    .video-section {      width: 100%;    }    .video-section-pc,    .video-section-img-pc {      display: none;    }    .video-section-m,    .video-section-img-m {      display: block;    }    .video-desc {      font-size: 15px;    }  }  @media screen and (min-width: 960px) {    .video-section {      width: 100%;      margin: 0 auto;    }    .video-section-pc,    .video-section-img-pc {      display: block;    }    .video-section-m,    .video-section-img-m {      display: none;    }    .video-desc {      font-size: 20px;    }  }<\/style><style>  .section + .section {    margin-top: 35px;  }  .section-title {    text-align: center;    font-weight: bold;    color: #0d1111;    font-family: \"Arial\";    font-size: 32px;    margin: 15px 0;  }  .section-title:empty {    display: none;  }  .section-desc {    text-align: center;    font-weight: normal;    color: #0d1111;    margin-top: 20px;  }  .section-desc:empty {    display: none;  }  .section-img {    width: 1200px;    height: 492px;    margin: 0 auto;    display: block;  }  .section-img.small {    width: 970px;    height: auto;  }  .section-img.small > img {    height: auto;  }  .section-img > img {    width: 100%;    height: 100%;  }  .section-mobile-img {    display: none;    max-width: 100vw;    max-height: 75vw;    height: 450px;    margin: 0 auto;  }  .section-mobile-img > img {    width: 100%;    height: 100%;  }  @media screen and (max-width: 960px) and (orientation: portrait) {    .container {      width: 100%;    }    .container.small {      width: 100%;    }    .section-mobile-img {      display: block;    }    .section-img {      display: none;    }    .section-title {      font-size: 22px;      margin: 10px 0;    }    .section-desc {      margin-top: 10px;    }    .section + .section {      margin-top: 20px;    }  }<\/style><\/head><body><div class=\"container\"><div class=\"logo\"><div class=\"pc-banner\"><div><img decoding=\"async\" src=\"\/vevor\/vevor\/boutique-banner\/pc\/en-pc@1x.jpg\" style=\"width: 100%;\" \/><\/div><\/div><div class=\"m-banner\"><div><img decoding=\"async\" src=\"\/vevor\/vevor\/boutique-banner\/mobile\/en-m@1x.jpg\" style=\"width: 100%;\" \/><\/div><\/div><\/div><div class=\"section-title\">Ergonomi\u0161kas Param\u0105 Visos Dienos Komfortas<\/div><div class=\"video-section\"><div class=\"video-section-img-pc\"><img decoding=\"async\" src=\"\/vevor\/product\/LYDCGZDHMNJ0V30SJ001\/seat-cushion-a100-1.4.jpg\" \/><\/div><div class=\"video-section-img-m\"><img decoding=\"async\" src=\"\/vevor\/product\/LYDCGZDHMNJ0V30SJ001\/seat-cushion-a100-1.4-m.jpg\" \/><\/div><div class=\"section-desc\">\u0160ios s\u0117dyn\u0117s pagalv\u0117l\u0117s sujungia du premium med\u017eiagos suteikti ypatingos paramos, sl\u0117gio, ir didesnis komfortas. \u0160aldymo gelis saugo jus atv\u0117sti ir kv\u0117puojantis, o atminties riko\u0161etas put\u0173 si\u016blo puik\u0173 mink\u0161tum\u0105 ir komfort\u0105, puikiai tinka naudoti biure, automobil\u012f, ar ve\u017eim\u0117lio.<\/div><\/div><div class=\"section\"><div class=\"section-title\"><\/div><div class=\"section-img\"><img decoding=\"async\" src=\"\/vevor\/product\/LYDCGZDHMNJ0V30SJ001\/seat-cushion-a100-2.2.jpg\" \/><\/div><div class=\"section-mobile-img\"><img decoding=\"async\" src=\"\/vevor\/product\/LYDCGZDHMNJ0V30SJ001\/seat-cushion-a100-2.2-m.jpg\" \/><\/div><div class=\"section-desc\">3 dideli\u0173 ergonomi\u0161kas dizainas patobulintas patogumas - U-formos ang\u0105, suma\u017eina tailbone spaudim\u0105 ir saugo j\u016bs\u0173 stuburo, atminties putos ir au\u0161inimo gelio med\u017eiagos v\u0117sinimo ir palanki\u0105 komfort\u0105, ir \u22651.74 lbs u\u017epild\u0173 si\u016blo storesnis, daugiau patogi\u0105 s\u0117d\u0117jimo.<\/div><\/div><div class=\"section\"><div class=\"section-title\"><\/div><div class=\"section-img\"><img decoding=\"async\" src=\"\/vevor\/product\/LYDCGZDHMNJ0V30SJ001\/seat-cushion-a100-2.3.jpg\" \/><\/div><div class=\"section-mobile-img\"><img decoding=\"async\" src=\"\/vevor\/product\/LYDCGZDHMNJ0V30SJ001\/seat-cushion-a100-2.3-m.jpg\" \/><\/div><div class=\"section-desc\">\u0160is ne\u0161iojamas s\u0117dyn\u0117s pagalv\u0117l\u0117s si\u016blo ergonomi\u0161kas pagalbos klub\u0173, juosmens, nugaros skausmas, skatina sveik\u0105 s\u0117d\u0117jimo poza, ir suteikia patogi\u0105 s\u0117d\u0117jimo ilgesn\u012f naudojimo. S\u0117di ilgiau su ma\u017eiau diskomforto ir nuovargio.<\/div><\/div><div class=\"section\"><div class=\"section-title\"><\/div><div class=\"section-img\"><img decoding=\"async\" src=\"\/vevor\/product\/LYDCGZDHMNJ0V30SJ001\/seat-cushion-a100-2.4.jpg\" \/><\/div><div class=\"section-mobile-img\"><img decoding=\"async\" src=\"\/vevor\/product\/LYDCGZDHMNJ0V30SJ001\/seat-cushion-a100-2.4-m.jpg\" \/><\/div><div class=\"section-desc\">Ar tu dirbi ilgai, vairuotojo, ar n\u0117\u0161tumo metu, m\u016bs\u0173 s\u0117dyn\u0117s pagalv\u0117l\u0117s suteikia ergonomi\u0161k\u0105 paramos, ma\u017eina spaudim\u0105 klub\u0173, skatina kraujotak\u0105 ir veiksmingai ma\u017eina diskomfort\u0105, kur\u012f sukelia ilgai s\u0117di.<\/div><\/div><div class=\"section\"><div class=\"section-title\"><\/div><div class=\"section-img\"><img decoding=\"async\" src=\"\/vevor\/product\/LYDCGZDHMNJ0V30SJ001\/seat-cushion-a100-2.5.jpg\" \/><\/div><div class=\"section-mobile-img\"><img decoding=\"async\" src=\"\/vevor\/product\/LYDCGZDHMNJ0V30SJ001\/seat-cushion-a100-2.5-m.jpg\" \/><\/div><div class=\"section-desc\">S\u0117dyn\u0117s dangtelis yra nuimamas ir ma\u0161ina skalbti su patogiu u\u017etrauktuk\u0105. Tiesiog i\u0161pakuokite, pa\u0161alinti, ir i\u0161mesti j\u012f \u012f skalbimo ma\u0161in\u0105 lengvas valymas ir prie\u017ei\u016bra.<\/div><\/div><div class=\"section\"><div class=\"section-img\"><img decoding=\"async\" src=\"\/vevor\/product\/LYDCGZDHMNJ0V30SJ001\/seat-cushion-a100-1.11.jpg\" \/><\/div><div class=\"section-mobile-img\"><img decoding=\"async\" src=\"\/vevor\/product\/LYDCGZDHMNJ0V30SJ001\/seat-cushion-a100-1.11-m.jpg\" \/><\/div><\/div><\/div><\/body><\/html><\/div>\n<div class=\"DM_at-title\" id=\"js-DM_at-title\"> <div>Produkto specifikacija<\/div> <i class=\"icon-arrowup_line\"><\/i> <\/div><div class=\"DM_at-goodsDescAttr\" id=\"js-DM_at-goodsDescAttr\"> <div class=\"DM_at-goodsDescAttrInner\"> <dl class=\"goodsDesc_item goodsDesc_item_even\"> <dt>Prek\u0117s Modelio Numeris<\/dt> <dd> SS-2<\/dd> <\/dl> <dl class=\"goodsDesc_item\"> <dt>Dangos Med\u017eiaga<\/dt> <dd> Poliesteris<\/dd> <\/dl> <dl class=\"goodsDesc_item goodsDesc_item_even\"> <dt>Skai\u010dius Dangtis<\/dt> <dd> 1 VNT (Juodas)<\/dd> <\/dl> <dl class=\"goodsDesc_item\"> <dt>U\u017epildymo Med\u017eiaga<\/dt> <dd> Atminties Put\u0173 + \u0160aldymo Gelis <\/dd> <\/dl> <dl class=\"goodsDesc_item goodsDesc_item_even\"> <dt>Pripildymo Svoris<\/dt> <dd> \u2265 1.74 svar\u0173 \/ 0.79 kg<\/dd> <\/dl> <dl class=\"goodsDesc_item\"> <dt>Produkto Svoris<\/dt> <dd> Skirti 1,96 svar\u0173 \/ 0.89 kg<\/dd> <\/dl> <dl class=\"goodsDesc_item goodsDesc_item_even\"> <dt>Gaminio Matmenys<\/dt> <dd> 17.1 x 13 x 3.27 \u012f \/ 435 x 330 x 83 mm<\/dd> <\/dl> <\/div> <\/div>","protected":false},"excerpt":{"rendered":"<ul>\n<li> Dvigubas Med\u017eiagos, Dvigubas Komfortas: skirta tiems, kurie siek tiek komforto ir v\u0117sa, kad VEVOR s\u0117dyn\u0117s pagalv\u0117l\u0117 apima au\u0161inimo gelio core u\u017e geresn\u012f v\u0117dinim\u0105, i\u0161laikant jums v\u0117sioje ir gaivus, ir &#034;premium&#034; atminties putos suteikia mink\u0161tas, odos draugi\u0161kas remti, skatinti auk\u0161\u010diausios sl\u0117gio ribojimo ir komfort\u0105 <\/li>\n<li> Ergonomi\u0161kas U-Formos Dizainas: U-formos i\u0161pjov\u0105 dizainas padeda suma\u017einti stuburo smegen\u0173 suspaudimas sukelia sunkum\u0105, leid\u017eiantis j\u016bs\u0173 tailbone pl\u016bduriuoti vir\u0161 kiet\u0173 pavir\u0161i\u0173 \u2013 suma\u017einti s\u0117di sl\u0117gis, atleisti klub\u0173, juosmens ir nugaros skausmas, ir skatinti sveikesn\u012f s\u0117d\u0117jimo poza <\/li>\n<li> Anti-slip Dugno: Suprojektuoti su neslid\u017eia apa\u010dia, tai ve\u017eim\u0117lio s\u0117dyn\u0117s pagalv\u0117l\u0117s patikimai \u012ftvirtintas, suma\u017einti vargo da\u017eni keitimai. Ji teikia tvirt\u0105 param\u0105 be kinta, leid\u017eia jums likti sutelktas ir patogus, ar tu dirbi, ar mokosi, ar vairuotojo <\/li>\n<li> Versatile Applications: Whether you are sitting in a wheelchair, at the office, in the car, or on the airplane, this cooling gel &#038; memory foam seat cushion is the perfect choice for sedentary individuals, providing ergonomic support, pressure relief, and superior comfort needed for long hours of sitting <\/li>\n<li> Lengvai valomas: nuimamas dangtelis u\u017etikrina lengvas valymas \u2013 tiesiog i\u0161pakuokite, pa\u0161alinti, ir i\u0161mesti j\u012f \u012f skalbimo ma\u0161in\u0105, si\u016blanti ilgalaik\u012f komfort\u0105 net ir po daugelio plovim\u0173. (Naudojimo Patarimas: rekomenduojama palikti pagalv\u0117l\u0117 24 valandas po gavimo, norint pasiekti optimali\u0105 s\u0117d\u0117jimo patirties) <\/li>\n<\/ul>","protected":false},"featured_media":397244,"comment_status":"open","ping_status":"open","template":"","meta":{"om_disable_all_campaigns":false,"_monsterinsights_skip_tracking":false,"_monsterinsights_sitenote_active":false,"_monsterinsights_sitenote_note":"","_monsterinsights_sitenote_category":0,"_uf_show_specific_survey":0,"_uf_disable_surveys":false},"location":[1935,1934],"product_brand":[21],"product_cat":[2393,2394,4337,5178],"product_tag":[],"class_list":{"0":"post-175699","1":"product","2":"type-product","3":"status-publish","4":"has-post-thumbnail","6":"location-supplier_stock_location","7":"location-local_stock_location","8":"product_brand-vevor","9":"product_cat-health-and-wellness","10":"product_cat-mobility-aids","11":"product_cat-mobility-equipment-accessories","12":"product_cat-wheelchair-seat-cushion","14":"first","15":"instock","16":"taxable","17":"shipping-taxable","18":"purchasable","19":"product-type-simple"},"aioseo_notices":[],"jetpack_sharing_enabled":true,"locations":[{"id":1935,"name":"Pieg\u0101d\u0101t\u0101ja noliktav\u0101 (5-7d.d.)","slug":"supplier_stock_location","quantity":"27"},{"id":1934,"name":"R\u012bgas veikal\u0101 (0-2d.d.)","slug":"local_stock_location","quantity":"0"}],"_links":{"self":[{"href":"https:\/\/vevorshop.lv\/lt\/wp-json\/wp\/v2\/product\/175699","targetHints":{"allow":["GET"]}}],"collection":[{"href":"https:\/\/vevorshop.lv\/lt\/wp-json\/wp\/v2\/product"}],"about":[{"href":"https:\/\/vevorshop.lv\/lt\/wp-json\/wp\/v2\/types\/product"}],"replies":[{"embeddable":true,"href":"https:\/\/vevorshop.lv\/lt\/wp-json\/wp\/v2\/comments?post=175699"}],"wp:featuredmedia":[{"embeddable":true,"href":"https:\/\/vevorshop.lv\/lt\/wp-json\/wp\/v2\/media\/397244"}],"wp:attachment":[{"href":"https:\/\/vevorshop.lv\/lt\/wp-json\/wp\/v2\/media?parent=175699"}],"wp:term":[{"taxonomy":"location","embeddable":true,"href":"https:\/\/vevorshop.lv\/lt\/wp-json\/wp\/v2\/location?post=175699"},{"taxonomy":"product_brand","embeddable":true,"href":"https:\/\/vevorshop.lv\/lt\/wp-json\/wp\/v2\/product_brand?post=175699"},{"taxonomy":"product_cat","embeddable":true,"href":"https:\/\/vevorshop.lv\/lt\/wp-json\/wp\/v2\/product_cat?post=175699"},{"taxonomy":"product_tag","embeddable":true,"href":"https:\/\/vevorshop.lv\/lt\/wp-json\/wp\/v2\/product_tag?post=175699"}],"curies":[{"name":"wp","href":"https:\/\/api.w.org\/{rel}","templated":true}]}}