{"id":17655,"date":"2025-01-27T06:45:00","date_gmt":"2025-01-27T06:45:00","guid":{"rendered":"http:\/\/vevorshop.edigo.lv\/Prece\/vevor-airbrush-spray-booth-portable-hobby-airbrush-paint-spray-booth-dual-fans\/"},"modified":"2026-04-19T20:21:55","modified_gmt":"2026-04-19T17:21:55","slug":"vevor-airbrush-spray-booth-portable-hobby-airbrush-paint-spray-booth-dual-fans","status":"publish","type":"product","link":"https:\/\/vevorshop.lv\/lt\/Prece\/vevor-airbrush-spray-booth-portable-hobby-airbrush-paint-spray-booth-dual-fans\/","title":{"rendered":"VEVOR Ne\u0161iojama aerografinio da\u017eymo kabina su LED, dviem ventiliatoriais, sukamais stalas ir 1,8 m \u017earna modeliams, rankdarbiams ir tortams"},"content":{"rendered":"<div style=\"color: #fff!important; font-size: 16px; height: 24px; line-height: 24px; margin-top: -24px; \" class=\"product_original_name\">VEVOR Airbrush Spray Booth, Portable Hobby Airbrush Paint Spray Booth Kit with 4 LED Light, Powerful Dual Exhaust Fans, Turntable and 6 ft Extension Hose, for Painting Models, Arts, Crafts, Cakes<\/div>\n<div style=\"color: #fff!important; font-size: 16px; height: 24px; line-height: 24px; margin-top: -24px; \" class=\"product_sku\">M4I4KJJA<\/div>\n<div style=\"color: #fff!important; font-size: 16px; height: 24px; line-height: 24px; margin-top: -24px; \" class=\"product_mpn\">PBSPQF404633C9KMSV2<\/div><div id=\"js-DM_at-goodDescRich\"><html><head><style>  body {    font-family: Arial;    line-height: 1.5;    color: #1c1c1c;    overflow-x: hidden;    margin: 0;    padding: 0;  }  .MsoNormal b {    font-weight: bolder;  }<\/style><style>  .container.small {    width: 970px;    margin: 0 auto;  }  .logo {    margin: 0 auto 0;  }  .logo img {    display: block;    margin: 0 auto;    max-width: 100%;  }  .logo .pc-banner {    display: block;    width: 1200px;    height: 247.4px;    margin: 0 auto;  }  .logo .pc-banner.small {    width: 970px;  }  .logo .pc-banner.small img {    height: auto!important;  }  .logo .m-banner {    display: none;  }  .ytvideo {    position: relative;    height: 546px;    width: 100%;    margin: 0 auto;  }  .ytvideo img {    width: 100%;    margin: 0 auto;  }  .ytvideo .play-btn {    width: 60px;    height: 42px;    position: absolute;    top: 50%;    left: 50%;    transform: translate(-50%, -50%);    background: url(\"data:image\/png;base64,iVBORw0KGgoAAAANSUhEUgAAAGQAAABGCAMAAAANWMFbAAAC+lBMVEUAAADBGB3kLCfBGB3kLCfcJC7BFx3KKSbiKybkLCbWJCPSIiLSIiLPICHAFx3kLCfgKSXNHiDZJiTIGx\/p4eHcjo7LHSDbJyTkLCbjKyfOHyHPIiL28fHJHB\/GGh7EGR7eKCXDGB3RISHlLSbBGB3AFxzGHB7DGB7BGB3hKybkKybAFx3lLCfAFxzDGR3hKibDGB7cJyTmz8\/elJTlwcHjurrUIyLlLSflLSfAFx3DGR7lLSfCFx3hKibhKibhKybjKybkLCblLSfbJSX49vbx7e3NNzjNMTLMJyjVIyLZf3\/ZQ0LaeHjx0tLgoqLkLCfCGB3HGx\/BGB3BFx3PICHCGB7WJCLOHyC\/Fxy\/Fx3lLCfQISHkLSe\/FxzbJiTBFx3FGx\/AGB7BFx3EGR7AGB3HHSDfKiXAFh3TISHYNzbhKibbJyTTIiL57e325+f039\/v2NjUV1fOHiHiqanfmprch4feKSXVIyPOICHmLibFGh\/mLSe\/Fx7XJCPeKSXXJSPNHyHaJyTGGh7lLCbmLCflLSjSIiLkLCbdKSXLHiC\/GB3KHh++Fh3lKyfoLiXcKCPkx8fYb2\/XaGfVXl3aU1LLHiDksbHgKibPICHbJyTfKSXbJyTCGB3KHSDiKybFGh7TIiL\/\/\/\/VIyPRISHIHB\/GGx\/HHB\/DGR7gKibdKCXLHiDZJiTMHiDNHyHYJSTOICHPICHWJCPcKCXXJSPjLCblLCf+\/f3NGR\/uLijzLynPGR\/IGB7WISHaIyLLGh7UAADxLynNAADRLzDbICLQAADIAAD3MCrUHSHXMTDpKSbLAADp5OTij4\/ejo\/VLy\/1LyngJSTcJCPQHx\/OHB7+\/PzaMS\/OLS\/vLijrLSjSAADaNTPwLyjkKSbNJCbYISHPHB\/KGB7WAAD7+vrn3d3aKynTKCjoLCfsKifRGh\/YAADq5+fhjo7QNDXXKCfmJyXt5+fTLzDLLi\/QKivYHRvMGBrQJCXLISPMExXLDxLaEAvkkI\/bOTfaFQ\/SCgpvLcnHAAAAmnRSTlMA+vv7+gT9Bvf9+8z8\/NSv\/Pr5+P7++vnQIBMP\/v38\/Pn348XDiCYf9OjbzcqxXVcx\/fz8+\/rj1r2poo1+fXFqX0orGP7+\/v7+\/fz8+\/r68uzn4trIxsG\/vri3p6GcmZSNbWVYUUZEPQv+\/f39+\/v7+\/v7+vr64tvV1NTTz87FtbSurqeblJKFg4B3bUY+NjL7+\/v7+\/v67t1cDo8JLQAABkRJREFUWMO0kz9rwkAYh0OIeJkum6YugUAhISCdKoj\/P4C7SMdS+gEKIhSKil10LSg4mzXkILdlEpxCpwTiWOLX6BujvQaEQuGeHLnL+\/64J+SIcKGYTYWnntpdLjrVdqvZmNdn0+EE40GtpuuWVS6Xx6N7YDSGpWXpeq02wHgynM7q80az1a52HpddtVcpsi1zFARBrdaxbhp9iUReTGmwA4KAAr7vx3EYejnCMI6hQYEgy0LQi4jUN0wL19vqFcUC9\/1dAKmEEFkWRYkh5oBejnxQJiSJPJ\/uKBp0Thszx9Mw8hMRIQjKsptCfuES9zr5WJY6vSFCIvE9fCMUmEM1A1kSXcYGxgVYsvI1IPKTZciSTI0us\/SMGG04gDzELDoFBwdcFJrF88dqgYMTiL6DILWYyfOWE8\/kIz38olCNlC03FK95+imxp6y4oUSvAnBjHHhKNtotSDqJzVFiK8c2SBqhZtsrTtgrLXwAyduxZHNE26eHUt5rtuM4WSmds3G+sUdWYo1L+XyxButoh5eKUHk5lByO3G1LqqCWVnfrv\/lyPtf\/4ps1cndNGIri8J1TJ0lx6dR\/oPjq1nbRwdp2dCk4CtIOLW3pVKRL6WZfS5vF2KkIQhpwSsjiYIgNCs1gEMGqiIq24NQX9NwoXFy8Ufrl3twTcg4fv8T9\/JBEySduj6Mjm4bMzYV7EEOxKjjoNDud7yY3Dy71Hq2oLmqfbNR723edH9PgMrNL2utoQ3VmaIDkiw\/4w51P06hlZsTZvkRrbVuSIs\/zwSOsycgzStQouoAkWQqioRT5XI7n2Z1wfVhoZmcAJLsoqjqpjbWCgpOAJXBwHK8PzWbNvoUZJND5wCnSkLAkZ1legx6vqQzjoiTahKlGUGLAiIIoABOHaNVw4sexZBym6\/HWlH5h3IC7yRbxtipcWxdTOkORKiNQAEkFf66x5S2oeRbroOlLgg0sSYkR0hRGEqJZ0jTPiQKatESdBckpWigxaapEH0lImHdWu9pUFF2XqMNM2Z4kped7IwEJw2qabwtrQqnpw6HyKkgcadKWsmpywwesDyIhYRpdzXddqegtGIJlXbAIUMOLkGxJUjRIkokwjUaX9d\/kK62ps\/tYUqZLIMkLTyBhsMZ3C5Z\/kDxOSCb\/DOs\/\/J0qcWSX\/2ipe56EgTCA4\/cB7NAYOsni4mZM1MUPAISoEwkDi4lhVBQ1cWQyIcwalw4EpqZN68JUSK7XC0kTlkLYii5uXSC8jT5ncCAS7mjCv0uHp\/3lueHEEAeQ\/\/VgmdN71\/2uCSA1Xr6DO6uI6sW56zqT2tp2PhgiRUAajV8CY2fkcz6WGNKMgLAt7tJAhD4YHMTeRxlALE6+43WqjSWi8ITxyJl8WrwWSNESQZZOqhDDntO3hJLsd5RtSpbJqdv3YrDJH3F7jL1R2O2aQkn2MyCyKYz0GPGIvSAMgBCrCEiJyKbBaYGwLW4uPRr0A0M4Ux5kUI7IBh+hMdiCEWNqhMZGyYMsOgNE58UQuEQeUnSWCMYwL54hkxK6IoqucQZbQ3pc3XtL0lky1dL0zZJJDpWJovFqpWj6JEHnyam2eQp5QRVAVHjWparTOaVwUOx99YS2MvgxIGV0bb+qIg2HX2qkFFJB+XZcbLiuRkuxD9GRroKyveLxdh4d7Orx+hb7qc3uVRuEogCOnyIxm4ubUoPgF4jianDrC+SDQDKEfJb0GUKmjCGPYHGJvVC6X4hw1\/sAfQAdfYyephIaspXe36RwOP+Ljvfx9B6B3i+Nk0DGq+oCbLn6JpBa9nWAveAIHwFAwtVcIJXPMPL8kRu5OAYPMaL1WScTxjiZDqB9LTJSWphow\/pTYKRTLjCBhvi9iBidvKcDasGSm0QQkycYuLBqj6QCELPctqChDWpTRMWkngNNpQ1Pfp1KkiT\/Y0DGffXAweUNfLAfaJFKDwhb6I+bkYRbkERoEeu3Fyjg2opMz2daZCS9jt6Q7txNfB+OZEVF6Zl5web2xunnLQrtrjXseXKaFYziYINeMFZVxS9VxRhOoesYwxPKXm+gWLG9cuFeq93UNNeJNsf1KlwuDok9n02n3TgIJpOxNfL9naIoQwXtfH9kjceTIIi709ncTg6LZbg+biLH1V6u\/7rxBem06VXKn9raAAAAAElFTkSuQmCC\")      no-repeat center center \/ contain;  }  @media screen and (max-width: 960px) and (orientation: portrait) {    .logo {      width: 100%;    }    .logo .pc-banner {      display: none;    }    .logo .m-banner {      display: block;      width: 100%;    }    .logo .m-banner img {      height: auto!important;    }    .ytvideo {      height: 200px;      width: 100%;    }  }<\/style><style>  .video-section {    width: 100%;    margin: 0 auto;  }  .video-section > img {    width: 100%;  }  .video-section iframe,  .video-section video {    width: 100%;    height: 100%;      }  .video-section-img-m,  .video-section-img-pc > img {    width: 100%;    height: auto;  }  .video-section-img-pc.small > img {    width: 970px;  }  .video-desc {    line-height: 1.5;    font-size: 20px;    font-weight: 400;    margin: 20px 0;    text-align: center;    color: #0f1111;    word-break: break-word;  }  @media screen and (max-width: 960px) and (orientation: portrait) {    .video-section {      width: 100%;    }    .video-section-pc,    .video-section-img-pc {      display: none;    }    .video-section-m,    .video-section-img-m {      display: block;    }    .video-desc {      font-size: 15px;    }  }  @media screen and (min-width: 960px) {    .video-section {      width: 100%;      margin: 0 auto;    }    .video-section-pc,    .video-section-img-pc {      display: block;    }    .video-section-m,    .video-section-img-m {      display: none;    }    .video-desc {      font-size: 20px;    }  }<\/style><style>  .section + .section {    margin-top: 35px;  }  .section-title {    text-align: center;    font-weight: bold;    color: #0d1111;    font-family: \"Arial\";    font-size: 32px;    margin: 15px 0;  }  .section-title:empty {    display: none;  }  .section-desc {    text-align: center;    font-weight: normal;    color: #0d1111;    margin-top: 20px;  }  .section-desc:empty {    display: none;  }  .section-img {    width: 1200px;    height: 492px;    margin: 0 auto;    display: block;  }  .section-img.small {    width: 970px;    height: auto;  }  .section-img.small > img {    height: auto;  }  .section-img > img {    width: 100%;    height: 100%;  }  .section-mobile-img {    display: none;    max-width: 100vw;    max-height: 75vw;    height: 450px;    margin: 0 auto;  }  .section-mobile-img > img {    width: 100%;    height: 100%;  }  @media screen and (max-width: 960px) and (orientation: portrait) {    .container {      width: 100%;    }    .container.small {      width: 100%;    }    .section-mobile-img {      display: block;    }    .section-img {      display: none;    }    .section-title {      font-size: 22px;      margin: 10px 0;    }    .section-desc {      margin-top: 10px;    }    .section + .section {      margin-top: 20px;    }  }<\/style><\/head><body><div class=\"container\"><div class=\"logo\"><div class=\"pc-banner\"><div><img decoding=\"async\" src=\"\/vevor\/vevor\/boutique-banner\/pc\/en-pc@1x.jpg\" style=\"width: 100%;\" \/><\/div><\/div><div class=\"m-banner\"><div><img decoding=\"async\" src=\"\/vevor\/vevor\/boutique-banner\/mobile\/en-m@1x.jpg\" style=\"width: 100%;\" \/><\/div><\/div><\/div><div class=\"section-title\">Atskleisti Savo K\u016brybi\u0161kum\u0105 su VEVOR Purk\u0161tuvas Pur\u0161kimo Kabina<\/div><div class=\"video-section\"><div class=\"video-section-img-pc\"><img decoding=\"async\" src=\"\/vevor\/product\/PBSPQF404633C9KMS\/airbrush-booth-a100-1.4.jpg\" alt=\"VEVOR dual fans airbrush paint spray booth with clean, healthy, and odorless operation.\" \/><\/div><div class=\"video-section-img-m\"><img decoding=\"async\" src=\"https:\/\/vevor-goods.vevor.net\/product\/PBSPQF404633C9KMS\/airbrush-booth+-a100-1.4-m.jpg?x-oss-process=image\/format,webp\" \/><\/div><div class=\"section-desc\">M\u016bs\u0173 purk\u0161tuvas pur\u0161kimo kabina funkcij\u0173 dual gerb\u0117jai su didelio oro srauto, 5.2m3\/min, veiksmingai pa\u0161alinti daleles, d\u016bm\u0173 ir i\u0161laikyti darbo aplinka, \u0161vari ir kvapas-nemokamai undistracted k\u016brybi\u0161kum\u0105.<\/div><\/div><div class=\"section\"><div class=\"section-title\"><\/div><div class=\"section-img\"><img decoding=\"async\" src=\"\/vevor\/product\/PBSPQF404633C9KMS\/airbrush-booth-a100-2.2.jpg\" alt=\"lanksti i\u0161metimo \u017earna VEVOR purk\u0161tuvas pur\u0161kimo kabina, i\u0161traukiamas, siekiant 6ft su attachable i\u0161metimo angos.\" \/><\/div><div class=\"section-mobile-img\"><img decoding=\"async\" src=\"\/vevor\/product\/PBSPQF404633C9KMS\/airbrush-booth-a100-2.2-m.jpg\" alt=\"lanksti i\u0161metimo \u017earna VEVOR purk\u0161tuvas pur\u0161kimo kabina, i\u0161traukiamas, siekiant 6ft su attachable i\u0161metimo angos.\" \/><\/div><div class=\"section-desc\">I\u0161metimo \u017earna t\u0119siasi iki 6ft, efektyviai banishing daleli\u0173 ir gar\u0173. Galite sulenkti, pasukti, ir ruo\u017eas \u017earna su lanks\u010diu dizainu. Tai da\u017e\u0173 pur\u0161kimo kabina idealiai tinka siauros darbo srityse.<\/div><\/div><div class=\"section\"><div class=\"section-title\"><\/div><div class=\"section-img\"><img decoding=\"async\" src=\"\/vevor\/product\/PBSPQF404633C9KMS\/airbrush-booth-a100-2.3.jpg\" alt=\"naudojant VEVOR purk\u0161tuvas pur\u0161kimo kabina, da\u017eymas modelis gerai ap\u0161viestoje kabina su \u012fvairi\u0173 fig\u016br\u0117l\u0117s netoliese.\" \/><\/div><div class=\"section-mobile-img\"><img decoding=\"async\" src=\"\/vevor\/product\/PBSPQF404633C9KMS\/airbrush-booth-a100-2.3-m.jpg\" alt=\"naudojant VEVOR purk\u0161tuvas pur\u0161kimo kabina, da\u017eymas modelis gerai ap\u0161viestoje kabina su \u012fvairi\u0173 fig\u016br\u0117l\u0117s netoliese.\" \/><\/div><div class=\"section-desc\">Four LED lights provide ample illumination, ensuring precise strokes and accurate detailing. Whether you're a doodler or a professional artist, our hobby spray booth enhances your model painting accuracy.<\/div><\/div><div class=\"section\"><div class=\"section-title\"><\/div><div class=\"section-img\"><img decoding=\"async\" src=\"\/vevor\/product\/PBSPQF404633C9KMS\/airbrush-booth-a100-2.4.jpg\" alt=\"VEVOR purk\u0161tuvas pur\u0161kimo kabina su sulankstomas dizainas lengva laikyti, parodyta \u0161varus, netvark\u0105-laisvos darbo vietos.\" \/><\/div><div class=\"section-mobile-img\"><img decoding=\"async\" src=\"\/vevor\/product\/PBSPQF404633C9KMS\/airbrush-booth-a100-2.4-m.jpg\" alt=\"VEVOR purk\u0161tuvas pur\u0161kimo kabina su sulankstomas dizainas lengva laikyti, parodyta \u0161varus, netvark\u0105-laisvos darbo vietos.\" \/><\/div><div class=\"section-desc\">Unikalus sulankstomas dizainas paver\u010dia airbrush da\u017e\u0173 \u012fkelti \u012f ne\u0161iojamas atveju, leid\u017eianti jums dirbti bet kur, be joki\u0173 pastang\u0173. Sulankstyti matmenys: 15.94 x 8.66 x 10.63 cm \/ 405 x 220 x 270 mm, tod\u0117l laikymo lengva ir dulki\u0173.<\/div><\/div><div class=\"section\"><div class=\"section-title\"><\/div><div class=\"section-img\"><img decoding=\"async\" src=\"\/vevor\/product\/PBSPQF404633C9KMS\/airbrush-booth-a100-2.5.jpg\" alt=\"VEVOR purk\u0161tuvas pur\u0161kimo kabina su dideliais ratas ir kei\u010diam\u0173 filtr\u0173 medviln\u0117s lengva valyti.\" \/><\/div><div class=\"section-mobile-img\"><img decoding=\"async\" src=\"\/vevor\/product\/PBSPQF404633C9KMS\/airbrush-booth-a100-2.5-m.jpg\" alt=\"VEVOR purk\u0161tuvas pur\u0161kimo kabina su dideliais ratas ir kei\u010diam\u0173 filtr\u0173 medviln\u0117s lengva valyti.\" \/><\/div><div class=\"section-desc\">Didelis ratas telpa elementus lengva rotacija ir \u017ei\u016br\u0117jimo ir yra nuimamas valymui. Kei\u010diamos filtras u\u017etikrina \u0161var\u0173 tapybos aplinka.<\/div><\/div><div class=\"section\"><div class=\"section-img\"><img decoding=\"async\" src=\"\/vevor\/product\/PBSPQF404633C9KMS\/airbrush-booth-a100-1.11.jpg\" alt=\"VEVOR purk\u0161tuvas pur\u0161kimo kabina funkcij\u0173, i\u0161metimo \u017earna, led juostos, filtras medviln\u0117s, ir plok\u0161\u010dias antgalis i\u0161metimo angos.\" \/><\/div><div class=\"section-mobile-img\"><img decoding=\"async\" src=\"\/vevor\/product\/PBSPQF404633C9KMS\/airbrush-booth-a100-1.11-m.jpg\" alt=\"VEVOR purk\u0161tuvas pur\u0161kimo kabina funkcij\u0173, i\u0161metimo \u017earna, led juostos, filtras medviln\u0117s, ir plok\u0161\u010dias antgalis i\u0161metimo angos.\" \/><\/div><\/div><\/div><\/body><\/html><\/div>\n<div class=\"DM_at-title\" id=\"js-DM_at-title\"> <div>Produkto specifikacija<\/div> <i class=\"icon-arrowup_line\"><\/i> <\/div><div class=\"DM_at-goodsDescAttr\" id=\"js-DM_at-goodsDescAttr\"> <div class=\"DM_at-goodsDescAttrInner\"> <dl class=\"goodsDesc_item goodsDesc_item_even\"> <dt>Prek\u0117s Modelio Numeris<\/dt> <dd> AH310<\/dd> <\/dl> <dl class=\"goodsDesc_item\"> <dt>Produkto Prasid\u0117jusios Dydis(Ilgis X Plotis X Auk\u0161tis)<\/dt> <dd> 15.94 x 17.05 x 12.99 \u012f \/ 405 x 433 x 330 mm<\/dd> <\/dl> <dl class=\"goodsDesc_item goodsDesc_item_even\"> <dt>Produkto Sulankstyti Matmenys(Ilgis X Plotis X Auk\u0161tis)<\/dt> <dd> 15.94 x 8.66 x 10.63 \u012f \/ 405 x 220 x 270 mm<\/dd> <\/dl> <dl class=\"goodsDesc_item\"> <dt>Pur\u0161kimo Kabina Dydis(Pxhxd)<\/dt> <dd> 15.94 x 12.99 x 13.98 \u012f \/ 405 x 330 x 355 mm<\/dd> <\/dl> <dl class=\"goodsDesc_item goodsDesc_item_even\"> <dt>I\u0161metimo \u017darna, Dydis(I\u0161orinis Dia. x Prat\u0119stas Ilgis)<\/dt> <dd> \u0424 4.33 x 70.87 \u012f \/ \u0424 11 x 180 cm<\/dd> <\/dl> <dl class=\"goodsDesc_item\"> <dt>Adapteris Maitinimo \u012etampa\/Da\u017enis<\/dt> <dd> AC100-240V 50\/60Hz<\/dd> <\/dl> <dl class=\"goodsDesc_item goodsDesc_item_even\"> <dt>Adapterio I\u0161\u0117jimo \u012etampa<\/dt> <dd> 12VDC 2.0 A<\/dd> <\/dl> <dl class=\"goodsDesc_item\"> <dt>Adapterio Kabelio Ilgis<\/dt> <dd> 43.31 \u012f \/ 110 cm<\/dd> <\/dl> <dl class=\"goodsDesc_item goodsDesc_item_even\"> <dt>Maksimalus Oro Srautas<\/dt> <dd> 5.2 m3\/min<\/dd> <\/dl> <dl class=\"goodsDesc_item\"> <dt>Ap\u0161vietimas<\/dt> <dd> 4 LED Juostos<\/dd> <\/dl> <dl class=\"goodsDesc_item goodsDesc_item_even\"> <dt>Neto Svoris (Nurodyti Priedai)<\/dt> <dd>10.91 svar\u0173 \/ 4.95 kg<\/dd> <\/dl> <\/div> <\/div>","protected":false},"excerpt":{"rendered":"<ul>\n<li> Stiprus V\u0117dinimas: Efektyvus dvigubo i\u0161metam\u0173j\u0173 duj\u0173 ventiliatoriai su 6ft prat\u0119stas lanks\u010dia i\u0161metimo \u017earna auk\u0161to oro srautas i\u0161 5.2m3\/min. Tod\u0117l i\u0161lieka \u0161vari erdv\u0117, laisva nuo kvapus, efektyviai pa\u0161alinti da\u017e\u0173 garai, dulk\u0117s, garai, ir ore esan\u010dias daleles. M\u016bs\u0173 purk\u0161tuvas pur\u0161kimo kabina funkcij\u0173, gerai veikianti ventiliacijos sistema, kuri u\u017etikrina \u0161vie\u017eio lauko oro, aplinkos sveikesn\u0117 darbo aplinka. <\/li>\n<li> Effective Filter &#038; Detachable Turntable: The 0.79&#8243;\/20mm thick filter absorbs particles and odors efficiently. We provide a replaceable filter for easy cleaning to maintain a clean paint spray booth. The large turntable allows easy, even coating from all angles without moving objects, ensuring uniform results. It&#8217;s detachable for convenient cleaning. <\/li>\n<li> Idealus Pur\u0161kimo Priemon\u0117: M\u016bs\u0173 hobis pur\u0161kimo kabina suteikia tikslumu, kiekvien\u0105 pot\u0117p\u012f, leid\u017eia savo k\u016brybi\u0161kum\u0105 blizges\u012f. Nesvarbu, ar esate crafting modelio automobilius, pyragai, smulki\u0173 detali\u0173, \u017eaisl\u0173, keramikos, T-mar\u0161kin\u0117liai, vykdo &#034;PASIDARYK pats&#034; projektai, radijo kontroliuojamas modeliai, arba \u012fvairi\u0173 amat\u0173, ji atitinka visus j\u016bs\u0173 poreikius. <\/li>\n<li> Ai\u0161ku Ap\u0161vietimas: 4 LED \u017eibintai suteikia \u0161velnaus, \u0161ilto, ir net ap\u0161vietimas pabr\u0117\u017eia, kad kiekviena detal\u0117, u\u017etikrinti tiksli\u0105 meno k\u016brinius. Ar tai v\u0117lai nakt\u012f doodling arba orientuota meni\u0161kumas, m\u016bs\u0173 airbrush da\u017e\u0173 kabinoje numatyta, puik\u016bs k\u016brybin\u0119 patirt\u012f. <\/li>\n<li> Ne\u0161iojam\u0173 Dizainas: Lengvai sulankstomas \u012f kompakti\u0161k\u0105 atveju, on-the-go naudoti. Nesulankstytame workspace matmenys 15.94 x 12.99 x 13.98 cm \/ 405 x 330 x 355 mm, u\u017etikrina lankstum\u0105 ir savo k\u016brybos proces\u0105. <\/li>\n<\/ul>","protected":false},"featured_media":270076,"comment_status":"closed","ping_status":"open","template":"","meta":{"om_disable_all_campaigns":false,"_monsterinsights_skip_tracking":false,"_monsterinsights_sitenote_active":false,"_monsterinsights_sitenote_note":"","_monsterinsights_sitenote_category":0,"_uf_show_specific_survey":0,"_uf_disable_surveys":false},"location":[1935,1934],"product_brand":[21],"product_cat":[3414,2683,2684],"product_tag":[],"class_list":{"0":"post-17655","1":"product","2":"type-product","3":"status-publish","4":"has-post-thumbnail","6":"location-supplier_stock_location","7":"location-local_stock_location","8":"product_brand-vevor","9":"product_cat-airbrush-spray-booth-paint-supplies","10":"product_cat-paint","11":"product_cat-paint-supplies","13":"first","14":"instock","15":"taxable","16":"shipping-taxable","17":"purchasable","18":"product-type-simple"},"aioseo_notices":[],"jetpack_sharing_enabled":true,"locations":[{"id":1935,"name":"Pieg\u0101d\u0101t\u0101ja noliktav\u0101 (5-7d.d.)","slug":"supplier_stock_location","quantity":"55"},{"id":1934,"name":"R\u012bgas veikal\u0101 (0-2d.d.)","slug":"local_stock_location","quantity":"0"}],"_links":{"self":[{"href":"https:\/\/vevorshop.lv\/lt\/wp-json\/wp\/v2\/product\/17655","targetHints":{"allow":["GET"]}}],"collection":[{"href":"https:\/\/vevorshop.lv\/lt\/wp-json\/wp\/v2\/product"}],"about":[{"href":"https:\/\/vevorshop.lv\/lt\/wp-json\/wp\/v2\/types\/product"}],"replies":[{"embeddable":true,"href":"https:\/\/vevorshop.lv\/lt\/wp-json\/wp\/v2\/comments?post=17655"}],"wp:featuredmedia":[{"embeddable":true,"href":"https:\/\/vevorshop.lv\/lt\/wp-json\/wp\/v2\/media\/270076"}],"wp:attachment":[{"href":"https:\/\/vevorshop.lv\/lt\/wp-json\/wp\/v2\/media?parent=17655"}],"wp:term":[{"taxonomy":"location","embeddable":true,"href":"https:\/\/vevorshop.lv\/lt\/wp-json\/wp\/v2\/location?post=17655"},{"taxonomy":"product_brand","embeddable":true,"href":"https:\/\/vevorshop.lv\/lt\/wp-json\/wp\/v2\/product_brand?post=17655"},{"taxonomy":"product_cat","embeddable":true,"href":"https:\/\/vevorshop.lv\/lt\/wp-json\/wp\/v2\/product_cat?post=17655"},{"taxonomy":"product_tag","embeddable":true,"href":"https:\/\/vevorshop.lv\/lt\/wp-json\/wp\/v2\/product_tag?post=17655"}],"curies":[{"name":"wp","href":"https:\/\/api.w.org\/{rel}","templated":true}]}}