{"id":179213,"date":"2025-07-08T16:38:22","date_gmt":"2025-07-08T16:38:22","guid":{"rendered":"https:\/\/vevorshop.lv\/en_us\/Prece\/vevor-1800w-commercial-mini-dutch-pancake-maker-50-poffertjes-o43mm-non-stick-dual-temp-control-stainless-steel\/"},"modified":"2026-04-19T15:29:38","modified_gmt":"2026-04-19T12:29:38","slug":"vevor-1800w-commercial-mini-dutch-pancake-maker-50-poffertjes-o43mm-non-stick-dual-temp-control-stainless-steel","status":"publish","type":"product","link":"https:\/\/vevorshop.lv\/lt\/Prece\/vevor-1800w-komercinis-mini-olandu-blynu-gamintojas-50-poffertjes-o43mm-non-stick-dvigubas-temp-valdymas-nerudijancio-plieno\/","title":{"rendered":"VEVOR 1800W mini olandi\u0161k\u0173 blyneli\u0173 keptuv\u0117, 50 pofer\u010di\u0173 \u00d843mm, ner\u016bdijan\u010dio plieno vafli\u0173 grilis su dviguba temperat\u016bros kontrole"},"content":{"rendered":"<div style=\"color: #fff!important; font-size: 16px; height: 24px; line-height: 24px; margin-top: -24px; \" class=\"product_original_name\">VEVOR 50PCS Mini olandi\u0161kas blyn\u0173 gamintojas, nepridegantis ner\u016bdijan\u010dio plieno Dorayaki kep\u0117jas, 1800W komercinis elektrinis Poffertjes keptuv\u0117, dviguba temperat\u016bra ir laiko kontrol\u0117, virtuv\u0117s restorano pusry\u010di\u0173 desertui<\/div>\n<div style=\"color: #fff!important; font-size: 16px; height: 24px; line-height: 24px; margin-top: -24px; \" class=\"product_sku\">MCUR5QY4<\/div>\n<div style=\"color: #fff!important; font-size: 16px; height: 24px; line-height: 24px; margin-top: -24px; \" class=\"product_mpn\">SBJNP-543-50X0001002V2<\/div><div id=\"js-DM_at-goodDescRich\"><html><head><style>  body {    font-family: Arial;    line-height: 1.5;    color: #1c1c1c;    overflow-x: hidden;    margin: 0;    padding: 0;  }  .MsoNormal b {    font-weight: bolder;  }<\/style><style>  .container.small {    width: 970px;    margin: 0 auto;  }  .logo {    margin: 0 auto 0;  }  .logo img {    display: block;    margin: 0 auto;    max-width: 100%;  }  .logo .pc-banner {    display: block;    width: 1200px;    height: 247.4px;    margin: 0 auto;  }  .logo .pc-banner.small {    width: 970px;  }  .logo .pc-banner.small img {    height: auto!important;  }  .logo .m-banner {    display: none;  }  .ytvideo {    position: relative;    height: 546px;    width: 100%;    margin: 0 auto;  }  .ytvideo img {    width: 100%;    margin: 0 auto;  }  .ytvideo .play-btn {    width: 60px;    height: 42px;    position: absolute;    top: 50%;    left: 50%;    transform: translate(-50%, -50%);    background: url(\"data:image\/png;base64,iVBORw0KGgoAAAANSUhEUgAAAGQAAABGCAMAAAANWMFbAAAC+lBMVEUAAADBGB3kLCfBGB3kLCfcJC7BFx3KKSbiKybkLCbWJCPSIiLSIiLPICHAFx3kLCfgKSXNHiDZJiTIGx\/p4eHcjo7LHSDbJyTkLCbjKyfOHyHPIiL28fHJHB\/GGh7EGR7eKCXDGB3RISHlLSbBGB3AFxzGHB7DGB7BGB3hKybkKybAFx3lLCfAFxzDGR3hKibDGB7cJyTmz8\/elJTlwcHjurrUIyLlLSflLSfAFx3DGR7lLSfCFx3hKibhKibhKybjKybkLCblLSfbJSX49vbx7e3NNzjNMTLMJyjVIyLZf3\/ZQ0LaeHjx0tLgoqLkLCfCGB3HGx\/BGB3BFx3PICHCGB7WJCLOHyC\/Fxy\/Fx3lLCfQISHkLSe\/FxzbJiTBFx3FGx\/AGB7BFx3EGR7AGB3HHSDfKiXAFh3TISHYNzbhKibbJyTTIiL57e325+f039\/v2NjUV1fOHiHiqanfmprch4feKSXVIyPOICHmLibFGh\/mLSe\/Fx7XJCPeKSXXJSPNHyHaJyTGGh7lLCbmLCflLSjSIiLkLCbdKSXLHiC\/GB3KHh++Fh3lKyfoLiXcKCPkx8fYb2\/XaGfVXl3aU1LLHiDksbHgKibPICHbJyTfKSXbJyTCGB3KHSDiKybFGh7TIiL\/\/\/\/VIyPRISHIHB\/GGx\/HHB\/DGR7gKibdKCXLHiDZJiTMHiDNHyHYJSTOICHPICHWJCPcKCXXJSPjLCblLCf+\/f3NGR\/uLijzLynPGR\/IGB7WISHaIyLLGh7UAADxLynNAADRLzDbICLQAADIAAD3MCrUHSHXMTDpKSbLAADp5OTij4\/ejo\/VLy\/1LyngJSTcJCPQHx\/OHB7+\/PzaMS\/OLS\/vLijrLSjSAADaNTPwLyjkKSbNJCbYISHPHB\/KGB7WAAD7+vrn3d3aKynTKCjoLCfsKifRGh\/YAADq5+fhjo7QNDXXKCfmJyXt5+fTLzDLLi\/QKivYHRvMGBrQJCXLISPMExXLDxLaEAvkkI\/bOTfaFQ\/SCgpvLcnHAAAAmnRSTlMA+vv7+gT9Bvf9+8z8\/NSv\/Pr5+P7++vnQIBMP\/v38\/Pn348XDiCYf9OjbzcqxXVcx\/fz8+\/rj1r2poo1+fXFqX0orGP7+\/v7+\/fz8+\/r68uzn4trIxsG\/vri3p6GcmZSNbWVYUUZEPQv+\/f39+\/v7+\/v7+vr64tvV1NTTz87FtbSurqeblJKFg4B3bUY+NjL7+\/v7+\/v67t1cDo8JLQAABkRJREFUWMO0kz9rwkAYh0OIeJkum6YugUAhISCdKoj\/P4C7SMdS+gEKIhSKil10LSg4mzXkILdlEpxCpwTiWOLX6BujvQaEQuGeHLnL+\/64J+SIcKGYTYWnntpdLjrVdqvZmNdn0+EE40GtpuuWVS6Xx6N7YDSGpWXpeq02wHgynM7q80az1a52HpddtVcpsi1zFARBrdaxbhp9iUReTGmwA4KAAr7vx3EYejnCMI6hQYEgy0LQi4jUN0wL19vqFcUC9\/1dAKmEEFkWRYkh5oBejnxQJiSJPJ\/uKBp0Thszx9Mw8hMRIQjKsptCfuES9zr5WJY6vSFCIvE9fCMUmEM1A1kSXcYGxgVYsvI1IPKTZciSTI0us\/SMGG04gDzELDoFBwdcFJrF88dqgYMTiL6DILWYyfOWE8\/kIz38olCNlC03FK95+imxp6y4oUSvAnBjHHhKNtotSDqJzVFiK8c2SBqhZtsrTtgrLXwAyduxZHNE26eHUt5rtuM4WSmds3G+sUdWYo1L+XyxButoh5eKUHk5lByO3G1LqqCWVnfrv\/lyPtf\/4ps1cndNGIri8J1TJ0lx6dR\/oPjq1nbRwdp2dCk4CtIOLW3pVKRL6WZfS5vF2KkIQhpwSsjiYIgNCs1gEMGqiIq24NQX9NwoXFy8Ufrl3twTcg4fv8T9\/JBEySduj6Mjm4bMzYV7EEOxKjjoNDud7yY3Dy71Hq2oLmqfbNR723edH9PgMrNL2utoQ3VmaIDkiw\/4w51P06hlZsTZvkRrbVuSIs\/zwSOsycgzStQouoAkWQqioRT5XI7n2Z1wfVhoZmcAJLsoqjqpjbWCgpOAJXBwHK8PzWbNvoUZJND5wCnSkLAkZ1legx6vqQzjoiTahKlGUGLAiIIoABOHaNVw4sexZBym6\/HWlH5h3IC7yRbxtipcWxdTOkORKiNQAEkFf66x5S2oeRbroOlLgg0sSYkR0hRGEqJZ0jTPiQKatESdBckpWigxaapEH0lImHdWu9pUFF2XqMNM2Z4kped7IwEJw2qabwtrQqnpw6HyKkgcadKWsmpywwesDyIhYRpdzXddqegtGIJlXbAIUMOLkGxJUjRIkokwjUaX9d\/kK62ps\/tYUqZLIMkLTyBhsMZ3C5Z\/kDxOSCb\/DOs\/\/J0qcWSX\/2ipe56EgTCA4\/cB7NAYOsni4mZM1MUPAISoEwkDi4lhVBQ1cWQyIcwalw4EpqZN68JUSK7XC0kTlkLYii5uXSC8jT5ncCAS7mjCv0uHp\/3lueHEEAeQ\/\/VgmdN71\/2uCSA1Xr6DO6uI6sW56zqT2tp2PhgiRUAajV8CY2fkcz6WGNKMgLAt7tJAhD4YHMTeRxlALE6+43WqjSWi8ITxyJl8WrwWSNESQZZOqhDDntO3hJLsd5RtSpbJqdv3YrDJH3F7jL1R2O2aQkn2MyCyKYz0GPGIvSAMgBCrCEiJyKbBaYGwLW4uPRr0A0M4Ux5kUI7IBh+hMdiCEWNqhMZGyYMsOgNE58UQuEQeUnSWCMYwL54hkxK6IoqucQZbQ3pc3XtL0lky1dL0zZJJDpWJovFqpWj6JEHnyam2eQp5QRVAVHjWparTOaVwUOx99YS2MvgxIGV0bb+qIg2HX2qkFFJB+XZcbLiuRkuxD9GRroKyveLxdh4d7Orx+hb7qc3uVRuEogCOnyIxm4ubUoPgF4jianDrC+SDQDKEfJb0GUKmjCGPYHGJvVC6X4hw1\/sAfQAdfYyephIaspXe36RwOP+Ljvfx9B6B3i+Nk0DGq+oCbLn6JpBa9nWAveAIHwFAwtVcIJXPMPL8kRu5OAYPMaL1WScTxjiZDqB9LTJSWphow\/pTYKRTLjCBhvi9iBidvKcDasGSm0QQkycYuLBqj6QCELPctqChDWpTRMWkngNNpQ1Pfp1KkiT\/Y0DGffXAweUNfLAfaJFKDwhb6I+bkYRbkERoEeu3Fyjg2opMz2daZCS9jt6Q7txNfB+OZEVF6Zl5web2xunnLQrtrjXseXKaFYziYINeMFZVxS9VxRhOoesYwxPKXm+gWLG9cuFeq93UNNeJNsf1KlwuDok9n02n3TgIJpOxNfL9naIoQwXtfH9kjceTIIi709ncTg6LZbg+biLH1V6u\/7rxBem06VXKn9raAAAAAElFTkSuQmCC\")      no-repeat center center \/ contain;  }  @media screen and (max-width: 960px) and (orientation: portrait) {    .logo {      width: 100%;    }    .logo .pc-banner {      display: none;    }    .logo .m-banner {      display: block;      width: 100%;    }    .logo .m-banner img {      height: auto!important;    }    .ytvideo {      height: 200px;      width: 100%;    }  }<\/style><style>  .video-section {    width: 100%;    margin: 0 auto;  }  .video-section > img {    width: 100%;  }  .video-section iframe,  .video-section video {    width: 100%;    height: 100%;      }  .video-section-img-m,  .video-section-img-pc > img {    width: 100%;    height: auto;  }  .video-section-img-pc.small > img {    width: 970px;  }  .video-desc {    line-height: 1.5;    font-size: 20px;    font-weight: 400;    margin: 20px 0;    text-align: center;    color: #0f1111;    word-break: break-word;  }  @media screen and (max-width: 960px) and (orientation: portrait) {    .video-section {      width: 100%;    }    .video-section-pc,    .video-section-img-pc {      display: none;    }    .video-section-m,    .video-section-img-m {      display: block;    }    .video-desc {      font-size: 15px;    }  }  @media screen and (min-width: 960px) {    .video-section {      width: 100%;      margin: 0 auto;    }    .video-section-pc,    .video-section-img-pc {      display: block;    }    .video-section-m,    .video-section-img-m {      display: none;    }    .video-desc {      font-size: 20px;    }  }<\/style><style>  .section + .section {    margin-top: 35px;  }  .section-title {    text-align: center;    font-weight: bold;    color: #0d1111;    font-family: \"Arial\";    font-size: 32px;    margin: 15px 0;  }  .section-title:empty {    display: none;  }  .section-desc {    text-align: center;    font-weight: normal;    color: #0d1111;    margin-top: 20px;  }  .section-desc:empty {    display: none;  }  .section-img {    width: 1200px;    height: 492px;    margin: 0 auto;    display: block;  }  .section-img.small {    width: 970px;    height: auto;  }  .section-img.small > img {    height: auto;  }  .section-img > img {    width: 100%;    height: 100%;  }  .section-mobile-img {    display: none;    max-width: 100vw;    max-height: 75vw;    height: 450px;    margin: 0 auto;  }  .section-mobile-img > img {    width: 100%;    height: 100%;  }  @media screen and (max-width: 960px) and (orientation: portrait) {    .container {      width: 100%;    }    .container.small {      width: 100%;    }    .section-mobile-img {      display: block;    }    .section-img {      display: none;    }    .section-title {      font-size: 22px;      margin: 10px 0;    }    .section-desc {      margin-top: 10px;    }    .section + .section {      margin-top: 20px;    }  }<\/style><\/head><body><div class=\"container\"><div class=\"logo\"><div class=\"pc-banner\"><div><img decoding=\"async\" src=\"\/vevor\/vevor\/boutique-banner\/pc\/en-pc@1x.jpg\" style=\"width: 100%;\" \/><\/div><\/div><div class=\"m-banner\"><div><img decoding=\"async\" src=\"\/vevor\/vevor\/boutique-banner\/mobile\/en-m@1x.jpg\" style=\"width: 100%;\" \/><\/div><\/div><\/div><div class=\"section-title\">Dorayaki Baker Ma\u0161ina, profesionaliai ir Patikimai<\/div><div class=\"video-section\"><div class=\"video-section-img-pc\"><img decoding=\"async\" src=\"\/vevor\/product\/SBJNP-543-50X0001002\/commercial-waffle-maker-a100-1.4.jpg\" \/><\/div><div class=\"video-section-img-m\"><img decoding=\"async\" src=\"\/vevor\/product\/SBJNP-543-50X0001002\/commercial-waffle-maker-a100-1.4-m.jpg\" \/><\/div><div class=\"section-desc\">J\u016bs galite naudoti \u0161i\u0105 dorayaki baker ma\u0161in\u0105, kad skan\u016bs vafliniai desertai j\u016bs\u0173 desertas parduotuv\u0117, neatitinkan\u010di\u0173 visiems pusry\u010dius ar popiet\u0117s arbata. Su savo unikalaus skydelio dizainas, jis i\u0161siskiria, tod\u0117l geriausias pasirinkimas j\u016bs\u0173 u\u017ekand\u017ei\u0173 kiosko.<\/div><\/div><div class=\"section\"><div class=\"section-title\"><\/div><div class=\"section-img\"><img decoding=\"async\" src=\"\/vevor\/product\/SBJNP-543-50X0001002\/commercial-waffle-maker-a100-2.2.jpg\" \/><\/div><div class=\"section-mobile-img\"><img decoding=\"async\" src=\"\/vevor\/product\/SBJNP-543-50X0001002\/commercial-waffle-maker-a100-2.2-m.jpg\" \/><\/div><div class=\"section-desc\">\u012erengti tikslios laikmatis ir temperat\u016bros reguliavimo ranken\u0117l\u0119, ai\u0161kiai pa\u017eym\u0117tos. Kai pliurpalas yra pasirengusi, ji skleid\u017eia ai\u0161k\u0173 garso signal\u0105. \u012e dorayaki baker ma\u0161ina naudoja u\u017edaros \u0161ildymo technologija garantuoja, net \u0161ildymo, greitai liejimo, ir lengva gamybos skanus blynas.<\/div><\/div><div class=\"section\"><div class=\"section-title\"><\/div><div class=\"section-img\"><img decoding=\"async\" src=\"\/vevor\/product\/SBJNP-543-50X0001002\/commercial-waffle-maker-a100-2.3.jpg\" \/><\/div><div class=\"section-mobile-img\"><img decoding=\"async\" src=\"\/vevor\/product\/SBJNP-543-50X0001002\/commercial-waffle-maker-a100-2.3-m.jpg\" \/><\/div><div class=\"section-desc\">Ner\u016bdijan\u010dio plieno korpusas, lengva valyti, ilgesnis tarnavimo laikas. Tvirtas ir skland\u017eiai bendro tarp dviej\u0173 griddles suteikia ramyb\u0119 naudojimo metu. Priekyje paramos priima stabili trikampio strukt\u016bros. Keturi\u0173 p\u0117d\u0173 pagalv\u0117l\u0117s laikyti ma\u0161ina stabili.<\/div><\/div><div class=\"section\"><div class=\"section-title\"><\/div><div class=\"section-img\"><img decoding=\"async\" src=\"\/vevor\/product\/SBJNP-543-50X0001002\/commercial-waffle-maker-a100-2.4.jpg\" \/><\/div><div class=\"section-mobile-img\"><img decoding=\"async\" src=\"\/vevor\/product\/SBJNP-543-50X0001002\/commercial-waffle-maker-a100-2.4-m.jpg\" \/><\/div><div class=\"section-desc\">Tai u\u017etruks tik kelet\u0105 minu\u010di\u0173, masin\u0117s produkcijos. Paruo\u0161kite te\u0161l\u0105 pagal recept\u0105, supilkite j\u012f \u012f \u012fkaitint\u0105 kepimo skardos, palaukite momento, ir m\u0117gautis skan\u016bs vafliai, kai pasigirsta pyptel\u0117jimas. Ji yra paj\u0117gi kepimo puikus karto, tod\u0117l j\u016bs\u0173 ryte daug ir atsipalaidav\u0119s.<\/div><\/div><div class=\"section\"><div class=\"section-title\"><\/div><div class=\"section-img\"><img decoding=\"async\" src=\"\/vevor\/product\/SBJNP-543-50X0001002\/commercial-waffle-maker-a100-2.5.jpg\" \/><\/div><div class=\"section-mobile-img\"><img decoding=\"async\" src=\"\/vevor\/product\/SBJNP-543-50X0001002\/commercial-waffle-maker-a100-2.5-m.jpg\" \/><\/div><div class=\"section-desc\">Nam\u0173 ar komercini\u0173 dorayaki baker, stakl\u0117s gali b\u016bti naudojamos namuose, virtuv\u0117je, vakar\u0117lius, restoranus, desertas, parduotuv\u0117s, ar maisto prekystali\u0173, kad \u012fvairi\u0173 vafliai. Jis taip pat yra geriausias pasirinkimas j\u016bs\u0173 verslui.<\/div><\/div><div class=\"section\"><div class=\"section-img\"><img decoding=\"async\" src=\"\/vevor\/product\/SBJNP-543-50X0001002\/commercial-waffle-maker-a100-1.11.jpg\" \/><\/div><div class=\"section-mobile-img\"><img decoding=\"async\" src=\"\/vevor\/product\/SBJNP-543-50X0001002\/commercial-waffle-maker-a100-1.11-m.jpg\" \/><\/div><\/div><\/div><\/body><\/html><\/div>\n<div class=\"DM_at-title\" id=\"js-DM_at-title\"> <div>Produkto specifikacija<\/div> <i class=\"icon-arrowup_line\"><\/i> <\/div><div class=\"DM_at-goodsDescAttr\" id=\"js-DM_at-goodsDescAttr\"> <div class=\"DM_at-goodsDescAttrInner\"> <dl class=\"goodsDesc_item goodsDesc_item_even\"> <dt>Prek\u0117s Modelio Numeris<\/dt> <dd> AK-H50<\/dd> <\/dl> <dl class=\"goodsDesc_item\"> <dt>Tipas<\/dt> <dd> 50P<\/dd> <\/dl> <dl class=\"goodsDesc_item goodsDesc_item_even\"> <dt>Spalva<\/dt> <dd> Sidabrin\u0117<\/dd> <\/dl> <dl class=\"goodsDesc_item\"> <dt>Pagrindin\u0117 Med\u017eiaga<\/dt> <dd> Ner\u016bdijan\u010dio Plieno<\/dd> <\/dl> <dl class=\"goodsDesc_item goodsDesc_item_even\"> <dt>Gaminio Matmenys<\/dt> <dd> 580x350x175 mm \/ 23x14x7 coli\u0173<\/dd> <\/dl> <dl class=\"goodsDesc_item\"> <dt>Produkto Svoris<\/dt> <dd> 8.3 kg \/ 18 lbs<\/dd> <\/dl> <\/div> <\/div>","protected":false},"excerpt":{"rendered":"<ul>\n<li> Greitai Padaryti Skanus Blynai: M\u016bs\u0173 1800W didel\u0117s galios oland\u0173 blynas maker &#034; gali savaranki\u0161kai pagaminti 50 skanus mini vafliai (ma\u017edaug \u00d843mm) tuo metu, tra\u0161k\u016bs i\u0161or\u0117je ir purus viduje, taupant j\u016bs\u0173 laik\u0105 ir teikti lengvas pusry\u010diai. Tolygiai paskirstyti \u0161ildymo elementai u\u017etikrina j\u016bs\u0173 vafliai yra vienodai kept\u0173. Pasiruo\u0161kite m\u0117gautis skan\u016bs vafliai, u\u017epildyti savo m\u0117gstam\u0105 pavir\u0161iais <\/li>\n<li> Dvigubos Temperat\u016bros Kontrol\u0117s Dizainas: dual-tinklelis dorayaki baker ma\u0161ina nepriklausomos valdymo skydai i\u0161 abiej\u0173 pusi\u0173, leid\u017eia jums nustatyti kepimo tempas dviejose srityse laisvai. Su temperat\u016bros valdymo ranken\u0117l\u0117s (122-572\u00b0F \/ 50-300\u00b0C), pritaikyti j\u012f sukurti asmenin\u012f vafliai, ar norite juos tra\u0161kia ar purus. Pagal individualius paruo\u0161imo ir garso \u012fsp\u0117jimai, ji primena jums prid\u0117ti te\u0161l\u0105 ir parodo, kada pliurpalas yra virti, tod\u0117l j\u016bs neturite \u017ei\u016br\u0117ti, ji nuolat <\/li>\n<li> Lengva Valyti: kepimo plok\u0161t\u0117s yra padengtos non-stick danga, u\u017etikrinant lengvai paleisti vafliai. Valymas po to yra paprasta; tiesiog nuvalykite mink\u0161tu \u0161epet\u0117liu arba \u0161luoste. Be to, papildom\u0173 i\u0161siliejimas kanal\u0173 veiksmingai saugo j\u016bs\u0173 countertop \u0161varus nuo te\u0161l\u0105 perkrautas. Nedvejokite\u2014patirtis patogu ir \u0161vari\u0105 aplink\u0105 <\/li>\n<li> Kruop\u0161\u010diai Suprojektuoti Informacija: Pagaminta i\u0161 ner\u016bdijan\u010dio plieno, keturios gumin\u0117s kojel\u0117s pagrindo didinti stabilumo m\u016bs\u0173 prekybos elektros poffertjes grilis, laikant j\u012f stabilus eksploatavimo metu. Vyri\u0173, jungiantis du \u0161ildymo plok\u0161t\u0117s palaiko lanks\u010di\u0105 u\u017edarymo ir atidarymo. Be to, ji ateina su \u012fvairi\u0173 pried\u0173, pad\u0117ti \u012f kepimo <\/li>\n<li> Universalus Programas: \u0160is ner\u016bdijan\u010dio plieno pliurpalas maker yra puiki DIY virimo ir susitikim\u0173 su draugais. Galite laisvai prid\u0117ti papuo\u0161al\u0173, pavyzd\u017eiui, \u0161okolado, saldaini\u0173, siekiant pagerinti skon\u012f \u0161iltas vafliai. Tai taip pat pla\u010diai taikoma kavin\u0117se ir upscale restoranai. Puikiai virti vafliai, tra\u0161k\u016bs i\u0161or\u0117je ir purus viduje, laukia j\u016bs\u0173 <\/li>\n<\/ul>","protected":false},"featured_media":400402,"comment_status":"open","ping_status":"closed","template":"","meta":{"om_disable_all_campaigns":false,"_monsterinsights_skip_tracking":false,"_monsterinsights_sitenote_active":false,"_monsterinsights_sitenote_note":"","_monsterinsights_sitenote_category":0,"_uf_show_specific_survey":0,"_uf_disable_surveys":false},"location":[1935,1934],"product_brand":[21],"product_cat":[2445,2450,2449,2764,2763],"product_tag":[1948],"class_list":{"0":"post-179213","1":"product","2":"type-product","3":"status-publish","4":"has-post-thumbnail","6":"location-supplier_stock_location","7":"location-local_stock_location","8":"product_brand-vevor","9":"product_cat-appliances","10":"product_cat-electric-skillets-indoor-grills","11":"product_cat-small-kitchen-appliances","12":"product_cat-waffle-irons","13":"product_cat-waffle-makers","14":"product_tag-local-stock","16":"first","17":"instock","18":"featured","19":"taxable","20":"shipping-taxable","21":"purchasable","22":"product-type-simple"},"aioseo_notices":[],"jetpack_sharing_enabled":true,"locations":[{"id":1935,"name":"Pieg\u0101d\u0101t\u0101ja noliktav\u0101 (5-7d.d.)","slug":"supplier_stock_location","quantity":"190"},{"id":1934,"name":"R\u012bgas veikal\u0101 (0-2d.d.)","slug":"local_stock_location","quantity":"1"}],"_links":{"self":[{"href":"https:\/\/vevorshop.lv\/lt\/wp-json\/wp\/v2\/product\/179213","targetHints":{"allow":["GET"]}}],"collection":[{"href":"https:\/\/vevorshop.lv\/lt\/wp-json\/wp\/v2\/product"}],"about":[{"href":"https:\/\/vevorshop.lv\/lt\/wp-json\/wp\/v2\/types\/product"}],"replies":[{"embeddable":true,"href":"https:\/\/vevorshop.lv\/lt\/wp-json\/wp\/v2\/comments?post=179213"}],"wp:featuredmedia":[{"embeddable":true,"href":"https:\/\/vevorshop.lv\/lt\/wp-json\/wp\/v2\/media\/400402"}],"wp:attachment":[{"href":"https:\/\/vevorshop.lv\/lt\/wp-json\/wp\/v2\/media?parent=179213"}],"wp:term":[{"taxonomy":"location","embeddable":true,"href":"https:\/\/vevorshop.lv\/lt\/wp-json\/wp\/v2\/location?post=179213"},{"taxonomy":"product_brand","embeddable":true,"href":"https:\/\/vevorshop.lv\/lt\/wp-json\/wp\/v2\/product_brand?post=179213"},{"taxonomy":"product_cat","embeddable":true,"href":"https:\/\/vevorshop.lv\/lt\/wp-json\/wp\/v2\/product_cat?post=179213"},{"taxonomy":"product_tag","embeddable":true,"href":"https:\/\/vevorshop.lv\/lt\/wp-json\/wp\/v2\/product_tag?post=179213"}],"curies":[{"name":"wp","href":"https:\/\/api.w.org\/{rel}","templated":true}]}}