{"id":18523,"date":"2024-11-18T04:28:00","date_gmt":"2024-11-18T04:28:00","guid":{"rendered":"http:\/\/vevorshop.edigo.lv\/Prece\/vevor-10ft-sliding-barn-door-hardware-kit-330lbs-loading-heavy-duty-barn-door-track-kit-for-single-door-fit-4-6-5-2ft-wide-and-1-3-1-8-thick-door-panel-with-smooth-silent-pulley-i-shape\/"},"modified":"2026-04-22T13:44:35","modified_gmt":"2026-04-22T10:44:35","slug":"vevor-10ft-sliding-barn-door-hardware-kit-330lbs-loading-heavy-duty-barn-door-track-kit-for-single-door-fit-4-6-5-2ft-wide-and-1-3-1-8-thick-door-panel-with-smooth-silent-pulley-i-shape","status":"publish","type":"product","link":"https:\/\/vevorshop.lv\/lt\/Prece\/vevor-10ft-sliding-barn-door-hardware-kit-330lbs-loading-heavy-duty-barn-door-track-kit-for-single-door-fit-4-6-5-2ft-wide-and-1-3-1-8-thick-door-panel-with-smooth-silent-pulley-i-shape\/","title":{"rendered":"VEVOR 3,05m slankiojan\u010di\u0173 tvarto dur\u0173 furnit\u016bros rinkinys, 149,7kg apkrova, tinka 140,2\u2013158,5cm plo\u010dio ir 3,3\u20134,6cm storio durims"},"content":{"rendered":"<div style=\"color: #fff!important; font-size: 16px; height: 24px; line-height: 24px; margin-top: -24px; \" class=\"product_original_name\">VEVOR 304.8 Sliding Barn Door Hardware Kit, 149.7 kg Loading Heavy Duty Barn Door Track Kit for Single Door, Fit 140.2-158.5 cm Wide and 3.3-4.6 cm Thick Door Panel, with Smooth & Silent Pulley (I Shape)<\/div>\n<div style=\"color: #fff!important; font-size: 16px; height: 24px; line-height: 24px; margin-top: -24px; \" class=\"product_sku\">M4I4KKP0<\/div>\n<div style=\"color: #fff!important; font-size: 16px; height: 24px; line-height: 24px; margin-top: -24px; \" class=\"product_mpn\">GCYMWJTJHS10TVCHEV0<\/div><div id=\"js-DM_at-goodDescRich\"><html><head><style>  body {    font-family: Arial;    line-height: 1.5;    color: #1c1c1c;    overflow-x: hidden;    margin: 0;    padding: 0;  }  .MsoNormal b {    font-weight: bolder;  }<\/style><style>  .container.small {    width: 970px;    margin: 0 auto;  }  .logo {    margin: 0 auto 0;  }  .logo img {    display: block;    margin: 0 auto;    max-width: 100%;  }  .logo .pc-banner {    display: block;    width: 1200px;    height: 247.4px;    margin: 0 auto;  }  .logo .pc-banner.small {    width: 970px;  }  .logo .pc-banner.small img {    height: auto!important;  }  .logo .m-banner {    display: none;  }  .ytvideo {    position: relative;    height: 546px;    width: 100%;    margin: 0 auto;  }  .ytvideo img {    width: 100%;    margin: 0 auto;  }  .ytvideo .play-btn {    width: 60px;    height: 42px;    position: absolute;    top: 50%;    left: 50%;    transform: translate(-50%, -50%);    background: url(\"data:image\/png;base64,iVBORw0KGgoAAAANSUhEUgAAAGQAAABGCAMAAAANWMFbAAAC+lBMVEUAAADBGB3kLCfBGB3kLCfcJC7BFx3KKSbiKybkLCbWJCPSIiLSIiLPICHAFx3kLCfgKSXNHiDZJiTIGx\/p4eHcjo7LHSDbJyTkLCbjKyfOHyHPIiL28fHJHB\/GGh7EGR7eKCXDGB3RISHlLSbBGB3AFxzGHB7DGB7BGB3hKybkKybAFx3lLCfAFxzDGR3hKibDGB7cJyTmz8\/elJTlwcHjurrUIyLlLSflLSfAFx3DGR7lLSfCFx3hKibhKibhKybjKybkLCblLSfbJSX49vbx7e3NNzjNMTLMJyjVIyLZf3\/ZQ0LaeHjx0tLgoqLkLCfCGB3HGx\/BGB3BFx3PICHCGB7WJCLOHyC\/Fxy\/Fx3lLCfQISHkLSe\/FxzbJiTBFx3FGx\/AGB7BFx3EGR7AGB3HHSDfKiXAFh3TISHYNzbhKibbJyTTIiL57e325+f039\/v2NjUV1fOHiHiqanfmprch4feKSXVIyPOICHmLibFGh\/mLSe\/Fx7XJCPeKSXXJSPNHyHaJyTGGh7lLCbmLCflLSjSIiLkLCbdKSXLHiC\/GB3KHh++Fh3lKyfoLiXcKCPkx8fYb2\/XaGfVXl3aU1LLHiDksbHgKibPICHbJyTfKSXbJyTCGB3KHSDiKybFGh7TIiL\/\/\/\/VIyPRISHIHB\/GGx\/HHB\/DGR7gKibdKCXLHiDZJiTMHiDNHyHYJSTOICHPICHWJCPcKCXXJSPjLCblLCf+\/f3NGR\/uLijzLynPGR\/IGB7WISHaIyLLGh7UAADxLynNAADRLzDbICLQAADIAAD3MCrUHSHXMTDpKSbLAADp5OTij4\/ejo\/VLy\/1LyngJSTcJCPQHx\/OHB7+\/PzaMS\/OLS\/vLijrLSjSAADaNTPwLyjkKSbNJCbYISHPHB\/KGB7WAAD7+vrn3d3aKynTKCjoLCfsKifRGh\/YAADq5+fhjo7QNDXXKCfmJyXt5+fTLzDLLi\/QKivYHRvMGBrQJCXLISPMExXLDxLaEAvkkI\/bOTfaFQ\/SCgpvLcnHAAAAmnRSTlMA+vv7+gT9Bvf9+8z8\/NSv\/Pr5+P7++vnQIBMP\/v38\/Pn348XDiCYf9OjbzcqxXVcx\/fz8+\/rj1r2poo1+fXFqX0orGP7+\/v7+\/fz8+\/r68uzn4trIxsG\/vri3p6GcmZSNbWVYUUZEPQv+\/f39+\/v7+\/v7+vr64tvV1NTTz87FtbSurqeblJKFg4B3bUY+NjL7+\/v7+\/v67t1cDo8JLQAABkRJREFUWMO0kz9rwkAYh0OIeJkum6YugUAhISCdKoj\/P4C7SMdS+gEKIhSKil10LSg4mzXkILdlEpxCpwTiWOLX6BujvQaEQuGeHLnL+\/64J+SIcKGYTYWnntpdLjrVdqvZmNdn0+EE40GtpuuWVS6Xx6N7YDSGpWXpeq02wHgynM7q80az1a52HpddtVcpsi1zFARBrdaxbhp9iUReTGmwA4KAAr7vx3EYejnCMI6hQYEgy0LQi4jUN0wL19vqFcUC9\/1dAKmEEFkWRYkh5oBejnxQJiSJPJ\/uKBp0Thszx9Mw8hMRIQjKsptCfuES9zr5WJY6vSFCIvE9fCMUmEM1A1kSXcYGxgVYsvI1IPKTZciSTI0us\/SMGG04gDzELDoFBwdcFJrF88dqgYMTiL6DILWYyfOWE8\/kIz38olCNlC03FK95+imxp6y4oUSvAnBjHHhKNtotSDqJzVFiK8c2SBqhZtsrTtgrLXwAyduxZHNE26eHUt5rtuM4WSmds3G+sUdWYo1L+XyxButoh5eKUHk5lByO3G1LqqCWVnfrv\/lyPtf\/4ps1cndNGIri8J1TJ0lx6dR\/oPjq1nbRwdp2dCk4CtIOLW3pVKRL6WZfS5vF2KkIQhpwSsjiYIgNCs1gEMGqiIq24NQX9NwoXFy8Ufrl3twTcg4fv8T9\/JBEySduj6Mjm4bMzYV7EEOxKjjoNDud7yY3Dy71Hq2oLmqfbNR723edH9PgMrNL2utoQ3VmaIDkiw\/4w51P06hlZsTZvkRrbVuSIs\/zwSOsycgzStQouoAkWQqioRT5XI7n2Z1wfVhoZmcAJLsoqjqpjbWCgpOAJXBwHK8PzWbNvoUZJND5wCnSkLAkZ1legx6vqQzjoiTahKlGUGLAiIIoABOHaNVw4sexZBym6\/HWlH5h3IC7yRbxtipcWxdTOkORKiNQAEkFf66x5S2oeRbroOlLgg0sSYkR0hRGEqJZ0jTPiQKatESdBckpWigxaapEH0lImHdWu9pUFF2XqMNM2Z4kped7IwEJw2qabwtrQqnpw6HyKkgcadKWsmpywwesDyIhYRpdzXddqegtGIJlXbAIUMOLkGxJUjRIkokwjUaX9d\/kK62ps\/tYUqZLIMkLTyBhsMZ3C5Z\/kDxOSCb\/DOs\/\/J0qcWSX\/2ipe56EgTCA4\/cB7NAYOsni4mZM1MUPAISoEwkDi4lhVBQ1cWQyIcwalw4EpqZN68JUSK7XC0kTlkLYii5uXSC8jT5ncCAS7mjCv0uHp\/3lueHEEAeQ\/\/VgmdN71\/2uCSA1Xr6DO6uI6sW56zqT2tp2PhgiRUAajV8CY2fkcz6WGNKMgLAt7tJAhD4YHMTeRxlALE6+43WqjSWi8ITxyJl8WrwWSNESQZZOqhDDntO3hJLsd5RtSpbJqdv3YrDJH3F7jL1R2O2aQkn2MyCyKYz0GPGIvSAMgBCrCEiJyKbBaYGwLW4uPRr0A0M4Ux5kUI7IBh+hMdiCEWNqhMZGyYMsOgNE58UQuEQeUnSWCMYwL54hkxK6IoqucQZbQ3pc3XtL0lky1dL0zZJJDpWJovFqpWj6JEHnyam2eQp5QRVAVHjWparTOaVwUOx99YS2MvgxIGV0bb+qIg2HX2qkFFJB+XZcbLiuRkuxD9GRroKyveLxdh4d7Orx+hb7qc3uVRuEogCOnyIxm4ubUoPgF4jianDrC+SDQDKEfJb0GUKmjCGPYHGJvVC6X4hw1\/sAfQAdfYyephIaspXe36RwOP+Ljvfx9B6B3i+Nk0DGq+oCbLn6JpBa9nWAveAIHwFAwtVcIJXPMPL8kRu5OAYPMaL1WScTxjiZDqB9LTJSWphow\/pTYKRTLjCBhvi9iBidvKcDasGSm0QQkycYuLBqj6QCELPctqChDWpTRMWkngNNpQ1Pfp1KkiT\/Y0DGffXAweUNfLAfaJFKDwhb6I+bkYRbkERoEeu3Fyjg2opMz2daZCS9jt6Q7txNfB+OZEVF6Zl5web2xunnLQrtrjXseXKaFYziYINeMFZVxS9VxRhOoesYwxPKXm+gWLG9cuFeq93UNNeJNsf1KlwuDok9n02n3TgIJpOxNfL9naIoQwXtfH9kjceTIIi709ncTg6LZbg+biLH1V6u\/7rxBem06VXKn9raAAAAAElFTkSuQmCC\")      no-repeat center center \/ contain;  }  @media screen and (max-width: 960px) and (orientation: portrait) {    .logo {      width: 100%;    }    .logo .pc-banner {      display: none;    }    .logo .m-banner {      display: block;      width: 100%;    }    .logo .m-banner img {      height: auto!important;    }    .ytvideo {      height: 200px;      width: 100%;    }  }<\/style><style>  .video-section {    width: 100%;    margin: 0 auto;  }  .video-section > img {    width: 100%;  }  .video-section iframe,  .video-section video {    width: 100%;    height: 100%;      }  .video-section-img-m,  .video-section-img-pc > img {    width: 100%;    height: auto;  }  .video-section-img-pc.small > img {    width: 970px;  }  .video-desc {    line-height: 1.5;    font-size: 20px;    font-weight: 400;    margin: 20px 0;    text-align: center;    color: #0f1111;    word-break: break-word;  }  @media screen and (max-width: 960px) and (orientation: portrait) {    .video-section {      width: 100%;    }    .video-section-pc,    .video-section-img-pc {      display: none;    }    .video-section-m,    .video-section-img-m {      display: block;    }    .video-desc {      font-size: 15px;    }  }  @media screen and (min-width: 960px) {    .video-section {      width: 100%;      margin: 0 auto;    }    .video-section-pc,    .video-section-img-pc {      display: block;    }    .video-section-m,    .video-section-img-m {      display: none;    }    .video-desc {      font-size: 20px;    }  }<\/style><style>  .section + .section {    margin-top: 35px;  }  .section-title {    text-align: center;    font-weight: bold;    color: #0d1111;    font-family: \"Arial\";    font-size: 32px;    margin: 15px 0;  }  .section-title:empty {    display: none;  }  .section-desc {    text-align: center;    font-weight: normal;    color: #0d1111;    margin-top: 20px;  }  .section-desc:empty {    display: none;  }  .section-img {    width: 1200px;    height: 492px;    margin: 0 auto;    display: block;  }  .section-img.small {    width: 970px;    height: auto;  }  .section-img.small > img {    height: auto;  }  .section-img > img {    width: 100%;    height: 100%;  }  .section-mobile-img {    display: none;    max-width: 100vw;    max-height: 75vw;    height: 450px;    margin: 0 auto;  }  .section-mobile-img > img {    width: 100%;    height: 100%;  }  @media screen and (max-width: 960px) and (orientation: portrait) {    .container {      width: 100%;    }    .container.small {      width: 100%;    }    .section-mobile-img {      display: block;    }    .section-img {      display: none;    }    .section-title {      font-size: 22px;      margin: 10px 0;    }    .section-desc {      margin-top: 10px;    }    .section + .section {      margin-top: 20px;    }  }<\/style><\/head><body><div class=\"container\"><div class=\"logo\"><div class=\"pc-banner\"><div><img decoding=\"async\" src=\"\/vevor\/vevor\/boutique-banner\/pc\/en-pc@1x.jpg\" style=\"width: 100%;\" \/><\/div><\/div><div class=\"m-banner\"><div><img decoding=\"async\" src=\"\/vevor\/vevor\/boutique-banner\/mobile\/en-m@1x.jpg\" style=\"width: 100%;\" \/><\/div><\/div><\/div><div class=\"section-title\">VEVOR 10FT Tvarto Dur\u0173 Aparat\u016bros Komplektas Vien\u0105 Duris -- I Formos Pakaba<\/div><div class=\"video-section\"><div class=\"video-section-img-pc\"><img decoding=\"async\" src=\"\/vevor\/product\/GCYMWJTJHS10TVCHE\/barn-door-hardware-kit-a100-1.4.jpg\" alt=\"VEVOR stumdomas tvarto dur\u0173 furnit\u016br\u0105 kelio rinkinio stilingas, kambar\u012f, lengva \u012fdiegti, patvarus ir skland\u017eiai.\" \/><\/div><div class=\"video-section-img-m\"><img decoding=\"async\" src=\"\/vevor\/product\/GCYMWJTJHS10TVCHE\/barn-door-hardware-kit-a100-1.4-m.jpg\" alt=\"VEVOR stumdomas tvarto dur\u0173 furnit\u016br\u0105 kelio rinkinio stilingas, kambar\u012f, lengva \u012fdiegti, patvarus ir skland\u017eiai.\" \/><\/div><div class=\"section-desc\">Atnaujinkite savo nam\u0173 stili\u0173 ir funkcionalum\u0105 naudodami \u0161\u012f sunki\u0173j\u0173 tvart\u0173 dur\u0173 technin\u0117s \u012frangos rinkin\u012f Pagamintas i\u0161 kokybi\u0161ko anglinio plieno, \u0161is tvarto dur\u0173 b\u0117gi\u0173 rinkinys yra pakankamai tvirtas, kad i\u0161laikyt\u0173 duris iki 330 svar\u0173. \u0160is technin\u0117s \u012frangos rinkinys tinka vienoms durims, tod\u0117l jis yra universalus priedas prie j\u016bs\u0173 nam\u0173 ir biuro.<\/div><\/div><div class=\"section\"><div class=\"section-title\"><\/div><div class=\"section-img\"><img decoding=\"async\" src=\"\/vevor\/product\/GCYMWJTJHS10TVCHE\/barn-door-hardware-kit-a100-2.2.jpg\" alt=\"auk\u0161tos kokyb\u0117s anglies plieno r\u0117mas VEVOR stumdomas tvarto dur\u0173 furnit\u016br\u0105, atsparus korozijai ir stabilus.\" \/><\/div><div class=\"section-mobile-img\"><img decoding=\"async\" src=\"\/vevor\/product\/GCYMWJTJHS10TVCHE\/barn-door-hardware-kit-a100-2.2-m.jpg\" alt=\"auk\u0161tos kokyb\u0117s anglies plieno r\u0117mas VEVOR stumdomas tvarto dur\u0173 furnit\u016br\u0105, atsparus korozijai ir stabilus.\" \/><\/div><div class=\"section-desc\">Pagaminti i\u0161 tvirtos anglies plieno ir baig\u0117 su juodos spalvos milteliniu, m\u016bs\u0173 stumdomas tvarto dur\u0173 aparat\u016bros komplektas si\u016blo i\u0161skirtinis atsparumas korozijai, u\u017etikrinti ilgalaik\u0119 mi\u0161inys vilioti ir tvirtumo. Svorio talpa iki 330lbs, ji pateikia met\u0173 patikimus rezultatus.<\/div><\/div><div class=\"section\"><div class=\"section-title\"><\/div><div class=\"section-img\"><img decoding=\"async\" src=\"\/vevor\/product\/GCYMWJTJHS10TVCHE\/barn-door-hardware-kit-a100-2.3.jpg\" alt=\"be jokio vargo diegimo \u017eingsniai VEVOR stumdomas tvarto dur\u0173 furnit\u016br\u0105 su reg\u0117jimo vadovus.\" \/><\/div><div class=\"section-mobile-img\"><img decoding=\"async\" src=\"\/vevor\/product\/GCYMWJTJHS10TVCHE\/barn-door-hardware-kit-a100-2.3-m.jpg\" alt=\"be jokio vargo diegimo \u017eingsniai VEVOR stumdomas tvarto dur\u0173 furnit\u016br\u0105 su reg\u0117jimo vadovus.\" \/><\/div><div class=\"section-desc\">M\u016bs\u0173 vidaus dur\u0173 tvarto dur\u0173 kelio rinkinys apima pagrindinius aparat\u016bros ir i\u0161samios instrukcijos lengvas montavimas. Tvarto dur\u0173 aparat\u016bros rinkinys talpina dur\u0173 plotis nuo 4.6-5.2 P\u0116D\u0172 ir dur\u0173 storis-1.3&#034; 1,8&#034;. M\u0117gautis be r\u016bpes\u010di\u0173 setup ir pagerinti estetin\u012f savo erdv\u0119.<\/div><\/div><div class=\"section\"><div class=\"section-title\"><\/div><div class=\"section-img\"><img decoding=\"async\" src=\"\/vevor\/product\/GCYMWJTJHS10TVCHE\/barn-door-hardware-kit-a100-2.4.jpg\" alt=\"auk\u0161\u010diausios kokyb\u0117s VEVOR stumdomas tvarto dur\u0173 furnit\u016br\u0105 su silent skriemuliai sklandus, tylus darbas.\" \/><\/div><div class=\"section-mobile-img\"><img decoding=\"async\" src=\"\/vevor\/product\/GCYMWJTJHS10TVCHE\/barn-door-hardware-kit-a100-2.4-m.jpg\" alt=\"auk\u0161\u010diausios kokyb\u0117s VEVOR stumdomas tvarto dur\u0173 furnit\u016br\u0105 su silent skriemuliai sklandus, tylus darbas.\" \/><\/div><div class=\"section-desc\">Didelio tankio tyl\u016bs skriemuliai, sukurti su dviguba konstrukcija, atlieka beveik be garso ir nepaprastai skland\u0173 slydimo judes\u012f. Be to, \u0161ie skriemuliai yra sukurti taip, kad b\u016bt\u0173 \u0161veln\u016bs tvarto dur\u0173 tur\u0117klui, suma\u017einant negra\u017eius \u012fbr\u0117\u017eimus ir i\u0161laikant nesugadint\u0105 b\u0117gi\u0173 kelio i\u0161vaizd\u0105.<\/div><\/div><div class=\"section\"><div class=\"section-title\"><\/div><div class=\"section-img\"><img decoding=\"async\" src=\"\/vevor\/product\/GCYMWJTJHS10TVCHE\/barn-door-hardware-kit-a100-2.5.jpg\" alt=\"VEVOR stumdomas tvarto dur\u0173 aparat\u016bra, virtuv\u0117, miegamasis, du\u0161o kambarys ir drabu\u017ein\u0117, atskleis erdv\u0117s taupymo dizainas.\" \/><\/div><div class=\"section-mobile-img\"><img decoding=\"async\" src=\"\/vevor\/product\/GCYMWJTJHS10TVCHE\/barn-door-hardware-kit-a100-2.5-m.jpg\" alt=\"VEVOR stumdomas tvarto dur\u0173 aparat\u016bra, virtuv\u0117, miegamasis, du\u0161o kambarys ir drabu\u017ein\u0117, atskleis erdv\u0117s taupymo dizainas.\" \/><\/div><div class=\"section-desc\">M\u016bs\u0173 klasikiniai tvarto dur\u0173 aparat\u016bros rinkinys, ne tik didina nam\u0173 estetik\u0105, bet ir sutaupyti daug vietos. Jis yra idealus, miegamieji, spintos, gyvenamieji kambariai, vonios kambarys, ir daugiau. Jei norite prid\u0117ti nauj\u0105 stiliaus ir funkcionalumo j\u016bs\u0173 namuose, tada m\u016bs\u0173 10ft stumdomas tvarto dur\u0173 aparat\u016bros rinkinys yra puikus sprendimas.<\/div><\/div><div class=\"section\"><div class=\"section-img\"><img decoding=\"async\" src=\"\/vevor\/product\/GCYMWJTJHS10TVCHE\/barn-door-hardware-kit-a100-1.11.jpg\" alt=\"VEVOR stumdomas tvarto dur\u0173 aparat\u016bros rinkinys, juodos spalvos, pagrindin\u0117s sudedamosios dalys ir matavimai parod\u0117, palaiko 330 svar\u0173.\" \/><\/div><div class=\"section-mobile-img\"><img decoding=\"async\" src=\"\/vevor\/product\/GCYMWJTJHS10TVCHE\/barn-door-hardware-kit-a100-1.11-m.jpg\" alt=\"VEVOR stumdomas tvarto dur\u0173 aparat\u016bros rinkinys, juodos spalvos, pagrindin\u0117s sudedamosios dalys ir matavimai parod\u0117, palaiko 330 svar\u0173.\" \/><\/div><\/div><\/div><\/body><\/html><\/div>\n<div class=\"DM_at-title\" id=\"js-DM_at-title\"> <div>Produkto specifikacija<\/div> <i class=\"icon-arrowup_line\"><\/i> <\/div><div class=\"DM_at-goodsDescAttr\" id=\"js-DM_at-goodsDescAttr\"> <div class=\"DM_at-goodsDescAttrInner\"> <dl class=\"goodsDesc_item goodsDesc_item_even\"> <dt>Prek\u0117s Modelio Numeris<\/dt> <dd> 010-2.44 m-D<\/dd> <\/dl> <dl class=\"goodsDesc_item\"> <dt>Max Krovinio Guolis<\/dt> <dd> 330 \u00a3<\/dd> <\/dl> <dl class=\"goodsDesc_item goodsDesc_item_even\"> <dt>Neto Svoris<\/dt> <dd> 16.8 svar\u0173 \/ 7.63 kg<\/dd> <\/dl> <dl class=\"goodsDesc_item\"> <dt>Gaminio Matmenys<\/dt> <dd> 118.1&#034; x 1.5&#034; x 0.2&#034; \/ 3000 x 39.13 x 5.6 mm<\/dd> <\/dl> <dl class=\"goodsDesc_item goodsDesc_item_even\"> <dt>Tinka Dur\u0173 Storis<\/dt> <dd> 1.3 - 1.8 \u012f \/ 32 - 45mm<\/dd> <\/dl> <dl class=\"goodsDesc_item\"> <dt>Tinka Dur\u0173 Plotis<\/dt> <dd> 4.6-5.2 ft \/ 1.4-1.6 m<\/dd> <\/dl> <dl class=\"goodsDesc_item goodsDesc_item_even\"> <dt>Pagrindin\u0117 Med\u017eiaga<\/dt> <dd> Anglies Plieno<\/dd> <\/dl> <\/div> <\/div>","protected":false},"excerpt":{"rendered":"<ul>\n<li> 2 Skyrius Dainos Stumdomos Sistemos: VEVOR 10ft I-formos stumdomas tvarto dur\u0173 aparat\u016bros rinkinys ateina su 2-skyriuje, takelius, tod\u0117l asambl\u0117jos itin paprastesnis ir saugesnis. \u0160i didel\u0117ms apkrovoms, barn durys aparat\u016bros komplektas gali lengvai laikyti iki tvarto dur\u0173 kelio be kratyti, o ma\u017eas atstumas tvarto dur\u0173 aparat\u016bros sistemai reikia ma\u017eiau erdv\u0117s vir\u0161 vart\u0173, ir stabili, ir taupo! <\/li>\n<li> Sunki\u0173j\u0173 ir Patvarus: M\u016bs\u0173 stumdomas tvarto dur\u0173 apkaustai pagaminti i\u0161 kietosios anglies plieno, su smulkiais juodos spalvos milteliais padengtas pavir\u0161ius. Tai u\u017etikrina puik\u0173 antikorozin\u0117s veiklos met\u0173 patrauklum\u0105 ir ilgaam\u017ei\u0161kum\u0105. Tai 10ft tvarto dur\u0173 kelio ir aparatin\u0117s \u012frangos rinkinys yra tinkamas vien\u0105 dur\u0173 iki 5.2 P\u0116D\u0172 plo\u010dio ir sveria iki 330 svar\u0173, puikus daugelio dur\u0173. Tinka Dur\u0173 Plotis-4.6-5.2 FT; Tinkami Dur\u0173 Storis: 1.3 &#034;-1.8&#034;. <\/li>\n<li> Sklandus ir Tylus Stumdomas: \u0160is skland\u017eiai stumdomas tvarto dur\u0173 aparat\u016bros sistema, skirta teikti novatori\u0161kas sprendimas u\u017edaryti-off patalpose arba ank\u0161tose erdv\u0117se. Didelio tankio silent skriemuliai, in\u017einerijos su dual-guolio konstrukcija u\u017etikrina itin tylus ir nepaprastai skland\u017eiai stumdomas patirtis rodo, kad taip pat suma\u017einti bet kok\u012f galim\u0105 \u012fbr\u0117\u017eim\u0173 ant tvarto dur\u0173 gele\u017einkeli\u0173. <\/li>\n<li> Lengvas Montavimas: tvarto dur\u0173 kelio rinkinys u\u017e vien\u0105 duris ateina su visa reikiama aparat\u016bra ir i\u0161samias instrukcijas, kad montavimas v\u0117jas. Tvarto dur\u0173 aparat\u016bros komplekt\u0105 sudaro: 2 x 5FT Stumdomas Barn Durys, Takelius, 2 x I Forma, Pakabos, 7 x Plastikin\u0117s Pover\u017el\u0117s, 2 x Anti-d\u017eemperiai, 2 x Dur\u0173 Kai\u0161\u010diai, Montavimo Instrukcija ir Kiti Surinkimo \u012eranga. (D\u0117mesio: Aparat\u016bros tik, barn durys n\u0117ra \u012ftrauktas.) <\/li>\n<li> Puikiai tinka bet Kur: M\u016bs\u0173 eleganti\u0161kas tvarto dur\u0173 aparat\u016bros komplektas tarnauja ir kaip madinga nam\u0173 dekoro ir vietos taupymo sprendimas. Tai puikiai tinka, miegamieji, spintos, gyvenamieji kambariai, vonios kambarys, ir u\u017e jos rib\u0173. \u012evesti mi\u0161inys stili\u0173 ir funkcionalum\u0105 \u012f j\u016bs\u0173 namus su m\u016bs\u0173 10ft stumdomas tvarto dur\u0173 aparat\u016bros rinkinys -puikus pasirinkimas! <\/li>\n<\/ul>","protected":false},"featured_media":271387,"comment_status":"closed","ping_status":"open","template":"","meta":{"om_disable_all_campaigns":false,"_uf_show_specific_survey":0,"_uf_disable_surveys":false},"location":[1935,1934],"product_brand":[21],"product_cat":[3118,2654,65,3120,3119],"product_tag":[],"class_list":{"0":"post-18523","1":"product","2":"type-product","3":"status-publish","4":"has-post-thumbnail","6":"location-supplier_stock_location","7":"location-local_stock_location","8":"product_brand-vevor","9":"product_cat-barn-door-hardware","10":"product_cat-door-hardware","11":"product_cat-hardware","12":"product_cat-simple-sliding-barn-door-hardware-kit","13":"product_cat-sliding-barn-door-hardware-kit-barn-door-hardware","15":"first","16":"outofstock","17":"taxable","18":"shipping-taxable","19":"purchasable","20":"product-type-simple"},"aioseo_notices":[],"locations":[{"id":1935,"name":"Pieg\u0101d\u0101t\u0101ja noliktav\u0101 (5-7d.d.)","slug":"supplier_stock_location","quantity":"0"},{"id":1934,"name":"R\u012bgas veikal\u0101 (0-2d.d.)","slug":"local_stock_location","quantity":"0"}],"_links":{"self":[{"href":"https:\/\/vevorshop.lv\/lt\/wp-json\/wp\/v2\/product\/18523","targetHints":{"allow":["GET"]}}],"collection":[{"href":"https:\/\/vevorshop.lv\/lt\/wp-json\/wp\/v2\/product"}],"about":[{"href":"https:\/\/vevorshop.lv\/lt\/wp-json\/wp\/v2\/types\/product"}],"replies":[{"embeddable":true,"href":"https:\/\/vevorshop.lv\/lt\/wp-json\/wp\/v2\/comments?post=18523"}],"wp:featuredmedia":[{"embeddable":true,"href":"https:\/\/vevorshop.lv\/lt\/wp-json\/wp\/v2\/media\/271387"}],"wp:attachment":[{"href":"https:\/\/vevorshop.lv\/lt\/wp-json\/wp\/v2\/media?parent=18523"}],"wp:term":[{"taxonomy":"location","embeddable":true,"href":"https:\/\/vevorshop.lv\/lt\/wp-json\/wp\/v2\/location?post=18523"},{"taxonomy":"product_brand","embeddable":true,"href":"https:\/\/vevorshop.lv\/lt\/wp-json\/wp\/v2\/product_brand?post=18523"},{"taxonomy":"product_cat","embeddable":true,"href":"https:\/\/vevorshop.lv\/lt\/wp-json\/wp\/v2\/product_cat?post=18523"},{"taxonomy":"product_tag","embeddable":true,"href":"https:\/\/vevorshop.lv\/lt\/wp-json\/wp\/v2\/product_tag?post=18523"}],"curies":[{"name":"wp","href":"https:\/\/api.w.org\/{rel}","templated":true}]}}