{"id":187810,"date":"2025-08-12T16:39:28","date_gmt":"2025-08-12T16:39:28","guid":{"rendered":"https:\/\/vevorshop.lv\/en_us\/Prece\/vevor-34-piece-professional-makeup-brush-set-with-soft-bristles-for-foundation-eyeshadow-blending-contouring\/"},"modified":"2026-04-17T17:58:52","modified_gmt":"2026-04-17T14:58:52","slug":"vevor-34-piece-professional-makeup-brush-set-with-soft-bristles-for-foundation-eyeshadow-blending-contouring","status":"publish","type":"product","link":"https:\/\/vevorshop.lv\/lt\/Prece\/vevor-34-daliu-profesionalus-makiazo-sepeteliu-rinkinys-su-minkstais-seriais-skirtas-makiazo-konturams-maisyti\/","title":{"rendered":"VEVOR 34 dali\u0173 profesionali\u0173 makia\u017eo \u0161epet\u0117li\u0173 rinkinys su mink\u0161tais \u0161ereliais, medin\u0117mis rankenomis ir kelioniniu d\u0117klu \u2013 veidui ir akims"},"content":{"rendered":"<div style=\"color: #fff!important; font-size: 16px; height: 24px; line-height: 24px; margin-top: -24px; \" class=\"product_original_name\">VEVOR 34 dali\u0173 makia\u017eo \u0161epet\u0117li\u0173 rinkinys, profesionalus \u0161epet\u0117li\u0173 rinkinys, skirtas pamat\u0173 mai\u0161ymo aki\u0173 \u0161e\u0161\u0117li\u0173 maskuoklio skaistalams - su mink\u0161tais \u0161eriais, ergonomi\u0161ka medine rankena, kelion\u0117ms pritaikytas d\u0117klas<\/div>\n<div style=\"color: #fff!important; font-size: 16px; height: 24px; line-height: 24px; margin-top: -24px; \" class=\"product_sku\">ME8RMWJ3<\/div>\n<div style=\"color: #fff!important; font-size: 16px; height: 24px; line-height: 24px; margin-top: -24px; \" class=\"product_mpn\">HZSTZHZSTZDWX383D001V0<\/div><div id=\"js-DM_at-goodDescRich\"><html><head><style>  body {    font-family: Arial;    line-height: 1.5;    color: #1c1c1c;    overflow-x: hidden;    margin: 0;    padding: 0;  }  .MsoNormal b {    font-weight: bolder;  }<\/style><style>  .container.small {    width: 970px;    margin: 0 auto;  }  .logo {    margin: 0 auto 0;  }  .logo img {    display: block;    margin: 0 auto;    max-width: 100%;  }  .logo .pc-banner {    display: block;    width: 1200px;    height: 247.4px;    margin: 0 auto;  }  .logo .pc-banner.small {    width: 970px;  }  .logo .pc-banner.small img {    height: auto!important;  }  .logo .m-banner {    display: none;  }  .ytvideo {    position: relative;    height: 546px;    width: 100%;    margin: 0 auto;  }  .ytvideo img {    width: 100%;    margin: 0 auto;  }  .ytvideo .play-btn {    width: 60px;    height: 42px;    position: absolute;    top: 50%;    left: 50%;    transform: translate(-50%, -50%);    background: url(\"data:image\/png;base64,iVBORw0KGgoAAAANSUhEUgAAAGQAAABGCAMAAAANWMFbAAAC+lBMVEUAAADBGB3kLCfBGB3kLCfcJC7BFx3KKSbiKybkLCbWJCPSIiLSIiLPICHAFx3kLCfgKSXNHiDZJiTIGx\/p4eHcjo7LHSDbJyTkLCbjKyfOHyHPIiL28fHJHB\/GGh7EGR7eKCXDGB3RISHlLSbBGB3AFxzGHB7DGB7BGB3hKybkKybAFx3lLCfAFxzDGR3hKibDGB7cJyTmz8\/elJTlwcHjurrUIyLlLSflLSfAFx3DGR7lLSfCFx3hKibhKibhKybjKybkLCblLSfbJSX49vbx7e3NNzjNMTLMJyjVIyLZf3\/ZQ0LaeHjx0tLgoqLkLCfCGB3HGx\/BGB3BFx3PICHCGB7WJCLOHyC\/Fxy\/Fx3lLCfQISHkLSe\/FxzbJiTBFx3FGx\/AGB7BFx3EGR7AGB3HHSDfKiXAFh3TISHYNzbhKibbJyTTIiL57e325+f039\/v2NjUV1fOHiHiqanfmprch4feKSXVIyPOICHmLibFGh\/mLSe\/Fx7XJCPeKSXXJSPNHyHaJyTGGh7lLCbmLCflLSjSIiLkLCbdKSXLHiC\/GB3KHh++Fh3lKyfoLiXcKCPkx8fYb2\/XaGfVXl3aU1LLHiDksbHgKibPICHbJyTfKSXbJyTCGB3KHSDiKybFGh7TIiL\/\/\/\/VIyPRISHIHB\/GGx\/HHB\/DGR7gKibdKCXLHiDZJiTMHiDNHyHYJSTOICHPICHWJCPcKCXXJSPjLCblLCf+\/f3NGR\/uLijzLynPGR\/IGB7WISHaIyLLGh7UAADxLynNAADRLzDbICLQAADIAAD3MCrUHSHXMTDpKSbLAADp5OTij4\/ejo\/VLy\/1LyngJSTcJCPQHx\/OHB7+\/PzaMS\/OLS\/vLijrLSjSAADaNTPwLyjkKSbNJCbYISHPHB\/KGB7WAAD7+vrn3d3aKynTKCjoLCfsKifRGh\/YAADq5+fhjo7QNDXXKCfmJyXt5+fTLzDLLi\/QKivYHRvMGBrQJCXLISPMExXLDxLaEAvkkI\/bOTfaFQ\/SCgpvLcnHAAAAmnRSTlMA+vv7+gT9Bvf9+8z8\/NSv\/Pr5+P7++vnQIBMP\/v38\/Pn348XDiCYf9OjbzcqxXVcx\/fz8+\/rj1r2poo1+fXFqX0orGP7+\/v7+\/fz8+\/r68uzn4trIxsG\/vri3p6GcmZSNbWVYUUZEPQv+\/f39+\/v7+\/v7+vr64tvV1NTTz87FtbSurqeblJKFg4B3bUY+NjL7+\/v7+\/v67t1cDo8JLQAABkRJREFUWMO0kz9rwkAYh0OIeJkum6YugUAhISCdKoj\/P4C7SMdS+gEKIhSKil10LSg4mzXkILdlEpxCpwTiWOLX6BujvQaEQuGeHLnL+\/64J+SIcKGYTYWnntpdLjrVdqvZmNdn0+EE40GtpuuWVS6Xx6N7YDSGpWXpeq02wHgynM7q80az1a52HpddtVcpsi1zFARBrdaxbhp9iUReTGmwA4KAAr7vx3EYejnCMI6hQYEgy0LQi4jUN0wL19vqFcUC9\/1dAKmEEFkWRYkh5oBejnxQJiSJPJ\/uKBp0Thszx9Mw8hMRIQjKsptCfuES9zr5WJY6vSFCIvE9fCMUmEM1A1kSXcYGxgVYsvI1IPKTZciSTI0us\/SMGG04gDzELDoFBwdcFJrF88dqgYMTiL6DILWYyfOWE8\/kIz38olCNlC03FK95+imxp6y4oUSvAnBjHHhKNtotSDqJzVFiK8c2SBqhZtsrTtgrLXwAyduxZHNE26eHUt5rtuM4WSmds3G+sUdWYo1L+XyxButoh5eKUHk5lByO3G1LqqCWVnfrv\/lyPtf\/4ps1cndNGIri8J1TJ0lx6dR\/oPjq1nbRwdp2dCk4CtIOLW3pVKRL6WZfS5vF2KkIQhpwSsjiYIgNCs1gEMGqiIq24NQX9NwoXFy8Ufrl3twTcg4fv8T9\/JBEySduj6Mjm4bMzYV7EEOxKjjoNDud7yY3Dy71Hq2oLmqfbNR723edH9PgMrNL2utoQ3VmaIDkiw\/4w51P06hlZsTZvkRrbVuSIs\/zwSOsycgzStQouoAkWQqioRT5XI7n2Z1wfVhoZmcAJLsoqjqpjbWCgpOAJXBwHK8PzWbNvoUZJND5wCnSkLAkZ1legx6vqQzjoiTahKlGUGLAiIIoABOHaNVw4sexZBym6\/HWlH5h3IC7yRbxtipcWxdTOkORKiNQAEkFf66x5S2oeRbroOlLgg0sSYkR0hRGEqJZ0jTPiQKatESdBckpWigxaapEH0lImHdWu9pUFF2XqMNM2Z4kped7IwEJw2qabwtrQqnpw6HyKkgcadKWsmpywwesDyIhYRpdzXddqegtGIJlXbAIUMOLkGxJUjRIkokwjUaX9d\/kK62ps\/tYUqZLIMkLTyBhsMZ3C5Z\/kDxOSCb\/DOs\/\/J0qcWSX\/2ipe56EgTCA4\/cB7NAYOsni4mZM1MUPAISoEwkDi4lhVBQ1cWQyIcwalw4EpqZN68JUSK7XC0kTlkLYii5uXSC8jT5ncCAS7mjCv0uHp\/3lueHEEAeQ\/\/VgmdN71\/2uCSA1Xr6DO6uI6sW56zqT2tp2PhgiRUAajV8CY2fkcz6WGNKMgLAt7tJAhD4YHMTeRxlALE6+43WqjSWi8ITxyJl8WrwWSNESQZZOqhDDntO3hJLsd5RtSpbJqdv3YrDJH3F7jL1R2O2aQkn2MyCyKYz0GPGIvSAMgBCrCEiJyKbBaYGwLW4uPRr0A0M4Ux5kUI7IBh+hMdiCEWNqhMZGyYMsOgNE58UQuEQeUnSWCMYwL54hkxK6IoqucQZbQ3pc3XtL0lky1dL0zZJJDpWJovFqpWj6JEHnyam2eQp5QRVAVHjWparTOaVwUOx99YS2MvgxIGV0bb+qIg2HX2qkFFJB+XZcbLiuRkuxD9GRroKyveLxdh4d7Orx+hb7qc3uVRuEogCOnyIxm4ubUoPgF4jianDrC+SDQDKEfJb0GUKmjCGPYHGJvVC6X4hw1\/sAfQAdfYyephIaspXe36RwOP+Ljvfx9B6B3i+Nk0DGq+oCbLn6JpBa9nWAveAIHwFAwtVcIJXPMPL8kRu5OAYPMaL1WScTxjiZDqB9LTJSWphow\/pTYKRTLjCBhvi9iBidvKcDasGSm0QQkycYuLBqj6QCELPctqChDWpTRMWkngNNpQ1Pfp1KkiT\/Y0DGffXAweUNfLAfaJFKDwhb6I+bkYRbkERoEeu3Fyjg2opMz2daZCS9jt6Q7txNfB+OZEVF6Zl5web2xunnLQrtrjXseXKaFYziYINeMFZVxS9VxRhOoesYwxPKXm+gWLG9cuFeq93UNNeJNsf1KlwuDok9n02n3TgIJpOxNfL9naIoQwXtfH9kjceTIIi709ncTg6LZbg+biLH1V6u\/7rxBem06VXKn9raAAAAAElFTkSuQmCC\")      no-repeat center center \/ contain;  }  @media screen and (max-width: 960px) and (orientation: portrait) {    .logo {      width: 100%;    }    .logo .pc-banner {      display: none;    }    .logo .m-banner {      display: block;      width: 100%;    }    .logo .m-banner img {      height: auto!important;    }    .ytvideo {      height: 200px;      width: 100%;    }  }<\/style><style>  .video-section {    width: 100%;    margin: 0 auto;  }  .video-section > img {    width: 100%;  }  .video-section iframe,  .video-section video {    width: 100%;    height: 100%;      }  .video-section-img-m,  .video-section-img-pc > img {    width: 100%;    height: auto;  }  .video-section-img-pc.small > img {    width: 970px;  }  .video-desc {    line-height: 1.5;    font-size: 20px;    font-weight: 400;    margin: 20px 0;    text-align: center;    color: #0f1111;    word-break: break-word;  }  @media screen and (max-width: 960px) and (orientation: portrait) {    .video-section {      width: 100%;    }    .video-section-pc,    .video-section-img-pc {      display: none;    }    .video-section-m,    .video-section-img-m {      display: block;    }    .video-desc {      font-size: 15px;    }  }  @media screen and (min-width: 960px) {    .video-section {      width: 100%;      margin: 0 auto;    }    .video-section-pc,    .video-section-img-pc {      display: block;    }    .video-section-m,    .video-section-img-m {      display: none;    }    .video-desc {      font-size: 20px;    }  }<\/style><style>  .section + .section {    margin-top: 35px;  }  .section-title {    text-align: center;    font-weight: bold;    color: #0d1111;    font-family: \"Arial\";    font-size: 32px;    margin: 15px 0;  }  .section-title:empty {    display: none;  }  .section-desc {    text-align: center;    font-weight: normal;    color: #0d1111;    margin-top: 20px;  }  .section-desc:empty {    display: none;  }  .section-img {    width: 1200px;    height: 492px;    margin: 0 auto;    display: block;  }  .section-img.small {    width: 970px;    height: auto;  }  .section-img.small > img {    height: auto;  }  .section-img > img {    width: 100%;    height: 100%;  }  .section-mobile-img {    display: none;    max-width: 100vw;    max-height: 75vw;    height: 450px;    margin: 0 auto;  }  .section-mobile-img > img {    width: 100%;    height: 100%;  }  @media screen and (max-width: 960px) and (orientation: portrait) {    .container {      width: 100%;    }    .container.small {      width: 100%;    }    .section-mobile-img {      display: block;    }    .section-img {      display: none;    }    .section-title {      font-size: 22px;      margin: 10px 0;    }    .section-desc {      margin-top: 10px;    }    .section + .section {      margin-top: 20px;    }  }<\/style><\/head><body><div class=\"container\"><div class=\"logo\"><div class=\"pc-banner\"><div><img decoding=\"async\" src=\"\/vevor\/vevor\/boutique-banner\/pc\/en-pc@1x.jpg\" style=\"width: 100%;\" \/><\/div><\/div><div class=\"m-banner\"><div><img decoding=\"async\" src=\"\/vevor\/vevor\/boutique-banner\/mobile\/en-m@1x.jpg\" style=\"width: 100%;\" \/><\/div><\/div><\/div><div class=\"section-title\">Sukurti Nepriekai\u0161ting\u0105 I\u0161vaizd\u0105 Lengvai<\/div><div class=\"video-section\"><div class=\"video-section-img-pc\"><img decoding=\"async\" src=\"\/vevor\/product\/HZSTZHZSTZDWX383D001\/makeup-brush-set-a100-1.4.jpg\" \/><\/div><div class=\"video-section-img-m\"><img decoding=\"async\" src=\"\/vevor\/product\/HZSTZHZSTZDWX383D001\/makeup-brush-set-a100-1.4-m.jpg\" \/><\/div><div class=\"section-desc\">VEVOR 34 dali\u0173 profesionalus makia\u017eo \u0161epet\u0117li\u0173 rinkinys sujungia itin mink\u0161tus \u0161erius, ergonomi\u0161kas medines rankenas ir aliuminio antgalius, kad b\u016bt\u0173 galima profesionaliai pasidaryti makia\u017e\u0105. nuo pagrindo iki detali\u0173 mai\u0161ymo - jis u\u017etikrina skland\u0173, tiksl\u0173 pritaikym\u0105, padedant\u012f lengvai sukurti nepriekai\u0161ting\u0105, nat\u016bral\u0173 gro\u017e\u012f.<\/div><\/div><div class=\"section\"><div class=\"section-title\"><\/div><div class=\"section-img\"><img decoding=\"async\" src=\"\/vevor\/product\/HZSTZHZSTZDWX383D001\/makeup-brush-set-a100-2.2.jpg\" \/><\/div><div class=\"section-mobile-img\"><img decoding=\"async\" src=\"\/vevor\/product\/HZSTZHZSTZDWX383D001\/makeup-brush-set-a100-2.2-m.jpg\" \/><\/div><div class=\"section-desc\">Lengvai kurkite nepriekai\u0161ting\u0105 i\u0161vaizd\u0105 naudodami \u0161\u012f 34 dali\u0173 profesional\u0173 makia\u017eo \u0161epet\u0117li\u0173 rinkin\u012f! Jame yra makia\u017eo pagrindo \u0161epet\u0117lis, pudros \u0161epet\u0117lis, maskavimo \u0161epet\u0117lis, aki\u0173 pie\u0161tuk\u0173 \u0161epet\u0117lis, mai\u0161ymo \u0161epet\u0117lis, aki\u0173 \u0161e\u0161\u0117li\u0173 \u0161epet\u0117lis ir dar daugiau - puikiai tinka tiek nat\u016braliai kasdienei i\u0161vaizdai, tiek rafinuotiems, \u017eavingiems stiliams.<\/div><\/div><div class=\"section\"><div class=\"section-title\"><\/div><div class=\"section-img\"><img decoding=\"async\" src=\"\/vevor\/product\/HZSTZHZSTZDWX383D001\/makeup-brush-set-a100-2.3.jpg\" \/><\/div><div class=\"section-mobile-img\"><img decoding=\"async\" src=\"\/vevor\/product\/HZSTZHZSTZDWX383D001\/makeup-brush-set-a100-2.3-m.jpg\" \/><\/div><div class=\"section-desc\">Paruo\u0161ta kokyb\u0117s, pagamintas gro\u017eio! Vie\u0161butyje yra neslidus, patvarus, medin\u0117 rankena, patogi rankena, tvirtas aliuminio r\u0117melis, kad turi \u0161eri\u0173 tvirtai be praliejimo, ir mink\u0161tas, tankus, \u0161eriai skland\u017eiai, net program\u0105.<\/div><\/div><div class=\"section\"><div class=\"section-title\"><\/div><div class=\"section-img\"><img decoding=\"async\" src=\"\/vevor\/product\/HZSTZHZSTZDWX383D001\/makeup-brush-set-a100-2.4.jpg\" \/><\/div><div class=\"section-mobile-img\"><img decoding=\"async\" src=\"\/vevor\/product\/HZSTZHZSTZDWX383D001\/makeup-brush-set-a100-2.4-m.jpg\" \/><\/div><div class=\"section-desc\">\u0160ie pamatai ir eyeshadow mai\u0161ymo \u0161epet\u0117liai idealiai tinka tiek pradedantiesiems, tiek profesionalams. Su puikia milteliai, pikapas, ultra-mink\u0161ta \u0161eri\u0173, ir buildable spalv\u0173 atsipirkimo, kiekviena teptukas slysta skland\u017eiai, besi\u016bli\u0173 mai\u0161ymo ir nat\u016braliai \u0161vytinti apdaila.<\/div><\/div><div class=\"section\"><div class=\"section-title\"><\/div><div class=\"section-img\"><img decoding=\"async\" src=\"\/vevor\/product\/HZSTZHZSTZDWX383D001\/makeup-brush-set-a100-2.5.jpg\" \/><\/div><div class=\"section-mobile-img\"><img decoding=\"async\" src=\"\/vevor\/product\/HZSTZHZSTZDWX383D001\/makeup-brush-set-a100-2.5-m.jpg\" \/><\/div><div class=\"section-desc\">Nesvarbu, ar tai b\u016bt\u0173 j\u016bs\u0173 kasdien\u0117 rutina, profesional\u016bs makia\u017eo u\u017esi\u0117mimai, ar apgalvotas dovanojimas, \u0161is makia\u017eo \u0161epet\u0117li\u0173 rinkinys, skirtas skaistal\u0173 mai\u0161ymui, yra puikus pasirinkimas. prakti\u0161kas, stilingas ir kokybi\u0161kas - tai b\u016btina gro\u017eio myl\u0117tojams.<\/div><\/div><div class=\"section\"><div class=\"section-img\"><img decoding=\"async\" src=\"\/vevor\/product\/HZSTZHZSTZDWX383D001\/makeup-brush-set-a100-1.11.jpg\" \/><\/div><div class=\"section-mobile-img\"><img decoding=\"async\" src=\"\/vevor\/product\/HZSTZHZSTZDWX383D001\/makeup-brush-set-a100-1.11-m.jpg\" \/><\/div><\/div><\/div><\/body><\/html><\/div>\n<div class=\"DM_at-title\" id=\"js-DM_at-title\"> <div>Produkto specifikacija<\/div> <i class=\"icon-arrowup_line\"><\/i> <\/div><div class=\"DM_at-goodsDescAttr\" id=\"js-DM_at-goodsDescAttr\"> <div class=\"DM_at-goodsDescAttrInner\"> <dl class=\"goodsDesc_item goodsDesc_item_even\"> <dt>Prek\u0117s Modelio Numeris<\/dt> <dd> SS-34 Dideli rinkiniai<\/dd> <\/dl> <dl class=\"goodsDesc_item\"> <dt>Kiekis<\/dt> <dd> 34 Gabalai<\/dd> <\/dl> <dl class=\"goodsDesc_item goodsDesc_item_even\"> <dt>Rankena<\/dt> <dd> Blizgus Med\u017eio Rankena, Juoda<\/dd> <\/dl> <dl class=\"goodsDesc_item\"> <dt>\u0160eriai<\/dt> <dd> Sintetinis pluo\u0161tas, vilna, arklio plaukai<\/dd> <\/dl> <dl class=\"goodsDesc_item goodsDesc_item_even\"> <dt>R\u0117melis<\/dt> <dd> Aliuminio, Sidabro Blizga<\/dd> <\/dl> <dl class=\"goodsDesc_item\"> <dt>Neto Svoris<\/dt> <dd> 1.43 svar\u0173 \/ 0.65 kg<\/dd> <\/dl> <\/div> <\/div>","protected":false},"excerpt":{"rendered":"<ul>\n<li> Profesionalus makia\u017eo \u0161epet\u0117li\u0173 rinkinys: \u0160is VEVOR 34 dali\u0173 makia\u017eo \u0161epet\u0117li\u0173 rinkinys apima daugyb\u0119 \u012fvairi\u0173 form\u0173 ir dyd\u017ei\u0173 \u0161epet\u0117li\u0173 - pagrindo \u0161epet\u0117l\u012f, pudros \u0161epet\u0117l\u012f, kont\u016brin\u012f \u0161epet\u0117l\u012f, maskavimo \u0161epet\u0117l\u012f, aki\u0173 pie\u0161tuk\u0173 \u0161epet\u0117l\u012f, mai\u0161ymo \u0161epet\u0117l\u012f, aki\u0173 \u0161e\u0161\u0117li\u0173 \u0161epet\u0117l\u012f ir kt. - kad pad\u0117t\u0173 sukurti nepriekai\u0161ting\u0105 ir spindint\u012f vaizd\u0105. geriausias pasirinkimas profesionaliems makia\u017eo meistrams <\/li>\n<li> Itin mink\u0161ti \u0161eriai: \u0160is profesionalus \u0161epet\u0117li\u0173 rinkinys apima 30 \u0161epe\u010di\u0173 su vegani\u0161kais ir be \u017eiaurumo sintetiniais \u0161eriais, 2 su auk\u0161\u010diausios kokyb\u0117s vilnos \u0161eriais ir 2 su a\u0161ut\u0173 \u0161eriais. jie jau\u010diasi mink\u0161ti ant odos, skland\u017eiai ir tolygiai susilieja, si\u016blo puik\u0173 milteli\u0173 pa\u0117mim\u0105 ir nepriekai\u0161ting\u0105, nat\u016braliai atrodan\u010di\u0105 apdail\u0105 su scenos lygio spalv\u0173 atsipirkimu <\/li>\n<li> Tvirtos Medin\u0117s Rankenos: Pagaminti i\u0161 auk\u0161tos kokyb\u0117s medienos ir rank\u0105-suma\u017einti tiksliai program\u0105, ergonomi\u0161kas ir stilingas rankena suteikia patogi\u0105, neslid\u017eia rankena. Jis si\u016blo geriau valdyti, skland\u017eiai, ir suma\u017eina rankos nuovarg\u012f metu ilgai makia\u017eo sesijos <\/li>\n<li> Saugus aliuminio antgalis: m\u016bs\u0173 profesional\u016bs \u0161epe\u010diai, skirti pamat\u0173 aki\u0173 \u0161e\u0161\u0117li\u0173 mai\u0161ymui, yra su blizgan\u010diu sidabriniu aliuminio antgaliu, kuris saugiai laiko \u0161erius, neleid\u017eia jiems nukristi ir prailgina \u0161epe\u010dio tarnavimo laik\u0105 <\/li>\n<li> Pasiekti nepriekai\u0161ting\u0105 i\u0161vaizd\u0105: \u0160is veido ir aki\u0173 makia\u017eo \u0161epet\u0117li\u0173 rinkinys apima visus \u012frankius, skirtus makia\u017eo priemon\u0117ms, veido pudrai, mai\u0161ymui, maskuokliui, aki\u0173 \u0161e\u0161\u0117liams, kont\u016brams, skaistalams, aki\u0173 pie\u0161tukui ir antaki\u0173 detal\u0117ms - populiarus pasirinkimas tarp profesionali\u0173 makia\u017eo meistr\u0173 kino ir teatro srityje. ne\u0161iojamas ir patogus kelion\u0117ms, jis atitinka visus j\u016bs\u0173 gro\u017eio poreikius tiek namuose, tiek keliaujant <\/li>\n<\/ul>","protected":false},"featured_media":408058,"comment_status":"open","ping_status":"open","template":"","meta":{"om_disable_all_campaigns":false,"_monsterinsights_skip_tracking":false,"_monsterinsights_sitenote_active":false,"_monsterinsights_sitenote_note":"","_monsterinsights_sitenote_category":0,"_uf_show_specific_survey":0,"_uf_disable_surveys":false},"location":[1935,1934],"product_brand":[21],"product_cat":[2393,5370,3626,4444],"product_tag":[],"class_list":{"0":"post-187810","1":"product","2":"type-product","3":"status-publish","4":"has-post-thumbnail","6":"location-supplier_stock_location","7":"location-local_stock_location","8":"product_brand-vevor","9":"product_cat-health-and-wellness","10":"product_cat-makeup-brush-kit","11":"product_cat-personal-care","12":"product_cat-skin-care-personal-care","14":"first","15":"instock","16":"taxable","17":"shipping-taxable","18":"purchasable","19":"product-type-simple"},"aioseo_notices":[],"jetpack_sharing_enabled":true,"locations":[{"id":1935,"name":"Pieg\u0101d\u0101t\u0101ja noliktav\u0101 (5-7d.d.)","slug":"supplier_stock_location","quantity":"231"},{"id":1934,"name":"R\u012bgas veikal\u0101 (0-2d.d.)","slug":"local_stock_location","quantity":"0"}],"_links":{"self":[{"href":"https:\/\/vevorshop.lv\/lt\/wp-json\/wp\/v2\/product\/187810","targetHints":{"allow":["GET"]}}],"collection":[{"href":"https:\/\/vevorshop.lv\/lt\/wp-json\/wp\/v2\/product"}],"about":[{"href":"https:\/\/vevorshop.lv\/lt\/wp-json\/wp\/v2\/types\/product"}],"replies":[{"embeddable":true,"href":"https:\/\/vevorshop.lv\/lt\/wp-json\/wp\/v2\/comments?post=187810"}],"wp:featuredmedia":[{"embeddable":true,"href":"https:\/\/vevorshop.lv\/lt\/wp-json\/wp\/v2\/media\/408058"}],"wp:attachment":[{"href":"https:\/\/vevorshop.lv\/lt\/wp-json\/wp\/v2\/media?parent=187810"}],"wp:term":[{"taxonomy":"location","embeddable":true,"href":"https:\/\/vevorshop.lv\/lt\/wp-json\/wp\/v2\/location?post=187810"},{"taxonomy":"product_brand","embeddable":true,"href":"https:\/\/vevorshop.lv\/lt\/wp-json\/wp\/v2\/product_brand?post=187810"},{"taxonomy":"product_cat","embeddable":true,"href":"https:\/\/vevorshop.lv\/lt\/wp-json\/wp\/v2\/product_cat?post=187810"},{"taxonomy":"product_tag","embeddable":true,"href":"https:\/\/vevorshop.lv\/lt\/wp-json\/wp\/v2\/product_tag?post=187810"}],"curies":[{"name":"wp","href":"https:\/\/api.w.org\/{rel}","templated":true}]}}