{"id":203797,"date":"2025-10-03T17:18:07","date_gmt":"2025-10-03T14:18:07","guid":{"rendered":"https:\/\/vevorshop.lv\/en_us\/Prece\/vevor-shoe-storage-bench-100x35-5x46-cm-with-cushion-2-barn-doors-adjustable-shelf-white-black-for-entryway-bedroom\/"},"modified":"2026-04-17T15:50:00","modified_gmt":"2026-04-17T12:50:00","slug":"vevor-shoe-storage-bench-100x35-5x46-cm-with-cushion-2-barn-doors-adjustable-shelf-white-black-for-entryway-bedroom","status":"publish","type":"product","link":"https:\/\/vevorshop.lv\/lt\/Prece\/vevor-shoe-storage-bench-100x35-5x46-cm-with-cushion-2-barn-doors-adjustable-shelf-white-black-for-entryway-bedroom\/","title":{"rendered":"VEVOR Bat\u0173 laikymo suoliukas 100\u00d735,5\u00d746 cm su pagalv\u0117le, 2 tvarto durys, reguliuojama lentyna, balta + juoda, prie\u0161kambariui arba miegamajam"},"content":{"rendered":"<div style=\"color: #fff!important; font-size: 16px; height: 24px; line-height: 24px; margin-top: -24px; \" class=\"product_original_name\">VEVOR Shoe Storage Bench, 1000 x 355 x 460 mm Shoe Organizer with Padded Seat Cushion, Entryway Bench with 2 Barn Doors and Height Adjustable Shelf, for Hallway, Living Room, Bedroom, White + Black<\/div>\n<div style=\"color: #fff!important; font-size: 16px; height: 24px; line-height: 24px; margin-top: -24px; \" class=\"product_sku\">MGAXEKWW<\/div>\n<div style=\"color: #fff!important; font-size: 16px; height: 24px; line-height: 24px; margin-top: -24px; \" class=\"product_mpn\">XGXD394INCHS9DDVH001V0<\/div><div id=\"js-DM_at-goodDescRich\"><html><head><style>  body {    font-family: Arial;    line-height: 1.5;    color: #1c1c1c;    overflow-x: hidden;    margin: 0;    padding: 0;  }  .MsoNormal b {    font-weight: bolder;  }<\/style><style>  .container.small {    width: 970px;    margin: 0 auto;  }  .logo {    margin: 0 auto 0;  }  .logo img {    display: block;    margin: 0 auto;    max-width: 100%;  }  .logo .pc-banner {    display: block;    width: 1200px;    height: 247.4px;    margin: 0 auto;  }  .logo .pc-banner.small {    width: 970px;  }  .logo .pc-banner.small img {    height: auto!important;  }  .logo .m-banner {    display: none;  }  .ytvideo {    position: relative;    height: 546px;    width: 100%;    margin: 0 auto;  }  .ytvideo img {    width: 100%;    margin: 0 auto;  }  .ytvideo .play-btn {    width: 60px;    height: 42px;    position: absolute;    top: 50%;    left: 50%;    transform: translate(-50%, -50%);    background: url(\"data:image\/png;base64,iVBORw0KGgoAAAANSUhEUgAAAGQAAABGCAMAAAANWMFbAAAC+lBMVEUAAADBGB3kLCfBGB3kLCfcJC7BFx3KKSbiKybkLCbWJCPSIiLSIiLPICHAFx3kLCfgKSXNHiDZJiTIGx\/p4eHcjo7LHSDbJyTkLCbjKyfOHyHPIiL28fHJHB\/GGh7EGR7eKCXDGB3RISHlLSbBGB3AFxzGHB7DGB7BGB3hKybkKybAFx3lLCfAFxzDGR3hKibDGB7cJyTmz8\/elJTlwcHjurrUIyLlLSflLSfAFx3DGR7lLSfCFx3hKibhKibhKybjKybkLCblLSfbJSX49vbx7e3NNzjNMTLMJyjVIyLZf3\/ZQ0LaeHjx0tLgoqLkLCfCGB3HGx\/BGB3BFx3PICHCGB7WJCLOHyC\/Fxy\/Fx3lLCfQISHkLSe\/FxzbJiTBFx3FGx\/AGB7BFx3EGR7AGB3HHSDfKiXAFh3TISHYNzbhKibbJyTTIiL57e325+f039\/v2NjUV1fOHiHiqanfmprch4feKSXVIyPOICHmLibFGh\/mLSe\/Fx7XJCPeKSXXJSPNHyHaJyTGGh7lLCbmLCflLSjSIiLkLCbdKSXLHiC\/GB3KHh++Fh3lKyfoLiXcKCPkx8fYb2\/XaGfVXl3aU1LLHiDksbHgKibPICHbJyTfKSXbJyTCGB3KHSDiKybFGh7TIiL\/\/\/\/VIyPRISHIHB\/GGx\/HHB\/DGR7gKibdKCXLHiDZJiTMHiDNHyHYJSTOICHPICHWJCPcKCXXJSPjLCblLCf+\/f3NGR\/uLijzLynPGR\/IGB7WISHaIyLLGh7UAADxLynNAADRLzDbICLQAADIAAD3MCrUHSHXMTDpKSbLAADp5OTij4\/ejo\/VLy\/1LyngJSTcJCPQHx\/OHB7+\/PzaMS\/OLS\/vLijrLSjSAADaNTPwLyjkKSbNJCbYISHPHB\/KGB7WAAD7+vrn3d3aKynTKCjoLCfsKifRGh\/YAADq5+fhjo7QNDXXKCfmJyXt5+fTLzDLLi\/QKivYHRvMGBrQJCXLISPMExXLDxLaEAvkkI\/bOTfaFQ\/SCgpvLcnHAAAAmnRSTlMA+vv7+gT9Bvf9+8z8\/NSv\/Pr5+P7++vnQIBMP\/v38\/Pn348XDiCYf9OjbzcqxXVcx\/fz8+\/rj1r2poo1+fXFqX0orGP7+\/v7+\/fz8+\/r68uzn4trIxsG\/vri3p6GcmZSNbWVYUUZEPQv+\/f39+\/v7+\/v7+vr64tvV1NTTz87FtbSurqeblJKFg4B3bUY+NjL7+\/v7+\/v67t1cDo8JLQAABkRJREFUWMO0kz9rwkAYh0OIeJkum6YugUAhISCdKoj\/P4C7SMdS+gEKIhSKil10LSg4mzXkILdlEpxCpwTiWOLX6BujvQaEQuGeHLnL+\/64J+SIcKGYTYWnntpdLjrVdqvZmNdn0+EE40GtpuuWVS6Xx6N7YDSGpWXpeq02wHgynM7q80az1a52HpddtVcpsi1zFARBrdaxbhp9iUReTGmwA4KAAr7vx3EYejnCMI6hQYEgy0LQi4jUN0wL19vqFcUC9\/1dAKmEEFkWRYkh5oBejnxQJiSJPJ\/uKBp0Thszx9Mw8hMRIQjKsptCfuES9zr5WJY6vSFCIvE9fCMUmEM1A1kSXcYGxgVYsvI1IPKTZciSTI0us\/SMGG04gDzELDoFBwdcFJrF88dqgYMTiL6DILWYyfOWE8\/kIz38olCNlC03FK95+imxp6y4oUSvAnBjHHhKNtotSDqJzVFiK8c2SBqhZtsrTtgrLXwAyduxZHNE26eHUt5rtuM4WSmds3G+sUdWYo1L+XyxButoh5eKUHk5lByO3G1LqqCWVnfrv\/lyPtf\/4ps1cndNGIri8J1TJ0lx6dR\/oPjq1nbRwdp2dCk4CtIOLW3pVKRL6WZfS5vF2KkIQhpwSsjiYIgNCs1gEMGqiIq24NQX9NwoXFy8Ufrl3twTcg4fv8T9\/JBEySduj6Mjm4bMzYV7EEOxKjjoNDud7yY3Dy71Hq2oLmqfbNR723edH9PgMrNL2utoQ3VmaIDkiw\/4w51P06hlZsTZvkRrbVuSIs\/zwSOsycgzStQouoAkWQqioRT5XI7n2Z1wfVhoZmcAJLsoqjqpjbWCgpOAJXBwHK8PzWbNvoUZJND5wCnSkLAkZ1legx6vqQzjoiTahKlGUGLAiIIoABOHaNVw4sexZBym6\/HWlH5h3IC7yRbxtipcWxdTOkORKiNQAEkFf66x5S2oeRbroOlLgg0sSYkR0hRGEqJZ0jTPiQKatESdBckpWigxaapEH0lImHdWu9pUFF2XqMNM2Z4kped7IwEJw2qabwtrQqnpw6HyKkgcadKWsmpywwesDyIhYRpdzXddqegtGIJlXbAIUMOLkGxJUjRIkokwjUaX9d\/kK62ps\/tYUqZLIMkLTyBhsMZ3C5Z\/kDxOSCb\/DOs\/\/J0qcWSX\/2ipe56EgTCA4\/cB7NAYOsni4mZM1MUPAISoEwkDi4lhVBQ1cWQyIcwalw4EpqZN68JUSK7XC0kTlkLYii5uXSC8jT5ncCAS7mjCv0uHp\/3lueHEEAeQ\/\/VgmdN71\/2uCSA1Xr6DO6uI6sW56zqT2tp2PhgiRUAajV8CY2fkcz6WGNKMgLAt7tJAhD4YHMTeRxlALE6+43WqjSWi8ITxyJl8WrwWSNESQZZOqhDDntO3hJLsd5RtSpbJqdv3YrDJH3F7jL1R2O2aQkn2MyCyKYz0GPGIvSAMgBCrCEiJyKbBaYGwLW4uPRr0A0M4Ux5kUI7IBh+hMdiCEWNqhMZGyYMsOgNE58UQuEQeUnSWCMYwL54hkxK6IoqucQZbQ3pc3XtL0lky1dL0zZJJDpWJovFqpWj6JEHnyam2eQp5QRVAVHjWparTOaVwUOx99YS2MvgxIGV0bb+qIg2HX2qkFFJB+XZcbLiuRkuxD9GRroKyveLxdh4d7Orx+hb7qc3uVRuEogCOnyIxm4ubUoPgF4jianDrC+SDQDKEfJb0GUKmjCGPYHGJvVC6X4hw1\/sAfQAdfYyephIaspXe36RwOP+Ljvfx9B6B3i+Nk0DGq+oCbLn6JpBa9nWAveAIHwFAwtVcIJXPMPL8kRu5OAYPMaL1WScTxjiZDqB9LTJSWphow\/pTYKRTLjCBhvi9iBidvKcDasGSm0QQkycYuLBqj6QCELPctqChDWpTRMWkngNNpQ1Pfp1KkiT\/Y0DGffXAweUNfLAfaJFKDwhb6I+bkYRbkERoEeu3Fyjg2opMz2daZCS9jt6Q7txNfB+OZEVF6Zl5web2xunnLQrtrjXseXKaFYziYINeMFZVxS9VxRhOoesYwxPKXm+gWLG9cuFeq93UNNeJNsf1KlwuDok9n02n3TgIJpOxNfL9naIoQwXtfH9kjceTIIi709ncTg6LZbg+biLH1V6u\/7rxBem06VXKn9raAAAAAElFTkSuQmCC\")      no-repeat center center \/ contain;  }  @media screen and (max-width: 960px) and (orientation: portrait) {    .logo {      width: 100%;    }    .logo .pc-banner {      display: none;    }    .logo .m-banner {      display: block;      width: 100%;    }    .logo .m-banner img {      height: auto!important;    }    .ytvideo {      height: 200px;      width: 100%;    }  }<\/style><style>  .video-section {    width: 100%;    margin: 0 auto;  }  .video-section > img {    width: 100%;  }  .video-section iframe,  .video-section video {    width: 100%;    height: 100%;      }  .video-section-img-m,  .video-section-img-pc > img {    width: 100%;    height: auto;  }  .video-section-img-pc.small > img {    width: 970px;  }  .video-desc {    line-height: 1.5;    font-size: 20px;    font-weight: 400;    margin: 20px 0;    text-align: center;    color: #0f1111;    word-break: break-word;  }  @media screen and (max-width: 960px) and (orientation: portrait) {    .video-section {      width: 100%;    }    .video-section-pc,    .video-section-img-pc {      display: none;    }    .video-section-m,    .video-section-img-m {      display: block;    }    .video-desc {      font-size: 15px;    }  }  @media screen and (min-width: 960px) {    .video-section {      width: 100%;      margin: 0 auto;    }    .video-section-pc,    .video-section-img-pc {      display: block;    }    .video-section-m,    .video-section-img-m {      display: none;    }    .video-desc {      font-size: 20px;    }  }<\/style><style>  .section + .section {    margin-top: 35px;  }  .section-title {    text-align: center;    font-weight: bold;    color: #0d1111;    font-family: \"Arial\";    font-size: 32px;    margin: 15px 0;  }  .section-title:empty {    display: none;  }  .section-desc {    text-align: center;    font-weight: normal;    color: #0d1111;    margin-top: 20px;  }  .section-desc:empty {    display: none;  }  .section-img {    width: 1200px;    height: 492px;    margin: 0 auto;    display: block;  }  .section-img.small {    width: 970px;    height: auto;  }  .section-img.small > img {    height: auto;  }  .section-img > img {    width: 100%;    height: 100%;  }  .section-mobile-img {    display: none;    max-width: 100vw;    max-height: 75vw;    height: 450px;    margin: 0 auto;  }  .section-mobile-img > img {    width: 100%;    height: 100%;  }  @media screen and (max-width: 960px) and (orientation: portrait) {    .container {      width: 100%;    }    .container.small {      width: 100%;    }    .section-mobile-img {      display: block;    }    .section-img {      display: none;    }    .section-title {      font-size: 22px;      margin: 10px 0;    }    .section-desc {      margin-top: 10px;    }    .section + .section {      margin-top: 20px;    }  }<\/style><\/head><body><div class=\"container\"><div class=\"logo\"><div class=\"pc-banner\"><div><img decoding=\"async\" src=\"\/vevor\/vevor\/boutique-banner\/pc\/en-pc@1x.jpg\" style=\"width: 100%;\" \/><\/div><\/div><div class=\"m-banner\"><div><img decoding=\"async\" src=\"\/vevor\/vevor\/boutique-banner\/mobile\/en-m@1x.jpg\" style=\"width: 100%;\" \/><\/div><\/div><\/div><div class=\"section-title\">Daugiafunkcis \u012f\u0117jimo bat\u0173 suoliukas<\/div><div class=\"video-section\"><div class=\"video-section-img-pc\"><img decoding=\"async\" src=\"\/vevor\/product\/XGXD394INCHS9DDVH001\/entryway-shoe-bench-a100-1.4.jpg\" \/><\/div><div class=\"video-section-img-m\"><img decoding=\"async\" src=\"\/vevor\/product\/XGXD394INCHS9DDVH001\/entryway-shoe-bench-a100-1.4-m.jpg\" \/><\/div><div class=\"section-desc\">Sukurtas bat\u0173 laikymui ir keitimui prie \u012f\u0117jimo, m\u016bs\u0173 suoliukas padeda i\u0161laikyti j\u016bs\u0173 erdv\u0119 organizuot\u0105 ir tvarking\u0105. jame derinamos s\u0117d\u0117jimo ir laikymo funkcijos, kad b\u016bt\u0173 padidintas kasdienis patogumas Pagamintas i\u0161 nat\u016bralios ir auk\u0161tos kokyb\u0117s medienos ir pastatytas su tvirta konstrukcija, jis atitinka auk\u0161tus ilgalaikio naudojimo standartus.<\/div><\/div><div class=\"section\"><div class=\"section-title\"><\/div><div class=\"section-img\"><img decoding=\"async\" src=\"\/vevor\/product\/XGXD394INCHS9DDVH001\/entryway-shoe-bench-a100-2.2.jpg\" \/><\/div><div class=\"section-mobile-img\"><img decoding=\"async\" src=\"\/vevor\/product\/XGXD394INCHS9DDVH001\/entryway-shoe-bench-a100-2.2-m.jpg\" \/><\/div><div class=\"section-desc\">M\u016bs\u0173 bat\u0173 lentynos suoliukas turi tvirt\u0105, stabili\u0105 strukt\u016br\u0105 su puikiu svoriu. jis lengvai palaiko kelis s\u0117din\u010dius \u017emones, kad pakeist\u0173 batus be deformacij\u0173 ar pa\u017eeidim\u0173, u\u017etikrindamas patikim\u0105 ir ilgalaik\u0119 atram\u0105.<\/div><\/div><div class=\"section\"><div class=\"section-title\"><\/div><div class=\"section-img\"><img decoding=\"async\" src=\"\/vevor\/product\/XGXD394INCHS9DDVH001\/entryway-shoe-bench-a100-2.3.jpg\" \/><\/div><div class=\"section-mobile-img\"><img decoding=\"async\" src=\"\/vevor\/product\/XGXD394INCHS9DDVH001\/entryway-shoe-bench-a100-2.3-m.jpg\" \/><\/div><div class=\"section-desc\">\u0160i \u012f\u0117jimo bat\u0173 saugykla si\u016blo \u012fvairias saugojimo galimybes, padedan\u010dias i\u0161laikyti tvarking\u0105 ir tvarking\u0105 erdv\u0119. Ji prisitaiko prie besikei\u010dian\u010di\u0173 \u0161eimos sand\u0117liavimo poreiki\u0173, i\u0161vengia netvarkos ir pa\u0161alina papildomos bat\u0173 spintel\u0117s poreik\u012f - suteikia daugiau patogumo ir lankstumo j\u016bs\u0173 namams.<\/div><\/div><div class=\"section\"><div class=\"section-title\"><\/div><div class=\"section-img\"><img decoding=\"async\" src=\"\/vevor\/product\/XGXD394INCHS9DDVH001\/entryway-shoe-bench-a100-2.4.jpg\" \/><\/div><div class=\"section-mobile-img\"><img decoding=\"async\" src=\"\/vevor\/product\/XGXD394INCHS9DDVH001\/entryway-shoe-bench-a100-2.4-m.jpg\" \/><\/div><div class=\"section-desc\">M\u016bs\u0173 medinis bat\u0173 stovas pasi\u017eymi \u0161varia, modernia i\u0161vaizda su lygiomis linijomis ir paprasta, eleganti\u0161ka forma. jis lengvai susilieja su \u012fvairiais nam\u0173 dekoro stiliais, tod\u0117l galite pasirinkti dizain\u0105, atitinkant\u012f j\u016bs\u0173 skon\u012f ir papildant\u012f j\u016bs\u0173 \u012f\u0117jim\u0105.<\/div><\/div><div class=\"section\"><div class=\"section-title\"><\/div><div class=\"section-img\"><img decoding=\"async\" src=\"\/vevor\/product\/XGXD394INCHS9DDVH001\/entryway-shoe-bench-a100-2.5.jpg\" \/><\/div><div class=\"section-mobile-img\"><img decoding=\"async\" src=\"\/vevor\/product\/XGXD394INCHS9DDVH001\/entryway-shoe-bench-a100-2.5-m.jpg\" \/><\/div><div class=\"section-desc\">\u0160is medinis bat\u0173 stovas puikiai tinka \u012f\u0117jimuose, gyvenamosiose patalpose arba prie miegamojo dur\u0173 Vir\u0161utiniame pavir\u0161iuje gali tilpti nedideli augalai ar dekoro daiktai, pagerinantys tiek funkcionalum\u0105, tiek i\u0161vaizd\u0105. tai suteikia \u0161ilumos ir komforto j\u016bs\u0173 erdvei, tampa \u017eaviu kambario akcentu.<\/div><\/div><div class=\"section\"><div class=\"section-img\"><img decoding=\"async\" src=\"\/vevor\/product\/XGXD394INCHS9DDVH001\/entryway-shoe-bench-a100-1.11.jpg\" \/><\/div><div class=\"section-mobile-img\"><img decoding=\"async\" src=\"\/vevor\/product\/XGXD394INCHS9DDVH001\/entryway-shoe-bench-a100-1.11-m.jpg\" \/><\/div><\/div><\/div><\/body><\/html><\/div>\n<div class=\"DM_at-title\" id=\"js-DM_at-title\"> <div>Produkto specifikacija<\/div> <i class=\"icon-arrowup_line\"><\/i> <\/div><div class=\"DM_at-goodsDescAttr\" id=\"js-DM_at-goodsDescAttr\"> <div class=\"DM_at-goodsDescAttrInner\"> <dl class=\"goodsDesc_item goodsDesc_item_even\"> <dt>Prek\u0117s Modelio Numeris<\/dt> <dd> KLSC-02<\/dd> <\/dl> <dl class=\"goodsDesc_item\"> <dt>Sand\u0117liavimo pakopos<\/dt> <dd> 2 Columns x 2 Tiers = 4 Compartments<\/dd> <\/dl> <dl class=\"goodsDesc_item goodsDesc_item_even\"> <dt><\/dt> <dd>Sand\u0117liavimo matmenys<\/dd> <\/dl> <dl class=\"goodsDesc_item\"> <dt>Vir\u0161utin\u0117<\/dt> <dd> 18.5 x 12.6 x 5.8 Inch \/ 470 x 320 x 148 mm<\/dd> <\/dl> <dl class=\"goodsDesc_item goodsDesc_item_even\"> <dt>\u017demutin\u0117<\/dt> <dd> 18.5 x 12.6 x 6.6 Inch \/ 470 x 320 x 168 mm<\/dd> <\/dl> <dl class=\"goodsDesc_item\"> <dt>Lentynos Reguliuojamos arba ne<\/dt> <dd> 3 Levels Adjustable (Adjustable Distance<\/dd> <\/dl> <dl class=\"goodsDesc_item goodsDesc_item_even\"> <dt>Paj\u0117gumas vienai pakopai<\/dt> <dd> 9 Pairs of Shoes<\/dd> <\/dl> <dl class=\"goodsDesc_item\"> <dt>Keliamoji Galia<\/dt> <dd> 300 svar\u0173<\/dd> <\/dl> <dl class=\"goodsDesc_item goodsDesc_item_even\"> <dt>Spalva<\/dt> <dd> Balta + Juoda<\/dd> <\/dl> <dl class=\"goodsDesc_item\"> <dt>Med\u017eiaga<\/dt> <dd> Med\u017eio dro\u017eli\u0173 plok\u0161t\u0117s, putos, audinys<\/dd> <\/dl> <dl class=\"goodsDesc_item goodsDesc_item_even\"> <dt>Neto Svoris<\/dt> <dd> 38.91 Lbs \/ 17.65 Kg<\/dd> <\/dl> <dl class=\"goodsDesc_item\"> <dt>Prek\u0117s Matmenys<\/dt> <dd> 39.4 x 14.0 x 18.1 Inch \/ 1000 x 355 x 460 mm<\/dd> <\/dl> <\/div> <\/div>","protected":false},"excerpt":{"rendered":"<ul>\n<li> Erdvus saugojimo paj\u0117gumas: \u0160is \u012f\u0117jimo bat\u0173 stovas suteikia pakankamai vietos \u012fvairi\u0173 r\u016b\u0161i\u0173 avalynei laikyti, \u012fskaitant kulk\u0161nies batus ir \u0161lepetes. Jis lengvai patenkina u\u017eimt\u0173 nam\u0173 \u016bki\u0173 ar dirban\u010di\u0173 specialist\u0173 poreikius, leid\u017eia greitai organizuoti da\u017enus bat\u0173 keitimus ir i\u0161laikyti \u012f\u0117jim\u0105 tvarking\u0105 ir tvarking\u0105 <\/li>\n<li> Tvirta strukt\u016bra ir ilgaam\u017ei\u0161kumas Kokyb\u0117: \u012f\u0117jimo bat\u0173 saugykla pasi\u017eymi stabilia konstrukcija, pagaminta i\u0161 auk\u0161tos kokyb\u0117s nat\u016bralios medienos, i\u0161bandyta, kad atitikt\u0173 ilgalaikio naudojimo standartus. technin\u0117s \u012frangos komponentai yra pagaminti i\u0161 auk\u0161\u010diausios kokyb\u0117s med\u017eiag\u0173 su r\u016bd\u017ei\u0173 ir korozijai atsparia apdaila, u\u017etikrinan\u010dia ilgaam\u017ei\u0161kum\u0105 net dr\u0117gnoje aplinkoje <\/li>\n<li> Highly Efficient Space Design: The interior layout is thoughtfully designed and can be adjusted based on seasons and usage frequency. With adjustable shelf height, it flexibly accommodates items of various sizes\u2014such as ankle boots, tall boots, and slippers\u2014meeting diverse storage needs and maximizing space efficiency <\/li>\n<li> Patogios s\u0117dyn\u0117s avalyn\u0117s keitimui: bat\u0173 spintel\u0117s vir\u0161us yra plok\u0161\u010dias, tvirtas ir labai palaikantis, lengvai atlaikantis svor\u012f be \u017ealos Jis tarnauja kaip patogus suoliukas, tod\u0117l jums nereikia ilgai stov\u0117ti, lenktis ar prit\u016bpti. pagyven\u0119 \u0161eimos nariai ir vaikai gali lengvai atsis\u0117sti, tod\u0117l kiekvienas \u012f\u0117jimas ir i\u0161\u0117jimas tampa sklandesnis ir patogesnis <\/li>\n<li> Erdv\u0117s taupymas ir subtilus dizainas: M\u016bs\u0173 bat\u0173 laikymo stendas turi siaur\u0105 r\u0117m\u0105, kuris sumaniai taupo prie\u0161kambario erdv\u0119, tod\u0117l tai idealus pasirinkimas ma\u017eiems namams. Jis atlieka daugyb\u0119 funkcij\u0173 - ne tik efektyviai saugo batus, bet ir vizualiai ple\u010dia \u012f\u0117jim\u0105, i\u0161laikant atvir\u0105 ir neperkraut\u0105 plot\u0105 <\/li>\n<\/ul>","protected":false},"featured_media":422157,"comment_status":"open","ping_status":"open","template":"","meta":{"om_disable_all_campaigns":false,"_uf_show_specific_survey":0,"_uf_disable_surveys":false},"location":[1935,1934],"product_brand":[],"product_cat":[1958,2094,2093],"product_tag":[],"class_list":{"0":"post-203797","1":"product","2":"type-product","3":"status-publish","4":"has-post-thumbnail","6":"location-supplier_stock_location","7":"location-local_stock_location","8":"product_cat-decor-furniture","9":"product_cat-entryway-benches","10":"product_cat-entryway-furniture","12":"first","13":"instock","14":"taxable","15":"shipping-taxable","16":"purchasable","17":"product-type-simple"},"aioseo_notices":[],"locations":[{"id":1935,"name":"Pieg\u0101d\u0101t\u0101ja noliktav\u0101 (5-7d.d.)","slug":"supplier_stock_location","quantity":"10"},{"id":1934,"name":"R\u012bgas veikal\u0101 (0-2d.d.)","slug":"local_stock_location","quantity":"0"}],"_links":{"self":[{"href":"https:\/\/vevorshop.lv\/lt\/wp-json\/wp\/v2\/product\/203797","targetHints":{"allow":["GET"]}}],"collection":[{"href":"https:\/\/vevorshop.lv\/lt\/wp-json\/wp\/v2\/product"}],"about":[{"href":"https:\/\/vevorshop.lv\/lt\/wp-json\/wp\/v2\/types\/product"}],"replies":[{"embeddable":true,"href":"https:\/\/vevorshop.lv\/lt\/wp-json\/wp\/v2\/comments?post=203797"}],"wp:featuredmedia":[{"embeddable":true,"href":"https:\/\/vevorshop.lv\/lt\/wp-json\/wp\/v2\/media\/422157"}],"wp:attachment":[{"href":"https:\/\/vevorshop.lv\/lt\/wp-json\/wp\/v2\/media?parent=203797"}],"wp:term":[{"taxonomy":"location","embeddable":true,"href":"https:\/\/vevorshop.lv\/lt\/wp-json\/wp\/v2\/location?post=203797"},{"taxonomy":"product_brand","embeddable":true,"href":"https:\/\/vevorshop.lv\/lt\/wp-json\/wp\/v2\/product_brand?post=203797"},{"taxonomy":"product_cat","embeddable":true,"href":"https:\/\/vevorshop.lv\/lt\/wp-json\/wp\/v2\/product_cat?post=203797"},{"taxonomy":"product_tag","embeddable":true,"href":"https:\/\/vevorshop.lv\/lt\/wp-json\/wp\/v2\/product_tag?post=203797"}],"curies":[{"name":"wp","href":"https:\/\/api.w.org\/{rel}","templated":true}]}}