{"id":20673,"date":"2024-11-18T06:09:11","date_gmt":"2024-11-18T06:09:11","guid":{"rendered":"http:\/\/vevorshop.edigo.lv\/Prece\/vevor-laser-level-100ft-green-cross-line-self-leveling-high-accuracy-measuring-2\/"},"modified":"2026-04-22T13:24:29","modified_gmt":"2026-04-22T10:24:29","slug":"vevor-laser-level-100ft-green-cross-line-self-leveling-high-accuracy-measuring-2","status":"publish","type":"product","link":"https:\/\/vevorshop.lv\/lt\/Prece\/vevor-lazerio-lygis-100ft-zalia-skersine-linija-savarankiskai-islyginimo-didelio-tikslumo-matavimo-2\/","title":{"rendered":"VEVOR 3\u00d7360\u00b0 \u017dalias Lazerinis Lygis, Savaiminis, 30 m Diapazonas, Didelio Tikslumo, \u012ekraunamas, IP54, su Magnetiniu Laikikliu"},"content":{"rendered":"<div style=\"color: #fff!important; font-size: 16px; height: 24px; line-height: 24px; margin-top: -24px; \" class=\"product_original_name\">VEVOR lazerio lygis 3048 cm \u017ealios skersin\u0117s linijos savaiminio i\u0161silyginimo didelio tikslumo matavimas<\/div>\n<div style=\"color: #fff!important; font-size: 16px; height: 24px; line-height: 24px; margin-top: -24px; \" class=\"product_sku\">M4I4KNJO<\/div>\n<div style=\"color: #fff!important; font-size: 16px; height: 24px; line-height: 24px; margin-top: -24px; \" class=\"product_mpn\">XJGSPY100FT123N5IV9<\/div><div id=\"js-DM_at-goodDescRich\"><html><head><style>  body {    font-family: Arial;    line-height: 1.5;    color: #1c1c1c;    overflow-x: hidden;    margin: 0;    padding: 0;  }  .MsoNormal b {    font-weight: bolder;  }<\/style><style>  .container.small {    width: 970px;    margin: 0 auto;  }  .logo {    margin: 0 auto 0;  }  .logo img {    display: block;    margin: 0 auto;    max-width: 100%;  }  .logo .pc-banner {    display: block;    width: 1200px;    height: 247.4px;    margin: 0 auto;  }  .logo .pc-banner.small {    width: 970px;  }  .logo .pc-banner.small img {    height: auto!important;  }  .logo .m-banner {    display: none;  }  .ytvideo {    position: relative;    height: 546px;    width: 100%;    margin: 0 auto;  }  .ytvideo img {    width: 100%;    margin: 0 auto;  }  .ytvideo .play-btn {    width: 60px;    height: 42px;    position: absolute;    top: 50%;    left: 50%;    transform: translate(-50%, -50%);    background: url(\"data:image\/png;base64,iVBORw0KGgoAAAANSUhEUgAAAGQAAABGCAMAAAANWMFbAAAC+lBMVEUAAADBGB3kLCfBGB3kLCfcJC7BFx3KKSbiKybkLCbWJCPSIiLSIiLPICHAFx3kLCfgKSXNHiDZJiTIGx\/p4eHcjo7LHSDbJyTkLCbjKyfOHyHPIiL28fHJHB\/GGh7EGR7eKCXDGB3RISHlLSbBGB3AFxzGHB7DGB7BGB3hKybkKybAFx3lLCfAFxzDGR3hKibDGB7cJyTmz8\/elJTlwcHjurrUIyLlLSflLSfAFx3DGR7lLSfCFx3hKibhKibhKybjKybkLCblLSfbJSX49vbx7e3NNzjNMTLMJyjVIyLZf3\/ZQ0LaeHjx0tLgoqLkLCfCGB3HGx\/BGB3BFx3PICHCGB7WJCLOHyC\/Fxy\/Fx3lLCfQISHkLSe\/FxzbJiTBFx3FGx\/AGB7BFx3EGR7AGB3HHSDfKiXAFh3TISHYNzbhKibbJyTTIiL57e325+f039\/v2NjUV1fOHiHiqanfmprch4feKSXVIyPOICHmLibFGh\/mLSe\/Fx7XJCPeKSXXJSPNHyHaJyTGGh7lLCbmLCflLSjSIiLkLCbdKSXLHiC\/GB3KHh++Fh3lKyfoLiXcKCPkx8fYb2\/XaGfVXl3aU1LLHiDksbHgKibPICHbJyTfKSXbJyTCGB3KHSDiKybFGh7TIiL\/\/\/\/VIyPRISHIHB\/GGx\/HHB\/DGR7gKibdKCXLHiDZJiTMHiDNHyHYJSTOICHPICHWJCPcKCXXJSPjLCblLCf+\/f3NGR\/uLijzLynPGR\/IGB7WISHaIyLLGh7UAADxLynNAADRLzDbICLQAADIAAD3MCrUHSHXMTDpKSbLAADp5OTij4\/ejo\/VLy\/1LyngJSTcJCPQHx\/OHB7+\/PzaMS\/OLS\/vLijrLSjSAADaNTPwLyjkKSbNJCbYISHPHB\/KGB7WAAD7+vrn3d3aKynTKCjoLCfsKifRGh\/YAADq5+fhjo7QNDXXKCfmJyXt5+fTLzDLLi\/QKivYHRvMGBrQJCXLISPMExXLDxLaEAvkkI\/bOTfaFQ\/SCgpvLcnHAAAAmnRSTlMA+vv7+gT9Bvf9+8z8\/NSv\/Pr5+P7++vnQIBMP\/v38\/Pn348XDiCYf9OjbzcqxXVcx\/fz8+\/rj1r2poo1+fXFqX0orGP7+\/v7+\/fz8+\/r68uzn4trIxsG\/vri3p6GcmZSNbWVYUUZEPQv+\/f39+\/v7+\/v7+vr64tvV1NTTz87FtbSurqeblJKFg4B3bUY+NjL7+\/v7+\/v67t1cDo8JLQAABkRJREFUWMO0kz9rwkAYh0OIeJkum6YugUAhISCdKoj\/P4C7SMdS+gEKIhSKil10LSg4mzXkILdlEpxCpwTiWOLX6BujvQaEQuGeHLnL+\/64J+SIcKGYTYWnntpdLjrVdqvZmNdn0+EE40GtpuuWVS6Xx6N7YDSGpWXpeq02wHgynM7q80az1a52HpddtVcpsi1zFARBrdaxbhp9iUReTGmwA4KAAr7vx3EYejnCMI6hQYEgy0LQi4jUN0wL19vqFcUC9\/1dAKmEEFkWRYkh5oBejnxQJiSJPJ\/uKBp0Thszx9Mw8hMRIQjKsptCfuES9zr5WJY6vSFCIvE9fCMUmEM1A1kSXcYGxgVYsvI1IPKTZciSTI0us\/SMGG04gDzELDoFBwdcFJrF88dqgYMTiL6DILWYyfOWE8\/kIz38olCNlC03FK95+imxp6y4oUSvAnBjHHhKNtotSDqJzVFiK8c2SBqhZtsrTtgrLXwAyduxZHNE26eHUt5rtuM4WSmds3G+sUdWYo1L+XyxButoh5eKUHk5lByO3G1LqqCWVnfrv\/lyPtf\/4ps1cndNGIri8J1TJ0lx6dR\/oPjq1nbRwdp2dCk4CtIOLW3pVKRL6WZfS5vF2KkIQhpwSsjiYIgNCs1gEMGqiIq24NQX9NwoXFy8Ufrl3twTcg4fv8T9\/JBEySduj6Mjm4bMzYV7EEOxKjjoNDud7yY3Dy71Hq2oLmqfbNR723edH9PgMrNL2utoQ3VmaIDkiw\/4w51P06hlZsTZvkRrbVuSIs\/zwSOsycgzStQouoAkWQqioRT5XI7n2Z1wfVhoZmcAJLsoqjqpjbWCgpOAJXBwHK8PzWbNvoUZJND5wCnSkLAkZ1legx6vqQzjoiTahKlGUGLAiIIoABOHaNVw4sexZBym6\/HWlH5h3IC7yRbxtipcWxdTOkORKiNQAEkFf66x5S2oeRbroOlLgg0sSYkR0hRGEqJZ0jTPiQKatESdBckpWigxaapEH0lImHdWu9pUFF2XqMNM2Z4kped7IwEJw2qabwtrQqnpw6HyKkgcadKWsmpywwesDyIhYRpdzXddqegtGIJlXbAIUMOLkGxJUjRIkokwjUaX9d\/kK62ps\/tYUqZLIMkLTyBhsMZ3C5Z\/kDxOSCb\/DOs\/\/J0qcWSX\/2ipe56EgTCA4\/cB7NAYOsni4mZM1MUPAISoEwkDi4lhVBQ1cWQyIcwalw4EpqZN68JUSK7XC0kTlkLYii5uXSC8jT5ncCAS7mjCv0uHp\/3lueHEEAeQ\/\/VgmdN71\/2uCSA1Xr6DO6uI6sW56zqT2tp2PhgiRUAajV8CY2fkcz6WGNKMgLAt7tJAhD4YHMTeRxlALE6+43WqjSWi8ITxyJl8WrwWSNESQZZOqhDDntO3hJLsd5RtSpbJqdv3YrDJH3F7jL1R2O2aQkn2MyCyKYz0GPGIvSAMgBCrCEiJyKbBaYGwLW4uPRr0A0M4Ux5kUI7IBh+hMdiCEWNqhMZGyYMsOgNE58UQuEQeUnSWCMYwL54hkxK6IoqucQZbQ3pc3XtL0lky1dL0zZJJDpWJovFqpWj6JEHnyam2eQp5QRVAVHjWparTOaVwUOx99YS2MvgxIGV0bb+qIg2HX2qkFFJB+XZcbLiuRkuxD9GRroKyveLxdh4d7Orx+hb7qc3uVRuEogCOnyIxm4ubUoPgF4jianDrC+SDQDKEfJb0GUKmjCGPYHGJvVC6X4hw1\/sAfQAdfYyephIaspXe36RwOP+Ljvfx9B6B3i+Nk0DGq+oCbLn6JpBa9nWAveAIHwFAwtVcIJXPMPL8kRu5OAYPMaL1WScTxjiZDqB9LTJSWphow\/pTYKRTLjCBhvi9iBidvKcDasGSm0QQkycYuLBqj6QCELPctqChDWpTRMWkngNNpQ1Pfp1KkiT\/Y0DGffXAweUNfLAfaJFKDwhb6I+bkYRbkERoEeu3Fyjg2opMz2daZCS9jt6Q7txNfB+OZEVF6Zl5web2xunnLQrtrjXseXKaFYziYINeMFZVxS9VxRhOoesYwxPKXm+gWLG9cuFeq93UNNeJNsf1KlwuDok9n02n3TgIJpOxNfL9naIoQwXtfH9kjceTIIi709ncTg6LZbg+biLH1V6u\/7rxBem06VXKn9raAAAAAElFTkSuQmCC\")      no-repeat center center \/ contain;  }  @media screen and (max-width: 960px) and (orientation: portrait) {    .logo {      width: 100%;    }    .logo .pc-banner {      display: none;    }    .logo .m-banner {      display: block;      width: 100%;    }    .logo .m-banner img {      height: auto!important;    }    .ytvideo {      height: 200px;      width: 100%;    }  }<\/style><style>  .video-section {    width: 100%;    margin: 0 auto;  }  .video-section > img {    width: 100%;  }  .video-section iframe,  .video-section video {    width: 100%;    height: 100%;      }  .video-section-img-m,  .video-section-img-pc > img {    width: 100%;    height: auto;  }  .video-section-img-pc.small > img {    width: 970px;  }  .video-desc {    line-height: 1.5;    font-size: 20px;    font-weight: 400;    margin: 20px 0;    text-align: center;    color: #0f1111;    word-break: break-word;  }  @media screen and (max-width: 960px) and (orientation: portrait) {    .video-section {      width: 100%;    }    .video-section-pc,    .video-section-img-pc {      display: none;    }    .video-section-m,    .video-section-img-m {      display: block;    }    .video-desc {      font-size: 15px;    }  }  @media screen and (min-width: 960px) {    .video-section {      width: 100%;      margin: 0 auto;    }    .video-section-pc,    .video-section-img-pc {      display: block;    }    .video-section-m,    .video-section-img-m {      display: none;    }    .video-desc {      font-size: 20px;    }  }<\/style><style>  .section + .section {    margin-top: 35px;  }  .section-title {    text-align: center;    font-weight: bold;    color: #0d1111;    font-family: \"Arial\";    font-size: 32px;    margin: 15px 0;  }  .section-title:empty {    display: none;  }  .section-desc {    text-align: center;    font-weight: normal;    color: #0d1111;    margin-top: 20px;  }  .section-desc:empty {    display: none;  }  .section-img {    width: 1200px;    height: 492px;    margin: 0 auto;    display: block;  }  .section-img.small {    width: 970px;    height: auto;  }  .section-img.small > img {    height: auto;  }  .section-img > img {    width: 100%;    height: 100%;  }  .section-mobile-img {    display: none;    max-width: 100vw;    max-height: 75vw;    height: 450px;    margin: 0 auto;  }  .section-mobile-img > img {    width: 100%;    height: 100%;  }  @media screen and (max-width: 960px) and (orientation: portrait) {    .container {      width: 100%;    }    .container.small {      width: 100%;    }    .section-mobile-img {      display: block;    }    .section-img {      display: none;    }    .section-title {      font-size: 22px;      margin: 10px 0;    }    .section-desc {      margin-top: 10px;    }    .section + .section {      margin-top: 20px;    }  }<\/style><\/head><body><div class=\"container\"><div class=\"logo\"><div class=\"pc-banner\"><div><img decoding=\"async\" src=\"\/vevor\/vevor\/boutique-banner\/pc\/en-pc@1x.jpg\" style=\"width: 100%;\" \/><\/div><\/div><div class=\"m-banner\"><div><img decoding=\"async\" src=\"\/vevor\/vevor\/boutique-banner\/mobile\/en-m@1x.jpg\" style=\"width: 100%;\" \/><\/div><\/div><\/div><div class=\"section-title\">Puikus Derinim\u0105 Padar\u0117 Lengvas su M\u016bs\u0173 Lazerio Lygis<\/div><div class=\"video-section\"><div class=\"video-section-img-pc\"><img decoding=\"async\" src=\"\/vevor\/product\/XJGSPY100FT123N5I\/laser-level-a100-1.4.jpg\" alt=\"VEVOR lazerio lygio su 3x360\u00b0 apr\u0117ptis, 100 p\u0117d\u0173 darbinis diapazonas, \u00b11\/9,&#034; tikslumas, h\/v lazerio kontrol\u0117s.\" \/><\/div><div class=\"video-section-img-m\"><img decoding=\"async\" src=\"\/vevor\/product\/XJGSPY100FT123N5I\/laser-level-a100-1.4-m.jpg\" alt=\"VEVOR lazerio lygio su 3x360\u00b0 apr\u0117ptis, 100 p\u0117d\u0173 darbinis diapazonas, \u00b11\/9,&#034; tikslumas, h\/v lazerio kontrol\u0117s.\" \/><\/div><div class=\"section-desc\">J\u016bs pavargote nuo art\u0117ja trump\u0105? Ne daugiau apribojim\u0173, trukdan\u010di\u0173 j\u016bs\u0173 darb\u0105! M\u016bs\u0173 lazerio lygis suteikia \u012fsp\u016bding\u0173 iki 100 p\u0117d\u0173, leid\u017eia jums be vargo \u012fveikti platus projektus. Su tikslumas iki \u00b11\/9-coli\u0173, 30 p\u0117d\u0173, lazeris yra teisinga ranka.<\/div><\/div><div class=\"section\"><div class=\"section-title\"><\/div><div class=\"section-img\"><img decoding=\"async\" src=\"\/vevor\/product\/XJGSPY100FT123N5I\/laser-level-a100-2.2.jpg\" alt=\"VEVOR lazerio lygio vadovo ir savaime i\u0161silyginantis re\u017eimai, i\u0161sami u\u017erakinti ir atrakinti mygtukus.\" \/><\/div><div class=\"section-mobile-img\"><img decoding=\"async\" src=\"\/vevor\/product\/XJGSPY100FT123N5I\/laser-level-a100-2.2-m.jpg\" alt=\"VEVOR lazerio lygio vadovo ir savaime i\u0161silyginantis re\u017eimai, i\u0161sami u\u017erakinti ir atrakinti mygtukus.\" \/><\/div><div class=\"section-desc\">Kad savaime i\u0161silyginantis re\u017eimas, atrakinti \u0161vytuokl\u0117s. Kai \u012frankis yra ne savaime i\u0161silyginantis intervalas (\u00b13\u00b0), lazerio spindulys bus &#034;flash&#034; nuolat. Manual re\u017eimas, u\u017erakto \u0161vytuokl\u0117s ir pozicija lazerio priemon\u0117, \u012fvairiais kampais, kad projektas ne lygis tiesiai lazerio linijos.<\/div><\/div><div class=\"section\"><div class=\"section-title\"><\/div><div class=\"section-img\"><img decoding=\"async\" src=\"\/vevor\/product\/XJGSPY100FT123N5I\/laser-level-a100-2.3.jpg\" alt=\"3.7 v \u012fkrovimo baterija (akumuliatorius su tipas-c \u012fkrovimo lizdas rodo 8h trukm\u0117s VEVOR lazerio lygio.\" \/><\/div><div class=\"section-mobile-img\"><img decoding=\"async\" src=\"\/vevor\/product\/XJGSPY100FT123N5I\/laser-level-a100-2.3-m.jpg\" alt=\"3.7 v \u012fkrovimo baterija (akumuliatorius su tipas-c \u012fkrovimo lizdas rodo 8h trukm\u0117s VEVOR lazerio lygio.\" \/><\/div><div class=\"section-desc\">Galingas magnetinis laikiklis su 1\/4'' trigubais sriegiais saugiai pritvirtina lazer\u012f prie bet kokio plieninio pavir\u0161iaus Be to, j\u012f galima lengvai pritvirtinti ant trikojo, tod\u0117l galima lengvai reguliuoti auk\u0161t\u012f ir sutaupyti brangaus laiko bei pastang\u0173.<\/div><\/div><div class=\"section\"><div class=\"section-title\"><\/div><div class=\"section-img\"><img decoding=\"async\" src=\"\/vevor\/product\/XJGSPY100FT123N5I\/laser-level-a100-2.4.jpg\" alt=\"VEVOR lazerio lygio su magnetiniu laikikliu ir 1\/4&#034; sriegiu kalno u\u017e kelis nustatymo funkcijos.\" \/><\/div><div class=\"section-mobile-img\"><img decoding=\"async\" src=\"\/vevor\/product\/XJGSPY100FT123N5I\/laser-level-a100-2.4-m.jpg\" alt=\"VEVOR lazerio lygio su magnetiniu laikikliu ir 1\/4&#034; sriegiu kalno u\u017e kelis nustatymo funkcijos.\" \/><\/div><div class=\"section-desc\">Nerimauja dirbti sunkiomis s\u0105lygomis? nebijokite! m\u016bs\u0173 rotacinis lazerio lygis gali pasigirti IP54 apsauga, tod\u0117l jis yra atsparus dulk\u0117ms ir atsparus vandeniui. Jis sukurtas taip, kad atlaikyt\u0173 at\u0161iauriausi\u0105 aplink\u0105, u\u017etikrindamas ilgaam\u017ei\u0161kum\u0105 ir patikimum\u0105, nesvarbu, kur jus nuves j\u016bs\u0173 projektai.<\/div><\/div><div class=\"section\"><div class=\"section-title\"><\/div><div class=\"section-img\"><img decoding=\"async\" src=\"\/vevor\/product\/XJGSPY100FT123N5I\/laser-level-a100-2.5.jpg\" alt=\"VEVOR lazerio lygis didina &#034;pasidaryk pats&#034; su ultimate tikslumo kabo paveikslai, dengimo, bei elektros darbai.\" \/><\/div><div class=\"section-mobile-img\"><img decoding=\"async\" src=\"\/vevor\/product\/XJGSPY100FT123N5I\/laser-level-a100-2.5-m.jpg\" alt=\"VEVOR lazerio lygis didina &#034;pasidaryk pats&#034; su ultimate tikslumo kabo paveikslai, dengimo, bei elektros darbai.\" \/><\/div><div class=\"section-desc\">M\u016bs\u0173 Lazerio Lygis yra universalus \u012frankis, kuris gali b\u016bti naudojamas \u012fvairioms reikm\u0117ms. \u012ediegti, lentynos, spintos, plyteli\u0173 arba darb\u0105 derinti r\u0117mai, &#034;windows&#034;, arba elektros \u012frenginiai, \u0161is lygis yra j\u016bs\u0173 go-sprendimas, skirtas \u012fvairi\u0173 projekt\u0173.<\/div><\/div><div class=\"section\"><div class=\"section-img\"><img decoding=\"async\" src=\"\/vevor\/product\/XJGSPY100FT123N5I\/laser-level-a100-1.11.jpg\" alt=\"VEVOR lazerio lygio su 100 p\u0117d\u0173 asortiment\u0105, 520nm bangos ilgis, ip54 reiting\u0105, ir abs\/tpe med\u017eiagos.\" \/><\/div><div class=\"section-mobile-img\"><img decoding=\"async\" src=\"\/vevor\/product\/XJGSPY100FT123N5I\/laser-level-a100-1.11.jpg\" alt=\"VEVOR lazerio lygio su 100 p\u0117d\u0173 asortiment\u0105, 520nm bangos ilgis, ip54 reiting\u0105, ir abs\/tpe med\u017eiagos.\" \/><\/div><\/div><\/div><\/body><\/html><\/div>\n<div class=\"DM_at-title\" id=\"js-DM_at-title\"> <div>Produkto specifikacija<\/div> <i class=\"icon-arrowup_line\"><\/i> <\/div><div class=\"DM_at-goodsDescAttr\" id=\"js-DM_at-goodsDescAttr\"> <div class=\"DM_at-goodsDescAttrInner\"> <dl class=\"goodsDesc_item goodsDesc_item_even\"> <dt>Prek\u0117s Modelio Numeris<\/dt> <dd> CM03<\/dd> <\/dl> <dl class=\"goodsDesc_item\"> <dt>Matavimo Diapazonas<\/dt> <dd> 100 p\u0117d\u0173 \/ 30 m<\/dd> <\/dl> <dl class=\"goodsDesc_item goodsDesc_item_even\"> <dt>Niveliavimo Diapazonas<\/dt> <dd> \u00b13\u00b0<\/dd> <\/dl> <dl class=\"goodsDesc_item\"> <dt>Tikslumas<\/dt> <dd> 1\/9&#034;\/33 p\u0117d\u0173 (10 m)<\/dd> <\/dl> <dl class=\"goodsDesc_item goodsDesc_item_even\"> <dt>Lazerio Bangos Ilgis<\/dt> <dd> 520 nm \u00b1 10 nm<\/dd> <\/dl> <dl class=\"goodsDesc_item\"> <dt>Maitinimo \u0160altinis<\/dt> <dd> 3.7 V \u012ekraunamas Baterijas, Tipas-c Uosto<\/dd> <\/dl> <dl class=\"goodsDesc_item goodsDesc_item_even\"> <dt>I\u0161\u0117jimo Galia<\/dt> <dd> &lt;1mW<\/dd> <\/dl> <dl class=\"goodsDesc_item\"> <dt>Atsparus Vandeniui Reitingas<\/dt> <dd> IP54<\/dd> <\/dl> <dl class=\"goodsDesc_item goodsDesc_item_even\"> <dt>Med\u017eiaga<\/dt> <dd> ABS, TPE<\/dd> <\/dl> <dl class=\"goodsDesc_item\"> <dt>Nepertraukiamo Darbo Laikas<\/dt> <dd> Ma\u017edaug. 8 h<\/dd> <\/dl> <dl class=\"goodsDesc_item goodsDesc_item_even\"> <dt>Prek\u0117s Svoris<\/dt> <dd> 2.97 svar\u0173 \/ 1.35 kg<\/dd> <\/dl> <\/div> <\/div>","protected":false},"excerpt":{"rendered":"<ul>\n<li> 3 x 360\u00b0 Lazeriai Apr\u0117ptis: M\u016bs\u0173 sukasi lazerio lygis ai\u0161kus ir ry\u0161kus lazerio spindulys, su \u00b1 1\/9 coli\u0173 33 p\u0117d\u0173 didelis tikslumas, 100 p\u0117d\u0173 darbinis atstumas. 360\u00b0 lazerio l\u0117ktuvai gali b\u016bti lengvai pasirinkti naudojant atskir\u0173 H ir V mygtukus, priklausomai nuo konkre\u010dios parai\u0161kos d\u0117l darbo vietoje. <\/li>\n<li> Greitas \u012ekrovimas: M\u016bs\u0173 lazerio lygio funkcijos \u012fkrovimo 3,7 V baterija, kuri si\u016blo ma\u017edaug 8 valand\u0173. Lazerinis \u012frankis taip pat yra \u012frengta su Tipas-C \u012fkrovimo lizdas ir toliau naudoti darbo vietoje, kai baterija mir\u0161ta. Greitai \u012fkrauti, jis gali b\u016bti lengvai prijungtas prie ne\u0161iojamojo kompiuterio, mobiliojo maitinimo, arba sieninis adapteris. <\/li>\n<li> Lengvas Naudojimas: lazerinis \u012frankis apima magnetinio kalno, tod\u0117l j\u012f lengva pritvirtinti priemon\u0117, kur jums reikia. Tiesiog saug\u0173 lyg\u012f, kad metalo pavir\u0161ius, ir j\u016bs visi nustatyti hands-free su pilna stabilum\u0105. M\u016bs\u0173 lazerio lygis yra apgalvotai suprojektuoti su 1\/4&#034; sriegiu, u\u017etikrinant lengvas montavimas ant stovai (trikojai, ne\u012fskai\u010diuotos) arba kitus suderinamus suderinamus priedus. <\/li>\n<li> Auk\u0161\u010diausios kokyb\u0117s Med\u017eiagos: M\u016bs\u0173 vartotojas-draugi\u0161kas lygio lazerio \u012frankis suteikia jums ramyb\u0119 su savo IP54 reiting\u0105. Jis yra tvirtas, plataus poveikio composite b\u016bsto, kuris saugo vidaus mechanizmo ir nuo vandens ir dulki\u0173, u\u017etikrinant ilgalaik\u012f patikimum\u0105 net ir sunkiomis s\u0105lygomis. <\/li>\n<li> Patogus ir universalus: m\u016bs\u0173 patogus naudoti lygio lazerinis \u012frankis suteikia jums ramyb\u0119 d\u0117l savo IP54 \u012fvertinimo. Jame yra tvirtas, didelio poveikio kompozitinis korpusas, apsaugantis vidin\u012f mechanizm\u0105 nuo vandens ir dulki\u0173, u\u017etikrinantis ilgalaik\u012f patikimum\u0105 net ir sunkiomis s\u0105lygomis. puikiai tinka vis\u0173 r\u016b\u0161i\u0173 darbams, \u012fskaitant lub\u0173 montavim\u0105, ap\u0161vietimo \u012frengini\u0173 i\u0161d\u0117stym\u0105, vaizdo r\u0117mo i\u0161lyginim\u0105, sien\u0173 ir grind\u0173 plyteli\u0173 klojim\u0105. <\/li>\n<\/ul>","protected":false},"featured_media":274641,"comment_status":"closed","ping_status":"open","template":"","meta":{"om_disable_all_campaigns":false,"_monsterinsights_skip_tracking":false,"_monsterinsights_sitenote_active":false,"_monsterinsights_sitenote_note":"","_monsterinsights_sitenote_category":0,"_uf_show_specific_survey":0,"_uf_disable_surveys":false},"location":[1935,1934],"product_brand":[21],"product_cat":[2400,2944,3540,2401,2374],"product_tag":[],"class_list":{"0":"post-20673","1":"product","2":"type-product","3":"status-publish","4":"has-post-thumbnail","6":"location-supplier_stock_location","7":"location-local_stock_location","8":"product_brand-vevor","9":"product_cat-hand-tools-tools","10":"product_cat-laser-level","11":"product_cat-line-laser","12":"product_cat-measuring-tools-hand-tools-tools","13":"product_cat-tools","15":"first","16":"instock","17":"taxable","18":"shipping-taxable","19":"purchasable","20":"product-type-simple"},"aioseo_notices":[],"jetpack_sharing_enabled":true,"locations":[{"id":1935,"name":"Pieg\u0101d\u0101t\u0101ja noliktav\u0101 (5-7d.d.)","slug":"supplier_stock_location","quantity":"55"},{"id":1934,"name":"R\u012bgas veikal\u0101 (0-2d.d.)","slug":"local_stock_location","quantity":"0"}],"_links":{"self":[{"href":"https:\/\/vevorshop.lv\/lt\/wp-json\/wp\/v2\/product\/20673","targetHints":{"allow":["GET"]}}],"collection":[{"href":"https:\/\/vevorshop.lv\/lt\/wp-json\/wp\/v2\/product"}],"about":[{"href":"https:\/\/vevorshop.lv\/lt\/wp-json\/wp\/v2\/types\/product"}],"replies":[{"embeddable":true,"href":"https:\/\/vevorshop.lv\/lt\/wp-json\/wp\/v2\/comments?post=20673"}],"wp:featuredmedia":[{"embeddable":true,"href":"https:\/\/vevorshop.lv\/lt\/wp-json\/wp\/v2\/media\/274641"}],"wp:attachment":[{"href":"https:\/\/vevorshop.lv\/lt\/wp-json\/wp\/v2\/media?parent=20673"}],"wp:term":[{"taxonomy":"location","embeddable":true,"href":"https:\/\/vevorshop.lv\/lt\/wp-json\/wp\/v2\/location?post=20673"},{"taxonomy":"product_brand","embeddable":true,"href":"https:\/\/vevorshop.lv\/lt\/wp-json\/wp\/v2\/product_brand?post=20673"},{"taxonomy":"product_cat","embeddable":true,"href":"https:\/\/vevorshop.lv\/lt\/wp-json\/wp\/v2\/product_cat?post=20673"},{"taxonomy":"product_tag","embeddable":true,"href":"https:\/\/vevorshop.lv\/lt\/wp-json\/wp\/v2\/product_tag?post=20673"}],"curies":[{"name":"wp","href":"https:\/\/api.w.org\/{rel}","templated":true}]}}