{"id":208306,"date":"2025-10-13T19:51:20","date_gmt":"2025-10-13T16:51:20","guid":{"rendered":"https:\/\/vevorshop.lv\/en_us\/Prece\/vevor-double-sided-reflective-insulation-roll-38-1m-x-1-22m-0-15mm-aluminum-foil-heat-shield-for-roof-window-rv\/"},"modified":"2026-04-17T15:19:01","modified_gmt":"2026-04-17T12:19:01","slug":"vevor-double-sided-reflective-insulation-roll-38-1m-x-1-22m-0-15mm-aluminum-foil-heat-shield-for-roof-window-rv","status":"publish","type":"product","link":"https:\/\/vevorshop.lv\/lt\/Prece\/vevor-dvipusis-atspindintis-izoliacinis-ritinys-38-1m-x-1-22m-0-15mm-aliuminio-folijos-silumos-skydas-stogo-langui-rv\/","title":{"rendered":"VEVOR \u0161ilumos izoliacijos ritinys 38,1 m x 1,22 m, dvipus\u0117 aliuminio folija, kv\u0117puojanti \u0161ilumos atspind\u017eio danga stogams ir langams"},"content":{"rendered":"<div style=\"color: #fff!important; font-size: 16px; height: 24px; line-height: 24px; margin-top: -24px; \" class=\"product_original_name\">VEVOR dvigubos atspindin\u010dios izoliacijos ritinys, perforuotas austas audinys Spinduliavimo barjeras, 0,15 mm 38,1 m x 1,22 m, dvipusis aliuminio folijos \u0161ilum\u0105 atspindintis skydas, \u0161ilumin\u0117s izoliacijos ritinys lango RV stogui<\/div>\n<div style=\"color: #fff!important; font-size: 16px; height: 24px; line-height: 24px; margin-top: -24px; \" class=\"product_sku\">MGP7097C<\/div>\n<div style=\"color: #fff!important; font-size: 16px; height: 24px; line-height: 24px; margin-top: -24px; \" class=\"product_mpn\">LBPEBZBRFSFSQC2NV001V0<\/div><div id=\"js-DM_at-goodDescRich\"><html><head><style>  body {    font-family: Arial;    line-height: 1.5;    color: #1c1c1c;    overflow-x: hidden;    margin: 0;    padding: 0;  }  .MsoNormal b {    font-weight: bolder;  }<\/style><style>  .container.small {    width: 970px;    margin: 0 auto;  }  .logo {    margin: 0 auto 0;  }  .logo img {    display: block;    margin: 0 auto;    max-width: 100%;  }  .logo .pc-banner {    display: block;    width: 1200px;    height: 247.4px;    margin: 0 auto;  }  .logo .pc-banner.small {    width: 970px;  }  .logo .pc-banner.small img {    height: auto!important;  }  .logo .m-banner {    display: none;  }  .ytvideo {    position: relative;    height: 546px;    width: 100%;    margin: 0 auto;  }  .ytvideo img {    width: 100%;    margin: 0 auto;  }  .ytvideo .play-btn {    width: 60px;    height: 42px;    position: absolute;    top: 50%;    left: 50%;    transform: translate(-50%, -50%);    background: url(\"data:image\/png;base64,iVBORw0KGgoAAAANSUhEUgAAAGQAAABGCAMAAAANWMFbAAAC+lBMVEUAAADBGB3kLCfBGB3kLCfcJC7BFx3KKSbiKybkLCbWJCPSIiLSIiLPICHAFx3kLCfgKSXNHiDZJiTIGx\/p4eHcjo7LHSDbJyTkLCbjKyfOHyHPIiL28fHJHB\/GGh7EGR7eKCXDGB3RISHlLSbBGB3AFxzGHB7DGB7BGB3hKybkKybAFx3lLCfAFxzDGR3hKibDGB7cJyTmz8\/elJTlwcHjurrUIyLlLSflLSfAFx3DGR7lLSfCFx3hKibhKibhKybjKybkLCblLSfbJSX49vbx7e3NNzjNMTLMJyjVIyLZf3\/ZQ0LaeHjx0tLgoqLkLCfCGB3HGx\/BGB3BFx3PICHCGB7WJCLOHyC\/Fxy\/Fx3lLCfQISHkLSe\/FxzbJiTBFx3FGx\/AGB7BFx3EGR7AGB3HHSDfKiXAFh3TISHYNzbhKibbJyTTIiL57e325+f039\/v2NjUV1fOHiHiqanfmprch4feKSXVIyPOICHmLibFGh\/mLSe\/Fx7XJCPeKSXXJSPNHyHaJyTGGh7lLCbmLCflLSjSIiLkLCbdKSXLHiC\/GB3KHh++Fh3lKyfoLiXcKCPkx8fYb2\/XaGfVXl3aU1LLHiDksbHgKibPICHbJyTfKSXbJyTCGB3KHSDiKybFGh7TIiL\/\/\/\/VIyPRISHIHB\/GGx\/HHB\/DGR7gKibdKCXLHiDZJiTMHiDNHyHYJSTOICHPICHWJCPcKCXXJSPjLCblLCf+\/f3NGR\/uLijzLynPGR\/IGB7WISHaIyLLGh7UAADxLynNAADRLzDbICLQAADIAAD3MCrUHSHXMTDpKSbLAADp5OTij4\/ejo\/VLy\/1LyngJSTcJCPQHx\/OHB7+\/PzaMS\/OLS\/vLijrLSjSAADaNTPwLyjkKSbNJCbYISHPHB\/KGB7WAAD7+vrn3d3aKynTKCjoLCfsKifRGh\/YAADq5+fhjo7QNDXXKCfmJyXt5+fTLzDLLi\/QKivYHRvMGBrQJCXLISPMExXLDxLaEAvkkI\/bOTfaFQ\/SCgpvLcnHAAAAmnRSTlMA+vv7+gT9Bvf9+8z8\/NSv\/Pr5+P7++vnQIBMP\/v38\/Pn348XDiCYf9OjbzcqxXVcx\/fz8+\/rj1r2poo1+fXFqX0orGP7+\/v7+\/fz8+\/r68uzn4trIxsG\/vri3p6GcmZSNbWVYUUZEPQv+\/f39+\/v7+\/v7+vr64tvV1NTTz87FtbSurqeblJKFg4B3bUY+NjL7+\/v7+\/v67t1cDo8JLQAABkRJREFUWMO0kz9rwkAYh0OIeJkum6YugUAhISCdKoj\/P4C7SMdS+gEKIhSKil10LSg4mzXkILdlEpxCpwTiWOLX6BujvQaEQuGeHLnL+\/64J+SIcKGYTYWnntpdLjrVdqvZmNdn0+EE40GtpuuWVS6Xx6N7YDSGpWXpeq02wHgynM7q80az1a52HpddtVcpsi1zFARBrdaxbhp9iUReTGmwA4KAAr7vx3EYejnCMI6hQYEgy0LQi4jUN0wL19vqFcUC9\/1dAKmEEFkWRYkh5oBejnxQJiSJPJ\/uKBp0Thszx9Mw8hMRIQjKsptCfuES9zr5WJY6vSFCIvE9fCMUmEM1A1kSXcYGxgVYsvI1IPKTZciSTI0us\/SMGG04gDzELDoFBwdcFJrF88dqgYMTiL6DILWYyfOWE8\/kIz38olCNlC03FK95+imxp6y4oUSvAnBjHHhKNtotSDqJzVFiK8c2SBqhZtsrTtgrLXwAyduxZHNE26eHUt5rtuM4WSmds3G+sUdWYo1L+XyxButoh5eKUHk5lByO3G1LqqCWVnfrv\/lyPtf\/4ps1cndNGIri8J1TJ0lx6dR\/oPjq1nbRwdp2dCk4CtIOLW3pVKRL6WZfS5vF2KkIQhpwSsjiYIgNCs1gEMGqiIq24NQX9NwoXFy8Ufrl3twTcg4fv8T9\/JBEySduj6Mjm4bMzYV7EEOxKjjoNDud7yY3Dy71Hq2oLmqfbNR723edH9PgMrNL2utoQ3VmaIDkiw\/4w51P06hlZsTZvkRrbVuSIs\/zwSOsycgzStQouoAkWQqioRT5XI7n2Z1wfVhoZmcAJLsoqjqpjbWCgpOAJXBwHK8PzWbNvoUZJND5wCnSkLAkZ1legx6vqQzjoiTahKlGUGLAiIIoABOHaNVw4sexZBym6\/HWlH5h3IC7yRbxtipcWxdTOkORKiNQAEkFf66x5S2oeRbroOlLgg0sSYkR0hRGEqJZ0jTPiQKatESdBckpWigxaapEH0lImHdWu9pUFF2XqMNM2Z4kped7IwEJw2qabwtrQqnpw6HyKkgcadKWsmpywwesDyIhYRpdzXddqegtGIJlXbAIUMOLkGxJUjRIkokwjUaX9d\/kK62ps\/tYUqZLIMkLTyBhsMZ3C5Z\/kDxOSCb\/DOs\/\/J0qcWSX\/2ipe56EgTCA4\/cB7NAYOsni4mZM1MUPAISoEwkDi4lhVBQ1cWQyIcwalw4EpqZN68JUSK7XC0kTlkLYii5uXSC8jT5ncCAS7mjCv0uHp\/3lueHEEAeQ\/\/VgmdN71\/2uCSA1Xr6DO6uI6sW56zqT2tp2PhgiRUAajV8CY2fkcz6WGNKMgLAt7tJAhD4YHMTeRxlALE6+43WqjSWi8ITxyJl8WrwWSNESQZZOqhDDntO3hJLsd5RtSpbJqdv3YrDJH3F7jL1R2O2aQkn2MyCyKYz0GPGIvSAMgBCrCEiJyKbBaYGwLW4uPRr0A0M4Ux5kUI7IBh+hMdiCEWNqhMZGyYMsOgNE58UQuEQeUnSWCMYwL54hkxK6IoqucQZbQ3pc3XtL0lky1dL0zZJJDpWJovFqpWj6JEHnyam2eQp5QRVAVHjWparTOaVwUOx99YS2MvgxIGV0bb+qIg2HX2qkFFJB+XZcbLiuRkuxD9GRroKyveLxdh4d7Orx+hb7qc3uVRuEogCOnyIxm4ubUoPgF4jianDrC+SDQDKEfJb0GUKmjCGPYHGJvVC6X4hw1\/sAfQAdfYyephIaspXe36RwOP+Ljvfx9B6B3i+Nk0DGq+oCbLn6JpBa9nWAveAIHwFAwtVcIJXPMPL8kRu5OAYPMaL1WScTxjiZDqB9LTJSWphow\/pTYKRTLjCBhvi9iBidvKcDasGSm0QQkycYuLBqj6QCELPctqChDWpTRMWkngNNpQ1Pfp1KkiT\/Y0DGffXAweUNfLAfaJFKDwhb6I+bkYRbkERoEeu3Fyjg2opMz2daZCS9jt6Q7txNfB+OZEVF6Zl5web2xunnLQrtrjXseXKaFYziYINeMFZVxS9VxRhOoesYwxPKXm+gWLG9cuFeq93UNNeJNsf1KlwuDok9n02n3TgIJpOxNfL9naIoQwXtfH9kjceTIIi709ncTg6LZbg+biLH1V6u\/7rxBem06VXKn9raAAAAAElFTkSuQmCC\")      no-repeat center center \/ contain;  }  @media screen and (max-width: 960px) and (orientation: portrait) {    .logo {      width: 100%;    }    .logo .pc-banner {      display: none;    }    .logo .m-banner {      display: block;      width: 100%;    }    .logo .m-banner img {      height: auto!important;    }    .ytvideo {      height: 200px;      width: 100%;    }  }<\/style><style>  .video-section {    width: 100%;    margin: 0 auto;  }  .video-section > img {    width: 100%;  }  .video-section iframe,  .video-section video {    width: 100%;    height: 100%;      }  .video-section-img-m,  .video-section-img-pc > img {    width: 100%;    height: auto;  }  .video-section-img-pc.small > img {    width: 970px;  }  .video-desc {    line-height: 1.5;    font-size: 20px;    font-weight: 400;    margin: 20px 0;    text-align: center;    color: #0f1111;    word-break: break-word;  }  @media screen and (max-width: 960px) and (orientation: portrait) {    .video-section {      width: 100%;    }    .video-section-pc,    .video-section-img-pc {      display: none;    }    .video-section-m,    .video-section-img-m {      display: block;    }    .video-desc {      font-size: 15px;    }  }  @media screen and (min-width: 960px) {    .video-section {      width: 100%;      margin: 0 auto;    }    .video-section-pc,    .video-section-img-pc {      display: block;    }    .video-section-m,    .video-section-img-m {      display: none;    }    .video-desc {      font-size: 20px;    }  }<\/style><style>  .section + .section {    margin-top: 35px;  }  .section-title {    text-align: center;    font-weight: bold;    color: #0d1111;    font-family: \"Arial\";    font-size: 32px;    margin: 15px 0;  }  .section-title:empty {    display: none;  }  .section-desc {    text-align: center;    font-weight: normal;    color: #0d1111;    margin-top: 20px;  }  .section-desc:empty {    display: none;  }  .section-img {    width: 1200px;    height: 492px;    margin: 0 auto;    display: block;  }  .section-img.small {    width: 970px;    height: auto;  }  .section-img.small > img {    height: auto;  }  .section-img > img {    width: 100%;    height: 100%;  }  .section-mobile-img {    display: none;    max-width: 100vw;    max-height: 75vw;    height: 450px;    margin: 0 auto;  }  .section-mobile-img > img {    width: 100%;    height: 100%;  }  @media screen and (max-width: 960px) and (orientation: portrait) {    .container {      width: 100%;    }    .container.small {      width: 100%;    }    .section-mobile-img {      display: block;    }    .section-img {      display: none;    }    .section-title {      font-size: 22px;      margin: 10px 0;    }    .section-desc {      margin-top: 10px;    }    .section + .section {      margin-top: 20px;    }  }<\/style><\/head><body><div class=\"container\"><div class=\"logo\"><div class=\"pc-banner\"><div><img decoding=\"async\" src=\"\/vevor\/vevor\/boutique-banner\/pc\/en-pc@1x.jpg\" style=\"width: 100%;\" \/><\/div><\/div><div class=\"m-banner\"><div><img decoding=\"async\" src=\"\/vevor\/vevor\/boutique-banner\/mobile\/en-m@1x.jpg\" style=\"width: 100%;\" \/><\/div><\/div><\/div><div class=\"section-title\">Vasar\u0105 b\u016bkite v\u0117s\u016bs, \u017eiem\u0105 b\u016bkite \u0161ilti<\/div><div class=\"video-section\"><div class=\"video-section-img-pc\"><img decoding=\"async\" src=\"\/vevor\/product\/LBPEBZBRFSFSQC2NV001\/heat-reflective-radiant-barrier-a100-1.4.jpg\" \/><\/div><div class=\"video-section-img-m\"><img decoding=\"async\" src=\"\/vevor\/product\/LBPEBZBRFSFSQC2NV001\/heat-reflective-radiant-barrier-a100-1.4-m.jpg\" \/><\/div><div class=\"section-desc\">VEVOR dvigubas atspindintis izoliacinis ritinys pasi\u017eymi \u226595% dideliu atspind\u017eiu, naudojant dvigub\u0105 atspindin\u010di\u0105 aliuminio folij\u0105 ir perforuot\u0105 audin\u012f Jis blokuoja saul\u0117s \u0161vies\u0105 vasar\u0105, tuo pa\u010diu u\u017ekertant keli\u0105 patalp\u0173 \u0161ildymo nuostoliams \u017eiem\u0105, i\u0161laikant patogi\u0105 patalp\u0173 temperat\u016br\u0105.<\/div><\/div><div class=\"section\"><div class=\"section-title\"><\/div><div class=\"section-img\"><img decoding=\"async\" src=\"\/vevor\/product\/LBPEBZBRFSFSQC2NV001\/heat-reflective-radiant-barrier-a100-2.2.jpg\" \/><\/div><div class=\"section-mobile-img\"><img decoding=\"async\" src=\"\/vevor\/product\/LBPEBZBRFSFSQC2NV001\/heat-reflective-radiant-barrier-a100-2.2-m.jpg\" \/><\/div><div class=\"section-desc\">Pagaminta i\u0161 dvipus\u0117s aliuminio folijos, atspindin\u010dios daugum\u0105 saul\u0117s energijos, ir perforuoto austo audinio sluoksnio oro cirkuliacijai, m\u016bs\u0173 \u0161ilumos izoliacijos ritinys si\u016blo i\u0161skirtin\u0119 \u0161ilumos izoliacij\u0105.<\/div><\/div><div class=\"section\"><div class=\"section-title\"><\/div><div class=\"section-img\"><img decoding=\"async\" src=\"\/vevor\/product\/LBPEBZBRFSFSQC2NV001\/heat-reflective-radiant-barrier-a100-2.3.jpg\" \/><\/div><div class=\"section-mobile-img\"><img decoding=\"async\" src=\"\/vevor\/product\/LBPEBZBRFSFSQC2NV001\/heat-reflective-radiant-barrier-a100-2.3-m.jpg\" \/><\/div><div class=\"section-desc\">Pagamintas i\u0161 auk\u0161tos kokyb\u0117s dviej\u0173 atspindin\u010diu aliuminio folija, m\u016bs\u0173 \u0161ilumos izoliacija, \u0161ilumos skydas yra skirtas b\u016bti a\u0161ara, ir d\u016briams atsparios, \u012fbr\u0117\u017eimams ir d\u0117v\u0117jimuisi atsparios, u\u017etikrinant, i\u0161skirtinis ilgaam\u017ei\u0161kumas ir stabilumas, ilgalaikio naudojimo.<\/div><\/div><div class=\"section\"><div class=\"section-title\"><\/div><div class=\"section-img\"><img decoding=\"async\" src=\"\/vevor\/product\/LBPEBZBRFSFSQC2NV001\/heat-reflective-radiant-barrier-a100-2.4.jpg\" \/><\/div><div class=\"section-mobile-img\"><img decoding=\"async\" src=\"\/vevor\/product\/LBPEBZBRFSFSQC2NV001\/heat-reflective-radiant-barrier-a100-2.4-m.jpg\" \/><\/div><div class=\"section-desc\">Nor\u0117dami maksimaliai padidinti \u0161ilumos izoliacijos efektyvum\u0105, vadovaukit\u0117s 3 montavimo patarimais: i\u0161laikykite \u0161var\u0173 ir saus\u0105 pagrindo pavir\u0161i\u0173, venkite vandens poveikio bent vien\u0105 dien\u0105 po panaudojimo ir tvirtai paspauskite, kad sandarumas b\u016bt\u0173 sandarus ir optimalus izoliacijos efektyvumas.<\/div><\/div><div class=\"section\"><div class=\"section-title\"><\/div><div class=\"section-img\"><img decoding=\"async\" src=\"\/vevor\/product\/LBPEBZBRFSFSQC2NV001\/heat-reflective-radiant-barrier-a100-2.5.jpg\" \/><\/div><div class=\"section-mobile-img\"><img decoding=\"async\" src=\"\/vevor\/product\/LBPEBZBRFSFSQC2NV001\/heat-reflective-radiant-barrier-a100-2.5-m.jpg\" \/><\/div><div class=\"section-desc\">Mes si\u016blome \u012fvairius storio ir dyd\u017eio variantus, kad atitikt\u0173 skirtingus poreikius Nesvarbu, ar tai langai, gara\u017eai, RV, namai ar stogai, m\u016bs\u0173 aliuminio folija austas audinys spinduliavimo barjeras u\u017etikrina veiksming\u0105 \u0161ilumos blokavim\u0105 ir izoliacij\u0105.<\/div><\/div><div class=\"section\"><div class=\"section-img\"><img decoding=\"async\" src=\"\/vevor\/product\/LBPEBZBRFSFSQC2NV001\/heat-reflective-radiant-barrier-a100-1.11.jpg\" \/><\/div><div class=\"section-mobile-img\"><img decoding=\"async\" src=\"\/vevor\/product\/LBPEBZBRFSFSQC2NV001\/heat-reflective-radiant-barrier-a100-1.11-m.jpg\" \/><\/div><\/div><\/div><\/body><\/html><\/div>\n<div class=\"DM_at-title\" id=\"js-DM_at-title\"> <div>Produkto specifikacija<\/div> <i class=\"icon-arrowup_line\"><\/i> <\/div><div class=\"DM_at-goodsDescAttr\" id=\"js-DM_at-goodsDescAttr\"> <div class=\"DM_at-goodsDescAttrInner\"> <dl class=\"goodsDesc_item goodsDesc_item_even\"> <dt>Prek\u0117s Modelio Numeris<\/dt> <dd> PE20D-0.15<\/dd> <\/dl> <dl class=\"goodsDesc_item\"> <dt>Med\u017eiaga<\/dt> <dd> Aliuminio folija + austas audinys + aliuminio folija (perforuota)<\/dd> <\/dl> <dl class=\"goodsDesc_item goodsDesc_item_even\"> <dt>\u0160iluminis atspindys<\/dt> <dd> \u226595%<\/dd> <\/dl> <dl class=\"goodsDesc_item\"> <dt>Gaminio Matmenys<\/dt> <dd> 4 x 125 p\u0117dos \/ 1220 x 38100 mm<\/dd> <\/dl> <dl class=\"goodsDesc_item goodsDesc_item_even\"> <dt>Storis<\/dt> <dd> 0,06 colio \/ 0,15 mm<\/dd> <\/dl> <dl class=\"goodsDesc_item\"> <dt>Elementas Kiekis<\/dt> <dd> 1 Ritin\u0117lis<\/dd> <\/dl> <dl class=\"goodsDesc_item goodsDesc_item_even\"> <dt>Neto Svoris<\/dt> <dd> 13.23 svar\u0173 \/ 6 kg<\/dd> <\/dl> <\/div> <\/div>","protected":false},"excerpt":{"rendered":"<ul>\n<li> Puiki \u0161ilumos izoliacija: Pagaminta i\u0161 dvipus\u0117s aliuminio folijos ir dilimui atsparaus PE austo audinio, m\u016bs\u0173 38,1 m x 1,22 m, 0,15 mm storio dvigubos atspindin\u010dios izoliacijos ritinys efektyviai atspindi saul\u0117s \u0161vies\u0105 ir blokuoja \u0161ilumos perdavim\u0105 vasar\u0105, tuo pa\u010diu u\u017ekertant keli\u0105 \u0161ilumos nuostoliams \u017eiem\u0105 <\/li>\n<li> Perforuota ir kv\u0117puojanti: perforuota konstrukcija leid\u017eia praeiti orui ir dr\u0117gmei, neleid\u017eia kauptis kondensatui. Tai padeda i\u0161laikyti pastov\u0173 izoliacijos efektyvum\u0105, pagerina oro cirkuliacij\u0105 ir pailgina izoliacinio ritinio tarnavimo laik\u0105 <\/li>\n<li> \u226595% Didelis atspind\u0117jimas: pasi\u017eymi didelio tankio aliuminio folijos danga, pasi\u017eymin\u010dia i\u0161skirtiniu \u0161ilumos atspind\u017eiu, \u0161is dvigubas aliuminio folijos audinio spinduliavimo barjeras atspindi daugiau nei 95% saul\u0117s \u0161ilumos, u\u017etikrindamas puik\u0173 \u0161ilumos blokavim\u0105 ir \u0161ilumos izoliacij\u0105 <\/li>\n<li> Lengvas montavimas: \u0160is dvipusis aliuminio folijos izoliacinis ritinys yra lengvai supjaustomas ir montuojamas, tiesiog pasidaryk pats ritinio dyd\u012f ir form\u0105, kad atitikt\u0173 j\u016bs\u0173 skirtingus poreikius. kai nenaudojamas, j\u012f galima lengvai sulankstyti, kad b\u016bt\u0173 taupoma vieta ir patogu ne\u0161iotis <\/li>\n<li> \u012evairiapusi\u0161kas taikymas: m\u016bs\u0173 \u0161ilumos izoliacijos \u0161ilumos skydas yra atsparus ply\u0161imui ir prad\u016brimui, atsparus \u012fbr\u0117\u017eimams ir dilimui, patvarus ir lengvas. Jis puikiai tinka langams, gara\u017eo vartams, namams, stogams ir kt., Si\u016blantis veiksming\u0105 \u0161ilumos blokavim\u0105 ir izoliacij\u0105 <\/li>\n<\/ul>","protected":false},"featured_media":425973,"comment_status":"open","ping_status":"open","template":"","meta":{"om_disable_all_campaigns":false,"_monsterinsights_skip_tracking":false,"_monsterinsights_sitenote_active":false,"_monsterinsights_sitenote_note":"","_monsterinsights_sitenote_category":0,"_uf_show_specific_survey":0,"_uf_disable_surveys":false},"location":[1935,1934],"product_brand":[],"product_cat":[51,1500,1501],"product_tag":[],"class_list":{"0":"post-208306","1":"product","2":"type-product","3":"status-publish","4":"has-post-thumbnail","6":"location-supplier_stock_location","7":"location-local_stock_location","8":"product_cat-building-construction","9":"product_cat-weatherproofing","10":"product_cat-window-insulation-kits","12":"first","13":"instock","14":"taxable","15":"shipping-taxable","16":"purchasable","17":"product-type-simple"},"aioseo_notices":[],"jetpack_sharing_enabled":true,"locations":[{"id":1935,"name":"Pieg\u0101d\u0101t\u0101ja noliktav\u0101 (5-7d.d.)","slug":"supplier_stock_location","quantity":"15"},{"id":1934,"name":"R\u012bgas veikal\u0101 (0-2d.d.)","slug":"local_stock_location","quantity":"0"}],"_links":{"self":[{"href":"https:\/\/vevorshop.lv\/lt\/wp-json\/wp\/v2\/product\/208306","targetHints":{"allow":["GET"]}}],"collection":[{"href":"https:\/\/vevorshop.lv\/lt\/wp-json\/wp\/v2\/product"}],"about":[{"href":"https:\/\/vevorshop.lv\/lt\/wp-json\/wp\/v2\/types\/product"}],"replies":[{"embeddable":true,"href":"https:\/\/vevorshop.lv\/lt\/wp-json\/wp\/v2\/comments?post=208306"}],"wp:featuredmedia":[{"embeddable":true,"href":"https:\/\/vevorshop.lv\/lt\/wp-json\/wp\/v2\/media\/425973"}],"wp:attachment":[{"href":"https:\/\/vevorshop.lv\/lt\/wp-json\/wp\/v2\/media?parent=208306"}],"wp:term":[{"taxonomy":"location","embeddable":true,"href":"https:\/\/vevorshop.lv\/lt\/wp-json\/wp\/v2\/location?post=208306"},{"taxonomy":"product_brand","embeddable":true,"href":"https:\/\/vevorshop.lv\/lt\/wp-json\/wp\/v2\/product_brand?post=208306"},{"taxonomy":"product_cat","embeddable":true,"href":"https:\/\/vevorshop.lv\/lt\/wp-json\/wp\/v2\/product_cat?post=208306"},{"taxonomy":"product_tag","embeddable":true,"href":"https:\/\/vevorshop.lv\/lt\/wp-json\/wp\/v2\/product_tag?post=208306"}],"curies":[{"name":"wp","href":"https:\/\/api.w.org\/{rel}","templated":true}]}}