{"id":208941,"date":"2025-10-15T00:04:55","date_gmt":"2025-10-14T21:04:55","guid":{"rendered":"https:\/\/vevorshop.lv\/en_us\/Prece\/vevor-electronic-dartboard-with-led-target-48-games-lcd-scoring-6-darts-50-soft-tips-for-8-players-450x397mm\/"},"modified":"2026-04-10T01:09:38","modified_gmt":"2026-04-09T22:09:38","slug":"vevor-electronic-dartboard-with-led-target-48-games-lcd-scoring-6-darts-50-soft-tips-for-8-players-450x397mm","status":"publish","type":"product","link":"https:\/\/vevorshop.lv\/lt\/Prece\/vevor-elektronine-smiginio-lenta-su-led-taikiniu-48-zaidimai-lcd-imusa-6-smigini-50-minkstu-antgaliu-8-zaidejams-450x397mm\/","title":{"rendered":"VEVOR Elektronin\u0117 smiginio lenta su LED, 48 \u017eaidimai, 500+ kombinacij\u0173, LCD ekranas, 6 str\u0117lyt\u0117s, 50 antgali\u0173, iki 8 \u017eaid\u0117j\u0173"},"content":{"rendered":"<div style=\"color: #fff!important; font-size: 16px; height: 24px; line-height: 24px; margin-top: -24px; \" class=\"product_original_name\">VEVOR elektronin\u0117 smiginio lenta, LED ap\u0161viesta tikslin\u0117 smiginio lenta su 48 \u017eaidimais ir 500+ variant\u0173, apima 6 smiginio velenus su skryd\u017eiais ir 50 mink\u0161t\u0173 antgali\u0173, kriketo ta\u0161k\u0173 LCD ekran\u0105 - palaiko iki 8 \u017eaid\u0117j\u0173<\/div>\n<div style=\"color: #fff!important; font-size: 16px; height: 24px; line-height: 24px; margin-top: -24px; \" class=\"product_sku\">MGR1M1R2<\/div>\n<div style=\"color: #fff!important; font-size: 16px; height: 24px; line-height: 24px; margin-top: -24px; \" class=\"product_mpn\">DZFBB135INCHH242X001V9<\/div><div id=\"js-DM_at-goodDescRich\"><html><head><style>  body {    font-family: Arial;    line-height: 1.5;    color: #1c1c1c;    overflow-x: hidden;    margin: 0;    padding: 0;  }  .MsoNormal b {    font-weight: bolder;  }<\/style><style>  .container.small {    width: 970px;    margin: 0 auto;  }  .logo {    margin: 0 auto 0;  }  .logo img {    display: block;    margin: 0 auto;    max-width: 100%;  }  .logo .pc-banner {    display: block;    width: 1200px;    height: 247.4px;    margin: 0 auto;  }  .logo .pc-banner.small {    width: 970px;  }  .logo .pc-banner.small img {    height: auto!important;  }  .logo .m-banner {    display: none;  }  .ytvideo {    position: relative;    height: 546px;    width: 100%;    margin: 0 auto;  }  .ytvideo img {    width: 100%;    margin: 0 auto;  }  .ytvideo .play-btn {    width: 60px;    height: 42px;    position: absolute;    top: 50%;    left: 50%;    transform: translate(-50%, -50%);    background: url(\"data:image\/png;base64,iVBORw0KGgoAAAANSUhEUgAAAGQAAABGCAMAAAANWMFbAAAC+lBMVEUAAADBGB3kLCfBGB3kLCfcJC7BFx3KKSbiKybkLCbWJCPSIiLSIiLPICHAFx3kLCfgKSXNHiDZJiTIGx\/p4eHcjo7LHSDbJyTkLCbjKyfOHyHPIiL28fHJHB\/GGh7EGR7eKCXDGB3RISHlLSbBGB3AFxzGHB7DGB7BGB3hKybkKybAFx3lLCfAFxzDGR3hKibDGB7cJyTmz8\/elJTlwcHjurrUIyLlLSflLSfAFx3DGR7lLSfCFx3hKibhKibhKybjKybkLCblLSfbJSX49vbx7e3NNzjNMTLMJyjVIyLZf3\/ZQ0LaeHjx0tLgoqLkLCfCGB3HGx\/BGB3BFx3PICHCGB7WJCLOHyC\/Fxy\/Fx3lLCfQISHkLSe\/FxzbJiTBFx3FGx\/AGB7BFx3EGR7AGB3HHSDfKiXAFh3TISHYNzbhKibbJyTTIiL57e325+f039\/v2NjUV1fOHiHiqanfmprch4feKSXVIyPOICHmLibFGh\/mLSe\/Fx7XJCPeKSXXJSPNHyHaJyTGGh7lLCbmLCflLSjSIiLkLCbdKSXLHiC\/GB3KHh++Fh3lKyfoLiXcKCPkx8fYb2\/XaGfVXl3aU1LLHiDksbHgKibPICHbJyTfKSXbJyTCGB3KHSDiKybFGh7TIiL\/\/\/\/VIyPRISHIHB\/GGx\/HHB\/DGR7gKibdKCXLHiDZJiTMHiDNHyHYJSTOICHPICHWJCPcKCXXJSPjLCblLCf+\/f3NGR\/uLijzLynPGR\/IGB7WISHaIyLLGh7UAADxLynNAADRLzDbICLQAADIAAD3MCrUHSHXMTDpKSbLAADp5OTij4\/ejo\/VLy\/1LyngJSTcJCPQHx\/OHB7+\/PzaMS\/OLS\/vLijrLSjSAADaNTPwLyjkKSbNJCbYISHPHB\/KGB7WAAD7+vrn3d3aKynTKCjoLCfsKifRGh\/YAADq5+fhjo7QNDXXKCfmJyXt5+fTLzDLLi\/QKivYHRvMGBrQJCXLISPMExXLDxLaEAvkkI\/bOTfaFQ\/SCgpvLcnHAAAAmnRSTlMA+vv7+gT9Bvf9+8z8\/NSv\/Pr5+P7++vnQIBMP\/v38\/Pn348XDiCYf9OjbzcqxXVcx\/fz8+\/rj1r2poo1+fXFqX0orGP7+\/v7+\/fz8+\/r68uzn4trIxsG\/vri3p6GcmZSNbWVYUUZEPQv+\/f39+\/v7+\/v7+vr64tvV1NTTz87FtbSurqeblJKFg4B3bUY+NjL7+\/v7+\/v67t1cDo8JLQAABkRJREFUWMO0kz9rwkAYh0OIeJkum6YugUAhISCdKoj\/P4C7SMdS+gEKIhSKil10LSg4mzXkILdlEpxCpwTiWOLX6BujvQaEQuGeHLnL+\/64J+SIcKGYTYWnntpdLjrVdqvZmNdn0+EE40GtpuuWVS6Xx6N7YDSGpWXpeq02wHgynM7q80az1a52HpddtVcpsi1zFARBrdaxbhp9iUReTGmwA4KAAr7vx3EYejnCMI6hQYEgy0LQi4jUN0wL19vqFcUC9\/1dAKmEEFkWRYkh5oBejnxQJiSJPJ\/uKBp0Thszx9Mw8hMRIQjKsptCfuES9zr5WJY6vSFCIvE9fCMUmEM1A1kSXcYGxgVYsvI1IPKTZciSTI0us\/SMGG04gDzELDoFBwdcFJrF88dqgYMTiL6DILWYyfOWE8\/kIz38olCNlC03FK95+imxp6y4oUSvAnBjHHhKNtotSDqJzVFiK8c2SBqhZtsrTtgrLXwAyduxZHNE26eHUt5rtuM4WSmds3G+sUdWYo1L+XyxButoh5eKUHk5lByO3G1LqqCWVnfrv\/lyPtf\/4ps1cndNGIri8J1TJ0lx6dR\/oPjq1nbRwdp2dCk4CtIOLW3pVKRL6WZfS5vF2KkIQhpwSsjiYIgNCs1gEMGqiIq24NQX9NwoXFy8Ufrl3twTcg4fv8T9\/JBEySduj6Mjm4bMzYV7EEOxKjjoNDud7yY3Dy71Hq2oLmqfbNR723edH9PgMrNL2utoQ3VmaIDkiw\/4w51P06hlZsTZvkRrbVuSIs\/zwSOsycgzStQouoAkWQqioRT5XI7n2Z1wfVhoZmcAJLsoqjqpjbWCgpOAJXBwHK8PzWbNvoUZJND5wCnSkLAkZ1legx6vqQzjoiTahKlGUGLAiIIoABOHaNVw4sexZBym6\/HWlH5h3IC7yRbxtipcWxdTOkORKiNQAEkFf66x5S2oeRbroOlLgg0sSYkR0hRGEqJZ0jTPiQKatESdBckpWigxaapEH0lImHdWu9pUFF2XqMNM2Z4kped7IwEJw2qabwtrQqnpw6HyKkgcadKWsmpywwesDyIhYRpdzXddqegtGIJlXbAIUMOLkGxJUjRIkokwjUaX9d\/kK62ps\/tYUqZLIMkLTyBhsMZ3C5Z\/kDxOSCb\/DOs\/\/J0qcWSX\/2ipe56EgTCA4\/cB7NAYOsni4mZM1MUPAISoEwkDi4lhVBQ1cWQyIcwalw4EpqZN68JUSK7XC0kTlkLYii5uXSC8jT5ncCAS7mjCv0uHp\/3lueHEEAeQ\/\/VgmdN71\/2uCSA1Xr6DO6uI6sW56zqT2tp2PhgiRUAajV8CY2fkcz6WGNKMgLAt7tJAhD4YHMTeRxlALE6+43WqjSWi8ITxyJl8WrwWSNESQZZOqhDDntO3hJLsd5RtSpbJqdv3YrDJH3F7jL1R2O2aQkn2MyCyKYz0GPGIvSAMgBCrCEiJyKbBaYGwLW4uPRr0A0M4Ux5kUI7IBh+hMdiCEWNqhMZGyYMsOgNE58UQuEQeUnSWCMYwL54hkxK6IoqucQZbQ3pc3XtL0lky1dL0zZJJDpWJovFqpWj6JEHnyam2eQp5QRVAVHjWparTOaVwUOx99YS2MvgxIGV0bb+qIg2HX2qkFFJB+XZcbLiuRkuxD9GRroKyveLxdh4d7Orx+hb7qc3uVRuEogCOnyIxm4ubUoPgF4jianDrC+SDQDKEfJb0GUKmjCGPYHGJvVC6X4hw1\/sAfQAdfYyephIaspXe36RwOP+Ljvfx9B6B3i+Nk0DGq+oCbLn6JpBa9nWAveAIHwFAwtVcIJXPMPL8kRu5OAYPMaL1WScTxjiZDqB9LTJSWphow\/pTYKRTLjCBhvi9iBidvKcDasGSm0QQkycYuLBqj6QCELPctqChDWpTRMWkngNNpQ1Pfp1KkiT\/Y0DGffXAweUNfLAfaJFKDwhb6I+bkYRbkERoEeu3Fyjg2opMz2daZCS9jt6Q7txNfB+OZEVF6Zl5web2xunnLQrtrjXseXKaFYziYINeMFZVxS9VxRhOoesYwxPKXm+gWLG9cuFeq93UNNeJNsf1KlwuDok9n02n3TgIJpOxNfL9naIoQwXtfH9kjceTIIi709ncTg6LZbg+biLH1V6u\/7rxBem06VXKn9raAAAAAElFTkSuQmCC\")      no-repeat center center \/ contain;  }  @media screen and (max-width: 960px) and (orientation: portrait) {    .logo {      width: 100%;    }    .logo .pc-banner {      display: none;    }    .logo .m-banner {      display: block;      width: 100%;    }    .logo .m-banner img {      height: auto!important;    }    .ytvideo {      height: 200px;      width: 100%;    }  }<\/style><style>  .video-section {    width: 100%;    margin: 0 auto;  }  .video-section > img {    width: 100%;  }  .video-section iframe,  .video-section video {    width: 100%;    height: 100%;      }  .video-section-img-m,  .video-section-img-pc > img {    width: 100%;    height: auto;  }  .video-section-img-pc.small > img {    width: 970px;  }  .video-desc {    line-height: 1.5;    font-size: 20px;    font-weight: 400;    margin: 20px 0;    text-align: center;    color: #0f1111;    word-break: break-word;  }  @media screen and (max-width: 960px) and (orientation: portrait) {    .video-section {      width: 100%;    }    .video-section-pc,    .video-section-img-pc {      display: none;    }    .video-section-m,    .video-section-img-m {      display: block;    }    .video-desc {      font-size: 15px;    }  }  @media screen and (min-width: 960px) {    .video-section {      width: 100%;      margin: 0 auto;    }    .video-section-pc,    .video-section-img-pc {      display: block;    }    .video-section-m,    .video-section-img-m {      display: none;    }    .video-desc {      font-size: 20px;    }  }<\/style><style>  .section + .section {    margin-top: 35px;  }  .section-title {    text-align: center;    font-weight: bold;    color: #0d1111;    font-family: \"Arial\";    font-size: 32px;    margin: 15px 0;  }  .section-title:empty {    display: none;  }  .section-desc {    text-align: center;    font-weight: normal;    color: #0d1111;    margin-top: 20px;  }  .section-desc:empty {    display: none;  }  .section-img {    width: 1200px;    height: 492px;    margin: 0 auto;    display: block;  }  .section-img.small {    width: 970px;    height: auto;  }  .section-img.small > img {    height: auto;  }  .section-img > img {    width: 100%;    height: 100%;  }  .section-mobile-img {    display: none;    max-width: 100vw;    max-height: 75vw;    height: 450px;    margin: 0 auto;  }  .section-mobile-img > img {    width: 100%;    height: 100%;  }  @media screen and (max-width: 960px) and (orientation: portrait) {    .container {      width: 100%;    }    .container.small {      width: 100%;    }    .section-mobile-img {      display: block;    }    .section-img {      display: none;    }    .section-title {      font-size: 22px;      margin: 10px 0;    }    .section-desc {      margin-top: 10px;    }    .section + .section {      margin-top: 20px;    }  }<\/style><\/head><body><div class=\"container\"><div class=\"logo\"><div class=\"pc-banner\"><div><img decoding=\"async\" src=\"\/vevor\/vevor\/boutique-banner\/pc\/en-pc@1x.jpg\" style=\"width: 100%;\" \/><\/div><\/div><div class=\"m-banner\"><div><img decoding=\"async\" src=\"\/vevor\/vevor\/boutique-banner\/mobile\/en-m@1x.jpg\" style=\"width: 100%;\" \/><\/div><\/div><\/div><div class=\"section-title\">Pataikyk \u012f taikin\u012f, pajusk jaudul\u012f<\/div><div class=\"video-section\"><div class=\"video-section-img-pc\"><img decoding=\"async\" src=\"\/vevor\/product\/DZFBB135INCHH242X001\/professional-dartboard-a100-1.4.jpg\" \/><\/div><div class=\"video-section-img-m\"><img decoding=\"async\" src=\"\/vevor\/product\/DZFBB135INCHH242X001\/professional-dartboard-a100-1.4-m.jpg\" \/><\/div><div class=\"section-desc\">\u0160ioje elektronin\u0117je smiginio lentoje yra 48 \u017eaidimo re\u017eimai ir 500+ \u017eaidimo deriniai, palaikantys iki 8 \u017eaid\u0117j\u0173. su LED ap\u0161viestu tiksliniu pavir\u0161iumi ir LCD ta\u0161k\u0173 nustatymo ekranu, kuriame rodomi realaus laiko rezultatai ir apvali eiga, kad b\u016bt\u0173 galima tiksliai pasiekti, idealiai tinka \u0161eimos susib\u016brimams, biuro pramogoms ar \u0161ventiniams vakar\u0117liams.<\/div><\/div><div class=\"section\"><div class=\"section-title\"><\/div><div class=\"section-img\"><img decoding=\"async\" src=\"\/vevor\/product\/DZFBB135INCHH242X001\/professional-dartboard-a100-2.2.jpg\" \/><\/div><div class=\"section-mobile-img\"><img decoding=\"async\" src=\"\/vevor\/product\/DZFBB135INCHH242X001\/professional-dartboard-a100-2.2-m.jpg\" \/><\/div><div class=\"section-desc\">Elektronin\u0117je smiginio lentoje yra mink\u0161ti smiginio antgaliai, kurie suma\u017eina \u012fbr\u0117\u017eimus ir sm\u016bgius, apsaugo j\u016bs\u0173 sienas nuo pa\u017eeidim\u0173. Tai suteikia linksm\u0173 ir interaktyvi\u0173 \u017eaidim\u0173 namuose, vakar\u0117liuose ar \u017eaidim\u0173 kambariuose.<\/div><\/div><div class=\"section\"><div class=\"section-title\"><\/div><div class=\"section-img\"><img decoding=\"async\" src=\"\/vevor\/product\/DZFBB135INCHH242X001\/professional-dartboard-a100-2.3.jpg\" \/><\/div><div class=\"section-mobile-img\"><img decoding=\"async\" src=\"\/vevor\/product\/DZFBB135INCHH242X001\/professional-dartboard-a100-2.3-m.jpg\" \/><\/div><div class=\"section-desc\">Smiginio lentos valdymo pultas yra patogus naudoti ir lengvai valdomas, tod\u0117l pradedantiesiems greitai prad\u0117ti. Nesvarbu, ar tai \u0161eimos susirinkimas, ar vakar\u0117lis, intuityv\u016bs valdikliai ir tiksli ta\u0161k\u0173 skai\u010diavimo sistema u\u017etikrina, kad kiekvienas ma\u010das b\u016bt\u0173 kupinas linksmybi\u0173 ir s\u0105veikos.<\/div><\/div><div class=\"section\"><div class=\"section-title\"><\/div><div class=\"section-img\"><img decoding=\"async\" src=\"\/vevor\/product\/DZFBB135INCHH242X001\/professional-dartboard-a100-2.4.jpg\" \/><\/div><div class=\"section-mobile-img\"><img decoding=\"async\" src=\"\/vevor\/product\/DZFBB135INCHH242X001\/professional-dartboard-a100-2.4-m.jpg\" \/><\/div><div class=\"section-desc\">Apima 6 smiginio velenus ir skryd\u017eius, 50 pakaitini\u0173 smiginio antgali\u0173, 1 USB maitinimo kabel\u012f, 2 plastikinius i\u0161sipl\u0117timo inkarus, 2 var\u017etus ir vartotojo vadov\u0105. nereikia profesionali\u0173 \u012franki\u0173 \u201e\u012fdiekite per kelias minutes ir prad\u0117kite \u017eaisti i\u0161 karto.<\/div><\/div><div class=\"section\"><div class=\"section-title\"><\/div><div class=\"section-img\"><img decoding=\"async\" src=\"\/vevor\/product\/DZFBB135INCHH242X001\/professional-dartboard-a100-2.5.jpg\" \/><\/div><div class=\"section-mobile-img\"><img decoding=\"async\" src=\"\/vevor\/product\/DZFBB135INCHH242X001\/professional-dartboard-a100-2.5-m.jpg\" \/><\/div><div class=\"section-desc\">Nesvarbu, ar tai b\u016bt\u0173 \u0161eimos susib\u016brimas, \u0161ventinis vakar\u0117lis, biuro komandos formavimo renginys ar veikla bare, \u0161i elektronin\u0117 smiginio lenta skland\u017eiai tinka bet kokiai progai. Interaktyvi\u0173 pramog\u0173 derinimas su konkurencingu \u017eaidimu - tai puiki priemon\u0117 bendrauti ir atsipalaiduoti.<\/div><\/div><div class=\"section\"><div class=\"section-img\"><img decoding=\"async\" src=\"\/vevor\/product\/DZFBB135INCHH242X001\/professional-dartboard-a100-1.11.jpg\" \/><\/div><div class=\"section-mobile-img\"><img decoding=\"async\" src=\"\/vevor\/product\/DZFBB135INCHH242X001\/professional-dartboard-a100-1.11-m.jpg\" \/><\/div><\/div><\/div><\/body><\/html><\/div>\n<div class=\"DM_at-title\" id=\"js-DM_at-title\"> <div>Produkto specifikacija<\/div> <i class=\"icon-arrowup_line\"><\/i> <\/div><div class=\"DM_at-goodsDescAttr\" id=\"js-DM_at-goodsDescAttr\"> <div class=\"DM_at-goodsDescAttrInner\"> <dl class=\"goodsDesc_item goodsDesc_item_even\"> <dt>Prek\u0117s Modelio Numeris<\/dt> <dd> 9449<\/dd> <\/dl> <dl class=\"goodsDesc_item\"> <dt>\u012etampa\/Srov\u0117<\/dt> <dd> 5V \/ 1A<\/dd> <\/dl> <dl class=\"goodsDesc_item goodsDesc_item_even\"> <dt>Tikslin\u0117s srities skersmuo<\/dt> <dd> 13,5 colio<\/dd> <\/dl> <dl class=\"goodsDesc_item\"> <dt>Pagrindin\u0117s Med\u017eiagos<\/dt> <dd> PP IR ABS  <\/dd> <\/dl> <dl class=\"goodsDesc_item goodsDesc_item_even\"> <dt>Neto Svoris<\/dt> <dd> 3.1 svar\u0173 \/ 1,4 kg<\/dd> <\/dl> <dl class=\"goodsDesc_item\"> <dt>Prek\u0117s Matmenys<\/dt> <dd> 17,72 x 15,63 x 1 colis \/ 450 x 397 x 26 mm<\/dd> <\/dl> <\/div> <\/div>","protected":false},"excerpt":{"rendered":"<ul>\n<li> \u012evairiapusi\u0161kas Gameplay: M\u0117gaukit\u0117s \u017eaidimu iki galo su \u0161ia elektronine smiginio lenta, i\u0161 anksto \u012fkelta su 48 \u017eaidimo re\u017eimais, tokiais kaip Cricket ir Count-Up, si\u016blanti 500+ \u017eaidimo kombinacij\u0173 Palaiko iki 8 \u017eaid\u0117j\u0173, puikiai tinka \u0161eimos susib\u016brimams, biuro pramogoms, \u0161ventiniams vakar\u0117liams ar baro renginiams <\/li>\n<li> Suma\u017einti at\u0161okimai: m\u016bs\u0173 elektronin\u0117 smiginio lenta pasi\u017eymi korio taikinio dizainu su smulkiai atskirtais kra\u0161tais, kad pagerint\u0173 sm\u016bgi\u0173 greit\u012f ir suma\u017eint\u0173 at\u0161okim\u0105. Kartu su pridedamais mink\u0161tais smiginio antgaliais galima saugiai ir laisvai \u017eaisti nepa\u017eeid\u017eiant sien\u0173 <\/li>\n<li> Steb\u0117kite kiekvien\u0105 rezultat\u0105 Ai\u0161kiai: \u0160is tikslinis pavir\u0161ius yra pastatytas LED ap\u0161vietimu, kad b\u016bt\u0173 galima tiksliai nukreipti net esant silpnam ap\u0161vietimui. LCD ekranas rodo realaus laiko balus ir apvali\u0105 eig\u0105, su praleistu smiginio aptikimu, vieno \/ dvigubo buli\u0173 galimybe, vieno \/ dvigubo \u012f\u0117jimo galimybe, grotuvo prie\u0161 kompiuter\u012f re\u017eimu, sustiprinan\u010diu \u017eaidimo i\u0161\u0161\u016bk\u012f ir linksmybes <\/li>\n<li> Lengvas naudojimas ir s\u0105ranka: apima 6 smiginio velenus ir skryd\u017eius, 50 pakaitini\u0173 smiginio antgali\u0173, 1 USB maitinimo kabel\u012f, 2 plastikinius i\u0161sipl\u0117timo inkarus, 2 var\u017etus ir vartotojo vadov\u0105. jokios sud\u0117tingos s\u0105rankos \u201etiesiog pritvirtinkite ir paleiskite, tod\u0117l puikiai tiks tiek pradedantiesiems, tiek entuziastams <\/li>\n<li> Patvarus naudoti: 450 x 397 mm dyd\u017eio matavimas su 340 mm tiksline sritimi, \u0161i elektronin\u0117 smiginio lenta pagaminta i\u0161 didelio stiprumo PP + ABS plastiko, ji u\u017etikrina stabil\u0173, ilgalaik\u012f pavir\u0161i\u0173, atspar\u0173 nusid\u0117v\u0117jimui, puikiai tinka kasdien\u0117ms treniruot\u0117ms ir smagioms \u0161eimos pramogoms <\/li>\n<\/ul>","protected":false},"featured_media":426537,"comment_status":"open","ping_status":"open","template":"","meta":{"om_disable_all_campaigns":false,"_monsterinsights_skip_tracking":false,"_monsterinsights_sitenote_active":false,"_monsterinsights_sitenote_note":"","_monsterinsights_sitenote_category":0,"_uf_show_specific_survey":0,"_uf_disable_surveys":false},"location":[1935,1934],"product_brand":[],"product_cat":[2224,1055,460],"product_tag":[],"class_list":{"0":"post-208941","1":"product","2":"type-product","3":"status-publish","4":"has-post-thumbnail","6":"location-supplier_stock_location","7":"location-local_stock_location","8":"product_cat-dartboards","9":"product_cat-games","10":"product_cat-sports-recreation","12":"first","13":"instock","14":"taxable","15":"shipping-taxable","16":"purchasable","17":"product-type-simple"},"aioseo_notices":[],"jetpack_sharing_enabled":true,"locations":[{"id":1935,"name":"Pieg\u0101d\u0101t\u0101ja noliktav\u0101 (5-7d.d.)","slug":"supplier_stock_location","quantity":"12"},{"id":1934,"name":"R\u012bgas veikal\u0101 (0-2d.d.)","slug":"local_stock_location","quantity":"0"}],"_links":{"self":[{"href":"https:\/\/vevorshop.lv\/lt\/wp-json\/wp\/v2\/product\/208941","targetHints":{"allow":["GET"]}}],"collection":[{"href":"https:\/\/vevorshop.lv\/lt\/wp-json\/wp\/v2\/product"}],"about":[{"href":"https:\/\/vevorshop.lv\/lt\/wp-json\/wp\/v2\/types\/product"}],"replies":[{"embeddable":true,"href":"https:\/\/vevorshop.lv\/lt\/wp-json\/wp\/v2\/comments?post=208941"}],"wp:featuredmedia":[{"embeddable":true,"href":"https:\/\/vevorshop.lv\/lt\/wp-json\/wp\/v2\/media\/426537"}],"wp:attachment":[{"href":"https:\/\/vevorshop.lv\/lt\/wp-json\/wp\/v2\/media?parent=208941"}],"wp:term":[{"taxonomy":"location","embeddable":true,"href":"https:\/\/vevorshop.lv\/lt\/wp-json\/wp\/v2\/location?post=208941"},{"taxonomy":"product_brand","embeddable":true,"href":"https:\/\/vevorshop.lv\/lt\/wp-json\/wp\/v2\/product_brand?post=208941"},{"taxonomy":"product_cat","embeddable":true,"href":"https:\/\/vevorshop.lv\/lt\/wp-json\/wp\/v2\/product_cat?post=208941"},{"taxonomy":"product_tag","embeddable":true,"href":"https:\/\/vevorshop.lv\/lt\/wp-json\/wp\/v2\/product_tag?post=208941"}],"curies":[{"name":"wp","href":"https:\/\/api.w.org\/{rel}","templated":true}]}}