{"id":21086,"date":"2024-11-18T06:31:41","date_gmt":"2024-11-18T06:31:41","guid":{"rendered":"http:\/\/vevorshop.edigo.lv\/Prece\/vevor-fold-out-kids-sofa-glow-in-the-dark-kids-couch-children-convertible-sofa\/"},"modified":"2026-04-22T13:19:36","modified_gmt":"2026-04-22T10:19:36","slug":"vevor-fold-out-kids-sofa-glow-in-the-dark-kids-couch-children-convertible-sofa","status":"publish","type":"product","link":"https:\/\/vevorshop.lv\/lt\/Prece\/vevor-fold-out-kids-sofa-glow-in-the-dark-kids-couch-children-convertible-sofa\/","title":{"rendered":"VEVOR \u0160vytinti I\u0161skleid\u017eiama Vaiki\u0161ka Sofa, 2-in-1 Konvertuojama Ma\u017eyli\u0173 Poilsio K\u0117d\u0117 su Mink\u0161tu \u0160erpos Audiniu ir 25D Puta"},"content":{"rendered":"<div style=\"color: #fff!important; font-size: 16px; height: 24px; line-height: 24px; margin-top: -24px; \" class=\"product_original_name\">VEVOR Fold-out Kids Sofa, Glow-in-the-Dark Kids Couch Chair, 2-in-1 Children Convertible Sofa to Lounger, Extra Soft Flip-out Toddler Couch for Siting and Sleeping, for Bedroom and Playroom<\/div>\n<div style=\"color: #fff!important; font-size: 16px; height: 24px; line-height: 24px; margin-top: -24px; \" class=\"product_sku\">M4I4KO36<\/div>\n<div style=\"color: #fff!important; font-size: 16px; height: 24px; line-height: 24px; margin-top: -24px; \" class=\"product_mpn\">ETSFZDSF00008T8FPV0<\/div><div id=\"js-DM_at-goodDescRich\"><html><head><style>  body {    font-family: Arial;    line-height: 1.5;    color: #1c1c1c;    overflow-x: hidden;    margin: 0;    padding: 0;  }  .MsoNormal b {    font-weight: bolder;  }<\/style><style>  .container.small {    width: 970px;    margin: 0 auto;  }  .logo {    margin: 0 auto 0;  }  .logo img {    display: block;    margin: 0 auto;    max-width: 100%;  }  .logo .pc-banner {    display: block;    width: 1200px;    height: 247.4px;    margin: 0 auto;  }  .logo .pc-banner.small {    width: 970px;  }  .logo .pc-banner.small img {    height: auto!important;  }  .logo .m-banner {    display: none;  }  .ytvideo {    position: relative;    height: 546px;    width: 100%;    margin: 0 auto;  }  .ytvideo img {    width: 100%;    margin: 0 auto;  }  .ytvideo .play-btn {    width: 60px;    height: 42px;    position: absolute;    top: 50%;    left: 50%;    transform: translate(-50%, -50%);    background: url(\"data:image\/png;base64,iVBORw0KGgoAAAANSUhEUgAAAGQAAABGCAMAAAANWMFbAAAC+lBMVEUAAADBGB3kLCfBGB3kLCfcJC7BFx3KKSbiKybkLCbWJCPSIiLSIiLPICHAFx3kLCfgKSXNHiDZJiTIGx\/p4eHcjo7LHSDbJyTkLCbjKyfOHyHPIiL28fHJHB\/GGh7EGR7eKCXDGB3RISHlLSbBGB3AFxzGHB7DGB7BGB3hKybkKybAFx3lLCfAFxzDGR3hKibDGB7cJyTmz8\/elJTlwcHjurrUIyLlLSflLSfAFx3DGR7lLSfCFx3hKibhKibhKybjKybkLCblLSfbJSX49vbx7e3NNzjNMTLMJyjVIyLZf3\/ZQ0LaeHjx0tLgoqLkLCfCGB3HGx\/BGB3BFx3PICHCGB7WJCLOHyC\/Fxy\/Fx3lLCfQISHkLSe\/FxzbJiTBFx3FGx\/AGB7BFx3EGR7AGB3HHSDfKiXAFh3TISHYNzbhKibbJyTTIiL57e325+f039\/v2NjUV1fOHiHiqanfmprch4feKSXVIyPOICHmLibFGh\/mLSe\/Fx7XJCPeKSXXJSPNHyHaJyTGGh7lLCbmLCflLSjSIiLkLCbdKSXLHiC\/GB3KHh++Fh3lKyfoLiXcKCPkx8fYb2\/XaGfVXl3aU1LLHiDksbHgKibPICHbJyTfKSXbJyTCGB3KHSDiKybFGh7TIiL\/\/\/\/VIyPRISHIHB\/GGx\/HHB\/DGR7gKibdKCXLHiDZJiTMHiDNHyHYJSTOICHPICHWJCPcKCXXJSPjLCblLCf+\/f3NGR\/uLijzLynPGR\/IGB7WISHaIyLLGh7UAADxLynNAADRLzDbICLQAADIAAD3MCrUHSHXMTDpKSbLAADp5OTij4\/ejo\/VLy\/1LyngJSTcJCPQHx\/OHB7+\/PzaMS\/OLS\/vLijrLSjSAADaNTPwLyjkKSbNJCbYISHPHB\/KGB7WAAD7+vrn3d3aKynTKCjoLCfsKifRGh\/YAADq5+fhjo7QNDXXKCfmJyXt5+fTLzDLLi\/QKivYHRvMGBrQJCXLISPMExXLDxLaEAvkkI\/bOTfaFQ\/SCgpvLcnHAAAAmnRSTlMA+vv7+gT9Bvf9+8z8\/NSv\/Pr5+P7++vnQIBMP\/v38\/Pn348XDiCYf9OjbzcqxXVcx\/fz8+\/rj1r2poo1+fXFqX0orGP7+\/v7+\/fz8+\/r68uzn4trIxsG\/vri3p6GcmZSNbWVYUUZEPQv+\/f39+\/v7+\/v7+vr64tvV1NTTz87FtbSurqeblJKFg4B3bUY+NjL7+\/v7+\/v67t1cDo8JLQAABkRJREFUWMO0kz9rwkAYh0OIeJkum6YugUAhISCdKoj\/P4C7SMdS+gEKIhSKil10LSg4mzXkILdlEpxCpwTiWOLX6BujvQaEQuGeHLnL+\/64J+SIcKGYTYWnntpdLjrVdqvZmNdn0+EE40GtpuuWVS6Xx6N7YDSGpWXpeq02wHgynM7q80az1a52HpddtVcpsi1zFARBrdaxbhp9iUReTGmwA4KAAr7vx3EYejnCMI6hQYEgy0LQi4jUN0wL19vqFcUC9\/1dAKmEEFkWRYkh5oBejnxQJiSJPJ\/uKBp0Thszx9Mw8hMRIQjKsptCfuES9zr5WJY6vSFCIvE9fCMUmEM1A1kSXcYGxgVYsvI1IPKTZciSTI0us\/SMGG04gDzELDoFBwdcFJrF88dqgYMTiL6DILWYyfOWE8\/kIz38olCNlC03FK95+imxp6y4oUSvAnBjHHhKNtotSDqJzVFiK8c2SBqhZtsrTtgrLXwAyduxZHNE26eHUt5rtuM4WSmds3G+sUdWYo1L+XyxButoh5eKUHk5lByO3G1LqqCWVnfrv\/lyPtf\/4ps1cndNGIri8J1TJ0lx6dR\/oPjq1nbRwdp2dCk4CtIOLW3pVKRL6WZfS5vF2KkIQhpwSsjiYIgNCs1gEMGqiIq24NQX9NwoXFy8Ufrl3twTcg4fv8T9\/JBEySduj6Mjm4bMzYV7EEOxKjjoNDud7yY3Dy71Hq2oLmqfbNR723edH9PgMrNL2utoQ3VmaIDkiw\/4w51P06hlZsTZvkRrbVuSIs\/zwSOsycgzStQouoAkWQqioRT5XI7n2Z1wfVhoZmcAJLsoqjqpjbWCgpOAJXBwHK8PzWbNvoUZJND5wCnSkLAkZ1legx6vqQzjoiTahKlGUGLAiIIoABOHaNVw4sexZBym6\/HWlH5h3IC7yRbxtipcWxdTOkORKiNQAEkFf66x5S2oeRbroOlLgg0sSYkR0hRGEqJZ0jTPiQKatESdBckpWigxaapEH0lImHdWu9pUFF2XqMNM2Z4kped7IwEJw2qabwtrQqnpw6HyKkgcadKWsmpywwesDyIhYRpdzXddqegtGIJlXbAIUMOLkGxJUjRIkokwjUaX9d\/kK62ps\/tYUqZLIMkLTyBhsMZ3C5Z\/kDxOSCb\/DOs\/\/J0qcWSX\/2ipe56EgTCA4\/cB7NAYOsni4mZM1MUPAISoEwkDi4lhVBQ1cWQyIcwalw4EpqZN68JUSK7XC0kTlkLYii5uXSC8jT5ncCAS7mjCv0uHp\/3lueHEEAeQ\/\/VgmdN71\/2uCSA1Xr6DO6uI6sW56zqT2tp2PhgiRUAajV8CY2fkcz6WGNKMgLAt7tJAhD4YHMTeRxlALE6+43WqjSWi8ITxyJl8WrwWSNESQZZOqhDDntO3hJLsd5RtSpbJqdv3YrDJH3F7jL1R2O2aQkn2MyCyKYz0GPGIvSAMgBCrCEiJyKbBaYGwLW4uPRr0A0M4Ux5kUI7IBh+hMdiCEWNqhMZGyYMsOgNE58UQuEQeUnSWCMYwL54hkxK6IoqucQZbQ3pc3XtL0lky1dL0zZJJDpWJovFqpWj6JEHnyam2eQp5QRVAVHjWparTOaVwUOx99YS2MvgxIGV0bb+qIg2HX2qkFFJB+XZcbLiuRkuxD9GRroKyveLxdh4d7Orx+hb7qc3uVRuEogCOnyIxm4ubUoPgF4jianDrC+SDQDKEfJb0GUKmjCGPYHGJvVC6X4hw1\/sAfQAdfYyephIaspXe36RwOP+Ljvfx9B6B3i+Nk0DGq+oCbLn6JpBa9nWAveAIHwFAwtVcIJXPMPL8kRu5OAYPMaL1WScTxjiZDqB9LTJSWphow\/pTYKRTLjCBhvi9iBidvKcDasGSm0QQkycYuLBqj6QCELPctqChDWpTRMWkngNNpQ1Pfp1KkiT\/Y0DGffXAweUNfLAfaJFKDwhb6I+bkYRbkERoEeu3Fyjg2opMz2daZCS9jt6Q7txNfB+OZEVF6Zl5web2xunnLQrtrjXseXKaFYziYINeMFZVxS9VxRhOoesYwxPKXm+gWLG9cuFeq93UNNeJNsf1KlwuDok9n02n3TgIJpOxNfL9naIoQwXtfH9kjceTIIi709ncTg6LZbg+biLH1V6u\/7rxBem06VXKn9raAAAAAElFTkSuQmCC\")      no-repeat center center \/ contain;  }  @media screen and (max-width: 960px) and (orientation: portrait) {    .logo {      width: 100%;    }    .logo .pc-banner {      display: none;    }    .logo .m-banner {      display: block;      width: 100%;    }    .logo .m-banner img {      height: auto!important;    }    .ytvideo {      height: 200px;      width: 100%;    }  }<\/style><style>  .video-section {    width: 100%;    margin: 0 auto;  }  .video-section > img {    width: 100%;  }  .video-section iframe,  .video-section video {    width: 100%;    height: 100%;      }  .video-section-img-m,  .video-section-img-pc > img {    width: 100%;    height: auto;  }  .video-section-img-pc.small > img {    width: 970px;  }  .video-desc {    line-height: 1.5;    font-size: 20px;    font-weight: 400;    margin: 20px 0;    text-align: center;    color: #0f1111;    word-break: break-word;  }  @media screen and (max-width: 960px) and (orientation: portrait) {    .video-section {      width: 100%;    }    .video-section-pc,    .video-section-img-pc {      display: none;    }    .video-section-m,    .video-section-img-m {      display: block;    }    .video-desc {      font-size: 15px;    }  }  @media screen and (min-width: 960px) {    .video-section {      width: 100%;      margin: 0 auto;    }    .video-section-pc,    .video-section-img-pc {      display: block;    }    .video-section-m,    .video-section-img-m {      display: none;    }    .video-desc {      font-size: 20px;    }  }<\/style><style>  .section + .section {    margin-top: 35px;  }  .section-title {    text-align: center;    font-weight: bold;    color: #0d1111;    font-family: \"Arial\";    font-size: 32px;    margin: 15px 0;  }  .section-title:empty {    display: none;  }  .section-desc {    text-align: center;    font-weight: normal;    color: #0d1111;    margin-top: 20px;  }  .section-desc:empty {    display: none;  }  .section-img {    width: 1200px;    height: 492px;    margin: 0 auto;    display: block;  }  .section-img.small {    width: 970px;    height: auto;  }  .section-img.small > img {    height: auto;  }  .section-img > img {    width: 100%;    height: 100%;  }  .section-mobile-img {    display: none;    max-width: 100vw;    max-height: 75vw;    height: 450px;    margin: 0 auto;  }  .section-mobile-img > img {    width: 100%;    height: 100%;  }  @media screen and (max-width: 960px) and (orientation: portrait) {    .container {      width: 100%;    }    .container.small {      width: 100%;    }    .section-mobile-img {      display: block;    }    .section-img {      display: none;    }    .section-title {      font-size: 22px;      margin: 10px 0;    }    .section-desc {      margin-top: 10px;    }    .section + .section {      margin-top: 20px;    }  }<\/style><\/head><body><div class=\"container\"><div class=\"logo\"><div class=\"pc-banner\"><div><img decoding=\"async\" src=\"\/vevor\/vevor\/boutique-banner\/pc\/en-pc@1x.jpg\" style=\"width: 100%;\" \/><\/div><\/div><div class=\"m-banner\"><div><img decoding=\"async\" src=\"\/vevor\/vevor\/boutique-banner\/mobile\/en-m@1x.jpg\" style=\"width: 100%;\" \/><\/div><\/div><\/div><div class=\"section-title\">Teikia Komfort\u0105 Su M\u016bs\u0173 sulankstomos Vaikai Sofos!<\/div><div class=\"video-section\"><div class=\"video-section-img-pc\"><img decoding=\"async\" src=\"\/vevor\/product\/ETSFZDSF00008T8FP\/kids-couch-a100-1.4.jpg\" alt=\"VEVOR vaikai sofa pilka vilnos su \u017evaig\u017ed\u017ei\u0173 ir m\u0117nulio modelio, \u0161alia jaukus \u017eaisti palapin\u0119.\" \/><\/div><div class=\"video-section-img-m\"><img decoding=\"async\" src=\"\/vevor\/product\/ETSFZDSF00008T8FP\/kids-couch-a100-1.4-m.jpg\" alt=\"VEVOR vaikai sofa pilka vilnos su \u017evaig\u017ed\u017ei\u0173 ir m\u0117nulio modelio, \u0161alia jaukus \u017eaisti palapin\u0119.\" \/><\/div><div class=\"section-desc\">Tai vaikai, sofos yra i\u0161skirtin\u0117s kokyb\u0117s, meistri\u0161kai su didelio tankio atsparios kempine ir premium sherpa audinio, patog\u0173 ir odos draugi\u0161kas patirt\u012f vaikams. Ji taip pat u\u017etikrina patikim\u0105 nugaros atrama, papildomas ramyb\u0117.<\/div><\/div><div class=\"section\"><div class=\"section-title\"><\/div><div class=\"section-img\"><img decoding=\"async\" src=\"\/vevor\/product\/ETSFZDSF00008T8FP\/kids-couch-a100-2.2.jpg\" alt=\"VEVOR vaikai sofa pilka \u017evaig\u017ed\u0117t\u0105 dizainas, puikiai miega, napping, ir \u017eaisti, apima pus\u0117je ki\u0161en\u0117je.\" \/><\/div><div class=\"section-mobile-img\"><img decoding=\"async\" src=\"\/vevor\/product\/ETSFZDSF00008T8FP\/kids-couch-a100-2.2-m.jpg\" alt=\"VEVOR vaikai sofa pilka \u017evaig\u017ed\u0117t\u0105 dizainas, puikiai miega, napping, ir \u017eaisti, apima pus\u0117je ki\u0161en\u0117je.\" \/><\/div><div class=\"section-desc\">\u012erengtas, sulankstomas dizainas, tai vaikai sofa si\u016blo \u012fvairios paskirties. Kai prasid\u0117jusios, jis tampa atskira skaityti k\u0117d\u0117 ar poilsio s\u0117dyn\u0117s vaikams. Kai sulankstytas, jis virsta jaukus plauko k\u0117d\u0117 ar playmat, tarnauja daugeliui tiksl\u0173.<\/div><\/div><div class=\"section\"><div class=\"section-title\"><\/div><div class=\"section-img\"><img decoding=\"async\" src=\"\/vevor\/product\/ETSFZDSF00008T8FP\/kids-couch-a100-2.3.jpg\" alt=\"VEVOR vaikai sofa su \u0161vytin\u010diomis \u017evaig\u017ed\u0117s ir m\u0117nulis modelis, skirta skatinti k\u016brybi\u0161kum\u0105 ir paie\u0161ka.\" \/><\/div><div class=\"section-mobile-img\"><img decoding=\"async\" src=\"\/vevor\/product\/ETSFZDSF00008T8FP\/kids-couch-a100-2.3-m.jpg\" alt=\"VEVOR vaikai sofa su \u0161vytin\u010diomis \u017evaig\u017ed\u0117s ir m\u0117nulis modelis, skirta skatinti k\u016brybi\u0161kum\u0105 ir paie\u0161ka.\" \/><\/div><div class=\"section-desc\">Using the luminous fabric, this flip-out sofa chair sparks children's curiosity and desire to explore. We've selected sherpa  fabric for the upholstery, ensuring a soft and skin-friendly feel. The sofa is filled with high-density 25D sponge for quick resilient.<\/div><\/div><div class=\"section\"><div class=\"section-title\"><\/div><div class=\"section-img\"><img decoding=\"async\" src=\"\/vevor\/product\/ETSFZDSF00008T8FP\/kids-couch-a100-2.4.jpg\" alt=\"vaiko svarstym\u0105 d\u0117l VEVOR vaikai sofa-iki kal\u0117d\u0173 eglut\u0119, pabr\u0117\u017eiant sustiprintos konstrukcijos ir padid\u0117j\u0119s naudingumas.\" \/><\/div><div class=\"section-mobile-img\"><img decoding=\"async\" src=\"\/vevor\/product\/ETSFZDSF00008T8FP\/kids-couch-a100-2.4-m.jpg\" alt=\"vaiko svarstym\u0105 d\u0117l VEVOR vaikai sofa-iki kal\u0117d\u0173 eglut\u0119, pabr\u0117\u017eiant sustiprintos konstrukcijos ir padid\u0117j\u0119s naudingumas.\" \/><\/div><div class=\"section-desc\">To make the toddler sofa easy for kids to handle and provide stable support during assembly, we've chosen a 25D pure sponge as the filling material. This medium-density sponge is lightweight yet provides excellent support. Moreover, it boasts durability and is not easy to be damaged or deformed.<\/div><\/div><div class=\"section\"><div class=\"section-title\"><\/div><div class=\"section-img\"><img decoding=\"async\" src=\"\/vevor\/product\/ETSFZDSF00008T8FP\/kids-couch-a100-2.5.jpg\" alt=\"pilka VEVOR vaikai sofa su m\u0117nulio ir \u017evaig\u017ed\u017ei\u0173 model\u012f, kartu su naudojimo ir valymo patarimai.\" \/><\/div><div class=\"section-mobile-img\"><img decoding=\"async\" src=\"\/vevor\/product\/ETSFZDSF00008T8FP\/kids-couch-a100-2.5-m.jpg\" alt=\"pilka VEVOR vaikai sofa su m\u0117nulio ir \u017evaig\u017ed\u017ei\u0173 model\u012f, kartu su naudojimo ir valymo patarimai.\" \/><\/div><div class=\"section-desc\">Our foldable kids couch is suitable for children aged 18 months and above. For infants who can't sit up independently, please avoid using it to prevent potential suffocation risks. Remember not to exceed its weight limit and do not jump from heights after assembly to prevent accidents or fractures.<\/div><\/div><div class=\"section\"><div class=\"section-img\"><img decoding=\"async\" src=\"\/vevor\/product\/ETSFZDSF00008T8FP\/kids-couch-a100-1.11.jpg\" alt=\"VEVOR vaikai sofos etzdd-01, \u0161viesos audinys, 1.95 kg, 20 kg talpos, 24 x 16.93 x sudar\u0117 15,75 cm.\" \/><\/div><div class=\"section-mobile-img\"><img decoding=\"async\" src=\"\/vevor\/product\/ETSFZDSF00008T8FP\/kids-couch-a100-1.11-m.jpg\" alt=\"VEVOR vaikai sofos etzdd-01, \u0161viesos audinys, 1.95 kg, 20 kg talpos, 24 x 16.93 x sudar\u0117 15,75 cm.\" \/><\/div><\/div><\/div><\/body><\/html><\/div>\n<div class=\"DM_at-title\" id=\"js-DM_at-title\"> <div>Produkto specifikacija<\/div> <i class=\"icon-arrowup_line\"><\/i> <\/div><div class=\"DM_at-goodsDescAttr\" id=\"js-DM_at-goodsDescAttr\"> <div class=\"DM_at-goodsDescAttrInner\"> <dl class=\"goodsDesc_item goodsDesc_item_even\"> <dt>Prek\u0117s Modelio Numeris<\/dt> <dd> ETZDD-01<\/dd> <\/dl> <dl class=\"goodsDesc_item\"> <dt>Neto Svoris<\/dt> <dd> 1.95 kg\/4.3 lbs<\/dd> <\/dl> <dl class=\"goodsDesc_item goodsDesc_item_even\"> <dt>Maksimali Apkrova<\/dt> <dd> 20 kg\/lbs 44.09<\/dd> <\/dl> <dl class=\"goodsDesc_item\"> <dt>S\u0117dim\u0173 Viet\u0173 Skai\u010dius<\/dt> <dd> 1 Vaikas<\/dd> <\/dl> <dl class=\"goodsDesc_item goodsDesc_item_even\"> <dt>U\u017etrauktukas<\/dt> <dd> Vaikams U\u017etrauktukas<\/dd> <\/dl> <dl class=\"goodsDesc_item\"> <dt>Med\u017eiagos<\/dt> <dd> 25D Kempin\u0117 +Vilnos Audinys, \u0160viesos Audinys<\/dd> <\/dl> <\/div> <\/div>","protected":false},"excerpt":{"rendered":"<ul>\n<li> I\u0161skleid\u017eiama Sofa-lova Vaikams: Tai vaikai, sofos pirmiausia skirtas vaikams, atitinkanti CPK standartus ir HCN sertifikavimo b\u016bt\u0173 laikomasi saugos standart\u0173, vaik\u0173 prek\u0117s. Mes pasirinktos mink\u0161tos ir odos draugi\u0161kas sherpa audinio kaip dangtel\u012f ir didelio tankio atsparios 25D kempine, kaip ir u\u017epildyti d\u0117l geresn\u0117s patirties. <\/li>\n<li> Universalus Funkcionalumas: Su savo sulankstomas dizainas, tai vaikai sofa si\u016blo daugyb\u0119 naudoja. Kai prasid\u0117jusios, jis tampa atskira skaityti k\u0117d\u0117s ir poilsio s\u0117dyn\u0117s vaikams. Kai sulankstytas, jis virsta jaukus plauko k\u0117d\u0117 ar playmat, si\u016blanti \u012fvairias funkcijas viename. <\/li>\n<li> Auk\u0161\u010diausios kokyb\u0117s Med\u017eiagos: Mes pasirink\u0119 25D sponge kaip flip-out sofa pirmininko u\u017epild\u0173. Tai vidutinio tankio akytojo yra lengvas, ta\u010diau suteikia puiki\u0105 param\u0105. Be to, jis pasi\u017eymi patvarumu ir n\u0117ra lengva b\u016bti pa\u017eeistas ar deformuotas. Tinka \u012fvairiose aplinkose. <\/li>\n<li> \u012ekvepia Vaizduot\u0119: Naudojant \u0161viesos audinys, \u0161is ma\u017eylis sofos sugeria \u0161vies\u0105 dienos metu ir i\u0161skiria j\u012f tamsoje. K\u016brybinis dizainas glow-in-the-dark sofa padengti ir antklod\u0117 gali sukelti vaik\u0173 smalsum\u0105 ir paie\u0161ka. Padidinti \u012fdomus faktas su \u0161iuo sulankstomas vaikai sofos. <\/li>\n<li> Tvir\u010diau Palaiko: Su vaiki\u0161ka sofa gali pasigirti 25D didelio tankio akytojo pildymo suteikti tvirt\u0105 param\u0105. Tai lengvas, lengviau, vaikams, jud\u0117ti, o pagerinti surinkimo patirt\u012f. Papildom\u0105 saugum\u0105, auk\u0161tos kokyb\u0117s vaiko-draugi\u0161kas u\u017etrauktuk\u0173, yra pagaminti i\u0161 patvari\u0173 med\u017eiag\u0173, u\u017etikrinant, kad jie nebus lengvai nutraukti. <\/li>\n<\/ul>","protected":false},"featured_media":275259,"comment_status":"closed","ping_status":"open","template":"","meta":{"om_disable_all_campaigns":false,"_monsterinsights_skip_tracking":false,"_monsterinsights_sitenote_active":false,"_monsterinsights_sitenote_note":"","_monsterinsights_sitenote_category":0,"_uf_show_specific_survey":0,"_uf_disable_surveys":false},"location":[1935,1934],"product_brand":[21],"product_cat":[2530,3561,3008,3560,3562],"product_tag":[],"class_list":{"0":"post-21086","1":"product","2":"type-product","3":"status-publish","4":"has-post-thumbnail","6":"location-supplier_stock_location","7":"location-local_stock_location","8":"product_brand-vevor","9":"product_cat-furniture-2","10":"product_cat-kids-chairs-kids-playroom","11":"product_cat-kids-furniture-furniture-2","12":"product_cat-kids-playroom","13":"product_cat-kids-sofas","15":"first","16":"outofstock","17":"taxable","18":"shipping-taxable","19":"purchasable","20":"product-type-simple"},"aioseo_notices":[],"jetpack_sharing_enabled":true,"locations":[{"id":1935,"name":"Pieg\u0101d\u0101t\u0101ja noliktav\u0101 (5-7d.d.)","slug":"supplier_stock_location","quantity":"0"},{"id":1934,"name":"R\u012bgas veikal\u0101 (0-2d.d.)","slug":"local_stock_location","quantity":"0"}],"_links":{"self":[{"href":"https:\/\/vevorshop.lv\/lt\/wp-json\/wp\/v2\/product\/21086","targetHints":{"allow":["GET"]}}],"collection":[{"href":"https:\/\/vevorshop.lv\/lt\/wp-json\/wp\/v2\/product"}],"about":[{"href":"https:\/\/vevorshop.lv\/lt\/wp-json\/wp\/v2\/types\/product"}],"replies":[{"embeddable":true,"href":"https:\/\/vevorshop.lv\/lt\/wp-json\/wp\/v2\/comments?post=21086"}],"wp:featuredmedia":[{"embeddable":true,"href":"https:\/\/vevorshop.lv\/lt\/wp-json\/wp\/v2\/media\/275259"}],"wp:attachment":[{"href":"https:\/\/vevorshop.lv\/lt\/wp-json\/wp\/v2\/media?parent=21086"}],"wp:term":[{"taxonomy":"location","embeddable":true,"href":"https:\/\/vevorshop.lv\/lt\/wp-json\/wp\/v2\/location?post=21086"},{"taxonomy":"product_brand","embeddable":true,"href":"https:\/\/vevorshop.lv\/lt\/wp-json\/wp\/v2\/product_brand?post=21086"},{"taxonomy":"product_cat","embeddable":true,"href":"https:\/\/vevorshop.lv\/lt\/wp-json\/wp\/v2\/product_cat?post=21086"},{"taxonomy":"product_tag","embeddable":true,"href":"https:\/\/vevorshop.lv\/lt\/wp-json\/wp\/v2\/product_tag?post=21086"}],"curies":[{"name":"wp","href":"https:\/\/api.w.org\/{rel}","templated":true}]}}