{"id":215558,"date":"2025-12-04T15:07:59","date_gmt":"2025-12-04T13:07:59","guid":{"rendered":"https:\/\/vevorshop.lv\/en_us\/Prece\/vevor-rock-tumbler-kit-with-4-speeds-9-day-timer-2kg-capacity-rough-stones-grits-stone-polisher-for-adults-kids\/"},"modified":"2026-04-27T13:09:50","modified_gmt":"2026-04-27T10:09:50","slug":"vevor-rock-tumbler-kit-with-4-speeds-9-day-timer-2kg-capacity-rough-stones-grits-stone-polisher-for-adults-kids","status":"publish","type":"product","link":"https:\/\/vevorshop.lv\/lt\/Prece\/vevor-roko-tumbler-rinkinys-su-4-greiciu-9-dienu-laikmatis-2kg-talpa-grubus-akmenys-grudai-akmens-poliruoklis-suaugusiems-vaikams-2\/","title":{"rendered":"VEVOR akmen\u0173 poliravimo rinkinys su laikma\u010diu ir 4 grei\u010diais, 0.9 kg talpa, su neapdorotais brangakmeniais ir \u0161lifavimo milteliais, tylus poliruoklis visiems"},"content":{"rendered":"<div style=\"color: #fff!important; font-size: 16px; height: 24px; line-height: 24px; margin-top: -24px; \" class=\"product_original_name\">VEVOR Rock Tumbler rinkinys, uol\u0173 poliravimo rinkinys, 4 grei\u010dio nustatymai 9 dien\u0173 poliravimo laikma\u010dio akmens poliravimo rinkinys, uol\u0173 poliruoklis su \u0161iurk\u0161\u010diais brangakmeniais ir poliravimo kruopomis, roko poliruoklis suaugusiems vaikams<\/div>\n<div style=\"color: #fff!important; font-size: 16px; height: 24px; line-height: 24px; margin-top: -24px; \" class=\"product_sku\">MHRPYFAH<\/div>\n<div style=\"color: #fff!important; font-size: 16px; height: 24px; line-height: 24px; margin-top: -24px; \" class=\"product_mpn\">YSDMJHS4DDSST0A1P001V2<\/div><div id=\"js-DM_at-goodDescRich\"><html><head><style>  body {    font-family: Arial;    line-height: 1.5;    color: #1c1c1c;    overflow-x: hidden;    margin: 0;    padding: 0;  }  .MsoNormal b {    font-weight: bolder;  }<\/style><style>  .container.small {    width: 970px;    margin: 0 auto;  }  .logo {    margin: 0 auto 0;  }  .logo img {    display: block;    margin: 0 auto;    max-width: 100%;  }  .logo .pc-banner {    display: block;    width: 1200px;    height: 247.4px;    margin: 0 auto;  }  .logo .pc-banner.small {    width: 970px;  }  .logo .pc-banner.small img {    height: auto!important;  }  .logo .m-banner {    display: none;  }  .ytvideo {    position: relative;    height: 546px;    width: 100%;    margin: 0 auto;  }  .ytvideo img {    width: 100%;    margin: 0 auto;  }  .ytvideo .play-btn {    width: 60px;    height: 42px;    position: absolute;    top: 50%;    left: 50%;    transform: translate(-50%, -50%);    background: url(\"data:image\/png;base64,iVBORw0KGgoAAAANSUhEUgAAAGQAAABGCAMAAAANWMFbAAAC+lBMVEUAAADBGB3kLCfBGB3kLCfcJC7BFx3KKSbiKybkLCbWJCPSIiLSIiLPICHAFx3kLCfgKSXNHiDZJiTIGx\/p4eHcjo7LHSDbJyTkLCbjKyfOHyHPIiL28fHJHB\/GGh7EGR7eKCXDGB3RISHlLSbBGB3AFxzGHB7DGB7BGB3hKybkKybAFx3lLCfAFxzDGR3hKibDGB7cJyTmz8\/elJTlwcHjurrUIyLlLSflLSfAFx3DGR7lLSfCFx3hKibhKibhKybjKybkLCblLSfbJSX49vbx7e3NNzjNMTLMJyjVIyLZf3\/ZQ0LaeHjx0tLgoqLkLCfCGB3HGx\/BGB3BFx3PICHCGB7WJCLOHyC\/Fxy\/Fx3lLCfQISHkLSe\/FxzbJiTBFx3FGx\/AGB7BFx3EGR7AGB3HHSDfKiXAFh3TISHYNzbhKibbJyTTIiL57e325+f039\/v2NjUV1fOHiHiqanfmprch4feKSXVIyPOICHmLibFGh\/mLSe\/Fx7XJCPeKSXXJSPNHyHaJyTGGh7lLCbmLCflLSjSIiLkLCbdKSXLHiC\/GB3KHh++Fh3lKyfoLiXcKCPkx8fYb2\/XaGfVXl3aU1LLHiDksbHgKibPICHbJyTfKSXbJyTCGB3KHSDiKybFGh7TIiL\/\/\/\/VIyPRISHIHB\/GGx\/HHB\/DGR7gKibdKCXLHiDZJiTMHiDNHyHYJSTOICHPICHWJCPcKCXXJSPjLCblLCf+\/f3NGR\/uLijzLynPGR\/IGB7WISHaIyLLGh7UAADxLynNAADRLzDbICLQAADIAAD3MCrUHSHXMTDpKSbLAADp5OTij4\/ejo\/VLy\/1LyngJSTcJCPQHx\/OHB7+\/PzaMS\/OLS\/vLijrLSjSAADaNTPwLyjkKSbNJCbYISHPHB\/KGB7WAAD7+vrn3d3aKynTKCjoLCfsKifRGh\/YAADq5+fhjo7QNDXXKCfmJyXt5+fTLzDLLi\/QKivYHRvMGBrQJCXLISPMExXLDxLaEAvkkI\/bOTfaFQ\/SCgpvLcnHAAAAmnRSTlMA+vv7+gT9Bvf9+8z8\/NSv\/Pr5+P7++vnQIBMP\/v38\/Pn348XDiCYf9OjbzcqxXVcx\/fz8+\/rj1r2poo1+fXFqX0orGP7+\/v7+\/fz8+\/r68uzn4trIxsG\/vri3p6GcmZSNbWVYUUZEPQv+\/f39+\/v7+\/v7+vr64tvV1NTTz87FtbSurqeblJKFg4B3bUY+NjL7+\/v7+\/v67t1cDo8JLQAABkRJREFUWMO0kz9rwkAYh0OIeJkum6YugUAhISCdKoj\/P4C7SMdS+gEKIhSKil10LSg4mzXkILdlEpxCpwTiWOLX6BujvQaEQuGeHLnL+\/64J+SIcKGYTYWnntpdLjrVdqvZmNdn0+EE40GtpuuWVS6Xx6N7YDSGpWXpeq02wHgynM7q80az1a52HpddtVcpsi1zFARBrdaxbhp9iUReTGmwA4KAAr7vx3EYejnCMI6hQYEgy0LQi4jUN0wL19vqFcUC9\/1dAKmEEFkWRYkh5oBejnxQJiSJPJ\/uKBp0Thszx9Mw8hMRIQjKsptCfuES9zr5WJY6vSFCIvE9fCMUmEM1A1kSXcYGxgVYsvI1IPKTZciSTI0us\/SMGG04gDzELDoFBwdcFJrF88dqgYMTiL6DILWYyfOWE8\/kIz38olCNlC03FK95+imxp6y4oUSvAnBjHHhKNtotSDqJzVFiK8c2SBqhZtsrTtgrLXwAyduxZHNE26eHUt5rtuM4WSmds3G+sUdWYo1L+XyxButoh5eKUHk5lByO3G1LqqCWVnfrv\/lyPtf\/4ps1cndNGIri8J1TJ0lx6dR\/oPjq1nbRwdp2dCk4CtIOLW3pVKRL6WZfS5vF2KkIQhpwSsjiYIgNCs1gEMGqiIq24NQX9NwoXFy8Ufrl3twTcg4fv8T9\/JBEySduj6Mjm4bMzYV7EEOxKjjoNDud7yY3Dy71Hq2oLmqfbNR723edH9PgMrNL2utoQ3VmaIDkiw\/4w51P06hlZsTZvkRrbVuSIs\/zwSOsycgzStQouoAkWQqioRT5XI7n2Z1wfVhoZmcAJLsoqjqpjbWCgpOAJXBwHK8PzWbNvoUZJND5wCnSkLAkZ1legx6vqQzjoiTahKlGUGLAiIIoABOHaNVw4sexZBym6\/HWlH5h3IC7yRbxtipcWxdTOkORKiNQAEkFf66x5S2oeRbroOlLgg0sSYkR0hRGEqJZ0jTPiQKatESdBckpWigxaapEH0lImHdWu9pUFF2XqMNM2Z4kped7IwEJw2qabwtrQqnpw6HyKkgcadKWsmpywwesDyIhYRpdzXddqegtGIJlXbAIUMOLkGxJUjRIkokwjUaX9d\/kK62ps\/tYUqZLIMkLTyBhsMZ3C5Z\/kDxOSCb\/DOs\/\/J0qcWSX\/2ipe56EgTCA4\/cB7NAYOsni4mZM1MUPAISoEwkDi4lhVBQ1cWQyIcwalw4EpqZN68JUSK7XC0kTlkLYii5uXSC8jT5ncCAS7mjCv0uHp\/3lueHEEAeQ\/\/VgmdN71\/2uCSA1Xr6DO6uI6sW56zqT2tp2PhgiRUAajV8CY2fkcz6WGNKMgLAt7tJAhD4YHMTeRxlALE6+43WqjSWi8ITxyJl8WrwWSNESQZZOqhDDntO3hJLsd5RtSpbJqdv3YrDJH3F7jL1R2O2aQkn2MyCyKYz0GPGIvSAMgBCrCEiJyKbBaYGwLW4uPRr0A0M4Ux5kUI7IBh+hMdiCEWNqhMZGyYMsOgNE58UQuEQeUnSWCMYwL54hkxK6IoqucQZbQ3pc3XtL0lky1dL0zZJJDpWJovFqpWj6JEHnyam2eQp5QRVAVHjWparTOaVwUOx99YS2MvgxIGV0bb+qIg2HX2qkFFJB+XZcbLiuRkuxD9GRroKyveLxdh4d7Orx+hb7qc3uVRuEogCOnyIxm4ubUoPgF4jianDrC+SDQDKEfJb0GUKmjCGPYHGJvVC6X4hw1\/sAfQAdfYyephIaspXe36RwOP+Ljvfx9B6B3i+Nk0DGq+oCbLn6JpBa9nWAveAIHwFAwtVcIJXPMPL8kRu5OAYPMaL1WScTxjiZDqB9LTJSWphow\/pTYKRTLjCBhvi9iBidvKcDasGSm0QQkycYuLBqj6QCELPctqChDWpTRMWkngNNpQ1Pfp1KkiT\/Y0DGffXAweUNfLAfaJFKDwhb6I+bkYRbkERoEeu3Fyjg2opMz2daZCS9jt6Q7txNfB+OZEVF6Zl5web2xunnLQrtrjXseXKaFYziYINeMFZVxS9VxRhOoesYwxPKXm+gWLG9cuFeq93UNNeJNsf1KlwuDok9n02n3TgIJpOxNfL9naIoQwXtfH9kjceTIIi709ncTg6LZbg+biLH1V6u\/7rxBem06VXKn9raAAAAAElFTkSuQmCC\")      no-repeat center center \/ contain;  }  @media screen and (max-width: 960px) and (orientation: portrait) {    .logo {      width: 100%;    }    .logo .pc-banner {      display: none;    }    .logo .m-banner {      display: block;      width: 100%;    }    .logo .m-banner img {      height: auto!important;    }    .ytvideo {      height: 200px;      width: 100%;    }  }<\/style><style>  .video-section {    width: 100%;    margin: 0 auto;  }  .video-section > img {    width: 100%;  }  .video-section iframe,  .video-section video {    width: 100%;    height: 100%;      }  .video-section-img-m,  .video-section-img-pc > img {    width: 100%;    height: auto;  }  .video-section-img-pc.small > img {    width: 970px;  }  .video-desc {    line-height: 1.5;    font-size: 20px;    font-weight: 400;    margin: 20px 0;    text-align: center;    color: #0f1111;    word-break: break-word;  }  @media screen and (max-width: 960px) and (orientation: portrait) {    .video-section {      width: 100%;    }    .video-section-pc,    .video-section-img-pc {      display: none;    }    .video-section-m,    .video-section-img-m {      display: block;    }    .video-desc {      font-size: 15px;    }  }  @media screen and (min-width: 960px) {    .video-section {      width: 100%;      margin: 0 auto;    }    .video-section-pc,    .video-section-img-pc {      display: block;    }    .video-section-m,    .video-section-img-m {      display: none;    }    .video-desc {      font-size: 20px;    }  }<\/style><style>  .section + .section {    margin-top: 35px;  }  .section-title {    text-align: center;    font-weight: bold;    color: #0d1111;    font-family: \"Arial\";    font-size: 32px;    margin: 15px 0;  }  .section-title:empty {    display: none;  }  .section-desc {    text-align: center;    font-weight: normal;    color: #0d1111;    margin-top: 20px;  }  .section-desc:empty {    display: none;  }  .section-img {    width: 1200px;    height: 492px;    margin: 0 auto;    display: block;  }  .section-img.small {    width: 970px;    height: auto;  }  .section-img.small > img {    height: auto;  }  .section-img > img {    width: 100%;    height: 100%;  }  .section-mobile-img {    display: none;    max-width: 100vw;    max-height: 75vw;    height: 450px;    margin: 0 auto;  }  .section-mobile-img > img {    width: 100%;    height: 100%;  }  @media screen and (max-width: 960px) and (orientation: portrait) {    .container {      width: 100%;    }    .container.small {      width: 100%;    }    .section-mobile-img {      display: block;    }    .section-img {      display: none;    }    .section-title {      font-size: 22px;      margin: 10px 0;    }    .section-desc {      margin-top: 10px;    }    .section + .section {      margin-top: 20px;    }  }<\/style><\/head><body><div class=\"container\"><div class=\"logo\"><div class=\"pc-banner\"><div><img decoding=\"async\" src=\"\/vevor\/vevor\/boutique-banner\/pc\/en-pc@1x.jpg\" style=\"width: 100%;\" \/><\/div><\/div><div class=\"m-banner\"><div><img decoding=\"async\" src=\"\/vevor\/vevor\/boutique-banner\/mobile\/en-m@1x.jpg\" style=\"width: 100%;\" \/><\/div><\/div><\/div><div class=\"section-title\">Roko Tumblerio rinkinys<\/div><div class=\"video-section\"><div class=\"video-section-img-pc\"><img decoding=\"async\" src=\"\/vevor\/product\/YSDMJHS4DDSST0A1P001\/rock-tumbler-a100-1.4.jpg\" \/><\/div><div class=\"video-section-img-m\"><img decoding=\"async\" src=\"\/vevor\/product\/YSDMJHS4DDSST0A1P001\/rock-tumbler-a100-1.4-m.jpg\" \/><\/div><div class=\"section-desc\">\u0160iame uolien\u0173 b\u016bgninio komplekte yra tiesiogin\u0117s pavaros variklis, u\u017etikrinantis skland\u0173 ir tyl\u0173 veikim\u0105, ir patvarios med\u017eiagos, skirtos ilgalaikiam naudojimui. Jis si\u016blo 1 -4 grei\u010dio nustatymus, kad atitikt\u0173 skirtingus \u0161lifavimo poreikius. Didel\u0117s talpos statin\u0117 talpina daugiau akmen\u0173, kad padidint\u0173 efektyvum\u0105, idealiai tinka m\u0117g\u0117jams ir profesionaliems vartotojams!<\/div><\/div><div class=\"section\"><div class=\"section-title\"><\/div><div class=\"section-img\"><img decoding=\"async\" src=\"\/vevor\/product\/YSDMJHS4DDSST0A1P001\/rock-tumbler-a100-2.2.jpg\" \/><\/div><div class=\"section-mobile-img\"><img decoding=\"async\" src=\"\/vevor\/product\/YSDMJHS4DDSST0A1P001\/rock-tumbler-a100-2.2-m.jpg\" \/><\/div><div class=\"section-desc\">\u0160is uolien\u0173 poliravimo rinkinys veikia net 35 dB, pana\u0161iai kaip ramioje bibliotekoje, tod\u0117l poliravimas yra tylesnis ir patogesnis. Jis u\u017etikrina ilg\u0105 naudojim\u0105 be triuk\u0161mo trikd\u017ei\u0173 ir si\u016blo rami\u0105 patirt\u012f tiek nam\u0173 pasidaryk pats, tiek profesionaliam naudojimui.<\/div><\/div><div class=\"section\"><div class=\"section-title\"><\/div><div class=\"section-img\"><img decoding=\"async\" src=\"\/vevor\/product\/YSDMJHS4DDSST0A1P001\/rock-tumbler-a100-2.3.jpg\" \/><\/div><div class=\"section-mobile-img\"><img decoding=\"async\" src=\"\/vevor\/product\/YSDMJHS4DDSST0A1P001\/rock-tumbler-a100-2.3-m.jpg\" \/><\/div><div class=\"section-desc\">M\u016bs\u0173 akmens b\u016bgninis \u012frenginys pasi\u017eymi intuityviu valdymo pultu, kad b\u016bt\u0173 lengva valdyti. galite nustatyti veikimo laik\u0105 ir savo nuo\u017ei\u016bra reguliuoti grei\u010dio lygius, kad tiksliai valdytum\u0117te poliravimo proces\u0105, kaskart u\u017etikrindami optimalius rezultatus.<\/div><\/div><div class=\"section\"><div class=\"section-title\"><\/div><div class=\"section-img\"><img decoding=\"async\" src=\"\/vevor\/product\/YSDMJHS4DDSST0A1P001\/rock-tumbler-a100-2.4.jpg\" \/><\/div><div class=\"section-mobile-img\"><img decoding=\"async\" src=\"\/vevor\/product\/YSDMJHS4DDSST0A1P001\/rock-tumbler-a100-2.4-m.jpg\" \/><\/div><div class=\"section-desc\">\u0160is uolien\u0173 poliruoklis pasi\u017eymi keliomis saugos funkcijomis, u\u017etikrintomis naudojimo s\u0105lygomis Didel\u0117s talpos statin\u0117 sulaiko daugiau uolien\u0173, kad b\u016bt\u0173 u\u017etikrintas didesnis efektyvumas, sandari konstrukcija apsaugo nuo nuot\u0117kio, apsauga nuo perkrovos apsaugo nuo pa\u017eeidim\u0173, i\u0161jungimo atmintis atnaujinama po gedim\u0173, o \u017eemos \u012ftampos konstrukcija pa\u0161alina sm\u016bgio rizik\u0105.<\/div><\/div><div class=\"section\"><div class=\"section-title\"><\/div><div class=\"section-img\"><img decoding=\"async\" src=\"\/vevor\/product\/YSDMJHS4DDSST0A1P001\/rock-tumbler-a100-2.5.jpg\" \/><\/div><div class=\"section-mobile-img\"><img decoding=\"async\" src=\"\/vevor\/product\/YSDMJHS4DDSST0A1P001\/rock-tumbler-a100-2.5-m.jpg\" \/><\/div><div class=\"section-desc\">\u0160is akmens poliravimo rinkinys naudoja keli\u0173 etap\u0173 proces\u0105, kad grub\u016bs akmenys tapt\u0173 lygiais, subtiliais gabalais Operacija yra paprasta ir efektyvi, nereikalaujanti joki\u0173 sud\u0117ting\u0173 veiksm\u0173, kad b\u016bt\u0173 pasiekti rafinuoti rezultatai.<\/div><\/div><div class=\"section\"><div class=\"section-img\"><img decoding=\"async\" src=\"\/vevor\/product\/YSDMJHS4DDSST0A1P001\/rock-tumbler-a100-1.11.jpg\" \/><\/div><div class=\"section-mobile-img\"><img decoding=\"async\" src=\"\/vevor\/product\/YSDMJHS4DDSST0A1P001\/rock-tumbler-a100-1.11-m.jpg\" \/><\/div><\/div><\/div><\/body><\/html><\/div>\n<div class=\"DM_at-title\" id=\"js-DM_at-title\"> <div>Produkto specifikacija<\/div> <i class=\"icon-arrowup_line\"><\/i> <\/div><div class=\"DM_at-goodsDescAttr\" id=\"js-DM_at-goodsDescAttr\"> <div class=\"DM_at-goodsDescAttrInner\"> <dl class=\"goodsDesc_item goodsDesc_item_even\"> <dt>Prek\u0117s Modelio Numeris<\/dt> <dd> KD-C1012<\/dd> <\/dl> <dl class=\"goodsDesc_item\"> <dt>Neto Svoris<\/dt> <dd> 4,56 svaro \/ 2,07 kg<\/dd> <\/dl> <dl class=\"goodsDesc_item goodsDesc_item_even\"> <dt>Gaminio Matmenys<\/dt> <dd> 6,22 x 7,68 x 6,02 colio \/ 158 x 195 x 153 mm<\/dd> <\/dl> <dl class=\"goodsDesc_item\"> <dt>Gaminio matmenys (be statin\u0117s)<\/dt> <dd> 6,22 x 7,68 x 2,52 colio \/ 158 x 195 x 64 mm<\/dd> <\/dl> <\/div> <\/div>","protected":false},"excerpt":{"rendered":"<ul>\n<li> Tiesiogin\u0117s pavaros variklis be dir\u017eo: \u0161is uolien\u0173 b\u016bgninis rinkinys naudoja \u017eemos \u012ftampos tiesiogin\u0117s pavaros varikl\u012f, kad b\u016bt\u0173 galima skland\u017eiau, efektyviau poliruoti be dir\u017eo perdavimo, pa\u0161alinant dir\u017eo nusid\u0117v\u0117jim\u0105 ir pakeitim\u0105, tuo pa\u010diu suma\u017einant prie\u017ei\u016bros i\u0161laidas. jis veikia \u226435 dB, tod\u0117l gal\u0117site m\u0117gautis ramia ir patogia k\u016brybine patirtimi <\/li>\n<li> Net poliravimo rezultatai: \u0160is uol\u0173 poliravimo rinkinys yra su 8 r\u016b\u0161i\u0173 grubiais akmenimis, kuri\u0173 kiekvienas turi unikalias tekst\u016bras ir spalvas. nesvarbu, ar esate pradedantysis, ar patyr\u0119s entuziastas, jis padeda paversti grubius akmenis gra\u017eiais brangakmeniais, i\u0161ry\u0161kindamas j\u0173 nat\u016bral\u0173 blizges\u012f ir gro\u017e\u012f <\/li>\n<li> Lankstus reguliavimas: M\u016bs\u0173 akmens b\u016bgninis \u012ftaisas turi nuo 1 iki 9 dien\u0173 laikmat\u012f ir 4 grei\u010dio lygius, svyruojan\u010dius nuo 75 RPM iki 120 RPM, tenkinan\u010dius skirting\u0173 med\u017eiag\u0173 ir etap\u0173 poliravimo poreikius. su apsauga nuo perkrovos ir i\u0161jungimo atmintimi, jis automati\u0161kai atnaujina likus\u012f cikl\u0105 po gedim\u0173. pastovaus grei\u010dio konstrukcija u\u017etikrina vienodesnius ir nuoseklesnius rezultatus <\/li>\n<li> Didel\u0117 apkrova: \u0161is uolien\u0173 poliruoklis tiekiamas su 2 svar\u0173 didel\u0117s apkrovos statine, kuri vienu metu sulaiko daugiau akmen\u0173, o tai labai pagerina poliravimo efektyvum\u0105. Didel\u0117 talpa taupo laik\u0105, u\u017etikrina tolyg\u0173 poliravim\u0105 ir suma\u017eina da\u017en\u0105 papildym\u0105, kad b\u016bt\u0173 lengviau valdyti <\/li>\n<li> Komplektas: Akmens b\u016bgn\u0173 komplekt\u0105 sudaro rankinis, \u012fvair\u016bs \u0161iurk\u0161t\u016bs akmenys, apvalios abrazyvin\u0117s med\u017eiagos, mikrokristalinis silicio karbidas, poliravimo milteliai, filtro sietas, tu\u0161\u010diaviduriai purtykl\u0117s rutuliukai, pavieniai \u017eiedai, pakabinamos virvel\u0117s, plok\u0161ti \u017eied\u0173 pagrindai ir adapteris. su visais priedais jis puikiai tinka nam\u0173 ruo\u0161ai arba t\u0117v\u0173 ir vaik\u0173 veiklai, tod\u0117l gal\u0117site visi\u0161kai m\u0117gautis transformacija i\u0161 grubi\u0173 akmen\u0173 \u012f putojan\u010dius brangakmenius <\/li>\n<\/ul>","protected":false},"featured_media":431768,"comment_status":"open","ping_status":"open","template":"","meta":{"om_disable_all_campaigns":false,"_uf_show_specific_survey":0,"_uf_disable_surveys":false},"location":[1935,1934],"product_brand":[],"product_cat":[68,74,1667],"product_tag":[],"class_list":{"0":"post-215558","1":"product","2":"type-product","3":"status-publish","4":"has-post-thumbnail","6":"location-supplier_stock_location","7":"location-local_stock_location","8":"product_cat-arts-crafts-sewing","9":"product_cat-jewelry-making-repair","10":"product_cat-rock-tumbler","12":"first","13":"instock","14":"taxable","15":"shipping-taxable","16":"purchasable","17":"product-type-simple"},"aioseo_notices":[],"locations":[{"id":1935,"name":"Pieg\u0101d\u0101t\u0101ja noliktav\u0101 (5-7d.d.)","slug":"supplier_stock_location","quantity":"487"},{"id":1934,"name":"R\u012bgas veikal\u0101 (0-2d.d.)","slug":"local_stock_location","quantity":"0"}],"_links":{"self":[{"href":"https:\/\/vevorshop.lv\/lt\/wp-json\/wp\/v2\/product\/215558","targetHints":{"allow":["GET"]}}],"collection":[{"href":"https:\/\/vevorshop.lv\/lt\/wp-json\/wp\/v2\/product"}],"about":[{"href":"https:\/\/vevorshop.lv\/lt\/wp-json\/wp\/v2\/types\/product"}],"replies":[{"embeddable":true,"href":"https:\/\/vevorshop.lv\/lt\/wp-json\/wp\/v2\/comments?post=215558"}],"wp:featuredmedia":[{"embeddable":true,"href":"https:\/\/vevorshop.lv\/lt\/wp-json\/wp\/v2\/media\/431768"}],"wp:attachment":[{"href":"https:\/\/vevorshop.lv\/lt\/wp-json\/wp\/v2\/media?parent=215558"}],"wp:term":[{"taxonomy":"location","embeddable":true,"href":"https:\/\/vevorshop.lv\/lt\/wp-json\/wp\/v2\/location?post=215558"},{"taxonomy":"product_brand","embeddable":true,"href":"https:\/\/vevorshop.lv\/lt\/wp-json\/wp\/v2\/product_brand?post=215558"},{"taxonomy":"product_cat","embeddable":true,"href":"https:\/\/vevorshop.lv\/lt\/wp-json\/wp\/v2\/product_cat?post=215558"},{"taxonomy":"product_tag","embeddable":true,"href":"https:\/\/vevorshop.lv\/lt\/wp-json\/wp\/v2\/product_tag?post=215558"}],"curies":[{"name":"wp","href":"https:\/\/api.w.org\/{rel}","templated":true}]}}