{"id":216780,"date":"2025-12-04T15:32:16","date_gmt":"2025-12-04T13:32:16","guid":{"rendered":"https:\/\/vevorshop.lv\/en_us\/Prece\/vevor-heated-socks-medium-10000mah-rechargeable-battery-4-heat-levels-app-control-warm-socks-for-outdoor-sports-winter-use\/"},"modified":"2026-05-01T08:05:55","modified_gmt":"2026-05-01T05:05:55","slug":"vevor-heated-socks-medium-10000mah-rechargeable-battery-4-heat-levels-app-control-warm-socks-for-outdoor-sports-winter-use","status":"publish","type":"product","link":"https:\/\/vevorshop.lv\/lt\/Prece\/vevor-sildomos-kojines-vidutines-10000mah-ikraunamas-akumuliatorius-4-silumos-lygiu-programeles-valdymas-siltos-kojines-skirtos-sportuoti-lauke-ziema\/","title":{"rendered":"VEVOR elektrin\u0117s \u0161ildomos kojin\u0117s su 10000mAh baterija, 4 \u0161ilumos lygiai, valdymas per APP, M dydis, p\u0117d\u0173 \u0161ildytuvai lauko veiklai"},"content":{"rendered":"<div style=\"color: #fff!important; font-size: 16px; height: 24px; line-height: 24px; margin-top: -24px; \" class=\"product_original_name\">VEVOR \u0161ildomos kojin\u0117s, vidutinio dyd\u017eio, 5000mAh baterijos \u012fkraunamos \u0161ildymo kojin\u0117s su 4 \u0161ildymo lygiais, elektrinis \u0161ildomas kojin\u0117 su APP valdymu vyrams moterims, p\u0117d\u0173 \u0161ildytuvas med\u017eioklei jodin\u0117jimas stovyklaviet\u0117je \u017eygiai<\/div>\n<div style=\"color: #fff!important; font-size: 16px; height: 24px; line-height: 24px; margin-top: -24px; \" class=\"product_sku\">MI4C9A4Z<\/div>\n<div style=\"color: #fff!important; font-size: 16px; height: 24px; line-height: 24px; margin-top: -24px; \" class=\"product_mpn\">JRWJZXWMMAPPDZ08R001V9<\/div><div id=\"js-DM_at-goodDescRich\"><html><head><style>  body {    font-family: Arial;    line-height: 1.5;    color: #1c1c1c;    overflow-x: hidden;    margin: 0;    padding: 0;  }  .MsoNormal b {    font-weight: bolder;  }<\/style><style>  .container.small {    width: 970px;    margin: 0 auto;  }  .logo {    margin: 0 auto 0;  }  .logo img {    display: block;    margin: 0 auto;    max-width: 100%;  }  .logo .pc-banner {    display: block;    width: 1200px;    height: 247.4px;    margin: 0 auto;  }  .logo .pc-banner.small {    width: 970px;  }  .logo .pc-banner.small img {    height: auto!important;  }  .logo .m-banner {    display: none;  }  .ytvideo {    position: relative;    height: 546px;    width: 100%;    margin: 0 auto;  }  .ytvideo img {    width: 100%;    margin: 0 auto;  }  .ytvideo .play-btn {    width: 60px;    height: 42px;    position: absolute;    top: 50%;    left: 50%;    transform: translate(-50%, -50%);    background: url(\"data:image\/png;base64,iVBORw0KGgoAAAANSUhEUgAAAGQAAABGCAMAAAANWMFbAAAC+lBMVEUAAADBGB3kLCfBGB3kLCfcJC7BFx3KKSbiKybkLCbWJCPSIiLSIiLPICHAFx3kLCfgKSXNHiDZJiTIGx\/p4eHcjo7LHSDbJyTkLCbjKyfOHyHPIiL28fHJHB\/GGh7EGR7eKCXDGB3RISHlLSbBGB3AFxzGHB7DGB7BGB3hKybkKybAFx3lLCfAFxzDGR3hKibDGB7cJyTmz8\/elJTlwcHjurrUIyLlLSflLSfAFx3DGR7lLSfCFx3hKibhKibhKybjKybkLCblLSfbJSX49vbx7e3NNzjNMTLMJyjVIyLZf3\/ZQ0LaeHjx0tLgoqLkLCfCGB3HGx\/BGB3BFx3PICHCGB7WJCLOHyC\/Fxy\/Fx3lLCfQISHkLSe\/FxzbJiTBFx3FGx\/AGB7BFx3EGR7AGB3HHSDfKiXAFh3TISHYNzbhKibbJyTTIiL57e325+f039\/v2NjUV1fOHiHiqanfmprch4feKSXVIyPOICHmLibFGh\/mLSe\/Fx7XJCPeKSXXJSPNHyHaJyTGGh7lLCbmLCflLSjSIiLkLCbdKSXLHiC\/GB3KHh++Fh3lKyfoLiXcKCPkx8fYb2\/XaGfVXl3aU1LLHiDksbHgKibPICHbJyTfKSXbJyTCGB3KHSDiKybFGh7TIiL\/\/\/\/VIyPRISHIHB\/GGx\/HHB\/DGR7gKibdKCXLHiDZJiTMHiDNHyHYJSTOICHPICHWJCPcKCXXJSPjLCblLCf+\/f3NGR\/uLijzLynPGR\/IGB7WISHaIyLLGh7UAADxLynNAADRLzDbICLQAADIAAD3MCrUHSHXMTDpKSbLAADp5OTij4\/ejo\/VLy\/1LyngJSTcJCPQHx\/OHB7+\/PzaMS\/OLS\/vLijrLSjSAADaNTPwLyjkKSbNJCbYISHPHB\/KGB7WAAD7+vrn3d3aKynTKCjoLCfsKifRGh\/YAADq5+fhjo7QNDXXKCfmJyXt5+fTLzDLLi\/QKivYHRvMGBrQJCXLISPMExXLDxLaEAvkkI\/bOTfaFQ\/SCgpvLcnHAAAAmnRSTlMA+vv7+gT9Bvf9+8z8\/NSv\/Pr5+P7++vnQIBMP\/v38\/Pn348XDiCYf9OjbzcqxXVcx\/fz8+\/rj1r2poo1+fXFqX0orGP7+\/v7+\/fz8+\/r68uzn4trIxsG\/vri3p6GcmZSNbWVYUUZEPQv+\/f39+\/v7+\/v7+vr64tvV1NTTz87FtbSurqeblJKFg4B3bUY+NjL7+\/v7+\/v67t1cDo8JLQAABkRJREFUWMO0kz9rwkAYh0OIeJkum6YugUAhISCdKoj\/P4C7SMdS+gEKIhSKil10LSg4mzXkILdlEpxCpwTiWOLX6BujvQaEQuGeHLnL+\/64J+SIcKGYTYWnntpdLjrVdqvZmNdn0+EE40GtpuuWVS6Xx6N7YDSGpWXpeq02wHgynM7q80az1a52HpddtVcpsi1zFARBrdaxbhp9iUReTGmwA4KAAr7vx3EYejnCMI6hQYEgy0LQi4jUN0wL19vqFcUC9\/1dAKmEEFkWRYkh5oBejnxQJiSJPJ\/uKBp0Thszx9Mw8hMRIQjKsptCfuES9zr5WJY6vSFCIvE9fCMUmEM1A1kSXcYGxgVYsvI1IPKTZciSTI0us\/SMGG04gDzELDoFBwdcFJrF88dqgYMTiL6DILWYyfOWE8\/kIz38olCNlC03FK95+imxp6y4oUSvAnBjHHhKNtotSDqJzVFiK8c2SBqhZtsrTtgrLXwAyduxZHNE26eHUt5rtuM4WSmds3G+sUdWYo1L+XyxButoh5eKUHk5lByO3G1LqqCWVnfrv\/lyPtf\/4ps1cndNGIri8J1TJ0lx6dR\/oPjq1nbRwdp2dCk4CtIOLW3pVKRL6WZfS5vF2KkIQhpwSsjiYIgNCs1gEMGqiIq24NQX9NwoXFy8Ufrl3twTcg4fv8T9\/JBEySduj6Mjm4bMzYV7EEOxKjjoNDud7yY3Dy71Hq2oLmqfbNR723edH9PgMrNL2utoQ3VmaIDkiw\/4w51P06hlZsTZvkRrbVuSIs\/zwSOsycgzStQouoAkWQqioRT5XI7n2Z1wfVhoZmcAJLsoqjqpjbWCgpOAJXBwHK8PzWbNvoUZJND5wCnSkLAkZ1legx6vqQzjoiTahKlGUGLAiIIoABOHaNVw4sexZBym6\/HWlH5h3IC7yRbxtipcWxdTOkORKiNQAEkFf66x5S2oeRbroOlLgg0sSYkR0hRGEqJZ0jTPiQKatESdBckpWigxaapEH0lImHdWu9pUFF2XqMNM2Z4kped7IwEJw2qabwtrQqnpw6HyKkgcadKWsmpywwesDyIhYRpdzXddqegtGIJlXbAIUMOLkGxJUjRIkokwjUaX9d\/kK62ps\/tYUqZLIMkLTyBhsMZ3C5Z\/kDxOSCb\/DOs\/\/J0qcWSX\/2ipe56EgTCA4\/cB7NAYOsni4mZM1MUPAISoEwkDi4lhVBQ1cWQyIcwalw4EpqZN68JUSK7XC0kTlkLYii5uXSC8jT5ncCAS7mjCv0uHp\/3lueHEEAeQ\/\/VgmdN71\/2uCSA1Xr6DO6uI6sW56zqT2tp2PhgiRUAajV8CY2fkcz6WGNKMgLAt7tJAhD4YHMTeRxlALE6+43WqjSWi8ITxyJl8WrwWSNESQZZOqhDDntO3hJLsd5RtSpbJqdv3YrDJH3F7jL1R2O2aQkn2MyCyKYz0GPGIvSAMgBCrCEiJyKbBaYGwLW4uPRr0A0M4Ux5kUI7IBh+hMdiCEWNqhMZGyYMsOgNE58UQuEQeUnSWCMYwL54hkxK6IoqucQZbQ3pc3XtL0lky1dL0zZJJDpWJovFqpWj6JEHnyam2eQp5QRVAVHjWparTOaVwUOx99YS2MvgxIGV0bb+qIg2HX2qkFFJB+XZcbLiuRkuxD9GRroKyveLxdh4d7Orx+hb7qc3uVRuEogCOnyIxm4ubUoPgF4jianDrC+SDQDKEfJb0GUKmjCGPYHGJvVC6X4hw1\/sAfQAdfYyephIaspXe36RwOP+Ljvfx9B6B3i+Nk0DGq+oCbLn6JpBa9nWAveAIHwFAwtVcIJXPMPL8kRu5OAYPMaL1WScTxjiZDqB9LTJSWphow\/pTYKRTLjCBhvi9iBidvKcDasGSm0QQkycYuLBqj6QCELPctqChDWpTRMWkngNNpQ1Pfp1KkiT\/Y0DGffXAweUNfLAfaJFKDwhb6I+bkYRbkERoEeu3Fyjg2opMz2daZCS9jt6Q7txNfB+OZEVF6Zl5web2xunnLQrtrjXseXKaFYziYINeMFZVxS9VxRhOoesYwxPKXm+gWLG9cuFeq93UNNeJNsf1KlwuDok9n02n3TgIJpOxNfL9naIoQwXtfH9kjceTIIi709ncTg6LZbg+biLH1V6u\/7rxBem06VXKn9raAAAAAElFTkSuQmCC\")      no-repeat center center \/ contain;  }  @media screen and (max-width: 960px) and (orientation: portrait) {    .logo {      width: 100%;    }    .logo .pc-banner {      display: none;    }    .logo .m-banner {      display: block;      width: 100%;    }    .logo .m-banner img {      height: auto!important;    }    .ytvideo {      height: 200px;      width: 100%;    }  }<\/style><style>  .video-section {    width: 100%;    margin: 0 auto;  }  .video-section > img {    width: 100%;  }  .video-section iframe,  .video-section video {    width: 100%;    height: 100%;      }  .video-section-img-m,  .video-section-img-pc > img {    width: 100%;    height: auto;  }  .video-section-img-pc.small > img {    width: 970px;  }  .video-desc {    line-height: 1.5;    font-size: 20px;    font-weight: 400;    margin: 20px 0;    text-align: center;    color: #0f1111;    word-break: break-word;  }  @media screen and (max-width: 960px) and (orientation: portrait) {    .video-section {      width: 100%;    }    .video-section-pc,    .video-section-img-pc {      display: none;    }    .video-section-m,    .video-section-img-m {      display: block;    }    .video-desc {      font-size: 15px;    }  }  @media screen and (min-width: 960px) {    .video-section {      width: 100%;      margin: 0 auto;    }    .video-section-pc,    .video-section-img-pc {      display: block;    }    .video-section-m,    .video-section-img-m {      display: none;    }    .video-desc {      font-size: 20px;    }  }<\/style><style>  .section + .section {    margin-top: 35px;  }  .section-title {    text-align: center;    font-weight: bold;    color: #0d1111;    font-family: \"Arial\";    font-size: 32px;    margin: 15px 0;  }  .section-title:empty {    display: none;  }  .section-desc {    text-align: center;    font-weight: normal;    color: #0d1111;    margin-top: 20px;  }  .section-desc:empty {    display: none;  }  .section-img {    width: 1200px;    height: 492px;    margin: 0 auto;    display: block;  }  .section-img.small {    width: 970px;    height: auto;  }  .section-img.small > img {    height: auto;  }  .section-img > img {    width: 100%;    height: 100%;  }  .section-mobile-img {    display: none;    max-width: 100vw;    max-height: 75vw;    height: 450px;    margin: 0 auto;  }  .section-mobile-img > img {    width: 100%;    height: 100%;  }  @media screen and (max-width: 960px) and (orientation: portrait) {    .container {      width: 100%;    }    .container.small {      width: 100%;    }    .section-mobile-img {      display: block;    }    .section-img {      display: none;    }    .section-title {      font-size: 22px;      margin: 10px 0;    }    .section-desc {      margin-top: 10px;    }    .section + .section {      margin-top: 20px;    }  }<\/style><\/head><body><div class=\"container\"><div class=\"logo\"><div class=\"pc-banner\"><div><img decoding=\"async\" src=\"\/vevor\/vevor\/boutique-banner\/pc\/en-pc@1x.jpg\" style=\"width: 100%;\" \/><\/div><\/div><div class=\"m-banner\"><div><img decoding=\"async\" src=\"\/vevor\/vevor\/boutique-banner\/mobile\/en-m@1x.jpg\" style=\"width: 100%;\" \/><\/div><\/div><\/div><div class=\"section-title\">\u0160ildomos kojin\u0117s \u0161al\u010diui u\u017ekariauti<\/div><div class=\"video-section\"><div class=\"video-section-img-pc\"><img decoding=\"async\" src=\"\/vevor\/product\/JRWJZXWMMAPPDZ08R001\/heated-socks-a100-1.4.jpg\" \/><\/div><div class=\"video-section-img-m\"><img decoding=\"async\" src=\"\/vevor\/product\/JRWJZXWMMAPPDZ08R001\/heated-socks-a100-1.4-m.jpg\" \/><\/div><div class=\"section-desc\">M\u016bs\u0173 \u0161ildomos kojin\u0117s su keturiais \u0161ilumos nustatymais, idealiai tinka visiems - nuo jaun\u0173 nuotyki\u0173 ie\u0161kotoj\u0173 iki senjor\u0173 - u\u017etikrina, kad visi i\u0161likt\u0173 \u0161ilti ir jauk\u016bs bet kokiomis s\u0105lygomis.<\/div><\/div><div class=\"section\"><div class=\"section-title\"><\/div><div class=\"section-img\"><img decoding=\"async\" src=\"\/vevor\/product\/JRWJZXWMMAPPDZ08R001\/heated-socks-a100-2.2.jpg\" \/><\/div><div class=\"section-mobile-img\"><img decoding=\"async\" src=\"\/vevor\/product\/JRWJZXWMMAPPDZ08R001\/heated-socks-a100-2.2-m.jpg\" \/><\/div><div class=\"section-desc\">Akumuliatoriaus \u0161ildom\u0173 kojini\u0173 \u0161ildymo laidai apgaubia j\u016bs\u0173 priekin\u0119 p\u0117d\u0105, efektyviai skleisdami \u0161ilum\u0105 Auk\u0161tos kokyb\u0117s med\u017eiagos u\u017esifiksuoja \u0161iluma, u\u017etikrindamos maksimal\u0173 komfort\u0105 ilgai trunkan\u010diai \u0161ilumai vis\u0105 dien\u0105.<\/div><\/div><div class=\"section\"><div class=\"section-title\"><\/div><div class=\"section-img\"><img decoding=\"async\" src=\"\/vevor\/product\/JRWJZXWMMAPPDZ08R001\/heated-socks-a100-2.3.jpg\" \/><\/div><div class=\"section-mobile-img\"><img decoding=\"async\" src=\"\/vevor\/product\/JRWJZXWMMAPPDZ08R001\/heated-socks-a100-2.3-m.jpg\" \/><\/div><div class=\"section-desc\">Idealiai tinka bet kokiai aplinkai - darbui, studijoms, slidin\u0117jimui, \u017eygiams p\u0117s\u010diomis, vairavimui ir kt.! \u0160ios elektra \u0161ildomos kojin\u0117s su\u0161ildo jus u\u017esi\u0117mim\u0173 metu viduje ar lauke, nesvarbu, ar tai b\u016bt\u0173 pramoga, ar darbai.<\/div><\/div><div class=\"section\"><div class=\"section-title\"><\/div><div class=\"section-img\"><img decoding=\"async\" src=\"\/vevor\/product\/JRWJZXWMMAPPDZ08R001\/heated-socks-a100-2.4.jpg\" \/><\/div><div class=\"section-mobile-img\"><img decoding=\"async\" src=\"\/vevor\/product\/JRWJZXWMMAPPDZ08R001\/heated-socks-a100-2.4-m.jpg\" \/><\/div><div class=\"section-desc\">Su specialiu skalbini\u0173 mai\u0161eliu \u0161ias \u012fkraunamas kaitinimo kojines galima skalbti neprarandant formos ar \u0161ilumos Modalinis audinys yra mink\u0161tas, atsparus susitraukimams, lengvai pri\u017ei\u016brimas.<\/div><\/div><div class=\"section\"><div class=\"section-title\"><\/div><div class=\"section-img\"><img decoding=\"async\" src=\"\/vevor\/product\/JRWJZXWMMAPPDZ08R001\/heated-socks-a100-2.5.jpg\" \/><\/div><div class=\"section-mobile-img\"><img decoding=\"async\" src=\"\/vevor\/product\/JRWJZXWMMAPPDZ08R001\/heated-socks-a100-2.5-m.jpg\" \/><\/div><div class=\"section-desc\">Elastinga med\u017eiaga baterijos valdomos kojin\u0117s pel\u0117siai \u012f j\u016bs\u0173 p\u0117d\u0105, tod\u0117l dyd\u017eio nustatymas yra lengva Tinka vyrams ir moterims, ir apgalvota dovana j\u016bs\u0173 \u0161eimai - daugiau ne nerimauti d\u0117l dyd\u017eio!<\/div><\/div><div class=\"section\"><div class=\"section-img\"><img decoding=\"async\" src=\"\/vevor\/product\/JRWJZXWMMAPPDZ08R001\/heated-socks-a100-1.11.jpg\" \/><\/div><div class=\"section-mobile-img\"><img decoding=\"async\" src=\"\/vevor\/product\/JRWJZXWMMAPPDZ08R001\/heated-socks-a100-1.11-m.jpg\" \/><\/div><\/div><\/div><\/body><\/html><\/div>\n<div class=\"DM_at-title\" id=\"js-DM_at-title\"> <div>Produkto specifikacija<\/div> <i class=\"icon-arrowup_line\"><\/i> <\/div><div class=\"DM_at-goodsDescAttr\" id=\"js-DM_at-goodsDescAttr\"> <div class=\"DM_at-goodsDescAttrInner\"> <dl class=\"goodsDesc_item goodsDesc_item_even\"> <dt>Prek\u0117s Modelio Numeris<\/dt> <dd> KEC-5000<\/dd> <\/dl> <dl class=\"goodsDesc_item\"> <dt>Kojini\u0173 Med\u017eiaga<\/dt> <dd> Modaliniai \u0161erdies verpalai + dirbtin\u0117s audin\u0117s vilna<\/dd> <\/dl> <dl class=\"goodsDesc_item goodsDesc_item_even\"> <dt>Dydis<\/dt> <dd> M<\/dd> <\/dl> <dl class=\"goodsDesc_item\"> <dt>Taikomas diapazonas<\/dt> <dd> JAV<\/dd> <\/dl> <dl class=\"goodsDesc_item goodsDesc_item_even\"> <dt>Spalva<\/dt> <dd> Juoda ir pilka bei oran\u017ein\u0117<\/dd> <\/dl> <dl class=\"goodsDesc_item\"> <dt>Neto Svoris<\/dt> <dd> 1.01 svar\u0173 \/ 0.46 kg<\/dd> <\/dl> <\/div> <\/div>","protected":false},"excerpt":{"rendered":"<ul>\n<li> Keturi\u0173 temperat\u016br\u0173 valdymas: perjunkite keturis m\u016bs\u0173 akumuliatorini\u0173 kojini\u0173 \u0161ilumos lygius nuo 40 \u00b0C iki 70 \u00b0C. Reguliuokite naudodami fizin\u012f mygtuk\u0105 arba program\u0105, kad b\u016bt\u0173 lengviau net ir u\u017esid\u0117jus pir\u0161tines, kad i\u0161liktum\u0117te patog\u016bs nesijaudindami d\u0117l per daug ar per ma\u017eai \u0161ilumos <\/li>\n<li> 360\u00b0 \u0161ildymas: m\u016bs\u0173 elektrini\u0173 \u0161ildom\u0173 kojini\u0173 \u0161ilumos laidas apgaubia j\u016bs\u0173 koj\u0173 pir\u0161tus, padus ir koj\u0173 vir\u0161\u016bnes, suteikdamas net \u0161ilum\u0105, kad gal\u0117tum\u0117te skanauti \u0161altomis s\u0105lygomis Idealiai tinka lauko darbuotojams ir \u017eiemos sporto m\u0117g\u0117jams, suteikdamas \u0161ilum\u0105 ten, kur jos labiausiai reikia <\/li>\n<li> Ilgas baterijos veikimo laikas: dvigubos li\u010dio baterijos, kuri\u0173 bendra talpa yra 10 000 mAh, si\u016blo iki 7 valand\u0173 nepertraukiamos \u0161ilumos \u017eemiausioje aplinkoje. \u012fkraunamos \u0161ildomos kojin\u0117s idealiai tinka \u017eygiams p\u0117s\u010diomis, stovyklavimui ar \u017eiemos kelion\u0117ms, ir nereikia da\u017enai \u012fkrauti <\/li>\n<li> Universalus visiems scenarijams: \u0161ios \u0161ildymo kojin\u0117s idealiai tinka bet kokiems nuotykiams lauke - slidin\u0117jimui, \u017eygiams p\u0117s\u010diomis, poledinei \u017evejybai ar net \u0161uns ved\u017eiojimui Tinka bet kokio am\u017eiaus \u017emon\u0117ms, tod\u0117l bet kokiomis s\u0105lygomis \u0161ilta ir jauku <\/li>\n<li> Patogus ir patvarus: skalbiamas ma\u0161inoje arba rankomis, su specialiu skalbini\u0173 mai\u0161eliu M\u016bs\u0173 akumuliatorin\u0117s \u0161ildomos kojin\u0117s pagamintos i\u0161 odai draugi\u0161ko modalinio pluo\u0161to ir dirbtin\u0117s audin\u0117s pamu\u0161alo, suteikian\u010dio vis\u0105 dien\u0105 \u0161ilum\u0105 ir komfort\u0105 be diskomforto. patvarus, ilgalaikis d\u0117v\u0117jimasis <\/li>\n<\/ul>","protected":false},"featured_media":432894,"comment_status":"open","ping_status":"closed","template":"","meta":{"om_disable_all_campaigns":false,"_uf_show_specific_survey":0,"_uf_disable_surveys":false},"location":[1935,1934],"product_brand":[],"product_cat":[2293,1174,460],"product_tag":[],"class_list":{"0":"post-216780","1":"product","2":"type-product","3":"status-publish","4":"has-post-thumbnail","6":"location-supplier_stock_location","7":"location-local_stock_location","8":"product_cat-foot-warmers","9":"product_cat-sports-outdoor-recreation-accessories","10":"product_cat-sports-recreation","12":"first","13":"onbackorder","14":"taxable","15":"shipping-taxable","16":"purchasable","17":"product-type-simple"},"aioseo_notices":[],"locations":[{"id":1935,"name":"Pieg\u0101d\u0101t\u0101ja noliktav\u0101 (5-7d.d.)","slug":"supplier_stock_location","quantity":"0"},{"id":1934,"name":"R\u012bgas veikal\u0101 (0-2d.d.)","slug":"local_stock_location","quantity":"0"}],"_links":{"self":[{"href":"https:\/\/vevorshop.lv\/lt\/wp-json\/wp\/v2\/product\/216780","targetHints":{"allow":["GET"]}}],"collection":[{"href":"https:\/\/vevorshop.lv\/lt\/wp-json\/wp\/v2\/product"}],"about":[{"href":"https:\/\/vevorshop.lv\/lt\/wp-json\/wp\/v2\/types\/product"}],"replies":[{"embeddable":true,"href":"https:\/\/vevorshop.lv\/lt\/wp-json\/wp\/v2\/comments?post=216780"}],"wp:featuredmedia":[{"embeddable":true,"href":"https:\/\/vevorshop.lv\/lt\/wp-json\/wp\/v2\/media\/432894"}],"wp:attachment":[{"href":"https:\/\/vevorshop.lv\/lt\/wp-json\/wp\/v2\/media?parent=216780"}],"wp:term":[{"taxonomy":"location","embeddable":true,"href":"https:\/\/vevorshop.lv\/lt\/wp-json\/wp\/v2\/location?post=216780"},{"taxonomy":"product_brand","embeddable":true,"href":"https:\/\/vevorshop.lv\/lt\/wp-json\/wp\/v2\/product_brand?post=216780"},{"taxonomy":"product_cat","embeddable":true,"href":"https:\/\/vevorshop.lv\/lt\/wp-json\/wp\/v2\/product_cat?post=216780"},{"taxonomy":"product_tag","embeddable":true,"href":"https:\/\/vevorshop.lv\/lt\/wp-json\/wp\/v2\/product_tag?post=216780"}],"curies":[{"name":"wp","href":"https:\/\/api.w.org\/{rel}","templated":true}]}}