{"id":220648,"date":"2025-12-10T00:32:07","date_gmt":"2025-12-09T22:32:07","guid":{"rendered":"https:\/\/vevorshop.lv\/en_us\/Prece\/vevor-2-person-adjustable-moving-straps-set-with-harnesses-load-straps-supports-up-to-453-6-kg-for-furniture-appliance-lifting\/"},"modified":"2026-04-27T12:49:09","modified_gmt":"2026-04-27T09:49:09","slug":"vevor-2-person-adjustable-moving-straps-set-with-harnesses-load-straps-supports-up-to-453-6-kg-for-furniture-appliance-lifting","status":"publish","type":"product","link":"https:\/\/vevorshop.lv\/lt\/Prece\/vevor-2-asm-reguliuojami-judantys-dirzeliai-su-dirzais-apkrovos-dirzu-atramos-iki-453-6-kg-baldu-prietaisu-kelimui\/","title":{"rendered":"VEVOR reguliuojamos perk\u0117limo dir\u017eai 2 asmenims, iki 453.6 kg, bald\u0173 ir buitin\u0117s technikos k\u0117limo sistema su pir\u0161tin\u0117mis"},"content":{"rendered":"<div style=\"color: #fff!important; font-size: 16px; height: 24px; line-height: 24px; margin-top: -24px; \" class=\"product_original_name\">VEVOR judantys dir\u017eeliai, palaiko iki 453,6 kg, 2 asmen\u0173 k\u0117limo ir jud\u0117jimo sistema su 2 dir\u017eeliais ir 2 laikan\u010diais dir\u017eeliais, reguliuojami k\u0117limo pe\u010di\u0173 dir\u017eeliai, judantys bald\u0173 prietaisai, \u010diu\u017einiai<\/div>\n<div style=\"color: #fff!important; font-size: 16px; height: 24px; line-height: 24px; margin-top: -24px; \" class=\"product_sku\">MIYMHZZI<\/div>\n<div style=\"color: #fff!important; font-size: 16px; height: 24px; line-height: 24px; margin-top: -24px; \" class=\"product_mpn\">BYDJKSJCX800G9Y2P001V0<\/div><div id=\"js-DM_at-goodDescRich\"><html><head><style>  body {    font-family: Arial;    line-height: 1.5;    color: #1c1c1c;    overflow-x: hidden;    margin: 0;    padding: 0;  }  .MsoNormal b {    font-weight: bolder;  }<\/style><style>  .container.small {    width: 970px;    margin: 0 auto;  }  .logo {    margin: 0 auto 0;  }  .logo img {    display: block;    margin: 0 auto;    max-width: 100%;  }  .logo .pc-banner {    display: block;    width: 1200px;    height: 247.4px;    margin: 0 auto;  }  .logo .pc-banner.small {    width: 970px;  }  .logo .pc-banner.small img {    height: auto!important;  }  .logo .m-banner {    display: none;  }  .ytvideo {    position: relative;    height: 546px;    width: 100%;    margin: 0 auto;  }  .ytvideo img {    width: 100%;    margin: 0 auto;  }  .ytvideo .play-btn {    width: 60px;    height: 42px;    position: absolute;    top: 50%;    left: 50%;    transform: translate(-50%, -50%);    background: url(\"data:image\/png;base64,iVBORw0KGgoAAAANSUhEUgAAAGQAAABGCAMAAAANWMFbAAAC+lBMVEUAAADBGB3kLCfBGB3kLCfcJC7BFx3KKSbiKybkLCbWJCPSIiLSIiLPICHAFx3kLCfgKSXNHiDZJiTIGx\/p4eHcjo7LHSDbJyTkLCbjKyfOHyHPIiL28fHJHB\/GGh7EGR7eKCXDGB3RISHlLSbBGB3AFxzGHB7DGB7BGB3hKybkKybAFx3lLCfAFxzDGR3hKibDGB7cJyTmz8\/elJTlwcHjurrUIyLlLSflLSfAFx3DGR7lLSfCFx3hKibhKibhKybjKybkLCblLSfbJSX49vbx7e3NNzjNMTLMJyjVIyLZf3\/ZQ0LaeHjx0tLgoqLkLCfCGB3HGx\/BGB3BFx3PICHCGB7WJCLOHyC\/Fxy\/Fx3lLCfQISHkLSe\/FxzbJiTBFx3FGx\/AGB7BFx3EGR7AGB3HHSDfKiXAFh3TISHYNzbhKibbJyTTIiL57e325+f039\/v2NjUV1fOHiHiqanfmprch4feKSXVIyPOICHmLibFGh\/mLSe\/Fx7XJCPeKSXXJSPNHyHaJyTGGh7lLCbmLCflLSjSIiLkLCbdKSXLHiC\/GB3KHh++Fh3lKyfoLiXcKCPkx8fYb2\/XaGfVXl3aU1LLHiDksbHgKibPICHbJyTfKSXbJyTCGB3KHSDiKybFGh7TIiL\/\/\/\/VIyPRISHIHB\/GGx\/HHB\/DGR7gKibdKCXLHiDZJiTMHiDNHyHYJSTOICHPICHWJCPcKCXXJSPjLCblLCf+\/f3NGR\/uLijzLynPGR\/IGB7WISHaIyLLGh7UAADxLynNAADRLzDbICLQAADIAAD3MCrUHSHXMTDpKSbLAADp5OTij4\/ejo\/VLy\/1LyngJSTcJCPQHx\/OHB7+\/PzaMS\/OLS\/vLijrLSjSAADaNTPwLyjkKSbNJCbYISHPHB\/KGB7WAAD7+vrn3d3aKynTKCjoLCfsKifRGh\/YAADq5+fhjo7QNDXXKCfmJyXt5+fTLzDLLi\/QKivYHRvMGBrQJCXLISPMExXLDxLaEAvkkI\/bOTfaFQ\/SCgpvLcnHAAAAmnRSTlMA+vv7+gT9Bvf9+8z8\/NSv\/Pr5+P7++vnQIBMP\/v38\/Pn348XDiCYf9OjbzcqxXVcx\/fz8+\/rj1r2poo1+fXFqX0orGP7+\/v7+\/fz8+\/r68uzn4trIxsG\/vri3p6GcmZSNbWVYUUZEPQv+\/f39+\/v7+\/v7+vr64tvV1NTTz87FtbSurqeblJKFg4B3bUY+NjL7+\/v7+\/v67t1cDo8JLQAABkRJREFUWMO0kz9rwkAYh0OIeJkum6YugUAhISCdKoj\/P4C7SMdS+gEKIhSKil10LSg4mzXkILdlEpxCpwTiWOLX6BujvQaEQuGeHLnL+\/64J+SIcKGYTYWnntpdLjrVdqvZmNdn0+EE40GtpuuWVS6Xx6N7YDSGpWXpeq02wHgynM7q80az1a52HpddtVcpsi1zFARBrdaxbhp9iUReTGmwA4KAAr7vx3EYejnCMI6hQYEgy0LQi4jUN0wL19vqFcUC9\/1dAKmEEFkWRYkh5oBejnxQJiSJPJ\/uKBp0Thszx9Mw8hMRIQjKsptCfuES9zr5WJY6vSFCIvE9fCMUmEM1A1kSXcYGxgVYsvI1IPKTZciSTI0us\/SMGG04gDzELDoFBwdcFJrF88dqgYMTiL6DILWYyfOWE8\/kIz38olCNlC03FK95+imxp6y4oUSvAnBjHHhKNtotSDqJzVFiK8c2SBqhZtsrTtgrLXwAyduxZHNE26eHUt5rtuM4WSmds3G+sUdWYo1L+XyxButoh5eKUHk5lByO3G1LqqCWVnfrv\/lyPtf\/4ps1cndNGIri8J1TJ0lx6dR\/oPjq1nbRwdp2dCk4CtIOLW3pVKRL6WZfS5vF2KkIQhpwSsjiYIgNCs1gEMGqiIq24NQX9NwoXFy8Ufrl3twTcg4fv8T9\/JBEySduj6Mjm4bMzYV7EEOxKjjoNDud7yY3Dy71Hq2oLmqfbNR723edH9PgMrNL2utoQ3VmaIDkiw\/4w51P06hlZsTZvkRrbVuSIs\/zwSOsycgzStQouoAkWQqioRT5XI7n2Z1wfVhoZmcAJLsoqjqpjbWCgpOAJXBwHK8PzWbNvoUZJND5wCnSkLAkZ1legx6vqQzjoiTahKlGUGLAiIIoABOHaNVw4sexZBym6\/HWlH5h3IC7yRbxtipcWxdTOkORKiNQAEkFf66x5S2oeRbroOlLgg0sSYkR0hRGEqJZ0jTPiQKatESdBckpWigxaapEH0lImHdWu9pUFF2XqMNM2Z4kped7IwEJw2qabwtrQqnpw6HyKkgcadKWsmpywwesDyIhYRpdzXddqegtGIJlXbAIUMOLkGxJUjRIkokwjUaX9d\/kK62ps\/tYUqZLIMkLTyBhsMZ3C5Z\/kDxOSCb\/DOs\/\/J0qcWSX\/2ipe56EgTCA4\/cB7NAYOsni4mZM1MUPAISoEwkDi4lhVBQ1cWQyIcwalw4EpqZN68JUSK7XC0kTlkLYii5uXSC8jT5ncCAS7mjCv0uHp\/3lueHEEAeQ\/\/VgmdN71\/2uCSA1Xr6DO6uI6sW56zqT2tp2PhgiRUAajV8CY2fkcz6WGNKMgLAt7tJAhD4YHMTeRxlALE6+43WqjSWi8ITxyJl8WrwWSNESQZZOqhDDntO3hJLsd5RtSpbJqdv3YrDJH3F7jL1R2O2aQkn2MyCyKYz0GPGIvSAMgBCrCEiJyKbBaYGwLW4uPRr0A0M4Ux5kUI7IBh+hMdiCEWNqhMZGyYMsOgNE58UQuEQeUnSWCMYwL54hkxK6IoqucQZbQ3pc3XtL0lky1dL0zZJJDpWJovFqpWj6JEHnyam2eQp5QRVAVHjWparTOaVwUOx99YS2MvgxIGV0bb+qIg2HX2qkFFJB+XZcbLiuRkuxD9GRroKyveLxdh4d7Orx+hb7qc3uVRuEogCOnyIxm4ubUoPgF4jianDrC+SDQDKEfJb0GUKmjCGPYHGJvVC6X4hw1\/sAfQAdfYyephIaspXe36RwOP+Ljvfx9B6B3i+Nk0DGq+oCbLn6JpBa9nWAveAIHwFAwtVcIJXPMPL8kRu5OAYPMaL1WScTxjiZDqB9LTJSWphow\/pTYKRTLjCBhvi9iBidvKcDasGSm0QQkycYuLBqj6QCELPctqChDWpTRMWkngNNpQ1Pfp1KkiT\/Y0DGffXAweUNfLAfaJFKDwhb6I+bkYRbkERoEeu3Fyjg2opMz2daZCS9jt6Q7txNfB+OZEVF6Zl5web2xunnLQrtrjXseXKaFYziYINeMFZVxS9VxRhOoesYwxPKXm+gWLG9cuFeq93UNNeJNsf1KlwuDok9n02n3TgIJpOxNfL9naIoQwXtfH9kjceTIIi709ncTg6LZbg+biLH1V6u\/7rxBem06VXKn9raAAAAAElFTkSuQmCC\")      no-repeat center center \/ contain;  }  @media screen and (max-width: 960px) and (orientation: portrait) {    .logo {      width: 100%;    }    .logo .pc-banner {      display: none;    }    .logo .m-banner {      display: block;      width: 100%;    }    .logo .m-banner img {      height: auto!important;    }    .ytvideo {      height: 200px;      width: 100%;    }  }<\/style><style>  .video-section {    width: 100%;    margin: 0 auto;  }  .video-section > img {    width: 100%;  }  .video-section iframe,  .video-section video {    width: 100%;    height: 100%;      }  .video-section-img-m,  .video-section-img-pc > img {    width: 100%;    height: auto;  }  .video-section-img-pc.small > img {    width: 970px;  }  .video-desc {    line-height: 1.5;    font-size: 20px;    font-weight: 400;    margin: 20px 0;    text-align: center;    color: #0f1111;    word-break: break-word;  }  @media screen and (max-width: 960px) and (orientation: portrait) {    .video-section {      width: 100%;    }    .video-section-pc,    .video-section-img-pc {      display: none;    }    .video-section-m,    .video-section-img-m {      display: block;    }    .video-desc {      font-size: 15px;    }  }  @media screen and (min-width: 960px) {    .video-section {      width: 100%;      margin: 0 auto;    }    .video-section-pc,    .video-section-img-pc {      display: block;    }    .video-section-m,    .video-section-img-m {      display: none;    }    .video-desc {      font-size: 20px;    }  }<\/style><style>  .section + .section {    margin-top: 35px;  }  .section-title {    text-align: center;    font-weight: bold;    color: #0d1111;    font-family: \"Arial\";    font-size: 32px;    margin: 15px 0;  }  .section-title:empty {    display: none;  }  .section-desc {    text-align: center;    font-weight: normal;    color: #0d1111;    margin-top: 20px;  }  .section-desc:empty {    display: none;  }  .section-img {    width: 1200px;    height: 492px;    margin: 0 auto;    display: block;  }  .section-img.small {    width: 970px;    height: auto;  }  .section-img.small > img {    height: auto;  }  .section-img > img {    width: 100%;    height: 100%;  }  .section-mobile-img {    display: none;    max-width: 100vw;    max-height: 75vw;    height: 450px;    margin: 0 auto;  }  .section-mobile-img > img {    width: 100%;    height: 100%;  }  @media screen and (max-width: 960px) and (orientation: portrait) {    .container {      width: 100%;    }    .container.small {      width: 100%;    }    .section-mobile-img {      display: block;    }    .section-img {      display: none;    }    .section-title {      font-size: 22px;      margin: 10px 0;    }    .section-desc {      margin-top: 10px;    }    .section + .section {      margin-top: 20px;    }  }<\/style><\/head><body><div class=\"container\"><div class=\"logo\"><div class=\"pc-banner\"><div><img decoding=\"async\" src=\"\/vevor\/vevor\/boutique-banner\/pc\/en-pc@1x.jpg\" style=\"width: 100%;\" \/><\/div><\/div><div class=\"m-banner\"><div><img decoding=\"async\" src=\"\/vevor\/vevor\/boutique-banner\/mobile\/en-m@1x.jpg\" style=\"width: 100%;\" \/><\/div><\/div><\/div><div class=\"section-title\">Mokslinis ir darb\u0105 taupantis k\u0117limas<\/div><div class=\"video-section\"><div class=\"video-section-img-pc\"><img decoding=\"async\" src=\"\/vevor\/product\/BYDJKSJCX800G9Y2P001\/moving-straps-a100-1.4.jpg\" \/><\/div><div class=\"video-section-img-m\"><img decoding=\"async\" src=\"\/vevor\/product\/BYDJKSJCX800G9Y2P001\/moving-straps-a100-1.4-m.jpg\" \/><\/div><div class=\"section-desc\">\u0160is bald\u0173 perk\u0117limo dir\u017eelis skirtas tiek nam\u0173, tiek komerciniam k\u0117limui Jis efektyviai paskirsto daikt\u0173 svor\u012f, suma\u017eina spaudim\u0105 juosmens stuburui ir rankoms, taip pat i\u0161vengia raumen\u0173 ir juosmens \u012ftempimo. taip pat neleid\u017eia baldams tempti grind\u0173 vilkdami, tod\u0117l lengviau pakelti.<\/div><\/div><div class=\"section\"><div class=\"section-title\"><\/div><div class=\"section-img\"><img decoding=\"async\" src=\"\/vevor\/product\/BYDJKSJCX800G9Y2P001\/moving-straps-a100-2.2.jpg\" \/><\/div><div class=\"section-mobile-img\"><img decoding=\"async\" src=\"\/vevor\/product\/BYDJKSJCX800G9Y2P001\/moving-straps-a100-2.2-m.jpg\" \/><\/div><div class=\"section-desc\">Naudojant dilbio strop\u0105 \u017eymiai pager\u0117ja efektyvumas ir suma\u017e\u0117ja rizika, Palyginti su k\u0117limu plikomis rankomis, judantis dir\u017eelis u\u017etikrina stabili\u0105 atram\u0105, suma\u017eina atsitiktinio \u012ftempimo rizik\u0105 Nesvarbu, ar tai dideli baldai, ar prietaisai, galite juos dr\u0105siai ir greitai perkelti.<\/div><\/div><div class=\"section\"><div class=\"section-title\"><\/div><div class=\"section-img\"><img decoding=\"async\" src=\"\/vevor\/product\/BYDJKSJCX800G9Y2P001\/moving-straps-a100-2.3.jpg\" \/><\/div><div class=\"section-mobile-img\"><img decoding=\"async\" src=\"\/vevor\/product\/BYDJKSJCX800G9Y2P001\/moving-straps-a100-2.3-m.jpg\" \/><\/div><div class=\"section-desc\">M\u016bs\u0173 bald\u0173 k\u0117limo dir\u017eelis pasi\u017eymi paprastu d\u0117v\u0117jimo dizainu, leid\u017eian\u010diu pasirinkti tarp ant pe\u010di\u0173 pritvirtinto dir\u017eelio arba ant rank\u0173 pritvirtinto dir\u017eelio, kad b\u016bt\u0173 lengva ne\u0161ioti. d\u0117v\u0117jimo \u017eingsniai yra ai\u0161k\u016bs ir greiti, juos \u012fvaldyti u\u017etrunka vos kelias minutes, tod\u0117l sud\u0117tingos jud\u0117jimo u\u017eduotys yra supaprastintos.<\/div><\/div><div class=\"section\"><div class=\"section-title\"><\/div><div class=\"section-img\"><img decoding=\"async\" src=\"\/vevor\/product\/BYDJKSJCX800G9Y2P001\/moving-straps-a100-2.4.jpg\" \/><\/div><div class=\"section-mobile-img\"><img decoding=\"async\" src=\"\/vevor\/product\/BYDJKSJCX800G9Y2P001\/moving-straps-a100-2.4-m.jpg\" \/><\/div><div class=\"section-desc\">Bald\u0173 dir\u017eelis, skirtas jud\u0117ti, yra su reguliuojamu pe\u010di\u0173 dir\u017eeliu ir tvirtu laikan\u010diu dir\u017eu. jo dydis yra pagr\u012fstas, kad atitikt\u0173 skirtingo auk\u0161\u010dio ir poreiki\u0173 naudotoj\u0173 poreikius. nesvarbu, ar jis naudojamas atskirai, ar poromis, jis gali b\u016bti naudojamas stabiliai, tod\u0117l ne\u0161iotis patogiau.<\/div><\/div><div class=\"section\"><div class=\"section-title\"><\/div><div class=\"section-img\"><img decoding=\"async\" src=\"\/vevor\/product\/BYDJKSJCX800G9Y2P001\/moving-straps-a100-2.5.jpg\" \/><\/div><div class=\"section-mobile-img\"><img decoding=\"async\" src=\"\/vevor\/product\/BYDJKSJCX800G9Y2P001\/moving-straps-a100-2.5-m.jpg\" \/><\/div><div class=\"section-desc\">M\u016bs\u0173 \u0161aldytuvo perk\u0117limo dir\u017eelis tinka naudoti namuose, biure ir komerciniais tikslais, tod\u0117l j\u012f lengva perkelti didelius daiktus, pvz., Spinteles, sofas, \u0161aldytuvus ir skalbimo ma\u0161inas. suma\u017eina stres\u0105 ir rizik\u0105 k\u0117limo metu, tod\u0117l galite efektyviau atlikti u\u017eduotis kasdieniame gyvenime ir darbe.<\/div><\/div><div class=\"section\"><div class=\"section-img\"><img decoding=\"async\" src=\"\/vevor\/product\/BYDJKSJCX800G9Y2P001\/moving-straps-a100-1.11.jpg\" \/><\/div><div class=\"section-mobile-img\"><img decoding=\"async\" src=\"\/vevor\/product\/BYDJKSJCX800G9Y2P001\/moving-straps-a100-1.11-m.jpg\" \/><\/div><\/div><\/div><\/body><\/html><\/div>\n<div class=\"DM_at-title\" id=\"js-DM_at-title\"> <div>Produkto specifikacija<\/div> <i class=\"icon-arrowup_line\"><\/i> <\/div><div class=\"DM_at-goodsDescAttr\" id=\"js-DM_at-goodsDescAttr\"> <div class=\"DM_at-goodsDescAttrInner\"> <dl class=\"goodsDesc_item goodsDesc_item_even\"> <dt>Prek\u0117s Modelio Numeris<\/dt> <dd> BSD-02<\/dd> <\/dl> <dl class=\"goodsDesc_item\"> <dt>K\u0117limo Metodas<\/dt> <dd> \u0160akut\u0117 Strap<\/dd> <\/dl> <dl class=\"goodsDesc_item goodsDesc_item_even\"> <dt>Neto Svoris<\/dt> <dd> 2.47 svar\u0173\/1.12 kg<\/dd> <\/dl> <dl class=\"goodsDesc_item\"> <dt>Pakuot\u0117s dydis (Leistinumas \u00b1 10 mm)<\/dt> <dd> 9,8 x 5,5 x 5,2 colio\/248 x 140 x 131 mm<\/dd> <\/dl> <\/div> <\/div>","protected":false},"excerpt":{"rendered":"<ul>\n<li> Sunki apkrova talpa: \u0160is bald\u0173 judantis dir\u017eelis suteikia maksimali\u0105 apkrov\u0105 1000 svar\u0173 \/ 453,6 kg. Su polipropileno virve ir Q235 plienin\u0117mis tvirtinimo detal\u0117mis jis yra tempiamas, atsparus dilimui ir stabilus. tinka nam\u0173 perk\u0117limui, biuro perk\u0117limui ir sand\u0117lio tvarkymui <\/li>\n<li> Ergonomi\u0161kas sl\u0117gio pasiskirstymas: m\u016bs\u0173 judantis dir\u017eelis turi 2-\u012f-plataus pe\u010di\u0173 ir rank\u0173 tvirtinam\u0105 dir\u017eel\u012f Jis tolygiai paskirsto svor\u012f, kad suma\u017eint\u0173 juosmens \/ nugaros \/ dilbio spaudim\u0105 Jis tinka k\u016bno kreivei, pagerindamas valdymo stabilum\u0105 <\/li>\n<li> Reguliuojamas dizainas: Bald\u0173 k\u0117limo dir\u017eelis pristato reguliuojam\u0105 ant peties tvirtinam\u0105 dir\u017eel\u012f (80,3-150 coli\u0173), leid\u017eiant\u012f greitai reguliuoti sagtimi. nesvarbu, ar auk\u0161tas, ar smulkus, dirbate vienas ar su kitais, galite greitai rasti patogi\u0105 pad\u0117t\u012f <\/li>\n<li> Patvari ir patikima med\u017eiaga: m\u016bs\u0173 bald\u0173 dir\u017eelis, skirtas jud\u0117ti, pasi\u017eymi dilimui atsparia, tempimui atsparia polipropileno virve ir stabiliomis Q235 plienin\u0117mis tvirtinimo detal\u0117mis, yra atsparus sen\u0117jimui, \u012ftr\u016bkimams ir korozijai. Jis gali prisitaikyti prie nam\u0173 \/ pramon\u0117s naudojimo, suma\u017eindamas pakaital\u0173 skai\u010di\u0173 <\/li>\n<li> Neslystan\u010dios pir\u0161tin\u0117s ir laikymo krep\u0161ys: \u012fskaitant 2 poras dilimui atspari\u0173 pir\u0161tini\u0173 ir laikymo mai\u0161el\u012f, \u0161aldytuvo judantis dir\u017eelis pagerina sukibimo \/ neslystan\u010dias savybes, suma\u017eina rank\u0173 slydim\u0105 ir trinties pa\u017eeidimus. naudojamas su dir\u017eeliu, suma\u017eina rizik\u0105 <\/li>\n<\/ul>","protected":false},"featured_media":437826,"comment_status":"open","ping_status":"open","template":"","meta":{"om_disable_all_campaigns":false,"_uf_show_specific_survey":0,"_uf_disable_surveys":false},"location":[1935,1934],"product_brand":[],"product_cat":[580,28,581],"product_tag":[],"class_list":{"0":"post-220648","1":"product","2":"type-product","3":"status-publish","4":"has-post-thumbnail","6":"location-supplier_stock_location","7":"location-local_stock_location","8":"product_cat-cargo-control","9":"product_cat-material-handling","10":"product_cat-tie-down-kit","12":"first","13":"instock","14":"taxable","15":"shipping-taxable","16":"purchasable","17":"product-type-simple"},"aioseo_notices":[],"locations":[{"id":1935,"name":"Pieg\u0101d\u0101t\u0101ja noliktav\u0101 (5-7d.d.)","slug":"supplier_stock_location","quantity":"309"},{"id":1934,"name":"R\u012bgas veikal\u0101 (0-2d.d.)","slug":"local_stock_location","quantity":"0"}],"_links":{"self":[{"href":"https:\/\/vevorshop.lv\/lt\/wp-json\/wp\/v2\/product\/220648","targetHints":{"allow":["GET"]}}],"collection":[{"href":"https:\/\/vevorshop.lv\/lt\/wp-json\/wp\/v2\/product"}],"about":[{"href":"https:\/\/vevorshop.lv\/lt\/wp-json\/wp\/v2\/types\/product"}],"replies":[{"embeddable":true,"href":"https:\/\/vevorshop.lv\/lt\/wp-json\/wp\/v2\/comments?post=220648"}],"wp:featuredmedia":[{"embeddable":true,"href":"https:\/\/vevorshop.lv\/lt\/wp-json\/wp\/v2\/media\/437826"}],"wp:attachment":[{"href":"https:\/\/vevorshop.lv\/lt\/wp-json\/wp\/v2\/media?parent=220648"}],"wp:term":[{"taxonomy":"location","embeddable":true,"href":"https:\/\/vevorshop.lv\/lt\/wp-json\/wp\/v2\/location?post=220648"},{"taxonomy":"product_brand","embeddable":true,"href":"https:\/\/vevorshop.lv\/lt\/wp-json\/wp\/v2\/product_brand?post=220648"},{"taxonomy":"product_cat","embeddable":true,"href":"https:\/\/vevorshop.lv\/lt\/wp-json\/wp\/v2\/product_cat?post=220648"},{"taxonomy":"product_tag","embeddable":true,"href":"https:\/\/vevorshop.lv\/lt\/wp-json\/wp\/v2\/product_tag?post=220648"}],"curies":[{"name":"wp","href":"https:\/\/api.w.org\/{rel}","templated":true}]}}