{"id":221007,"date":"2025-12-12T00:34:14","date_gmt":"2025-12-11T22:34:14","guid":{"rendered":"https:\/\/vevorshop.lv\/en_us\/Prece\/vevor-manual-hydraulic-hose-crimper-with-8-dies-6-28mm-crimping-range-for-oil-gas-water-auto-ac-hoses-cable-joints\/"},"modified":"2026-05-03T14:03:24","modified_gmt":"2026-05-03T11:03:24","slug":"vevor-manual-hydraulic-hose-crimper-with-8-dies-6-28mm-crimping-range-for-oil-gas-water-auto-ac-hoses-cable-joints","status":"publish","type":"product","link":"https:\/\/vevorshop.lv\/lt\/Prece\/vevor-rankinis-hidraulines-zarnos-gofruotojas-su-8-stampais-6-28mm-uzspaudimo-diapazonas-naftos-duju-vandens-auto-ac-zarnu-kabeliu-jungtims\/","title":{"rendered":"VEVOR rankinis hidraulinis \u017earn\u0173 presas su 8 matricos, 6\u201328 mm, tepal\u0173, duj\u0173, vandens, AC \u017earnoms ir kabeliams"},"content":{"rendered":"<div style=\"color: #fff!important; font-size: 16px; height: 24px; line-height: 24px; margin-top: -24px; \" class=\"product_original_name\">VEVOR auk\u0161to sl\u0117gio hidraulin\u0117s \u017earnos u\u017espaudimo \u012ftaisas, rankinis \u017earnos u\u017espaudimo \u012frankis su 8 \u0161tampais ir 6-28 mm u\u017espaudimo diapazonu, tinka \u017eemo ir auk\u0161to sl\u0117gio alyvos vamzd\u017eiams, duj\u0173 \/ vandens \/ automatin\u0117ms kintamosios srov\u0117s \u017earnoms ir kabeli\u0173 jungtims<\/div>\n<div style=\"color: #fff!important; font-size: 16px; height: 24px; line-height: 24px; margin-top: -24px; \" class=\"product_sku\">MJ108M6X<\/div>\n<div style=\"color: #fff!important; font-size: 16px; height: 24px; line-height: 24px; margin-top: -24px; \" class=\"product_mpn\">GYRGYJQGYRGYA2SPN001V0<\/div><div id=\"js-DM_at-goodDescRich\"><html><head><style>  body {    font-family: Arial;    line-height: 1.5;    color: #1c1c1c;    overflow-x: hidden;    margin: 0;    padding: 0;  }  .MsoNormal b {    font-weight: bolder;  }<\/style><style>  .container.small {    width: 970px;    margin: 0 auto;  }  .logo {    margin: 0 auto 0;  }  .logo img {    display: block;    margin: 0 auto;    max-width: 100%;  }  .logo .pc-banner {    display: block;    width: 1200px;    height: 247.4px;    margin: 0 auto;  }  .logo .pc-banner.small {    width: 970px;  }  .logo .pc-banner.small img {    height: auto!important;  }  .logo .m-banner {    display: none;  }  .ytvideo {    position: relative;    height: 546px;    width: 100%;    margin: 0 auto;  }  .ytvideo img {    width: 100%;    margin: 0 auto;  }  .ytvideo .play-btn {    width: 60px;    height: 42px;    position: absolute;    top: 50%;    left: 50%;    transform: translate(-50%, -50%);    background: url(\"data:image\/png;base64,iVBORw0KGgoAAAANSUhEUgAAAGQAAABGCAMAAAANWMFbAAAC+lBMVEUAAADBGB3kLCfBGB3kLCfcJC7BFx3KKSbiKybkLCbWJCPSIiLSIiLPICHAFx3kLCfgKSXNHiDZJiTIGx\/p4eHcjo7LHSDbJyTkLCbjKyfOHyHPIiL28fHJHB\/GGh7EGR7eKCXDGB3RISHlLSbBGB3AFxzGHB7DGB7BGB3hKybkKybAFx3lLCfAFxzDGR3hKibDGB7cJyTmz8\/elJTlwcHjurrUIyLlLSflLSfAFx3DGR7lLSfCFx3hKibhKibhKybjKybkLCblLSfbJSX49vbx7e3NNzjNMTLMJyjVIyLZf3\/ZQ0LaeHjx0tLgoqLkLCfCGB3HGx\/BGB3BFx3PICHCGB7WJCLOHyC\/Fxy\/Fx3lLCfQISHkLSe\/FxzbJiTBFx3FGx\/AGB7BFx3EGR7AGB3HHSDfKiXAFh3TISHYNzbhKibbJyTTIiL57e325+f039\/v2NjUV1fOHiHiqanfmprch4feKSXVIyPOICHmLibFGh\/mLSe\/Fx7XJCPeKSXXJSPNHyHaJyTGGh7lLCbmLCflLSjSIiLkLCbdKSXLHiC\/GB3KHh++Fh3lKyfoLiXcKCPkx8fYb2\/XaGfVXl3aU1LLHiDksbHgKibPICHbJyTfKSXbJyTCGB3KHSDiKybFGh7TIiL\/\/\/\/VIyPRISHIHB\/GGx\/HHB\/DGR7gKibdKCXLHiDZJiTMHiDNHyHYJSTOICHPICHWJCPcKCXXJSPjLCblLCf+\/f3NGR\/uLijzLynPGR\/IGB7WISHaIyLLGh7UAADxLynNAADRLzDbICLQAADIAAD3MCrUHSHXMTDpKSbLAADp5OTij4\/ejo\/VLy\/1LyngJSTcJCPQHx\/OHB7+\/PzaMS\/OLS\/vLijrLSjSAADaNTPwLyjkKSbNJCbYISHPHB\/KGB7WAAD7+vrn3d3aKynTKCjoLCfsKifRGh\/YAADq5+fhjo7QNDXXKCfmJyXt5+fTLzDLLi\/QKivYHRvMGBrQJCXLISPMExXLDxLaEAvkkI\/bOTfaFQ\/SCgpvLcnHAAAAmnRSTlMA+vv7+gT9Bvf9+8z8\/NSv\/Pr5+P7++vnQIBMP\/v38\/Pn348XDiCYf9OjbzcqxXVcx\/fz8+\/rj1r2poo1+fXFqX0orGP7+\/v7+\/fz8+\/r68uzn4trIxsG\/vri3p6GcmZSNbWVYUUZEPQv+\/f39+\/v7+\/v7+vr64tvV1NTTz87FtbSurqeblJKFg4B3bUY+NjL7+\/v7+\/v67t1cDo8JLQAABkRJREFUWMO0kz9rwkAYh0OIeJkum6YugUAhISCdKoj\/P4C7SMdS+gEKIhSKil10LSg4mzXkILdlEpxCpwTiWOLX6BujvQaEQuGeHLnL+\/64J+SIcKGYTYWnntpdLjrVdqvZmNdn0+EE40GtpuuWVS6Xx6N7YDSGpWXpeq02wHgynM7q80az1a52HpddtVcpsi1zFARBrdaxbhp9iUReTGmwA4KAAr7vx3EYejnCMI6hQYEgy0LQi4jUN0wL19vqFcUC9\/1dAKmEEFkWRYkh5oBejnxQJiSJPJ\/uKBp0Thszx9Mw8hMRIQjKsptCfuES9zr5WJY6vSFCIvE9fCMUmEM1A1kSXcYGxgVYsvI1IPKTZciSTI0us\/SMGG04gDzELDoFBwdcFJrF88dqgYMTiL6DILWYyfOWE8\/kIz38olCNlC03FK95+imxp6y4oUSvAnBjHHhKNtotSDqJzVFiK8c2SBqhZtsrTtgrLXwAyduxZHNE26eHUt5rtuM4WSmds3G+sUdWYo1L+XyxButoh5eKUHk5lByO3G1LqqCWVnfrv\/lyPtf\/4ps1cndNGIri8J1TJ0lx6dR\/oPjq1nbRwdp2dCk4CtIOLW3pVKRL6WZfS5vF2KkIQhpwSsjiYIgNCs1gEMGqiIq24NQX9NwoXFy8Ufrl3twTcg4fv8T9\/JBEySduj6Mjm4bMzYV7EEOxKjjoNDud7yY3Dy71Hq2oLmqfbNR723edH9PgMrNL2utoQ3VmaIDkiw\/4w51P06hlZsTZvkRrbVuSIs\/zwSOsycgzStQouoAkWQqioRT5XI7n2Z1wfVhoZmcAJLsoqjqpjbWCgpOAJXBwHK8PzWbNvoUZJND5wCnSkLAkZ1legx6vqQzjoiTahKlGUGLAiIIoABOHaNVw4sexZBym6\/HWlH5h3IC7yRbxtipcWxdTOkORKiNQAEkFf66x5S2oeRbroOlLgg0sSYkR0hRGEqJZ0jTPiQKatESdBckpWigxaapEH0lImHdWu9pUFF2XqMNM2Z4kped7IwEJw2qabwtrQqnpw6HyKkgcadKWsmpywwesDyIhYRpdzXddqegtGIJlXbAIUMOLkGxJUjRIkokwjUaX9d\/kK62ps\/tYUqZLIMkLTyBhsMZ3C5Z\/kDxOSCb\/DOs\/\/J0qcWSX\/2ipe56EgTCA4\/cB7NAYOsni4mZM1MUPAISoEwkDi4lhVBQ1cWQyIcwalw4EpqZN68JUSK7XC0kTlkLYii5uXSC8jT5ncCAS7mjCv0uHp\/3lueHEEAeQ\/\/VgmdN71\/2uCSA1Xr6DO6uI6sW56zqT2tp2PhgiRUAajV8CY2fkcz6WGNKMgLAt7tJAhD4YHMTeRxlALE6+43WqjSWi8ITxyJl8WrwWSNESQZZOqhDDntO3hJLsd5RtSpbJqdv3YrDJH3F7jL1R2O2aQkn2MyCyKYz0GPGIvSAMgBCrCEiJyKbBaYGwLW4uPRr0A0M4Ux5kUI7IBh+hMdiCEWNqhMZGyYMsOgNE58UQuEQeUnSWCMYwL54hkxK6IoqucQZbQ3pc3XtL0lky1dL0zZJJDpWJovFqpWj6JEHnyam2eQp5QRVAVHjWparTOaVwUOx99YS2MvgxIGV0bb+qIg2HX2qkFFJB+XZcbLiuRkuxD9GRroKyveLxdh4d7Orx+hb7qc3uVRuEogCOnyIxm4ubUoPgF4jianDrC+SDQDKEfJb0GUKmjCGPYHGJvVC6X4hw1\/sAfQAdfYyephIaspXe36RwOP+Ljvfx9B6B3i+Nk0DGq+oCbLn6JpBa9nWAveAIHwFAwtVcIJXPMPL8kRu5OAYPMaL1WScTxjiZDqB9LTJSWphow\/pTYKRTLjCBhvi9iBidvKcDasGSm0QQkycYuLBqj6QCELPctqChDWpTRMWkngNNpQ1Pfp1KkiT\/Y0DGffXAweUNfLAfaJFKDwhb6I+bkYRbkERoEeu3Fyjg2opMz2daZCS9jt6Q7txNfB+OZEVF6Zl5web2xunnLQrtrjXseXKaFYziYINeMFZVxS9VxRhOoesYwxPKXm+gWLG9cuFeq93UNNeJNsf1KlwuDok9n02n3TgIJpOxNfL9naIoQwXtfH9kjceTIIi709ncTg6LZbg+biLH1V6u\/7rxBem06VXKn9raAAAAAElFTkSuQmCC\")      no-repeat center center \/ contain;  }  @media screen and (max-width: 960px) and (orientation: portrait) {    .logo {      width: 100%;    }    .logo .pc-banner {      display: none;    }    .logo .m-banner {      display: block;      width: 100%;    }    .logo .m-banner img {      height: auto!important;    }    .ytvideo {      height: 200px;      width: 100%;    }  }<\/style><style>  .video-section {    width: 100%;    margin: 0 auto;  }  .video-section > img {    width: 100%;  }  .video-section iframe,  .video-section video {    width: 100%;    height: 100%;      }  .video-section-img-m,  .video-section-img-pc > img {    width: 100%;    height: auto;  }  .video-section-img-pc.small > img {    width: 970px;  }  .video-desc {    line-height: 1.5;    font-size: 20px;    font-weight: 400;    margin: 20px 0;    text-align: center;    color: #0f1111;    word-break: break-word;  }  @media screen and (max-width: 960px) and (orientation: portrait) {    .video-section {      width: 100%;    }    .video-section-pc,    .video-section-img-pc {      display: none;    }    .video-section-m,    .video-section-img-m {      display: block;    }    .video-desc {      font-size: 15px;    }  }  @media screen and (min-width: 960px) {    .video-section {      width: 100%;      margin: 0 auto;    }    .video-section-pc,    .video-section-img-pc {      display: block;    }    .video-section-m,    .video-section-img-m {      display: none;    }    .video-desc {      font-size: 20px;    }  }<\/style><style>  .section + .section {    margin-top: 35px;  }  .section-title {    text-align: center;    font-weight: bold;    color: #0d1111;    font-family: \"Arial\";    font-size: 32px;    margin: 15px 0;  }  .section-title:empty {    display: none;  }  .section-desc {    text-align: center;    font-weight: normal;    color: #0d1111;    margin-top: 20px;  }  .section-desc:empty {    display: none;  }  .section-img {    width: 1200px;    height: 492px;    margin: 0 auto;    display: block;  }  .section-img.small {    width: 970px;    height: auto;  }  .section-img.small > img {    height: auto;  }  .section-img > img {    width: 100%;    height: 100%;  }  .section-mobile-img {    display: none;    max-width: 100vw;    max-height: 75vw;    height: 450px;    margin: 0 auto;  }  .section-mobile-img > img {    width: 100%;    height: 100%;  }  @media screen and (max-width: 960px) and (orientation: portrait) {    .container {      width: 100%;    }    .container.small {      width: 100%;    }    .section-mobile-img {      display: block;    }    .section-img {      display: none;    }    .section-title {      font-size: 22px;      margin: 10px 0;    }    .section-desc {      margin-top: 10px;    }    .section + .section {      margin-top: 20px;    }  }<\/style><\/head><body><div class=\"container\"><div class=\"logo\"><div class=\"pc-banner\"><div><img decoding=\"async\" src=\"\/vevor\/vevor\/boutique-banner\/pc\/en-pc@1x.jpg\" style=\"width: 100%;\" \/><\/div><\/div><div class=\"m-banner\"><div><img decoding=\"async\" src=\"\/vevor\/vevor\/boutique-banner\/mobile\/en-m@1x.jpg\" style=\"width: 100%;\" \/><\/div><\/div><\/div><div class=\"section-title\">Tvirtas ir efektyvus auk\u0161to sl\u0117gio \u017earnos suspaudimas<\/div><div class=\"video-section\"><div class=\"video-section-img-pc\"><img decoding=\"async\" src=\"\/vevor\/product\/GYRGYJQGYRGYA2SPN001\/hose-crimper-a100-1.4.jpg\" \/><\/div><div class=\"video-section-img-m\"><img decoding=\"async\" src=\"\/vevor\/product\/GYRGYJQGYRGYA2SPN001\/hose-crimper-a100-1.4-m.jpg\" \/><\/div><div class=\"section-desc\">\u0160is auk\u0161to sl\u0117gio hidraulin\u0117s \u017earnos gofruotojas yra su 8 \u0161tampais, kuri\u0173 gofravimo diapazonas yra nuo 0,24 \"iki 1,1\". Didelio na\u0161umo hidraulinis siurblys u\u017etikrina stabil\u0173 gofravim\u0105, kaltin\u0117 plienin\u0117 galvut\u0117 ir 8 \u017eiedlapi\u0173 s\u0117dyn\u0117s konstrukcija u\u017etikrina ilgaam\u017ei\u0161kum\u0105 ir tikslum\u0105. pla\u010diai naudojamas transporto priemon\u0117se, in\u017einerijoje ir hidraulin\u0117se ma\u0161inose.<\/div><\/div><div class=\"section\"><div class=\"section-title\"><\/div><div class=\"section-img\"><img decoding=\"async\" src=\"\/vevor\/product\/GYRGYJQGYRGYA2SPN001\/hose-crimper-a100-2.2.jpg\" \/><\/div><div class=\"section-mobile-img\"><img decoding=\"async\" src=\"\/vevor\/product\/GYRGYJQGYRGYA2SPN001\/hose-crimper-a100-2.2-m.jpg\" \/><\/div><div class=\"section-desc\">Kiekvienas komponentas - nuo hidraulinio siurblio iki mikrometro - yra tiksliai suprojektuotas skland\u017eiam veikimui ir ilgalaikiam veikimui. kiekvien\u0105 kart\u0105 m\u0117gaukit\u0117s stabiliais, tiksliais ir auk\u0161tos kokyb\u0117s u\u017espaudimais.<\/div><\/div><div class=\"section\"><div class=\"section-title\"><\/div><div class=\"section-img\"><img decoding=\"async\" src=\"\/vevor\/product\/GYRGYJQGYRGYA2SPN001\/hose-crimper-a100-2.3.jpg\" \/><\/div><div class=\"section-mobile-img\"><img decoding=\"async\" src=\"\/vevor\/product\/GYRGYJQGYRGYA2SPN001\/hose-crimper-a100-2.3-m.jpg\" \/><\/div><div class=\"section-desc\">Tikslus sukamasis mikrometras su ai\u0161kiais \u017eenklais ir skland\u017eiu sukimu, u\u017etikrinan\u010diu nuosekl\u0173 ir tiksl\u0173 u\u017espaudim\u0105.<\/div><\/div><div class=\"section\"><div class=\"section-title\"><\/div><div class=\"section-img\"><img decoding=\"async\" src=\"\/vevor\/product\/GYRGYJQGYRGYA2SPN001\/hose-crimper-a100-2.4.jpg\" \/><\/div><div class=\"section-mobile-img\"><img decoding=\"async\" src=\"\/vevor\/product\/GYRGYJQGYRGYA2SPN001\/hose-crimper-a100-2.4-m.jpg\" \/><\/div><div class=\"section-desc\">Lengva valdyti - tinka \u012fvairioms mechanin\u0117ms auk\u0161to\/\u017eemo sl\u0117gio alyvos \u017earnoms, dujin\u0117ms \u017earnoms, vandens \u017earnoms, kabeli\u0173 jungtims, automobili\u0173 A\/C \u017earnoms, automatin\u0117ms vairo stiprintuvo \u017earnoms ir benzino tiekimo \u017earnoms.<\/div><\/div><div class=\"section\"><div class=\"section-title\"><\/div><div class=\"section-img\"><img decoding=\"async\" src=\"\/vevor\/product\/GYRGYJQGYRGYA2SPN001\/hose-crimper-a100-2.5.jpg\" \/><\/div><div class=\"section-mobile-img\"><img decoding=\"async\" src=\"\/vevor\/product\/GYRGYJQGYRGYA2SPN001\/hose-crimper-a100-2.5-m.jpg\" \/><\/div><div class=\"section-desc\">M\u016bs\u0173 rankinis hidraulin\u0117s \u017earnos gofruotojas yra pagamintas su pertvara saugojimo d\u0117\u017ee, skirta organizuotam u\u017espaudimo \u0161tamp\u0173 laikymui, tvarkingai tvarkingai ir lengvai pasiekiamiems \u012frankiams.<\/div><\/div><div class=\"section\"><div class=\"section-img\"><img decoding=\"async\" src=\"\/vevor\/product\/GYRGYJQGYRGYA2SPN001\/hose-crimper-a100-1.11.jpg\" \/><\/div><div class=\"section-mobile-img\"><img decoding=\"async\" src=\"\/vevor\/product\/GYRGYJQGYRGYA2SPN001\/hose-crimper-a100-1.11-m.jpg\" \/><\/div><\/div><\/div><\/body><\/html><\/div>\n<div class=\"DM_at-title\" id=\"js-DM_at-title\"> <div>Produkto specifikacija<\/div> <i class=\"icon-arrowup_line\"><\/i> <\/div><div class=\"DM_at-goodsDescAttr\" id=\"js-DM_at-goodsDescAttr\"> <div class=\"DM_at-goodsDescAttrInner\"> <dl class=\"goodsDesc_item goodsDesc_item_even\"> <dt>Prek\u0117s Modelio Numeris<\/dt> <dd> MK-16<\/dd> <\/dl> <dl class=\"goodsDesc_item\"> <dt>Elemento Tipas<\/dt> <dd> Auk\u0161to sl\u0117gio hidraulin\u0117s \u017earnos gofruotojas <\/dd> <\/dl> <dl class=\"goodsDesc_item goodsDesc_item_even\"> <dt>Max Atidarymas be \u0160tampai<\/dt> <dd> 2,28 colio \/ 58 mm<\/dd> <\/dl> <dl class=\"goodsDesc_item\"> <dt>\u017darn\u0173 u\u017espaudimo diapazonas<\/dt> <dd> 0,24 - 1,1 colio \/ 6 - 28 mm<\/dd> <\/dl> <dl class=\"goodsDesc_item goodsDesc_item_even\"> <dt>\u0160tampavimo mir\u010di\u0173 skai\u010dius<\/dt> <dd> 8<\/dd> <\/dl> <dl class=\"goodsDesc_item\"> <dt>Hidraulin\u0117s Alyvos Bako Talpa<\/dt> <dd> 0,13 gal \/ 0,5 l<\/dd> <\/dl> <dl class=\"goodsDesc_item goodsDesc_item_even\"> <dt>Neto Svoris<\/dt> <dd> 67.9 svar\u0173 \/ 30.8 kg<\/dd> <\/dl> <dl class=\"goodsDesc_item\"> <dt>Gaminio Matmenys<\/dt> <dd> 14,96 x 12,6 x 11 coli\u0173 \/ 380 x 320 x 280 mm<\/dd> <\/dl> <\/div> <\/div>","protected":false},"excerpt":{"rendered":"<ul>\n<li> 8 u\u017espaudimo \u0161tampai: \u0161is auk\u0161to sl\u0117gio \u017earnos u\u017espaudimo \u012frankis yra su 8 \u012fvairaus dyd\u017eio \u0161tampais: 10 mm, 12 mm, 14 mm, 16 mm, 19 mm, 23 mm, 27 mm ir 30 mm. U\u017espaudimo diapazonas: nuo 0,24 \u2033 iki 1,1 \u2033 ID (6 mm-28 mm), maksimalus atidarymas be \u0161tamp\u0173: 2,28 colio (58 mm) <\/li>\n<li> Efektyvus u\u017espaudimas: varomas didelio na\u0161umo hidraulinio siurblio, rankinis hidraulin\u0117s \u017earnos u\u017espaudimas u\u017etikrina stabili\u0105, auk\u0161to sl\u0117gio u\u017espaudimo j\u0117g\u0105, kad b\u016bt\u0173 u\u017etikrintas tvirtas ir patikimas ry\u0161ys <\/li>\n<li> Patvarus &amp; Tvirtas: Atspari dilimui, didelio stiprumo galvut\u0117 yra pagaminta i\u0161 20Cr kaltinio plieno, u\u017etikrinan\u010dio puik\u0173 patvarum\u0105 ir atsparum\u0105 l\u016b\u017eimui. kartu su 8 \u017eiedlapi\u0173 s\u0117dyn\u0117s konstrukcija, kad b\u016bt\u0173 u\u017etikrintas tikslesnis u\u017espaudimo efektas <\/li>\n<li> Lankstus veikimas: veikia rankine hidrauline sistema, \u0161is auk\u0161to sl\u0117gio \u017earnos gofruotojas veikia efektyviai, nereikalaujant elektros energijos. jame taip pat yra \u012fmontuotas sukamasis mikrometras tiksliam reguliavimui ir formos d\u0117\u017eut\u0117, kad \u012frankiai b\u016bt\u0173 tvarkingai sutvarkyti <\/li>\n<li> Platus pritaikymas: Tinka \u012fvairioms mechanin\u0117ms auk\u0161to ir \u017eemo sl\u0117gio alyvos \u017earnoms, duj\u0173 \u017earnai, vandens \u017earnai, kabeli\u0173 jungtims, automobili\u0173 oro kondicionavimo \u017earnai, automobili\u0173 vairo stiprintuvo \u017earnai, benzino tiekimo alyvos vamzd\u017eiui ir kt. Pla\u010diai taikoma transporto priemon\u0117ms, in\u017einerijai ir hidraulinei technikai <\/li>\n<\/ul>","protected":false},"featured_media":438606,"comment_status":"open","ping_status":"open","template":"","meta":{"om_disable_all_campaigns":false,"_uf_show_specific_survey":0,"_uf_disable_surveys":false},"location":[1935,1934],"product_brand":[],"product_cat":[2306,91,118],"product_tag":[],"class_list":{"0":"post-221007","1":"product","2":"type-product","3":"status-publish","4":"has-post-thumbnail","6":"location-supplier_stock_location","7":"location-local_stock_location","8":"product_cat-crimpers","9":"product_cat-hand-tools","10":"product_cat-wrenches","12":"first","13":"instock","14":"taxable","15":"shipping-taxable","16":"purchasable","17":"product-type-simple"},"aioseo_notices":[],"locations":[{"id":1935,"name":"Pieg\u0101d\u0101t\u0101ja noliktav\u0101 (5-7d.d.)","slug":"supplier_stock_location","quantity":"8"},{"id":1934,"name":"R\u012bgas veikal\u0101 (0-2d.d.)","slug":"local_stock_location","quantity":"0"}],"_links":{"self":[{"href":"https:\/\/vevorshop.lv\/lt\/wp-json\/wp\/v2\/product\/221007","targetHints":{"allow":["GET"]}}],"collection":[{"href":"https:\/\/vevorshop.lv\/lt\/wp-json\/wp\/v2\/product"}],"about":[{"href":"https:\/\/vevorshop.lv\/lt\/wp-json\/wp\/v2\/types\/product"}],"replies":[{"embeddable":true,"href":"https:\/\/vevorshop.lv\/lt\/wp-json\/wp\/v2\/comments?post=221007"}],"wp:featuredmedia":[{"embeddable":true,"href":"https:\/\/vevorshop.lv\/lt\/wp-json\/wp\/v2\/media\/438606"}],"wp:attachment":[{"href":"https:\/\/vevorshop.lv\/lt\/wp-json\/wp\/v2\/media?parent=221007"}],"wp:term":[{"taxonomy":"location","embeddable":true,"href":"https:\/\/vevorshop.lv\/lt\/wp-json\/wp\/v2\/location?post=221007"},{"taxonomy":"product_brand","embeddable":true,"href":"https:\/\/vevorshop.lv\/lt\/wp-json\/wp\/v2\/product_brand?post=221007"},{"taxonomy":"product_cat","embeddable":true,"href":"https:\/\/vevorshop.lv\/lt\/wp-json\/wp\/v2\/product_cat?post=221007"},{"taxonomy":"product_tag","embeddable":true,"href":"https:\/\/vevorshop.lv\/lt\/wp-json\/wp\/v2\/product_tag?post=221007"}],"curies":[{"name":"wp","href":"https:\/\/api.w.org\/{rel}","templated":true}]}}