{"id":22102,"date":"2024-11-18T07:17:16","date_gmt":"2024-11-18T07:17:16","guid":{"rendered":"http:\/\/vevorshop.edigo.lv\/Prece\/vevor-garden-compost-bin-80-gal-bpa-free-composter-large-capacity-outdoor-composting-bin-with-top-lid-and-bottom-door-easy-assembling-lightweight-fast-creation-of-fertile-soil\/"},"modified":"2026-04-20T17:52:30","modified_gmt":"2026-04-20T14:52:30","slug":"vevor-garden-compost-bin-80-gal-bpa-free-composter-large-capacity-outdoor-composting-bin-with-top-lid-and-bottom-door-easy-assembling-lightweight-fast-creation-of-fertile-soil","status":"publish","type":"product","link":"https:\/\/vevorshop.lv\/lt\/Prece\/vevor-garden-compost-bin-80-gal-bpa-free-composter-large-capacity-outdoor-composting-bin-with-top-lid-and-bottom-door-easy-assembling-lightweight-fast-creation-of-fertile-soil\/","title":{"rendered":"VEVOR 300L sodo komposto d\u0117\u017e\u0117 \u2013 be BPA, lauko komposteris su dang\u010diu ir apatiniu dangteliu, greitas dirvo\u017eemio formavimas"},"content":{"rendered":"<div style=\"color: #fff!important; font-size: 16px; height: 24px; line-height: 24px; margin-top: -24px; \" class=\"product_original_name\">VEVOR Garden Compost Bin 80 Gal, BPA Free Composter, Large Capacity Outdoor Composting Bin with Top Lid and Bottom Door, Easy Assembling, Lightweight, Fast Creation of Fertile Soil<\/div>\n<div style=\"color: #fff!important; font-size: 16px; height: 24px; line-height: 24px; margin-top: -24px; \" class=\"product_sku\">M4I4KPH7<\/div>\n<div style=\"color: #fff!important; font-size: 16px; height: 24px; line-height: 24px; margin-top: -24px; \" class=\"product_mpn\">GDSDFXHSPP80WX06WV0<\/div><div id=\"js-DM_at-goodDescRich\"><html><head><style>  body {    font-family: Arial;    line-height: 1.5;    color: #1c1c1c;    overflow-x: hidden;    margin: 0;    padding: 0;  }  .MsoNormal b {    font-weight: bolder;  }<\/style><style>  .container.small {    width: 970px;    margin: 0 auto;  }  .logo {    margin: 0 auto 0;  }  .logo img {    display: block;    margin: 0 auto;    max-width: 100%;  }  .logo .pc-banner {    display: block;    width: 1200px;    height: 247.4px;    margin: 0 auto;  }  .logo .pc-banner.small {    width: 970px;  }  .logo .pc-banner.small img {    height: auto!important;  }  .logo .m-banner {    display: none;  }  .ytvideo {    position: relative;    height: 546px;    width: 100%;    margin: 0 auto;  }  .ytvideo img {    width: 100%;    margin: 0 auto;  }  .ytvideo .play-btn {    width: 60px;    height: 42px;    position: absolute;    top: 50%;    left: 50%;    transform: translate(-50%, -50%);    background: url(\"data:image\/png;base64,iVBORw0KGgoAAAANSUhEUgAAAGQAAABGCAMAAAANWMFbAAAC+lBMVEUAAADBGB3kLCfBGB3kLCfcJC7BFx3KKSbiKybkLCbWJCPSIiLSIiLPICHAFx3kLCfgKSXNHiDZJiTIGx\/p4eHcjo7LHSDbJyTkLCbjKyfOHyHPIiL28fHJHB\/GGh7EGR7eKCXDGB3RISHlLSbBGB3AFxzGHB7DGB7BGB3hKybkKybAFx3lLCfAFxzDGR3hKibDGB7cJyTmz8\/elJTlwcHjurrUIyLlLSflLSfAFx3DGR7lLSfCFx3hKibhKibhKybjKybkLCblLSfbJSX49vbx7e3NNzjNMTLMJyjVIyLZf3\/ZQ0LaeHjx0tLgoqLkLCfCGB3HGx\/BGB3BFx3PICHCGB7WJCLOHyC\/Fxy\/Fx3lLCfQISHkLSe\/FxzbJiTBFx3FGx\/AGB7BFx3EGR7AGB3HHSDfKiXAFh3TISHYNzbhKibbJyTTIiL57e325+f039\/v2NjUV1fOHiHiqanfmprch4feKSXVIyPOICHmLibFGh\/mLSe\/Fx7XJCPeKSXXJSPNHyHaJyTGGh7lLCbmLCflLSjSIiLkLCbdKSXLHiC\/GB3KHh++Fh3lKyfoLiXcKCPkx8fYb2\/XaGfVXl3aU1LLHiDksbHgKibPICHbJyTfKSXbJyTCGB3KHSDiKybFGh7TIiL\/\/\/\/VIyPRISHIHB\/GGx\/HHB\/DGR7gKibdKCXLHiDZJiTMHiDNHyHYJSTOICHPICHWJCPcKCXXJSPjLCblLCf+\/f3NGR\/uLijzLynPGR\/IGB7WISHaIyLLGh7UAADxLynNAADRLzDbICLQAADIAAD3MCrUHSHXMTDpKSbLAADp5OTij4\/ejo\/VLy\/1LyngJSTcJCPQHx\/OHB7+\/PzaMS\/OLS\/vLijrLSjSAADaNTPwLyjkKSbNJCbYISHPHB\/KGB7WAAD7+vrn3d3aKynTKCjoLCfsKifRGh\/YAADq5+fhjo7QNDXXKCfmJyXt5+fTLzDLLi\/QKivYHRvMGBrQJCXLISPMExXLDxLaEAvkkI\/bOTfaFQ\/SCgpvLcnHAAAAmnRSTlMA+vv7+gT9Bvf9+8z8\/NSv\/Pr5+P7++vnQIBMP\/v38\/Pn348XDiCYf9OjbzcqxXVcx\/fz8+\/rj1r2poo1+fXFqX0orGP7+\/v7+\/fz8+\/r68uzn4trIxsG\/vri3p6GcmZSNbWVYUUZEPQv+\/f39+\/v7+\/v7+vr64tvV1NTTz87FtbSurqeblJKFg4B3bUY+NjL7+\/v7+\/v67t1cDo8JLQAABkRJREFUWMO0kz9rwkAYh0OIeJkum6YugUAhISCdKoj\/P4C7SMdS+gEKIhSKil10LSg4mzXkILdlEpxCpwTiWOLX6BujvQaEQuGeHLnL+\/64J+SIcKGYTYWnntpdLjrVdqvZmNdn0+EE40GtpuuWVS6Xx6N7YDSGpWXpeq02wHgynM7q80az1a52HpddtVcpsi1zFARBrdaxbhp9iUReTGmwA4KAAr7vx3EYejnCMI6hQYEgy0LQi4jUN0wL19vqFcUC9\/1dAKmEEFkWRYkh5oBejnxQJiSJPJ\/uKBp0Thszx9Mw8hMRIQjKsptCfuES9zr5WJY6vSFCIvE9fCMUmEM1A1kSXcYGxgVYsvI1IPKTZciSTI0us\/SMGG04gDzELDoFBwdcFJrF88dqgYMTiL6DILWYyfOWE8\/kIz38olCNlC03FK95+imxp6y4oUSvAnBjHHhKNtotSDqJzVFiK8c2SBqhZtsrTtgrLXwAyduxZHNE26eHUt5rtuM4WSmds3G+sUdWYo1L+XyxButoh5eKUHk5lByO3G1LqqCWVnfrv\/lyPtf\/4ps1cndNGIri8J1TJ0lx6dR\/oPjq1nbRwdp2dCk4CtIOLW3pVKRL6WZfS5vF2KkIQhpwSsjiYIgNCs1gEMGqiIq24NQX9NwoXFy8Ufrl3twTcg4fv8T9\/JBEySduj6Mjm4bMzYV7EEOxKjjoNDud7yY3Dy71Hq2oLmqfbNR723edH9PgMrNL2utoQ3VmaIDkiw\/4w51P06hlZsTZvkRrbVuSIs\/zwSOsycgzStQouoAkWQqioRT5XI7n2Z1wfVhoZmcAJLsoqjqpjbWCgpOAJXBwHK8PzWbNvoUZJND5wCnSkLAkZ1legx6vqQzjoiTahKlGUGLAiIIoABOHaNVw4sexZBym6\/HWlH5h3IC7yRbxtipcWxdTOkORKiNQAEkFf66x5S2oeRbroOlLgg0sSYkR0hRGEqJZ0jTPiQKatESdBckpWigxaapEH0lImHdWu9pUFF2XqMNM2Z4kped7IwEJw2qabwtrQqnpw6HyKkgcadKWsmpywwesDyIhYRpdzXddqegtGIJlXbAIUMOLkGxJUjRIkokwjUaX9d\/kK62ps\/tYUqZLIMkLTyBhsMZ3C5Z\/kDxOSCb\/DOs\/\/J0qcWSX\/2ipe56EgTCA4\/cB7NAYOsni4mZM1MUPAISoEwkDi4lhVBQ1cWQyIcwalw4EpqZN68JUSK7XC0kTlkLYii5uXSC8jT5ncCAS7mjCv0uHp\/3lueHEEAeQ\/\/VgmdN71\/2uCSA1Xr6DO6uI6sW56zqT2tp2PhgiRUAajV8CY2fkcz6WGNKMgLAt7tJAhD4YHMTeRxlALE6+43WqjSWi8ITxyJl8WrwWSNESQZZOqhDDntO3hJLsd5RtSpbJqdv3YrDJH3F7jL1R2O2aQkn2MyCyKYz0GPGIvSAMgBCrCEiJyKbBaYGwLW4uPRr0A0M4Ux5kUI7IBh+hMdiCEWNqhMZGyYMsOgNE58UQuEQeUnSWCMYwL54hkxK6IoqucQZbQ3pc3XtL0lky1dL0zZJJDpWJovFqpWj6JEHnyam2eQp5QRVAVHjWparTOaVwUOx99YS2MvgxIGV0bb+qIg2HX2qkFFJB+XZcbLiuRkuxD9GRroKyveLxdh4d7Orx+hb7qc3uVRuEogCOnyIxm4ubUoPgF4jianDrC+SDQDKEfJb0GUKmjCGPYHGJvVC6X4hw1\/sAfQAdfYyephIaspXe36RwOP+Ljvfx9B6B3i+Nk0DGq+oCbLn6JpBa9nWAveAIHwFAwtVcIJXPMPL8kRu5OAYPMaL1WScTxjiZDqB9LTJSWphow\/pTYKRTLjCBhvi9iBidvKcDasGSm0QQkycYuLBqj6QCELPctqChDWpTRMWkngNNpQ1Pfp1KkiT\/Y0DGffXAweUNfLAfaJFKDwhb6I+bkYRbkERoEeu3Fyjg2opMz2daZCS9jt6Q7txNfB+OZEVF6Zl5web2xunnLQrtrjXseXKaFYziYINeMFZVxS9VxRhOoesYwxPKXm+gWLG9cuFeq93UNNeJNsf1KlwuDok9n02n3TgIJpOxNfL9naIoQwXtfH9kjceTIIi709ncTg6LZbg+biLH1V6u\/7rxBem06VXKn9raAAAAAElFTkSuQmCC\")      no-repeat center center \/ contain;  }  @media screen and (max-width: 960px) and (orientation: portrait) {    .logo {      width: 100%;    }    .logo .pc-banner {      display: none;    }    .logo .m-banner {      display: block;      width: 100%;    }    .logo .m-banner img {      height: auto!important;    }    .ytvideo {      height: 200px;      width: 100%;    }  }<\/style><style>  .video-section {    width: 100%;    margin: 0 auto;  }  .video-section > img {    width: 100%;  }  .video-section iframe,  .video-section video {    width: 100%;    height: 100%;      }  .video-section-img-m,  .video-section-img-pc > img {    width: 100%;    height: auto;  }  .video-section-img-pc.small > img {    width: 970px;  }  .video-desc {    line-height: 1.5;    font-size: 20px;    font-weight: 400;    margin: 20px 0;    text-align: center;    color: #0f1111;    word-break: break-word;  }  @media screen and (max-width: 960px) and (orientation: portrait) {    .video-section {      width: 100%;    }    .video-section-pc,    .video-section-img-pc {      display: none;    }    .video-section-m,    .video-section-img-m {      display: block;    }    .video-desc {      font-size: 15px;    }  }  @media screen and (min-width: 960px) {    .video-section {      width: 100%;      margin: 0 auto;    }    .video-section-pc,    .video-section-img-pc {      display: block;    }    .video-section-m,    .video-section-img-m {      display: none;    }    .video-desc {      font-size: 20px;    }  }<\/style><style>  .section + .section {    margin-top: 35px;  }  .section-title {    text-align: center;    font-weight: bold;    color: #0d1111;    font-family: \"Arial\";    font-size: 32px;    margin: 15px 0;  }  .section-title:empty {    display: none;  }  .section-desc {    text-align: center;    font-weight: normal;    color: #0d1111;    margin-top: 20px;  }  .section-desc:empty {    display: none;  }  .section-img {    width: 1200px;    height: 492px;    margin: 0 auto;    display: block;  }  .section-img.small {    width: 970px;    height: auto;  }  .section-img.small > img {    height: auto;  }  .section-img > img {    width: 100%;    height: 100%;  }  .section-mobile-img {    display: none;    max-width: 100vw;    max-height: 75vw;    height: 450px;    margin: 0 auto;  }  .section-mobile-img > img {    width: 100%;    height: 100%;  }  @media screen and (max-width: 960px) and (orientation: portrait) {    .container {      width: 100%;    }    .container.small {      width: 100%;    }    .section-mobile-img {      display: block;    }    .section-img {      display: none;    }    .section-title {      font-size: 22px;      margin: 10px 0;    }    .section-desc {      margin-top: 10px;    }    .section + .section {      margin-top: 20px;    }  }<\/style><\/head><body><div class=\"container\"><div class=\"logo\"><div class=\"pc-banner\"><div><img decoding=\"async\" src=\"\/vevor\/vevor\/boutique-banner\/pc\/en-pc@1x.jpg\" style=\"width: 100%;\" \/><\/div><\/div><div class=\"m-banner\"><div><img decoding=\"async\" src=\"\/vevor\/vevor\/boutique-banner\/mobile\/en-m@1x.jpg\" style=\"width: 100%;\" \/><\/div><\/div><\/div><div class=\"section-title\">80 Gal Sodo Komposto Bin: Lengvai Sukurti Kompostas<\/div><div class=\"video-section\"><div class=\"video-section-img-pc\"><img decoding=\"async\" src=\"\/vevor\/product\/GDSDFXHSPP80WX06W\/compost-bin-a100-1.4.jpg\" alt=\"VEVOR sodo komposto d\u0117\u017e\u0119 su keturiais \u0161oniniais v\u0117dinimo, 80-litr\u0173 talpa, bpa-free med\u017eiagos.\" \/><\/div><div class=\"video-section-img-m\"><img decoding=\"async\" src=\"\/vevor\/product\/GDSDFXHSPP80WX06W\/compost-bin-a100-1.4-m.jpg\" alt=\"VEVOR sodo komposto d\u0117\u017e\u0119 su keturiais \u0161oniniais v\u0117dinimo, 80-litr\u0173 talpa, bpa-free med\u017eiagos.\" \/><\/div><div class=\"section-desc\">Our outdoor compost bin processes various organic waste into organic fertilizer, featuring four-sided ventilation and massive storage space, along with an added top lid and bottom door. It's made of UV-resistant material. Better for convenient compost accumulation and fertilizer transfer.<\/div><\/div><div class=\"section\"><div class=\"section-title\"><\/div><div class=\"section-img\"><img decoding=\"async\" src=\"\/vevor\/product\/GDSDFXHSPP80WX06W\/compost-bin-a100-2.2.jpg\" alt=\"VEVOR sodo komposto d\u0117\u017e\u0119 su 80gal\/300l talpa, puikiai tinka biri\u0173 kompostavimo \u012fvairi\u0173 organini\u0173 med\u017eiag\u0173.\" \/><\/div><div class=\"section-mobile-img\"><img decoding=\"async\" src=\"\/vevor\/product\/GDSDFXHSPP80WX06W\/compost-bin-a100-2.2-m.jpg\" alt=\"VEVOR sodo komposto d\u0117\u017e\u0119 su 80gal\/300l talpa, puikiai tinka biri\u0173 kompostavimo \u012fvairi\u0173 organini\u0173 med\u017eiag\u0173.\" \/><\/div><div class=\"section-desc\">With a storage capacity of up to 80 Gal\/300 L, this large compost bin can accommodate a significant amount of materials, reducing the frequency of maintenance. It's ideal for storing and transferring compost or yard waste.<\/div><\/div><div class=\"section\"><div class=\"section-title\"><\/div><div class=\"section-img\"><img decoding=\"async\" src=\"\/vevor\/product\/GDSDFXHSPP80WX06W\/compost-bin-a100-2.3.jpg\" alt=\"VEVOR sodo komposto bin \u012f kieme su vir\u0161utiniu dang\u010diu ir apa\u010dios durys, matmenys nurodyti lengva komposto.\" \/><\/div><div class=\"section-mobile-img\"><img decoding=\"async\" src=\"\/vevor\/product\/GDSDFXHSPP80WX06W\/compost-bin-a100-2.3-m.jpg\" alt=\"VEVOR sodo komposto bin \u012f kieme su vir\u0161utiniu dang\u010diu ir apa\u010dios durys, matmenys nurodyti lengva komposto.\" \/><\/div><div class=\"section-desc\">\u0160io lauko komposto bin funkcijos, patogus dangtelis, saugantis nepageidaujamo critters ir stabilizuoja bin per v\u0117juotas oras. Dangtis gali b\u016bti lengvai valdomas viena ranka, o vir\u0161uje blokavimo mechanizmas, kartu su apa\u010dioje pull-out dur\u0173, palengvina lengva komposto \u0161alinimas.<\/div><\/div><div class=\"section\"><div class=\"section-title\"><\/div><div class=\"section-img\"><img decoding=\"async\" src=\"\/vevor\/product\/GDSDFXHSPP80WX06W\/compost-bin-a100-2.4.jpg\" alt=\"VEVOR sodo komposto bin pagamintas i\u0161 tvirtos med\u017eiagos pp, funkcij\u0173 snap-lock stabilumo ir uv atsparum\u0105.\" \/><\/div><div class=\"section-mobile-img\"><img decoding=\"async\" src=\"\/vevor\/product\/GDSDFXHSPP80WX06W\/compost-bin-a100-2.4-m.jpg\" alt=\"VEVOR sodo komposto bin pagamintas i\u0161 tvirtos med\u017eiagos pp, funkcij\u0173 snap-lock stabilumo ir uv atsparum\u0105.\" \/><\/div><div class=\"section-desc\">Pagamintas i\u0161 BPA-free med\u017eiag\u0173, \u0161is kirminas komposto bin naudojamas ramyb\u0119. Jis gali atlaikyti lauko s\u0105lygomis, net ir \u0161al\u010diausi\u0105 \u017eiem\u0105. Be to, juoda PP plastiko efektyviai i\u0161laiko \u0161ilum\u0105 ir taip pagreitinti kompostavimo proces\u0105.<\/div><\/div><div class=\"section\"><div class=\"section-title\"><\/div><div class=\"section-img\"><img decoding=\"async\" src=\"\/vevor\/product\/GDSDFXHSPP80WX06W\/compost-bin-a100-2.5.jpg\" alt=\"veiksmai surinkti VEVOR sodo komposto bin: prisijungti plok\u0161t\u0117s, prid\u0117ti vir\u0161utiniu dang\u010diu, \u012fdiegti apa\u010dios durys, pilnas \u0161iuk\u0161li\u0173 d\u0117\u017e\u0119.\" \/><\/div><div class=\"section-mobile-img\"><img decoding=\"async\" src=\"\/vevor\/product\/GDSDFXHSPP80WX06W\/compost-bin-a100-2.5-m.jpg\" alt=\"veiksmai surinkti VEVOR sodo komposto bin: prisijungti plok\u0161t\u0117s, prid\u0117ti vir\u0161utiniu dang\u010diu, \u012fdiegti apa\u010dios durys, pilnas \u0161iuk\u0161li\u0173 d\u0117\u017e\u0119.\" \/><\/div><div class=\"section-desc\">Lengva surinkti \u0161is kirminas kompostin\u0117s lauko, baigtas tik 5 minutes!<\/div><\/div><div class=\"section\"><div class=\"section-img\"><img decoding=\"async\" src=\"\/vevor\/product\/GDSDFXHSPP80WX06W\/compost-bin-a100-1.11.jpg\" alt=\"VEVOR sodo komposto bin, juoda, 80-litr\u0173 talpa, matmenys 23.89 x 23.81 x 32.48 cm.\" \/><\/div><div class=\"section-mobile-img\"><img decoding=\"async\" src=\"\/vevor\/product\/GDSDFXHSPP80WX06W\/compost-bin-a100-1.11-m.jpg\" alt=\"VEVOR sodo komposto bin, juoda, 80-litr\u0173 talpa, matmenys 23.89 x 23.81 x 32.48 cm.\" \/><\/div><\/div><\/div><\/body><\/html><\/div>\n<div class=\"DM_at-title\" id=\"js-DM_at-title\"> <div>Produkto specifikacija<\/div> <i class=\"icon-arrowup_line\"><\/i> <\/div><div class=\"DM_at-goodsDescAttr\" id=\"js-DM_at-goodsDescAttr\"> <div class=\"DM_at-goodsDescAttrInner\"> <dl class=\"goodsDesc_item goodsDesc_item_even\"> <dt>Prek\u0117s Modelio Numeris<\/dt> <dd> XDB-431<\/dd> <\/dl> <dl class=\"goodsDesc_item\"> <dt>Pagrindin\u0117s Funkcijos<\/dt> <dd> Lap\u0173 Surinkimo, Kompostavimo<\/dd> <\/dl> <dl class=\"goodsDesc_item goodsDesc_item_even\"> <dt>Spalva<\/dt> <dd> Juoda<\/dd> <\/dl> <dl class=\"goodsDesc_item\"> <dt>Talpa<\/dt> <dd> 80 L\/300 L<\/dd> <\/dl> <dl class=\"goodsDesc_item goodsDesc_item_even\"> <dt>Pagrindin\u0117 Med\u017eiaga<\/dt> <dd> PP<\/dd> <\/dl> <dl class=\"goodsDesc_item\"> <dt>Produkto Svoris<\/dt> <dd> 11.02 lbs\u00b13%\/5 kg \u00b13%<\/dd> <\/dl> <dl class=\"goodsDesc_item goodsDesc_item_even\"> <dt>Produkto Matmenys(Ilgis X Plotis X Auk\u0161tis)<\/dt> <dd> 23.89 x 23.81 x 32.48 coli\u0173\/60.7 x 60.5 x 82.5 cm<\/dd> <\/dl> <\/div> <\/div>","protected":false},"excerpt":{"rendered":"<ul>\n<li> Keturi\u0173 Pusi\u0173 V\u0117dinimas: Kiekvienoje pus\u0117je m\u016bs\u0173 sodo komposto bin funkcij\u0173, v\u0117dinimo, suteikti puik\u0173 oro srautas kompostavimui. Tai leid\u017eia grei\u010diau gamybos maistini\u0173 med\u017eiag\u0173-turtingas kompost\u0105. <\/li>\n<li> Daug Saugojimo Vietos: Su talpa iki 80 l\/300 L, tai didelis lauko komposto bin gali tur\u0117ti did\u017eiul\u012f kiek\u012f med\u017eiagos, ma\u017einant da\u017en\u012f operacijos. Tai puikiai tinka saugoti ir perduoti komposto ar kieme atliek\u0173. <\/li>\n<li> Prid\u0117ta Dang\u010dio Vir\u0161uje ir Apa\u010dioje Durys: M\u016bs\u0173 \u0161irdys komposto bin ateina su patogus ir saugus dangtelis, siekiant u\u017ekirsti keli\u0105 ropliai gauti \u012f maisto \u017einutes ir u\u017ekirsti keli\u0105 v\u0117jas pu\u010dia per j\u012f. Dangt\u012f galima lengvai atidaryti ir u\u017edaryti viena ranka. Vir\u0161uje fiksavimo ir apa\u010dioje pull-out duris, taip pat, kad b\u016bt\u0173 lengva susemti i\u0161 komposto. <\/li>\n<li> Atsparus UV Med\u017eiaga: BPA-free! Naudokite \u0161i\u0105 \u0161irdys bin ramyb\u0119. Jis gali atlaikyti lauko s\u0105lygomis, net ir \u0161al\u010diausi\u0105 \u017eiem\u0105. Be to, juoda PP plastiko efektyviai i\u0161laiko \u0161ilum\u0105 ir reguliuoja vandens ir taip pagreitinti kompostavimo proces\u0105. <\/li>\n<li> Lengvas Montavimas: Montavimas yra greitas ir paprastas, tod\u0117l asambl\u0117jos v\u0117jas! Lengva surinkti \u0161irdys kompostin\u0117s lauko ir gali b\u016bti baigtas tik 5 minutes! <\/li>\n<\/ul>","protected":false},"featured_media":276795,"comment_status":"closed","ping_status":"open","template":"","meta":{"om_disable_all_campaigns":false,"_monsterinsights_skip_tracking":false,"_monsterinsights_sitenote_active":false,"_monsterinsights_sitenote_note":"","_monsterinsights_sitenote_category":0,"_uf_show_specific_survey":0,"_uf_disable_surveys":false},"location":[1935,1934],"product_brand":[21],"product_cat":[3577,3576,2370,2365,3605],"product_tag":[],"class_list":{"0":"post-22102","1":"product","2":"type-product","3":"status-publish","4":"has-post-thumbnail","6":"location-supplier_stock_location","7":"location-local_stock_location","8":"product_brand-vevor","9":"product_cat-compost-bins","10":"product_cat-composters","11":"product_cat-garden-center","12":"product_cat-outdoors","13":"product_cat-stationary-composters","15":"first","16":"instock","17":"taxable","18":"shipping-taxable","19":"purchasable","20":"product-type-simple"},"aioseo_notices":[],"jetpack_sharing_enabled":true,"locations":[{"id":1935,"name":"Pieg\u0101d\u0101t\u0101ja noliktav\u0101 (5-7d.d.)","slug":"supplier_stock_location","quantity":"264"},{"id":1934,"name":"R\u012bgas veikal\u0101 (0-2d.d.)","slug":"local_stock_location","quantity":"0"}],"_links":{"self":[{"href":"https:\/\/vevorshop.lv\/lt\/wp-json\/wp\/v2\/product\/22102","targetHints":{"allow":["GET"]}}],"collection":[{"href":"https:\/\/vevorshop.lv\/lt\/wp-json\/wp\/v2\/product"}],"about":[{"href":"https:\/\/vevorshop.lv\/lt\/wp-json\/wp\/v2\/types\/product"}],"replies":[{"embeddable":true,"href":"https:\/\/vevorshop.lv\/lt\/wp-json\/wp\/v2\/comments?post=22102"}],"wp:featuredmedia":[{"embeddable":true,"href":"https:\/\/vevorshop.lv\/lt\/wp-json\/wp\/v2\/media\/276795"}],"wp:attachment":[{"href":"https:\/\/vevorshop.lv\/lt\/wp-json\/wp\/v2\/media?parent=22102"}],"wp:term":[{"taxonomy":"location","embeddable":true,"href":"https:\/\/vevorshop.lv\/lt\/wp-json\/wp\/v2\/location?post=22102"},{"taxonomy":"product_brand","embeddable":true,"href":"https:\/\/vevorshop.lv\/lt\/wp-json\/wp\/v2\/product_brand?post=22102"},{"taxonomy":"product_cat","embeddable":true,"href":"https:\/\/vevorshop.lv\/lt\/wp-json\/wp\/v2\/product_cat?post=22102"},{"taxonomy":"product_tag","embeddable":true,"href":"https:\/\/vevorshop.lv\/lt\/wp-json\/wp\/v2\/product_tag?post=22102"}],"curies":[{"name":"wp","href":"https:\/\/api.w.org\/{rel}","templated":true}]}}