{"id":221845,"date":"2025-12-18T00:37:03","date_gmt":"2025-12-17T22:37:03","guid":{"rendered":"https:\/\/vevorshop.lv\/en_us\/Prece\/vevor-7-tier-360-rotating-shoe-rack-with-wheels-lazy-susan-organizer-for-28-pairs-white-storage-tower-for-entryway-closet\/"},"modified":"2026-05-08T06:31:23","modified_gmt":"2026-05-08T03:31:23","slug":"vevor-7-tier-360-rotating-shoe-rack-with-wheels-lazy-susan-organizer-for-28-pairs-white-storage-tower-for-entryway-closet","status":"publish","type":"product","link":"https:\/\/vevorshop.lv\/lt\/Prece\/vevor-7-pakopos-360-besisukantis-batu-laikiklis-su-ratais-tingus-susan-organizatorius-28-poroms-baltas-sandeliavimo-bokstas-iejimo-spintai\/","title":{"rendered":"VEVOR 7 auk\u0161t\u0173 besisukantis bat\u0173 stovas su ratukais, 360\u00b0 sukamas lentyn\u0173 bok\u0161tas 28 poroms, baltas"},"content":{"rendered":"<div style=\"color: #fff!important; font-size: 16px; height: 24px; line-height: 24px; margin-top: -24px; \" class=\"product_original_name\">VEVOR 7 pakop\u0173 besisukantis bat\u0173 lentynos bok\u0161tas su ratais, kilnojamas 360\u00b0 besisukantis karusel\u0117s ekranas, tingi Susan organizatoriaus spintos lentyna svetainei, \u012f\u0117jimas, balta<\/div>\n<div style=\"color: #fff!important; font-size: 16px; height: 24px; line-height: 24px; margin-top: -24px; \" class=\"product_sku\">MJ9SRQYS<\/div>\n<div style=\"color: #fff!important; font-size: 16px; height: 24px; line-height: 24px; margin-top: -24px; \" class=\"product_mpn\">XZXJEKDLK7CSAC5US001V0<\/div><div id=\"js-DM_at-goodDescRich\"><html><head><style>  body {    font-family: Arial;    line-height: 1.5;    color: #1c1c1c;    overflow-x: hidden;    margin: 0;    padding: 0;  }  .MsoNormal b {    font-weight: bolder;  }<\/style><style>  .container.small {    width: 970px;    margin: 0 auto;  }  .logo {    margin: 0 auto 0;  }  .logo img {    display: block;    margin: 0 auto;    max-width: 100%;  }  .logo .pc-banner {    display: block;    width: 1200px;    height: 247.4px;    margin: 0 auto;  }  .logo .pc-banner.small {    width: 970px;  }  .logo .pc-banner.small img {    height: auto!important;  }  .logo .m-banner {    display: none;  }  .ytvideo {    position: relative;    height: 546px;    width: 100%;    margin: 0 auto;  }  .ytvideo img {    width: 100%;    margin: 0 auto;  }  .ytvideo .play-btn {    width: 60px;    height: 42px;    position: absolute;    top: 50%;    left: 50%;    transform: translate(-50%, -50%);    background: url(\"data:image\/png;base64,iVBORw0KGgoAAAANSUhEUgAAAGQAAABGCAMAAAANWMFbAAAC+lBMVEUAAADBGB3kLCfBGB3kLCfcJC7BFx3KKSbiKybkLCbWJCPSIiLSIiLPICHAFx3kLCfgKSXNHiDZJiTIGx\/p4eHcjo7LHSDbJyTkLCbjKyfOHyHPIiL28fHJHB\/GGh7EGR7eKCXDGB3RISHlLSbBGB3AFxzGHB7DGB7BGB3hKybkKybAFx3lLCfAFxzDGR3hKibDGB7cJyTmz8\/elJTlwcHjurrUIyLlLSflLSfAFx3DGR7lLSfCFx3hKibhKibhKybjKybkLCblLSfbJSX49vbx7e3NNzjNMTLMJyjVIyLZf3\/ZQ0LaeHjx0tLgoqLkLCfCGB3HGx\/BGB3BFx3PICHCGB7WJCLOHyC\/Fxy\/Fx3lLCfQISHkLSe\/FxzbJiTBFx3FGx\/AGB7BFx3EGR7AGB3HHSDfKiXAFh3TISHYNzbhKibbJyTTIiL57e325+f039\/v2NjUV1fOHiHiqanfmprch4feKSXVIyPOICHmLibFGh\/mLSe\/Fx7XJCPeKSXXJSPNHyHaJyTGGh7lLCbmLCflLSjSIiLkLCbdKSXLHiC\/GB3KHh++Fh3lKyfoLiXcKCPkx8fYb2\/XaGfVXl3aU1LLHiDksbHgKibPICHbJyTfKSXbJyTCGB3KHSDiKybFGh7TIiL\/\/\/\/VIyPRISHIHB\/GGx\/HHB\/DGR7gKibdKCXLHiDZJiTMHiDNHyHYJSTOICHPICHWJCPcKCXXJSPjLCblLCf+\/f3NGR\/uLijzLynPGR\/IGB7WISHaIyLLGh7UAADxLynNAADRLzDbICLQAADIAAD3MCrUHSHXMTDpKSbLAADp5OTij4\/ejo\/VLy\/1LyngJSTcJCPQHx\/OHB7+\/PzaMS\/OLS\/vLijrLSjSAADaNTPwLyjkKSbNJCbYISHPHB\/KGB7WAAD7+vrn3d3aKynTKCjoLCfsKifRGh\/YAADq5+fhjo7QNDXXKCfmJyXt5+fTLzDLLi\/QKivYHRvMGBrQJCXLISPMExXLDxLaEAvkkI\/bOTfaFQ\/SCgpvLcnHAAAAmnRSTlMA+vv7+gT9Bvf9+8z8\/NSv\/Pr5+P7++vnQIBMP\/v38\/Pn348XDiCYf9OjbzcqxXVcx\/fz8+\/rj1r2poo1+fXFqX0orGP7+\/v7+\/fz8+\/r68uzn4trIxsG\/vri3p6GcmZSNbWVYUUZEPQv+\/f39+\/v7+\/v7+vr64tvV1NTTz87FtbSurqeblJKFg4B3bUY+NjL7+\/v7+\/v67t1cDo8JLQAABkRJREFUWMO0kz9rwkAYh0OIeJkum6YugUAhISCdKoj\/P4C7SMdS+gEKIhSKil10LSg4mzXkILdlEpxCpwTiWOLX6BujvQaEQuGeHLnL+\/64J+SIcKGYTYWnntpdLjrVdqvZmNdn0+EE40GtpuuWVS6Xx6N7YDSGpWXpeq02wHgynM7q80az1a52HpddtVcpsi1zFARBrdaxbhp9iUReTGmwA4KAAr7vx3EYejnCMI6hQYEgy0LQi4jUN0wL19vqFcUC9\/1dAKmEEFkWRYkh5oBejnxQJiSJPJ\/uKBp0Thszx9Mw8hMRIQjKsptCfuES9zr5WJY6vSFCIvE9fCMUmEM1A1kSXcYGxgVYsvI1IPKTZciSTI0us\/SMGG04gDzELDoFBwdcFJrF88dqgYMTiL6DILWYyfOWE8\/kIz38olCNlC03FK95+imxp6y4oUSvAnBjHHhKNtotSDqJzVFiK8c2SBqhZtsrTtgrLXwAyduxZHNE26eHUt5rtuM4WSmds3G+sUdWYo1L+XyxButoh5eKUHk5lByO3G1LqqCWVnfrv\/lyPtf\/4ps1cndNGIri8J1TJ0lx6dR\/oPjq1nbRwdp2dCk4CtIOLW3pVKRL6WZfS5vF2KkIQhpwSsjiYIgNCs1gEMGqiIq24NQX9NwoXFy8Ufrl3twTcg4fv8T9\/JBEySduj6Mjm4bMzYV7EEOxKjjoNDud7yY3Dy71Hq2oLmqfbNR723edH9PgMrNL2utoQ3VmaIDkiw\/4w51P06hlZsTZvkRrbVuSIs\/zwSOsycgzStQouoAkWQqioRT5XI7n2Z1wfVhoZmcAJLsoqjqpjbWCgpOAJXBwHK8PzWbNvoUZJND5wCnSkLAkZ1legx6vqQzjoiTahKlGUGLAiIIoABOHaNVw4sexZBym6\/HWlH5h3IC7yRbxtipcWxdTOkORKiNQAEkFf66x5S2oeRbroOlLgg0sSYkR0hRGEqJZ0jTPiQKatESdBckpWigxaapEH0lImHdWu9pUFF2XqMNM2Z4kped7IwEJw2qabwtrQqnpw6HyKkgcadKWsmpywwesDyIhYRpdzXddqegtGIJlXbAIUMOLkGxJUjRIkokwjUaX9d\/kK62ps\/tYUqZLIMkLTyBhsMZ3C5Z\/kDxOSCb\/DOs\/\/J0qcWSX\/2ipe56EgTCA4\/cB7NAYOsni4mZM1MUPAISoEwkDi4lhVBQ1cWQyIcwalw4EpqZN68JUSK7XC0kTlkLYii5uXSC8jT5ncCAS7mjCv0uHp\/3lueHEEAeQ\/\/VgmdN71\/2uCSA1Xr6DO6uI6sW56zqT2tp2PhgiRUAajV8CY2fkcz6WGNKMgLAt7tJAhD4YHMTeRxlALE6+43WqjSWi8ITxyJl8WrwWSNESQZZOqhDDntO3hJLsd5RtSpbJqdv3YrDJH3F7jL1R2O2aQkn2MyCyKYz0GPGIvSAMgBCrCEiJyKbBaYGwLW4uPRr0A0M4Ux5kUI7IBh+hMdiCEWNqhMZGyYMsOgNE58UQuEQeUnSWCMYwL54hkxK6IoqucQZbQ3pc3XtL0lky1dL0zZJJDpWJovFqpWj6JEHnyam2eQp5QRVAVHjWparTOaVwUOx99YS2MvgxIGV0bb+qIg2HX2qkFFJB+XZcbLiuRkuxD9GRroKyveLxdh4d7Orx+hb7qc3uVRuEogCOnyIxm4ubUoPgF4jianDrC+SDQDKEfJb0GUKmjCGPYHGJvVC6X4hw1\/sAfQAdfYyephIaspXe36RwOP+Ljvfx9B6B3i+Nk0DGq+oCbLn6JpBa9nWAveAIHwFAwtVcIJXPMPL8kRu5OAYPMaL1WScTxjiZDqB9LTJSWphow\/pTYKRTLjCBhvi9iBidvKcDasGSm0QQkycYuLBqj6QCELPctqChDWpTRMWkngNNpQ1Pfp1KkiT\/Y0DGffXAweUNfLAfaJFKDwhb6I+bkYRbkERoEeu3Fyjg2opMz2daZCS9jt6Q7txNfB+OZEVF6Zl5web2xunnLQrtrjXseXKaFYziYINeMFZVxS9VxRhOoesYwxPKXm+gWLG9cuFeq93UNNeJNsf1KlwuDok9n02n3TgIJpOxNfL9naIoQwXtfH9kjceTIIi709ncTg6LZbg+biLH1V6u\/7rxBem06VXKn9raAAAAAElFTkSuQmCC\")      no-repeat center center \/ contain;  }  @media screen and (max-width: 960px) and (orientation: portrait) {    .logo {      width: 100%;    }    .logo .pc-banner {      display: none;    }    .logo .m-banner {      display: block;      width: 100%;    }    .logo .m-banner img {      height: auto!important;    }    .ytvideo {      height: 200px;      width: 100%;    }  }<\/style><style>  .video-section {    width: 100%;    margin: 0 auto;  }  .video-section > img {    width: 100%;  }  .video-section iframe,  .video-section video {    width: 100%;    height: 100%;      }  .video-section-img-m,  .video-section-img-pc > img {    width: 100%;    height: auto;  }  .video-section-img-pc.small > img {    width: 970px;  }  .video-desc {    line-height: 1.5;    font-size: 20px;    font-weight: 400;    margin: 20px 0;    text-align: center;    color: #0f1111;    word-break: break-word;  }  @media screen and (max-width: 960px) and (orientation: portrait) {    .video-section {      width: 100%;    }    .video-section-pc,    .video-section-img-pc {      display: none;    }    .video-section-m,    .video-section-img-m {      display: block;    }    .video-desc {      font-size: 15px;    }  }  @media screen and (min-width: 960px) {    .video-section {      width: 100%;      margin: 0 auto;    }    .video-section-pc,    .video-section-img-pc {      display: block;    }    .video-section-m,    .video-section-img-m {      display: none;    }    .video-desc {      font-size: 20px;    }  }<\/style><style>  .section + .section {    margin-top: 35px;  }  .section-title {    text-align: center;    font-weight: bold;    color: #0d1111;    font-family: \"Arial\";    font-size: 32px;    margin: 15px 0;  }  .section-title:empty {    display: none;  }  .section-desc {    text-align: center;    font-weight: normal;    color: #0d1111;    margin-top: 20px;  }  .section-desc:empty {    display: none;  }  .section-img {    width: 1200px;    height: 492px;    margin: 0 auto;    display: block;  }  .section-img.small {    width: 970px;    height: auto;  }  .section-img.small > img {    height: auto;  }  .section-img > img {    width: 100%;    height: 100%;  }  .section-mobile-img {    display: none;    max-width: 100vw;    max-height: 75vw;    height: 450px;    margin: 0 auto;  }  .section-mobile-img > img {    width: 100%;    height: 100%;  }  @media screen and (max-width: 960px) and (orientation: portrait) {    .container {      width: 100%;    }    .container.small {      width: 100%;    }    .section-mobile-img {      display: block;    }    .section-img {      display: none;    }    .section-title {      font-size: 22px;      margin: 10px 0;    }    .section-desc {      margin-top: 10px;    }    .section + .section {      margin-top: 20px;    }  }<\/style><\/head><body><div class=\"container\"><div class=\"logo\"><div class=\"pc-banner\"><div><img decoding=\"async\" src=\"\/vevor\/vevor\/boutique-banner\/pc\/en-pc@1x.jpg\" style=\"width: 100%;\" \/><\/div><\/div><div class=\"m-banner\"><div><img decoding=\"async\" src=\"\/vevor\/vevor\/boutique-banner\/mobile\/en-m@1x.jpg\" style=\"width: 100%;\" \/><\/div><\/div><\/div><div class=\"section-title\">360\u00b0 besisukanti saugykla, kad b\u016bt\u0173 lengva pasiekti<\/div><div class=\"video-section\"><div class=\"video-section-img-pc\"><img decoding=\"async\" src=\"\/vevor\/product\/XZXJEKDLK7CSAC5US001\/rotating-shoe-rack-a100-1.4.jpg\" \/><\/div><div class=\"video-section-img-m\"><img decoding=\"async\" src=\"\/vevor\/product\/XZXJEKDLK7CSAC5US001\/rotating-shoe-rack-a100-1.4-m.jpg\" \/><\/div><div class=\"section-desc\">\u012erengtas 360\u00b0 besisukantis pagrindas, \u0161is besisukantis bat\u0173 stovas leid\u017eia be vargo ap\u017ei\u016br\u0117ti ir pasiekti batus bei krep\u0161ius. Su 4 skyriais jame telpa daugiau nei 28 poros bat\u0173. Jo 21 cm vidinis auk\u0161tis tinka odiniams batams, sportba\u010diams ir kulnams - ma\u017eos erdv\u0117s tvarkingos ir sutvarkytos.<\/div><\/div><div class=\"section\"><div class=\"section-title\"><\/div><div class=\"section-img\"><img decoding=\"async\" src=\"\/vevor\/product\/XZXJEKDLK7CSAC5US001\/rotating-shoe-rack-a100-2.2.jpg\" \/><\/div><div class=\"section-mobile-img\"><img decoding=\"async\" src=\"\/vevor\/product\/XZXJEKDLK7CSAC5US001\/rotating-shoe-rack-a100-2.2-m.jpg\" \/><\/div><div class=\"section-desc\">\u0160is 7 pakop\u0173 besisukantis bat\u0173 stovas, pasi\u017eymintis cilindriniu dizainu, apima 4 skyrius vienam sluoksniui. Batus galima r\u016b\u0161iuoti vertikaliai pagal sezon\u0105, \u0161eimos nar\u012f ar naudojimo da\u017enum\u0105. pilnas sukimasis rodo visas poras vienu metu, nesulenkiant. u\u017eima tik vien\u0105 plytel\u0119, tod\u0117l j\u016bs\u0173 erdv\u0117 yra tvarkinga ir tvarkinga.<\/div><\/div><div class=\"section\"><div class=\"section-title\"><\/div><div class=\"section-img\"><img decoding=\"async\" src=\"\/vevor\/product\/XZXJEKDLK7CSAC5US001\/rotating-shoe-rack-a100-2.3.jpg\" \/><\/div><div class=\"section-mobile-img\"><img decoding=\"async\" src=\"\/vevor\/product\/XZXJEKDLK7CSAC5US001\/rotating-shoe-rack-a100-2.3-m.jpg\" \/><\/div><div class=\"section-desc\">M\u016bs\u0173 besisukantis bat\u0173 organizatorius pasi\u017eymi PVC medienos plastiko plok\u0161t\u0117mis; kiekviena pakopa be lenkimo atlaiko iki 26,4 svaro Plok\u0161t\u0117s ir skirstytuvai yra tvirtai pritvirtinti var\u017etais, kad b\u016bt\u0173 i\u0161vengta slydimo sukimosi metu. stabilus ir ilgalaikis kasdieniam naudojimui, jis taip pat yra su u\u017erakinamais ratais, kad b\u016bt\u0173 lengva jud\u0117ti.<\/div><\/div><div class=\"section\"><div class=\"section-title\"><\/div><div class=\"section-img\"><img decoding=\"async\" src=\"\/vevor\/product\/XZXJEKDLK7CSAC5US001\/rotating-shoe-rack-a100-2.4.jpg\" \/><\/div><div class=\"section-mobile-img\"><img decoding=\"async\" src=\"\/vevor\/product\/XZXJEKDLK7CSAC5US001\/rotating-shoe-rack-a100-2.4-m.jpg\" \/><\/div><div class=\"section-desc\">Sukurtas i\u0161 apvalaus \/ cilindrinio dizaino su nedideliu p\u0117dsaku, besisukantis bat\u0173 lentynos bok\u0161tas gali tilpti \u012f kompakti\u0161kas erdves, tokias kaip kampai. Be bat\u0173 laikymo, jame gali b\u016bti mai\u0161eliai, kepur\u0117s, \u0161alikai, kompaktiniai diskai, knygos, vazoniniai augalai ir kt. Idealiai tinka nam\u0173 saugojimui ir parduotuvi\u0173 eksponavimui.<\/div><\/div><div class=\"section\"><div class=\"section-title\"><\/div><div class=\"section-img\"><img decoding=\"async\" src=\"\/vevor\/product\/XZXJEKDLK7CSAC5US001\/rotating-shoe-rack-a100-2.5.jpg\" \/><\/div><div class=\"section-mobile-img\"><img decoding=\"async\" src=\"\/vevor\/product\/XZXJEKDLK7CSAC5US001\/rotating-shoe-rack-a100-2.5-m.jpg\" \/><\/div><div class=\"section-desc\">Su minimalistine i\u0161vaizda ir 2 klasikiniais spalv\u0173 variantais, verpimo bat\u0173 lentynos bok\u0161tas telpa \u012f nam\u0173 foj\u0117, spintas, miegamojo kampus, taip pat parduotuvi\u0173 bat\u0173 zonas ir prekybos centro demonstravimo zonas - derinant saugojim\u0105 ir dekor\u0105. \u012fskaitant iliustruot\u0105 vadov\u0105 ir visus priedus, j\u012f lengva \u012fdiegti.<\/div><\/div><div class=\"section\"><div class=\"section-img\"><img decoding=\"async\" src=\"\/vevor\/product\/XZXJEKDLK7CSAC5US001\/rotating-shoe-rack-a100-1.11.jpg\" \/><\/div><div class=\"section-mobile-img\"><img decoding=\"async\" src=\"\/vevor\/product\/XZXJEKDLK7CSAC5US001\/rotating-shoe-rack-a100-1.11-m.jpg\" \/><\/div><\/div><\/div><\/body><\/html><\/div>\n<div class=\"DM_at-title\" id=\"js-DM_at-title\"> <div>Produkto specifikacija<\/div> <i class=\"icon-arrowup_line\"><\/i> <\/div><div class=\"DM_at-goodsDescAttr\" id=\"js-DM_at-goodsDescAttr\"> <div class=\"DM_at-goodsDescAttrInner\"> <dl class=\"goodsDesc_item goodsDesc_item_even\"> <dt>Prek\u0117s Modelio Numeris<\/dt> <dd> OY-XZXJ-05-7<\/dd> <\/dl> <dl class=\"goodsDesc_item\"> <dt>Svoris Galia<\/dt> <dd> 26,4 svaro\/12 kg (vienai lentynai)<\/dd> <\/dl> <dl class=\"goodsDesc_item goodsDesc_item_even\"> <dt>Skai\u010dius Lentynos<\/dt> <dd> 7 Lentynos, 4 Skyriai<\/dd> <\/dl> <dl class=\"goodsDesc_item\"> <dt>Bat\u0173 Talpa<\/dt> <dd> 28 Poros<\/dd> <\/dl> <dl class=\"goodsDesc_item goodsDesc_item_even\"> <dt>Lentyn\u0173 Auk\u0161tis<\/dt> <dd> 8,6 colio\/218 mm<\/dd> <\/dl> <dl class=\"goodsDesc_item\"> <dt>Spalva<\/dt> <dd> Balta<\/dd> <\/dl> <dl class=\"goodsDesc_item goodsDesc_item_even\"> <dt>Pagrindin\u0117 Med\u017eiaga<\/dt> <dd> PVC, Med\u017eio-Plastiko Lentos<\/dd> <\/dl> <dl class=\"goodsDesc_item\"> <dt>Produkto Grynasis Svoris<\/dt> <dd> 37,7 svaro\/17,1 kg<\/dd> <\/dl> <dl class=\"goodsDesc_item goodsDesc_item_even\"> <dt>Gaminio Matmenys<\/dt> <dd> 23,5 x 23,5 x 65,7 in\/598 x 598 x 1670 mm<\/dd> <\/dl> <\/div> <\/div>","protected":false},"excerpt":{"rendered":"<ul>\n<li> Kilnojami besisukantys ratai: besisukantis bat\u0173 stovas turi judan\u010dius ratus ir gali suktis 360\u00b0. D\u0117l 360\u00b0 besisukan\u010dios konstrukcijos bat\u0173 sugriebimas yra greitas ir paprastas, tod\u0117l da\u017enai naudojamas kasdien.4 u\u017erakinamas ratukas gali j\u012f laikyti vienoje vietoje. <\/li>\n<li> Didel\u0117s talpos saugykla: 7 pakop\u0173 verpimo bat\u0173 lentyna suteikia pakankamai vertikalios saugyklos, kurioje telpa 28 poros bat\u0173.21 cm vidinis auk\u0161tis tinka \u012fvairi\u0173 tip\u0173 batams, idealiai tinka \u0161eimoms ar ma\u017emenin\u0117s prekybos parduotuv\u0117ms, i\u0161laiko avalyn\u0119 tvarkingai i\u0161d\u0117styt\u0105 ir maksimaliai i\u0161naudoja vertikali\u0105 erdv\u0119. <\/li>\n<li> Tvirtas &amp; Ilgai-Lasting: Besisukantis bat\u0173 organizatorius pagamintas i\u0161 PVC medienos-plastiko plok\u0161\u010di\u0173, kiekviena pakopa gali atlaikyti iki 35 svar\u0173, tod\u0117l galite laikyti sunkesnius daiktus be r\u016bpes\u010di\u0173. jo var\u017etais pritvirtintos plok\u0161t\u0117s i\u0161vengti slydimo ir svyravimo. lengva valyti ir pri\u017ei\u016br\u0117ti. <\/li>\n<li> Lengvas surinkimas: protingas uodegos jungties dizainas, besisukantis bat\u0173 stovo bok\u0161tas apima ai\u0161k\u0173 iliustruot\u0105 vadov\u0105 ir visus priedus. Nereikia joki\u0173 profesionali\u0173 \u012franki\u0173 - pradedantieji gali lengvai j\u012f surinkti. <\/li>\n<li> Minimalistinis ir universalus: nesvarbu, ar tai b\u016bt\u0173 ma\u017eas \u012f\u0117jimas, erdvi svetain\u0117 ar jauki spinta, \u0161is saugojimo sprendimas tinka. Tai paprastas b\u016bdas \u012fvesti tvark\u0105 ir stili\u0173 savo erdv\u0117je, derinant saugojim\u0105 su erdv\u0117s dekoru. <\/li>\n<\/ul>","protected":false},"featured_media":440249,"comment_status":"open","ping_status":"open","template":"","meta":{"om_disable_all_campaigns":false,"_uf_show_specific_survey":0,"_uf_disable_surveys":false},"location":[1935,1934],"product_brand":[],"product_cat":[807,45,808],"product_tag":[],"class_list":{"0":"post-221845","1":"product","2":"type-product","3":"status-publish","4":"has-post-thumbnail","6":"location-supplier_stock_location","7":"location-local_stock_location","8":"product_cat-furniture","9":"product_cat-office-supplies","10":"product_cat-shoe-cabinets","12":"first","13":"outofstock","14":"taxable","15":"shipping-taxable","16":"purchasable","17":"product-type-simple"},"aioseo_notices":[],"locations":[{"id":1935,"name":"Pieg\u0101d\u0101t\u0101ja noliktav\u0101 (5-7d.d.)","slug":"supplier_stock_location","quantity":"0"},{"id":1934,"name":"R\u012bgas veikal\u0101 (0-2d.d.)","slug":"local_stock_location","quantity":"0"}],"_links":{"self":[{"href":"https:\/\/vevorshop.lv\/lt\/wp-json\/wp\/v2\/product\/221845","targetHints":{"allow":["GET"]}}],"collection":[{"href":"https:\/\/vevorshop.lv\/lt\/wp-json\/wp\/v2\/product"}],"about":[{"href":"https:\/\/vevorshop.lv\/lt\/wp-json\/wp\/v2\/types\/product"}],"replies":[{"embeddable":true,"href":"https:\/\/vevorshop.lv\/lt\/wp-json\/wp\/v2\/comments?post=221845"}],"wp:featuredmedia":[{"embeddable":true,"href":"https:\/\/vevorshop.lv\/lt\/wp-json\/wp\/v2\/media\/440249"}],"wp:attachment":[{"href":"https:\/\/vevorshop.lv\/lt\/wp-json\/wp\/v2\/media?parent=221845"}],"wp:term":[{"taxonomy":"location","embeddable":true,"href":"https:\/\/vevorshop.lv\/lt\/wp-json\/wp\/v2\/location?post=221845"},{"taxonomy":"product_brand","embeddable":true,"href":"https:\/\/vevorshop.lv\/lt\/wp-json\/wp\/v2\/product_brand?post=221845"},{"taxonomy":"product_cat","embeddable":true,"href":"https:\/\/vevorshop.lv\/lt\/wp-json\/wp\/v2\/product_cat?post=221845"},{"taxonomy":"product_tag","embeddable":true,"href":"https:\/\/vevorshop.lv\/lt\/wp-json\/wp\/v2\/product_tag?post=221845"}],"curies":[{"name":"wp","href":"https:\/\/api.w.org\/{rel}","templated":true}]}}