{"id":223244,"date":"2025-12-23T00:36:44","date_gmt":"2025-12-22T22:36:44","guid":{"rendered":"https:\/\/vevorshop.lv\/en_us\/Prece\/vevor-10pcs-40cm-gold-wedding-flower-stands-with-acrylic-shelves-elegant-rectangular-floral-display-rack-for-events-home-decor\/"},"modified":"2026-03-25T05:00:49","modified_gmt":"2026-03-25T03:00:49","slug":"vevor-10pcs-40cm-gold-wedding-flower-stands-with-acrylic-shelves-elegant-rectangular-floral-display-rack-for-events-home-decor","status":"publish","type":"product","link":"https:\/\/vevorshop.lv\/lt\/Prece\/vevor-10-vnt-40-cm-aukso-vestuviu-geliu-stendai-su-akrilo-lentynomis-elegantiskas-staciakampis-geliu-ekrano-stovas-renginiams-namu-dekoro\/","title":{"rendered":"VEVOR 10 vnt. aukso spalvos vestuvi\u0173 g\u0117li\u0173 stovai 40 cm, sta\u010diakamp\u0117 g\u0117li\u0173 lentyna su akriliniais stal\u010diais, renginiams ir namams"},"content":{"rendered":"<div style=\"color: #fff!important; font-size: 16px; height: 24px; line-height: 24px; margin-top: -24px; \" class=\"product_original_name\">VEVOR Vestuvini\u0173 g\u0117li\u0173 stovas, 10PCS 40cm Kolon\u0117l\u0117 G\u0117li\u0173 stendas, G\u0117li\u0173 Stovai su Akrilo Laminatas, Aukso Sta\u010diakampio G\u0117li\u0173 Ekranas Stovas Vestuv\u0117ms, Vakar\u0117lis, Gimtadienis, Namai, Aukso Centrepiece Stovai<\/div>\n<div style=\"color: #fff!important; font-size: 16px; height: 24px; line-height: 24px; margin-top: -24px; \" class=\"product_sku\">MJGY3K80<\/div>\n<div style=\"color: #fff!important; font-size: 16px; height: 24px; line-height: 24px; margin-top: -24px; \" class=\"product_mpn\">HLHJLFT10J40F3YRH001V0<\/div><div id=\"js-DM_at-goodDescRich\"><html><head><style>  body {    font-family: Arial;    line-height: 1.5;    color: #1c1c1c;    overflow-x: hidden;    margin: 0;    padding: 0;  }  .MsoNormal b {    font-weight: bolder;  }<\/style><style>  .container.small {    width: 970px;    margin: 0 auto;  }  .logo {    margin: 0 auto 0;  }  .logo img {    display: block;    margin: 0 auto;    max-width: 100%;  }  .logo .pc-banner {    display: block;    width: 1200px;    height: 247.4px;    margin: 0 auto;  }  .logo .pc-banner.small {    width: 970px;  }  .logo .pc-banner.small img {    height: auto!important;  }  .logo .m-banner {    display: none;  }  .ytvideo {    position: relative;    height: 546px;    width: 100%;    margin: 0 auto;  }  .ytvideo img {    width: 100%;    margin: 0 auto;  }  .ytvideo .play-btn {    width: 60px;    height: 42px;    position: absolute;    top: 50%;    left: 50%;    transform: translate(-50%, -50%);    background: url(\"data:image\/png;base64,iVBORw0KGgoAAAANSUhEUgAAAGQAAABGCAMAAAANWMFbAAAC+lBMVEUAAADBGB3kLCfBGB3kLCfcJC7BFx3KKSbiKybkLCbWJCPSIiLSIiLPICHAFx3kLCfgKSXNHiDZJiTIGx\/p4eHcjo7LHSDbJyTkLCbjKyfOHyHPIiL28fHJHB\/GGh7EGR7eKCXDGB3RISHlLSbBGB3AFxzGHB7DGB7BGB3hKybkKybAFx3lLCfAFxzDGR3hKibDGB7cJyTmz8\/elJTlwcHjurrUIyLlLSflLSfAFx3DGR7lLSfCFx3hKibhKibhKybjKybkLCblLSfbJSX49vbx7e3NNzjNMTLMJyjVIyLZf3\/ZQ0LaeHjx0tLgoqLkLCfCGB3HGx\/BGB3BFx3PICHCGB7WJCLOHyC\/Fxy\/Fx3lLCfQISHkLSe\/FxzbJiTBFx3FGx\/AGB7BFx3EGR7AGB3HHSDfKiXAFh3TISHYNzbhKibbJyTTIiL57e325+f039\/v2NjUV1fOHiHiqanfmprch4feKSXVIyPOICHmLibFGh\/mLSe\/Fx7XJCPeKSXXJSPNHyHaJyTGGh7lLCbmLCflLSjSIiLkLCbdKSXLHiC\/GB3KHh++Fh3lKyfoLiXcKCPkx8fYb2\/XaGfVXl3aU1LLHiDksbHgKibPICHbJyTfKSXbJyTCGB3KHSDiKybFGh7TIiL\/\/\/\/VIyPRISHIHB\/GGx\/HHB\/DGR7gKibdKCXLHiDZJiTMHiDNHyHYJSTOICHPICHWJCPcKCXXJSPjLCblLCf+\/f3NGR\/uLijzLynPGR\/IGB7WISHaIyLLGh7UAADxLynNAADRLzDbICLQAADIAAD3MCrUHSHXMTDpKSbLAADp5OTij4\/ejo\/VLy\/1LyngJSTcJCPQHx\/OHB7+\/PzaMS\/OLS\/vLijrLSjSAADaNTPwLyjkKSbNJCbYISHPHB\/KGB7WAAD7+vrn3d3aKynTKCjoLCfsKifRGh\/YAADq5+fhjo7QNDXXKCfmJyXt5+fTLzDLLi\/QKivYHRvMGBrQJCXLISPMExXLDxLaEAvkkI\/bOTfaFQ\/SCgpvLcnHAAAAmnRSTlMA+vv7+gT9Bvf9+8z8\/NSv\/Pr5+P7++vnQIBMP\/v38\/Pn348XDiCYf9OjbzcqxXVcx\/fz8+\/rj1r2poo1+fXFqX0orGP7+\/v7+\/fz8+\/r68uzn4trIxsG\/vri3p6GcmZSNbWVYUUZEPQv+\/f39+\/v7+\/v7+vr64tvV1NTTz87FtbSurqeblJKFg4B3bUY+NjL7+\/v7+\/v67t1cDo8JLQAABkRJREFUWMO0kz9rwkAYh0OIeJkum6YugUAhISCdKoj\/P4C7SMdS+gEKIhSKil10LSg4mzXkILdlEpxCpwTiWOLX6BujvQaEQuGeHLnL+\/64J+SIcKGYTYWnntpdLjrVdqvZmNdn0+EE40GtpuuWVS6Xx6N7YDSGpWXpeq02wHgynM7q80az1a52HpddtVcpsi1zFARBrdaxbhp9iUReTGmwA4KAAr7vx3EYejnCMI6hQYEgy0LQi4jUN0wL19vqFcUC9\/1dAKmEEFkWRYkh5oBejnxQJiSJPJ\/uKBp0Thszx9Mw8hMRIQjKsptCfuES9zr5WJY6vSFCIvE9fCMUmEM1A1kSXcYGxgVYsvI1IPKTZciSTI0us\/SMGG04gDzELDoFBwdcFJrF88dqgYMTiL6DILWYyfOWE8\/kIz38olCNlC03FK95+imxp6y4oUSvAnBjHHhKNtotSDqJzVFiK8c2SBqhZtsrTtgrLXwAyduxZHNE26eHUt5rtuM4WSmds3G+sUdWYo1L+XyxButoh5eKUHk5lByO3G1LqqCWVnfrv\/lyPtf\/4ps1cndNGIri8J1TJ0lx6dR\/oPjq1nbRwdp2dCk4CtIOLW3pVKRL6WZfS5vF2KkIQhpwSsjiYIgNCs1gEMGqiIq24NQX9NwoXFy8Ufrl3twTcg4fv8T9\/JBEySduj6Mjm4bMzYV7EEOxKjjoNDud7yY3Dy71Hq2oLmqfbNR723edH9PgMrNL2utoQ3VmaIDkiw\/4w51P06hlZsTZvkRrbVuSIs\/zwSOsycgzStQouoAkWQqioRT5XI7n2Z1wfVhoZmcAJLsoqjqpjbWCgpOAJXBwHK8PzWbNvoUZJND5wCnSkLAkZ1legx6vqQzjoiTahKlGUGLAiIIoABOHaNVw4sexZBym6\/HWlH5h3IC7yRbxtipcWxdTOkORKiNQAEkFf66x5S2oeRbroOlLgg0sSYkR0hRGEqJZ0jTPiQKatESdBckpWigxaapEH0lImHdWu9pUFF2XqMNM2Z4kped7IwEJw2qabwtrQqnpw6HyKkgcadKWsmpywwesDyIhYRpdzXddqegtGIJlXbAIUMOLkGxJUjRIkokwjUaX9d\/kK62ps\/tYUqZLIMkLTyBhsMZ3C5Z\/kDxOSCb\/DOs\/\/J0qcWSX\/2ipe56EgTCA4\/cB7NAYOsni4mZM1MUPAISoEwkDi4lhVBQ1cWQyIcwalw4EpqZN68JUSK7XC0kTlkLYii5uXSC8jT5ncCAS7mjCv0uHp\/3lueHEEAeQ\/\/VgmdN71\/2uCSA1Xr6DO6uI6sW56zqT2tp2PhgiRUAajV8CY2fkcz6WGNKMgLAt7tJAhD4YHMTeRxlALE6+43WqjSWi8ITxyJl8WrwWSNESQZZOqhDDntO3hJLsd5RtSpbJqdv3YrDJH3F7jL1R2O2aQkn2MyCyKYz0GPGIvSAMgBCrCEiJyKbBaYGwLW4uPRr0A0M4Ux5kUI7IBh+hMdiCEWNqhMZGyYMsOgNE58UQuEQeUnSWCMYwL54hkxK6IoqucQZbQ3pc3XtL0lky1dL0zZJJDpWJovFqpWj6JEHnyam2eQp5QRVAVHjWparTOaVwUOx99YS2MvgxIGV0bb+qIg2HX2qkFFJB+XZcbLiuRkuxD9GRroKyveLxdh4d7Orx+hb7qc3uVRuEogCOnyIxm4ubUoPgF4jianDrC+SDQDKEfJb0GUKmjCGPYHGJvVC6X4hw1\/sAfQAdfYyephIaspXe36RwOP+Ljvfx9B6B3i+Nk0DGq+oCbLn6JpBa9nWAveAIHwFAwtVcIJXPMPL8kRu5OAYPMaL1WScTxjiZDqB9LTJSWphow\/pTYKRTLjCBhvi9iBidvKcDasGSm0QQkycYuLBqj6QCELPctqChDWpTRMWkngNNpQ1Pfp1KkiT\/Y0DGffXAweUNfLAfaJFKDwhb6I+bkYRbkERoEeu3Fyjg2opMz2daZCS9jt6Q7txNfB+OZEVF6Zl5web2xunnLQrtrjXseXKaFYziYINeMFZVxS9VxRhOoesYwxPKXm+gWLG9cuFeq93UNNeJNsf1KlwuDok9n02n3TgIJpOxNfL9naIoQwXtfH9kjceTIIi709ncTg6LZbg+biLH1V6u\/7rxBem06VXKn9raAAAAAElFTkSuQmCC\")      no-repeat center center \/ contain;  }  @media screen and (max-width: 960px) and (orientation: portrait) {    .logo {      width: 100%;    }    .logo .pc-banner {      display: none;    }    .logo .m-banner {      display: block;      width: 100%;    }    .logo .m-banner img {      height: auto!important;    }    .ytvideo {      height: 200px;      width: 100%;    }  }<\/style><style>  .video-section {    width: 100%;    margin: 0 auto;  }  .video-section > img {    width: 100%;  }  .video-section iframe,  .video-section video {    width: 100%;    height: 100%;      }  .video-section-img-m,  .video-section-img-pc > img {    width: 100%;    height: auto;  }  .video-section-img-pc.small > img {    width: 970px;  }  .video-desc {    line-height: 1.5;    font-size: 20px;    font-weight: 400;    margin: 20px 0;    text-align: center;    color: #0f1111;    word-break: break-word;  }  @media screen and (max-width: 960px) and (orientation: portrait) {    .video-section {      width: 100%;    }    .video-section-pc,    .video-section-img-pc {      display: none;    }    .video-section-m,    .video-section-img-m {      display: block;    }    .video-desc {      font-size: 15px;    }  }  @media screen and (min-width: 960px) {    .video-section {      width: 100%;      margin: 0 auto;    }    .video-section-pc,    .video-section-img-pc {      display: block;    }    .video-section-m,    .video-section-img-m {      display: none;    }    .video-desc {      font-size: 20px;    }  }<\/style><style>  .section + .section {    margin-top: 35px;  }  .section-title {    text-align: center;    font-weight: bold;    color: #0d1111;    font-family: \"Arial\";    font-size: 32px;    margin: 15px 0;  }  .section-title:empty {    display: none;  }  .section-desc {    text-align: center;    font-weight: normal;    color: #0d1111;    margin-top: 20px;  }  .section-desc:empty {    display: none;  }  .section-img {    width: 1200px;    height: 492px;    margin: 0 auto;    display: block;  }  .section-img.small {    width: 970px;    height: auto;  }  .section-img.small > img {    height: auto;  }  .section-img > img {    width: 100%;    height: 100%;  }  .section-mobile-img {    display: none;    max-width: 100vw;    max-height: 75vw;    height: 450px;    margin: 0 auto;  }  .section-mobile-img > img {    width: 100%;    height: 100%;  }  @media screen and (max-width: 960px) and (orientation: portrait) {    .container {      width: 100%;    }    .container.small {      width: 100%;    }    .section-mobile-img {      display: block;    }    .section-img {      display: none;    }    .section-title {      font-size: 22px;      margin: 10px 0;    }    .section-desc {      margin-top: 10px;    }    .section + .section {      margin-top: 20px;    }  }<\/style><\/head><body><div class=\"container\"><div class=\"logo\"><div class=\"pc-banner\"><div><img decoding=\"async\" src=\"\/vevor\/vevor\/boutique-banner\/pc\/en-pc@1x.jpg\" style=\"width: 100%;\" \/><\/div><\/div><div class=\"m-banner\"><div><img decoding=\"async\" src=\"\/vevor\/vevor\/boutique-banner\/mobile\/en-m@1x.jpg\" style=\"width: 100%;\" \/><\/div><\/div><\/div><div class=\"section-title\">Vestuvi\u0173 g\u0117li\u0173 stendas \u201e - Eleganti\u0161kas g\u0117li\u0173 ekranas bet kokiam renginiui<\/div><div class=\"video-section\"><div class=\"video-section-img-pc\"><img decoding=\"async\" src=\"\/vevor\/product\/HLHJLFT10J40F3YRH001\/wedding-flower-stand-a100-1.4.jpg\" \/><\/div><div class=\"video-section-img-m\"><img decoding=\"async\" src=\"\/vevor\/product\/HLHJLFT10J40F3YRH001\/wedding-flower-stand-a100-1.4-m.jpg\" \/><\/div><div class=\"section-desc\">Pagerinkite savo renginius su \u0161iuo 10 dali\u0173 vestuvi\u0173 g\u0117li\u0173 stendu Sta\u010diakampio kubo r\u0117mas palaiko iki 33,07 svar\u0173 \/ 15 kg, pagamintas i\u0161 tvirto SPCC plieno ir skaidraus akrilo lentynos, baigtos pranc\u016bzi\u0161ku auksu. sukomplektuoti komponentai leid\u017eia lengvai surinkti, idealiai tinka vestuv\u0117ms, gimtadieniams, vakar\u0117liams ar namams.<\/div><\/div><div class=\"section\"><div class=\"section-title\"><\/div><div class=\"section-img\"><img decoding=\"async\" src=\"\/vevor\/product\/HLHJLFT10J40F3YRH001\/wedding-flower-stand-a100-2.2.jpg\" \/><\/div><div class=\"section-mobile-img\"><img decoding=\"async\" src=\"\/vevor\/product\/HLHJLFT10J40F3YRH001\/wedding-flower-stand-a100-2.2-m.jpg\" \/><\/div><div class=\"section-desc\">Sukurtas stiprumui, \u0161is g\u0117li\u0173 stovas sujungia tvirt\u0105 r\u0117m\u0105 su sluoksniuotomis lentynomis, kad b\u016bt\u0173 galima apdoroti iki 33,07 svar\u0173 \/ 15 kg g\u0117li\u0173, papuo\u0161al\u0173 ar kit\u0173 dekoracij\u0173. pasl\u0117ptas sraigtinis dizainas i\u0161laiko konstrukcij\u0105 saugi\u0105, tuo pa\u010diu u\u017etikrinant \u0161vari\u0105, poliruot\u0105 i\u0161vaizd\u0105 vestuv\u0117ms, gimtadieniams ar ypatingiems renginiams.<\/div><\/div><div class=\"section\"><div class=\"section-title\"><\/div><div class=\"section-img\"><img decoding=\"async\" src=\"\/vevor\/product\/HLHJLFT10J40F3YRH001\/wedding-flower-stand-a100-2.3.jpg\" \/><\/div><div class=\"section-mobile-img\"><img decoding=\"async\" src=\"\/vevor\/product\/HLHJLFT10J40F3YRH001\/wedding-flower-stand-a100-2.3-m.jpg\" \/><\/div><div class=\"section-desc\">M\u016bs\u0173 vazos kolonos stovas pasi\u017eymi lygiu ir poliruotu pavir\u0161iumi, tod\u0117l valymas ir prie\u017ei\u016bra yra paprasti. Kasdieniam naudojimui ar ypatingoms progoms greita servet\u0117l\u0117 pa\u0161alina dulkes ir d\u0117mes, tod\u0117l stovas atrodo eleganti\u0161kas ir i\u0161laiko ilgalaik\u012f blizges\u012f vestuv\u0117ms, vakar\u0117liams ar nam\u0173 dekoravimui.<\/div><\/div><div class=\"section\"><div class=\"section-title\"><\/div><div class=\"section-img\"><img decoding=\"async\" src=\"\/vevor\/product\/HLHJLFT10J40F3YRH001\/wedding-flower-stand-a100-2.4.jpg\" \/><\/div><div class=\"section-mobile-img\"><img decoding=\"async\" src=\"\/vevor\/product\/HLHJLFT10J40F3YRH001\/wedding-flower-stand-a100-2.4-m.jpg\" \/><\/div><div class=\"section-desc\">Surinkti \u0161\u012f g\u0117li\u0173 stulpelio stov\u0105 yra greita ir paprasta, nereikia joki\u0173 sud\u0117ting\u0173 \u012franki\u0173. Jo intuityvus dizainas leid\u017eia visiems, \u012fskaitant DIY pradedantiesiems, u\u017ebaigti s\u0105rank\u0105 per kelias minutes, tod\u0117l vestuv\u0117se, vakar\u0117liuose, gimtadieniuose ar nam\u0173 renginiuose be vargo eksponuoti g\u0117les ar dekoracijas.<\/div><\/div><div class=\"section\"><div class=\"section-title\"><\/div><div class=\"section-img\"><img decoding=\"async\" src=\"\/vevor\/product\/HLHJLFT10J40F3YRH001\/wedding-flower-stand-a100-2.5.jpg\" \/><\/div><div class=\"section-mobile-img\"><img decoding=\"async\" src=\"\/vevor\/product\/HLHJLFT10J40F3YRH001\/wedding-flower-stand-a100-2.5-m.jpg\" \/><\/div><div class=\"section-desc\">\u0160is auksinis stovas, skirtas centriniam k\u016briniui, puikiai tinka vestuv\u0117ms, vakar\u0117liams, gimtadieniams ir nam\u0173 dekoravimui. Jo rafinuotas dizainas ir funkcionali strukt\u016bra be vargo susilieja \u012f \u012fvairias erdves, si\u016blydamas stiling\u0105 ir prakti\u0161k\u0105 sprendim\u0105, kad pakelt\u0173 bet kokios ypatingos progos i\u0161vaizd\u0105 ir poj\u016bt\u012f.<\/div><\/div><div class=\"section\"><div class=\"section-img\"><img decoding=\"async\" src=\"\/vevor\/product\/HLHJLFT10J40F3YRH001\/wedding-flower-stand-a100-1.11.jpg\" \/><\/div><div class=\"section-mobile-img\"><img decoding=\"async\" src=\"\/vevor\/product\/HLHJLFT10J40F3YRH001\/wedding-flower-stand-a100-1.11-m.jpg\" \/><\/div><\/div><\/div><\/body><\/html><\/div>\n<div class=\"DM_at-title\" id=\"js-DM_at-title\"> <div>Produkto specifikacija<\/div> <i class=\"icon-arrowup_line\"><\/i> <\/div><div class=\"DM_at-goodsDescAttr\" id=\"js-DM_at-goodsDescAttr\"> <div class=\"DM_at-goodsDescAttrInner\"> <dl class=\"goodsDesc_item goodsDesc_item_even\"> <dt>Prek\u0117s Modelio Numeris<\/dt> <dd> LJL-8013<\/dd> <\/dl> <dl class=\"goodsDesc_item\"> <dt>Rinkinio Kiekis<\/dt> <dd> 10 VNT.<\/dd> <\/dl> <dl class=\"goodsDesc_item goodsDesc_item_even\"> <dt>Svoris Galia<\/dt> <dd> 33.07 svar\u0173\/15 kg<\/dd> <\/dl> <dl class=\"goodsDesc_item\"> <dt>Neto Svoris<\/dt> <dd> 17,02 svaro\/7,72 kg<\/dd> <\/dl> <dl class=\"goodsDesc_item goodsDesc_item_even\"> <dt>Gaminio Matmenys<\/dt> <dd> 8,66 x 8,66 x 15,75 colio\/220 x 220 x 400 mm<\/dd> <\/dl> <\/div> <\/div>","protected":false},"excerpt":{"rendered":"<ul>\n<li> Stilingas Kieta forma: Sukurta su elegancija ir stabilumu, \u0161is aukso g\u0117li\u0173 stovas naudoja sta\u010diakampio kubo form\u0105 tolygiai paskirstyti svor\u012f. palaikantis iki 33,07 svar\u0173 \/ 15 kg, jis talpina g\u0117les ar dekor\u0105, tuo pa\u010diu pridedant rafinuot\u0105 prisilietim\u0105 prie vestuvi\u0173, vakar\u0117li\u0173 ar \u0161ventini\u0173 rengini\u0173 <\/li>\n<li> Patvarios med\u017eiagos: Pagaminta i\u0161 storo SPCC plieno ir skaidraus akrilo lentyn\u0173, m\u016bs\u0173 g\u0117li\u0173 stovas u\u017etikrina ilgaam\u017ei\u0161kum\u0105 ir stili\u0173. tvirtas pagrindas u\u017etikrina subalansuot\u0105 g\u0117li\u0173 ar dekoratyvini\u0173 daikt\u0173 atram\u0105, u\u017etikrindamas, kad stovas i\u0161laikyt\u0173 eleganti\u0161k\u0105 i\u0161vaizd\u0105 net ir ilgai naudojant <\/li>\n<li> Eleganti\u0161ka auksin\u0117 danga: Kokybi\u0161kai dengtas pranc\u016bzi\u0161ku auksu, \u0161is auksinis g\u0117li\u0173 stovo centras demonstruoja lyg\u0173, poliruot\u0105 pavir\u0161i\u0173 su spindin\u010diu auksiniu \u0161vyt\u0117jimu. Prabangi i\u0161vaizda laikui b\u0117gant prie\u0161inasi blankumui ar lupimuisi, suteikdama rafinuot\u0105, romanti\u0161k\u0105 prisilietim\u0105 prie vestuvi\u0173, vakar\u0117li\u0173 ir \u0161ventini\u0173 rengini\u0173 <\/li>\n<li> Komplektuojamas pried\u0173 rinkinys: M\u016bs\u0173 auk\u0161tas g\u0117li\u0173 stovas komplektuojamas su visu pried\u0173 rinkiniu, tod\u0117l nereikia papildom\u0173 pirkini\u0173. Pasl\u0117pti dvigubos galvut\u0117s var\u017etai leid\u017eia surinkti nesud\u0117ting\u0105 ir stabil\u0173, tod\u0117l galite efektyviai pastatyti stov\u0105 taupydami laik\u0105 ir m\u0117gaudamiesi poliruotu, eleganti\u0161ku ekranu <\/li>\n<li> Daugiafunkcis ekranas: idealiai tinka g\u0117l\u0117ms, ornamentams ar teminiam dekorui, m\u016bs\u0173 g\u0117li\u0173 vitrinos stovas prisitaiko prie vestuvi\u0173, vakar\u0117li\u0173, gimtadieni\u0173 ar nam\u0173 dekoravimo. eleganti\u0161kas dizainas ir universalus naudojimas daro j\u012f puikiu pasirinkimu kuriant poliruot\u0105 ir nat\u016brali\u0105 estetik\u0105 bet kuriai erdvei <\/li>\n<\/ul>","protected":false},"featured_media":441473,"comment_status":"open","ping_status":"open","template":"","meta":{"om_disable_all_campaigns":false,"_monsterinsights_skip_tracking":false,"_monsterinsights_sitenote_active":false,"_monsterinsights_sitenote_note":"","_monsterinsights_sitenote_category":0,"_uf_show_specific_survey":0,"_uf_disable_surveys":false},"location":[1935,1934],"product_brand":[],"product_cat":[22,193,883],"product_tag":[],"class_list":{"0":"post-223244","1":"product","2":"type-product","3":"status-publish","4":"has-post-thumbnail","6":"location-supplier_stock_location","7":"location-local_stock_location","8":"product_cat-restaurant-food-service","9":"product_cat-venue-decoration","10":"product_cat-wedding-flower-stand","12":"first","13":"instock","14":"taxable","15":"shipping-taxable","16":"purchasable","17":"product-type-simple"},"aioseo_notices":[],"jetpack_sharing_enabled":true,"locations":[{"id":1935,"name":"Pieg\u0101d\u0101t\u0101ja noliktav\u0101 (5-7d.d.)","slug":"supplier_stock_location","quantity":"45"},{"id":1934,"name":"R\u012bgas veikal\u0101 (0-2d.d.)","slug":"local_stock_location","quantity":"0"}],"_links":{"self":[{"href":"https:\/\/vevorshop.lv\/lt\/wp-json\/wp\/v2\/product\/223244","targetHints":{"allow":["GET"]}}],"collection":[{"href":"https:\/\/vevorshop.lv\/lt\/wp-json\/wp\/v2\/product"}],"about":[{"href":"https:\/\/vevorshop.lv\/lt\/wp-json\/wp\/v2\/types\/product"}],"replies":[{"embeddable":true,"href":"https:\/\/vevorshop.lv\/lt\/wp-json\/wp\/v2\/comments?post=223244"}],"wp:featuredmedia":[{"embeddable":true,"href":"https:\/\/vevorshop.lv\/lt\/wp-json\/wp\/v2\/media\/441473"}],"wp:attachment":[{"href":"https:\/\/vevorshop.lv\/lt\/wp-json\/wp\/v2\/media?parent=223244"}],"wp:term":[{"taxonomy":"location","embeddable":true,"href":"https:\/\/vevorshop.lv\/lt\/wp-json\/wp\/v2\/location?post=223244"},{"taxonomy":"product_brand","embeddable":true,"href":"https:\/\/vevorshop.lv\/lt\/wp-json\/wp\/v2\/product_brand?post=223244"},{"taxonomy":"product_cat","embeddable":true,"href":"https:\/\/vevorshop.lv\/lt\/wp-json\/wp\/v2\/product_cat?post=223244"},{"taxonomy":"product_tag","embeddable":true,"href":"https:\/\/vevorshop.lv\/lt\/wp-json\/wp\/v2\/product_tag?post=223244"}],"curies":[{"name":"wp","href":"https:\/\/api.w.org\/{rel}","templated":true}]}}