{"id":223283,"date":"2025-12-23T00:36:44","date_gmt":"2025-12-22T22:36:44","guid":{"rendered":"https:\/\/vevorshop.lv\/en_us\/Prece\/vevor-10pcs-80cm-gold-wedding-flower-stands-rectangular-floral-display-columns-for-events-home-decor-load-15kg\/"},"modified":"2026-04-17T13:24:46","modified_gmt":"2026-04-17T10:24:46","slug":"vevor-10pcs-80cm-gold-wedding-flower-stands-rectangular-floral-display-columns-for-events-home-decor-load-15kg","status":"publish","type":"product","link":"https:\/\/vevorshop.lv\/lt\/Prece\/vevor-10pcs-80cm-gold-wedding-flower-stands-rectangular-floral-display-columns-for-events-home-decor-load-15kg\/","title":{"rendered":"VEVOR 10 vnt. auksiniai vestuvi\u0173 g\u0117li\u0173 stovai 80 cm sta\u010diakampiai metaliniai stulpai, pranc\u016bzi\u0161ko aukso dekoratyvin\u0117s g\u0117li\u0173 kolonos"},"content":{"rendered":"<div style=\"color: #fff!important; font-size: 16px; height: 24px; line-height: 24px; margin-top: -24px; \" class=\"product_original_name\">VEVOR Wedding Flower Stand, 10PCS 31.5-inch Column Flower Stand, Floral Stands with Hidden Screw, Rectangular Cubic Floral Display Rack for Wedding, Party, Birthday, Home, French Gold Stands<\/div>\n<div style=\"color: #fff!important; font-size: 16px; height: 24px; line-height: 24px; margin-top: -24px; \" class=\"product_sku\">MJGY40CS<\/div>\n<div style=\"color: #fff!important; font-size: 16px; height: 24px; line-height: 24px; margin-top: -24px; \" class=\"product_mpn\">HLHJLFT10J80Y446M001V0<\/div><div id=\"js-DM_at-goodDescRich\"><html><head><style>  body {    font-family: Arial;    line-height: 1.5;    color: #1c1c1c;    overflow-x: hidden;    margin: 0;    padding: 0;  }  .MsoNormal b {    font-weight: bolder;  }<\/style><style>  .container.small {    width: 970px;    margin: 0 auto;  }  .logo {    margin: 0 auto 0;  }  .logo img {    display: block;    margin: 0 auto;    max-width: 100%;  }  .logo .pc-banner {    display: block;    width: 1200px;    height: 247.4px;    margin: 0 auto;  }  .logo .pc-banner.small {    width: 970px;  }  .logo .pc-banner.small img {    height: auto!important;  }  .logo .m-banner {    display: none;  }  .ytvideo {    position: relative;    height: 546px;    width: 100%;    margin: 0 auto;  }  .ytvideo img {    width: 100%;    margin: 0 auto;  }  .ytvideo .play-btn {    width: 60px;    height: 42px;    position: absolute;    top: 50%;    left: 50%;    transform: translate(-50%, -50%);    background: url(\"data:image\/png;base64,iVBORw0KGgoAAAANSUhEUgAAAGQAAABGCAMAAAANWMFbAAAC+lBMVEUAAADBGB3kLCfBGB3kLCfcJC7BFx3KKSbiKybkLCbWJCPSIiLSIiLPICHAFx3kLCfgKSXNHiDZJiTIGx\/p4eHcjo7LHSDbJyTkLCbjKyfOHyHPIiL28fHJHB\/GGh7EGR7eKCXDGB3RISHlLSbBGB3AFxzGHB7DGB7BGB3hKybkKybAFx3lLCfAFxzDGR3hKibDGB7cJyTmz8\/elJTlwcHjurrUIyLlLSflLSfAFx3DGR7lLSfCFx3hKibhKibhKybjKybkLCblLSfbJSX49vbx7e3NNzjNMTLMJyjVIyLZf3\/ZQ0LaeHjx0tLgoqLkLCfCGB3HGx\/BGB3BFx3PICHCGB7WJCLOHyC\/Fxy\/Fx3lLCfQISHkLSe\/FxzbJiTBFx3FGx\/AGB7BFx3EGR7AGB3HHSDfKiXAFh3TISHYNzbhKibbJyTTIiL57e325+f039\/v2NjUV1fOHiHiqanfmprch4feKSXVIyPOICHmLibFGh\/mLSe\/Fx7XJCPeKSXXJSPNHyHaJyTGGh7lLCbmLCflLSjSIiLkLCbdKSXLHiC\/GB3KHh++Fh3lKyfoLiXcKCPkx8fYb2\/XaGfVXl3aU1LLHiDksbHgKibPICHbJyTfKSXbJyTCGB3KHSDiKybFGh7TIiL\/\/\/\/VIyPRISHIHB\/GGx\/HHB\/DGR7gKibdKCXLHiDZJiTMHiDNHyHYJSTOICHPICHWJCPcKCXXJSPjLCblLCf+\/f3NGR\/uLijzLynPGR\/IGB7WISHaIyLLGh7UAADxLynNAADRLzDbICLQAADIAAD3MCrUHSHXMTDpKSbLAADp5OTij4\/ejo\/VLy\/1LyngJSTcJCPQHx\/OHB7+\/PzaMS\/OLS\/vLijrLSjSAADaNTPwLyjkKSbNJCbYISHPHB\/KGB7WAAD7+vrn3d3aKynTKCjoLCfsKifRGh\/YAADq5+fhjo7QNDXXKCfmJyXt5+fTLzDLLi\/QKivYHRvMGBrQJCXLISPMExXLDxLaEAvkkI\/bOTfaFQ\/SCgpvLcnHAAAAmnRSTlMA+vv7+gT9Bvf9+8z8\/NSv\/Pr5+P7++vnQIBMP\/v38\/Pn348XDiCYf9OjbzcqxXVcx\/fz8+\/rj1r2poo1+fXFqX0orGP7+\/v7+\/fz8+\/r68uzn4trIxsG\/vri3p6GcmZSNbWVYUUZEPQv+\/f39+\/v7+\/v7+vr64tvV1NTTz87FtbSurqeblJKFg4B3bUY+NjL7+\/v7+\/v67t1cDo8JLQAABkRJREFUWMO0kz9rwkAYh0OIeJkum6YugUAhISCdKoj\/P4C7SMdS+gEKIhSKil10LSg4mzXkILdlEpxCpwTiWOLX6BujvQaEQuGeHLnL+\/64J+SIcKGYTYWnntpdLjrVdqvZmNdn0+EE40GtpuuWVS6Xx6N7YDSGpWXpeq02wHgynM7q80az1a52HpddtVcpsi1zFARBrdaxbhp9iUReTGmwA4KAAr7vx3EYejnCMI6hQYEgy0LQi4jUN0wL19vqFcUC9\/1dAKmEEFkWRYkh5oBejnxQJiSJPJ\/uKBp0Thszx9Mw8hMRIQjKsptCfuES9zr5WJY6vSFCIvE9fCMUmEM1A1kSXcYGxgVYsvI1IPKTZciSTI0us\/SMGG04gDzELDoFBwdcFJrF88dqgYMTiL6DILWYyfOWE8\/kIz38olCNlC03FK95+imxp6y4oUSvAnBjHHhKNtotSDqJzVFiK8c2SBqhZtsrTtgrLXwAyduxZHNE26eHUt5rtuM4WSmds3G+sUdWYo1L+XyxButoh5eKUHk5lByO3G1LqqCWVnfrv\/lyPtf\/4ps1cndNGIri8J1TJ0lx6dR\/oPjq1nbRwdp2dCk4CtIOLW3pVKRL6WZfS5vF2KkIQhpwSsjiYIgNCs1gEMGqiIq24NQX9NwoXFy8Ufrl3twTcg4fv8T9\/JBEySduj6Mjm4bMzYV7EEOxKjjoNDud7yY3Dy71Hq2oLmqfbNR723edH9PgMrNL2utoQ3VmaIDkiw\/4w51P06hlZsTZvkRrbVuSIs\/zwSOsycgzStQouoAkWQqioRT5XI7n2Z1wfVhoZmcAJLsoqjqpjbWCgpOAJXBwHK8PzWbNvoUZJND5wCnSkLAkZ1legx6vqQzjoiTahKlGUGLAiIIoABOHaNVw4sexZBym6\/HWlH5h3IC7yRbxtipcWxdTOkORKiNQAEkFf66x5S2oeRbroOlLgg0sSYkR0hRGEqJZ0jTPiQKatESdBckpWigxaapEH0lImHdWu9pUFF2XqMNM2Z4kped7IwEJw2qabwtrQqnpw6HyKkgcadKWsmpywwesDyIhYRpdzXddqegtGIJlXbAIUMOLkGxJUjRIkokwjUaX9d\/kK62ps\/tYUqZLIMkLTyBhsMZ3C5Z\/kDxOSCb\/DOs\/\/J0qcWSX\/2ipe56EgTCA4\/cB7NAYOsni4mZM1MUPAISoEwkDi4lhVBQ1cWQyIcwalw4EpqZN68JUSK7XC0kTlkLYii5uXSC8jT5ncCAS7mjCv0uHp\/3lueHEEAeQ\/\/VgmdN71\/2uCSA1Xr6DO6uI6sW56zqT2tp2PhgiRUAajV8CY2fkcz6WGNKMgLAt7tJAhD4YHMTeRxlALE6+43WqjSWi8ITxyJl8WrwWSNESQZZOqhDDntO3hJLsd5RtSpbJqdv3YrDJH3F7jL1R2O2aQkn2MyCyKYz0GPGIvSAMgBCrCEiJyKbBaYGwLW4uPRr0A0M4Ux5kUI7IBh+hMdiCEWNqhMZGyYMsOgNE58UQuEQeUnSWCMYwL54hkxK6IoqucQZbQ3pc3XtL0lky1dL0zZJJDpWJovFqpWj6JEHnyam2eQp5QRVAVHjWparTOaVwUOx99YS2MvgxIGV0bb+qIg2HX2qkFFJB+XZcbLiuRkuxD9GRroKyveLxdh4d7Orx+hb7qc3uVRuEogCOnyIxm4ubUoPgF4jianDrC+SDQDKEfJb0GUKmjCGPYHGJvVC6X4hw1\/sAfQAdfYyephIaspXe36RwOP+Ljvfx9B6B3i+Nk0DGq+oCbLn6JpBa9nWAveAIHwFAwtVcIJXPMPL8kRu5OAYPMaL1WScTxjiZDqB9LTJSWphow\/pTYKRTLjCBhvi9iBidvKcDasGSm0QQkycYuLBqj6QCELPctqChDWpTRMWkngNNpQ1Pfp1KkiT\/Y0DGffXAweUNfLAfaJFKDwhb6I+bkYRbkERoEeu3Fyjg2opMz2daZCS9jt6Q7txNfB+OZEVF6Zl5web2xunnLQrtrjXseXKaFYziYINeMFZVxS9VxRhOoesYwxPKXm+gWLG9cuFeq93UNNeJNsf1KlwuDok9n02n3TgIJpOxNfL9naIoQwXtfH9kjceTIIi709ncTg6LZbg+biLH1V6u\/7rxBem06VXKn9raAAAAAElFTkSuQmCC\")      no-repeat center center \/ contain;  }  @media screen and (max-width: 960px) and (orientation: portrait) {    .logo {      width: 100%;    }    .logo .pc-banner {      display: none;    }    .logo .m-banner {      display: block;      width: 100%;    }    .logo .m-banner img {      height: auto!important;    }    .ytvideo {      height: 200px;      width: 100%;    }  }<\/style><style>  .video-section {    width: 100%;    margin: 0 auto;  }  .video-section > img {    width: 100%;  }  .video-section iframe,  .video-section video {    width: 100%;    height: 100%;      }  .video-section-img-m,  .video-section-img-pc > img {    width: 100%;    height: auto;  }  .video-section-img-pc.small > img {    width: 970px;  }  .video-desc {    line-height: 1.5;    font-size: 20px;    font-weight: 400;    margin: 20px 0;    text-align: center;    color: #0f1111;    word-break: break-word;  }  @media screen and (max-width: 960px) and (orientation: portrait) {    .video-section {      width: 100%;    }    .video-section-pc,    .video-section-img-pc {      display: none;    }    .video-section-m,    .video-section-img-m {      display: block;    }    .video-desc {      font-size: 15px;    }  }  @media screen and (min-width: 960px) {    .video-section {      width: 100%;      margin: 0 auto;    }    .video-section-pc,    .video-section-img-pc {      display: block;    }    .video-section-m,    .video-section-img-m {      display: none;    }    .video-desc {      font-size: 20px;    }  }<\/style><style>  .section + .section {    margin-top: 35px;  }  .section-title {    text-align: center;    font-weight: bold;    color: #0d1111;    font-family: \"Arial\";    font-size: 32px;    margin: 15px 0;  }  .section-title:empty {    display: none;  }  .section-desc {    text-align: center;    font-weight: normal;    color: #0d1111;    margin-top: 20px;  }  .section-desc:empty {    display: none;  }  .section-img {    width: 1200px;    height: 492px;    margin: 0 auto;    display: block;  }  .section-img.small {    width: 970px;    height: auto;  }  .section-img.small > img {    height: auto;  }  .section-img > img {    width: 100%;    height: 100%;  }  .section-mobile-img {    display: none;    max-width: 100vw;    max-height: 75vw;    height: 450px;    margin: 0 auto;  }  .section-mobile-img > img {    width: 100%;    height: 100%;  }  @media screen and (max-width: 960px) and (orientation: portrait) {    .container {      width: 100%;    }    .container.small {      width: 100%;    }    .section-mobile-img {      display: block;    }    .section-img {      display: none;    }    .section-title {      font-size: 22px;      margin: 10px 0;    }    .section-desc {      margin-top: 10px;    }    .section + .section {      margin-top: 20px;    }  }<\/style><\/head><body><div class=\"container\"><div class=\"logo\"><div class=\"pc-banner\"><div><img decoding=\"async\" src=\"\/vevor\/vevor\/boutique-banner\/pc\/en-pc@1x.jpg\" style=\"width: 100%;\" \/><\/div><\/div><div class=\"m-banner\"><div><img decoding=\"async\" src=\"\/vevor\/vevor\/boutique-banner\/mobile\/en-m@1x.jpg\" style=\"width: 100%;\" \/><\/div><\/div><\/div><div class=\"section-title\">Vestuvi\u0173 g\u0117li\u0173 stendas \u201e - eleganti\u0161kas ir tvirtas dizainas kiekvienai \u0161ventei<\/div><div class=\"video-section\"><div class=\"video-section-img-pc\"><img decoding=\"async\" src=\"\/vevor\/product\/HLHJLFT10J80Y446M001\/wedding-flower-stand-a100-1.4.jpg\" \/><\/div><div class=\"video-section-img-m\"><img decoding=\"async\" src=\"\/vevor\/product\/HLHJLFT10J80Y446M001\/wedding-flower-stand-a100-1.4-m.jpg\" \/><\/div><div class=\"section-desc\">M\u016bs\u0173 10 dali\u0173 vestuvi\u0173 g\u0117li\u0173 stendas pasi\u017eymi klasikiniu sta\u010diakampiu kubo dizainu su \u0161altai valcuota SPCC konstrukcija ir pranc\u016bzi\u0161ku auksu. Palaikantis iki 33,07 svaro\/15 kg, jis u\u017etikrina stabil\u0173 g\u0117li\u0173 ar dekoro ekran\u0105, tuo pa\u010diu demonstruodamas lygi\u0105, eleganti\u0161k\u0105 ir patvari\u0105 auksin\u0119 apdail\u0105.<\/div><\/div><div class=\"section\"><div class=\"section-title\"><\/div><div class=\"section-img\"><img decoding=\"async\" src=\"\/vevor\/product\/HLHJLFT10J80Y446M001\/wedding-flower-stand-a100-2.2.jpg\" \/><\/div><div class=\"section-mobile-img\"><img decoding=\"async\" src=\"\/vevor\/product\/HLHJLFT10J80Y446M001\/wedding-flower-stand-a100-2.2-m.jpg\" \/><\/div><div class=\"section-desc\">Su stipriu SPCC \u0161alto valcavimo r\u0117mu ir stabiliu pagrindu, \u0161is g\u0117li\u0173 stovas i\u0161laiko iki 33,07 svar\u0173 \/ 15 kg, tod\u0117l lengvai rodomos g\u0117l\u0117s ir dekoras Pasl\u0117pti var\u017etai sukuria \u0161vari\u0105 i\u0161vaizd\u0105, o pranc\u016bzi\u0161kas auksavimas suteikia ilgalaik\u012f blizges\u012f. atkreipkite d\u0117mes\u012f, kad akrilo lentynos n\u0117ra \u012ftrauktos.<\/div><\/div><div class=\"section\"><div class=\"section-title\"><\/div><div class=\"section-img\"><img decoding=\"async\" src=\"\/vevor\/product\/HLHJLFT10J80Y446M001\/wedding-flower-stand-a100-2.3.jpg\" \/><\/div><div class=\"section-mobile-img\"><img decoding=\"async\" src=\"\/vevor\/product\/HLHJLFT10J80Y446M001\/wedding-flower-stand-a100-2.3-m.jpg\" \/><\/div><div class=\"section-desc\">M\u016bs\u0173 vazos kolonos stovas pasi\u017eymi lygiu ir subtiliu pavir\u0161iumi, kur\u012f lengva valyti ir pri\u017ei\u016br\u0117ti Nesvarbu, ar jis naudojamas kasdien, ar ypatingomis progomis, tiesiog nuvalykite dulkes ir ne\u0161varumus, kad i\u0161saugotum\u0117te eleganti\u0161k\u0105 i\u0161vaizd\u0105 ir ilgalaik\u012f blizges\u012f, kad j\u016bs\u0173 dekoras visada atrodyt\u0173 nesugadintas.<\/div><\/div><div class=\"section\"><div class=\"section-title\"><\/div><div class=\"section-img\"><img decoding=\"async\" src=\"\/vevor\/product\/HLHJLFT10J80Y446M001\/wedding-flower-stand-a100-2.4.jpg\" \/><\/div><div class=\"section-mobile-img\"><img decoding=\"async\" src=\"\/vevor\/product\/HLHJLFT10J80Y446M001\/wedding-flower-stand-a100-2.4-m.jpg\" \/><\/div><div class=\"section-desc\">Su \u0161iuo VEVOR g\u0117li\u0173 kolon\u0117l\u0117s stovu galite greitai u\u017ebaigti surinkim\u0105, nereikalaujant sud\u0117ting\u0173 \u012franki\u0173. Jo paprastas dizainas u\u017etikrina lengv\u0105 s\u0105rank\u0105 pradedantiesiems ir patyrusiems vartotojams, tod\u0117l per kelias minutes gal\u0117site m\u0117gautis stilingu ir funkcionaliu ekranu.<\/div><\/div><div class=\"section\"><div class=\"section-title\"><\/div><div class=\"section-img\"><img decoding=\"async\" src=\"\/vevor\/product\/HLHJLFT10J80Y446M001\/wedding-flower-stand-a100-2.5.jpg\" \/><\/div><div class=\"section-mobile-img\"><img decoding=\"async\" src=\"\/vevor\/product\/HLHJLFT10J80Y446M001\/wedding-flower-stand-a100-2.5-m.jpg\" \/><\/div><div class=\"section-desc\">\u0160is auksinis stovas, skirtas centriniam paveikslui, tinka vestuv\u0117ms, vakar\u0117liams, gimtadieniams ir nam\u0173 dekoravimui. Eleganti\u0161kas estetinis ir funkcionalus dizainas leid\u017eia skland\u017eiai integruotis \u012f skirtingas aplinkas, tod\u0117l tai yra universalus pasirinkimas, siekiant pakelti savo rengini\u0173 ar gyvenam\u0173j\u0173 patalp\u0173 i\u0161vaizd\u0105 ir poj\u016bt\u012f.<\/div><\/div><div class=\"section\"><div class=\"section-img\"><img decoding=\"async\" src=\"\/vevor\/product\/HLHJLFT10J80Y446M001\/wedding-flower-stand-a100-1.11.jpg\" \/><\/div><div class=\"section-mobile-img\"><img decoding=\"async\" src=\"\/vevor\/product\/HLHJLFT10J80Y446M001\/wedding-flower-stand-a100-1.11-m.jpg\" \/><\/div><\/div><\/div><\/body><\/html><\/div>\n<div class=\"DM_at-title\" id=\"js-DM_at-title\"> <div>Produkto specifikacija<\/div> <i class=\"icon-arrowup_line\"><\/i> <\/div><div class=\"DM_at-goodsDescAttr\" id=\"js-DM_at-goodsDescAttr\"> <div class=\"DM_at-goodsDescAttrInner\"> <dl class=\"goodsDesc_item goodsDesc_item_even\"> <dt>Prek\u0117s Modelio Numeris<\/dt> <dd> LJL-8018<\/dd> <\/dl> <dl class=\"goodsDesc_item\"> <dt>Rinkinio Kiekis<\/dt> <dd> 10 VNT.<\/dd> <\/dl> <dl class=\"goodsDesc_item goodsDesc_item_even\"> <dt>Svoris Galia<\/dt> <dd> 33.07 svar\u0173\/15 kg<\/dd> <\/dl> <dl class=\"goodsDesc_item\"> <dt>Neto Svoris<\/dt> <dd> 22.69 lbs\/10.29 kg<\/dd> <\/dl> <dl class=\"goodsDesc_item goodsDesc_item_even\"> <dt>Gaminio Matmenys<\/dt> <dd> 11,02 x 11,02 x 31,50 coli\u0173\/280 x 280 x 800 mm<\/dd> <\/dl> <\/div> <\/div>","protected":false},"excerpt":{"rendered":"<ul>\n<li> Eleganti\u0161kas balansas: sukurtas sta\u010diakampio kubo strukt\u016bros, \u0161is auksinis g\u0117li\u0173 stovas tolygiai paskirsto svor\u012f ir i\u0161laiko iki 33,07 svar\u0173 \/ 15 kg. Jo eleganti\u0161kas ir stabilus dizainas sustiprina vestuvi\u0173, vakar\u0117li\u0173 ar bet kokios \u0161ventin\u0117s aplinkos gro\u017e\u012f <\/li>\n<li> Tvirta strukt\u016bra: M\u016bs\u0173 g\u0117li\u0173 stendas, turintis stor\u0105 \u0161alto valcavimo SPCC r\u0117m\u0105 ir tvirt\u0105 pagrind\u0105, si\u016blo patikim\u0105 stabilum\u0105 ilgalaikiam naudojimui. jis lengvai palaiko g\u0117les, dekor\u0105 ar kitus daiktus Atkreipkite d\u0117mes\u012f, akrilo lentynos n\u0117ra \u012ftrauktos <\/li>\n<li> Auksin\u0117 elegancija: \u0161is auksinis g\u0117li\u0173 stovo centras yra padengtas pranc\u016bzi\u0161ku auksu, kad pavir\u0161ius b\u016bt\u0173 lygus, \u0161viesus. D\u0117l ilgalaikio blizgesio ir atsparumo korozijai jis yra idealus pasirinkimas vestuvi\u0173 dekoravimui, \u0161vent\u0117ms ir eleganti\u0161koms demonstravimo kompozicijoms <\/li>\n<li> Pilnas surinkimas: Komplektuojamas su visais reikalingais komponentais, m\u016bs\u0173 auk\u0161tas g\u0117li\u0173 stovas leid\u017eia greitai surinkti be papildom\u0173 dali\u0173 Pasl\u0117pti dvigubos galvut\u0117s var\u017etai u\u017etikrina stabilum\u0105 ir efektyvum\u0105, supaprastina montavim\u0105, i\u0161laikant \u0161vari\u0105, rafinuot\u0105 i\u0161vaizd\u0105 vestuv\u0117ms, vakar\u0117liams ar nam\u0173 dekoravimui <\/li>\n<li> Keli\u0173 scen\u0173 naudojimas: sukurtas \u012fvairiems dekoravimo poreikiams, m\u016bs\u0173 g\u0117li\u0173 vitrinos puikiai veikia su \u0161vie\u017eiomis ar dirbtin\u0117mis g\u0117l\u0117mis. Sureguliuokite dekoracijas pagal prog\u0105 ar tem\u0105, tod\u0117l jis tinka vestuv\u0117ms, vakar\u0117liams, gimtadieniams ir nam\u0173 aplinkai, padidindamas elegancij\u0105 ir estetin\u012f patrauklum\u0105 <\/li>\n<\/ul>","protected":false},"featured_media":441509,"comment_status":"open","ping_status":"open","template":"","meta":{"om_disable_all_campaigns":false,"_monsterinsights_skip_tracking":false,"_monsterinsights_sitenote_active":false,"_monsterinsights_sitenote_note":"","_monsterinsights_sitenote_category":0,"_uf_show_specific_survey":0,"_uf_disable_surveys":false},"location":[1935,1934],"product_brand":[],"product_cat":[22,193,883],"product_tag":[],"class_list":{"0":"post-223283","1":"product","2":"type-product","3":"status-publish","4":"has-post-thumbnail","6":"location-supplier_stock_location","7":"location-local_stock_location","8":"product_cat-restaurant-food-service","9":"product_cat-venue-decoration","10":"product_cat-wedding-flower-stand","12":"first","13":"instock","14":"taxable","15":"shipping-taxable","16":"purchasable","17":"product-type-simple"},"aioseo_notices":[],"jetpack_sharing_enabled":true,"locations":[{"id":1935,"name":"Pieg\u0101d\u0101t\u0101ja noliktav\u0101 (5-7d.d.)","slug":"supplier_stock_location","quantity":"46"},{"id":1934,"name":"R\u012bgas veikal\u0101 (0-2d.d.)","slug":"local_stock_location","quantity":"0"}],"_links":{"self":[{"href":"https:\/\/vevorshop.lv\/lt\/wp-json\/wp\/v2\/product\/223283","targetHints":{"allow":["GET"]}}],"collection":[{"href":"https:\/\/vevorshop.lv\/lt\/wp-json\/wp\/v2\/product"}],"about":[{"href":"https:\/\/vevorshop.lv\/lt\/wp-json\/wp\/v2\/types\/product"}],"replies":[{"embeddable":true,"href":"https:\/\/vevorshop.lv\/lt\/wp-json\/wp\/v2\/comments?post=223283"}],"wp:featuredmedia":[{"embeddable":true,"href":"https:\/\/vevorshop.lv\/lt\/wp-json\/wp\/v2\/media\/441509"}],"wp:attachment":[{"href":"https:\/\/vevorshop.lv\/lt\/wp-json\/wp\/v2\/media?parent=223283"}],"wp:term":[{"taxonomy":"location","embeddable":true,"href":"https:\/\/vevorshop.lv\/lt\/wp-json\/wp\/v2\/location?post=223283"},{"taxonomy":"product_brand","embeddable":true,"href":"https:\/\/vevorshop.lv\/lt\/wp-json\/wp\/v2\/product_brand?post=223283"},{"taxonomy":"product_cat","embeddable":true,"href":"https:\/\/vevorshop.lv\/lt\/wp-json\/wp\/v2\/product_cat?post=223283"},{"taxonomy":"product_tag","embeddable":true,"href":"https:\/\/vevorshop.lv\/lt\/wp-json\/wp\/v2\/product_tag?post=223283"}],"curies":[{"name":"wp","href":"https:\/\/api.w.org\/{rel}","templated":true}]}}