{"id":223374,"date":"2025-12-23T00:41:44","date_gmt":"2025-12-22T22:41:44","guid":{"rendered":"https:\/\/vevorshop.lv\/en_us\/Prece\/vevor-10pcs-60cm-gold-metal-flower-stands-cylindrical-display-columns-for-wedding-party-birthday-home-decor\/"},"modified":"2026-01-13T08:46:38","modified_gmt":"2026-01-13T06:46:38","slug":"vevor-10pcs-60cm-gold-metal-flower-stands-cylindrical-display-columns-for-wedding-party-birthday-home-decor","status":"publish","type":"product","link":"https:\/\/vevorshop.lv\/lt\/Prece\/vevor-10-vnt-60-cm-aukso-metalo-geliu-stendai-cilindriniai-ekrano-stulpeliai-vestuviu-vakarelio-gimtadienio-namu-dekoro\/","title":{"rendered":"VEVOR 10 vnt. 60 cm aukso spalvos metaliniai g\u0117li\u0173 stovai vestuv\u0117ms ir \u0161vent\u0117ms, cilindriniai geometriniai centrai, iki 15 kg"},"content":{"rendered":"<div style=\"color: #fff!important; font-size: 16px; height: 24px; line-height: 24px; margin-top: -24px; \" class=\"product_original_name\">VEVOR Vestuvini\u0173 g\u0117li\u0173 stovas, 10PCS 60cm Kolon\u0117l\u0117 G\u0117li\u0173 stendas, G\u0117li\u0173 Stovai su Metalo Laminatas, Cilindrinis Kubinis G\u0117li\u0173 Ekranas Stovas Vestuv\u0117ms, Vakar\u0117lis, Gimtadienis, Namai, Aukso Centrepiece Stendai<\/div>\n<div style=\"color: #fff!important; font-size: 16px; height: 24px; line-height: 24px; margin-top: -24px; \" class=\"product_sku\">MJGY54YQ<\/div>\n<div style=\"color: #fff!important; font-size: 16px; height: 24px; line-height: 24px; margin-top: -24px; \" class=\"product_mpn\">HLHJLFT10J60MT7YR001V0<\/div><div id=\"js-DM_at-goodDescRich\"><html><head><style>  body {    font-family: Arial;    line-height: 1.5;    color: #1c1c1c;    overflow-x: hidden;    margin: 0;    padding: 0;  }  .MsoNormal b {    font-weight: bolder;  }<\/style><style>  .container.small {    width: 970px;    margin: 0 auto;  }  .logo {    margin: 0 auto 0;  }  .logo img {    display: block;    margin: 0 auto;    max-width: 100%;  }  .logo .pc-banner {    display: block;    width: 1200px;    height: 247.4px;    margin: 0 auto;  }  .logo .pc-banner.small {    width: 970px;  }  .logo .pc-banner.small img {    height: auto!important;  }  .logo .m-banner {    display: none;  }  .ytvideo {    position: relative;    height: 546px;    width: 100%;    margin: 0 auto;  }  .ytvideo img {    width: 100%;    margin: 0 auto;  }  .ytvideo .play-btn {    width: 60px;    height: 42px;    position: absolute;    top: 50%;    left: 50%;    transform: translate(-50%, -50%);    background: url(\"data:image\/png;base64,iVBORw0KGgoAAAANSUhEUgAAAGQAAABGCAMAAAANWMFbAAAC+lBMVEUAAADBGB3kLCfBGB3kLCfcJC7BFx3KKSbiKybkLCbWJCPSIiLSIiLPICHAFx3kLCfgKSXNHiDZJiTIGx\/p4eHcjo7LHSDbJyTkLCbjKyfOHyHPIiL28fHJHB\/GGh7EGR7eKCXDGB3RISHlLSbBGB3AFxzGHB7DGB7BGB3hKybkKybAFx3lLCfAFxzDGR3hKibDGB7cJyTmz8\/elJTlwcHjurrUIyLlLSflLSfAFx3DGR7lLSfCFx3hKibhKibhKybjKybkLCblLSfbJSX49vbx7e3NNzjNMTLMJyjVIyLZf3\/ZQ0LaeHjx0tLgoqLkLCfCGB3HGx\/BGB3BFx3PICHCGB7WJCLOHyC\/Fxy\/Fx3lLCfQISHkLSe\/FxzbJiTBFx3FGx\/AGB7BFx3EGR7AGB3HHSDfKiXAFh3TISHYNzbhKibbJyTTIiL57e325+f039\/v2NjUV1fOHiHiqanfmprch4feKSXVIyPOICHmLibFGh\/mLSe\/Fx7XJCPeKSXXJSPNHyHaJyTGGh7lLCbmLCflLSjSIiLkLCbdKSXLHiC\/GB3KHh++Fh3lKyfoLiXcKCPkx8fYb2\/XaGfVXl3aU1LLHiDksbHgKibPICHbJyTfKSXbJyTCGB3KHSDiKybFGh7TIiL\/\/\/\/VIyPRISHIHB\/GGx\/HHB\/DGR7gKibdKCXLHiDZJiTMHiDNHyHYJSTOICHPICHWJCPcKCXXJSPjLCblLCf+\/f3NGR\/uLijzLynPGR\/IGB7WISHaIyLLGh7UAADxLynNAADRLzDbICLQAADIAAD3MCrUHSHXMTDpKSbLAADp5OTij4\/ejo\/VLy\/1LyngJSTcJCPQHx\/OHB7+\/PzaMS\/OLS\/vLijrLSjSAADaNTPwLyjkKSbNJCbYISHPHB\/KGB7WAAD7+vrn3d3aKynTKCjoLCfsKifRGh\/YAADq5+fhjo7QNDXXKCfmJyXt5+fTLzDLLi\/QKivYHRvMGBrQJCXLISPMExXLDxLaEAvkkI\/bOTfaFQ\/SCgpvLcnHAAAAmnRSTlMA+vv7+gT9Bvf9+8z8\/NSv\/Pr5+P7++vnQIBMP\/v38\/Pn348XDiCYf9OjbzcqxXVcx\/fz8+\/rj1r2poo1+fXFqX0orGP7+\/v7+\/fz8+\/r68uzn4trIxsG\/vri3p6GcmZSNbWVYUUZEPQv+\/f39+\/v7+\/v7+vr64tvV1NTTz87FtbSurqeblJKFg4B3bUY+NjL7+\/v7+\/v67t1cDo8JLQAABkRJREFUWMO0kz9rwkAYh0OIeJkum6YugUAhISCdKoj\/P4C7SMdS+gEKIhSKil10LSg4mzXkILdlEpxCpwTiWOLX6BujvQaEQuGeHLnL+\/64J+SIcKGYTYWnntpdLjrVdqvZmNdn0+EE40GtpuuWVS6Xx6N7YDSGpWXpeq02wHgynM7q80az1a52HpddtVcpsi1zFARBrdaxbhp9iUReTGmwA4KAAr7vx3EYejnCMI6hQYEgy0LQi4jUN0wL19vqFcUC9\/1dAKmEEFkWRYkh5oBejnxQJiSJPJ\/uKBp0Thszx9Mw8hMRIQjKsptCfuES9zr5WJY6vSFCIvE9fCMUmEM1A1kSXcYGxgVYsvI1IPKTZciSTI0us\/SMGG04gDzELDoFBwdcFJrF88dqgYMTiL6DILWYyfOWE8\/kIz38olCNlC03FK95+imxp6y4oUSvAnBjHHhKNtotSDqJzVFiK8c2SBqhZtsrTtgrLXwAyduxZHNE26eHUt5rtuM4WSmds3G+sUdWYo1L+XyxButoh5eKUHk5lByO3G1LqqCWVnfrv\/lyPtf\/4ps1cndNGIri8J1TJ0lx6dR\/oPjq1nbRwdp2dCk4CtIOLW3pVKRL6WZfS5vF2KkIQhpwSsjiYIgNCs1gEMGqiIq24NQX9NwoXFy8Ufrl3twTcg4fv8T9\/JBEySduj6Mjm4bMzYV7EEOxKjjoNDud7yY3Dy71Hq2oLmqfbNR723edH9PgMrNL2utoQ3VmaIDkiw\/4w51P06hlZsTZvkRrbVuSIs\/zwSOsycgzStQouoAkWQqioRT5XI7n2Z1wfVhoZmcAJLsoqjqpjbWCgpOAJXBwHK8PzWbNvoUZJND5wCnSkLAkZ1legx6vqQzjoiTahKlGUGLAiIIoABOHaNVw4sexZBym6\/HWlH5h3IC7yRbxtipcWxdTOkORKiNQAEkFf66x5S2oeRbroOlLgg0sSYkR0hRGEqJZ0jTPiQKatESdBckpWigxaapEH0lImHdWu9pUFF2XqMNM2Z4kped7IwEJw2qabwtrQqnpw6HyKkgcadKWsmpywwesDyIhYRpdzXddqegtGIJlXbAIUMOLkGxJUjRIkokwjUaX9d\/kK62ps\/tYUqZLIMkLTyBhsMZ3C5Z\/kDxOSCb\/DOs\/\/J0qcWSX\/2ipe56EgTCA4\/cB7NAYOsni4mZM1MUPAISoEwkDi4lhVBQ1cWQyIcwalw4EpqZN68JUSK7XC0kTlkLYii5uXSC8jT5ncCAS7mjCv0uHp\/3lueHEEAeQ\/\/VgmdN71\/2uCSA1Xr6DO6uI6sW56zqT2tp2PhgiRUAajV8CY2fkcz6WGNKMgLAt7tJAhD4YHMTeRxlALE6+43WqjSWi8ITxyJl8WrwWSNESQZZOqhDDntO3hJLsd5RtSpbJqdv3YrDJH3F7jL1R2O2aQkn2MyCyKYz0GPGIvSAMgBCrCEiJyKbBaYGwLW4uPRr0A0M4Ux5kUI7IBh+hMdiCEWNqhMZGyYMsOgNE58UQuEQeUnSWCMYwL54hkxK6IoqucQZbQ3pc3XtL0lky1dL0zZJJDpWJovFqpWj6JEHnyam2eQp5QRVAVHjWparTOaVwUOx99YS2MvgxIGV0bb+qIg2HX2qkFFJB+XZcbLiuRkuxD9GRroKyveLxdh4d7Orx+hb7qc3uVRuEogCOnyIxm4ubUoPgF4jianDrC+SDQDKEfJb0GUKmjCGPYHGJvVC6X4hw1\/sAfQAdfYyephIaspXe36RwOP+Ljvfx9B6B3i+Nk0DGq+oCbLn6JpBa9nWAveAIHwFAwtVcIJXPMPL8kRu5OAYPMaL1WScTxjiZDqB9LTJSWphow\/pTYKRTLjCBhvi9iBidvKcDasGSm0QQkycYuLBqj6QCELPctqChDWpTRMWkngNNpQ1Pfp1KkiT\/Y0DGffXAweUNfLAfaJFKDwhb6I+bkYRbkERoEeu3Fyjg2opMz2daZCS9jt6Q7txNfB+OZEVF6Zl5web2xunnLQrtrjXseXKaFYziYINeMFZVxS9VxRhOoesYwxPKXm+gWLG9cuFeq93UNNeJNsf1KlwuDok9n02n3TgIJpOxNfL9naIoQwXtfH9kjceTIIi709ncTg6LZbg+biLH1V6u\/7rxBem06VXKn9raAAAAAElFTkSuQmCC\")      no-repeat center center \/ contain;  }  @media screen and (max-width: 960px) and (orientation: portrait) {    .logo {      width: 100%;    }    .logo .pc-banner {      display: none;    }    .logo .m-banner {      display: block;      width: 100%;    }    .logo .m-banner img {      height: auto!important;    }    .ytvideo {      height: 200px;      width: 100%;    }  }<\/style><style>  .video-section {    width: 100%;    margin: 0 auto;  }  .video-section > img {    width: 100%;  }  .video-section iframe,  .video-section video {    width: 100%;    height: 100%;      }  .video-section-img-m,  .video-section-img-pc > img {    width: 100%;    height: auto;  }  .video-section-img-pc.small > img {    width: 970px;  }  .video-desc {    line-height: 1.5;    font-size: 20px;    font-weight: 400;    margin: 20px 0;    text-align: center;    color: #0f1111;    word-break: break-word;  }  @media screen and (max-width: 960px) and (orientation: portrait) {    .video-section {      width: 100%;    }    .video-section-pc,    .video-section-img-pc {      display: none;    }    .video-section-m,    .video-section-img-m {      display: block;    }    .video-desc {      font-size: 15px;    }  }  @media screen and (min-width: 960px) {    .video-section {      width: 100%;      margin: 0 auto;    }    .video-section-pc,    .video-section-img-pc {      display: block;    }    .video-section-m,    .video-section-img-m {      display: none;    }    .video-desc {      font-size: 20px;    }  }<\/style><style>  .section + .section {    margin-top: 35px;  }  .section-title {    text-align: center;    font-weight: bold;    color: #0d1111;    font-family: \"Arial\";    font-size: 32px;    margin: 15px 0;  }  .section-title:empty {    display: none;  }  .section-desc {    text-align: center;    font-weight: normal;    color: #0d1111;    margin-top: 20px;  }  .section-desc:empty {    display: none;  }  .section-img {    width: 1200px;    height: 492px;    margin: 0 auto;    display: block;  }  .section-img.small {    width: 970px;    height: auto;  }  .section-img.small > img {    height: auto;  }  .section-img > img {    width: 100%;    height: 100%;  }  .section-mobile-img {    display: none;    max-width: 100vw;    max-height: 75vw;    height: 450px;    margin: 0 auto;  }  .section-mobile-img > img {    width: 100%;    height: 100%;  }  @media screen and (max-width: 960px) and (orientation: portrait) {    .container {      width: 100%;    }    .container.small {      width: 100%;    }    .section-mobile-img {      display: block;    }    .section-img {      display: none;    }    .section-title {      font-size: 22px;      margin: 10px 0;    }    .section-desc {      margin-top: 10px;    }    .section + .section {      margin-top: 20px;    }  }<\/style><\/head><body><div class=\"container\"><div class=\"logo\"><div class=\"pc-banner\"><div><img decoding=\"async\" src=\"\/vevor\/vevor\/boutique-banner\/pc\/en-pc@1x.jpg\" style=\"width: 100%;\" \/><\/div><\/div><div class=\"m-banner\"><div><img decoding=\"async\" src=\"\/vevor\/vevor\/boutique-banner\/mobile\/en-m@1x.jpg\" style=\"width: 100%;\" \/><\/div><\/div><\/div><div class=\"section-title\">10PCS Vestuvi\u0173 g\u0117li\u0173 stendas, pakelkite savo erdv\u0119<\/div><div class=\"video-section\"><div class=\"video-section-img-pc\"><img decoding=\"async\" src=\"\/vevor\/product\/HLHJLFT10J60MT7YR001\/wedding-flower-stand-a100-1.4.jpg\" \/><\/div><div class=\"video-section-img-m\"><img decoding=\"async\" src=\"\/vevor\/product\/HLHJLFT10J60MT7YR001\/wedding-flower-stand-a100-1.4-m.jpg\" \/><\/div><div class=\"section-desc\">M\u016bs\u0173 vestuvi\u0173 g\u0117li\u0173 stendas sujungia klasikin\u012f kubo dizain\u0105 su sustiprintu SPCC r\u0117mu ir dvisluoksn\u0117mis plok\u0161t\u0117mis, kad b\u016bt\u0173 u\u017etikrintas stabilumas ir iki 33,07 svar\u0173 \/ 15 kg apkrovos. pranc\u016bzi\u0161ko aukso galvanizavimas sustiprina gro\u017e\u012f. pilni priedai u\u017etikrina lengv\u0105 surinkim\u0105 vestuv\u0117ms, vakar\u0117liams, gimtadieniams ar nam\u0173 dekorui.<\/div><\/div><div class=\"section\"><div class=\"section-title\"><\/div><div class=\"section-img\"><img decoding=\"async\" src=\"\/vevor\/product\/HLHJLFT10J60MT7YR001\/wedding-flower-stand-a100-2.2.jpg\" \/><\/div><div class=\"section-mobile-img\"><img decoding=\"async\" src=\"\/vevor\/product\/HLHJLFT10J60MT7YR001\/wedding-flower-stand-a100-2.2-m.jpg\" \/><\/div><div class=\"section-desc\">\u0160is g\u0117li\u0173 stovas turi tvirt\u0105 r\u0117m\u0105 ir sluoksniuotas plok\u0161tes, palaikan\u010dias iki 33,07 svaro\/15 kg, laikan\u010dias g\u0117les, dirbtinius augalus ar kitas dekoracijas Pasl\u0117pti var\u017etai i\u0161laiko konstrukcij\u0105 stabili\u0105 ir tvarking\u0105, tod\u0117l galima greitai surinkti be sud\u0117ting\u0173 \u012franki\u0173.<\/div><\/div><div class=\"section\"><div class=\"section-title\"><\/div><div class=\"section-img\"><img decoding=\"async\" src=\"\/vevor\/product\/HLHJLFT10J60MT7YR001\/wedding-flower-stand-a100-2.3.jpg\" \/><\/div><div class=\"section-mobile-img\"><img decoding=\"async\" src=\"\/vevor\/product\/HLHJLFT10J60MT7YR001\/wedding-flower-stand-a100-2.3-m.jpg\" \/><\/div><div class=\"section-desc\">VEVOR vazos kolon\u0117l\u0117s stovas turi lyg\u0173, subtil\u0173 pavir\u0161i\u0173, kur\u012f lengva valyti ir pri\u017ei\u016br\u0117ti Nesvarbu, ar kasdieniam naudojimui, ar ypatingiems renginiams, paprasta servet\u0117l\u0117 pa\u0161alina dulkes ir d\u0117mes, tod\u0117l stovas laikui b\u0117gant atrodo eleganti\u0161kas ir blizgus.<\/div><\/div><div class=\"section\"><div class=\"section-title\"><\/div><div class=\"section-img\"><img decoding=\"async\" src=\"\/vevor\/product\/HLHJLFT10J60MT7YR001\/wedding-flower-stand-a100-2.4.jpg\" \/><\/div><div class=\"section-mobile-img\"><img decoding=\"async\" src=\"\/vevor\/product\/HLHJLFT10J60MT7YR001\/wedding-flower-stand-a100-2.4-m.jpg\" \/><\/div><div class=\"section-desc\">M\u016bs\u0173 g\u0117li\u0173 kolon\u0117l\u0117s stovas leid\u017eia nesud\u0117tingai surinkti be speciali\u0173 \u012franki\u0173 Intuityvus nustatymo procesas u\u017etikrina, kad kiekvienas, \u012fskaitant DIY naujokus, gali greitai u\u017ebaigti montavim\u0105, tod\u0117l patogu m\u0117gautis stendo gro\u017eiu ir funkcionalumu.<\/div><\/div><div class=\"section\"><div class=\"section-title\"><\/div><div class=\"section-img\"><img decoding=\"async\" src=\"\/vevor\/product\/HLHJLFT10J60MT7YR001\/wedding-flower-stand-a100-2.5.jpg\" \/><\/div><div class=\"section-mobile-img\"><img decoding=\"async\" src=\"\/vevor\/product\/HLHJLFT10J60MT7YR001\/wedding-flower-stand-a100-2.5-m.jpg\" \/><\/div><div class=\"section-desc\">\u0160is g\u0117li\u0173 stulpelio stovas tinka vestuv\u0117ms, vakar\u0117liams, gimtadienio \u0161vent\u0117ms ir nam\u0173 dekoravimui. eleganti\u0161ka i\u0161vaizda ir prakti\u0161kas dizainas leid\u017eia skland\u017eiai \u012fsilieti \u012f bet koki\u0105 aplink\u0105, tod\u0117l tai idealus pasirinkimas siekiant sustiprinti estetin\u012f j\u016bs\u0173 erdv\u0117s patrauklum\u0105.<\/div><\/div><div class=\"section\"><div class=\"section-img\"><img decoding=\"async\" src=\"\/vevor\/product\/HLHJLFT10J60MT7YR001\/wedding-flower-stand-a100-1.11.jpg\" \/><\/div><div class=\"section-mobile-img\"><img decoding=\"async\" src=\"\/vevor\/product\/HLHJLFT10J60MT7YR001\/wedding-flower-stand-a100-1.11-m.jpg\" \/><\/div><\/div><\/div><\/body><\/html><\/div>\n<div class=\"DM_at-title\" id=\"js-DM_at-title\"> <div>Produkto specifikacija<\/div> <i class=\"icon-arrowup_line\"><\/i> <\/div><div class=\"DM_at-goodsDescAttr\" id=\"js-DM_at-goodsDescAttr\"> <div class=\"DM_at-goodsDescAttrInner\"> <dl class=\"goodsDesc_item goodsDesc_item_even\"> <dt>Prek\u0117s Modelio Numeris<\/dt> <dd> LJL-8021<\/dd> <\/dl> <dl class=\"goodsDesc_item\"> <dt>Rinkinio Kiekis<\/dt> <dd> 10 VNT.<\/dd> <\/dl> <dl class=\"goodsDesc_item goodsDesc_item_even\"> <dt>Svoris Galia<\/dt> <dd> 33.07 svar\u0173\/15 kg<\/dd> <\/dl> <dl class=\"goodsDesc_item\"> <dt>Neto Svoris<\/dt> <dd> 29,03 svaro\/13,17 kg <\/dd> <\/dl> <dl class=\"goodsDesc_item goodsDesc_item_even\"> <dt>Gaminio Matmenys<\/dt> <dd> 7,87 x 7,87 x 23,62 colio\/200 x 200 x 600 mm<\/dd> <\/dl> <\/div> <\/div>","protected":false},"excerpt":{"rendered":"<ul>\n<li> Nesenstanti elegancija: \u0161is geometrinis centrinis stovas pasi\u017eymi klasikiniu kolonos kubo dizainu, kuris tolygiai paskirsto svor\u012f ir u\u017etikrina stabilum\u0105. Esant maksimaliai 33,07 svaro\/15 kg apkrovai, jis saugiai laiko dekoracijas, tuo pa\u010diu sustiprindamas vestuvi\u0173, vakar\u0117li\u0173 ir speciali\u0173 \u0161ven\u010di\u0173 elegancij\u0105 <\/li>\n<li> Patvarus r\u0117mas: su tvirtu SPCC \u0161alto valcavimo r\u0117mu ir dvisluoksn\u0117mis plok\u0161t\u0117mis, \u0161is g\u0117li\u0173 stovas u\u017etikrina subalansuot\u0105 atram\u0105 ir ilgalaik\u0119 elegancij\u0105. Idealiai tinka vestuv\u0117ms, vakar\u0117liams, gimtadieniams ar nam\u0173 dekoravimui, saugiai laiko g\u0117les ir dekor\u0105 ilgalaikiam naudojimui <\/li>\n<li> Eleganti\u0161kas auksinis amatas: m\u016bs\u0173 geometrin\u0117 centrin\u0117 vaza priima pranc\u016bzi\u0161k\u0105 auksavim\u0105 su aptakia, subtilia apdaila, kuri i\u0161siskiria elegancija. korozijai atsparus pavir\u0161ius i\u0161laiko ilgalaik\u012f spindes\u012f, tod\u0117l idealiai tinka vestuv\u0117ms, gimtadieniams ar nam\u0173 dekoravimui suteikti prabangos ir romantikos <\/li>\n<li> Komplektuojami priedai: \u0160is auk\u0161tas g\u0117li\u0173 stovas apima visus jums reikalingus priedus, vengiant papildom\u0173 pirkini\u0173 Pasl\u0117ptos dvigubos tvirtinimo detal\u0117s u\u017etikrina tvirt\u0105, tvarking\u0105 strukt\u016br\u0105, o surinkimas yra greitas ir efektyvus, idealiai tinka vestuv\u0117ms, vakar\u0117liams, gimtadieniams ar be vargo puo\u0161ia namus <\/li>\n<li> Daugiafunkcinis dizainas: m\u016bs\u0173 g\u0117li\u0173 ekrano stovas idealiai tinka \u0161vie\u017eioms ar dirbtin\u0117ms g\u0117l\u0117ms rodyti, o dekoracijas galite pritaikyti taip, kad jos atitikt\u0173 bet koki\u0105 prog\u0105 ar tem\u0105. Jis lengvai integruojamas \u012f vestuves, vakar\u0117lius, gimtadienius ar nam\u0173 dekor\u0105, pridedant nat\u016bralios elegancijos j\u016bs\u0173 erdvei <\/li>\n<\/ul>","protected":false},"featured_media":441593,"comment_status":"open","ping_status":"open","template":"","meta":{"om_disable_all_campaigns":false,"_monsterinsights_skip_tracking":false,"_monsterinsights_sitenote_active":false,"_monsterinsights_sitenote_note":"","_monsterinsights_sitenote_category":0,"_uf_show_specific_survey":0,"_uf_disable_surveys":false},"location":[1935,1934],"product_brand":[],"product_cat":[22,193,883],"product_tag":[],"class_list":{"0":"post-223374","1":"product","2":"type-product","3":"status-publish","4":"has-post-thumbnail","6":"location-supplier_stock_location","7":"location-local_stock_location","8":"product_cat-restaurant-food-service","9":"product_cat-venue-decoration","10":"product_cat-wedding-flower-stand","12":"first","13":"instock","14":"taxable","15":"shipping-taxable","16":"purchasable","17":"product-type-simple"},"aioseo_notices":[],"jetpack_sharing_enabled":true,"locations":[{"id":1935,"name":"Pieg\u0101d\u0101t\u0101ja noliktav\u0101 (5-7d.d.)","slug":"supplier_stock_location","quantity":"46"},{"id":1934,"name":"R\u012bgas veikal\u0101 (0-2d.d.)","slug":"local_stock_location","quantity":"0"}],"_links":{"self":[{"href":"https:\/\/vevorshop.lv\/lt\/wp-json\/wp\/v2\/product\/223374","targetHints":{"allow":["GET"]}}],"collection":[{"href":"https:\/\/vevorshop.lv\/lt\/wp-json\/wp\/v2\/product"}],"about":[{"href":"https:\/\/vevorshop.lv\/lt\/wp-json\/wp\/v2\/types\/product"}],"replies":[{"embeddable":true,"href":"https:\/\/vevorshop.lv\/lt\/wp-json\/wp\/v2\/comments?post=223374"}],"wp:featuredmedia":[{"embeddable":true,"href":"https:\/\/vevorshop.lv\/lt\/wp-json\/wp\/v2\/media\/441593"}],"wp:attachment":[{"href":"https:\/\/vevorshop.lv\/lt\/wp-json\/wp\/v2\/media?parent=223374"}],"wp:term":[{"taxonomy":"location","embeddable":true,"href":"https:\/\/vevorshop.lv\/lt\/wp-json\/wp\/v2\/location?post=223374"},{"taxonomy":"product_brand","embeddable":true,"href":"https:\/\/vevorshop.lv\/lt\/wp-json\/wp\/v2\/product_brand?post=223374"},{"taxonomy":"product_cat","embeddable":true,"href":"https:\/\/vevorshop.lv\/lt\/wp-json\/wp\/v2\/product_cat?post=223374"},{"taxonomy":"product_tag","embeddable":true,"href":"https:\/\/vevorshop.lv\/lt\/wp-json\/wp\/v2\/product_tag?post=223374"}],"curies":[{"name":"wp","href":"https:\/\/api.w.org\/{rel}","templated":true}]}}