{"id":224288,"date":"2025-12-27T00:38:05","date_gmt":"2025-12-26T22:38:05","guid":{"rendered":"https:\/\/vevorshop.lv\/en_us\/Prece\/vevor-4-in-1-wooden-indoor-jungle-gym-for-kids-slide-climbing-rock-ladder-gym-rings-montessori-playset-100-kg-load\/"},"modified":"2026-04-06T12:29:15","modified_gmt":"2026-04-06T09:29:15","slug":"vevor-4-in-1-wooden-indoor-jungle-gym-for-kids-slide-climbing-rock-ladder-gym-rings-montessori-playset-100-kg-load","status":"publish","type":"product","link":"https:\/\/vevorshop.lv\/lt\/Prece\/vevor-4-in-1-medine-uzdara-dziungliu-sporto-sale-vaikams-slystancios-laipiojimo-uolomis-kopeciomis-sporto-sales-ziedai-montessori-playset-100-kg-krovinys\/","title":{"rendered":"VEVOR 4-in-1 medinis vidaus d\u017eiungli\u0173 sporto rinkinys vaikams \u2013 \u010diuo\u017eykla, laipiojimo siena, kop\u0117t\u0117l\u0117s ir \u017eiedai, 100 kg apkrova"},"content":{"rendered":"<div style=\"color: #fff!important; font-size: 16px; height: 24px; line-height: 24px; margin-top: -24px; \" class=\"product_original_name\">VEVOR Vidinis \u017eaidim\u0173 aik\u0161tel\u0117 D\u017eiungli\u0173 sporto sal\u0117, 4-in-1 Medinis Vidinis \u017eaidim\u0173 aik\u0161tel\u0117 laipiojimo \u017eaislai vaikams, Montessori ma\u017eiems vaikams Laipiojimo Playset su laipiojimo uola, skaidr\u0117s, medin\u0117s kop\u0117\u010dios &amp; sporto sal\u0117s \u017eiedai, 100KG pakrovimas<\/div>\n<div style=\"color: #fff!important; font-size: 16px; height: 24px; line-height: 24px; margin-top: -24px; \" class=\"product_sku\">MJMFYN7K<\/div>\n<div style=\"color: #fff!important; font-size: 16px; height: 24px; line-height: 24px; margin-top: -24px; \" class=\"product_mpn\">SNYLCMYMS4H1S4AC8001V0<\/div><div id=\"js-DM_at-goodDescRich\"><html><head><style>  body {    font-family: Arial;    line-height: 1.5;    color: #1c1c1c;    overflow-x: hidden;    margin: 0;    padding: 0;  }  .MsoNormal b {    font-weight: bolder;  }<\/style><style>  .container.small {    width: 970px;    margin: 0 auto;  }  .logo {    margin: 0 auto 0;  }  .logo img {    display: block;    margin: 0 auto;    max-width: 100%;  }  .logo .pc-banner {    display: block;    width: 1200px;    height: 247.4px;    margin: 0 auto;  }  .logo .pc-banner.small {    width: 970px;  }  .logo .pc-banner.small img {    height: auto!important;  }  .logo .m-banner {    display: none;  }  .ytvideo {    position: relative;    height: 546px;    width: 100%;    margin: 0 auto;  }  .ytvideo img {    width: 100%;    margin: 0 auto;  }  .ytvideo .play-btn {    width: 60px;    height: 42px;    position: absolute;    top: 50%;    left: 50%;    transform: translate(-50%, -50%);    background: url(\"data:image\/png;base64,iVBORw0KGgoAAAANSUhEUgAAAGQAAABGCAMAAAANWMFbAAAC+lBMVEUAAADBGB3kLCfBGB3kLCfcJC7BFx3KKSbiKybkLCbWJCPSIiLSIiLPICHAFx3kLCfgKSXNHiDZJiTIGx\/p4eHcjo7LHSDbJyTkLCbjKyfOHyHPIiL28fHJHB\/GGh7EGR7eKCXDGB3RISHlLSbBGB3AFxzGHB7DGB7BGB3hKybkKybAFx3lLCfAFxzDGR3hKibDGB7cJyTmz8\/elJTlwcHjurrUIyLlLSflLSfAFx3DGR7lLSfCFx3hKibhKibhKybjKybkLCblLSfbJSX49vbx7e3NNzjNMTLMJyjVIyLZf3\/ZQ0LaeHjx0tLgoqLkLCfCGB3HGx\/BGB3BFx3PICHCGB7WJCLOHyC\/Fxy\/Fx3lLCfQISHkLSe\/FxzbJiTBFx3FGx\/AGB7BFx3EGR7AGB3HHSDfKiXAFh3TISHYNzbhKibbJyTTIiL57e325+f039\/v2NjUV1fOHiHiqanfmprch4feKSXVIyPOICHmLibFGh\/mLSe\/Fx7XJCPeKSXXJSPNHyHaJyTGGh7lLCbmLCflLSjSIiLkLCbdKSXLHiC\/GB3KHh++Fh3lKyfoLiXcKCPkx8fYb2\/XaGfVXl3aU1LLHiDksbHgKibPICHbJyTfKSXbJyTCGB3KHSDiKybFGh7TIiL\/\/\/\/VIyPRISHIHB\/GGx\/HHB\/DGR7gKibdKCXLHiDZJiTMHiDNHyHYJSTOICHPICHWJCPcKCXXJSPjLCblLCf+\/f3NGR\/uLijzLynPGR\/IGB7WISHaIyLLGh7UAADxLynNAADRLzDbICLQAADIAAD3MCrUHSHXMTDpKSbLAADp5OTij4\/ejo\/VLy\/1LyngJSTcJCPQHx\/OHB7+\/PzaMS\/OLS\/vLijrLSjSAADaNTPwLyjkKSbNJCbYISHPHB\/KGB7WAAD7+vrn3d3aKynTKCjoLCfsKifRGh\/YAADq5+fhjo7QNDXXKCfmJyXt5+fTLzDLLi\/QKivYHRvMGBrQJCXLISPMExXLDxLaEAvkkI\/bOTfaFQ\/SCgpvLcnHAAAAmnRSTlMA+vv7+gT9Bvf9+8z8\/NSv\/Pr5+P7++vnQIBMP\/v38\/Pn348XDiCYf9OjbzcqxXVcx\/fz8+\/rj1r2poo1+fXFqX0orGP7+\/v7+\/fz8+\/r68uzn4trIxsG\/vri3p6GcmZSNbWVYUUZEPQv+\/f39+\/v7+\/v7+vr64tvV1NTTz87FtbSurqeblJKFg4B3bUY+NjL7+\/v7+\/v67t1cDo8JLQAABkRJREFUWMO0kz9rwkAYh0OIeJkum6YugUAhISCdKoj\/P4C7SMdS+gEKIhSKil10LSg4mzXkILdlEpxCpwTiWOLX6BujvQaEQuGeHLnL+\/64J+SIcKGYTYWnntpdLjrVdqvZmNdn0+EE40GtpuuWVS6Xx6N7YDSGpWXpeq02wHgynM7q80az1a52HpddtVcpsi1zFARBrdaxbhp9iUReTGmwA4KAAr7vx3EYejnCMI6hQYEgy0LQi4jUN0wL19vqFcUC9\/1dAKmEEFkWRYkh5oBejnxQJiSJPJ\/uKBp0Thszx9Mw8hMRIQjKsptCfuES9zr5WJY6vSFCIvE9fCMUmEM1A1kSXcYGxgVYsvI1IPKTZciSTI0us\/SMGG04gDzELDoFBwdcFJrF88dqgYMTiL6DILWYyfOWE8\/kIz38olCNlC03FK95+imxp6y4oUSvAnBjHHhKNtotSDqJzVFiK8c2SBqhZtsrTtgrLXwAyduxZHNE26eHUt5rtuM4WSmds3G+sUdWYo1L+XyxButoh5eKUHk5lByO3G1LqqCWVnfrv\/lyPtf\/4ps1cndNGIri8J1TJ0lx6dR\/oPjq1nbRwdp2dCk4CtIOLW3pVKRL6WZfS5vF2KkIQhpwSsjiYIgNCs1gEMGqiIq24NQX9NwoXFy8Ufrl3twTcg4fv8T9\/JBEySduj6Mjm4bMzYV7EEOxKjjoNDud7yY3Dy71Hq2oLmqfbNR723edH9PgMrNL2utoQ3VmaIDkiw\/4w51P06hlZsTZvkRrbVuSIs\/zwSOsycgzStQouoAkWQqioRT5XI7n2Z1wfVhoZmcAJLsoqjqpjbWCgpOAJXBwHK8PzWbNvoUZJND5wCnSkLAkZ1legx6vqQzjoiTahKlGUGLAiIIoABOHaNVw4sexZBym6\/HWlH5h3IC7yRbxtipcWxdTOkORKiNQAEkFf66x5S2oeRbroOlLgg0sSYkR0hRGEqJZ0jTPiQKatESdBckpWigxaapEH0lImHdWu9pUFF2XqMNM2Z4kped7IwEJw2qabwtrQqnpw6HyKkgcadKWsmpywwesDyIhYRpdzXddqegtGIJlXbAIUMOLkGxJUjRIkokwjUaX9d\/kK62ps\/tYUqZLIMkLTyBhsMZ3C5Z\/kDxOSCb\/DOs\/\/J0qcWSX\/2ipe56EgTCA4\/cB7NAYOsni4mZM1MUPAISoEwkDi4lhVBQ1cWQyIcwalw4EpqZN68JUSK7XC0kTlkLYii5uXSC8jT5ncCAS7mjCv0uHp\/3lueHEEAeQ\/\/VgmdN71\/2uCSA1Xr6DO6uI6sW56zqT2tp2PhgiRUAajV8CY2fkcz6WGNKMgLAt7tJAhD4YHMTeRxlALE6+43WqjSWi8ITxyJl8WrwWSNESQZZOqhDDntO3hJLsd5RtSpbJqdv3YrDJH3F7jL1R2O2aQkn2MyCyKYz0GPGIvSAMgBCrCEiJyKbBaYGwLW4uPRr0A0M4Ux5kUI7IBh+hMdiCEWNqhMZGyYMsOgNE58UQuEQeUnSWCMYwL54hkxK6IoqucQZbQ3pc3XtL0lky1dL0zZJJDpWJovFqpWj6JEHnyam2eQp5QRVAVHjWparTOaVwUOx99YS2MvgxIGV0bb+qIg2HX2qkFFJB+XZcbLiuRkuxD9GRroKyveLxdh4d7Orx+hb7qc3uVRuEogCOnyIxm4ubUoPgF4jianDrC+SDQDKEfJb0GUKmjCGPYHGJvVC6X4hw1\/sAfQAdfYyephIaspXe36RwOP+Ljvfx9B6B3i+Nk0DGq+oCbLn6JpBa9nWAveAIHwFAwtVcIJXPMPL8kRu5OAYPMaL1WScTxjiZDqB9LTJSWphow\/pTYKRTLjCBhvi9iBidvKcDasGSm0QQkycYuLBqj6QCELPctqChDWpTRMWkngNNpQ1Pfp1KkiT\/Y0DGffXAweUNfLAfaJFKDwhb6I+bkYRbkERoEeu3Fyjg2opMz2daZCS9jt6Q7txNfB+OZEVF6Zl5web2xunnLQrtrjXseXKaFYziYINeMFZVxS9VxRhOoesYwxPKXm+gWLG9cuFeq93UNNeJNsf1KlwuDok9n02n3TgIJpOxNfL9naIoQwXtfH9kjceTIIi709ncTg6LZbg+biLH1V6u\/7rxBem06VXKn9raAAAAAElFTkSuQmCC\")      no-repeat center center \/ contain;  }  @media screen and (max-width: 960px) and (orientation: portrait) {    .logo {      width: 100%;    }    .logo .pc-banner {      display: none;    }    .logo .m-banner {      display: block;      width: 100%;    }    .logo .m-banner img {      height: auto!important;    }    .ytvideo {      height: 200px;      width: 100%;    }  }<\/style><style>  .video-section {    width: 100%;    margin: 0 auto;  }  .video-section > img {    width: 100%;  }  .video-section iframe,  .video-section video {    width: 100%;    height: 100%;      }  .video-section-img-m,  .video-section-img-pc > img {    width: 100%;    height: auto;  }  .video-section-img-pc.small > img {    width: 970px;  }  .video-desc {    line-height: 1.5;    font-size: 20px;    font-weight: 400;    margin: 20px 0;    text-align: center;    color: #0f1111;    word-break: break-word;  }  @media screen and (max-width: 960px) and (orientation: portrait) {    .video-section {      width: 100%;    }    .video-section-pc,    .video-section-img-pc {      display: none;    }    .video-section-m,    .video-section-img-m {      display: block;    }    .video-desc {      font-size: 15px;    }  }  @media screen and (min-width: 960px) {    .video-section {      width: 100%;      margin: 0 auto;    }    .video-section-pc,    .video-section-img-pc {      display: block;    }    .video-section-m,    .video-section-img-m {      display: none;    }    .video-desc {      font-size: 20px;    }  }<\/style><style>  .section + .section {    margin-top: 35px;  }  .section-title {    text-align: center;    font-weight: bold;    color: #0d1111;    font-family: \"Arial\";    font-size: 32px;    margin: 15px 0;  }  .section-title:empty {    display: none;  }  .section-desc {    text-align: center;    font-weight: normal;    color: #0d1111;    margin-top: 20px;  }  .section-desc:empty {    display: none;  }  .section-img {    width: 1200px;    height: 492px;    margin: 0 auto;    display: block;  }  .section-img.small {    width: 970px;    height: auto;  }  .section-img.small > img {    height: auto;  }  .section-img > img {    width: 100%;    height: 100%;  }  .section-mobile-img {    display: none;    max-width: 100vw;    max-height: 75vw;    height: 450px;    margin: 0 auto;  }  .section-mobile-img > img {    width: 100%;    height: 100%;  }  @media screen and (max-width: 960px) and (orientation: portrait) {    .container {      width: 100%;    }    .container.small {      width: 100%;    }    .section-mobile-img {      display: block;    }    .section-img {      display: none;    }    .section-title {      font-size: 22px;      margin: 10px 0;    }    .section-desc {      margin-top: 10px;    }    .section + .section {      margin-top: 20px;    }  }<\/style><\/head><body><div class=\"container\"><div class=\"logo\"><div class=\"pc-banner\"><div><img decoding=\"async\" src=\"\/vevor\/vevor\/boutique-banner\/pc\/en-pc@1x.jpg\" style=\"width: 100%;\" \/><\/div><\/div><div class=\"m-banner\"><div><img decoding=\"async\" src=\"\/vevor\/vevor\/boutique-banner\/mobile\/en-m@1x.jpg\" style=\"width: 100%;\" \/><\/div><\/div><\/div><div class=\"section-title\">Paverskite savo namus \u017eaidim\u0173 aik\u0161tele<\/div><div class=\"video-section\"><div class=\"video-section-img-pc\"><img decoding=\"async\" src=\"\/vevor\/product\/SNYLCMYMS4H1S4AC8001\/kids-indoor-playground-a100-1.4.jpg\" \/><\/div><div class=\"video-section-img-m\"><img decoding=\"async\" src=\"\/vevor\/product\/SNYLCMYMS4H1S4AC8001\/kids-indoor-playground-a100-1.4-m.jpg\" \/><\/div><div class=\"section-desc\">VEVOR 4-in-1 u\u017edara \u017eaidim\u0173 aik\u0161tel\u0117 d\u017eiungli\u0173 sporto sal\u0117 sujungia laipiojimo uola, \u010diuo\u017eykla, medin\u0117s kop\u0117\u010dios, ir sporto sal\u0117 \u017eiedas. pagamintas i\u0161 vaik\u0173 saugi\u0173, draugi\u0161k\u0173 med\u017eiag\u0173 ir pastatytas palaikyti iki 220 svar\u0173, jis si\u016blo begalin\u012f \u012fdomus, o pagerinti vaik\u0173 pusiausvyr\u0105 ir koordinavim\u0105.<\/div><\/div><div class=\"section\"><div class=\"section-title\"><\/div><div class=\"section-img\"><img decoding=\"async\" src=\"\/vevor\/product\/SNYLCMYMS4H1S4AC8001\/kids-indoor-playground-a100-2.2.jpg\" \/><\/div><div class=\"section-mobile-img\"><img decoding=\"async\" src=\"\/vevor\/product\/SNYLCMYMS4H1S4AC8001\/kids-indoor-playground-a100-2.2-m.jpg\" \/><\/div><div class=\"section-desc\">Su laipiojimo uola, medin\u0117mis kop\u0117\u010diomis, sporto sal\u0117s \u017eiedu ir \u010diuo\u017eykla j\u016bs\u0173 vaikas gali kasdien tyrin\u0117ti naujas veiklas, su\u017eadindamas j\u0173 smalsum\u0105. \u012evairios linksmos veiklos skatina juos \u012fsitraukti ir skatina vaik\u0173 savaranki\u0161k\u0105 tyrin\u0117jim\u0105.<\/div><\/div><div class=\"section\"><div class=\"section-title\"><\/div><div class=\"section-img\"><img decoding=\"async\" src=\"\/vevor\/product\/SNYLCMYMS4H1S4AC8001\/kids-indoor-playground-a100-2.3.jpg\" \/><\/div><div class=\"section-mobile-img\"><img decoding=\"async\" src=\"\/vevor\/product\/SNYLCMYMS4H1S4AC8001\/kids-indoor-playground-a100-2.3-m.jpg\" \/><\/div><div class=\"section-desc\">\u0160i vidaus \u017eaidim\u0173 aik\u0161tel\u0117s d\u017eiungli\u0173 sporto sal\u0117, pastatyta i\u0161 tvirto med\u017eio masyvo ir sutvirtinta var\u017etais bei var\u017etais, palaiko iki 220 svar\u0173 (100 kg). Sertifikuota pagal kelis tarptautinius standartus, suteikia t\u0117vams ramyb\u0119 ir begal\u0119 saugi\u0173 pramog\u0173 vaikams.<\/div><\/div><div class=\"section\"><div class=\"section-title\"><\/div><div class=\"section-img\"><img decoding=\"async\" src=\"\/vevor\/product\/SNYLCMYMS4H1S4AC8001\/kids-indoor-playground-a100-2.4.jpg\" \/><\/div><div class=\"section-mobile-img\"><img decoding=\"async\" src=\"\/vevor\/product\/SNYLCMYMS4H1S4AC8001\/kids-indoor-playground-a100-2.4-m.jpg\" \/><\/div><div class=\"section-desc\">Su moduliniu dizainu ir i\u0161samiu vartotojo vadovu, \u0161ios medin\u0117s vidaus \u017eaidim\u0173 aik\u0161tel\u0117s vaikams \u012frengimas yra paprasta u\u017eduotis Nereikia ekspert\u0173 pagalbos - tiesiog vykdykite instrukcijas, ir j\u016bs greitai sukursite linksm\u0105 \u017eaidim\u0173 aik\u0161tel\u0119.<\/div><\/div><div class=\"section\"><div class=\"section-title\"><\/div><div class=\"section-img\"><img decoding=\"async\" src=\"\/vevor\/product\/SNYLCMYMS4H1S4AC8001\/kids-indoor-playground-a100-2.5.jpg\" \/><\/div><div class=\"section-mobile-img\"><img decoding=\"async\" src=\"\/vevor\/product\/SNYLCMYMS4H1S4AC8001\/kids-indoor-playground-a100-2.5-m.jpg\" \/><\/div><div class=\"section-desc\">M\u016bs\u0173 VEVOR u\u017edaras \u017eaidim\u0173 aik\u0161tel\u0117s laipiojimo \u017eaidim\u0173 rinkinys idealiai tinka \u017eaidim\u0173 aik\u0161tel\u0117ms, kiemams, namams ir vaik\u0173 dar\u017eeliams. Jis tinka \u012fvairioms erdv\u0117ms, akimirksniu paversdamas jas smagia ir \u012ftraukian\u010dia \u017eaidim\u0173 zona j\u016bs\u0173 vaikui.<\/div><\/div><div class=\"section\"><div class=\"section-img\"><img decoding=\"async\" src=\"\/vevor\/product\/SNYLCMYMS4H1S4AC8001\/kids-indoor-playground-a100-1.11.jpg\" \/><\/div><div class=\"section-mobile-img\"><img decoding=\"async\" src=\"\/vevor\/product\/SNYLCMYMS4H1S4AC8001\/kids-indoor-playground-a100-1.11-m.jpg\" \/><\/div><\/div><\/div><\/body><\/html><\/div>\n<div class=\"DM_at-title\" id=\"js-DM_at-title\"> <div>Produkto specifikacija<\/div> <i class=\"icon-arrowup_line\"><\/i> <\/div><div class=\"DM_at-goodsDescAttr\" id=\"js-DM_at-goodsDescAttr\"> <div class=\"DM_at-goodsDescAttrInner\"> <dl class=\"goodsDesc_item goodsDesc_item_even\"> <dt>Prek\u0117s Modelio Numeris<\/dt> <dd> ZF-LM-007<\/dd> <\/dl> <dl class=\"goodsDesc_item\"> <dt>Elemento Tipas<\/dt> <dd> 4-in-1 Vidinis \u017daidim\u0173 aik\u0161tel\u0117 D\u017eiungli\u0173 sporto sal\u0117<\/dd> <\/dl> <dl class=\"goodsDesc_item goodsDesc_item_even\"> <dt>Pagrindiniai r\u0117mo matmenys<\/dt> <dd> 47,24 x 22,05 x 47,44 coli\u0173 \/ 1200 x 560 x 1205 mm<\/dd> <\/dl> <dl class=\"goodsDesc_item\"> <dt>Svoris Galia<\/dt> <dd> 220 lbs \/ 100 kg<\/dd> <\/dl> <dl class=\"goodsDesc_item goodsDesc_item_even\"> <dt>Spalva<\/dt> <dd> Originalios Medienos Spalvos<\/dd> <\/dl> <dl class=\"goodsDesc_item\"> <dt>Pagrindin\u0117s Med\u017eiagos<\/dt> <dd> Pu\u0161ies mediena + fanera <\/dd> <\/dl> <dl class=\"goodsDesc_item goodsDesc_item_even\"> <dt>Neto Svoris<\/dt> <dd> 33.95 svar\u0173 \/ 15.40 kg<\/dd> <\/dl> <dl class=\"goodsDesc_item\"> <dt>Gaminio Matmenys<\/dt> <dd> 81,10 x 34,65 x 47,44 coli\u0173 \/ 2060 x 880 x 1205 mm<\/dd> <\/dl> <\/div> <\/div>","protected":false},"excerpt":{"rendered":"<ul>\n<li> Sensorin\u0117 treniruo\u010di\u0173 stotis: \u0161i 4-in-1 u\u017edara \u017eaidim\u0173 aik\u0161tel\u0117s d\u017eiungli\u0173 sporto sal\u0117 sujungia \u010diuo\u017eykl\u0105 (47,24 colio \/ 120 cm), laipiojimo uol\u0105, medines kop\u0117\u010dias ir sporto sal\u0117s \u017eiedus, palaikydama j\u016bs\u0173 vaiko jutimo vystym\u0105si, pusiausvyr\u0105 ir koordinacij\u0105, kol jie \u017eaid\u017eia ir tyrin\u0117ti <\/li>\n<li> Vaikams saugios ir draugi\u0161kos med\u017eiagos: pastatytas i\u0161 tvirto med\u017eio masyvo ir padengtas nat\u016braliais, vaikams saugiais lako da\u017eais, \u0161is vidaus \u017eaidim\u0173 aik\u0161tel\u0117s laipiojimo \u017eaidim\u0173 rinkinys yra tvirtas, lankstantis ir atsparus \u012ftr\u016bkimams. palaiko iki 220 svar\u0173 (100 kg), sukurdamas smagi\u0105 ir saugi\u0105 erdv\u0119, kurioje ma\u017eieji gali i\u0161likti aktyv\u016bs, smals\u016bs ir laimingi <\/li>\n<li> Saugesnis \u017eaidimas, laimingesni vaikai: su apvaliais mediniais strypais, vir\u0161utiniu tur\u0117klu, u\u017etikrinan\u010diu didesn\u012f stabilum\u0105, l\u016b\u017eimo resiatnt R sekcija ir suapvalintais mediniais \u017eiedais, \u0161i u\u017edara d\u017eiungli\u0173 sporto sal\u0117 vaikams atitinka kelis tarptautinius standartus - si\u016blo saugi\u0105 \u017eaidim\u0173 erdv\u0119. vaikams ir ramyb\u0119 t\u0117vams <\/li>\n<li> Pla\u010dios programos: leiskite savo vaikams \u017eaisti patalpose esant blogam orui ir laikykite juos atokiau nuo ekrano laiko \u0160i VEVOR medin\u0117 vidaus \u017eaidim\u0173 aik\u0161tel\u0117 vaikams skirta begaliniam patalp\u0173 linksmumui, idealiai tinka \u017eaidim\u0173 aik\u0161tel\u0117ms, kiemams, namams ir vaik\u0173 dar\u017eeliams <\/li>\n<li> Lengva surinkti: su savo moduliniu dizainu, i\u0161samiu vartotojo vadovu ir \u012ftrauktais \u012frankiais, m\u016bs\u0173 vidaus \u017eaidim\u0173 aik\u0161tel\u0117s laipiojimo \u017eaislus lengva surinkti. sekite instrukcijas ir per kelias minutes smagiai ir funkcionaliai papildysite savo namus. lygus pavir\u0161ius u\u017etikrina lengv\u0105 valym\u0105 ir prie\u017ei\u016br\u0105 be r\u016bpes\u010di\u0173 <\/li>\n<\/ul>","protected":false},"featured_media":442409,"comment_status":"open","ping_status":"open","template":"","meta":{"om_disable_all_campaigns":false,"_monsterinsights_skip_tracking":false,"_monsterinsights_sitenote_active":false,"_monsterinsights_sitenote_note":"","_monsterinsights_sitenote_category":0,"_uf_show_specific_survey":0,"_uf_disable_surveys":false},"location":[1935,1934],"product_brand":[],"product_cat":[2223,460,1378],"product_tag":[],"class_list":{"0":"post-224288","1":"product","2":"type-product","3":"status-publish","4":"has-post-thumbnail","6":"location-supplier_stock_location","7":"location-local_stock_location","8":"product_cat-indoor-playground-toys-games-sports-recreation","9":"product_cat-sports-recreation","10":"product_cat-toys-games-sports-recreation","12":"first","13":"instock","14":"taxable","15":"shipping-taxable","16":"purchasable","17":"product-type-simple"},"aioseo_notices":[],"jetpack_sharing_enabled":true,"locations":[{"id":1935,"name":"Pieg\u0101d\u0101t\u0101ja noliktav\u0101 (5-7d.d.)","slug":"supplier_stock_location","quantity":"6"},{"id":1934,"name":"R\u012bgas veikal\u0101 (0-2d.d.)","slug":"local_stock_location","quantity":"0"}],"_links":{"self":[{"href":"https:\/\/vevorshop.lv\/lt\/wp-json\/wp\/v2\/product\/224288","targetHints":{"allow":["GET"]}}],"collection":[{"href":"https:\/\/vevorshop.lv\/lt\/wp-json\/wp\/v2\/product"}],"about":[{"href":"https:\/\/vevorshop.lv\/lt\/wp-json\/wp\/v2\/types\/product"}],"replies":[{"embeddable":true,"href":"https:\/\/vevorshop.lv\/lt\/wp-json\/wp\/v2\/comments?post=224288"}],"wp:featuredmedia":[{"embeddable":true,"href":"https:\/\/vevorshop.lv\/lt\/wp-json\/wp\/v2\/media\/442409"}],"wp:attachment":[{"href":"https:\/\/vevorshop.lv\/lt\/wp-json\/wp\/v2\/media?parent=224288"}],"wp:term":[{"taxonomy":"location","embeddable":true,"href":"https:\/\/vevorshop.lv\/lt\/wp-json\/wp\/v2\/location?post=224288"},{"taxonomy":"product_brand","embeddable":true,"href":"https:\/\/vevorshop.lv\/lt\/wp-json\/wp\/v2\/product_brand?post=224288"},{"taxonomy":"product_cat","embeddable":true,"href":"https:\/\/vevorshop.lv\/lt\/wp-json\/wp\/v2\/product_cat?post=224288"},{"taxonomy":"product_tag","embeddable":true,"href":"https:\/\/vevorshop.lv\/lt\/wp-json\/wp\/v2\/product_tag?post=224288"}],"curies":[{"name":"wp","href":"https:\/\/api.w.org\/{rel}","templated":true}]}}