{"id":229402,"date":"2026-01-20T01:00:39","date_gmt":"2026-01-19T23:00:39","guid":{"rendered":"https:\/\/vevorshop.lv\/en_us\/Prece\/vevor-overlock-serger-sewing-machine-1250-stitches-min-3-4-thread-led-light-heavy-duty-frame-for-all-fabrics-white\/"},"modified":"2026-04-28T13:30:09","modified_gmt":"2026-04-28T10:30:09","slug":"vevor-overlock-serger-sewing-machine-1250-stitches-min-3-4-thread-led-light-heavy-duty-frame-for-all-fabrics-white","status":"publish","type":"product","link":"https:\/\/vevorshop.lv\/lt\/Prece\/vevor-overlock-serger-siuvimo-masina-1250-siuliu-min-3-4-sriegis-led-lengvas-sunkiuju-remas-visiems-audiniams-baltas\/","title":{"rendered":"VEVOR overloko siuvimo ma\u0161ina, 1250 dygsni\u0173\/min, 3\/4 si\u016blai, LED \u0161viesa, tvirtas r\u0117mas visiems audiniams, balta"},"content":{"rendered":"<div style=\"color: #fff!important; font-size: 16px; height: 24px; line-height: 24px; margin-top: -24px; \" class=\"product_original_name\">VEVOR Serger Overlock siuvimo ma\u0161ina, 1250 si\u016bli\u0173 per minut\u0119, 3 ir 4 sriegi\u0173 galimyb\u0117, su LED \u0161viesa ir stipriomis siurbimo p\u0117domis, sunki\u0173j\u0173 metalini\u0173 r\u0117m\u0173 siuvimo ma\u0161ina \u012fvairiems audiniams, balta<\/div>\n<div style=\"color: #fff!important; font-size: 16px; height: 24px; line-height: 24px; margin-top: -24px; \" class=\"product_sku\">MKLI1IKX<\/div>\n<div style=\"color: #fff!important; font-size: 16px; height: 24px; line-height: 24px; margin-top: -24px; \" class=\"product_mpn\">JYBFJJY4X34X3RNX9001V2<\/div><div id=\"js-DM_at-goodDescRich\"><html><head><style>  body {    font-family: Arial;    line-height: 1.5;    color: #1c1c1c;    overflow-x: hidden;    margin: 0;    padding: 0;  }  .MsoNormal b {    font-weight: bolder;  }<\/style><style>  .container.small {    width: 970px;    margin: 0 auto;  }  .logo {    margin: 0 auto 0;  }  .logo img {    display: block;    margin: 0 auto;    max-width: 100%;  }  .logo .pc-banner {    display: block;    width: 1200px;    height: 247.4px;    margin: 0 auto;  }  .logo .pc-banner.small {    width: 970px;  }  .logo .pc-banner.small img {    height: auto!important;  }  .logo .m-banner {    display: none;  }  .ytvideo {    position: relative;    height: 546px;    width: 100%;    margin: 0 auto;  }  .ytvideo img {    width: 100%;    margin: 0 auto;  }  .ytvideo .play-btn {    width: 60px;    height: 42px;    position: absolute;    top: 50%;    left: 50%;    transform: translate(-50%, -50%);    background: url(\"data:image\/png;base64,iVBORw0KGgoAAAANSUhEUgAAAGQAAABGCAMAAAANWMFbAAAC+lBMVEUAAADBGB3kLCfBGB3kLCfcJC7BFx3KKSbiKybkLCbWJCPSIiLSIiLPICHAFx3kLCfgKSXNHiDZJiTIGx\/p4eHcjo7LHSDbJyTkLCbjKyfOHyHPIiL28fHJHB\/GGh7EGR7eKCXDGB3RISHlLSbBGB3AFxzGHB7DGB7BGB3hKybkKybAFx3lLCfAFxzDGR3hKibDGB7cJyTmz8\/elJTlwcHjurrUIyLlLSflLSfAFx3DGR7lLSfCFx3hKibhKibhKybjKybkLCblLSfbJSX49vbx7e3NNzjNMTLMJyjVIyLZf3\/ZQ0LaeHjx0tLgoqLkLCfCGB3HGx\/BGB3BFx3PICHCGB7WJCLOHyC\/Fxy\/Fx3lLCfQISHkLSe\/FxzbJiTBFx3FGx\/AGB7BFx3EGR7AGB3HHSDfKiXAFh3TISHYNzbhKibbJyTTIiL57e325+f039\/v2NjUV1fOHiHiqanfmprch4feKSXVIyPOICHmLibFGh\/mLSe\/Fx7XJCPeKSXXJSPNHyHaJyTGGh7lLCbmLCflLSjSIiLkLCbdKSXLHiC\/GB3KHh++Fh3lKyfoLiXcKCPkx8fYb2\/XaGfVXl3aU1LLHiDksbHgKibPICHbJyTfKSXbJyTCGB3KHSDiKybFGh7TIiL\/\/\/\/VIyPRISHIHB\/GGx\/HHB\/DGR7gKibdKCXLHiDZJiTMHiDNHyHYJSTOICHPICHWJCPcKCXXJSPjLCblLCf+\/f3NGR\/uLijzLynPGR\/IGB7WISHaIyLLGh7UAADxLynNAADRLzDbICLQAADIAAD3MCrUHSHXMTDpKSbLAADp5OTij4\/ejo\/VLy\/1LyngJSTcJCPQHx\/OHB7+\/PzaMS\/OLS\/vLijrLSjSAADaNTPwLyjkKSbNJCbYISHPHB\/KGB7WAAD7+vrn3d3aKynTKCjoLCfsKifRGh\/YAADq5+fhjo7QNDXXKCfmJyXt5+fTLzDLLi\/QKivYHRvMGBrQJCXLISPMExXLDxLaEAvkkI\/bOTfaFQ\/SCgpvLcnHAAAAmnRSTlMA+vv7+gT9Bvf9+8z8\/NSv\/Pr5+P7++vnQIBMP\/v38\/Pn348XDiCYf9OjbzcqxXVcx\/fz8+\/rj1r2poo1+fXFqX0orGP7+\/v7+\/fz8+\/r68uzn4trIxsG\/vri3p6GcmZSNbWVYUUZEPQv+\/f39+\/v7+\/v7+vr64tvV1NTTz87FtbSurqeblJKFg4B3bUY+NjL7+\/v7+\/v67t1cDo8JLQAABkRJREFUWMO0kz9rwkAYh0OIeJkum6YugUAhISCdKoj\/P4C7SMdS+gEKIhSKil10LSg4mzXkILdlEpxCpwTiWOLX6BujvQaEQuGeHLnL+\/64J+SIcKGYTYWnntpdLjrVdqvZmNdn0+EE40GtpuuWVS6Xx6N7YDSGpWXpeq02wHgynM7q80az1a52HpddtVcpsi1zFARBrdaxbhp9iUReTGmwA4KAAr7vx3EYejnCMI6hQYEgy0LQi4jUN0wL19vqFcUC9\/1dAKmEEFkWRYkh5oBejnxQJiSJPJ\/uKBp0Thszx9Mw8hMRIQjKsptCfuES9zr5WJY6vSFCIvE9fCMUmEM1A1kSXcYGxgVYsvI1IPKTZciSTI0us\/SMGG04gDzELDoFBwdcFJrF88dqgYMTiL6DILWYyfOWE8\/kIz38olCNlC03FK95+imxp6y4oUSvAnBjHHhKNtotSDqJzVFiK8c2SBqhZtsrTtgrLXwAyduxZHNE26eHUt5rtuM4WSmds3G+sUdWYo1L+XyxButoh5eKUHk5lByO3G1LqqCWVnfrv\/lyPtf\/4ps1cndNGIri8J1TJ0lx6dR\/oPjq1nbRwdp2dCk4CtIOLW3pVKRL6WZfS5vF2KkIQhpwSsjiYIgNCs1gEMGqiIq24NQX9NwoXFy8Ufrl3twTcg4fv8T9\/JBEySduj6Mjm4bMzYV7EEOxKjjoNDud7yY3Dy71Hq2oLmqfbNR723edH9PgMrNL2utoQ3VmaIDkiw\/4w51P06hlZsTZvkRrbVuSIs\/zwSOsycgzStQouoAkWQqioRT5XI7n2Z1wfVhoZmcAJLsoqjqpjbWCgpOAJXBwHK8PzWbNvoUZJND5wCnSkLAkZ1legx6vqQzjoiTahKlGUGLAiIIoABOHaNVw4sexZBym6\/HWlH5h3IC7yRbxtipcWxdTOkORKiNQAEkFf66x5S2oeRbroOlLgg0sSYkR0hRGEqJZ0jTPiQKatESdBckpWigxaapEH0lImHdWu9pUFF2XqMNM2Z4kped7IwEJw2qabwtrQqnpw6HyKkgcadKWsmpywwesDyIhYRpdzXddqegtGIJlXbAIUMOLkGxJUjRIkokwjUaX9d\/kK62ps\/tYUqZLIMkLTyBhsMZ3C5Z\/kDxOSCb\/DOs\/\/J0qcWSX\/2ipe56EgTCA4\/cB7NAYOsni4mZM1MUPAISoEwkDi4lhVBQ1cWQyIcwalw4EpqZN68JUSK7XC0kTlkLYii5uXSC8jT5ncCAS7mjCv0uHp\/3lueHEEAeQ\/\/VgmdN71\/2uCSA1Xr6DO6uI6sW56zqT2tp2PhgiRUAajV8CY2fkcz6WGNKMgLAt7tJAhD4YHMTeRxlALE6+43WqjSWi8ITxyJl8WrwWSNESQZZOqhDDntO3hJLsd5RtSpbJqdv3YrDJH3F7jL1R2O2aQkn2MyCyKYz0GPGIvSAMgBCrCEiJyKbBaYGwLW4uPRr0A0M4Ux5kUI7IBh+hMdiCEWNqhMZGyYMsOgNE58UQuEQeUnSWCMYwL54hkxK6IoqucQZbQ3pc3XtL0lky1dL0zZJJDpWJovFqpWj6JEHnyam2eQp5QRVAVHjWparTOaVwUOx99YS2MvgxIGV0bb+qIg2HX2qkFFJB+XZcbLiuRkuxD9GRroKyveLxdh4d7Orx+hb7qc3uVRuEogCOnyIxm4ubUoPgF4jianDrC+SDQDKEfJb0GUKmjCGPYHGJvVC6X4hw1\/sAfQAdfYyephIaspXe36RwOP+Ljvfx9B6B3i+Nk0DGq+oCbLn6JpBa9nWAveAIHwFAwtVcIJXPMPL8kRu5OAYPMaL1WScTxjiZDqB9LTJSWphow\/pTYKRTLjCBhvi9iBidvKcDasGSm0QQkycYuLBqj6QCELPctqChDWpTRMWkngNNpQ1Pfp1KkiT\/Y0DGffXAweUNfLAfaJFKDwhb6I+bkYRbkERoEeu3Fyjg2opMz2daZCS9jt6Q7txNfB+OZEVF6Zl5web2xunnLQrtrjXseXKaFYziYINeMFZVxS9VxRhOoesYwxPKXm+gWLG9cuFeq93UNNeJNsf1KlwuDok9n02n3TgIJpOxNfL9naIoQwXtfH9kjceTIIi709ncTg6LZbg+biLH1V6u\/7rxBem06VXKn9raAAAAAElFTkSuQmCC\")      no-repeat center center \/ contain;  }  @media screen and (max-width: 960px) and (orientation: portrait) {    .logo {      width: 100%;    }    .logo .pc-banner {      display: none;    }    .logo .m-banner {      display: block;      width: 100%;    }    .logo .m-banner img {      height: auto!important;    }    .ytvideo {      height: 200px;      width: 100%;    }  }<\/style><style>  .video-section {    width: 100%;    margin: 0 auto;  }  .video-section > img {    width: 100%;  }  .video-section iframe,  .video-section video {    width: 100%;    height: 100%;      }  .video-section-img-m,  .video-section-img-pc > img {    width: 100%;    height: auto;  }  .video-section-img-pc.small > img {    width: 970px;  }  .video-desc {    line-height: 1.5;    font-size: 20px;    font-weight: 400;    margin: 20px 0;    text-align: center;    color: #0f1111;    word-break: break-word;  }  @media screen and (max-width: 960px) and (orientation: portrait) {    .video-section {      width: 100%;    }    .video-section-pc,    .video-section-img-pc {      display: none;    }    .video-section-m,    .video-section-img-m {      display: block;    }    .video-desc {      font-size: 15px;    }  }  @media screen and (min-width: 960px) {    .video-section {      width: 100%;      margin: 0 auto;    }    .video-section-pc,    .video-section-img-pc {      display: block;    }    .video-section-m,    .video-section-img-m {      display: none;    }    .video-desc {      font-size: 20px;    }  }<\/style><style>  .section + .section {    margin-top: 35px;  }  .section-title {    text-align: center;    font-weight: bold;    color: #0d1111;    font-family: \"Arial\";    font-size: 32px;    margin: 15px 0;  }  .section-title:empty {    display: none;  }  .section-desc {    text-align: center;    font-weight: normal;    color: #0d1111;    margin-top: 20px;  }  .section-desc:empty {    display: none;  }  .section-img {    width: 1200px;    height: 492px;    margin: 0 auto;    display: block;  }  .section-img.small {    width: 970px;    height: auto;  }  .section-img.small > img {    height: auto;  }  .section-img > img {    width: 100%;    height: 100%;  }  .section-mobile-img {    display: none;    max-width: 100vw;    max-height: 75vw;    height: 450px;    margin: 0 auto;  }  .section-mobile-img > img {    width: 100%;    height: 100%;  }  @media screen and (max-width: 960px) and (orientation: portrait) {    .container {      width: 100%;    }    .container.small {      width: 100%;    }    .section-mobile-img {      display: block;    }    .section-img {      display: none;    }    .section-title {      font-size: 22px;      margin: 10px 0;    }    .section-desc {      margin-top: 10px;    }    .section + .section {      margin-top: 20px;    }  }<\/style><\/head><body><div class=\"container\"><div class=\"logo\"><div class=\"pc-banner\"><div><img decoding=\"async\" src=\"\/vevor\/vevor\/boutique-banner\/pc\/en-pc@1x.jpg\" style=\"width: 100%;\" \/><\/div><\/div><div class=\"m-banner\"><div><img decoding=\"async\" src=\"\/vevor\/vevor\/boutique-banner\/mobile\/en-m@1x.jpg\" style=\"width: 100%;\" \/><\/div><\/div><\/div><div class=\"section-title\">Patirkite skland\u017ei\u0105, profesionali\u0105 apdail\u0105 naudodami Serger siuvimo ma\u0161in\u0105<\/div><div class=\"video-section\"><div class=\"video-section-img-pc\"><img decoding=\"async\" src=\"\/vevor\/product\/JYBFJJY4X34X3RNX9001\/overlock-machine-a100-1.4.jpg\" \/><\/div><div class=\"video-section-img-m\"><img decoding=\"async\" src=\"\/vevor\/product\/JYBFJJY4X34X3RNX9001\/overlock-machine-a100-1.4-m.jpg\" \/><\/div><div class=\"section-desc\">\u0160i siuvimo ma\u0161ina su ser\u017eeru pasi\u017eymi lanks\u010diomis 3 ir 4 sriegi\u0173 konfig\u016bracijomis kartu su reguliuojamu dygsnio ilgiu ir plo\u010diu Nesvarbu, ar atliekate paprast\u0105 remont\u0105, ar detali\u0105 briaun\u0173 apdail\u0105, ji skland\u017eiai prisitaiko prie daugyb\u0117s siuvimo u\u017eduo\u010di\u0173.<\/div><\/div><div class=\"section\"><div class=\"section-title\"><\/div><div class=\"section-img\"><img decoding=\"async\" src=\"\/vevor\/product\/JYBFJJY4X34X3RNX9001\/overlock-machine-a100-2.2.jpg\" \/><\/div><div class=\"section-mobile-img\"><img decoding=\"async\" src=\"\/vevor\/product\/JYBFJJY4X34X3RNX9001\/overlock-machine-a100-2.2-m.jpg\" \/><\/div><div class=\"section-desc\">Su grei\u010diu iki 1250 si\u016bli\u0173 per minut\u0119, \u0161i overlock siuvimo ma\u0161ina padeda u\u017ebaigti projektus per trumpesn\u012f laik\u0105 Galingas 112W variklis padeda sutrumpinti bendr\u0105 darbo laik\u0105 ir leid\u017eia grei\u010diau u\u017ebaigti projektus.<\/div><\/div><div class=\"section\"><div class=\"section-title\"><\/div><div class=\"section-img\"><img decoding=\"async\" src=\"\/vevor\/product\/JYBFJJY4X34X3RNX9001\/overlock-machine-a100-2.3.jpg\" \/><\/div><div class=\"section-mobile-img\"><img decoding=\"async\" src=\"\/vevor\/product\/JYBFJJY4X34X3RNX9001\/overlock-machine-a100-2.3-m.jpg\" \/><\/div><div class=\"section-desc\">Pagaminta su gele\u017eies ir plastiko korpusu, \u0161i ser\u017eerin\u0117 overlokin\u0117 ma\u0161ina u\u017etikrina puik\u0173 tvirtum\u0105 ir atsparum\u0105 sm\u016bgiams stabiliam, ma\u017eai vibraciniam veikimui. Jo nusid\u0117v\u0117jimui atspari konstrukcija palaiko ilgalaik\u012f naudojim\u0105, suteikia jums patikim\u0105 veikim\u0105 ir laikui b\u0117gant suma\u017eina keitimo i\u0161laidas.<\/div><\/div><div class=\"section\"><div class=\"section-title\"><\/div><div class=\"section-img\"><img decoding=\"async\" src=\"\/vevor\/product\/JYBFJJY4X34X3RNX9001\/overlock-machine-a100-2.4.jpg\" \/><\/div><div class=\"section-mobile-img\"><img decoding=\"async\" src=\"\/vevor\/product\/JYBFJJY4X34X3RNX9001\/overlock-machine-a100-2.4-m.jpg\" \/><\/div><div class=\"section-desc\">Serger ma\u0161inos spalvomis pa\u017eym\u0117ti sriegimo kreiptuvai leid\u017eia nustatyti ai\u0161ki\u0105 ir intuityvi\u0105, suderindami kiekvien\u0105 srieg\u012f su jam skirtu keliu. ry\u0161ki LED lemput\u0117 ir reguliuojama prispaud\u017eiamoji kojel\u0117 padeda i\u0161laikyti ai\u0161k\u0173 matomum\u0105 ir stabil\u0173 valdym\u0105 dirbant su \u012fvairaus storio audiniais.<\/div><\/div><div class=\"section\"><div class=\"section-title\"><\/div><div class=\"section-img\"><img decoding=\"async\" src=\"\/vevor\/product\/JYBFJJY4X34X3RNX9001\/overlock-machine-a100-2.5.jpg\" \/><\/div><div class=\"section-mobile-img\"><img decoding=\"async\" src=\"\/vevor\/product\/JYBFJJY4X34X3RNX9001\/overlock-machine-a100-2.5-m.jpg\" \/><\/div><div class=\"section-desc\">Su keliomis dygsnio parinktimis \u201e\u012fskaitant overlok\u0105, susukt\u0105 apvad\u0105, apvad\u0105 ir salot\u0173 apvad\u0105 - \u0161i overlok\u0173 ma\u0161ina puikiai prisitaiko prie skirting\u0173 k\u016brybini\u0173 stili\u0173. ji taip pat lengvai tvarko subtilius permatomus audinius, kaip ir sunkesn\u012f d\u017eins\u0105.<\/div><\/div><div class=\"section\"><div class=\"section-img\"><img decoding=\"async\" src=\"\/vevor\/product\/JYBFJJY4X34X3RNX9001\/overlock-machine-a100-1.11.jpg\" \/><\/div><div class=\"section-mobile-img\"><img decoding=\"async\" src=\"\/vevor\/product\/JYBFJJY4X34X3RNX9001\/overlock-machine-a100-1.11-m.jpg\" \/><\/div><\/div><\/div><\/body><\/html><\/div>\n<div class=\"DM_at-title\" id=\"js-DM_at-title\"> <div>Produkto specifikacija<\/div> <i class=\"icon-arrowup_line\"><\/i> <\/div><div class=\"DM_at-goodsDescAttr\" id=\"js-DM_at-goodsDescAttr\"> <div class=\"DM_at-goodsDescAttrInner\"> <dl class=\"goodsDesc_item goodsDesc_item_even\"> <dt>Prek\u0117s Modelio Numeris<\/dt> <dd> 4-434<\/dd> <\/dl> <dl class=\"goodsDesc_item\"> <dt>Siuvimo Greitis<\/dt> <dd> 1200\u00b150 SPM<\/dd> <\/dl> <dl class=\"goodsDesc_item goodsDesc_item_even\"> <dt>Nominali Galia<\/dt> <dd> 112W<\/dd> <\/dl> <dl class=\"goodsDesc_item\"> <dt>Dygsnio parinktys<\/dt> <dd> 3\/4 si\u016blai<\/dd> <\/dl> <dl class=\"goodsDesc_item goodsDesc_item_even\"> <dt>Max Dygsnio plotis<\/dt> <dd> 0,26 colio \/ 6,5 mm<\/dd> <\/dl> <dl class=\"goodsDesc_item\"> <dt>Adatos tipas<\/dt> <dd> 90(14)#<\/dd> <\/dl> <dl class=\"goodsDesc_item goodsDesc_item_even\"> <dt>Dygsnio ilgis<\/dt> <dd> 0,04-0,16 colio \/ 1:4 mm<\/dd> <\/dl> <dl class=\"goodsDesc_item\"> <dt>Max Siuvimo Storis<\/dt> <dd> 0,14 in \/ 3,5mm<\/dd> <\/dl> <dl class=\"goodsDesc_item goodsDesc_item_even\"> <dt>LED \u0160viesos Galia<\/dt> <dd> 2W<\/dd> <\/dl> <dl class=\"goodsDesc_item\"> <dt>Spalva<\/dt> <dd> Balta<\/dd> <\/dl> <dl class=\"goodsDesc_item goodsDesc_item_even\"> <dt>Gaminio Dydis<\/dt> <dd> 10,24 x 10,63 x 10,63 in \/ 260 x 270 x 270 mm<\/dd> <\/dl> <dl class=\"goodsDesc_item\"> <dt>Neto Svoris<\/dt> <dd> 17,75 svaro \/ 8,05 kg<\/dd> <\/dl> <\/div> <\/div>","protected":false},"excerpt":{"rendered":"<ul>\n<li> 3\/4-Si\u016bl\u0173 universalumas: m\u016bs\u0173 siuvimo ma\u0161ina su segtuvu pasi\u017eymi lanks\u010diu 3\/4 sriegio nustatymu su reguliuojamu dygsnio ilgiu ir plo\u010diu - puikiai tinka paprastam remontui, \u0161variai briaun\u0173 apdailai ir \u012fvairioms siuvimo u\u017eduotims <\/li>\n<li> Didelio grei\u010dio, galingas siuvimas: \u0161i overlokin\u0117 siuvimo ma\u0161ina u\u017etikrina iki 1250 SPM kartu su stipriu 112 W varikliu, kad b\u016bt\u0173 galima greitai ir nuosekliai susiuvant. padeda greitai ir efektyviai u\u017ebaigti projektus <\/li>\n<li> Ilgai tarnaujanti gele\u017eies konstrukcija: Serger overlock ma\u0161ina yra pagaminta su gele\u017eies ir plastiko korpusu, kad b\u016bt\u0173 u\u017etikrintas stiprumas, stabilumas ir ilgalaikis patikimumas. D\u0117l ma\u017eos vibracijos ir puikios dilimo tolerancijos ji yra ilgalaikis siuvimo kompanionas, kartu padedantis suma\u017einti i\u0161laidas <\/li>\n<li> Naudotojui patogios savyb\u0117s: spalvomis pa\u017eym\u0117tas ser\u017eavimo ma\u0161inos sriegis palengvina ir intuityviai nustato ry\u0161ki\u0105 LED lemput\u0119 ir reguliuojam\u0105 p\u0117del\u0119, u\u017etikrinan\u010di\u0105 ai\u0161k\u0173 matomum\u0105 ir pastov\u0173 valdym\u0105 skirtingo storio audiniuose <\/li>\n<li> \u012evairiapusi\u0161kos dygsnio parinktys: M\u016bs\u0173 overlokas palaiko kelis dygsnio stilius, \u012fskaitant overlok\u0105, susukt\u0105 apvad\u0105, apvad\u0105 ir salot\u0173 apvad\u0105 - idealus audiniams nuo permatom\u0173 audini\u0173 iki sunkaus d\u017einso <\/li>\n<\/ul>","protected":false},"featured_media":446909,"comment_status":"open","ping_status":"open","template":"","meta":{"om_disable_all_campaigns":false,"_uf_show_specific_survey":0,"_uf_disable_surveys":false},"location":[1935,1934],"product_brand":[],"product_cat":[68,176,1712],"product_tag":[],"class_list":{"0":"post-229402","1":"product","2":"type-product","3":"status-publish","4":"has-post-thumbnail","6":"location-supplier_stock_location","7":"location-local_stock_location","8":"product_cat-arts-crafts-sewing","9":"product_cat-sewing","10":"product_cat-sewing-machine","12":"first","13":"instock","14":"taxable","15":"shipping-taxable","16":"purchasable","17":"product-type-simple"},"aioseo_notices":[],"locations":[{"id":1935,"name":"Pieg\u0101d\u0101t\u0101ja noliktav\u0101 (5-7d.d.)","slug":"supplier_stock_location","quantity":"1"},{"id":1934,"name":"R\u012bgas veikal\u0101 (0-2d.d.)","slug":"local_stock_location","quantity":"0"}],"_links":{"self":[{"href":"https:\/\/vevorshop.lv\/lt\/wp-json\/wp\/v2\/product\/229402","targetHints":{"allow":["GET"]}}],"collection":[{"href":"https:\/\/vevorshop.lv\/lt\/wp-json\/wp\/v2\/product"}],"about":[{"href":"https:\/\/vevorshop.lv\/lt\/wp-json\/wp\/v2\/types\/product"}],"replies":[{"embeddable":true,"href":"https:\/\/vevorshop.lv\/lt\/wp-json\/wp\/v2\/comments?post=229402"}],"wp:featuredmedia":[{"embeddable":true,"href":"https:\/\/vevorshop.lv\/lt\/wp-json\/wp\/v2\/media\/446909"}],"wp:attachment":[{"href":"https:\/\/vevorshop.lv\/lt\/wp-json\/wp\/v2\/media?parent=229402"}],"wp:term":[{"taxonomy":"location","embeddable":true,"href":"https:\/\/vevorshop.lv\/lt\/wp-json\/wp\/v2\/location?post=229402"},{"taxonomy":"product_brand","embeddable":true,"href":"https:\/\/vevorshop.lv\/lt\/wp-json\/wp\/v2\/product_brand?post=229402"},{"taxonomy":"product_cat","embeddable":true,"href":"https:\/\/vevorshop.lv\/lt\/wp-json\/wp\/v2\/product_cat?post=229402"},{"taxonomy":"product_tag","embeddable":true,"href":"https:\/\/vevorshop.lv\/lt\/wp-json\/wp\/v2\/product_tag?post=229402"}],"curies":[{"name":"wp","href":"https:\/\/api.w.org\/{rel}","templated":true}]}}