{"id":229829,"date":"2026-01-22T00:57:48","date_gmt":"2026-01-21T22:57:48","guid":{"rendered":"https:\/\/vevorshop.lv\/en_us\/Prece\/vevor-large-metal-chicken-coop-3x5-9x2-m-outdoor-walk-in-poultry-cage-with-cover-lock-for-chickens-ducks-rabbits\/"},"modified":"2026-04-06T16:51:13","modified_gmt":"2026-04-06T13:51:13","slug":"vevor-large-metal-chicken-coop-3x5-9x2-m-outdoor-walk-in-poultry-cage-with-cover-lock-for-chickens-ducks-rabbits","status":"publish","type":"product","link":"https:\/\/vevorshop.lv\/lt\/Prece\/vevor-didelis-metalinis-vistide-3x5-9x2-m-pasivaiksciojimas-lauke-naminiu-pauksciu-narve-su-dangteliu-uzraktu-visciukams-antys-triusiai\/","title":{"rendered":"VEVOR Didelis metalinis vi\u0161tienos kopas 3\u00d75,9\u00d72 m, Lauko vaik\u0161tomas namini\u0173 pauk\u0161\u010di\u0173 narvas su dangteliu ir u\u017eraktu vi\u0161toms, antims, triu\u0161iams"},"content":{"rendered":"<div style=\"color: #fff!important; font-size: 16px; height: 24px; line-height: 24px; margin-top: -24px; \" class=\"product_original_name\">VEVOR Metal Chicken Coop, 9,8x19,3x6,5 p\u0117dos Didelis vi\u0161tienos b\u0117gimas su dangteliu, Doom stogo vi\u0161tienos nam\u0173 aptvaras su apsaugine spyna, lauko an\u010di\u0173 triu\u0161i\u0173 narvo pauk\u0161tienos ra\u0161iklis kiemui, \u016bkiui, kiemui<\/div>\n<div style=\"color: #fff!important; font-size: 16px; height: 24px; line-height: 24px; margin-top: -24px; \" class=\"product_sku\">MKNUPMIAI<\/div>\n<div style=\"color: #fff!important; font-size: 16px; height: 24px; line-height: 24px; margin-top: -24px; \" class=\"product_mpn\">JSJS362MYDDMJKCOH001V0<\/div><div id=\"js-DM_at-goodDescRich\"><html><head><style>  body {    font-family: Arial;    line-height: 1.5;    color: #1c1c1c;    overflow-x: hidden;    margin: 0;    padding: 0;  }  .MsoNormal b {    font-weight: bolder;  }<\/style><style>  .container.small {    width: 970px;    margin: 0 auto;  }  .logo {    margin: 0 auto 0;  }  .logo img {    display: block;    margin: 0 auto;    max-width: 100%;  }  .logo .pc-banner {    display: block;    width: 1200px;    height: 247.4px;    margin: 0 auto;  }  .logo .pc-banner.small {    width: 970px;  }  .logo .pc-banner.small img {    height: auto!important;  }  .logo .m-banner {    display: none;  }  .ytvideo {    position: relative;    height: 546px;    width: 100%;    margin: 0 auto;  }  .ytvideo img {    width: 100%;    margin: 0 auto;  }  .ytvideo .play-btn {    width: 60px;    height: 42px;    position: absolute;    top: 50%;    left: 50%;    transform: translate(-50%, -50%);    background: url(\"data:image\/png;base64,iVBORw0KGgoAAAANSUhEUgAAAGQAAABGCAMAAAANWMFbAAAC+lBMVEUAAADBGB3kLCfBGB3kLCfcJC7BFx3KKSbiKybkLCbWJCPSIiLSIiLPICHAFx3kLCfgKSXNHiDZJiTIGx\/p4eHcjo7LHSDbJyTkLCbjKyfOHyHPIiL28fHJHB\/GGh7EGR7eKCXDGB3RISHlLSbBGB3AFxzGHB7DGB7BGB3hKybkKybAFx3lLCfAFxzDGR3hKibDGB7cJyTmz8\/elJTlwcHjurrUIyLlLSflLSfAFx3DGR7lLSfCFx3hKibhKibhKybjKybkLCblLSfbJSX49vbx7e3NNzjNMTLMJyjVIyLZf3\/ZQ0LaeHjx0tLgoqLkLCfCGB3HGx\/BGB3BFx3PICHCGB7WJCLOHyC\/Fxy\/Fx3lLCfQISHkLSe\/FxzbJiTBFx3FGx\/AGB7BFx3EGR7AGB3HHSDfKiXAFh3TISHYNzbhKibbJyTTIiL57e325+f039\/v2NjUV1fOHiHiqanfmprch4feKSXVIyPOICHmLibFGh\/mLSe\/Fx7XJCPeKSXXJSPNHyHaJyTGGh7lLCbmLCflLSjSIiLkLCbdKSXLHiC\/GB3KHh++Fh3lKyfoLiXcKCPkx8fYb2\/XaGfVXl3aU1LLHiDksbHgKibPICHbJyTfKSXbJyTCGB3KHSDiKybFGh7TIiL\/\/\/\/VIyPRISHIHB\/GGx\/HHB\/DGR7gKibdKCXLHiDZJiTMHiDNHyHYJSTOICHPICHWJCPcKCXXJSPjLCblLCf+\/f3NGR\/uLijzLynPGR\/IGB7WISHaIyLLGh7UAADxLynNAADRLzDbICLQAADIAAD3MCrUHSHXMTDpKSbLAADp5OTij4\/ejo\/VLy\/1LyngJSTcJCPQHx\/OHB7+\/PzaMS\/OLS\/vLijrLSjSAADaNTPwLyjkKSbNJCbYISHPHB\/KGB7WAAD7+vrn3d3aKynTKCjoLCfsKifRGh\/YAADq5+fhjo7QNDXXKCfmJyXt5+fTLzDLLi\/QKivYHRvMGBrQJCXLISPMExXLDxLaEAvkkI\/bOTfaFQ\/SCgpvLcnHAAAAmnRSTlMA+vv7+gT9Bvf9+8z8\/NSv\/Pr5+P7++vnQIBMP\/v38\/Pn348XDiCYf9OjbzcqxXVcx\/fz8+\/rj1r2poo1+fXFqX0orGP7+\/v7+\/fz8+\/r68uzn4trIxsG\/vri3p6GcmZSNbWVYUUZEPQv+\/f39+\/v7+\/v7+vr64tvV1NTTz87FtbSurqeblJKFg4B3bUY+NjL7+\/v7+\/v67t1cDo8JLQAABkRJREFUWMO0kz9rwkAYh0OIeJkum6YugUAhISCdKoj\/P4C7SMdS+gEKIhSKil10LSg4mzXkILdlEpxCpwTiWOLX6BujvQaEQuGeHLnL+\/64J+SIcKGYTYWnntpdLjrVdqvZmNdn0+EE40GtpuuWVS6Xx6N7YDSGpWXpeq02wHgynM7q80az1a52HpddtVcpsi1zFARBrdaxbhp9iUReTGmwA4KAAr7vx3EYejnCMI6hQYEgy0LQi4jUN0wL19vqFcUC9\/1dAKmEEFkWRYkh5oBejnxQJiSJPJ\/uKBp0Thszx9Mw8hMRIQjKsptCfuES9zr5WJY6vSFCIvE9fCMUmEM1A1kSXcYGxgVYsvI1IPKTZciSTI0us\/SMGG04gDzELDoFBwdcFJrF88dqgYMTiL6DILWYyfOWE8\/kIz38olCNlC03FK95+imxp6y4oUSvAnBjHHhKNtotSDqJzVFiK8c2SBqhZtsrTtgrLXwAyduxZHNE26eHUt5rtuM4WSmds3G+sUdWYo1L+XyxButoh5eKUHk5lByO3G1LqqCWVnfrv\/lyPtf\/4ps1cndNGIri8J1TJ0lx6dR\/oPjq1nbRwdp2dCk4CtIOLW3pVKRL6WZfS5vF2KkIQhpwSsjiYIgNCs1gEMGqiIq24NQX9NwoXFy8Ufrl3twTcg4fv8T9\/JBEySduj6Mjm4bMzYV7EEOxKjjoNDud7yY3Dy71Hq2oLmqfbNR723edH9PgMrNL2utoQ3VmaIDkiw\/4w51P06hlZsTZvkRrbVuSIs\/zwSOsycgzStQouoAkWQqioRT5XI7n2Z1wfVhoZmcAJLsoqjqpjbWCgpOAJXBwHK8PzWbNvoUZJND5wCnSkLAkZ1legx6vqQzjoiTahKlGUGLAiIIoABOHaNVw4sexZBym6\/HWlH5h3IC7yRbxtipcWxdTOkORKiNQAEkFf66x5S2oeRbroOlLgg0sSYkR0hRGEqJZ0jTPiQKatESdBckpWigxaapEH0lImHdWu9pUFF2XqMNM2Z4kped7IwEJw2qabwtrQqnpw6HyKkgcadKWsmpywwesDyIhYRpdzXddqegtGIJlXbAIUMOLkGxJUjRIkokwjUaX9d\/kK62ps\/tYUqZLIMkLTyBhsMZ3C5Z\/kDxOSCb\/DOs\/\/J0qcWSX\/2ipe56EgTCA4\/cB7NAYOsni4mZM1MUPAISoEwkDi4lhVBQ1cWQyIcwalw4EpqZN68JUSK7XC0kTlkLYii5uXSC8jT5ncCAS7mjCv0uHp\/3lueHEEAeQ\/\/VgmdN71\/2uCSA1Xr6DO6uI6sW56zqT2tp2PhgiRUAajV8CY2fkcz6WGNKMgLAt7tJAhD4YHMTeRxlALE6+43WqjSWi8ITxyJl8WrwWSNESQZZOqhDDntO3hJLsd5RtSpbJqdv3YrDJH3F7jL1R2O2aQkn2MyCyKYz0GPGIvSAMgBCrCEiJyKbBaYGwLW4uPRr0A0M4Ux5kUI7IBh+hMdiCEWNqhMZGyYMsOgNE58UQuEQeUnSWCMYwL54hkxK6IoqucQZbQ3pc3XtL0lky1dL0zZJJDpWJovFqpWj6JEHnyam2eQp5QRVAVHjWparTOaVwUOx99YS2MvgxIGV0bb+qIg2HX2qkFFJB+XZcbLiuRkuxD9GRroKyveLxdh4d7Orx+hb7qc3uVRuEogCOnyIxm4ubUoPgF4jianDrC+SDQDKEfJb0GUKmjCGPYHGJvVC6X4hw1\/sAfQAdfYyephIaspXe36RwOP+Ljvfx9B6B3i+Nk0DGq+oCbLn6JpBa9nWAveAIHwFAwtVcIJXPMPL8kRu5OAYPMaL1WScTxjiZDqB9LTJSWphow\/pTYKRTLjCBhvi9iBidvKcDasGSm0QQkycYuLBqj6QCELPctqChDWpTRMWkngNNpQ1Pfp1KkiT\/Y0DGffXAweUNfLAfaJFKDwhb6I+bkYRbkERoEeu3Fyjg2opMz2daZCS9jt6Q7txNfB+OZEVF6Zl5web2xunnLQrtrjXseXKaFYziYINeMFZVxS9VxRhOoesYwxPKXm+gWLG9cuFeq93UNNeJNsf1KlwuDok9n02n3TgIJpOxNfL9naIoQwXtfH9kjceTIIi709ncTg6LZbg+biLH1V6u\/7rxBem06VXKn9raAAAAAElFTkSuQmCC\")      no-repeat center center \/ contain;  }  @media screen and (max-width: 960px) and (orientation: portrait) {    .logo {      width: 100%;    }    .logo .pc-banner {      display: none;    }    .logo .m-banner {      display: block;      width: 100%;    }    .logo .m-banner img {      height: auto!important;    }    .ytvideo {      height: 200px;      width: 100%;    }  }<\/style><style>  .video-section {    width: 100%;    margin: 0 auto;  }  .video-section > img {    width: 100%;  }  .video-section iframe,  .video-section video {    width: 100%;    height: 100%;      }  .video-section-img-m,  .video-section-img-pc > img {    width: 100%;    height: auto;  }  .video-section-img-pc.small > img {    width: 970px;  }  .video-desc {    line-height: 1.5;    font-size: 20px;    font-weight: 400;    margin: 20px 0;    text-align: center;    color: #0f1111;    word-break: break-word;  }  @media screen and (max-width: 960px) and (orientation: portrait) {    .video-section {      width: 100%;    }    .video-section-pc,    .video-section-img-pc {      display: none;    }    .video-section-m,    .video-section-img-m {      display: block;    }    .video-desc {      font-size: 15px;    }  }  @media screen and (min-width: 960px) {    .video-section {      width: 100%;      margin: 0 auto;    }    .video-section-pc,    .video-section-img-pc {      display: block;    }    .video-section-m,    .video-section-img-m {      display: none;    }    .video-desc {      font-size: 20px;    }  }<\/style><style>  .section + .section {    margin-top: 35px;  }  .section-title {    text-align: center;    font-weight: bold;    color: #0d1111;    font-family: \"Arial\";    font-size: 32px;    margin: 15px 0;  }  .section-title:empty {    display: none;  }  .section-desc {    text-align: center;    font-weight: normal;    color: #0d1111;    margin-top: 20px;  }  .section-desc:empty {    display: none;  }  .section-img {    width: 1200px;    height: 492px;    margin: 0 auto;    display: block;  }  .section-img.small {    width: 970px;    height: auto;  }  .section-img.small > img {    height: auto;  }  .section-img > img {    width: 100%;    height: 100%;  }  .section-mobile-img {    display: none;    max-width: 100vw;    max-height: 75vw;    height: 450px;    margin: 0 auto;  }  .section-mobile-img > img {    width: 100%;    height: 100%;  }  @media screen and (max-width: 960px) and (orientation: portrait) {    .container {      width: 100%;    }    .container.small {      width: 100%;    }    .section-mobile-img {      display: block;    }    .section-img {      display: none;    }    .section-title {      font-size: 22px;      margin: 10px 0;    }    .section-desc {      margin-top: 10px;    }    .section + .section {      margin-top: 20px;    }  }<\/style><\/head><body><div class=\"container small\"><div class=\"logo\"><div class=\"pc-banner small\"><div><img decoding=\"async\" src=\"\/vevor\/vevor\/boutique-banner\/pc\/en-pc@1x.jpg\" style=\"width: 100%;\" \/><\/div><\/div><div class=\"m-banner\"><div><img decoding=\"async\" src=\"\/vevor\/vevor\/boutique-banner\/mobile\/en-m@1x.jpg\" style=\"width: 100%;\" \/><\/div><\/div><\/div><div class=\"section-title\">Saugus Prieglobstis Naminiai pauk\u0161\u010diai<\/div><div class=\"video-section\"><div class=\"video-section-img-pc small\"><img decoding=\"async\" src=\"\/vevor\/product\/JSJS362MYDDMJKCOH001\/metal-chicken-coop-a100-1.4-pt.jpg\" \/><\/div><div class=\"video-section-img-m\"><img decoding=\"async\" src=\"\/vevor\/product\/JSJS362MYDDMJKCOH001\/metal-chicken-coop-a100-1.4-pt.jpg\" \/><\/div><div class=\"section-desc\">M\u016bs\u0173 metalinis vi\u0161tid\u0117s pagamintas i\u0161 cinkuoto plieno vamzd\u017ei\u0173, i\u0161bandytas nuo druskos pur\u0161kimo, kad b\u016bt\u0173 i\u0161vengta r\u016bd\u017ei\u0173. Tai u\u017etikrina saug\u0173 ir jauk\u0173 auk\u0161tos kokyb\u0117s namus j\u016bs\u0173 vi\u0161\u010diukams, nesvarbu, ar lietus ar blizgesys.<\/div><\/div><div class=\"section\"><div class=\"section-title\"><\/div><div class=\"section-img small\"><img decoding=\"async\" src=\"\/vevor\/product\/JSJS362MYDDMJKCOH001\/metal-chicken-coop-a100-2.2-pt.jpg\" \/><\/div><div class=\"section-mobile-img\"><img decoding=\"async\" src=\"\/vevor\/product\/JSJS362MYDDMJKCOH001\/metal-chicken-coop-a100-2.2-pt.jpg\" \/><\/div><div class=\"section-desc\">Su 1&#034; storio plieno vamzd\u017eiai ir \u0161e\u0161iakampe apsauginiai tinkleliai, tai vaik\u0161\u010dioti vi\u0161tienos paleisti si\u016blo tvirt\u0105 param\u0105 ir apsaug\u0105, u\u017etikrinti, kad naminiai pauk\u0161\u010diai gali laisvai vaik\u0161\u010dioti \u012f saugi\u0105 aplink\u0105.<\/div><\/div><div class=\"section\"><div class=\"section-title\"><\/div><div class=\"section-img small\"><img decoding=\"async\" src=\"\/vevor\/product\/JSJS362MYDDMJKCOH001\/metal-chicken-coop-a100-2.3-pt.jpg\" \/><\/div><div class=\"section-mobile-img\"><img decoding=\"async\" src=\"\/vevor\/product\/JSJS362MYDDMJKCOH001\/metal-chicken-coop-a100-2.3-pt.jpg\" \/><\/div><div class=\"section-desc\">Didelis vi\u0161tienos b\u0117gimas yra suprojektuotas su keturi\u0173 pusi\u0173 ventiliacija, kad suma\u017eint\u0173 kvap\u0105. Nepamir\u0161kite i\u0161valyti \u017eiem\u0105 besikaupian\u010dio sniego, kad j\u016bs\u0173 pauk\u0161tiena b\u016bt\u0173 \u0161vie\u017eia gyvenamoji erdv\u0117.<\/div><\/div><div class=\"section\"><div class=\"section-title\"><\/div><div class=\"section-img small\"><img decoding=\"async\" src=\"\/vevor\/product\/JSJS362MYDDMJKCOH001\/metal-chicken-coop-a100-2.4-pt.jpg\" \/><\/div><div class=\"section-mobile-img\"><img decoding=\"async\" src=\"\/vevor\/product\/JSJS362MYDDMJKCOH001\/metal-chicken-coop-a100-2.4-pt.jpg\" \/><\/div><div class=\"section-desc\">\u012erengtas erdvus durys, metalo vi\u0161tienos paleisti leid\u017eia lengvai prieiti be lenkimo \u017eemyn. Saugaus u\u017erakto konstrukcija apsaugo nuo namini\u0173 pauk\u0161\u010di\u0173 pab\u0117gti, tod\u0117l j\u016bs\u0173 \u016bkininkavimo darbus be jokio vargo.<\/div><\/div><div class=\"section\"><div class=\"section-title\"><\/div><div class=\"section-img small\"><img decoding=\"async\" src=\"\/vevor\/product\/JSJS362MYDDMJKCOH001\/metal-chicken-coop-a100-2.5-pt.jpg\" \/><\/div><div class=\"section-mobile-img\"><img decoding=\"async\" src=\"\/vevor\/product\/JSJS362MYDDMJKCOH001\/metal-chicken-coop-a100-2.5-pt.jpg\" \/><\/div><div class=\"section-desc\">Vi\u0161tienos pen telpa \u012fvairi\u0173 r\u016b\u0161i\u0173 pauk\u0161\u010di\u0173 vienoje erdv\u0117je, taupyti i\u0161laidas, ir erdv\u0117s, ir tuo pa\u010diu didinti \u016bkininkavimo \u012fvairov\u0119 ir lankstum\u0105.<\/div><\/div><div class=\"section\"><div class=\"section-img small\"><img decoding=\"async\" src=\"\/vevor\/product\/JSJS362MYDDMJKCOH001\/metal-chicken-coop-a100-1.11-pt.jpg\" \/><\/div><div class=\"section-mobile-img\"><img decoding=\"async\" src=\"\/vevor\/product\/JSJS362MYDDMJKCOH001\/metal-chicken-coop-a100-1.11-pt.jpg\" \/><\/div><\/div><\/div><\/body><\/html><\/div>\n<div class=\"DM_at-title\" id=\"js-DM_at-title\"> <div>Produkto specifikacija<\/div> <i class=\"icon-arrowup_line\"><\/i> <\/div><div class=\"DM_at-goodsDescAttr\" id=\"js-DM_at-goodsDescAttr\"> <div class=\"DM_at-goodsDescAttrInner\"> <dl class=\"goodsDesc_item goodsDesc_item_even\"> <dt>Prek\u0117s Modelio Numeris<\/dt> <dd> YD362<\/dd> <\/dl> <dl class=\"goodsDesc_item\"> <dt>Pagrindin\u0117 Med\u017eiaga<\/dt> <dd> Cinkuoto plieno Vamzd\u017eiai + PE<\/dd> <\/dl> <dl class=\"goodsDesc_item goodsDesc_item_even\"> <dt>Gaminio Matmenys<\/dt> <dd> 9,84 x 19,68 x 5,56 p\u0117dos (3 x 6 x 2 m)<\/dd> <\/dl> <dl class=\"goodsDesc_item\"> <dt>Apsauginiai tinklo matmenys<\/dt> <dd> 3,61 x 78,74 p\u0117dos (1,1 x 24 m) (2 ritin\u0117liai)<\/dd> <\/dl> <dl class=\"goodsDesc_item goodsDesc_item_even\"> <dt>Tarp matmenys<\/dt> <dd> 6,26 x 11,25 p\u0117dos (1,91 x 3,43 m)<\/dd> <\/dl> <dl class=\"goodsDesc_item\"> <dt>Produkto Svoris<\/dt> <dd> 94,8 svaro (43 kg)<\/dd> <\/dl> <\/div> <\/div>","protected":false},"excerpt":{"rendered":"<ul>\n<li> Atsparus oro s\u0105lygoms ir korozijai: pagamintas i\u0161 cinkuoto plieno vamzd\u017ei\u0173 ir grie\u017etai i\u0161bandytas nuo druskos pur\u0161kimo, \u0161is vi\u0161tid\u0117s b\u0117gimas atlaiko at\u0161iaurias oro s\u0105lygas, tokias kaip lietus, v\u0117jas ir saul\u0117, u\u017etikrindamas ilgalaik\u012f stabilum\u0105 ir saugum\u0105. <\/li>\n<li> Tvirta konstrukcija: Su 1 \u2033 storio cinkuoto plieno vamzd\u017eiais ir tiksliu suvirinimu, \u0161is didelis metalinis vi\u0161tid\u0117s gali pasigirti stabilumu ir atsparumu v\u0117jui Vir\u0161utinis dangtis palengvina veiksming\u0105 drena\u017e\u0105, neleid\u017eia kauptis vandeniui Sustiprintas \u0161e\u0161iakampiu apsauginiu tinkleliu, suteikia saugesn\u0119 erdv\u0119 pauk\u0161tienai. <\/li>\n<li> Erdvus Gyvenamasis plotas: \u0160is metalinis vi\u0161tienos paleisti su dosniu 9,8\u00d719,3\u00d76,5 p\u0117d\u0173 erdv\u0117s, pasi\u017eymi keturi\u0173 pusi\u0173 v\u0117dinimo, sukurti sveik\u0105 ir patogi\u0105 aplink\u0105. PE dengtas baldakimas suteikia apsaug\u0105 nuo saul\u0117s, hidroizoliacijos, ir atsparumas ply\u0161imui, ekranavimo savo pauk\u0161tien\u0105 nuo i\u0161orini\u0173 element\u0173. <\/li>\n<li> Lengvas montavimas: Su lengvai naudojamais priedais montavimas yra v\u0117jas Vi\u0161tienos narv\u0105 galite sustiprinti, pridedant medienos ar akmen\u0173 \u012f dugn\u0105 Nor\u0117dami papildomos apsaugos nuo laukin\u0117s gamtos, pavyzd\u017eiui, me\u0161k\u0117n\u0173, rekomenduojame prid\u0117ti cinkuotos vielos tvor\u0105. <\/li>\n<li> \u012evairiapusi\u0161kas pritaikymas: vi\u0161tiena skirta kiemui su danga tinka ne tik vi\u0161toms, bet ir antims, putpel\u0117ms, triu\u0161iams ir kitiems naminiams pauk\u0161\u010diams. Jis atitinka j\u016bs\u0173 poreikius, suteikia saugi\u0105 ir patogi\u0105 gyvenam\u0105j\u0105 erdv\u0119 naminiams pauk\u0161\u010diams. <\/li>\n<\/ul>","protected":false},"featured_media":447257,"comment_status":"open","ping_status":"open","template":"","meta":{"om_disable_all_campaigns":false,"_monsterinsights_skip_tracking":false,"_monsterinsights_sitenote_active":false,"_monsterinsights_sitenote_note":"","_monsterinsights_sitenote_category":0,"_uf_show_specific_survey":0,"_uf_disable_surveys":false},"location":[1935,1934],"product_brand":[],"product_cat":[171,415,416],"product_tag":[],"class_list":{"0":"post-229829","1":"product","2":"type-product","3":"status-publish","4":"has-post-thumbnail","6":"location-supplier_stock_location","7":"location-local_stock_location","8":"product_cat-agriculture-forestry-equipment","9":"product_cat-livestock-poultry-supplies","10":"product_cat-metal-chicken-coop","12":"first","13":"instock","14":"taxable","15":"shipping-taxable","16":"purchasable","17":"product-type-simple"},"aioseo_notices":[],"jetpack_sharing_enabled":true,"locations":[{"id":1935,"name":"Pieg\u0101d\u0101t\u0101ja noliktav\u0101 (5-7d.d.)","slug":"supplier_stock_location","quantity":"11"},{"id":1934,"name":"R\u012bgas veikal\u0101 (0-2d.d.)","slug":"local_stock_location","quantity":"0"}],"_links":{"self":[{"href":"https:\/\/vevorshop.lv\/lt\/wp-json\/wp\/v2\/product\/229829","targetHints":{"allow":["GET"]}}],"collection":[{"href":"https:\/\/vevorshop.lv\/lt\/wp-json\/wp\/v2\/product"}],"about":[{"href":"https:\/\/vevorshop.lv\/lt\/wp-json\/wp\/v2\/types\/product"}],"replies":[{"embeddable":true,"href":"https:\/\/vevorshop.lv\/lt\/wp-json\/wp\/v2\/comments?post=229829"}],"wp:featuredmedia":[{"embeddable":true,"href":"https:\/\/vevorshop.lv\/lt\/wp-json\/wp\/v2\/media\/447257"}],"wp:attachment":[{"href":"https:\/\/vevorshop.lv\/lt\/wp-json\/wp\/v2\/media?parent=229829"}],"wp:term":[{"taxonomy":"location","embeddable":true,"href":"https:\/\/vevorshop.lv\/lt\/wp-json\/wp\/v2\/location?post=229829"},{"taxonomy":"product_brand","embeddable":true,"href":"https:\/\/vevorshop.lv\/lt\/wp-json\/wp\/v2\/product_brand?post=229829"},{"taxonomy":"product_cat","embeddable":true,"href":"https:\/\/vevorshop.lv\/lt\/wp-json\/wp\/v2\/product_cat?post=229829"},{"taxonomy":"product_tag","embeddable":true,"href":"https:\/\/vevorshop.lv\/lt\/wp-json\/wp\/v2\/product_tag?post=229829"}],"curies":[{"name":"wp","href":"https:\/\/api.w.org\/{rel}","templated":true}]}}