{"id":230044,"date":"2026-01-23T00:54:59","date_gmt":"2026-01-22T22:54:59","guid":{"rendered":"https:\/\/vevorshop.lv\/en_us\/Prece\/vevor-1-8x0-9x0-6m-metal-raised-garden-bed-galvanized-planter-box-with-open-bottom-for-vegetables-flowers-herbs-dark-gray\/"},"modified":"2026-04-25T04:03:49","modified_gmt":"2026-04-25T01:03:49","slug":"vevor-1-8x0-9x0-6m-metal-raised-garden-bed-galvanized-planter-box-with-open-bottom-for-vegetables-flowers-herbs-dark-gray","status":"publish","type":"product","link":"https:\/\/vevorshop.lv\/lt\/Prece\/vevor-1-8x0-9x0-6m-metaline-pakelta-sodo-lova-cinkuota-sejamoji-dezute-su-atviru-dugnu-darzovems-geles-zoleles-tamsiai-pilkos-spalvos\/","title":{"rendered":"VEVOR 1,8\u00d70,9\u00d70,6 m metalin\u0117 pakeliama sodo lova, cinkuota sodinimo d\u0117\u017eut\u0117 su atviru dugnu dar\u017eov\u0117ms, g\u0117l\u0117ms ir \u017eolel\u0117ms, tamsiai pilka"},"content":{"rendered":"<div style=\"color: #fff!important; font-size: 16px; height: 24px; line-height: 24px; margin-top: -24px; \" class=\"product_original_name\">VEVOR metalin\u0117 pakelta sodo lova, 1,8 x 0,9 x 0,6 m lauko cinkuota sodinuk\u0173 sodo d\u0117\u017eut\u0117, atviro dugno dizainas, didel\u0117 sodintuv\u0173 pakelta lova dar\u017eov\u0117ms auginti, g\u0117l\u0117s, \u017eolel\u0117s ir sukulentai, tamsiai pilka<\/div>\n<div style=\"color: #fff!important; font-size: 16px; height: 24px; line-height: 24px; margin-top: -24px; \" class=\"product_sku\">MKPUGBHL<\/div>\n<div style=\"color: #fff!important; font-size: 16px; height: 24px; line-height: 24px; margin-top: -24px; \" class=\"product_mpn\">JSFXZZCZFXSLG0SR1002V0<\/div><div id=\"js-DM_at-goodDescRich\"><html><head><style>  body {    font-family: Arial;    line-height: 1.5;    color: #1c1c1c;    overflow-x: hidden;    margin: 0;    padding: 0;  }  .MsoNormal b {    font-weight: bolder;  }<\/style><style>  .container.small {    width: 970px;    margin: 0 auto;  }  .logo {    margin: 0 auto 0;  }  .logo img {    display: block;    margin: 0 auto;    max-width: 100%;  }  .logo .pc-banner {    display: block;    width: 1200px;    height: 247.4px;    margin: 0 auto;  }  .logo .pc-banner.small {    width: 970px;  }  .logo .pc-banner.small img {    height: auto!important;  }  .logo .m-banner {    display: none;  }  .ytvideo {    position: relative;    height: 546px;    width: 100%;    margin: 0 auto;  }  .ytvideo img {    width: 100%;    margin: 0 auto;  }  .ytvideo .play-btn {    width: 60px;    height: 42px;    position: absolute;    top: 50%;    left: 50%;    transform: translate(-50%, -50%);    background: url(\"data:image\/png;base64,iVBORw0KGgoAAAANSUhEUgAAAGQAAABGCAMAAAANWMFbAAAC+lBMVEUAAADBGB3kLCfBGB3kLCfcJC7BFx3KKSbiKybkLCbWJCPSIiLSIiLPICHAFx3kLCfgKSXNHiDZJiTIGx\/p4eHcjo7LHSDbJyTkLCbjKyfOHyHPIiL28fHJHB\/GGh7EGR7eKCXDGB3RISHlLSbBGB3AFxzGHB7DGB7BGB3hKybkKybAFx3lLCfAFxzDGR3hKibDGB7cJyTmz8\/elJTlwcHjurrUIyLlLSflLSfAFx3DGR7lLSfCFx3hKibhKibhKybjKybkLCblLSfbJSX49vbx7e3NNzjNMTLMJyjVIyLZf3\/ZQ0LaeHjx0tLgoqLkLCfCGB3HGx\/BGB3BFx3PICHCGB7WJCLOHyC\/Fxy\/Fx3lLCfQISHkLSe\/FxzbJiTBFx3FGx\/AGB7BFx3EGR7AGB3HHSDfKiXAFh3TISHYNzbhKibbJyTTIiL57e325+f039\/v2NjUV1fOHiHiqanfmprch4feKSXVIyPOICHmLibFGh\/mLSe\/Fx7XJCPeKSXXJSPNHyHaJyTGGh7lLCbmLCflLSjSIiLkLCbdKSXLHiC\/GB3KHh++Fh3lKyfoLiXcKCPkx8fYb2\/XaGfVXl3aU1LLHiDksbHgKibPICHbJyTfKSXbJyTCGB3KHSDiKybFGh7TIiL\/\/\/\/VIyPRISHIHB\/GGx\/HHB\/DGR7gKibdKCXLHiDZJiTMHiDNHyHYJSTOICHPICHWJCPcKCXXJSPjLCblLCf+\/f3NGR\/uLijzLynPGR\/IGB7WISHaIyLLGh7UAADxLynNAADRLzDbICLQAADIAAD3MCrUHSHXMTDpKSbLAADp5OTij4\/ejo\/VLy\/1LyngJSTcJCPQHx\/OHB7+\/PzaMS\/OLS\/vLijrLSjSAADaNTPwLyjkKSbNJCbYISHPHB\/KGB7WAAD7+vrn3d3aKynTKCjoLCfsKifRGh\/YAADq5+fhjo7QNDXXKCfmJyXt5+fTLzDLLi\/QKivYHRvMGBrQJCXLISPMExXLDxLaEAvkkI\/bOTfaFQ\/SCgpvLcnHAAAAmnRSTlMA+vv7+gT9Bvf9+8z8\/NSv\/Pr5+P7++vnQIBMP\/v38\/Pn348XDiCYf9OjbzcqxXVcx\/fz8+\/rj1r2poo1+fXFqX0orGP7+\/v7+\/fz8+\/r68uzn4trIxsG\/vri3p6GcmZSNbWVYUUZEPQv+\/f39+\/v7+\/v7+vr64tvV1NTTz87FtbSurqeblJKFg4B3bUY+NjL7+\/v7+\/v67t1cDo8JLQAABkRJREFUWMO0kz9rwkAYh0OIeJkum6YugUAhISCdKoj\/P4C7SMdS+gEKIhSKil10LSg4mzXkILdlEpxCpwTiWOLX6BujvQaEQuGeHLnL+\/64J+SIcKGYTYWnntpdLjrVdqvZmNdn0+EE40GtpuuWVS6Xx6N7YDSGpWXpeq02wHgynM7q80az1a52HpddtVcpsi1zFARBrdaxbhp9iUReTGmwA4KAAr7vx3EYejnCMI6hQYEgy0LQi4jUN0wL19vqFcUC9\/1dAKmEEFkWRYkh5oBejnxQJiSJPJ\/uKBp0Thszx9Mw8hMRIQjKsptCfuES9zr5WJY6vSFCIvE9fCMUmEM1A1kSXcYGxgVYsvI1IPKTZciSTI0us\/SMGG04gDzELDoFBwdcFJrF88dqgYMTiL6DILWYyfOWE8\/kIz38olCNlC03FK95+imxp6y4oUSvAnBjHHhKNtotSDqJzVFiK8c2SBqhZtsrTtgrLXwAyduxZHNE26eHUt5rtuM4WSmds3G+sUdWYo1L+XyxButoh5eKUHk5lByO3G1LqqCWVnfrv\/lyPtf\/4ps1cndNGIri8J1TJ0lx6dR\/oPjq1nbRwdp2dCk4CtIOLW3pVKRL6WZfS5vF2KkIQhpwSsjiYIgNCs1gEMGqiIq24NQX9NwoXFy8Ufrl3twTcg4fv8T9\/JBEySduj6Mjm4bMzYV7EEOxKjjoNDud7yY3Dy71Hq2oLmqfbNR723edH9PgMrNL2utoQ3VmaIDkiw\/4w51P06hlZsTZvkRrbVuSIs\/zwSOsycgzStQouoAkWQqioRT5XI7n2Z1wfVhoZmcAJLsoqjqpjbWCgpOAJXBwHK8PzWbNvoUZJND5wCnSkLAkZ1legx6vqQzjoiTahKlGUGLAiIIoABOHaNVw4sexZBym6\/HWlH5h3IC7yRbxtipcWxdTOkORKiNQAEkFf66x5S2oeRbroOlLgg0sSYkR0hRGEqJZ0jTPiQKatESdBckpWigxaapEH0lImHdWu9pUFF2XqMNM2Z4kped7IwEJw2qabwtrQqnpw6HyKkgcadKWsmpywwesDyIhYRpdzXddqegtGIJlXbAIUMOLkGxJUjRIkokwjUaX9d\/kK62ps\/tYUqZLIMkLTyBhsMZ3C5Z\/kDxOSCb\/DOs\/\/J0qcWSX\/2ipe56EgTCA4\/cB7NAYOsni4mZM1MUPAISoEwkDi4lhVBQ1cWQyIcwalw4EpqZN68JUSK7XC0kTlkLYii5uXSC8jT5ncCAS7mjCv0uHp\/3lueHEEAeQ\/\/VgmdN71\/2uCSA1Xr6DO6uI6sW56zqT2tp2PhgiRUAajV8CY2fkcz6WGNKMgLAt7tJAhD4YHMTeRxlALE6+43WqjSWi8ITxyJl8WrwWSNESQZZOqhDDntO3hJLsd5RtSpbJqdv3YrDJH3F7jL1R2O2aQkn2MyCyKYz0GPGIvSAMgBCrCEiJyKbBaYGwLW4uPRr0A0M4Ux5kUI7IBh+hMdiCEWNqhMZGyYMsOgNE58UQuEQeUnSWCMYwL54hkxK6IoqucQZbQ3pc3XtL0lky1dL0zZJJDpWJovFqpWj6JEHnyam2eQp5QRVAVHjWparTOaVwUOx99YS2MvgxIGV0bb+qIg2HX2qkFFJB+XZcbLiuRkuxD9GRroKyveLxdh4d7Orx+hb7qc3uVRuEogCOnyIxm4ubUoPgF4jianDrC+SDQDKEfJb0GUKmjCGPYHGJvVC6X4hw1\/sAfQAdfYyephIaspXe36RwOP+Ljvfx9B6B3i+Nk0DGq+oCbLn6JpBa9nWAveAIHwFAwtVcIJXPMPL8kRu5OAYPMaL1WScTxjiZDqB9LTJSWphow\/pTYKRTLjCBhvi9iBidvKcDasGSm0QQkycYuLBqj6QCELPctqChDWpTRMWkngNNpQ1Pfp1KkiT\/Y0DGffXAweUNfLAfaJFKDwhb6I+bkYRbkERoEeu3Fyjg2opMz2daZCS9jt6Q7txNfB+OZEVF6Zl5web2xunnLQrtrjXseXKaFYziYINeMFZVxS9VxRhOoesYwxPKXm+gWLG9cuFeq93UNNeJNsf1KlwuDok9n02n3TgIJpOxNfL9naIoQwXtfH9kjceTIIi709ncTg6LZbg+biLH1V6u\/7rxBem06VXKn9raAAAAAElFTkSuQmCC\")      no-repeat center center \/ contain;  }  @media screen and (max-width: 960px) and (orientation: portrait) {    .logo {      width: 100%;    }    .logo .pc-banner {      display: none;    }    .logo .m-banner {      display: block;      width: 100%;    }    .logo .m-banner img {      height: auto!important;    }    .ytvideo {      height: 200px;      width: 100%;    }  }<\/style><style>  .video-section {    width: 100%;    margin: 0 auto;  }  .video-section > img {    width: 100%;  }  .video-section iframe,  .video-section video {    width: 100%;    height: 100%;      }  .video-section-img-m,  .video-section-img-pc > img {    width: 100%;    height: auto;  }  .video-section-img-pc.small > img {    width: 970px;  }  .video-desc {    line-height: 1.5;    font-size: 20px;    font-weight: 400;    margin: 20px 0;    text-align: center;    color: #0f1111;    word-break: break-word;  }  @media screen and (max-width: 960px) and (orientation: portrait) {    .video-section {      width: 100%;    }    .video-section-pc,    .video-section-img-pc {      display: none;    }    .video-section-m,    .video-section-img-m {      display: block;    }    .video-desc {      font-size: 15px;    }  }  @media screen and (min-width: 960px) {    .video-section {      width: 100%;      margin: 0 auto;    }    .video-section-pc,    .video-section-img-pc {      display: block;    }    .video-section-m,    .video-section-img-m {      display: none;    }    .video-desc {      font-size: 20px;    }  }<\/style><style>  .section + .section {    margin-top: 35px;  }  .section-title {    text-align: center;    font-weight: bold;    color: #0d1111;    font-family: \"Arial\";    font-size: 32px;    margin: 15px 0;  }  .section-title:empty {    display: none;  }  .section-desc {    text-align: center;    font-weight: normal;    color: #0d1111;    margin-top: 20px;  }  .section-desc:empty {    display: none;  }  .section-img {    width: 1200px;    height: 492px;    margin: 0 auto;    display: block;  }  .section-img.small {    width: 970px;    height: auto;  }  .section-img.small > img {    height: auto;  }  .section-img > img {    width: 100%;    height: 100%;  }  .section-mobile-img {    display: none;    max-width: 100vw;    max-height: 75vw;    height: 450px;    margin: 0 auto;  }  .section-mobile-img > img {    width: 100%;    height: 100%;  }  @media screen and (max-width: 960px) and (orientation: portrait) {    .container {      width: 100%;    }    .container.small {      width: 100%;    }    .section-mobile-img {      display: block;    }    .section-img {      display: none;    }    .section-title {      font-size: 22px;      margin: 10px 0;    }    .section-desc {      margin-top: 10px;    }    .section + .section {      margin-top: 20px;    }  }<\/style><\/head><body><div class=\"container\"><div class=\"logo\"><div class=\"pc-banner\"><div><img decoding=\"async\" src=\"\/vevor\/vevor\/boutique-banner\/pc\/en-pc@1x.jpg\" style=\"width: 100%;\" \/><\/div><\/div><div class=\"m-banner\"><div><img decoding=\"async\" src=\"\/vevor\/vevor\/boutique-banner\/mobile\/en-m@1x.jpg\" style=\"width: 100%;\" \/><\/div><\/div><\/div><div class=\"section-title\">VEVOR Modulin\u0117 metalin\u0117 pakeliama sodo lova: pastatykite savo auginimo pagrind\u0105!<\/div><div class=\"video-section\"><div class=\"video-section-img-pc\"><img decoding=\"async\" src=\"\/vevor\/product\/JSFXZZCZFXSLG0SR1002\/raised-garden-bed-a100-1.4.jpg\" \/><\/div><div class=\"video-section-img-m\"><img decoding=\"async\" src=\"\/vevor\/product\/JSFXZZCZFXSLG0SR1002\/raised-garden-bed-a100-1.4-m.jpg\" \/><\/div><div class=\"section-desc\">\u0160i pakelta sodo lova suteikia pakankamai vietos augal\u0173 augimui. jo 2 p\u0117d\u0173 gylis idealiai tinka \u012fvairiems augalams palaikyti, tod\u0117l jie gali klest\u0117ti stipriai ir energingai vystantis.<\/div><\/div><div class=\"section\"><div class=\"section-title\"><\/div><div class=\"section-img\"><img decoding=\"async\" src=\"\/vevor\/product\/JSFXZZCZFXSLG0SR1002\/raised-garden-bed-a100-2.2.jpg\" \/><\/div><div class=\"section-mobile-img\"><img decoding=\"async\" src=\"\/vevor\/product\/JSFXZZCZFXSLG0SR1002\/raised-garden-bed-a100-2.2-m.jpg\" \/><\/div><div class=\"section-desc\">M\u016bs\u0173 pakelta s\u0117jamoji d\u0117\u017e\u0117, pagaminta i\u0161 tvirto metalinio r\u0117mo, u\u017etikrina ilgalaik\u012f ilgaam\u017ei\u0161kum\u0105 ir laikui b\u0117gant u\u017etikrina stipr\u0173 atsparum\u0105 r\u016bdims. vidinis X formos sutvirtinimo strypas suteikia papildomo stabilumo, tod\u0117l konstrukcija tampa patikimesn\u0117.<\/div><\/div><div class=\"section\"><div class=\"section-title\"><\/div><div class=\"section-img\"><img decoding=\"async\" src=\"\/vevor\/product\/JSFXZZCZFXSLG0SR1002\/raised-garden-bed-a100-2.3.jpg\" \/><\/div><div class=\"section-mobile-img\"><img decoding=\"async\" src=\"\/vevor\/product\/JSFXZZCZFXSLG0SR1002\/raised-garden-bed-a100-2.3-m.jpg\" \/><\/div><div class=\"section-desc\">Pakeltoje lovoje yra susuktos briaunos ir skland\u017eiai u\u017eapvalinti kampai, kad b\u016bt\u0173 u\u017etikrintas didesnis saugumas. Kiekviena i\u0161 keturi\u0173 koj\u0173 yra su apsauginiais dangteliais, o mes pridedame pir\u0161tines, kurios pad\u0117s i\u0161laikyti rankas nuo \u012fbr\u0117\u017eim\u0173.<\/div><\/div><div class=\"section\"><div class=\"section-title\"><\/div><div class=\"section-img\"><img decoding=\"async\" src=\"\/vevor\/product\/JSFXZZCZFXSLG0SR1002\/raised-garden-bed-a100-2.4.jpg\" \/><\/div><div class=\"section-mobile-img\"><img decoding=\"async\" src=\"\/vevor\/product\/JSFXZZCZFXSLG0SR1002\/raised-garden-bed-a100-2.4-m.jpg\" \/><\/div><div class=\"section-desc\">Sukurta paprastas surinkimas, \u0161is pakelta lysv\u0117 galima greitai sujungti var\u017etais. Joki\u0173 sud\u0117ting\u0173 priemon\u0117s yra reikalingos, kad ji pradedantysis draugi\u0161kas.<\/div><\/div><div class=\"section\"><div class=\"section-title\"><\/div><div class=\"section-img\"><img decoding=\"async\" src=\"\/vevor\/product\/JSFXZZCZFXSLG0SR1002\/raised-garden-bed-a100-2.5.jpg\" \/><\/div><div class=\"section-mobile-img\"><img decoding=\"async\" src=\"\/vevor\/product\/JSFXZZCZFXSLG0SR1002\/raised-garden-bed-a100-2.5-m.jpg\" \/><\/div><div class=\"section-desc\">Naudokite m\u016bs\u0173 sodo lov\u0105, kad augintum\u0117te \u012fvairius augalus savo sode, \u0161iltnamyje, \u016bkyje ar atvirame lauke. Tai idealiai tinka dar\u017eov\u0117ms, g\u0117l\u0117ms, \u017ealiems augalams ir kt.<\/div><\/div><div class=\"section\"><div class=\"section-img\"><img decoding=\"async\" src=\"\/vevor\/product\/JSFXZZCZFXSLG0SR1002\/raised-garden-bed-a100-1.11.jpg\" \/><\/div><div class=\"section-mobile-img\"><img decoding=\"async\" src=\"\/vevor\/product\/JSFXZZCZFXSLG0SR1002\/raised-garden-bed-a100-1.11-m.jpg\" \/><\/div><\/div><\/div><\/body><\/html><\/div>\n<div class=\"DM_at-title\" id=\"js-DM_at-title\"> <div>Produkto specifikacija<\/div> <i class=\"icon-arrowup_line\"><\/i> <\/div><div class=\"DM_at-goodsDescAttr\" id=\"js-DM_at-goodsDescAttr\"> <div class=\"DM_at-goodsDescAttrInner\"> <dl class=\"goodsDesc_item goodsDesc_item_even\"> <dt>Prek\u0117s Modelio Numeris<\/dt> <dd> GM66010-180X90X60<\/dd> <\/dl> <dl class=\"goodsDesc_item\"> <dt>Plok\u0161t\u0117s Storis<\/dt> <dd> 0,016 colio \/ 0,4 mm<\/dd> <\/dl> <dl class=\"goodsDesc_item goodsDesc_item_even\"> <dt>Kampin\u0117s jungties storis<\/dt> <dd> 0,024 colio \/ 0,6 mm<\/dd> <\/dl> <dl class=\"goodsDesc_item\"> <dt>Armat\u016bros stryp\u0173 skai\u010dius<\/dt> <dd> 6<\/dd> <\/dl> <dl class=\"goodsDesc_item goodsDesc_item_even\"> <dt>Spalva<\/dt> <dd> Juoda<\/dd> <\/dl> <dl class=\"goodsDesc_item\"> <dt>Pagrindin\u0117 Med\u017eiaga<\/dt> <dd> Cinkuota Plok\u0161t\u0117<\/dd> <\/dl> <dl class=\"goodsDesc_item goodsDesc_item_even\"> <dt>Produkto Svoris<\/dt> <dd> 31,4 svaro \/ 14,24 kg<\/dd> <\/dl> <dl class=\"goodsDesc_item\"> <dt>Gaminio Matmenys<\/dt> <dd> 5,91 x 2,95 x 1,97 p\u0117dos \/ 1800 x 900 x 600 mm<\/dd> <\/dl> <\/div> <\/div>","protected":false},"excerpt":{"rendered":"<ul>\n<li> Sukurkite apsvaiginimo sod\u0105: m\u016bs\u0173 6 x 3 x 2 p\u0117d\u0173 pakeliama sodo lova suteikia pakankamai vietos auginimui j\u016bs\u0173 augalams. jo 2 p\u0117d\u0173 gylis idealiai tinka vidutiniams ir giliai \u012fsi\u0161aknijusiems augalams. auginkite dar\u017eoves, vaisius, g\u0117les ir \u017eoleles soduose, \u016bkiuose, laukuose ar atvirose vietose <\/li>\n<li> Tvirtas ir patikimas: pagamintas i\u0161 0,4 mm metalini\u0173 \u0161onini\u0173 plok\u0161\u010di\u0173 ir 0,6 mm kampini\u0173 jung\u010di\u0173, \u0161i metalin\u0117 paauk\u0161tinta sodo lova turi cinkuot\u0105 milteliniu b\u016bdu dengt\u0105 pavir\u0161i\u0173, kad b\u016bt\u0173 atsparus r\u016bdims.6 vidiniai X formos strypai suteikia stabilumo ir v\u0117j\u0173 metu nenugri\u016bva <\/li>\n<li> Saugus naudoti: m\u016bs\u0173 pakeltoje sodintuvo d\u0117\u017eut\u0117je yra susuktos briaunos ir suapvalinti kampai, kad b\u016bt\u0173 suma\u017einta su\u017ealojimo tikimyb\u0117 naudojimo metu. Taip pat yra pir\u0161tini\u0173 pora, kad b\u016bt\u0173 suma\u017eintas rank\u0173 \u012fbr\u0117\u017eimas, tod\u0117l gal\u0117site m\u0117gautis skland\u017eia sodininkyst\u0117s patirtimi <\/li>\n<li> Lengvas montavimas: su sukomplektuotais var\u017etais ir i\u0161 anksto i\u0161gr\u0119\u017etu dizainu pakelt\u0105 lov\u0105 galima lengvai surinkti laikantis vadovo. Nustatyti nereikia tik 15 minu\u010di\u0173, o nereikia papildom\u0173 \u012franki\u0173, tod\u0117l jis idealiai tinka sodininkyst\u0117s entuziastams net pradedantiesiems <\/li>\n<li> K\u0105 gausite: m\u016bs\u0173 paauk\u0161tintoje sodo lovoje yra 6 \u0161onin\u0117s plok\u0161t\u0117s, 4 kampin\u0117s plok\u0161t\u0117s, 6 skersiniai strypai, 4 plastikiniai dangteliai, 1 aparat\u016bros rinkinys ir 1 vartotojo vadovas <\/li>\n<\/ul>","protected":false},"featured_media":447437,"comment_status":"open","ping_status":"open","template":"","meta":{"om_disable_all_campaigns":false,"_uf_show_specific_survey":0,"_uf_disable_surveys":false},"location":[1935,1934],"product_brand":[],"product_cat":[62,632,633],"product_tag":[],"class_list":{"0":"post-230044","1":"product","2":"type-product","3":"status-publish","4":"has-post-thumbnail","6":"location-supplier_stock_location","7":"location-local_stock_location","8":"product_cat-lawn-garden","9":"product_cat-pots-planters","10":"product_cat-raised-garden-bed","12":"first","13":"outofstock","14":"taxable","15":"shipping-taxable","16":"purchasable","17":"product-type-simple"},"aioseo_notices":[],"locations":[{"id":1935,"name":"Pieg\u0101d\u0101t\u0101ja noliktav\u0101 (5-7d.d.)","slug":"supplier_stock_location","quantity":"0"},{"id":1934,"name":"R\u012bgas veikal\u0101 (0-2d.d.)","slug":"local_stock_location","quantity":"0"}],"_links":{"self":[{"href":"https:\/\/vevorshop.lv\/lt\/wp-json\/wp\/v2\/product\/230044","targetHints":{"allow":["GET"]}}],"collection":[{"href":"https:\/\/vevorshop.lv\/lt\/wp-json\/wp\/v2\/product"}],"about":[{"href":"https:\/\/vevorshop.lv\/lt\/wp-json\/wp\/v2\/types\/product"}],"replies":[{"embeddable":true,"href":"https:\/\/vevorshop.lv\/lt\/wp-json\/wp\/v2\/comments?post=230044"}],"wp:featuredmedia":[{"embeddable":true,"href":"https:\/\/vevorshop.lv\/lt\/wp-json\/wp\/v2\/media\/447437"}],"wp:attachment":[{"href":"https:\/\/vevorshop.lv\/lt\/wp-json\/wp\/v2\/media?parent=230044"}],"wp:term":[{"taxonomy":"location","embeddable":true,"href":"https:\/\/vevorshop.lv\/lt\/wp-json\/wp\/v2\/location?post=230044"},{"taxonomy":"product_brand","embeddable":true,"href":"https:\/\/vevorshop.lv\/lt\/wp-json\/wp\/v2\/product_brand?post=230044"},{"taxonomy":"product_cat","embeddable":true,"href":"https:\/\/vevorshop.lv\/lt\/wp-json\/wp\/v2\/product_cat?post=230044"},{"taxonomy":"product_tag","embeddable":true,"href":"https:\/\/vevorshop.lv\/lt\/wp-json\/wp\/v2\/product_tag?post=230044"}],"curies":[{"name":"wp","href":"https:\/\/api.w.org\/{rel}","templated":true}]}}