{"id":230725,"date":"2026-01-27T01:01:07","date_gmt":"2026-01-26T23:01:07","guid":{"rendered":"https:\/\/vevorshop.lv\/en_us\/Prece\/vevor-3-piece-bar-table-set-with-2-stools-round-table-with-shelf-space-saving-dining-set-for-kitchen-or-home-bar-light-gray-black\/"},"modified":"2026-04-11T08:06:23","modified_gmt":"2026-04-11T05:06:23","slug":"vevor-3-piece-bar-table-set-with-2-stools-round-table-with-shelf-space-saving-dining-set-for-kitchen-or-home-bar-light-gray-black","status":"publish","type":"product","link":"https:\/\/vevorshop.lv\/lt\/Prece\/vevor-3-daliu-baro-stalo-rinkinys-su-2-taburetemis-apvalus-stalas-su-lentynos-vieta-taupantis-valgomojo-komplektas-virtuves-ar-namu-barui-sviesiai-pilka-juoda\/","title":{"rendered":"VEVOR 3 dali\u0173 baro stalo rinkinys su 2 taburet\u0117mis, apvalus stalas su lentyna, viet\u0105 taupantis virtuv\u0117s ar nam\u0173 baro rinkinys, \u0161viesiai pilka\/juoda"},"content":{"rendered":"<div style=\"color: #fff!important; font-size: 16px; height: 24px; line-height: 24px; margin-top: -24px; \" class=\"product_original_name\">VEVOR baro stalas, 3PCS 596,9 mm bar\u0173 stal\u0173 rinkinys, baro stal\u0173 ir k\u0117d\u017ei\u0173 rinkinys su apvaliu kampo dizainu, apvalus baro stalas su dviem i\u0161matomis biuro stalui, pusry\u010di\u0173 kampas, mini barai, \u0161viesiai pilka, juoda<\/div>\n<div style=\"color: #fff!important; font-size: 16px; height: 24px; line-height: 24px; margin-top: -24px; \" class=\"product_sku\">MKV8E7QM<\/div>\n<div style=\"color: #fff!important; font-size: 16px; height: 24px; line-height: 24px; margin-top: -24px; \" class=\"product_mpn\">BTZEK3JTYXGYWTHHM001V0<\/div><div id=\"js-DM_at-goodDescRich\"><html><head><style>  body {    font-family: Arial;    line-height: 1.5;    color: #1c1c1c;    overflow-x: hidden;    margin: 0;    padding: 0;  }  .MsoNormal b {    font-weight: bolder;  }<\/style><style>  .container.small {    width: 970px;    margin: 0 auto;  }  .logo {    margin: 0 auto 0;  }  .logo img {    display: block;    margin: 0 auto;    max-width: 100%;  }  .logo .pc-banner {    display: block;    width: 1200px;    height: 247.4px;    margin: 0 auto;  }  .logo .pc-banner.small {    width: 970px;  }  .logo .pc-banner.small img {    height: auto!important;  }  .logo .m-banner {    display: none;  }  .ytvideo {    position: relative;    height: 546px;    width: 100%;    margin: 0 auto;  }  .ytvideo img {    width: 100%;    margin: 0 auto;  }  .ytvideo .play-btn {    width: 60px;    height: 42px;    position: absolute;    top: 50%;    left: 50%;    transform: translate(-50%, -50%);    background: url(\"data:image\/png;base64,iVBORw0KGgoAAAANSUhEUgAAAGQAAABGCAMAAAANWMFbAAAC+lBMVEUAAADBGB3kLCfBGB3kLCfcJC7BFx3KKSbiKybkLCbWJCPSIiLSIiLPICHAFx3kLCfgKSXNHiDZJiTIGx\/p4eHcjo7LHSDbJyTkLCbjKyfOHyHPIiL28fHJHB\/GGh7EGR7eKCXDGB3RISHlLSbBGB3AFxzGHB7DGB7BGB3hKybkKybAFx3lLCfAFxzDGR3hKibDGB7cJyTmz8\/elJTlwcHjurrUIyLlLSflLSfAFx3DGR7lLSfCFx3hKibhKibhKybjKybkLCblLSfbJSX49vbx7e3NNzjNMTLMJyjVIyLZf3\/ZQ0LaeHjx0tLgoqLkLCfCGB3HGx\/BGB3BFx3PICHCGB7WJCLOHyC\/Fxy\/Fx3lLCfQISHkLSe\/FxzbJiTBFx3FGx\/AGB7BFx3EGR7AGB3HHSDfKiXAFh3TISHYNzbhKibbJyTTIiL57e325+f039\/v2NjUV1fOHiHiqanfmprch4feKSXVIyPOICHmLibFGh\/mLSe\/Fx7XJCPeKSXXJSPNHyHaJyTGGh7lLCbmLCflLSjSIiLkLCbdKSXLHiC\/GB3KHh++Fh3lKyfoLiXcKCPkx8fYb2\/XaGfVXl3aU1LLHiDksbHgKibPICHbJyTfKSXbJyTCGB3KHSDiKybFGh7TIiL\/\/\/\/VIyPRISHIHB\/GGx\/HHB\/DGR7gKibdKCXLHiDZJiTMHiDNHyHYJSTOICHPICHWJCPcKCXXJSPjLCblLCf+\/f3NGR\/uLijzLynPGR\/IGB7WISHaIyLLGh7UAADxLynNAADRLzDbICLQAADIAAD3MCrUHSHXMTDpKSbLAADp5OTij4\/ejo\/VLy\/1LyngJSTcJCPQHx\/OHB7+\/PzaMS\/OLS\/vLijrLSjSAADaNTPwLyjkKSbNJCbYISHPHB\/KGB7WAAD7+vrn3d3aKynTKCjoLCfsKifRGh\/YAADq5+fhjo7QNDXXKCfmJyXt5+fTLzDLLi\/QKivYHRvMGBrQJCXLISPMExXLDxLaEAvkkI\/bOTfaFQ\/SCgpvLcnHAAAAmnRSTlMA+vv7+gT9Bvf9+8z8\/NSv\/Pr5+P7++vnQIBMP\/v38\/Pn348XDiCYf9OjbzcqxXVcx\/fz8+\/rj1r2poo1+fXFqX0orGP7+\/v7+\/fz8+\/r68uzn4trIxsG\/vri3p6GcmZSNbWVYUUZEPQv+\/f39+\/v7+\/v7+vr64tvV1NTTz87FtbSurqeblJKFg4B3bUY+NjL7+\/v7+\/v67t1cDo8JLQAABkRJREFUWMO0kz9rwkAYh0OIeJkum6YugUAhISCdKoj\/P4C7SMdS+gEKIhSKil10LSg4mzXkILdlEpxCpwTiWOLX6BujvQaEQuGeHLnL+\/64J+SIcKGYTYWnntpdLjrVdqvZmNdn0+EE40GtpuuWVS6Xx6N7YDSGpWXpeq02wHgynM7q80az1a52HpddtVcpsi1zFARBrdaxbhp9iUReTGmwA4KAAr7vx3EYejnCMI6hQYEgy0LQi4jUN0wL19vqFcUC9\/1dAKmEEFkWRYkh5oBejnxQJiSJPJ\/uKBp0Thszx9Mw8hMRIQjKsptCfuES9zr5WJY6vSFCIvE9fCMUmEM1A1kSXcYGxgVYsvI1IPKTZciSTI0us\/SMGG04gDzELDoFBwdcFJrF88dqgYMTiL6DILWYyfOWE8\/kIz38olCNlC03FK95+imxp6y4oUSvAnBjHHhKNtotSDqJzVFiK8c2SBqhZtsrTtgrLXwAyduxZHNE26eHUt5rtuM4WSmds3G+sUdWYo1L+XyxButoh5eKUHk5lByO3G1LqqCWVnfrv\/lyPtf\/4ps1cndNGIri8J1TJ0lx6dR\/oPjq1nbRwdp2dCk4CtIOLW3pVKRL6WZfS5vF2KkIQhpwSsjiYIgNCs1gEMGqiIq24NQX9NwoXFy8Ufrl3twTcg4fv8T9\/JBEySduj6Mjm4bMzYV7EEOxKjjoNDud7yY3Dy71Hq2oLmqfbNR723edH9PgMrNL2utoQ3VmaIDkiw\/4w51P06hlZsTZvkRrbVuSIs\/zwSOsycgzStQouoAkWQqioRT5XI7n2Z1wfVhoZmcAJLsoqjqpjbWCgpOAJXBwHK8PzWbNvoUZJND5wCnSkLAkZ1legx6vqQzjoiTahKlGUGLAiIIoABOHaNVw4sexZBym6\/HWlH5h3IC7yRbxtipcWxdTOkORKiNQAEkFf66x5S2oeRbroOlLgg0sSYkR0hRGEqJZ0jTPiQKatESdBckpWigxaapEH0lImHdWu9pUFF2XqMNM2Z4kped7IwEJw2qabwtrQqnpw6HyKkgcadKWsmpywwesDyIhYRpdzXddqegtGIJlXbAIUMOLkGxJUjRIkokwjUaX9d\/kK62ps\/tYUqZLIMkLTyBhsMZ3C5Z\/kDxOSCb\/DOs\/\/J0qcWSX\/2ipe56EgTCA4\/cB7NAYOsni4mZM1MUPAISoEwkDi4lhVBQ1cWQyIcwalw4EpqZN68JUSK7XC0kTlkLYii5uXSC8jT5ncCAS7mjCv0uHp\/3lueHEEAeQ\/\/VgmdN71\/2uCSA1Xr6DO6uI6sW56zqT2tp2PhgiRUAajV8CY2fkcz6WGNKMgLAt7tJAhD4YHMTeRxlALE6+43WqjSWi8ITxyJl8WrwWSNESQZZOqhDDntO3hJLsd5RtSpbJqdv3YrDJH3F7jL1R2O2aQkn2MyCyKYz0GPGIvSAMgBCrCEiJyKbBaYGwLW4uPRr0A0M4Ux5kUI7IBh+hMdiCEWNqhMZGyYMsOgNE58UQuEQeUnSWCMYwL54hkxK6IoqucQZbQ3pc3XtL0lky1dL0zZJJDpWJovFqpWj6JEHnyam2eQp5QRVAVHjWparTOaVwUOx99YS2MvgxIGV0bb+qIg2HX2qkFFJB+XZcbLiuRkuxD9GRroKyveLxdh4d7Orx+hb7qc3uVRuEogCOnyIxm4ubUoPgF4jianDrC+SDQDKEfJb0GUKmjCGPYHGJvVC6X4hw1\/sAfQAdfYyephIaspXe36RwOP+Ljvfx9B6B3i+Nk0DGq+oCbLn6JpBa9nWAveAIHwFAwtVcIJXPMPL8kRu5OAYPMaL1WScTxjiZDqB9LTJSWphow\/pTYKRTLjCBhvi9iBidvKcDasGSm0QQkycYuLBqj6QCELPctqChDWpTRMWkngNNpQ1Pfp1KkiT\/Y0DGffXAweUNfLAfaJFKDwhb6I+bkYRbkERoEeu3Fyjg2opMz2daZCS9jt6Q7txNfB+OZEVF6Zl5web2xunnLQrtrjXseXKaFYziYINeMFZVxS9VxRhOoesYwxPKXm+gWLG9cuFeq93UNNeJNsf1KlwuDok9n02n3TgIJpOxNfL9naIoQwXtfH9kjceTIIi709ncTg6LZbg+biLH1V6u\/7rxBem06VXKn9raAAAAAElFTkSuQmCC\")      no-repeat center center \/ contain;  }  @media screen and (max-width: 960px) and (orientation: portrait) {    .logo {      width: 100%;    }    .logo .pc-banner {      display: none;    }    .logo .m-banner {      display: block;      width: 100%;    }    .logo .m-banner img {      height: auto!important;    }    .ytvideo {      height: 200px;      width: 100%;    }  }<\/style><style>  .video-section {    width: 100%;    margin: 0 auto;  }  .video-section > img {    width: 100%;  }  .video-section iframe,  .video-section video {    width: 100%;    height: 100%;      }  .video-section-img-m,  .video-section-img-pc > img {    width: 100%;    height: auto;  }  .video-section-img-pc.small > img {    width: 970px;  }  .video-desc {    line-height: 1.5;    font-size: 20px;    font-weight: 400;    margin: 20px 0;    text-align: center;    color: #0f1111;    word-break: break-word;  }  @media screen and (max-width: 960px) and (orientation: portrait) {    .video-section {      width: 100%;    }    .video-section-pc,    .video-section-img-pc {      display: none;    }    .video-section-m,    .video-section-img-m {      display: block;    }    .video-desc {      font-size: 15px;    }  }  @media screen and (min-width: 960px) {    .video-section {      width: 100%;      margin: 0 auto;    }    .video-section-pc,    .video-section-img-pc {      display: block;    }    .video-section-m,    .video-section-img-m {      display: none;    }    .video-desc {      font-size: 20px;    }  }<\/style><style>  .section + .section {    margin-top: 35px;  }  .section-title {    text-align: center;    font-weight: bold;    color: #0d1111;    font-family: \"Arial\";    font-size: 32px;    margin: 15px 0;  }  .section-title:empty {    display: none;  }  .section-desc {    text-align: center;    font-weight: normal;    color: #0d1111;    margin-top: 20px;  }  .section-desc:empty {    display: none;  }  .section-img {    width: 1200px;    height: 492px;    margin: 0 auto;    display: block;  }  .section-img.small {    width: 970px;    height: auto;  }  .section-img.small > img {    height: auto;  }  .section-img > img {    width: 100%;    height: 100%;  }  .section-mobile-img {    display: none;    max-width: 100vw;    max-height: 75vw;    height: 450px;    margin: 0 auto;  }  .section-mobile-img > img {    width: 100%;    height: 100%;  }  @media screen and (max-width: 960px) and (orientation: portrait) {    .container {      width: 100%;    }    .container.small {      width: 100%;    }    .section-mobile-img {      display: block;    }    .section-img {      display: none;    }    .section-title {      font-size: 22px;      margin: 10px 0;    }    .section-desc {      margin-top: 10px;    }    .section + .section {      margin-top: 20px;    }  }<\/style><\/head><body><div class=\"container\"><div class=\"logo\"><div class=\"pc-banner\"><div><img decoding=\"async\" src=\"\/vevor\/vevor\/boutique-banner\/pc\/en-pc@1x.jpg\" style=\"width: 100%;\" \/><\/div><\/div><div class=\"m-banner\"><div><img decoding=\"async\" src=\"\/vevor\/vevor\/boutique-banner\/mobile\/en-m@1x.jpg\" style=\"width: 100%;\" \/><\/div><\/div><\/div><div class=\"section-title\">Premium Bar Stalo rinkinys<\/div><div class=\"video-section\"><div class=\"video-section-img-pc\"><img decoding=\"async\" src=\"\/vevor\/product\/BTZEK3JTYXGYWTHHM001\/bar-table-a100-1.4.jpg\" \/><\/div><div class=\"video-section-img-m\"><img decoding=\"async\" src=\"\/vevor\/product\/BTZEK3JTYXGYWTHHM001\/bar-table-a100-1.4-m.jpg\" \/><\/div><div class=\"section-desc\">Sukurtas specialiai ma\u017eoms, kompakti\u0161koms erdv\u0117ms, \u0161is auk\u0161\u010diausios kokyb\u0117s sta\u010diakampis u\u017eeigos stalas su taburete pasi\u017eymi tvirta, patvaria strukt\u016bra ir stilinga, ta\u010diau prakti\u0161ka i\u0161vaizda. lengvai surenkamas, padeda greitai sukurti ideali\u0105 laisvalaikio ir pramog\u0173 erdv\u0119.<\/div><\/div><div class=\"section\"><div class=\"section-title\"><\/div><div class=\"section-img\"><img decoding=\"async\" src=\"\/vevor\/product\/BTZEK3JTYXGYWTHHM001\/bar-table-a100-2.2.jpg\" \/><\/div><div class=\"section-mobile-img\"><img decoding=\"async\" src=\"\/vevor\/product\/BTZEK3JTYXGYWTHHM001\/bar-table-a100-2.2-m.jpg\" \/><\/div><div class=\"section-desc\">Pagaminta i\u0161 P2 klas\u0117s med\u017eio dro\u017eli\u0173 plok\u0161t\u0117s stalvir\u0161io, m\u016bs\u0173 virtuv\u0117s stalas ir baro taburet\u0117 u\u017etikrina patikimum\u0105 ir lengv\u0105 valym\u0105, o formaldehido emisija grie\u017etai kontroliuojama \u2264 0,9 ppm. Jis yra atsparus kar\u0161\u010diui, atsparus vandeniui ir i\u0161laiko savo pana\u0161i\u0105 nauj\u0105 i\u0161vaizd\u0105 po ilgalaikio naudojimo.<\/div><\/div><div class=\"section\"><div class=\"section-title\"><\/div><div class=\"section-img\"><img decoding=\"async\" src=\"\/vevor\/product\/BTZEK3JTYXGYWTHHM001\/bar-table-a100-2.3.jpg\" \/><\/div><div class=\"section-mobile-img\"><img decoding=\"async\" src=\"\/vevor\/product\/BTZEK3JTYXGYWTHHM001\/bar-table-a100-2.3-m.jpg\" \/><\/div><div class=\"section-desc\">\u0160is 36,02 colio \/ 915 mm prie\u0161prie\u0161inio auk\u0161\u010dio virtuv\u0117s stalas su baro taburete yra skirtas prakti\u0161kumui. jo auk\u0161tis suteikia patogi\u0105, netrukdom\u0105 viet\u0105 kojoms, suteikian\u010di\u0105 maloni\u0105 patirt\u012f.<\/div><\/div><div class=\"section\"><div class=\"section-title\"><\/div><div class=\"section-img\"><img decoding=\"async\" src=\"\/vevor\/product\/BTZEK3JTYXGYWTHHM001\/bar-table-a100-2.4.jpg\" \/><\/div><div class=\"section-mobile-img\"><img decoding=\"async\" src=\"\/vevor\/product\/BTZEK3JTYXGYWTHHM001\/bar-table-a100-2.4-m.jpg\" \/><\/div><div class=\"section-desc\">Su klasikin\u0117mis neutraliomis spalvomis ir paprastu, bet eleganti\u0161ku dizainu, m\u016bs\u0173 alud\u0117s stalas ir k\u0117d\u0117 skland\u017eiai papildo \u012fvairius nam\u0173 dekoro stilius, \u012fskaitant modernius, minimalistinius ir pramoninius. tai gali pad\u0117ti jums lengvai sukurti harmoning\u0105 ir viening\u0105 ideali\u0105 gyvenam\u0105j\u0105 erdv\u0119.<\/div><\/div><div class=\"section\"><div class=\"section-title\"><\/div><div class=\"section-img\"><img decoding=\"async\" src=\"\/vevor\/product\/BTZEK3JTYXGYWTHHM001\/bar-table-a100-2.5.jpg\" \/><\/div><div class=\"section-mobile-img\"><img decoding=\"async\" src=\"\/vevor\/product\/BTZEK3JTYXGYWTHHM001\/bar-table-a100-2.5-m.jpg\" \/><\/div><div class=\"section-desc\">\u0160is daugiafunkcinis apvalus baro stalas ir k\u0117d\u017ei\u0173 rinkinys pasi\u017eymi lanks\u010diu dizainu, kuris lengvai prisitaiko prie \u012fvairi\u0173 nam\u0173 scenarij\u0173, pavyzd\u017eiui, darbo vietos, pusry\u010di\u0173 kampelio ar mini baro. nesvarbu, ar pietauti, gerti g\u0117rim\u0105 ar laikinai naudoti biure, jis suteikia prakti\u0161k\u0105 sprendim\u0105.<\/div><\/div><div class=\"section\"><div class=\"section-img\"><img decoding=\"async\" src=\"\/vevor\/product\/BTZEK3JTYXGYWTHHM001\/bar-table-a100-1.11.jpg\" \/><\/div><div class=\"section-mobile-img\"><img decoding=\"async\" src=\"\/vevor\/product\/BTZEK3JTYXGYWTHHM001\/bar-table-a100-1.11-m.jpg\" \/><\/div><\/div><\/div><\/body><\/html><\/div>\n<div class=\"DM_at-title\" id=\"js-DM_at-title\"> <div>Produkto specifikacija<\/div> <i class=\"icon-arrowup_line\"><\/i> <\/div><div class=\"DM_at-goodsDescAttr\" id=\"js-DM_at-goodsDescAttr\"> <div class=\"DM_at-goodsDescAttrInner\"> <dl class=\"goodsDesc_item goodsDesc_item_even\"> <dt>Prek\u0117s Modelio Numeris<\/dt> <dd> BTZ-GW-003<\/dd> <\/dl> <dl class=\"goodsDesc_item\"> <dt>Rinkinys Tipas<\/dt> <dd> 1 Stalas ir 2 K\u0117d\u0117s<\/dd> <\/dl> <dl class=\"goodsDesc_item goodsDesc_item_even\"> <dt>Neto Svoris<\/dt> <dd> 32,63 svaro\/14,8 kg<\/dd> <\/dl> <dl class=\"goodsDesc_item\"> <dt>Stalo Matmenys<\/dt> <dd> \u03c623.62 x 36.02 coli\u0173\/\u03c6600 x 915 mm<\/dd> <\/dl> <dl class=\"goodsDesc_item goodsDesc_item_even\"> <dt>K\u0117d\u0117s Matmenys<\/dt> <dd> 13,78 x 16,54 x 36,22 colio\/350 x 420 x 920 mm<\/dd> <\/dl> <\/div> <\/div>","protected":false},"excerpt":{"rendered":"<ul>\n<li> 3-Pc Stalo &amp; k\u0117d\u0117 rinkinys: M\u016bs\u0173 sta\u010diakampio formos u\u017eeigos stalas su taburete apima 1 stal\u0105 (\u03c623.62 x 36.02 in\/\u03c6600 x 915 mm) ir 2 atlo\u0161tos k\u0117d\u0117s (13.78 x 16.54 x 36.22 in\/350 x 420 x 920 mm) dviems \u017emon\u0117ms, Jis turi 14.88 in\/378 mm plo\u010dio apskrit\u0105 lentyn\u0105 centre <\/li>\n<li> Grie\u017eti med\u017eiag\u0173 standartai: Virtuv\u0117s stalas ir baro i\u0161mat\u0173 vir\u0161us yra pagaminti i\u0161 P2 klas\u0117s med\u017eio dro\u017eli\u0173 plok\u0161t\u0117s, sertifikuotos CARB ir EPA, o formaldehido emisija kontroliuojama \u2264 0,9 ppm. Su \u012fvertinimu, vir\u0161ijan\u010diu P1 laipsn\u012f, u\u017etikrina patikim\u0105 nam\u0173 b\u016bkl\u0119 <\/li>\n<li> Erdv\u0117s optimizavimas: suporuotas su dviej\u0173 asmen\u0173 k\u0117d\u017ei\u0173 komplektu, \u0161is prie\u0161prie\u0161inio auk\u0161\u010dio virtuv\u0117s stalas su baro taburete pasi\u017eymi kompakti\u0161ku, erdv\u0119 taupan\u010diu dizainu. Jis lengvai i\u0161naudoja nenaudojamus kampus arba viet\u0105 j\u016bs\u0173 svetain\u0117je, sukurdamas patog\u0173 nam\u0173 baro kamp\u0105 <\/li>\n<li> Paprastas surinkimas: paprastas statinys, i\u0161samus naudojimo vadovas ir komplektuojami \u012frankiai, \u0161is u\u017eeigos stalas ir k\u0117d\u0117 leid\u017eia greitai surinkti <\/li>\n<li> Eleganti\u0161kas &amp; Lengva valyti: Su dr\u0117gna \u0161luoste, m\u016bs\u0173 apvalus baro stalas ir k\u0117d\u0117s rinkinys lengvai valo ir ilgai i\u0161lieka toks pat geras kaip naujas, Jo klasikin\u0117s spalvos ir dizainas skland\u017eiai susilieja \u012f \u0161iaurieti\u0161k\u0105, pramonin\u012f, modern\u0173 minimalistin\u012f ir kitus nam\u0173 stilius <\/li>\n<\/ul>","protected":false},"featured_media":448017,"comment_status":"open","ping_status":"open","template":"","meta":{"om_disable_all_campaigns":false,"_monsterinsights_skip_tracking":false,"_monsterinsights_sitenote_active":false,"_monsterinsights_sitenote_note":"","_monsterinsights_sitenote_category":0,"_uf_show_specific_survey":0,"_uf_disable_surveys":false},"location":[1935,1934],"product_brand":[],"product_cat":[1986,22,23],"product_tag":[],"class_list":{"0":"post-230725","1":"product","2":"type-product","3":"status-publish","4":"has-post-thumbnail","6":"location-supplier_stock_location","7":"location-local_stock_location","8":"product_cat-bar-tables","9":"product_cat-restaurant-food-service","10":"product_cat-restaurant-furniture","12":"first","13":"instock","14":"taxable","15":"shipping-taxable","16":"purchasable","17":"product-type-simple"},"aioseo_notices":[],"jetpack_sharing_enabled":true,"locations":[{"id":1935,"name":"Pieg\u0101d\u0101t\u0101ja noliktav\u0101 (5-7d.d.)","slug":"supplier_stock_location","quantity":"1"},{"id":1934,"name":"R\u012bgas veikal\u0101 (0-2d.d.)","slug":"local_stock_location","quantity":"0"}],"_links":{"self":[{"href":"https:\/\/vevorshop.lv\/lt\/wp-json\/wp\/v2\/product\/230725","targetHints":{"allow":["GET"]}}],"collection":[{"href":"https:\/\/vevorshop.lv\/lt\/wp-json\/wp\/v2\/product"}],"about":[{"href":"https:\/\/vevorshop.lv\/lt\/wp-json\/wp\/v2\/types\/product"}],"replies":[{"embeddable":true,"href":"https:\/\/vevorshop.lv\/lt\/wp-json\/wp\/v2\/comments?post=230725"}],"wp:featuredmedia":[{"embeddable":true,"href":"https:\/\/vevorshop.lv\/lt\/wp-json\/wp\/v2\/media\/448017"}],"wp:attachment":[{"href":"https:\/\/vevorshop.lv\/lt\/wp-json\/wp\/v2\/media?parent=230725"}],"wp:term":[{"taxonomy":"location","embeddable":true,"href":"https:\/\/vevorshop.lv\/lt\/wp-json\/wp\/v2\/location?post=230725"},{"taxonomy":"product_brand","embeddable":true,"href":"https:\/\/vevorshop.lv\/lt\/wp-json\/wp\/v2\/product_brand?post=230725"},{"taxonomy":"product_cat","embeddable":true,"href":"https:\/\/vevorshop.lv\/lt\/wp-json\/wp\/v2\/product_cat?post=230725"},{"taxonomy":"product_tag","embeddable":true,"href":"https:\/\/vevorshop.lv\/lt\/wp-json\/wp\/v2\/product_tag?post=230725"}],"curies":[{"name":"wp","href":"https:\/\/api.w.org\/{rel}","templated":true}]}}