{"id":23290,"date":"2024-11-18T13:51:50","date_gmt":"2024-11-18T13:51:50","guid":{"rendered":"http:\/\/vevorshop.edigo.lv\/Prece\/vevor-dog-ramp-folding-pet-ramp-for-bed-adjustable-dog-ramp-for-small-large-old-dogs-cats-wooden-pet-ramp-with-47-2-long-ramp-adjustable-from-13-8-to-27-6-suitable-for-couch-sofa\/"},"modified":"2026-04-20T17:40:35","modified_gmt":"2026-04-20T14:40:35","slug":"vevor-dog-ramp-folding-pet-ramp-for-bed-adjustable-dog-ramp-for-small-large-old-dogs-cats-wooden-pet-ramp-with-47-2-long-ramp-adjustable-from-13-8-to-27-6-suitable-for-couch-sofa","status":"publish","type":"product","link":"https:\/\/vevorshop.lv\/lt\/Prece\/vevor-sunu-rampa-sulankstoma-naminiu-gyvuneliu-rampa-lovai-reguliuojama-sunu-rampa-maziems-dideliems-seniems-sunims-kates-medine-naminiu-gyvuneliu-rampa-su-47-2-ilga-rampa-reguliuojama-nuo-13-8-iki-27\/","title":{"rendered":"VEVOR reguliuojama sulankstoma medin\u0117 gyv\u016bn\u0173 rampa 120 cm su neslystan\u010diu pavir\u0161iumi \u0161unims ir kat\u0117ms, auk\u0161tis 35\u201370 cm"},"content":{"rendered":"<div style=\"color: #fff!important; font-size: 16px; height: 24px; line-height: 24px; margin-top: -24px; \" class=\"product_original_name\">VEVOR \u0161un\u0173 rampa, sulankstoma namini\u0173 gyv\u016bn\u0117li\u0173 rampa lovai, reguliuojama \u0161un\u0173 rampa ma\u017eiems, dideliems, seniems \u0161unims ir kat\u0117ms, medin\u0117 namini\u0173 gyv\u016bn\u0117li\u0173 rampa su 120 cm ilga rampa, reguliuojama nuo 35 cm iki 70 cm, tinka sofai, sofai, automobiliui<\/div>\n<div style=\"color: #fff!important; font-size: 16px; height: 24px; line-height: 24px; margin-top: -24px; \" class=\"product_sku\">M4I4KR4D<\/div>\n<div style=\"color: #fff!important; font-size: 16px; height: 24px; line-height: 24px; margin-top: -24px; \" class=\"product_mpn\">CWAQPDMZHSZDSADDMV0<\/div><div id=\"js-DM_at-goodDescRich\"><html><head><style>  body {    font-family: Arial;    line-height: 1.5;    color: #1c1c1c;    overflow-x: hidden;    margin: 0;    padding: 0;  }  .MsoNormal b {    font-weight: bolder;  }<\/style><style>  .container.small {    width: 970px;    margin: 0 auto;  }  .logo {    margin: 0 auto 0;  }  .logo img {    display: block;    margin: 0 auto;    max-width: 100%;  }  .logo .pc-banner {    display: block;    width: 1200px;    height: 247.4px;    margin: 0 auto;  }  .logo .pc-banner.small {    width: 970px;  }  .logo .pc-banner.small img {    height: auto!important;  }  .logo .m-banner {    display: none;  }  .ytvideo {    position: relative;    height: 546px;    width: 100%;    margin: 0 auto;  }  .ytvideo img {    width: 100%;    margin: 0 auto;  }  .ytvideo .play-btn {    width: 60px;    height: 42px;    position: absolute;    top: 50%;    left: 50%;    transform: translate(-50%, -50%);    background: url(\"data:image\/png;base64,iVBORw0KGgoAAAANSUhEUgAAAGQAAABGCAMAAAANWMFbAAAC+lBMVEUAAADBGB3kLCfBGB3kLCfcJC7BFx3KKSbiKybkLCbWJCPSIiLSIiLPICHAFx3kLCfgKSXNHiDZJiTIGx\/p4eHcjo7LHSDbJyTkLCbjKyfOHyHPIiL28fHJHB\/GGh7EGR7eKCXDGB3RISHlLSbBGB3AFxzGHB7DGB7BGB3hKybkKybAFx3lLCfAFxzDGR3hKibDGB7cJyTmz8\/elJTlwcHjurrUIyLlLSflLSfAFx3DGR7lLSfCFx3hKibhKibhKybjKybkLCblLSfbJSX49vbx7e3NNzjNMTLMJyjVIyLZf3\/ZQ0LaeHjx0tLgoqLkLCfCGB3HGx\/BGB3BFx3PICHCGB7WJCLOHyC\/Fxy\/Fx3lLCfQISHkLSe\/FxzbJiTBFx3FGx\/AGB7BFx3EGR7AGB3HHSDfKiXAFh3TISHYNzbhKibbJyTTIiL57e325+f039\/v2NjUV1fOHiHiqanfmprch4feKSXVIyPOICHmLibFGh\/mLSe\/Fx7XJCPeKSXXJSPNHyHaJyTGGh7lLCbmLCflLSjSIiLkLCbdKSXLHiC\/GB3KHh++Fh3lKyfoLiXcKCPkx8fYb2\/XaGfVXl3aU1LLHiDksbHgKibPICHbJyTfKSXbJyTCGB3KHSDiKybFGh7TIiL\/\/\/\/VIyPRISHIHB\/GGx\/HHB\/DGR7gKibdKCXLHiDZJiTMHiDNHyHYJSTOICHPICHWJCPcKCXXJSPjLCblLCf+\/f3NGR\/uLijzLynPGR\/IGB7WISHaIyLLGh7UAADxLynNAADRLzDbICLQAADIAAD3MCrUHSHXMTDpKSbLAADp5OTij4\/ejo\/VLy\/1LyngJSTcJCPQHx\/OHB7+\/PzaMS\/OLS\/vLijrLSjSAADaNTPwLyjkKSbNJCbYISHPHB\/KGB7WAAD7+vrn3d3aKynTKCjoLCfsKifRGh\/YAADq5+fhjo7QNDXXKCfmJyXt5+fTLzDLLi\/QKivYHRvMGBrQJCXLISPMExXLDxLaEAvkkI\/bOTfaFQ\/SCgpvLcnHAAAAmnRSTlMA+vv7+gT9Bvf9+8z8\/NSv\/Pr5+P7++vnQIBMP\/v38\/Pn348XDiCYf9OjbzcqxXVcx\/fz8+\/rj1r2poo1+fXFqX0orGP7+\/v7+\/fz8+\/r68uzn4trIxsG\/vri3p6GcmZSNbWVYUUZEPQv+\/f39+\/v7+\/v7+vr64tvV1NTTz87FtbSurqeblJKFg4B3bUY+NjL7+\/v7+\/v67t1cDo8JLQAABkRJREFUWMO0kz9rwkAYh0OIeJkum6YugUAhISCdKoj\/P4C7SMdS+gEKIhSKil10LSg4mzXkILdlEpxCpwTiWOLX6BujvQaEQuGeHLnL+\/64J+SIcKGYTYWnntpdLjrVdqvZmNdn0+EE40GtpuuWVS6Xx6N7YDSGpWXpeq02wHgynM7q80az1a52HpddtVcpsi1zFARBrdaxbhp9iUReTGmwA4KAAr7vx3EYejnCMI6hQYEgy0LQi4jUN0wL19vqFcUC9\/1dAKmEEFkWRYkh5oBejnxQJiSJPJ\/uKBp0Thszx9Mw8hMRIQjKsptCfuES9zr5WJY6vSFCIvE9fCMUmEM1A1kSXcYGxgVYsvI1IPKTZciSTI0us\/SMGG04gDzELDoFBwdcFJrF88dqgYMTiL6DILWYyfOWE8\/kIz38olCNlC03FK95+imxp6y4oUSvAnBjHHhKNtotSDqJzVFiK8c2SBqhZtsrTtgrLXwAyduxZHNE26eHUt5rtuM4WSmds3G+sUdWYo1L+XyxButoh5eKUHk5lByO3G1LqqCWVnfrv\/lyPtf\/4ps1cndNGIri8J1TJ0lx6dR\/oPjq1nbRwdp2dCk4CtIOLW3pVKRL6WZfS5vF2KkIQhpwSsjiYIgNCs1gEMGqiIq24NQX9NwoXFy8Ufrl3twTcg4fv8T9\/JBEySduj6Mjm4bMzYV7EEOxKjjoNDud7yY3Dy71Hq2oLmqfbNR723edH9PgMrNL2utoQ3VmaIDkiw\/4w51P06hlZsTZvkRrbVuSIs\/zwSOsycgzStQouoAkWQqioRT5XI7n2Z1wfVhoZmcAJLsoqjqpjbWCgpOAJXBwHK8PzWbNvoUZJND5wCnSkLAkZ1legx6vqQzjoiTahKlGUGLAiIIoABOHaNVw4sexZBym6\/HWlH5h3IC7yRbxtipcWxdTOkORKiNQAEkFf66x5S2oeRbroOlLgg0sSYkR0hRGEqJZ0jTPiQKatESdBckpWigxaapEH0lImHdWu9pUFF2XqMNM2Z4kped7IwEJw2qabwtrQqnpw6HyKkgcadKWsmpywwesDyIhYRpdzXddqegtGIJlXbAIUMOLkGxJUjRIkokwjUaX9d\/kK62ps\/tYUqZLIMkLTyBhsMZ3C5Z\/kDxOSCb\/DOs\/\/J0qcWSX\/2ipe56EgTCA4\/cB7NAYOsni4mZM1MUPAISoEwkDi4lhVBQ1cWQyIcwalw4EpqZN68JUSK7XC0kTlkLYii5uXSC8jT5ncCAS7mjCv0uHp\/3lueHEEAeQ\/\/VgmdN71\/2uCSA1Xr6DO6uI6sW56zqT2tp2PhgiRUAajV8CY2fkcz6WGNKMgLAt7tJAhD4YHMTeRxlALE6+43WqjSWi8ITxyJl8WrwWSNESQZZOqhDDntO3hJLsd5RtSpbJqdv3YrDJH3F7jL1R2O2aQkn2MyCyKYz0GPGIvSAMgBCrCEiJyKbBaYGwLW4uPRr0A0M4Ux5kUI7IBh+hMdiCEWNqhMZGyYMsOgNE58UQuEQeUnSWCMYwL54hkxK6IoqucQZbQ3pc3XtL0lky1dL0zZJJDpWJovFqpWj6JEHnyam2eQp5QRVAVHjWparTOaVwUOx99YS2MvgxIGV0bb+qIg2HX2qkFFJB+XZcbLiuRkuxD9GRroKyveLxdh4d7Orx+hb7qc3uVRuEogCOnyIxm4ubUoPgF4jianDrC+SDQDKEfJb0GUKmjCGPYHGJvVC6X4hw1\/sAfQAdfYyephIaspXe36RwOP+Ljvfx9B6B3i+Nk0DGq+oCbLn6JpBa9nWAveAIHwFAwtVcIJXPMPL8kRu5OAYPMaL1WScTxjiZDqB9LTJSWphow\/pTYKRTLjCBhvi9iBidvKcDasGSm0QQkycYuLBqj6QCELPctqChDWpTRMWkngNNpQ1Pfp1KkiT\/Y0DGffXAweUNfLAfaJFKDwhb6I+bkYRbkERoEeu3Fyjg2opMz2daZCS9jt6Q7txNfB+OZEVF6Zl5web2xunnLQrtrjXseXKaFYziYINeMFZVxS9VxRhOoesYwxPKXm+gWLG9cuFeq93UNNeJNsf1KlwuDok9n02n3TgIJpOxNfL9naIoQwXtfH9kjceTIIi709ncTg6LZbg+biLH1V6u\/7rxBem06VXKn9raAAAAAElFTkSuQmCC\")      no-repeat center center \/ contain;  }  @media screen and (max-width: 960px) and (orientation: portrait) {    .logo {      width: 100%;    }    .logo .pc-banner {      display: none;    }    .logo .m-banner {      display: block;      width: 100%;    }    .logo .m-banner img {      height: auto!important;    }    .ytvideo {      height: 200px;      width: 100%;    }  }<\/style><style>  .video-section {    width: 100%;    margin: 0 auto;  }  .video-section > img {    width: 100%;  }  .video-section iframe,  .video-section video {    width: 100%;    height: 100%;      }  .video-section-img-m,  .video-section-img-pc > img {    width: 100%;    height: auto;  }  .video-section-img-pc.small > img {    width: 970px;  }  .video-desc {    line-height: 1.5;    font-size: 20px;    font-weight: 400;    margin: 20px 0;    text-align: center;    color: #0f1111;    word-break: break-word;  }  @media screen and (max-width: 960px) and (orientation: portrait) {    .video-section {      width: 100%;    }    .video-section-pc,    .video-section-img-pc {      display: none;    }    .video-section-m,    .video-section-img-m {      display: block;    }    .video-desc {      font-size: 15px;    }  }  @media screen and (min-width: 960px) {    .video-section {      width: 100%;      margin: 0 auto;    }    .video-section-pc,    .video-section-img-pc {      display: block;    }    .video-section-m,    .video-section-img-m {      display: none;    }    .video-desc {      font-size: 20px;    }  }<\/style><style>  .section + .section {    margin-top: 35px;  }  .section-title {    text-align: center;    font-weight: bold;    color: #0d1111;    font-family: \"Arial\";    font-size: 32px;    margin: 15px 0;  }  .section-title:empty {    display: none;  }  .section-desc {    text-align: center;    font-weight: normal;    color: #0d1111;    margin-top: 20px;  }  .section-desc:empty {    display: none;  }  .section-img {    width: 1200px;    height: 492px;    margin: 0 auto;    display: block;  }  .section-img.small {    width: 970px;    height: auto;  }  .section-img.small > img {    height: auto;  }  .section-img > img {    width: 100%;    height: 100%;  }  .section-mobile-img {    display: none;    max-width: 100vw;    max-height: 75vw;    height: 450px;    margin: 0 auto;  }  .section-mobile-img > img {    width: 100%;    height: 100%;  }  @media screen and (max-width: 960px) and (orientation: portrait) {    .container {      width: 100%;    }    .container.small {      width: 100%;    }    .section-mobile-img {      display: block;    }    .section-img {      display: none;    }    .section-title {      font-size: 22px;      margin: 10px 0;    }    .section-desc {      margin-top: 10px;    }    .section + .section {      margin-top: 20px;    }  }<\/style><\/head><body><div class=\"container\"><div class=\"logo\"><div class=\"pc-banner\"><div><img decoding=\"async\" src=\"\/vevor\/vevor\/boutique-banner\/pc\/en-pc@1x.jpg\" style=\"width: 100%;\" \/><\/div><\/div><div class=\"m-banner\"><div><img decoding=\"async\" src=\"\/vevor\/vevor\/boutique-banner\/mobile\/en-m@1x.jpg\" style=\"width: 100%;\" \/><\/div><\/div><\/div><div class=\"section-title\">VEVOR \u0160uo Perone<\/div><div class=\"video-section\"><div class=\"video-section-img-pc\"><img decoding=\"async\" src=\"\/vevor\/product\/CWAQPDMZHSZDSADDM\/pet-safety-ramp-a100-1.4.jpg\" alt=\"VEVOR \u0161uo rampos su saugos atitvaro, kuriame \u0161un\u0173 47.2-coli\u0173 anti-slip pet rampos, patalpose.\" \/><\/div><div class=\"video-section-img-m\"><img decoding=\"async\" src=\"\/vevor\/product\/CWAQPDMZHSZDSADDM\/pet-safety-ramp-a100-1.4-m.jpg\" alt=\"VEVOR \u0161uo rampos su saugos atitvaro, kuriame \u0161un\u0173 47.2-coli\u0173 anti-slip pet rampos, patalpose.\" \/><\/div><div class=\"section-desc\">\u012e 47.2-coli\u0173 pet ramp suteikia draugi\u0161kas ir saugus kelias savo furry draug\u0173. Patvarus ir neslidus pavir\u0161ius si\u016blo galing\u0105 traukos j\u016bs\u0173 augintiniai, o u\u017ekirsti keli\u0105 paslysti ant \u0161laito.<\/div><\/div><div class=\"section\"><div class=\"section-title\"><\/div><div class=\"section-img\"><img decoding=\"async\" src=\"\/vevor\/product\/CWAQPDMZHSZDSADDM\/pet-safety-ramp-a100-2.2.jpg\" alt=\"patvarus VEVOR \u0161uo rampos, su anti-slip pavir\u0161i\u0173 ir medinis r\u0117mas remti dideli\u0173 \u0161un\u0173, iki 250 svar\u0173.\" \/><\/div><div class=\"section-mobile-img\"><img decoding=\"async\" src=\"\/vevor\/product\/CWAQPDMZHSZDSADDM\/pet-safety-ramp-a100-2.2-m.jpg\" alt=\"patvarus VEVOR \u0161uo rampos, su anti-slip pavir\u0161i\u0173 ir medinis r\u0117mas remti dideli\u0173 \u0161un\u0173, iki 250 svar\u0173.\" \/><\/div><div class=\"section-desc\">Meistri\u0161kai, su auk\u0161\u010diausios kokyb\u0117s pu\u0161ies medienos, tai reguliuojamas \u0161uns rampos yra itin stabil\u016bs ir ilgaam\u017eiai. Jos trikampio strukt\u016bra prideda papildom\u0173 stiprumo, ir apa\u010dioje, slydimui atsparus pagalv\u0117l\u0117s padidinti stabilum\u0105. Su jos puiki\u0173 rezultat\u0173, jis i\u0161lieka tvirtas net ir tada, kai guolis \u017emoni\u0173.<\/div><\/div><div class=\"section\"><div class=\"section-title\"><\/div><div class=\"section-img\"><img decoding=\"async\" src=\"\/vevor\/product\/CWAQPDMZHSZDSADDM\/pet-safety-ramp-a100-2.3.jpg\" alt=\"VEVOR \u0161uo rampa kat\u0117s, ma\u017ei \u0161unys, vidutinio dyd\u017eio \u0161unys, dideli \u0161unys, seni \u0161unys, o \u0161unys su su\u017ealotas kojas.\" \/><\/div><div class=\"section-mobile-img\"><img decoding=\"async\" src=\"\/vevor\/product\/CWAQPDMZHSZDSADDM\/pet-safety-ramp-a100-2.3-m.jpg\" alt=\"VEVOR \u0161uo rampa kat\u0117s, ma\u017ei \u0161unys, vidutinio dyd\u017eio \u0161unys, dideli \u0161unys, seni \u0161unys, o \u0161unys su su\u017ealotas kojas.\" \/><\/div><div class=\"section-desc\">Idealiai tinka kaip pad\u0117ti savo mylimajai \u0161unys, nesvarbu, didelis ar ma\u017eas dydis, lipti auk\u0161tas sofos ar lovos. Lankstymo pet rampa yra ypa\u010d naudinga vyresnio am\u017eiaus arba su\u017eeist\u0173 ka\u010di\u0173, skatinti interaktyvios pramogos ir prieinamum\u0105.<\/div><\/div><div class=\"section\"><div class=\"section-title\"><\/div><div class=\"section-img\"><img decoding=\"async\" src=\"\/vevor\/product\/CWAQPDMZHSZDSADDM\/pet-safety-ramp-a100-2.4.jpg\" alt=\"sulankstomas ne\u0161iojam\u0173 ir VEVOR \u0161uo rampa, lengvai laikyti po sofa, lova, arba automobilio baga\u017ein\u0117je.\" \/><\/div><div class=\"section-mobile-img\"><img decoding=\"async\" src=\"\/vevor\/product\/CWAQPDMZHSZDSADDM\/pet-safety-ramp-a100-2.4-m.jpg\" alt=\"sulankstomas ne\u0161iojam\u0173 ir VEVOR \u0161uo rampa, lengvai laikyti po sofa, lova, arba automobilio baga\u017ein\u0117je.\" \/><\/div><div class=\"section-desc\">Sulankstoma konstrukcija leid\u017eia saugojimo be jokio vargo. Kai nenaudojate, laikykite medini\u0173 pet perone pagal j\u016bs\u0173 sunkve\u017eimio, sofa ar lova be prad\u0117jimo laisvos vietos. \u012erengtas su rankena \u0161one, galite lengvai atlikti patalpoje ar lauke.<\/div><\/div><div class=\"section\"><div class=\"section-title\"><\/div><div class=\"section-img\"><img decoding=\"async\" src=\"\/vevor\/product\/CWAQPDMZHSZDSADDM\/pet-safety-ramp-a100-2.5.jpg\" alt=\"universalus VEVOR \u0161uo rampa lovos, sofos, palang\u0117s, ir transporto priemon\u0117s, atskleis \u012fvairi\u0173 naudojimo scenarijai.\" \/><\/div><div class=\"section-mobile-img\"><img decoding=\"async\" src=\"\/vevor\/product\/CWAQPDMZHSZDSADDM\/pet-safety-ramp-a100-2.5-m.jpg\" alt=\"universalus VEVOR \u0161uo rampa lovos, sofos, palang\u0117s, ir transporto priemon\u0117s, atskleis \u012fvairi\u0173 naudojimo scenarijai.\" \/><\/div><div class=\"section-desc\">Su savo 47.2-coli\u0173 ilgio rampa ir reguliuojamas dizainas, \u0161is \u0161uo rampa lova padeda savo furry draug\u0173 pasiekti lovos, sofos, palang\u0117s, ir net gauti ir i\u0161 automobili\u0173, saugiai.<\/div><\/div><div class=\"section\"><div class=\"section-img\"><img decoding=\"async\" src=\"\/vevor\/product\/CWAQPDMZHSZDSADDM\/pet-safety-ramp-a100-1.11.jpg\" alt=\"VEVOR \u0161uo rampos su 6-lygis reguliuojamas auk\u0161tis ir 47,2 proc.-coli\u0173 ilgio, pagaminti i\u0161 pu\u0161ies medienos ir gumos.\" \/><\/div><div class=\"section-mobile-img\"><img decoding=\"async\" src=\"\/vevor\/product\/CWAQPDMZHSZDSADDM\/pet-safety-ramp-a100-1.11-m.jpg\" alt=\"VEVOR \u0161uo rampos su 6-lygis reguliuojamas auk\u0161tis ir 47,2 proc.-coli\u0173 ilgio, pagaminti i\u0161 pu\u0161ies medienos ir gumos.\" \/><\/div><\/div><\/div><\/body><\/html><\/div>\n<div class=\"DM_at-title\" id=\"js-DM_at-title\"> <div>Produkto specifikacija<\/div> <i class=\"icon-arrowup_line\"><\/i> <\/div><div class=\"DM_at-goodsDescAttr\" id=\"js-DM_at-goodsDescAttr\"> <div class=\"DM_at-goodsDescAttrInner\"> <dl class=\"goodsDesc_item goodsDesc_item_even\"> <dt>Prek\u0117s Modelio Numeris<\/dt> <dd> ATSA2025<\/dd> <\/dl> <dl class=\"goodsDesc_item\"> <dt>Panduso Ilgis<\/dt> <dd> 47.2 \u012f\/1200 mm<\/dd> <\/dl> <dl class=\"goodsDesc_item goodsDesc_item_even\"> <dt>6-lygis Reguliuojamas Auk\u0161tis<\/dt> <dd> 13.8&#034;\/35cm, 17.7&#034;\/45cm, 20.3&#034;\/52cm, 22.8&#034;\/58cm, 25.6&#034;\/65cm, 27.6&#034;\/70cm<\/dd> <\/dl> <dl class=\"goodsDesc_item\"> <dt>Skai\u010dius Crossbars<\/dt> <dd> 7<\/dd> <\/dl> <dl class=\"goodsDesc_item goodsDesc_item_even\"> <dt>Pirmin\u0117s Med\u017eiagos<\/dt> <dd> Pu\u0161ies Medienos, Gumos<\/dd> <\/dl> <dl class=\"goodsDesc_item\"> <dt>Produkto Svoris<\/dt> <dd> 14.1 kg\/6.4 kg<\/dd> <\/dl> <dl class=\"goodsDesc_item goodsDesc_item_even\"> <dt>Gaminio Dydis<\/dt> <dd> 47.2x16.5x2.4\/1199x419x61 mm<\/dd> <\/dl> <\/div> <\/div>","protected":false},"excerpt":{"rendered":"<ul>\n<li> Didel\u0117s traukos ir neslystantis pavir\u0161ius: \u0161un\u0173 rampa pasi\u017eymi didel\u0117s traukos guminiu kilimu su grioveliais, tod\u0117l j\u016bs\u0173 augintiniui suteikiamas saugus ir neslystantis pavir\u0161ius. rampos dizain\u0105 sudaro 7 skersiniai, kurie suteikia papildom\u0105 sukibim\u0105, kad b\u016bt\u0173 i\u0161vengta slydimo ir kritimo kopimo metu. <\/li>\n<li> Tvirtas ir Patvarus: Sukurtas i\u0161 auk\u0161\u010diausios kokyb\u0117s pu\u0161ies medienos, tai med\u017eio masyvo reguliuojamas \u0161uo rampos yra itin stabili ir gali pad\u0117ti gyv\u016bn\u0117liams, sveria iki 250 svar\u0173. Be to, mink\u0161tos gumos padeliai apa\u010dioje u\u017etikrina stabilum\u0105 per savo augintinio pasik\u0117limas. <\/li>\n<li> 6-lygio Reguliuojamo Auk\u0161\u010dio: Su 6 reguliuojamo auk\u0161\u010dio parametrai (13.8&#034;\/35cm, 17.7&#034;\/45cm, 20.3&#034;\/52cm, 22.8&#034;\/58cm, 25.6&#034;\/65cm, 27.6&#034;\/70cm), j\u016bs galite lengvai pritaikyti pet rampos auk\u0161t\u012f, kad atitikt\u0173 j\u016bs\u0173 specifinius poreikius. Pastaba: kad tai n\u0117ra tinkamas lovos auk\u0161tis didesnis kaip 27.6&#034;\/70cm. <\/li>\n<li> Joki\u0173 Surinkimo Reikalaujama: \u0160is \u0161uo rampa lova pristatomas visi\u0161kai surinktas ir paruo\u0161tas naudoti i\u0161 karto, tod\u0117l j\u012f labai patogu. Jis taip pat sulankstomas lengvai saugojimo, kompakti\u0161kas ir lengvas, tod\u0117l be vargo transporto. Tiesiog sulenkite ir sukrauti j\u012f \u012f savo automobil\u012f ar VISUREIG\u012e. <\/li>\n<li> Universalus Naudojimas: Su gabaritiniai matmenys 47.2 x 16.5 x 2,4 coli\u0173, \u0161is lankstymo pet rampa, gali b\u016bti be vargo \u012fforminta lovos, sofos, ant automobili\u0173, sunkve\u017eimi\u0173, VISUREIGI\u0172, ir daugiau. Tai suteikia j\u016bs\u0173 augintiniui su lengva prieiga prie \u0161i\u0173 sri\u010di\u0173 be prad\u0117jimo laisvos vietos. <\/li>\n<\/ul>","protected":false},"featured_media":278601,"comment_status":"closed","ping_status":"open","template":"","meta":{"om_disable_all_campaigns":false,"_monsterinsights_skip_tracking":false,"_monsterinsights_sitenote_active":false,"_monsterinsights_sitenote_note":"","_monsterinsights_sitenote_category":0,"_uf_show_specific_survey":0,"_uf_disable_surveys":false},"location":[1935,1934],"product_brand":[21],"product_cat":[2457,2365,3649,2366],"product_tag":[],"class_list":{"0":"post-23290","1":"product","2":"type-product","3":"status-publish","4":"has-post-thumbnail","6":"location-supplier_stock_location","7":"location-local_stock_location","8":"product_brand-vevor","9":"product_cat-dog-supplies-pet-supplies-wildlife","10":"product_cat-outdoors","11":"product_cat-pet-safety-ramp-dog-supplies-pet-supplies-wildlife","12":"product_cat-pet-supplies-wildlife","14":"first","15":"instock","16":"taxable","17":"shipping-taxable","18":"purchasable","19":"product-type-simple"},"aioseo_notices":[],"jetpack_sharing_enabled":true,"locations":[{"id":1935,"name":"Pieg\u0101d\u0101t\u0101ja noliktav\u0101 (5-7d.d.)","slug":"supplier_stock_location","quantity":"15"},{"id":1934,"name":"R\u012bgas veikal\u0101 (0-2d.d.)","slug":"local_stock_location","quantity":"0"}],"_links":{"self":[{"href":"https:\/\/vevorshop.lv\/lt\/wp-json\/wp\/v2\/product\/23290","targetHints":{"allow":["GET"]}}],"collection":[{"href":"https:\/\/vevorshop.lv\/lt\/wp-json\/wp\/v2\/product"}],"about":[{"href":"https:\/\/vevorshop.lv\/lt\/wp-json\/wp\/v2\/types\/product"}],"replies":[{"embeddable":true,"href":"https:\/\/vevorshop.lv\/lt\/wp-json\/wp\/v2\/comments?post=23290"}],"wp:featuredmedia":[{"embeddable":true,"href":"https:\/\/vevorshop.lv\/lt\/wp-json\/wp\/v2\/media\/278601"}],"wp:attachment":[{"href":"https:\/\/vevorshop.lv\/lt\/wp-json\/wp\/v2\/media?parent=23290"}],"wp:term":[{"taxonomy":"location","embeddable":true,"href":"https:\/\/vevorshop.lv\/lt\/wp-json\/wp\/v2\/location?post=23290"},{"taxonomy":"product_brand","embeddable":true,"href":"https:\/\/vevorshop.lv\/lt\/wp-json\/wp\/v2\/product_brand?post=23290"},{"taxonomy":"product_cat","embeddable":true,"href":"https:\/\/vevorshop.lv\/lt\/wp-json\/wp\/v2\/product_cat?post=23290"},{"taxonomy":"product_tag","embeddable":true,"href":"https:\/\/vevorshop.lv\/lt\/wp-json\/wp\/v2\/product_tag?post=23290"}],"curies":[{"name":"wp","href":"https:\/\/api.w.org\/{rel}","templated":true}]}}