{"id":234930,"date":"2026-02-25T15:11:27","date_gmt":"2026-02-25T13:11:27","guid":{"rendered":"https:\/\/vevorshop.lv\/en_us\/Prece\/vevor-digital-depth-micrometer-0-558-8-mm-0-01-mm-resolution-lcd-4-anvils-6-rods-precision-depth-gauge-for-grooves-and-holes\/"},"modified":"2026-04-15T19:22:37","modified_gmt":"2026-04-15T16:22:37","slug":"vevor-digital-depth-micrometer-0-558-8-mm-0-01-mm-resolution-lcd-4-anvils-6-rods-precision-depth-gauge-for-grooves-and-holes","status":"publish","type":"product","link":"https:\/\/vevorshop.lv\/lt\/Prece\/vevor-skaitmeninis-gylio-mikrometras-0-558-8-mm-0-01-mm-skiriamoji-geba-lcd-4-priekalai-6-strypai-tikslus-gylio-matuoklis-grioveliams-ir-skylems\/","title":{"rendered":"VEVOR skaitmeninis gylio mikrometras 0\u2013558,8 mm, 0,01 mm, LCD, 4 antgaliai, 6 strypai, tikslus gylio matuoklis grioveliams ir skyl\u0117ms"},"content":{"rendered":"<div style=\"color: #fff!important; font-size: 16px; height: 24px; line-height: 24px; margin-top: -24px; \" class=\"product_original_name\">VEVOR gylio matuoklis, gylio mikrometras Skaitmeninis elektroninis indikatorius 0-558,8 mm matavimo diapazonas, 0,01 mm skiriamoji geba, tikslaus bloko konversija su 4 priekalais, matavimo \u012frankis grioveliui, laipteliui, skylei<\/div>\n<div style=\"color: #fff!important; font-size: 16px; height: 24px; line-height: 24px; margin-top: -24px; \" class=\"product_sku\">MM207Z77<\/div>\n<div style=\"color: #fff!important; font-size: 16px; height: 24px; line-height: 24px; margin-top: -24px; \" class=\"product_mpn\">QFCTZSDQFC021T0P7001V9<\/div><div id=\"js-DM_at-goodDescRich\"><html><head><style>  body {    font-family: Arial;    line-height: 1.5;    color: #1c1c1c;    overflow-x: hidden;    margin: 0;    padding: 0;  }  .MsoNormal b {    font-weight: bolder;  }<\/style><style>  .container.small {    width: 970px;    margin: 0 auto;  }  .logo {    margin: 0 auto 0;  }  .logo img {    display: block;    margin: 0 auto;    max-width: 100%;  }  .logo .pc-banner {    display: block;    width: 1200px;    height: 247.4px;    margin: 0 auto;  }  .logo .pc-banner.small {    width: 970px;  }  .logo .pc-banner.small img {    height: auto!important;  }  .logo .m-banner {    display: none;  }  .ytvideo {    position: relative;    height: 546px;    width: 100%;    margin: 0 auto;  }  .ytvideo img {    width: 100%;    margin: 0 auto;  }  .ytvideo .play-btn {    width: 60px;    height: 42px;    position: absolute;    top: 50%;    left: 50%;    transform: translate(-50%, -50%);    background: url(\"data:image\/png;base64,iVBORw0KGgoAAAANSUhEUgAAAGQAAABGCAMAAAANWMFbAAAC+lBMVEUAAADBGB3kLCfBGB3kLCfcJC7BFx3KKSbiKybkLCbWJCPSIiLSIiLPICHAFx3kLCfgKSXNHiDZJiTIGx\/p4eHcjo7LHSDbJyTkLCbjKyfOHyHPIiL28fHJHB\/GGh7EGR7eKCXDGB3RISHlLSbBGB3AFxzGHB7DGB7BGB3hKybkKybAFx3lLCfAFxzDGR3hKibDGB7cJyTmz8\/elJTlwcHjurrUIyLlLSflLSfAFx3DGR7lLSfCFx3hKibhKibhKybjKybkLCblLSfbJSX49vbx7e3NNzjNMTLMJyjVIyLZf3\/ZQ0LaeHjx0tLgoqLkLCfCGB3HGx\/BGB3BFx3PICHCGB7WJCLOHyC\/Fxy\/Fx3lLCfQISHkLSe\/FxzbJiTBFx3FGx\/AGB7BFx3EGR7AGB3HHSDfKiXAFh3TISHYNzbhKibbJyTTIiL57e325+f039\/v2NjUV1fOHiHiqanfmprch4feKSXVIyPOICHmLibFGh\/mLSe\/Fx7XJCPeKSXXJSPNHyHaJyTGGh7lLCbmLCflLSjSIiLkLCbdKSXLHiC\/GB3KHh++Fh3lKyfoLiXcKCPkx8fYb2\/XaGfVXl3aU1LLHiDksbHgKibPICHbJyTfKSXbJyTCGB3KHSDiKybFGh7TIiL\/\/\/\/VIyPRISHIHB\/GGx\/HHB\/DGR7gKibdKCXLHiDZJiTMHiDNHyHYJSTOICHPICHWJCPcKCXXJSPjLCblLCf+\/f3NGR\/uLijzLynPGR\/IGB7WISHaIyLLGh7UAADxLynNAADRLzDbICLQAADIAAD3MCrUHSHXMTDpKSbLAADp5OTij4\/ejo\/VLy\/1LyngJSTcJCPQHx\/OHB7+\/PzaMS\/OLS\/vLijrLSjSAADaNTPwLyjkKSbNJCbYISHPHB\/KGB7WAAD7+vrn3d3aKynTKCjoLCfsKifRGh\/YAADq5+fhjo7QNDXXKCfmJyXt5+fTLzDLLi\/QKivYHRvMGBrQJCXLISPMExXLDxLaEAvkkI\/bOTfaFQ\/SCgpvLcnHAAAAmnRSTlMA+vv7+gT9Bvf9+8z8\/NSv\/Pr5+P7++vnQIBMP\/v38\/Pn348XDiCYf9OjbzcqxXVcx\/fz8+\/rj1r2poo1+fXFqX0orGP7+\/v7+\/fz8+\/r68uzn4trIxsG\/vri3p6GcmZSNbWVYUUZEPQv+\/f39+\/v7+\/v7+vr64tvV1NTTz87FtbSurqeblJKFg4B3bUY+NjL7+\/v7+\/v67t1cDo8JLQAABkRJREFUWMO0kz9rwkAYh0OIeJkum6YugUAhISCdKoj\/P4C7SMdS+gEKIhSKil10LSg4mzXkILdlEpxCpwTiWOLX6BujvQaEQuGeHLnL+\/64J+SIcKGYTYWnntpdLjrVdqvZmNdn0+EE40GtpuuWVS6Xx6N7YDSGpWXpeq02wHgynM7q80az1a52HpddtVcpsi1zFARBrdaxbhp9iUReTGmwA4KAAr7vx3EYejnCMI6hQYEgy0LQi4jUN0wL19vqFcUC9\/1dAKmEEFkWRYkh5oBejnxQJiSJPJ\/uKBp0Thszx9Mw8hMRIQjKsptCfuES9zr5WJY6vSFCIvE9fCMUmEM1A1kSXcYGxgVYsvI1IPKTZciSTI0us\/SMGG04gDzELDoFBwdcFJrF88dqgYMTiL6DILWYyfOWE8\/kIz38olCNlC03FK95+imxp6y4oUSvAnBjHHhKNtotSDqJzVFiK8c2SBqhZtsrTtgrLXwAyduxZHNE26eHUt5rtuM4WSmds3G+sUdWYo1L+XyxButoh5eKUHk5lByO3G1LqqCWVnfrv\/lyPtf\/4ps1cndNGIri8J1TJ0lx6dR\/oPjq1nbRwdp2dCk4CtIOLW3pVKRL6WZfS5vF2KkIQhpwSsjiYIgNCs1gEMGqiIq24NQX9NwoXFy8Ufrl3twTcg4fv8T9\/JBEySduj6Mjm4bMzYV7EEOxKjjoNDud7yY3Dy71Hq2oLmqfbNR723edH9PgMrNL2utoQ3VmaIDkiw\/4w51P06hlZsTZvkRrbVuSIs\/zwSOsycgzStQouoAkWQqioRT5XI7n2Z1wfVhoZmcAJLsoqjqpjbWCgpOAJXBwHK8PzWbNvoUZJND5wCnSkLAkZ1legx6vqQzjoiTahKlGUGLAiIIoABOHaNVw4sexZBym6\/HWlH5h3IC7yRbxtipcWxdTOkORKiNQAEkFf66x5S2oeRbroOlLgg0sSYkR0hRGEqJZ0jTPiQKatESdBckpWigxaapEH0lImHdWu9pUFF2XqMNM2Z4kped7IwEJw2qabwtrQqnpw6HyKkgcadKWsmpywwesDyIhYRpdzXddqegtGIJlXbAIUMOLkGxJUjRIkokwjUaX9d\/kK62ps\/tYUqZLIMkLTyBhsMZ3C5Z\/kDxOSCb\/DOs\/\/J0qcWSX\/2ipe56EgTCA4\/cB7NAYOsni4mZM1MUPAISoEwkDi4lhVBQ1cWQyIcwalw4EpqZN68JUSK7XC0kTlkLYii5uXSC8jT5ncCAS7mjCv0uHp\/3lueHEEAeQ\/\/VgmdN71\/2uCSA1Xr6DO6uI6sW56zqT2tp2PhgiRUAajV8CY2fkcz6WGNKMgLAt7tJAhD4YHMTeRxlALE6+43WqjSWi8ITxyJl8WrwWSNESQZZOqhDDntO3hJLsd5RtSpbJqdv3YrDJH3F7jL1R2O2aQkn2MyCyKYz0GPGIvSAMgBCrCEiJyKbBaYGwLW4uPRr0A0M4Ux5kUI7IBh+hMdiCEWNqhMZGyYMsOgNE58UQuEQeUnSWCMYwL54hkxK6IoqucQZbQ3pc3XtL0lky1dL0zZJJDpWJovFqpWj6JEHnyam2eQp5QRVAVHjWparTOaVwUOx99YS2MvgxIGV0bb+qIg2HX2qkFFJB+XZcbLiuRkuxD9GRroKyveLxdh4d7Orx+hb7qc3uVRuEogCOnyIxm4ubUoPgF4jianDrC+SDQDKEfJb0GUKmjCGPYHGJvVC6X4hw1\/sAfQAdfYyephIaspXe36RwOP+Ljvfx9B6B3i+Nk0DGq+oCbLn6JpBa9nWAveAIHwFAwtVcIJXPMPL8kRu5OAYPMaL1WScTxjiZDqB9LTJSWphow\/pTYKRTLjCBhvi9iBidvKcDasGSm0QQkycYuLBqj6QCELPctqChDWpTRMWkngNNpQ1Pfp1KkiT\/Y0DGffXAweUNfLAfaJFKDwhb6I+bkYRbkERoEeu3Fyjg2opMz2daZCS9jt6Q7txNfB+OZEVF6Zl5web2xunnLQrtrjXseXKaFYziYINeMFZVxS9VxRhOoesYwxPKXm+gWLG9cuFeq93UNNeJNsf1KlwuDok9n02n3TgIJpOxNfL9naIoQwXtfH9kjceTIIi709ncTg6LZbg+biLH1V6u\/7rxBem06VXKn9raAAAAAElFTkSuQmCC\")      no-repeat center center \/ contain;  }  @media screen and (max-width: 960px) and (orientation: portrait) {    .logo {      width: 100%;    }    .logo .pc-banner {      display: none;    }    .logo .m-banner {      display: block;      width: 100%;    }    .logo .m-banner img {      height: auto!important;    }    .ytvideo {      height: 200px;      width: 100%;    }  }<\/style><style>  .video-section {    width: 100%;    margin: 0 auto;  }  .video-section > img {    width: 100%;  }  .video-section iframe,  .video-section video {    width: 100%;    height: 100%;      }  .video-section-img-m,  .video-section-img-pc > img {    width: 100%;    height: auto;  }  .video-section-img-pc.small > img {    width: 970px;  }  .video-desc {    line-height: 1.5;    font-size: 20px;    font-weight: 400;    margin: 20px 0;    text-align: center;    color: #0f1111;    word-break: break-word;  }  @media screen and (max-width: 960px) and (orientation: portrait) {    .video-section {      width: 100%;    }    .video-section-pc,    .video-section-img-pc {      display: none;    }    .video-section-m,    .video-section-img-m {      display: block;    }    .video-desc {      font-size: 15px;    }  }  @media screen and (min-width: 960px) {    .video-section {      width: 100%;      margin: 0 auto;    }    .video-section-pc,    .video-section-img-pc {      display: block;    }    .video-section-m,    .video-section-img-m {      display: none;    }    .video-desc {      font-size: 20px;    }  }<\/style><style>  .section + .section {    margin-top: 35px;  }  .section-title {    text-align: center;    font-weight: bold;    color: #0d1111;    font-family: \"Arial\";    font-size: 32px;    margin: 15px 0;  }  .section-title:empty {    display: none;  }  .section-desc {    text-align: center;    font-weight: normal;    color: #0d1111;    margin-top: 20px;  }  .section-desc:empty {    display: none;  }  .section-img {    width: 1200px;    height: 492px;    margin: 0 auto;    display: block;  }  .section-img.small {    width: 970px;    height: auto;  }  .section-img.small > img {    height: auto;  }  .section-img > img {    width: 100%;    height: 100%;  }  .section-mobile-img {    display: none;    max-width: 100vw;    max-height: 75vw;    height: 450px;    margin: 0 auto;  }  .section-mobile-img > img {    width: 100%;    height: 100%;  }  @media screen and (max-width: 960px) and (orientation: portrait) {    .container {      width: 100%;    }    .container.small {      width: 100%;    }    .section-mobile-img {      display: block;    }    .section-img {      display: none;    }    .section-title {      font-size: 22px;      margin: 10px 0;    }    .section-desc {      margin-top: 10px;    }    .section + .section {      margin-top: 20px;    }  }<\/style><\/head><body><div class=\"container\"><div class=\"logo\"><div class=\"pc-banner\"><div><img decoding=\"async\" src=\"\/vevor\/vevor\/boutique-banner\/pc\/en-pc@1x.jpg\" style=\"width: 100%;\" \/><\/div><\/div><div class=\"m-banner\"><div><img decoding=\"async\" src=\"\/vevor\/vevor\/boutique-banner\/mobile\/en-m@1x.jpg\" style=\"width: 100%;\" \/><\/div><\/div><\/div><div class=\"section-title\">Didelio tikslumo mikrometr\u0173 rinkinys<\/div><div class=\"video-section\"><div class=\"video-section-img-pc\"><img decoding=\"async\" src=\"\/vevor\/product\/QFCTZSDQFC021T0P7001\/depth-gauge-a100-1.4.jpg\" \/><\/div><div class=\"video-section-img-m\"><img decoding=\"async\" src=\"\/vevor\/product\/QFCTZSDQFC021T0P7001\/depth-gauge-a100-1.4-m.jpg\" \/><\/div><div class=\"section-desc\">\u0160is gylio mikrometro matuoklis suteikia \u00b10,001 (\u00b10,02 mm) itin tikslius matavimus Pagamintas i\u0161 metalo, u\u017etikrina ilgaam\u017e\u012f na\u0161um\u0105, idealiai tinka tiksliajai in\u017einerijai, matavimo dalims ir kitoms profesin\u0117ms u\u017eduotims.<\/div><\/div><div class=\"section\"><div class=\"section-title\"><\/div><div class=\"section-img\"><img decoding=\"async\" src=\"\/vevor\/product\/QFCTZSDQFC021T0P7001\/depth-gauge-a100-2.2.jpg\" \/><\/div><div class=\"section-mobile-img\"><img decoding=\"async\" src=\"\/vevor\/product\/QFCTZSDQFC021T0P7001\/depth-gauge-a100-2.2-m.jpg\" \/><\/div><div class=\"section-desc\">\u0160is mikrometras pasi\u017eymi ai\u0161kiu LCD, kad b\u016bt\u0173 lengva skaityti. jo intuityvus mygtuko dizainas supaprastina sud\u0117tingus matavimus, tod\u0117l kiekvienas gali be vargo atlikti tikslias matavimo u\u017eduotis.<\/div><\/div><div class=\"section\"><div class=\"section-title\"><\/div><div class=\"section-img\"><img decoding=\"async\" src=\"\/vevor\/product\/QFCTZSDQFC021T0P7001\/depth-gauge-a100-2.3.jpg\" \/><\/div><div class=\"section-mobile-img\"><img decoding=\"async\" src=\"\/vevor\/product\/QFCTZSDQFC021T0P7001\/depth-gauge-a100-2.3-m.jpg\" \/><\/div><div class=\"section-desc\">\u0160is gylio mikrometr\u0173 rinkinys apima keturis kei\u010diamus antgalius - ta\u0161kinius, plok\u0161\u010dius ir du sferinius. Jo greito keitimo pagrindas leid\u017eia greitai keisti s\u0105rank\u0105 atliekant skirtingas tikslias u\u017eduotis, tod\u0117l padid\u0117ja efektyvumas nereikalaujant keli\u0173 \u012franki\u0173.<\/div><\/div><div class=\"section\"><div class=\"section-title\"><\/div><div class=\"section-img\"><img decoding=\"async\" src=\"\/vevor\/product\/QFCTZSDQFC021T0P7001\/depth-gauge-a100-2.4.jpg\" \/><\/div><div class=\"section-mobile-img\"><img decoding=\"async\" src=\"\/vevor\/product\/QFCTZSDQFC021T0P7001\/depth-gauge-a100-2.4-m.jpg\" \/><\/div><div class=\"section-desc\">\u0160is mikrometro matavimo \u012frankis, pagamintas i\u0161 gr\u016bdinto metalo, pasi\u017eymi ner\u016bdijan\u010dio plieno priekalais ir lygiais matavimo pavir\u0161iais, kurie taiko nuosekl\u0173 sl\u0117g\u012f, kad b\u016bt\u0173 galima tiksliai parodyti rodmenis. pakankamai tvirtas ilgalaikiam naudojimui, jis i\u0161lieka patikima priemone bet kuriame dirbtuv\u0117se.<\/div><\/div><div class=\"section\"><div class=\"section-title\"><\/div><div class=\"section-img\"><img decoding=\"async\" src=\"\/vevor\/product\/QFCTZSDQFC021T0P7001\/depth-gauge-a100-2.5.jpg\" \/><\/div><div class=\"section-mobile-img\"><img decoding=\"async\" src=\"\/vevor\/product\/QFCTZSDQFC021T0P7001\/depth-gauge-a100-2.5-m.jpg\" \/><\/div><div class=\"section-desc\">\u0160is gylio mikrometras matuoja \u017ealiavas ir apdirbtos dalies gyl\u012f bei palaiko laboratorinius mokymus. Jis patikimai veikia dirbtuv\u0117se ir profesional\u0173 parduotuv\u0117s s\u0105lygomis, tenkindamas \u012fvairius tikslumo poreikius.<\/div><\/div><div class=\"section\"><div class=\"section-img\"><img decoding=\"async\" src=\"\/vevor\/product\/QFCTZSDQFC021T0P7001\/depth-gauge-a100-1.11.jpg\" \/><\/div><div class=\"section-mobile-img\"><img decoding=\"async\" src=\"\/vevor\/product\/QFCTZSDQFC021T0P7001\/depth-gauge-a100-1.11-m.jpg\" \/><\/div><\/div><\/div><\/body><\/html><\/div>\n<div class=\"DM_at-title\" id=\"js-DM_at-title\"> <div>Produkto specifikacija<\/div> <i class=\"icon-arrowup_line\"><\/i> <\/div><div class=\"DM_at-goodsDescAttr\" id=\"js-DM_at-goodsDescAttr\"> <div class=\"DM_at-goodsDescAttrInner\"> <dl class=\"goodsDesc_item goodsDesc_item_even\"> <dt>Prek\u0117s Modelio Numeris<\/dt> <dd> IG520-302<\/dd> <\/dl> <dl class=\"goodsDesc_item\"> <dt>Ekranas<\/dt> <dd> LCD Ekranas<\/dd> <\/dl> <dl class=\"goodsDesc_item goodsDesc_item_even\"> <dt>Maksimalus Diapazonas<\/dt> <dd> 22 \/ 558.8 mm<\/dd> <\/dl> <dl class=\"goodsDesc_item\"> <dt>Metriniai\/imperatoriniai vienetai<\/dt> <dd> Perjungiamas<\/dd> <\/dl> <dl class=\"goodsDesc_item goodsDesc_item_even\"> <dt>Rezoliucija<\/dt> <dd> Metrinis<\/dd> <\/dl> <dl class=\"goodsDesc_item\"> <dt>Matavimo Tikslumas<\/dt> <dd> \u00b10,001 in \/ \u00b10,02 mm<\/dd> <\/dl> <dl class=\"goodsDesc_item goodsDesc_item_even\"> <dt>Dial maksimalus diapazonas<\/dt> <dd> 1 \/ 25.4 mm<\/dd> <\/dl> <dl class=\"goodsDesc_item\"> <dt>Pagrindo Matmenys<\/dt> <dd> 3,89 x 0,61 x 0,96 in \/ 99 x 15,5 x 24,5 mm<\/dd> <\/dl> <dl class=\"goodsDesc_item goodsDesc_item_even\"> <dt>Gaminio matmenys (be standartinio strypo)<\/dt> <dd> 3,89 x 1,06 x 5 in \/ 99 x 27 x 127 mm<\/dd> <\/dl> <dl class=\"goodsDesc_item\"> <dt>Standartiniai baro ilgiai<\/dt> <dd> 6\/5\/4\/3\/2\/1 colio (152.4\/127\/101.6\/76.2\/50.8\/25.4 mm)<\/dd> <\/dl> <dl class=\"goodsDesc_item goodsDesc_item_even\"> <dt>Matavimo galvu\u010di\u0173 skai\u010dius<\/dt> <dd> 1 Smaili galva, 1 Plok\u0161\u010dia galva, 2 Rutulin\u0117s galvos<\/dd> <\/dl> <dl class=\"goodsDesc_item\"> <dt>Neto Svoris (\u012fskaitant visus jos priedus)<\/dt> <dd> 1,17 svaro \/ 0,53 kg<\/dd> <\/dl> <\/div> <\/div>","protected":false},"excerpt":{"rendered":"<ul>\n<li> Didelio tikslumo mikrometr\u0173 rinkinys: \u0161is gylio mikrometras pateikia tikslius, patikimus tiesinius rodmenis su 1 -2 colio \/ 25,4 - 50,8 mm diapazonu, \u00b1 0,001 colio \/ \u00b1 0,02 mm tikslumu ir 0,0005 colio \/ 0,01 mm skiriam\u0105ja geba. idealiai tinka variklio dalims arba tiksliems komponentams matuoti <\/li>\n<li> I\u0161manusis ir patogus valdymas: \u0161is mikrometras turi didel\u012f LCD, kad b\u016bt\u0173 galima ai\u0161kiai parodyti rodmenis ir vienu mygtuku perjungti vienet\u0105 tarp imperinio ir metrinio Nulinio nustatymo funkcija leid\u017eia kalibruoti bet kurioje pad\u0117tyje, kad b\u016bt\u0173 galima grei\u010diau palyginti ir pakartoti matavimus <\/li>\n<li> Tikslus matavimas: \u0161is gylio matuoklis pasi\u017eymi ner\u016bdijan\u010dio plieno priekalais ir lygiais atskaitos pavir\u0161iais, kad b\u016bt\u0173 galima saugiai laikyti ruo\u0161inius ir i\u0161vengti matavimo klaid\u0173. tvirtas metalinis r\u0117mas pasi\u017eymi puikiu atsparumu dilimui ir ilgalaikiu stabilumu dirbtuv\u0117ms <\/li>\n<li> \u012evairiapusi\u0161kos matavimo u\u017eduotys: \u0160iuose gylio matuokliuose yra keturi priekalai, tinkantys skirtingiems ruo\u0161iniams. \u0160e\u0161i kalibravimo strypai gali b\u016bti derinami 0 - 22 diapazone, idealiai tinka metalo lak\u0161tams, grioveliams ir kitiems gyliams matuoti, tenkinant profesionalius metalo apdirbimo poreikius <\/li>\n<li> Komplekte yra visas rinkinys: \u0160is gylio matuoklio \u012frankis yra su kietu d\u0117klu, kuriame yra vienas gylio mikrometras, \u0161e\u0161i strypai, keturi priekalai ir instrukcijos. Laiko \u012frankius tvarkingus ir ne\u0161iojamus, paruo\u0161tus nedelsiant naudoti lauke ar laboratorijoje be praradimo rizikos <\/li>\n<\/ul>","protected":false},"featured_media":451413,"comment_status":"open","ping_status":"open","template":"","meta":{"om_disable_all_campaigns":false,"_monsterinsights_skip_tracking":false,"_monsterinsights_sitenote_active":false,"_monsterinsights_sitenote_note":"","_monsterinsights_sitenote_category":0,"_uf_show_specific_survey":0,"_uf_disable_surveys":false},"location":[1935,1934],"product_brand":[],"product_cat":[2400,2401,2402,2374],"product_tag":[],"class_list":{"0":"post-234930","1":"product","2":"type-product","3":"status-publish","4":"has-post-thumbnail","6":"location-supplier_stock_location","7":"location-local_stock_location","8":"product_cat-hand-tools-tools","9":"product_cat-measuring-tools-hand-tools-tools","10":"product_cat-micrometer-set","11":"product_cat-tools","13":"first","14":"instock","15":"taxable","16":"shipping-taxable","17":"purchasable","18":"product-type-simple"},"aioseo_notices":[],"jetpack_sharing_enabled":true,"locations":[{"id":1935,"name":"Pieg\u0101d\u0101t\u0101ja noliktav\u0101 (5-7d.d.)","slug":"supplier_stock_location","quantity":"1"},{"id":1934,"name":"R\u012bgas veikal\u0101 (0-2d.d.)","slug":"local_stock_location","quantity":"0"}],"_links":{"self":[{"href":"https:\/\/vevorshop.lv\/lt\/wp-json\/wp\/v2\/product\/234930","targetHints":{"allow":["GET"]}}],"collection":[{"href":"https:\/\/vevorshop.lv\/lt\/wp-json\/wp\/v2\/product"}],"about":[{"href":"https:\/\/vevorshop.lv\/lt\/wp-json\/wp\/v2\/types\/product"}],"replies":[{"embeddable":true,"href":"https:\/\/vevorshop.lv\/lt\/wp-json\/wp\/v2\/comments?post=234930"}],"wp:featuredmedia":[{"embeddable":true,"href":"https:\/\/vevorshop.lv\/lt\/wp-json\/wp\/v2\/media\/451413"}],"wp:attachment":[{"href":"https:\/\/vevorshop.lv\/lt\/wp-json\/wp\/v2\/media?parent=234930"}],"wp:term":[{"taxonomy":"location","embeddable":true,"href":"https:\/\/vevorshop.lv\/lt\/wp-json\/wp\/v2\/location?post=234930"},{"taxonomy":"product_brand","embeddable":true,"href":"https:\/\/vevorshop.lv\/lt\/wp-json\/wp\/v2\/product_brand?post=234930"},{"taxonomy":"product_cat","embeddable":true,"href":"https:\/\/vevorshop.lv\/lt\/wp-json\/wp\/v2\/product_cat?post=234930"},{"taxonomy":"product_tag","embeddable":true,"href":"https:\/\/vevorshop.lv\/lt\/wp-json\/wp\/v2\/product_tag?post=234930"}],"curies":[{"name":"wp","href":"https:\/\/api.w.org\/{rel}","templated":true}]}}