{"id":236611,"date":"2026-02-26T01:12:11","date_gmt":"2026-02-25T23:12:11","guid":{"rendered":"https:\/\/vevorshop.lv\/en_us\/Prece\/vevor-3-x-3-m-beach-tent-sun-shelter-upf-50-lycra-canopy-2-m-tall-windproof-with-4-sandbags-poles-shovels-for-4-7-people\/"},"modified":"2026-03-12T23:58:31","modified_gmt":"2026-03-12T21:58:31","slug":"vevor-3-x-3-m-beach-tent-sun-shelter-upf-50-lycra-canopy-2-m-tall-windproof-with-4-sandbags-poles-shovels-for-4-7-people","status":"publish","type":"product","link":"https:\/\/vevorshop.lv\/lt\/Prece\/vevor-3-x-3-m-beach-tent-sun-shelter-upf-50-lycra-canopy-2-m-tall-windproof-with-4-sandbags-poles-shovels-for-4-7-people\/","title":{"rendered":"VEVOR 3 x 3 m papl\u016bdimio saul\u0117s pastog\u0117, UPF 50+ Lycra palapin\u0117, 2 m auk\u0161\u010dio, atspari v\u0117jui su 4 sm\u0117lio mai\u0161ais, stulpais ir kastuv\u0117liais 4\u20137 \u017emon\u0117ms"},"content":{"rendered":"<div style=\"color: #fff!important; font-size: 16px; height: 24px; line-height: 24px; margin-top: -24px; \" class=\"product_original_name\">VEVOR Beach Tent Sun Shelter, UPF50+ Sun Protection, 2 m Tall, 3 x 3 m, Easy Pop Up Beach Canopy with 4 Sandbags, Stability Poles, Sand Shovels, Portable Shade for Family Outings, Camping, Fishing<\/div>\n<div style=\"color: #fff!important; font-size: 16px; height: 24px; line-height: 24px; margin-top: -24px; \" class=\"product_sku\">MM2HPS2V<\/div>\n<div style=\"color: #fff!important; font-size: 16px; height: 24px; line-height: 24px; margin-top: -24px; \" class=\"product_mpn\">ZPSTPZPSTPSJTVQ55001V0<\/div><div id=\"js-DM_at-goodDescRich\"><html><head><style>  body {    font-family: Arial;    line-height: 1.5;    color: #1c1c1c;    overflow-x: hidden;    margin: 0;    padding: 0;  }  .MsoNormal b {    font-weight: bolder;  }<\/style><style>  .container.small {    width: 970px;    margin: 0 auto;  }  .logo {    margin: 0 auto 0;  }  .logo img {    display: block;    margin: 0 auto;    max-width: 100%;  }  .logo .pc-banner {    display: block;    width: 1200px;    height: 247.4px;    margin: 0 auto;  }  .logo .pc-banner.small {    width: 970px;  }  .logo .pc-banner.small img {    height: auto!important;  }  .logo .m-banner {    display: none;  }  .ytvideo {    position: relative;    height: 546px;    width: 100%;    margin: 0 auto;  }  .ytvideo img {    width: 100%;    margin: 0 auto;  }  .ytvideo .play-btn {    width: 60px;    height: 42px;    position: absolute;    top: 50%;    left: 50%;    transform: translate(-50%, -50%);    background: url(\"data:image\/png;base64,iVBORw0KGgoAAAANSUhEUgAAAGQAAABGCAMAAAANWMFbAAAC+lBMVEUAAADBGB3kLCfBGB3kLCfcJC7BFx3KKSbiKybkLCbWJCPSIiLSIiLPICHAFx3kLCfgKSXNHiDZJiTIGx\/p4eHcjo7LHSDbJyTkLCbjKyfOHyHPIiL28fHJHB\/GGh7EGR7eKCXDGB3RISHlLSbBGB3AFxzGHB7DGB7BGB3hKybkKybAFx3lLCfAFxzDGR3hKibDGB7cJyTmz8\/elJTlwcHjurrUIyLlLSflLSfAFx3DGR7lLSfCFx3hKibhKibhKybjKybkLCblLSfbJSX49vbx7e3NNzjNMTLMJyjVIyLZf3\/ZQ0LaeHjx0tLgoqLkLCfCGB3HGx\/BGB3BFx3PICHCGB7WJCLOHyC\/Fxy\/Fx3lLCfQISHkLSe\/FxzbJiTBFx3FGx\/AGB7BFx3EGR7AGB3HHSDfKiXAFh3TISHYNzbhKibbJyTTIiL57e325+f039\/v2NjUV1fOHiHiqanfmprch4feKSXVIyPOICHmLibFGh\/mLSe\/Fx7XJCPeKSXXJSPNHyHaJyTGGh7lLCbmLCflLSjSIiLkLCbdKSXLHiC\/GB3KHh++Fh3lKyfoLiXcKCPkx8fYb2\/XaGfVXl3aU1LLHiDksbHgKibPICHbJyTfKSXbJyTCGB3KHSDiKybFGh7TIiL\/\/\/\/VIyPRISHIHB\/GGx\/HHB\/DGR7gKibdKCXLHiDZJiTMHiDNHyHYJSTOICHPICHWJCPcKCXXJSPjLCblLCf+\/f3NGR\/uLijzLynPGR\/IGB7WISHaIyLLGh7UAADxLynNAADRLzDbICLQAADIAAD3MCrUHSHXMTDpKSbLAADp5OTij4\/ejo\/VLy\/1LyngJSTcJCPQHx\/OHB7+\/PzaMS\/OLS\/vLijrLSjSAADaNTPwLyjkKSbNJCbYISHPHB\/KGB7WAAD7+vrn3d3aKynTKCjoLCfsKifRGh\/YAADq5+fhjo7QNDXXKCfmJyXt5+fTLzDLLi\/QKivYHRvMGBrQJCXLISPMExXLDxLaEAvkkI\/bOTfaFQ\/SCgpvLcnHAAAAmnRSTlMA+vv7+gT9Bvf9+8z8\/NSv\/Pr5+P7++vnQIBMP\/v38\/Pn348XDiCYf9OjbzcqxXVcx\/fz8+\/rj1r2poo1+fXFqX0orGP7+\/v7+\/fz8+\/r68uzn4trIxsG\/vri3p6GcmZSNbWVYUUZEPQv+\/f39+\/v7+\/v7+vr64tvV1NTTz87FtbSurqeblJKFg4B3bUY+NjL7+\/v7+\/v67t1cDo8JLQAABkRJREFUWMO0kz9rwkAYh0OIeJkum6YugUAhISCdKoj\/P4C7SMdS+gEKIhSKil10LSg4mzXkILdlEpxCpwTiWOLX6BujvQaEQuGeHLnL+\/64J+SIcKGYTYWnntpdLjrVdqvZmNdn0+EE40GtpuuWVS6Xx6N7YDSGpWXpeq02wHgynM7q80az1a52HpddtVcpsi1zFARBrdaxbhp9iUReTGmwA4KAAr7vx3EYejnCMI6hQYEgy0LQi4jUN0wL19vqFcUC9\/1dAKmEEFkWRYkh5oBejnxQJiSJPJ\/uKBp0Thszx9Mw8hMRIQjKsptCfuES9zr5WJY6vSFCIvE9fCMUmEM1A1kSXcYGxgVYsvI1IPKTZciSTI0us\/SMGG04gDzELDoFBwdcFJrF88dqgYMTiL6DILWYyfOWE8\/kIz38olCNlC03FK95+imxp6y4oUSvAnBjHHhKNtotSDqJzVFiK8c2SBqhZtsrTtgrLXwAyduxZHNE26eHUt5rtuM4WSmds3G+sUdWYo1L+XyxButoh5eKUHk5lByO3G1LqqCWVnfrv\/lyPtf\/4ps1cndNGIri8J1TJ0lx6dR\/oPjq1nbRwdp2dCk4CtIOLW3pVKRL6WZfS5vF2KkIQhpwSsjiYIgNCs1gEMGqiIq24NQX9NwoXFy8Ufrl3twTcg4fv8T9\/JBEySduj6Mjm4bMzYV7EEOxKjjoNDud7yY3Dy71Hq2oLmqfbNR723edH9PgMrNL2utoQ3VmaIDkiw\/4w51P06hlZsTZvkRrbVuSIs\/zwSOsycgzStQouoAkWQqioRT5XI7n2Z1wfVhoZmcAJLsoqjqpjbWCgpOAJXBwHK8PzWbNvoUZJND5wCnSkLAkZ1legx6vqQzjoiTahKlGUGLAiIIoABOHaNVw4sexZBym6\/HWlH5h3IC7yRbxtipcWxdTOkORKiNQAEkFf66x5S2oeRbroOlLgg0sSYkR0hRGEqJZ0jTPiQKatESdBckpWigxaapEH0lImHdWu9pUFF2XqMNM2Z4kped7IwEJw2qabwtrQqnpw6HyKkgcadKWsmpywwesDyIhYRpdzXddqegtGIJlXbAIUMOLkGxJUjRIkokwjUaX9d\/kK62ps\/tYUqZLIMkLTyBhsMZ3C5Z\/kDxOSCb\/DOs\/\/J0qcWSX\/2ipe56EgTCA4\/cB7NAYOsni4mZM1MUPAISoEwkDi4lhVBQ1cWQyIcwalw4EpqZN68JUSK7XC0kTlkLYii5uXSC8jT5ncCAS7mjCv0uHp\/3lueHEEAeQ\/\/VgmdN71\/2uCSA1Xr6DO6uI6sW56zqT2tp2PhgiRUAajV8CY2fkcz6WGNKMgLAt7tJAhD4YHMTeRxlALE6+43WqjSWi8ITxyJl8WrwWSNESQZZOqhDDntO3hJLsd5RtSpbJqdv3YrDJH3F7jL1R2O2aQkn2MyCyKYz0GPGIvSAMgBCrCEiJyKbBaYGwLW4uPRr0A0M4Ux5kUI7IBh+hMdiCEWNqhMZGyYMsOgNE58UQuEQeUnSWCMYwL54hkxK6IoqucQZbQ3pc3XtL0lky1dL0zZJJDpWJovFqpWj6JEHnyam2eQp5QRVAVHjWparTOaVwUOx99YS2MvgxIGV0bb+qIg2HX2qkFFJB+XZcbLiuRkuxD9GRroKyveLxdh4d7Orx+hb7qc3uVRuEogCOnyIxm4ubUoPgF4jianDrC+SDQDKEfJb0GUKmjCGPYHGJvVC6X4hw1\/sAfQAdfYyephIaspXe36RwOP+Ljvfx9B6B3i+Nk0DGq+oCbLn6JpBa9nWAveAIHwFAwtVcIJXPMPL8kRu5OAYPMaL1WScTxjiZDqB9LTJSWphow\/pTYKRTLjCBhvi9iBidvKcDasGSm0QQkycYuLBqj6QCELPctqChDWpTRMWkngNNpQ1Pfp1KkiT\/Y0DGffXAweUNfLAfaJFKDwhb6I+bkYRbkERoEeu3Fyjg2opMz2daZCS9jt6Q7txNfB+OZEVF6Zl5web2xunnLQrtrjXseXKaFYziYINeMFZVxS9VxRhOoesYwxPKXm+gWLG9cuFeq93UNNeJNsf1KlwuDok9n02n3TgIJpOxNfL9naIoQwXtfH9kjceTIIi709ncTg6LZbg+biLH1V6u\/7rxBem06VXKn9raAAAAAElFTkSuQmCC\")      no-repeat center center \/ contain;  }  @media screen and (max-width: 960px) and (orientation: portrait) {    .logo {      width: 100%;    }    .logo .pc-banner {      display: none;    }    .logo .m-banner {      display: block;      width: 100%;    }    .logo .m-banner img {      height: auto!important;    }    .ytvideo {      height: 200px;      width: 100%;    }  }<\/style><style>  .video-section {    width: 100%;    margin: 0 auto;  }  .video-section > img {    width: 100%;  }  .video-section iframe,  .video-section video {    width: 100%;    height: 100%;      }  .video-section-img-m,  .video-section-img-pc > img {    width: 100%;    height: auto;  }  .video-section-img-pc.small > img {    width: 970px;  }  .video-desc {    line-height: 1.5;    font-size: 20px;    font-weight: 400;    margin: 20px 0;    text-align: center;    color: #0f1111;    word-break: break-word;  }  @media screen and (max-width: 960px) and (orientation: portrait) {    .video-section {      width: 100%;    }    .video-section-pc,    .video-section-img-pc {      display: none;    }    .video-section-m,    .video-section-img-m {      display: block;    }    .video-desc {      font-size: 15px;    }  }  @media screen and (min-width: 960px) {    .video-section {      width: 100%;      margin: 0 auto;    }    .video-section-pc,    .video-section-img-pc {      display: block;    }    .video-section-m,    .video-section-img-m {      display: none;    }    .video-desc {      font-size: 20px;    }  }<\/style><style>  .section + .section {    margin-top: 35px;  }  .section-title {    text-align: center;    font-weight: bold;    color: #0d1111;    font-family: \"Arial\";    font-size: 32px;    margin: 15px 0;  }  .section-title:empty {    display: none;  }  .section-desc {    text-align: center;    font-weight: normal;    color: #0d1111;    margin-top: 20px;  }  .section-desc:empty {    display: none;  }  .section-img {    width: 1200px;    height: 492px;    margin: 0 auto;    display: block;  }  .section-img.small {    width: 970px;    height: auto;  }  .section-img.small > img {    height: auto;  }  .section-img > img {    width: 100%;    height: 100%;  }  .section-mobile-img {    display: none;    max-width: 100vw;    max-height: 75vw;    height: 450px;    margin: 0 auto;  }  .section-mobile-img > img {    width: 100%;    height: 100%;  }  @media screen and (max-width: 960px) and (orientation: portrait) {    .container {      width: 100%;    }    .container.small {      width: 100%;    }    .section-mobile-img {      display: block;    }    .section-img {      display: none;    }    .section-title {      font-size: 22px;      margin: 10px 0;    }    .section-desc {      margin-top: 10px;    }    .section + .section {      margin-top: 20px;    }  }<\/style><\/head><body><div class=\"container\"><div class=\"logo\"><div class=\"pc-banner\"><div><img decoding=\"async\" src=\"\/vevor\/vevor\/boutique-banner\/pc\/en-pc@1x.jpg\" style=\"width: 100%;\" \/><\/div><\/div><div class=\"m-banner\"><div><img decoding=\"async\" src=\"\/vevor\/vevor\/boutique-banner\/mobile\/en-m@1x.jpg\" style=\"width: 100%;\" \/><\/div><\/div><\/div><div class=\"section-title\">Papl\u016bdimio palapin\u0117 Lauko pastog\u0117<\/div><div class=\"video-section\"><div class=\"video-section-img-pc\"><img decoding=\"async\" src=\"\/vevor\/product\/ZPSTPZPSTPSJTVQ55001\/beach-tent-a100-1.4.jpg\" \/><\/div><div class=\"video-section-img-m\"><img decoding=\"async\" src=\"\/vevor\/product\/ZPSTPZPSTPSJTVQ55001\/beach-tent-a100-1.4-m.jpg\" \/><\/div><div class=\"section-desc\">\u0160i papl\u016bdimio palapin\u0117s saul\u0117s pastog\u0117 sukuria patvari\u0105, saugi\u0105 pastog\u0119 nuo at\u0161iaurios saul\u0117s, suteikian\u010di\u0105 kiekvienam erdv\u0117s atsipalaiduoti, \u017eaisti, b\u016bti apsaugotam ir patogiai laikyti \u012frang\u0105.<\/div><\/div><div class=\"section\"><div class=\"section-title\"><\/div><div class=\"section-img\"><img decoding=\"async\" src=\"\/vevor\/product\/ZPSTPZPSTPSJTVQ55001\/beach-tent-a100-2.2.jpg\" \/><\/div><div class=\"section-mobile-img\"><img decoding=\"async\" src=\"\/vevor\/product\/ZPSTPZPSTPSJTVQ55001\/beach-tent-a100-2.2-m.jpg\" \/><\/div><div class=\"section-desc\">Pagamintas i\u0161 hibridinio Lycra audinio, \u0161is papl\u016bdimio stogelis u\u017etikrina UPF 50+ apsaug\u0105 nuo saul\u0117s, kad b\u016bt\u0173 i\u0161vengta saul\u0117s nudegimo lauko veiklos metu. tankus pynimas ir puikus tempimas pagerina atsparum\u0105 ply\u0161imui, u\u017etikrina ilgalaik\u012f atsparum\u0105 saulei ir besikei\u010diant\u012f or\u0105.<\/div><\/div><div class=\"section\"><div class=\"section-title\"><\/div><div class=\"section-img\"><img decoding=\"async\" src=\"\/vevor\/product\/ZPSTPZPSTPSJTVQ55001\/beach-tent-a100-2.3.jpg\" \/><\/div><div class=\"section-mobile-img\"><img decoding=\"async\" src=\"\/vevor\/product\/ZPSTPZPSTPSJTVQ55001\/beach-tent-a100-2.3-m.jpg\" \/><\/div><div class=\"section-desc\">\u0160is papl\u016bdimio saul\u0117s pav\u0117syje stogelis, pastatytas ramybei, pasi\u017eymi sunkiomis sm\u0117lio mai\u0161ais, sutir\u0161tintais aliuminio atraminiais stulpais ir elastingomis vir\u0161utin\u0117mis virvel\u0117mis, kurios kartu sukuria sustiprint\u0105 stabilumo sistem\u0105. sukurtas taip, kad atlaikyt\u0173 4 lygio v\u0117j\u0105, suma\u017eina apvirtimo ar su\u017ealojimo rizik\u0105 v\u0117juotomis s\u0105lygomis.<\/div><\/div><div class=\"section\"><div class=\"section-title\"><\/div><div class=\"section-img\"><img decoding=\"async\" src=\"\/vevor\/product\/ZPSTPZPSTPSJTVQ55001\/beach-tent-a100-2.4.jpg\" \/><\/div><div class=\"section-mobile-img\"><img decoding=\"async\" src=\"\/vevor\/product\/ZPSTPZPSTPSJTVQ55001\/beach-tent-a100-2.4-m.jpg\" \/><\/div><div class=\"section-desc\">Tiesiog vietoje sm\u0117lio mai\u0161us u\u017epildykite sm\u0117liu ir u\u017ekaskite, kad gautum\u0117te papildomo svorio \u0160i i\u0161mani, ma\u017eai pastang\u0173 reikalaujanti tvirtinimo sistema sukuria tvirt\u0105, stabil\u0173 pagrind\u0105, kuris tvirtai u\u017efiksuoja papl\u016bdimio \u0161e\u0161\u0117lio stogel\u012f, kad b\u016bt\u0173 u\u017etikrinta patikima apsauga.<\/div><\/div><div class=\"section\"><div class=\"section-title\"><\/div><div class=\"section-img\"><img decoding=\"async\" src=\"\/vevor\/product\/ZPSTPZPSTPSJTVQ55001\/beach-tent-a100-2.5.jpg\" \/><\/div><div class=\"section-mobile-img\"><img decoding=\"async\" src=\"\/vevor\/product\/ZPSTPZPSTPSJTVQ55001\/beach-tent-a100-2.5-m.jpg\" \/><\/div><div class=\"section-desc\">\u0160is ne\u0161iojamas papl\u016bdimio palapini\u0173 stogelis u\u017etikrina patikim\u0105 pav\u0117s\u012f ir atsipalaidavim\u0105, tod\u0117l idealiai tinka papl\u016bdimio dienoms, susib\u016brimams kieme, i\u0161kyloms parke ar kelion\u0117ms \u012f stovykl\u0105 - kad gal\u0117tum\u0117te i\u0161likti v\u0117s\u016bs ir apsaugoti nuo intensyvios saul\u0117s.<\/div><\/div><div class=\"section\"><div class=\"section-img\"><img decoding=\"async\" src=\"\/vevor\/product\/ZPSTPZPSTPSJTVQ55001\/beach-tent-a100-1.11.jpg\" \/><\/div><div class=\"section-mobile-img\"><img decoding=\"async\" src=\"\/vevor\/product\/ZPSTPZPSTPSJTVQ55001\/beach-tent-a100-1.11-m.jpg\" \/><\/div><\/div><\/div><\/body><\/html><\/div>\n<div class=\"DM_at-title\" id=\"js-DM_at-title\"> <div>Produkto specifikacija<\/div> <i class=\"icon-arrowup_line\"><\/i> <\/div><div class=\"DM_at-goodsDescAttr\" id=\"js-DM_at-goodsDescAttr\"> <div class=\"DM_at-goodsDescAttrInner\"> <dl class=\"goodsDesc_item goodsDesc_item_even\"> <dt>Prek\u0117s Modelio Numeris<\/dt> <dd> TM007<\/dd> <\/dl> <dl class=\"goodsDesc_item\"> <dt>Spalva<\/dt> <dd> M\u0117lyna<\/dd> <\/dl> <dl class=\"goodsDesc_item goodsDesc_item_even\"> <dt>Audinio Svoris<\/dt> <dd> 180 g\/m\u00b2<\/dd> <\/dl> <dl class=\"goodsDesc_item\"> <dt>Audinys Sud\u0117tis<\/dt> <dd> 85% Lycra poliesteris + 15% elastanas<\/dd> <\/dl> <dl class=\"goodsDesc_item goodsDesc_item_even\"> <dt>Produkto Svoris<\/dt> <dd> 8.6 svar\u0173 \/ 3,9 kg<\/dd> <\/dl> <dl class=\"goodsDesc_item\"> <dt>I\u0161pl\u0117stos Dydis<\/dt> <dd> 10 x 10 x 6.6 ft \/ 3 x 3 x 2 m<\/dd> <\/dl> <dl class=\"goodsDesc_item goodsDesc_item_even\"> <dt>Atlikti Mai\u0161elis Dydis<\/dt> <dd> 10,6 x 17,5 x 8,3 in \/ 270 x 445 x 210 mm<\/dd> <\/dl> <\/div> <\/div>","protected":false},"excerpt":{"rendered":"<ul>\n<li> Spacious Shade Coverage: This beach tent sun shelter provides a large 10 x 10 ft shaded area, ideal for families or groups of 4-7 people. Gravity-anchored sandbags and the included sand shovel make setup fast and easy right on the beach <\/li>\n<li> Apsauga nuo saul\u0117s ir v\u0117sa: Pagaminta i\u0161 auk\u0161\u010diausios kokyb\u0117s 180 g\/m\u00b2 Lycra audinio, skirto UPF 50+ apsaugai, m\u016bs\u0173 papl\u016bdimio stogelis blokuoja kenksmingiausius saul\u0117s spindulius. D\u0117l puikaus pralaidumo orui, tempimo ir ilgaam\u017ei\u0161kumo jis leid\u017eia jums v\u0117siai ir patogiai praleisti ilgas dienas lauke <\/li>\n<li> Level 3\u20134 Windproof: Our beach sun shade canopy handles common coastal breezes without tipping. It features 4 large sandbags, 4 thickened aluminum support poles, and secure elastic top cords that tightly tie the poles for added strength and stability <\/li>\n<li> Pastatytas visoms terasoms: naudojant tiek sm\u0117lio mai\u0161\u0105, tiek ant\u017eeminio kuolo tvirtinimo galimybes, \u0161is papl\u016bdimio pav\u0117syje esantis baldakimas saugiai \u012frengiamas ant sm\u0117lio, \u017eol\u0117s ir kt. Lengvai pakeiskite sm\u0117lio mai\u0161\u0173 ar stulp\u0173 pad\u0117t\u012f, kad sureguliuotum\u0117te \u0161e\u0161\u0117lio kamp\u0105 saulei judant <\/li>\n<li> Lengva ne\u0161iotis: m\u016bs\u0173 papl\u016bdimio palapin\u0117s stogelyje yra patogus daiktad\u0117\u017e\u0117, kuri tvarkingai telpa ant stogelio, stulp\u0173 ir pried\u0173 \u012f j\u016bs\u0173 baga\u017e\u0105 ar automobilio baga\u017ein\u0119. be vargo nune\u0161kite \u012f papl\u016bdim\u012f, park\u0105 ar stovyklaviet\u0119, kad ir kur nuvest\u0173 j\u016bs\u0173 nuotykiai <\/li>\n<\/ul>","protected":false},"featured_media":452960,"comment_status":"open","ping_status":"open","template":"","meta":{"om_disable_all_campaigns":false,"_monsterinsights_skip_tracking":false,"_monsterinsights_sitenote_active":false,"_monsterinsights_sitenote_note":"","_monsterinsights_sitenote_category":0,"_uf_show_specific_survey":0,"_uf_disable_surveys":false},"location":[1935,1934],"product_brand":[],"product_cat":[2653,2652,2378,2651],"product_tag":[],"class_list":{"0":"post-236611","1":"product","2":"type-product","3":"status-publish","4":"has-post-thumbnail","6":"location-supplier_stock_location","7":"location-local_stock_location","8":"product_cat-beach-canopy","9":"product_cat-pop-up-tents-tailgating-gear","10":"product_cat-sports-outdoors","11":"product_cat-tailgating-gear","13":"first","14":"instock","15":"taxable","16":"shipping-taxable","17":"purchasable","18":"product-type-simple"},"aioseo_notices":[],"jetpack_sharing_enabled":true,"locations":[{"id":1935,"name":"Pieg\u0101d\u0101t\u0101ja noliktav\u0101 (5-7d.d.)","slug":"supplier_stock_location","quantity":"107"},{"id":1934,"name":"R\u012bgas veikal\u0101 (0-2d.d.)","slug":"local_stock_location","quantity":"0"}],"_links":{"self":[{"href":"https:\/\/vevorshop.lv\/lt\/wp-json\/wp\/v2\/product\/236611","targetHints":{"allow":["GET"]}}],"collection":[{"href":"https:\/\/vevorshop.lv\/lt\/wp-json\/wp\/v2\/product"}],"about":[{"href":"https:\/\/vevorshop.lv\/lt\/wp-json\/wp\/v2\/types\/product"}],"replies":[{"embeddable":true,"href":"https:\/\/vevorshop.lv\/lt\/wp-json\/wp\/v2\/comments?post=236611"}],"wp:featuredmedia":[{"embeddable":true,"href":"https:\/\/vevorshop.lv\/lt\/wp-json\/wp\/v2\/media\/452960"}],"wp:attachment":[{"href":"https:\/\/vevorshop.lv\/lt\/wp-json\/wp\/v2\/media?parent=236611"}],"wp:term":[{"taxonomy":"location","embeddable":true,"href":"https:\/\/vevorshop.lv\/lt\/wp-json\/wp\/v2\/location?post=236611"},{"taxonomy":"product_brand","embeddable":true,"href":"https:\/\/vevorshop.lv\/lt\/wp-json\/wp\/v2\/product_brand?post=236611"},{"taxonomy":"product_cat","embeddable":true,"href":"https:\/\/vevorshop.lv\/lt\/wp-json\/wp\/v2\/product_cat?post=236611"},{"taxonomy":"product_tag","embeddable":true,"href":"https:\/\/vevorshop.lv\/lt\/wp-json\/wp\/v2\/product_tag?post=236611"}],"curies":[{"name":"wp","href":"https:\/\/api.w.org\/{rel}","templated":true}]}}