{"id":23761,"date":"2024-11-18T14:51:31","date_gmt":"2024-11-18T14:51:31","guid":{"rendered":"http:\/\/vevorshop.edigo.lv\/Prece\/vevor-10ft-outdoor-recreational-trampoline-for-kids-with-safety-enclosure-net\/"},"modified":"2026-04-20T17:36:46","modified_gmt":"2026-04-20T14:36:46","slug":"vevor-10ft-outdoor-recreational-trampoline-for-kids-with-safety-enclosure-net","status":"publish","type":"product","link":"https:\/\/vevorshop.lv\/lt\/Prece\/vevor-10-pedu-lauko-pramoginis-batutas-vaikams-su-apsauginiu-aptvaru\/","title":{"rendered":"VEVOR 3 m lauko batutas su apsauginiu tinklu, kop\u0117\u010diomis ir saugos pamink\u0161tinimu, 150 kg apkrova vaikams ir suaugusiems"},"content":{"rendered":"<div style=\"color: #fff!important; font-size: 16px; height: 24px; line-height: 24px; margin-top: -24px; \" class=\"product_original_name\">VEVOR 10FT batutas, 330 svar\u0173 batutas su gaubtu, kop\u0117\u010dios ir lenktas stulpas, sunkiasvoris batutas su \u0161okin\u0117jimo kilim\u0117liu ir spyruokliniu dangteliu, lauko pramoginiai batutai vaikams suaugusiems<\/div>\n<div style=\"color: #fff!important; font-size: 16px; height: 24px; line-height: 24px; margin-top: -24px; \" class=\"product_sku\">M4I4KRS6<\/div>\n<div style=\"color: #fff!important; font-size: 16px; height: 24px; line-height: 24px; margin-top: -24px; \" class=\"product_mpn\">YXBC10YCHWYX52X5HV0<\/div><div id=\"js-DM_at-goodDescRich\"><html><head><style>  body {    font-family: Arial;    line-height: 1.5;    color: #1c1c1c;    overflow-x: hidden;    margin: 0;    padding: 0;  }  .MsoNormal b {    font-weight: bolder;  }<\/style><style>  .container.small {    width: 970px;    margin: 0 auto;  }  .logo {    margin: 0 auto 0;  }  .logo img {    display: block;    margin: 0 auto;    max-width: 100%;  }  .logo .pc-banner {    display: block;    width: 1200px;    height: 247.4px;    margin: 0 auto;  }  .logo .pc-banner.small {    width: 970px;  }  .logo .pc-banner.small img {    height: auto!important;  }  .logo .m-banner {    display: none;  }  .ytvideo {    position: relative;    height: 546px;    width: 100%;    margin: 0 auto;  }  .ytvideo img {    width: 100%;    margin: 0 auto;  }  .ytvideo .play-btn {    width: 60px;    height: 42px;    position: absolute;    top: 50%;    left: 50%;    transform: translate(-50%, -50%);    background: url(\"data:image\/png;base64,iVBORw0KGgoAAAANSUhEUgAAAGQAAABGCAMAAAANWMFbAAAC+lBMVEUAAADBGB3kLCfBGB3kLCfcJC7BFx3KKSbiKybkLCbWJCPSIiLSIiLPICHAFx3kLCfgKSXNHiDZJiTIGx\/p4eHcjo7LHSDbJyTkLCbjKyfOHyHPIiL28fHJHB\/GGh7EGR7eKCXDGB3RISHlLSbBGB3AFxzGHB7DGB7BGB3hKybkKybAFx3lLCfAFxzDGR3hKibDGB7cJyTmz8\/elJTlwcHjurrUIyLlLSflLSfAFx3DGR7lLSfCFx3hKibhKibhKybjKybkLCblLSfbJSX49vbx7e3NNzjNMTLMJyjVIyLZf3\/ZQ0LaeHjx0tLgoqLkLCfCGB3HGx\/BGB3BFx3PICHCGB7WJCLOHyC\/Fxy\/Fx3lLCfQISHkLSe\/FxzbJiTBFx3FGx\/AGB7BFx3EGR7AGB3HHSDfKiXAFh3TISHYNzbhKibbJyTTIiL57e325+f039\/v2NjUV1fOHiHiqanfmprch4feKSXVIyPOICHmLibFGh\/mLSe\/Fx7XJCPeKSXXJSPNHyHaJyTGGh7lLCbmLCflLSjSIiLkLCbdKSXLHiC\/GB3KHh++Fh3lKyfoLiXcKCPkx8fYb2\/XaGfVXl3aU1LLHiDksbHgKibPICHbJyTfKSXbJyTCGB3KHSDiKybFGh7TIiL\/\/\/\/VIyPRISHIHB\/GGx\/HHB\/DGR7gKibdKCXLHiDZJiTMHiDNHyHYJSTOICHPICHWJCPcKCXXJSPjLCblLCf+\/f3NGR\/uLijzLynPGR\/IGB7WISHaIyLLGh7UAADxLynNAADRLzDbICLQAADIAAD3MCrUHSHXMTDpKSbLAADp5OTij4\/ejo\/VLy\/1LyngJSTcJCPQHx\/OHB7+\/PzaMS\/OLS\/vLijrLSjSAADaNTPwLyjkKSbNJCbYISHPHB\/KGB7WAAD7+vrn3d3aKynTKCjoLCfsKifRGh\/YAADq5+fhjo7QNDXXKCfmJyXt5+fTLzDLLi\/QKivYHRvMGBrQJCXLISPMExXLDxLaEAvkkI\/bOTfaFQ\/SCgpvLcnHAAAAmnRSTlMA+vv7+gT9Bvf9+8z8\/NSv\/Pr5+P7++vnQIBMP\/v38\/Pn348XDiCYf9OjbzcqxXVcx\/fz8+\/rj1r2poo1+fXFqX0orGP7+\/v7+\/fz8+\/r68uzn4trIxsG\/vri3p6GcmZSNbWVYUUZEPQv+\/f39+\/v7+\/v7+vr64tvV1NTTz87FtbSurqeblJKFg4B3bUY+NjL7+\/v7+\/v67t1cDo8JLQAABkRJREFUWMO0kz9rwkAYh0OIeJkum6YugUAhISCdKoj\/P4C7SMdS+gEKIhSKil10LSg4mzXkILdlEpxCpwTiWOLX6BujvQaEQuGeHLnL+\/64J+SIcKGYTYWnntpdLjrVdqvZmNdn0+EE40GtpuuWVS6Xx6N7YDSGpWXpeq02wHgynM7q80az1a52HpddtVcpsi1zFARBrdaxbhp9iUReTGmwA4KAAr7vx3EYejnCMI6hQYEgy0LQi4jUN0wL19vqFcUC9\/1dAKmEEFkWRYkh5oBejnxQJiSJPJ\/uKBp0Thszx9Mw8hMRIQjKsptCfuES9zr5WJY6vSFCIvE9fCMUmEM1A1kSXcYGxgVYsvI1IPKTZciSTI0us\/SMGG04gDzELDoFBwdcFJrF88dqgYMTiL6DILWYyfOWE8\/kIz38olCNlC03FK95+imxp6y4oUSvAnBjHHhKNtotSDqJzVFiK8c2SBqhZtsrTtgrLXwAyduxZHNE26eHUt5rtuM4WSmds3G+sUdWYo1L+XyxButoh5eKUHk5lByO3G1LqqCWVnfrv\/lyPtf\/4ps1cndNGIri8J1TJ0lx6dR\/oPjq1nbRwdp2dCk4CtIOLW3pVKRL6WZfS5vF2KkIQhpwSsjiYIgNCs1gEMGqiIq24NQX9NwoXFy8Ufrl3twTcg4fv8T9\/JBEySduj6Mjm4bMzYV7EEOxKjjoNDud7yY3Dy71Hq2oLmqfbNR723edH9PgMrNL2utoQ3VmaIDkiw\/4w51P06hlZsTZvkRrbVuSIs\/zwSOsycgzStQouoAkWQqioRT5XI7n2Z1wfVhoZmcAJLsoqjqpjbWCgpOAJXBwHK8PzWbNvoUZJND5wCnSkLAkZ1legx6vqQzjoiTahKlGUGLAiIIoABOHaNVw4sexZBym6\/HWlH5h3IC7yRbxtipcWxdTOkORKiNQAEkFf66x5S2oeRbroOlLgg0sSYkR0hRGEqJZ0jTPiQKatESdBckpWigxaapEH0lImHdWu9pUFF2XqMNM2Z4kped7IwEJw2qabwtrQqnpw6HyKkgcadKWsmpywwesDyIhYRpdzXddqegtGIJlXbAIUMOLkGxJUjRIkokwjUaX9d\/kK62ps\/tYUqZLIMkLTyBhsMZ3C5Z\/kDxOSCb\/DOs\/\/J0qcWSX\/2ipe56EgTCA4\/cB7NAYOsni4mZM1MUPAISoEwkDi4lhVBQ1cWQyIcwalw4EpqZN68JUSK7XC0kTlkLYii5uXSC8jT5ncCAS7mjCv0uHp\/3lueHEEAeQ\/\/VgmdN71\/2uCSA1Xr6DO6uI6sW56zqT2tp2PhgiRUAajV8CY2fkcz6WGNKMgLAt7tJAhD4YHMTeRxlALE6+43WqjSWi8ITxyJl8WrwWSNESQZZOqhDDntO3hJLsd5RtSpbJqdv3YrDJH3F7jL1R2O2aQkn2MyCyKYz0GPGIvSAMgBCrCEiJyKbBaYGwLW4uPRr0A0M4Ux5kUI7IBh+hMdiCEWNqhMZGyYMsOgNE58UQuEQeUnSWCMYwL54hkxK6IoqucQZbQ3pc3XtL0lky1dL0zZJJDpWJovFqpWj6JEHnyam2eQp5QRVAVHjWparTOaVwUOx99YS2MvgxIGV0bb+qIg2HX2qkFFJB+XZcbLiuRkuxD9GRroKyveLxdh4d7Orx+hb7qc3uVRuEogCOnyIxm4ubUoPgF4jianDrC+SDQDKEfJb0GUKmjCGPYHGJvVC6X4hw1\/sAfQAdfYyephIaspXe36RwOP+Ljvfx9B6B3i+Nk0DGq+oCbLn6JpBa9nWAveAIHwFAwtVcIJXPMPL8kRu5OAYPMaL1WScTxjiZDqB9LTJSWphow\/pTYKRTLjCBhvi9iBidvKcDasGSm0QQkycYuLBqj6QCELPctqChDWpTRMWkngNNpQ1Pfp1KkiT\/Y0DGffXAweUNfLAfaJFKDwhb6I+bkYRbkERoEeu3Fyjg2opMz2daZCS9jt6Q7txNfB+OZEVF6Zl5web2xunnLQrtrjXseXKaFYziYINeMFZVxS9VxRhOoesYwxPKXm+gWLG9cuFeq93UNNeJNsf1KlwuDok9n02n3TgIJpOxNfL9naIoQwXtfH9kjceTIIi709ncTg6LZbg+biLH1V6u\/7rxBem06VXKn9raAAAAAElFTkSuQmCC\")      no-repeat center center \/ contain;  }  @media screen and (max-width: 960px) and (orientation: portrait) {    .logo {      width: 100%;    }    .logo .pc-banner {      display: none;    }    .logo .m-banner {      display: block;      width: 100%;    }    .logo .m-banner img {      height: auto!important;    }    .ytvideo {      height: 200px;      width: 100%;    }  }<\/style><style>  .video-section {    width: 100%;    margin: 0 auto;  }  .video-section > img {    width: 100%;  }  .video-section iframe,  .video-section video {    width: 100%;    height: 100%;      }  .video-section-img-m,  .video-section-img-pc > img {    width: 100%;    height: auto;  }  .video-section-img-pc.small > img {    width: 970px;  }  .video-desc {    line-height: 1.5;    font-size: 20px;    font-weight: 400;    margin: 20px 0;    text-align: center;    color: #0f1111;    word-break: break-word;  }  @media screen and (max-width: 960px) and (orientation: portrait) {    .video-section {      width: 100%;    }    .video-section-pc,    .video-section-img-pc {      display: none;    }    .video-section-m,    .video-section-img-m {      display: block;    }    .video-desc {      font-size: 15px;    }  }  @media screen and (min-width: 960px) {    .video-section {      width: 100%;      margin: 0 auto;    }    .video-section-pc,    .video-section-img-pc {      display: block;    }    .video-section-m,    .video-section-img-m {      display: none;    }    .video-desc {      font-size: 20px;    }  }<\/style><style>  .section + .section {    margin-top: 35px;  }  .section-title {    text-align: center;    font-weight: bold;    color: #0d1111;    font-family: \"Arial\";    font-size: 32px;    margin: 15px 0;  }  .section-title:empty {    display: none;  }  .section-desc {    text-align: center;    font-weight: normal;    color: #0d1111;    margin-top: 20px;  }  .section-desc:empty {    display: none;  }  .section-img {    width: 1200px;    height: 492px;    margin: 0 auto;    display: block;  }  .section-img.small {    width: 970px;    height: auto;  }  .section-img.small > img {    height: auto;  }  .section-img > img {    width: 100%;    height: 100%;  }  .section-mobile-img {    display: none;    max-width: 100vw;    max-height: 75vw;    height: 450px;    margin: 0 auto;  }  .section-mobile-img > img {    width: 100%;    height: 100%;  }  @media screen and (max-width: 960px) and (orientation: portrait) {    .container {      width: 100%;    }    .container.small {      width: 100%;    }    .section-mobile-img {      display: block;    }    .section-img {      display: none;    }    .section-title {      font-size: 22px;      margin: 10px 0;    }    .section-desc {      margin-top: 10px;    }    .section + .section {      margin-top: 20px;    }  }<\/style><\/head><body><div class=\"container\"><div class=\"logo\"><div class=\"pc-banner\"><div><img decoding=\"async\" src=\"\/vevor\/vevor\/boutique-banner\/pc\/en-pc@1x.jpg\" style=\"width: 100%;\" \/><\/div><\/div><div class=\"m-banner\"><div><img decoding=\"async\" src=\"\/vevor\/vevor\/boutique-banner\/mobile\/en-m@1x.jpg\" style=\"width: 100%;\" \/><\/div><\/div><\/div><div class=\"section-title\">Pramog\u0173 Batutas<\/div><div class=\"video-section\"><div class=\"video-section-img-pc\"><img decoding=\"async\" src=\"\/vevor\/product\/YXBC10YCHWYX52X5H\/trampoline-a100-1.4.jpg\" alt=\"VEVOR batutas, lauko interaktyvi\u0173 \u017eaidim\u0173, si\u016blanti vaikai \u0161okin\u0117ja viduje su asorti kamuolius.\" \/><\/div><div class=\"video-section-img-m\"><img decoding=\"async\" src=\"\/vevor\/product\/YXBC10YCHWYX52X5H\/trampoline-a100-1.4-m.jpg\" alt=\"VEVOR batutas, lauko interaktyvi\u0173 \u017eaidim\u0173, si\u016blanti vaikai \u0161okin\u0117ja viduje su asorti kamuolius.\" \/><\/div><div class=\"section-desc\">Sukurti asmenin\u0119 pramog\u0173 karalyst\u0117, kur vaikai gali \u017eaisti laisvai ir m\u0117gautis malonumu, parei\u0161k\u0117 batutas.<\/div><\/div><div class=\"section\"><div class=\"section-title\"><\/div><div class=\"section-img\"><img decoding=\"async\" src=\"\/vevor\/product\/YXBC10YCHWYX52X5H\/trampoline-a100-2.2.jpg\" alt=\"visapusi\u0161kas vaiko saugos funkcijas VEVOR batutas su put\u0173 lenkai, storas saugos pagalv\u0117l\u0119, ir 360\u00b0 neto.\" \/><\/div><div class=\"section-mobile-img\"><img decoding=\"async\" src=\"\/vevor\/product\/YXBC10YCHWYX52X5H\/trampoline-a100-2.2-m.jpg\" alt=\"visapusi\u0161kas vaiko saugos funkcijas VEVOR batutas su put\u0173 lenkai, storas saugos pagalv\u0117l\u0119, ir 360\u00b0 neto.\" \/><\/div><div class=\"section-desc\">Su 360\u00b0 apsauginis tinklas, apsaugos, susid\u016brimo-\u012frodymas, buferiai, ir sutir\u0161t\u0117s amortizatoriumi saugos pagalv\u0117l\u0117s, \u0161is pasilinksminimo batutas suteikia visapusi\u0161k\u0105 apsaug\u0105, siekiant i\u0161vengti vaik\u0173 i\u0161 vis su\u017eeisti.<\/div><\/div><div class=\"section\"><div class=\"section-title\"><\/div><div class=\"section-img\"><img decoding=\"async\" src=\"\/vevor\/product\/YXBC10YCHWYX52X5H\/trampoline-a100-2.3.jpg\" alt=\"VEVOR batutas su sutir\u0161t\u0117s kojos, vamzd\u017eiai, 4-\u017eiedas kojos dizaino ir stacionari\u0173 kop\u0117\u010di\u0173 stabilum\u0105 ir ilgaam\u017ei\u0161kum\u0105.\" \/><\/div><div class=\"section-mobile-img\"><img decoding=\"async\" src=\"\/vevor\/product\/YXBC10YCHWYX52X5H\/trampoline-a100-2.3-m.jpg\" alt=\"VEVOR batutas su sutir\u0161t\u0117s kojos, vamzd\u017eiai, 4-\u017eiedas kojos dizaino ir stacionari\u0173 kop\u0117\u010di\u0173 stabilum\u0105 ir ilgaam\u017ei\u0161kum\u0105.\" \/><\/div><div class=\"section-desc\">Sunkus batutas pasi\u017eymi patobulintais sustor\u0117jusiais koj\u0173 vamzdeliais ir stipria \u017eiedin\u0117s kojos konstrukcija, u\u017etikrinan\u010dia didesn\u012f stabilum\u0105 ir tvirtum\u0105. Ma\u017eiau tik\u0117tina, kad jis sulenks ir gali b\u016bti naudojamas ilg\u0105 laik\u0105.<\/div><\/div><div class=\"section\"><div class=\"section-title\"><\/div><div class=\"section-img\"><img decoding=\"async\" src=\"\/vevor\/product\/YXBC10YCHWYX52X5H\/trampoline-a100-2.4.jpg\" alt=\"vaikams m\u0117gautis VEVOR batutas su krep\u0161inio lankai, kuriuos tvenkinys, skatinti lauko \u012fdomus ir fizin\u0117 veikla.\" \/><\/div><div class=\"section-mobile-img\"><img decoding=\"async\" src=\"\/vevor\/product\/YXBC10YCHWYX52X5H\/trampoline-a100-2.4-m.jpg\" alt=\"vaikams m\u0117gautis VEVOR batutas su krep\u0161inio lankai, kuriuos tvenkinys, skatinti lauko \u012fdomus ir fizin\u0117 veikla.\" \/><\/div><div class=\"section-desc\">Be \u012fprastos \u0161okin\u0117jimo veiklos, vaikams skirtas batutas gali b\u016bti pritaikytas su papildoma sporto \u012franga, tokia kaip krep\u0161inio lankai ir s\u016bpyn\u0117s, atsi\u017evelgiant \u012f vaik\u0173 pom\u0117gius, taip pagerinant jo \u017eaismingum\u0105.<\/div><\/div><div class=\"section\"><div class=\"section-title\"><\/div><div class=\"section-img\"><img decoding=\"async\" src=\"\/vevor\/product\/YXBC10YCHWYX52X5H\/trampoline-a100-2.5.jpg\" alt=\"step-by-step asambl\u0117jos vadovas VEVOR batutas su apsauginiu net ir pavasar\u012f r\u0117mo dangtis.\" \/><\/div><div class=\"section-mobile-img\"><img decoding=\"async\" src=\"\/vevor\/product\/YXBC10YCHWYX52X5H\/trampoline-a100-2.5-m.jpg\" alt=\"step-by-step asambl\u0117jos vadovas VEVOR batutas su apsauginiu net ir pavasar\u012f r\u0117mo dangtis.\" \/><\/div><div class=\"section-desc\">Ateina su montavimo instrukcija i\u0161samiai dalys, batuto ir veiksmus, surinkimas. Jis gali b\u016bti lengvai \u012fdiegti be papildom\u0173 \u012franki\u0173, tod\u0117l veikimas labai paprastas.<\/div><\/div><div class=\"section\"><div class=\"section-img\"><img decoding=\"async\" src=\"\/vevor\/product\/YXBC10YCHWYX52X5H\/trampoline-a100-1.11.jpg\" alt=\"VEVOR batuto detal\u0117s matmenys, funkcij\u0173 ir pried\u0173, \u012fskaitant spyruokl\u0117s, arbata s\u0105nari\u0173, ir instrukcijoje.\" \/><\/div><div class=\"section-mobile-img\"><img decoding=\"async\" src=\"\/vevor\/product\/YXBC10YCHWYX52X5H\/trampoline-a100-1.11-m.jpg\" alt=\"VEVOR batuto detal\u0117s matmenys, funkcij\u0173 ir pried\u0173, \u012fskaitant spyruokl\u0117s, arbata s\u0105nari\u0173, ir instrukcijoje.\" \/><\/div><\/div><\/div><\/body><\/html><\/div>\n<div class=\"DM_at-title\" id=\"js-DM_at-title\"> <div>Produkto specifikacija<\/div> <i class=\"icon-arrowup_line\"><\/i> <\/div><div class=\"DM_at-goodsDescAttr\" id=\"js-DM_at-goodsDescAttr\"> <div class=\"DM_at-goodsDescAttrInner\"> <dl class=\"goodsDesc_item goodsDesc_item_even\"> <dt>Prek\u0117s Modelio Numeris<\/dt> <dd> TX-B7123-10FT<\/dd> <\/dl> <dl class=\"goodsDesc_item\"> <dt>Kop\u0117\u010di\u0173 Matmenys<\/dt> <dd> \u03a60.98 cm \/ \u03a62.5 cm, storis 0.03 coli\u0173 \/ 0.1 cm<\/dd> <\/dl> <dl class=\"goodsDesc_item goodsDesc_item_even\"> <dt>Kop\u0117\u010di\u0173 Auk\u0161tis<\/dt> <dd> 33.85 cm \/ 86 cm<\/dd> <\/dl> <dl class=\"goodsDesc_item\"> <dt>Tamprumo Mechanizmas<\/dt> <dd> Spyruokl\u0117s<\/dd> <\/dl> <dl class=\"goodsDesc_item goodsDesc_item_even\"> <dt>Keletas \u0160altini\u0173<\/dt> <dd> 64<\/dd> <\/dl> <dl class=\"goodsDesc_item\"> <dt>Bounce Kilim\u0117lis Svoris<\/dt> <dd> 260 g\/m2<\/dd> <\/dl> <dl class=\"goodsDesc_item goodsDesc_item_even\"> <dt>Standartin\u0117s Apkrovos Paj\u0117gumas<\/dt> <dd> Max 330 kg \/ 150 kg<\/dd> <\/dl> <dl class=\"goodsDesc_item\"> <dt>Neto Svoris<\/dt> <dd> 101.41 svar\u0173 \/ 46 kg<\/dd> <\/dl> <\/div> <\/div>","protected":false},"excerpt":{"rendered":"<ul>\n<li> Lankstus I\u0161d\u0117stymas: \u0160is batutas yra puikus vaik\u0173 ir \u0161eimos pramog\u0173, taip pat interaktyvi\u0173 \u017eaidim\u0173 su keliais \u017emon\u0117mis. Tai gali b\u016bti lanks\u010diai pateikti patalpoje ar lauke, leid\u017eia jums m\u0117gautis \u0161okin\u0117ja \u012fdomus bet kada, bet kur. <\/li>\n<li> Patvarus ir Atsparus Lenkimo: \u0160is poilsio batutas pagamintas su atnaujintais auk\u0161tos kokyb\u0117s med\u017eiag\u0173. Jos \u017eiedas kojos dizainas su sutir\u0161t\u0117s plieno vamzd\u017eiai u\u017etikrina net ir tvirt\u0105 param\u0105, tod\u0117l atsparus lenkimo net ir ilgai naudoti. Batutas turi atlikti tiksl\u016bs tyrimai ir gali atlaikyti svor\u012f ma\u017edaug 330 kg \/ 150 kg, tod\u0117l tinka vaikams bounce. <\/li>\n<li> I\u0161imtiniais \u0160oktel\u0117ti Galia: Su 33.85 coli\u0173 \/ 86 cm auk\u0161\u010dio kop\u0117\u010di\u0173, \u0161is sunki\u0173j\u0173 batutas si\u016blo didesnio at\u0161okimo auk\u0161t\u012f. Ji yra \u012frengta su 64 sunki\u0173j\u0173 spyruokl\u0117s ir 260 g\/m2 auk\u0161to elastingumo kilim\u0117lis, teikti ne\u012fvykdyti \u0161oktel\u0117ti galia ir pad\u0117ti vaikams patirti d\u017eiaugsm\u0105 \u0161oktel\u0117ti. <\/li>\n<li> Visapusi\u0161ka Apsauga: lauko batutas yra 360\u00b0 saugos tinklo apsauga, su aplinkini\u0173 net lenkai, kuriems 0.39 cm \/ 1 cm storio put\u0173, saugiai gaubian\u010dio vaiko viduryje. Tai apsaugo vaikus nuo tiesiogiai pataikyti buferi\u0173, o \u017eaisti. Aki\u0173 leid\u017eia nuolat steb\u0117ti vaiko. Sutir\u0161tinto saugos mygtukai yra glaud\u017eiai susij\u0119s su saugos neto, veiksmingai sugeria sukr\u0117timus ir u\u017ekirsti keli\u0105 paslysti, tod\u0117l geriau apsaugoti vaik\u0105 nuo traum\u0173. <\/li>\n<li> Patogus \u012erengimas: lauko poilsio batutas ateina su montavimo instrukcija, kad ai\u0161kiai paai\u0161kina, sud\u0117tin\u0117s dalys ir veiksmai surinkimas. Procesas yra labai paprastas, ir ji gali b\u016bti lengvai surenkamos nenaudojant papildom\u0173 \u012franki\u0173. <\/li>\n<\/ul>","protected":false},"featured_media":279320,"comment_status":"closed","ping_status":"open","template":"","meta":{"om_disable_all_campaigns":false,"_uf_show_specific_survey":0,"_uf_disable_surveys":false},"location":[1935,1934],"product_brand":[21],"product_cat":[2378,3666,3533],"product_tag":[],"class_list":{"0":"post-23761","1":"product","2":"type-product","3":"status-publish","4":"has-post-thumbnail","6":"location-supplier_stock_location","7":"location-local_stock_location","8":"product_brand-vevor","9":"product_cat-sports-outdoors","10":"product_cat-trampoline","11":"product_cat-trampolines-sports-outdoors","13":"first","14":"instock","15":"taxable","16":"shipping-taxable","17":"purchasable","18":"product-type-simple"},"aioseo_notices":[],"locations":[{"id":1935,"name":"Pieg\u0101d\u0101t\u0101ja noliktav\u0101 (5-7d.d.)","slug":"supplier_stock_location","quantity":"1"},{"id":1934,"name":"R\u012bgas veikal\u0101 (0-2d.d.)","slug":"local_stock_location","quantity":"0"}],"_links":{"self":[{"href":"https:\/\/vevorshop.lv\/lt\/wp-json\/wp\/v2\/product\/23761","targetHints":{"allow":["GET"]}}],"collection":[{"href":"https:\/\/vevorshop.lv\/lt\/wp-json\/wp\/v2\/product"}],"about":[{"href":"https:\/\/vevorshop.lv\/lt\/wp-json\/wp\/v2\/types\/product"}],"replies":[{"embeddable":true,"href":"https:\/\/vevorshop.lv\/lt\/wp-json\/wp\/v2\/comments?post=23761"}],"wp:featuredmedia":[{"embeddable":true,"href":"https:\/\/vevorshop.lv\/lt\/wp-json\/wp\/v2\/media\/279320"}],"wp:attachment":[{"href":"https:\/\/vevorshop.lv\/lt\/wp-json\/wp\/v2\/media?parent=23761"}],"wp:term":[{"taxonomy":"location","embeddable":true,"href":"https:\/\/vevorshop.lv\/lt\/wp-json\/wp\/v2\/location?post=23761"},{"taxonomy":"product_brand","embeddable":true,"href":"https:\/\/vevorshop.lv\/lt\/wp-json\/wp\/v2\/product_brand?post=23761"},{"taxonomy":"product_cat","embeddable":true,"href":"https:\/\/vevorshop.lv\/lt\/wp-json\/wp\/v2\/product_cat?post=23761"},{"taxonomy":"product_tag","embeddable":true,"href":"https:\/\/vevorshop.lv\/lt\/wp-json\/wp\/v2\/product_tag?post=23761"}],"curies":[{"name":"wp","href":"https:\/\/api.w.org\/{rel}","templated":true}]}}