{"id":24819,"date":"2024-11-18T15:39:37","date_gmt":"2024-11-18T15:39:37","guid":{"rendered":"http:\/\/vevorshop.edigo.lv\/Prece\/vevor-2x50-ft-ninja-warrior-obstacle-course-kids-outdoor-slackline-12-obstacles\/"},"modified":"2026-04-20T17:26:43","modified_gmt":"2026-04-20T14:26:43","slug":"vevor-2x50-ft-ninja-warrior-obstacle-course-kids-outdoor-slackline-12-obstacles","status":"publish","type":"product","link":"https:\/\/vevorshop.lv\/lt\/Prece\/vevor-2x50-pedu-ninja-karys-kliuciu-ruozas-vaikai-lauko-slackline-12-kliutys\/","title":{"rendered":"VEVOR Kids Ninja kli\u016b\u010di\u0173 ruo\u017eas su 2\u00d715 m laisvomis linijomis, 12 reguliuojam\u0173 kli\u016b\u010di\u0173, 225 kg talpa, lauko kiemo rinkinys"},"content":{"rendered":"<div style=\"color: #fff!important; font-size: 16px; height: 24px; line-height: 24px; margin-top: -24px; \" class=\"product_original_name\">VEVOR Ninja Warrior Obstacle Course for Kids, 2 x 50 ft Weatherproof Slacklines, 500lbs Weight Capacity Monkey Line, Outdoor Playset Equipment, Backyard Toys Training Equipment Set with 12 Obstacles<\/div>\n<div style=\"color: #fff!important; font-size: 16px; height: 24px; line-height: 24px; margin-top: -24px; \" class=\"product_sku\">M4I4KTAA<\/div>\n<div style=\"color: #fff!important; font-size: 16px; height: 24px; line-height: 24px; margin-top: -24px; \" class=\"product_mpn\">RZX502YC10J052R10V0<\/div><div id=\"js-DM_at-goodDescRich\"><html><head><style>  body {    font-family: Arial;    line-height: 1.5;    color: #1c1c1c;    overflow-x: hidden;    margin: 0;    padding: 0;  }  .MsoNormal b {    font-weight: bolder;  }<\/style><style>  .container.small {    width: 970px;    margin: 0 auto;  }  .logo {    margin: 0 auto 0;  }  .logo img {    display: block;    margin: 0 auto;    max-width: 100%;  }  .logo .pc-banner {    display: block;    width: 1200px;    height: 247.4px;    margin: 0 auto;  }  .logo .pc-banner.small {    width: 970px;  }  .logo .pc-banner.small img {    height: auto!important;  }  .logo .m-banner {    display: none;  }  .ytvideo {    position: relative;    height: 546px;    width: 100%;    margin: 0 auto;  }  .ytvideo img {    width: 100%;    margin: 0 auto;  }  .ytvideo .play-btn {    width: 60px;    height: 42px;    position: absolute;    top: 50%;    left: 50%;    transform: translate(-50%, -50%);    background: url(\"data:image\/png;base64,iVBORw0KGgoAAAANSUhEUgAAAGQAAABGCAMAAAANWMFbAAAC+lBMVEUAAADBGB3kLCfBGB3kLCfcJC7BFx3KKSbiKybkLCbWJCPSIiLSIiLPICHAFx3kLCfgKSXNHiDZJiTIGx\/p4eHcjo7LHSDbJyTkLCbjKyfOHyHPIiL28fHJHB\/GGh7EGR7eKCXDGB3RISHlLSbBGB3AFxzGHB7DGB7BGB3hKybkKybAFx3lLCfAFxzDGR3hKibDGB7cJyTmz8\/elJTlwcHjurrUIyLlLSflLSfAFx3DGR7lLSfCFx3hKibhKibhKybjKybkLCblLSfbJSX49vbx7e3NNzjNMTLMJyjVIyLZf3\/ZQ0LaeHjx0tLgoqLkLCfCGB3HGx\/BGB3BFx3PICHCGB7WJCLOHyC\/Fxy\/Fx3lLCfQISHkLSe\/FxzbJiTBFx3FGx\/AGB7BFx3EGR7AGB3HHSDfKiXAFh3TISHYNzbhKibbJyTTIiL57e325+f039\/v2NjUV1fOHiHiqanfmprch4feKSXVIyPOICHmLibFGh\/mLSe\/Fx7XJCPeKSXXJSPNHyHaJyTGGh7lLCbmLCflLSjSIiLkLCbdKSXLHiC\/GB3KHh++Fh3lKyfoLiXcKCPkx8fYb2\/XaGfVXl3aU1LLHiDksbHgKibPICHbJyTfKSXbJyTCGB3KHSDiKybFGh7TIiL\/\/\/\/VIyPRISHIHB\/GGx\/HHB\/DGR7gKibdKCXLHiDZJiTMHiDNHyHYJSTOICHPICHWJCPcKCXXJSPjLCblLCf+\/f3NGR\/uLijzLynPGR\/IGB7WISHaIyLLGh7UAADxLynNAADRLzDbICLQAADIAAD3MCrUHSHXMTDpKSbLAADp5OTij4\/ejo\/VLy\/1LyngJSTcJCPQHx\/OHB7+\/PzaMS\/OLS\/vLijrLSjSAADaNTPwLyjkKSbNJCbYISHPHB\/KGB7WAAD7+vrn3d3aKynTKCjoLCfsKifRGh\/YAADq5+fhjo7QNDXXKCfmJyXt5+fTLzDLLi\/QKivYHRvMGBrQJCXLISPMExXLDxLaEAvkkI\/bOTfaFQ\/SCgpvLcnHAAAAmnRSTlMA+vv7+gT9Bvf9+8z8\/NSv\/Pr5+P7++vnQIBMP\/v38\/Pn348XDiCYf9OjbzcqxXVcx\/fz8+\/rj1r2poo1+fXFqX0orGP7+\/v7+\/fz8+\/r68uzn4trIxsG\/vri3p6GcmZSNbWVYUUZEPQv+\/f39+\/v7+\/v7+vr64tvV1NTTz87FtbSurqeblJKFg4B3bUY+NjL7+\/v7+\/v67t1cDo8JLQAABkRJREFUWMO0kz9rwkAYh0OIeJkum6YugUAhISCdKoj\/P4C7SMdS+gEKIhSKil10LSg4mzXkILdlEpxCpwTiWOLX6BujvQaEQuGeHLnL+\/64J+SIcKGYTYWnntpdLjrVdqvZmNdn0+EE40GtpuuWVS6Xx6N7YDSGpWXpeq02wHgynM7q80az1a52HpddtVcpsi1zFARBrdaxbhp9iUReTGmwA4KAAr7vx3EYejnCMI6hQYEgy0LQi4jUN0wL19vqFcUC9\/1dAKmEEFkWRYkh5oBejnxQJiSJPJ\/uKBp0Thszx9Mw8hMRIQjKsptCfuES9zr5WJY6vSFCIvE9fCMUmEM1A1kSXcYGxgVYsvI1IPKTZciSTI0us\/SMGG04gDzELDoFBwdcFJrF88dqgYMTiL6DILWYyfOWE8\/kIz38olCNlC03FK95+imxp6y4oUSvAnBjHHhKNtotSDqJzVFiK8c2SBqhZtsrTtgrLXwAyduxZHNE26eHUt5rtuM4WSmds3G+sUdWYo1L+XyxButoh5eKUHk5lByO3G1LqqCWVnfrv\/lyPtf\/4ps1cndNGIri8J1TJ0lx6dR\/oPjq1nbRwdp2dCk4CtIOLW3pVKRL6WZfS5vF2KkIQhpwSsjiYIgNCs1gEMGqiIq24NQX9NwoXFy8Ufrl3twTcg4fv8T9\/JBEySduj6Mjm4bMzYV7EEOxKjjoNDud7yY3Dy71Hq2oLmqfbNR723edH9PgMrNL2utoQ3VmaIDkiw\/4w51P06hlZsTZvkRrbVuSIs\/zwSOsycgzStQouoAkWQqioRT5XI7n2Z1wfVhoZmcAJLsoqjqpjbWCgpOAJXBwHK8PzWbNvoUZJND5wCnSkLAkZ1legx6vqQzjoiTahKlGUGLAiIIoABOHaNVw4sexZBym6\/HWlH5h3IC7yRbxtipcWxdTOkORKiNQAEkFf66x5S2oeRbroOlLgg0sSYkR0hRGEqJZ0jTPiQKatESdBckpWigxaapEH0lImHdWu9pUFF2XqMNM2Z4kped7IwEJw2qabwtrQqnpw6HyKkgcadKWsmpywwesDyIhYRpdzXddqegtGIJlXbAIUMOLkGxJUjRIkokwjUaX9d\/kK62ps\/tYUqZLIMkLTyBhsMZ3C5Z\/kDxOSCb\/DOs\/\/J0qcWSX\/2ipe56EgTCA4\/cB7NAYOsni4mZM1MUPAISoEwkDi4lhVBQ1cWQyIcwalw4EpqZN68JUSK7XC0kTlkLYii5uXSC8jT5ncCAS7mjCv0uHp\/3lueHEEAeQ\/\/VgmdN71\/2uCSA1Xr6DO6uI6sW56zqT2tp2PhgiRUAajV8CY2fkcz6WGNKMgLAt7tJAhD4YHMTeRxlALE6+43WqjSWi8ITxyJl8WrwWSNESQZZOqhDDntO3hJLsd5RtSpbJqdv3YrDJH3F7jL1R2O2aQkn2MyCyKYz0GPGIvSAMgBCrCEiJyKbBaYGwLW4uPRr0A0M4Ux5kUI7IBh+hMdiCEWNqhMZGyYMsOgNE58UQuEQeUnSWCMYwL54hkxK6IoqucQZbQ3pc3XtL0lky1dL0zZJJDpWJovFqpWj6JEHnyam2eQp5QRVAVHjWparTOaVwUOx99YS2MvgxIGV0bb+qIg2HX2qkFFJB+XZcbLiuRkuxD9GRroKyveLxdh4d7Orx+hb7qc3uVRuEogCOnyIxm4ubUoPgF4jianDrC+SDQDKEfJb0GUKmjCGPYHGJvVC6X4hw1\/sAfQAdfYyephIaspXe36RwOP+Ljvfx9B6B3i+Nk0DGq+oCbLn6JpBa9nWAveAIHwFAwtVcIJXPMPL8kRu5OAYPMaL1WScTxjiZDqB9LTJSWphow\/pTYKRTLjCBhvi9iBidvKcDasGSm0QQkycYuLBqj6QCELPctqChDWpTRMWkngNNpQ1Pfp1KkiT\/Y0DGffXAweUNfLAfaJFKDwhb6I+bkYRbkERoEeu3Fyjg2opMz2daZCS9jt6Q7txNfB+OZEVF6Zl5web2xunnLQrtrjXseXKaFYziYINeMFZVxS9VxRhOoesYwxPKXm+gWLG9cuFeq93UNNeJNsf1KlwuDok9n02n3TgIJpOxNfL9naIoQwXtfH9kjceTIIi709ncTg6LZbg+biLH1V6u\/7rxBem06VXKn9raAAAAAElFTkSuQmCC\")      no-repeat center center \/ contain;  }  @media screen and (max-width: 960px) and (orientation: portrait) {    .logo {      width: 100%;    }    .logo .pc-banner {      display: none;    }    .logo .m-banner {      display: block;      width: 100%;    }    .logo .m-banner img {      height: auto!important;    }    .ytvideo {      height: 200px;      width: 100%;    }  }<\/style><style>  .video-section {    width: 100%;    margin: 0 auto;  }  .video-section > img {    width: 100%;  }  .video-section iframe,  .video-section video {    width: 100%;    height: 100%;      }  .video-section-img-m,  .video-section-img-pc > img {    width: 100%;    height: auto;  }  .video-section-img-pc.small > img {    width: 970px;  }  .video-desc {    line-height: 1.5;    font-size: 20px;    font-weight: 400;    margin: 20px 0;    text-align: center;    color: #0f1111;    word-break: break-word;  }  @media screen and (max-width: 960px) and (orientation: portrait) {    .video-section {      width: 100%;    }    .video-section-pc,    .video-section-img-pc {      display: none;    }    .video-section-m,    .video-section-img-m {      display: block;    }    .video-desc {      font-size: 15px;    }  }  @media screen and (min-width: 960px) {    .video-section {      width: 100%;      margin: 0 auto;    }    .video-section-pc,    .video-section-img-pc {      display: block;    }    .video-section-m,    .video-section-img-m {      display: none;    }    .video-desc {      font-size: 20px;    }  }<\/style><style>  .section + .section {    margin-top: 35px;  }  .section-title {    text-align: center;    font-weight: bold;    color: #0d1111;    font-family: \"Arial\";    font-size: 32px;    margin: 15px 0;  }  .section-title:empty {    display: none;  }  .section-desc {    text-align: center;    font-weight: normal;    color: #0d1111;    margin-top: 20px;  }  .section-desc:empty {    display: none;  }  .section-img {    width: 1200px;    height: 492px;    margin: 0 auto;    display: block;  }  .section-img.small {    width: 970px;    height: auto;  }  .section-img.small > img {    height: auto;  }  .section-img > img {    width: 100%;    height: 100%;  }  .section-mobile-img {    display: none;    max-width: 100vw;    max-height: 75vw;    height: 450px;    margin: 0 auto;  }  .section-mobile-img > img {    width: 100%;    height: 100%;  }  @media screen and (max-width: 960px) and (orientation: portrait) {    .container {      width: 100%;    }    .container.small {      width: 100%;    }    .section-mobile-img {      display: block;    }    .section-img {      display: none;    }    .section-title {      font-size: 22px;      margin: 10px 0;    }    .section-desc {      margin-top: 10px;    }    .section + .section {      margin-top: 20px;    }  }<\/style><\/head><body><div class=\"container\"><div class=\"logo\"><div class=\"pc-banner\"><div><img decoding=\"async\" src=\"\/vevor\/vevor\/boutique-banner\/pc\/en-pc@1x.jpg\" style=\"width: 100%;\" \/><\/div><\/div><div class=\"m-banner\"><div><img decoding=\"async\" src=\"\/vevor\/vevor\/boutique-banner\/mobile\/en-m@1x.jpg\" style=\"width: 100%;\" \/><\/div><\/div><\/div><div class=\"section-title\">Ninja Kariai Kli\u016b\u010di\u0173 ruo\u017e\u0105 Vaikams<\/div><div class=\"video-section\"><div class=\"video-section-img-pc\"><img decoding=\"async\" src=\"\/vevor\/product\/RZX502YC10J052R10\/obstacle-course-a100-1.4.jpg\" alt=\"kids playing on VEVOR ninja warrior obstacle course in park; ideal for fitness, camps, and family bonding.\" \/><\/div><div class=\"video-section-img-m\"><img decoding=\"async\" src=\"\/vevor\/product\/RZX502YC10J052R10\/obstacle-course-a100-1.4-m.jpg\" alt=\"kids playing on VEVOR ninja warrior obstacle course in park; ideal for fitness, camps, and family bonding.\" \/><\/div><div class=\"section-desc\">U\u017e ninja \u017einoma, yra tinkamas \u012fvairi\u0173 parametr\u0173, suteikti vaikams su visapusi\u0161ko vystymosi ir \u012fdomus mokymosi aplink\u0105. Tai l\u0117m\u0117 noras savaranki\u0161kai i\u0161\u0161\u016bkis ir skatint\u0173 teigiam\u0105 m\u0105stysen\u0105.<\/div><\/div><div class=\"section\"><div class=\"section-title\"><\/div><div class=\"section-img\"><img decoding=\"async\" src=\"\/vevor\/product\/RZX502YC10J052R10\/obstacle-course-a100-2.2.jpg\" alt=\"VEVOR ninja warrior obstacle course with 12 pieces for kids featuring a rope ladder, swings, and monkey bars.\" \/><\/div><div class=\"section-mobile-img\"><img decoding=\"async\" src=\"\/vevor\/product\/RZX502YC10J052R10\/obstacle-course-a100-2.2-m.jpg\" alt=\"VEVOR ninja warrior obstacle course with 12 pieces for kids featuring a rope ladder, swings, and monkey bars.\" \/><\/div><div class=\"section-desc\">Skirtingo am\u017eiaus vaikai gali ie\u0161koti i\u0161\u0161\u016bki\u0173, tinkamas j\u0173 \u012fg\u016bd\u017ei\u0173 lyg\u012f, daryti pusiausvyr\u0105 ir kaul\u0173 augim\u0105, ir vystyti motorinius \u012fg\u016bd\u017eius vis\u0173 k\u016bno dali\u0173.<\/div><\/div><div class=\"section\"><div class=\"section-title\"><\/div><div class=\"section-img\"><img decoding=\"async\" src=\"\/vevor\/product\/RZX502YC10J052R10\/obstacle-course-a100-2.3.jpg\" alt=\"500-pound extra-strong load capacity, featuring kids balancing. VEVOR ninja warrior obstacle course fun.\" \/><\/div><div class=\"section-mobile-img\"><img decoding=\"async\" src=\"\/vevor\/product\/RZX502YC10J052R10\/obstacle-course-a100-2.3-m.jpg\" alt=\"500-pound extra-strong load capacity, featuring kids balancing. VEVOR ninja warrior obstacle course fun.\" \/><\/div><div class=\"section-desc\">Itin stipri apkrova palaiko daug vaik\u0173, dalyvaujan\u010di\u0173 tuo pa\u010diu metu, puosel\u0117ti jausm\u0105, komandinio darbo, kaip jie vieni kitiems padeda \u012fveikti sunkumus.<\/div><\/div><div class=\"section\"><div class=\"section-title\"><\/div><div class=\"section-img\"><img decoding=\"async\" src=\"\/vevor\/product\/RZX502YC10J052R10\/obstacle-course-a100-2.4.jpg\" alt=\"child on VEVOR ninja warrior obstacle course with die-cast buckle straps and dual tensioners.\" \/><\/div><div class=\"section-mobile-img\"><img decoding=\"async\" src=\"\/vevor\/product\/RZX502YC10J052R10\/obstacle-course-a100-2.4-m.jpg\" alt=\"child on VEVOR ninja warrior obstacle course with die-cast buckle straps and dual tensioners.\" \/><\/div><div class=\"section-desc\">M\u016bs\u0173 i\u0161lieti sag\u010di\u0173 dir\u017eeliai, suporuoti su dvigubais \u012ftempikliais, u\u017etikrina dir\u017eeli\u0173 stabilum\u0105, padidina atsparum\u0105 v\u0117jui, lietui ir saulei, taip pailgindami oro s\u0105lygoms atsparaus atsipalaidavimo trukm\u0119.<\/div><\/div><div class=\"section\"><div class=\"section-title\"><\/div><div class=\"section-img\"><img decoding=\"async\" src=\"\/vevor\/product\/RZX502YC10J052R10\/obstacle-course-a100-2.5.jpg\" alt=\"how to install VEVOR ninja warrior obstacle course: wrap tree protector, insert buckle straps\" \/><\/div><div class=\"section-mobile-img\"><img decoding=\"async\" src=\"\/vevor\/product\/RZX502YC10J052R10\/obstacle-course-a100-2.5-m.jpg\" alt=\"how to install VEVOR ninja warrior obstacle course: wrap tree protector, insert buckle straps\" \/><\/div><div class=\"section-desc\">Med\u017ei\u0173 apsaugos \u012frengimas \u012f\u017eiebia vaik\u0173 susidom\u0117jim\u0105 ir atsakomyb\u0117s jausm\u0105 aplinkos apsaugai, suteikia jiems teigiamai paveiki\u0105 mokymosi ir pramog\u0173 aplink\u0105.<\/div><\/div><div class=\"section\"><div class=\"section-img\"><img decoding=\"async\" src=\"\/vevor\/product\/RZX502YC10J052R10\/obstacle-course-a100-1.11.jpg\" alt=\"VEVOR ninja warrior obstacle course with various hanging obstacles and kids playing in a lush park.\" \/><\/div><div class=\"section-mobile-img\"><img decoding=\"async\" src=\"\/vevor\/product\/RZX502YC10J052R10\/obstacle-course-a100-1.11-m.jpg\" alt=\"VEVOR ninja warrior obstacle course with various hanging obstacles and kids playing in a lush park.\" \/><\/div><\/div><\/div><\/body><\/html><\/div>\n<div class=\"DM_at-title\" id=\"js-DM_at-title\"> <div>Produkto specifikacija<\/div> <i class=\"icon-arrowup_line\"><\/i> <\/div><div class=\"DM_at-goodsDescAttr\" id=\"js-DM_at-goodsDescAttr\"> <div class=\"DM_at-goodsDescAttrInner\"> <dl class=\"goodsDesc_item goodsDesc_item_even\"> <dt>Prek\u0117s Modelio Numeris<\/dt> <dd> Pr-012-50<\/dd> <\/dl> <dl class=\"goodsDesc_item\"> <dt>Juostos Storis<\/dt> <dd> 0.8 cm \/ 2 mm<\/dd> <\/dl> <dl class=\"goodsDesc_item goodsDesc_item_even\"> <dt>Dir\u017eelio Ilgis<\/dt> <dd> 50 ft \/ 15.24 m<\/dd> <\/dl> <dl class=\"goodsDesc_item\"> <dt>Dir\u017eelio Spalva<\/dt> <dd> Oran\u017ein\u0117<\/dd> <\/dl> <dl class=\"goodsDesc_item goodsDesc_item_even\"> <dt>Produkto Svoris<\/dt> <dd> 26.46 svar\u0173 \/ 12 kg<\/dd> <\/dl> <dl class=\"goodsDesc_item\"> <dt>Keliamoji Galia<\/dt> <dd> 500 svar\u0173 \/ 226.8 kg<\/dd> <\/dl> <dl class=\"goodsDesc_item goodsDesc_item_even\"> <dt>Med\u017eio Ra\u0161tas Ilgis<\/dt> <dd> 59 coli\u0173 \/ 1.5 m<\/dd> <\/dl> <\/div> <\/div>","protected":false},"excerpt":{"rendered":"<ul>\n<li> Abundant Accessories: The ninja warrior obstacle course includes: 2&#215;50-foot slacklines, 4 tree protectors, 1 climbing net, 1 climbing ladder, 2 gymnastic rings, 2 monkey bars, 2 monkey fists, and 2 swings. The diverse accessories are perfect for training different strengths in children. This product also comes with a storage bag for your convenience during picnics. <\/li>\n<li> I\u0161sami\u0105 Ninja Mokymo Kursai: sukurtas specialiai vaikams 4 met\u0173 am\u017eiaus ir vyresnio am\u017eiaus, ne ninja kurso u\u017edaviniai juos su \u012fvairi\u0173 kli\u016b\u010di\u0173 \u012fveikti per kopti, \u0161okin\u0117ti, greiferiniai, ir traukia. Jis padeda atskleisti savo gamtos instinktus, o mokyti savo j\u0117gos ir pusiausvyros. Tinka montuoti kiemuose, \u017eaidim\u0173 aik\u0161tel\u0117se, nam\u0173 sal\u0117se, r\u016bsiuose, baseinai, fitneso studijos, kempingas, papl\u016bdimio ar parkuose. <\/li>\n<li> Reguliuojamas Kli\u016btis Atstumai: D\u0117l blog\u0173 oro slacklines komplekte n\u0117ra fiksuotas; vartotojai gali reguliuoti, atstumai tarp j\u0173, kad atitikt\u0173 vaik\u0173 i\u0161 skirting\u0173 auk\u0161\u010di\u0173. Jis taip pat tinka t\u0117v\u0173 dalyvavimas. Geb\u0117jimas derinti ir suderinti kli\u016btis palengvina komanda i\u0161\u0161\u016bkius ir skatina bendravimo ir bendradarbiavimo \u012fg\u016bd\u017eius tarp vaik\u0173. Tai padeda atkreipti vaikai nuo patalp\u0173 elektronika, si\u016blanti \u012fdomus b\u016bdas suma\u017einti aki\u0173 nuovarg\u012f. <\/li>\n<li> Saugos Dizainas: Kiekviename kieme mokymo \u012frangos rinkinys gali palaikyti iki 500 svar\u0173, pakanka dviej\u0173 ar daugiau vaik\u0173, naudoti vienu metu. Modernizuotos, lieto sagtis dir\u017eeliai, \u012ftempikliai, ir platesni, storesni, dir\u017eeliai i\u0161spr\u0119sti problem\u0105, \u017euvo lyn\u0173, saugiai fiksavimo ant med\u017ei\u0173, siekiant u\u017etikrinti vaik\u0173 kojomis neliesti \u017eem\u0117s, nerimauti-nemokamai \u017eaisti patirtis. Dvigubo sluoksnio termoplastin\u0117 dir\u017eeliai u\u017etikrinti, kad produktas n\u0117ra nulau\u017eti, saugi\u0173 ir pakankamai \u012fsp\u016bdingos patirties vaikams. <\/li>\n<li> Greitas Montavimas ir I\u0161ardymas: lauko playset \u012franga gali b\u016bti surinkti vos 5 minutes. Nereikia didel\u0119 plok\u0161\u010di\u0105 plot\u0105 savo kieme, tiesiog pataisyti tarp dviej\u0173 med\u017ei\u0173 ar stulp\u0173 20 iki 40 p\u0117d\u0173 atstumu prad\u0117kite tinkinti savo kli\u016btis varzybos! Tai ideali alternatyva tradicini\u0173 \u017eaidim\u0173 aik\u0161tel\u0117s, si\u016blo patogus ir lankstus kieme i\u0161\u0161\u016bkis \u017eaidim\u0105 vaikams \u012fvairaus am\u017eiaus ir \u012fg\u016bd\u017ei\u0173 lyg\u012f. <\/li>\n<\/ul>","protected":false},"featured_media":280946,"comment_status":"closed","ping_status":"open","template":"","meta":{"om_disable_all_campaigns":false,"_uf_show_specific_survey":0,"_uf_disable_surveys":false},"location":[1935,1934],"product_brand":[21],"product_cat":[2816,3690,2378,3080],"product_tag":[],"class_list":{"0":"post-24819","1":"product","2":"type-product","3":"status-publish","4":"has-post-thumbnail","6":"location-supplier_stock_location","7":"location-local_stock_location","8":"product_brand-vevor","9":"product_cat-games-sports-outdoors","10":"product_cat-ninjaline","11":"product_cat-sports-outdoors","12":"product_cat-yard-games","14":"first","15":"outofstock","16":"taxable","17":"shipping-taxable","18":"purchasable","19":"product-type-simple"},"aioseo_notices":[],"locations":[{"id":1935,"name":"Pieg\u0101d\u0101t\u0101ja noliktav\u0101 (5-7d.d.)","slug":"supplier_stock_location","quantity":"0"},{"id":1934,"name":"R\u012bgas veikal\u0101 (0-2d.d.)","slug":"local_stock_location","quantity":"0"}],"_links":{"self":[{"href":"https:\/\/vevorshop.lv\/lt\/wp-json\/wp\/v2\/product\/24819","targetHints":{"allow":["GET"]}}],"collection":[{"href":"https:\/\/vevorshop.lv\/lt\/wp-json\/wp\/v2\/product"}],"about":[{"href":"https:\/\/vevorshop.lv\/lt\/wp-json\/wp\/v2\/types\/product"}],"replies":[{"embeddable":true,"href":"https:\/\/vevorshop.lv\/lt\/wp-json\/wp\/v2\/comments?post=24819"}],"wp:featuredmedia":[{"embeddable":true,"href":"https:\/\/vevorshop.lv\/lt\/wp-json\/wp\/v2\/media\/280946"}],"wp:attachment":[{"href":"https:\/\/vevorshop.lv\/lt\/wp-json\/wp\/v2\/media?parent=24819"}],"wp:term":[{"taxonomy":"location","embeddable":true,"href":"https:\/\/vevorshop.lv\/lt\/wp-json\/wp\/v2\/location?post=24819"},{"taxonomy":"product_brand","embeddable":true,"href":"https:\/\/vevorshop.lv\/lt\/wp-json\/wp\/v2\/product_brand?post=24819"},{"taxonomy":"product_cat","embeddable":true,"href":"https:\/\/vevorshop.lv\/lt\/wp-json\/wp\/v2\/product_cat?post=24819"},{"taxonomy":"product_tag","embeddable":true,"href":"https:\/\/vevorshop.lv\/lt\/wp-json\/wp\/v2\/product_tag?post=24819"}],"curies":[{"name":"wp","href":"https:\/\/api.w.org\/{rel}","templated":true}]}}