{"id":26834,"date":"2024-11-18T17:22:26","date_gmt":"2024-11-18T17:22:26","guid":{"rendered":"http:\/\/vevorshop.edigo.lv\/Prece\/vevor-zipline-kit-for-kids-and-adult-60-ft-zip-line-kits-up-to-500-lb-backyard-outdoor-quick-setup-zipline-playground-entertainment-with-stainless-steel-zipline-spring-brake-safety-harness-seat\/"},"modified":"2026-05-01T04:34:20","modified_gmt":"2026-05-01T01:34:20","slug":"vevor-zipline-kit-for-kids-and-adult-60-ft-zip-line-kits-up-to-500-lb-backyard-outdoor-quick-setup-zipline-playground-entertainment-with-stainless-steel-zipline-spring-brake-safety-harness-seat","status":"publish","type":"product","link":"https:\/\/vevorshop.lv\/lt\/Prece\/vevor-uztrauktuko-rinkinys-vaikams-ir-suaugusiems-60-pedu-uztrauktuko-linijos-rinkiniai-iki-500-svaru-kieme-lauko-greito-nustatymo-uztrauktuko-zaidimu-aiksteles-pramogos-su-nerudijancio-plieno-uztrauk\/","title":{"rendered":"VEVOR 18,3m lyno nusileidimo rinkinys vaikams ir suaugusiems \u2013 227kg apkrova, lauko \u017eaidim\u0173 aik\u0161tel\u0117 su stabd\u017eiu ir dir\u017eu"},"content":{"rendered":"<div style=\"color: #fff!important; font-size: 16px; height: 24px; line-height: 24px; margin-top: -24px; \" class=\"product_original_name\">VEVOR Zipline rinkinys vaikams ir suaugusiems, 60 p\u0117d\u0173 Zip Line rinkiniai Iki 500 svar\u0173, kiemo lauko greito nustatymo u\u017etrauktukas, \u017eaidim\u0173 aik\u0161tel\u0117 pramogoms su ner\u016bdijan\u010dio plieno u\u017etrauktuku, spyruokliniu stabd\u017eiu, apsauginiais dir\u017eais, s\u0117dyne<\/div>\n<div style=\"color: #fff!important; font-size: 16px; height: 24px; line-height: 24px; margin-top: -24px; \" class=\"product_sku\">M4I4KW1D<\/div>\n<div style=\"color: #fff!important; font-size: 16px; height: 24px; line-height: 24px; margin-top: -24px; \" class=\"product_mpn\">BXGHSTJ60YCBT03HLV0<\/div><div id=\"js-DM_at-goodDescRich\"><html><head><style>  body {    font-family: Arial;    line-height: 1.5;    color: #1c1c1c;    overflow-x: hidden;    margin: 0;    padding: 0;  }  .MsoNormal b {    font-weight: bolder;  }<\/style><style>  .container.small {    width: 970px;    margin: 0 auto;  }  .logo {    margin: 0 auto 0;  }  .logo img {    display: block;    margin: 0 auto;    max-width: 100%;  }  .logo .pc-banner {    display: block;    width: 1200px;    height: 247.4px;    margin: 0 auto;  }  .logo .pc-banner.small {    width: 970px;  }  .logo .pc-banner.small img {    height: auto!important;  }  .logo .m-banner {    display: none;  }  .ytvideo {    position: relative;    height: 546px;    width: 100%;    margin: 0 auto;  }  .ytvideo img {    width: 100%;    margin: 0 auto;  }  .ytvideo .play-btn {    width: 60px;    height: 42px;    position: absolute;    top: 50%;    left: 50%;    transform: translate(-50%, -50%);    background: url(\"data:image\/png;base64,iVBORw0KGgoAAAANSUhEUgAAAGQAAABGCAMAAAANWMFbAAAC+lBMVEUAAADBGB3kLCfBGB3kLCfcJC7BFx3KKSbiKybkLCbWJCPSIiLSIiLPICHAFx3kLCfgKSXNHiDZJiTIGx\/p4eHcjo7LHSDbJyTkLCbjKyfOHyHPIiL28fHJHB\/GGh7EGR7eKCXDGB3RISHlLSbBGB3AFxzGHB7DGB7BGB3hKybkKybAFx3lLCfAFxzDGR3hKibDGB7cJyTmz8\/elJTlwcHjurrUIyLlLSflLSfAFx3DGR7lLSfCFx3hKibhKibhKybjKybkLCblLSfbJSX49vbx7e3NNzjNMTLMJyjVIyLZf3\/ZQ0LaeHjx0tLgoqLkLCfCGB3HGx\/BGB3BFx3PICHCGB7WJCLOHyC\/Fxy\/Fx3lLCfQISHkLSe\/FxzbJiTBFx3FGx\/AGB7BFx3EGR7AGB3HHSDfKiXAFh3TISHYNzbhKibbJyTTIiL57e325+f039\/v2NjUV1fOHiHiqanfmprch4feKSXVIyPOICHmLibFGh\/mLSe\/Fx7XJCPeKSXXJSPNHyHaJyTGGh7lLCbmLCflLSjSIiLkLCbdKSXLHiC\/GB3KHh++Fh3lKyfoLiXcKCPkx8fYb2\/XaGfVXl3aU1LLHiDksbHgKibPICHbJyTfKSXbJyTCGB3KHSDiKybFGh7TIiL\/\/\/\/VIyPRISHIHB\/GGx\/HHB\/DGR7gKibdKCXLHiDZJiTMHiDNHyHYJSTOICHPICHWJCPcKCXXJSPjLCblLCf+\/f3NGR\/uLijzLynPGR\/IGB7WISHaIyLLGh7UAADxLynNAADRLzDbICLQAADIAAD3MCrUHSHXMTDpKSbLAADp5OTij4\/ejo\/VLy\/1LyngJSTcJCPQHx\/OHB7+\/PzaMS\/OLS\/vLijrLSjSAADaNTPwLyjkKSbNJCbYISHPHB\/KGB7WAAD7+vrn3d3aKynTKCjoLCfsKifRGh\/YAADq5+fhjo7QNDXXKCfmJyXt5+fTLzDLLi\/QKivYHRvMGBrQJCXLISPMExXLDxLaEAvkkI\/bOTfaFQ\/SCgpvLcnHAAAAmnRSTlMA+vv7+gT9Bvf9+8z8\/NSv\/Pr5+P7++vnQIBMP\/v38\/Pn348XDiCYf9OjbzcqxXVcx\/fz8+\/rj1r2poo1+fXFqX0orGP7+\/v7+\/fz8+\/r68uzn4trIxsG\/vri3p6GcmZSNbWVYUUZEPQv+\/f39+\/v7+\/v7+vr64tvV1NTTz87FtbSurqeblJKFg4B3bUY+NjL7+\/v7+\/v67t1cDo8JLQAABkRJREFUWMO0kz9rwkAYh0OIeJkum6YugUAhISCdKoj\/P4C7SMdS+gEKIhSKil10LSg4mzXkILdlEpxCpwTiWOLX6BujvQaEQuGeHLnL+\/64J+SIcKGYTYWnntpdLjrVdqvZmNdn0+EE40GtpuuWVS6Xx6N7YDSGpWXpeq02wHgynM7q80az1a52HpddtVcpsi1zFARBrdaxbhp9iUReTGmwA4KAAr7vx3EYejnCMI6hQYEgy0LQi4jUN0wL19vqFcUC9\/1dAKmEEFkWRYkh5oBejnxQJiSJPJ\/uKBp0Thszx9Mw8hMRIQjKsptCfuES9zr5WJY6vSFCIvE9fCMUmEM1A1kSXcYGxgVYsvI1IPKTZciSTI0us\/SMGG04gDzELDoFBwdcFJrF88dqgYMTiL6DILWYyfOWE8\/kIz38olCNlC03FK95+imxp6y4oUSvAnBjHHhKNtotSDqJzVFiK8c2SBqhZtsrTtgrLXwAyduxZHNE26eHUt5rtuM4WSmds3G+sUdWYo1L+XyxButoh5eKUHk5lByO3G1LqqCWVnfrv\/lyPtf\/4ps1cndNGIri8J1TJ0lx6dR\/oPjq1nbRwdp2dCk4CtIOLW3pVKRL6WZfS5vF2KkIQhpwSsjiYIgNCs1gEMGqiIq24NQX9NwoXFy8Ufrl3twTcg4fv8T9\/JBEySduj6Mjm4bMzYV7EEOxKjjoNDud7yY3Dy71Hq2oLmqfbNR723edH9PgMrNL2utoQ3VmaIDkiw\/4w51P06hlZsTZvkRrbVuSIs\/zwSOsycgzStQouoAkWQqioRT5XI7n2Z1wfVhoZmcAJLsoqjqpjbWCgpOAJXBwHK8PzWbNvoUZJND5wCnSkLAkZ1legx6vqQzjoiTahKlGUGLAiIIoABOHaNVw4sexZBym6\/HWlH5h3IC7yRbxtipcWxdTOkORKiNQAEkFf66x5S2oeRbroOlLgg0sSYkR0hRGEqJZ0jTPiQKatESdBckpWigxaapEH0lImHdWu9pUFF2XqMNM2Z4kped7IwEJw2qabwtrQqnpw6HyKkgcadKWsmpywwesDyIhYRpdzXddqegtGIJlXbAIUMOLkGxJUjRIkokwjUaX9d\/kK62ps\/tYUqZLIMkLTyBhsMZ3C5Z\/kDxOSCb\/DOs\/\/J0qcWSX\/2ipe56EgTCA4\/cB7NAYOsni4mZM1MUPAISoEwkDi4lhVBQ1cWQyIcwalw4EpqZN68JUSK7XC0kTlkLYii5uXSC8jT5ncCAS7mjCv0uHp\/3lueHEEAeQ\/\/VgmdN71\/2uCSA1Xr6DO6uI6sW56zqT2tp2PhgiRUAajV8CY2fkcz6WGNKMgLAt7tJAhD4YHMTeRxlALE6+43WqjSWi8ITxyJl8WrwWSNESQZZOqhDDntO3hJLsd5RtSpbJqdv3YrDJH3F7jL1R2O2aQkn2MyCyKYz0GPGIvSAMgBCrCEiJyKbBaYGwLW4uPRr0A0M4Ux5kUI7IBh+hMdiCEWNqhMZGyYMsOgNE58UQuEQeUnSWCMYwL54hkxK6IoqucQZbQ3pc3XtL0lky1dL0zZJJDpWJovFqpWj6JEHnyam2eQp5QRVAVHjWparTOaVwUOx99YS2MvgxIGV0bb+qIg2HX2qkFFJB+XZcbLiuRkuxD9GRroKyveLxdh4d7Orx+hb7qc3uVRuEogCOnyIxm4ubUoPgF4jianDrC+SDQDKEfJb0GUKmjCGPYHGJvVC6X4hw1\/sAfQAdfYyephIaspXe36RwOP+Ljvfx9B6B3i+Nk0DGq+oCbLn6JpBa9nWAveAIHwFAwtVcIJXPMPL8kRu5OAYPMaL1WScTxjiZDqB9LTJSWphow\/pTYKRTLjCBhvi9iBidvKcDasGSm0QQkycYuLBqj6QCELPctqChDWpTRMWkngNNpQ1Pfp1KkiT\/Y0DGffXAweUNfLAfaJFKDwhb6I+bkYRbkERoEeu3Fyjg2opMz2daZCS9jt6Q7txNfB+OZEVF6Zl5web2xunnLQrtrjXseXKaFYziYINeMFZVxS9VxRhOoesYwxPKXm+gWLG9cuFeq93UNNeJNsf1KlwuDok9n02n3TgIJpOxNfL9naIoQwXtfH9kjceTIIi709ncTg6LZbg+biLH1V6u\/7rxBem06VXKn9raAAAAAElFTkSuQmCC\")      no-repeat center center \/ contain;  }  @media screen and (max-width: 960px) and (orientation: portrait) {    .logo {      width: 100%;    }    .logo .pc-banner {      display: none;    }    .logo .m-banner {      display: block;      width: 100%;    }    .logo .m-banner img {      height: auto!important;    }    .ytvideo {      height: 200px;      width: 100%;    }  }<\/style><style>  .video-section {    width: 100%;    margin: 0 auto;  }  .video-section > img {    width: 100%;  }  .video-section iframe,  .video-section video {    width: 100%;    height: 100%;      }  .video-section-img-m,  .video-section-img-pc > img {    width: 100%;    height: auto;  }  .video-section-img-pc.small > img {    width: 970px;  }  .video-desc {    line-height: 1.5;    font-size: 20px;    font-weight: 400;    margin: 20px 0;    text-align: center;    color: #0f1111;    word-break: break-word;  }  @media screen and (max-width: 960px) and (orientation: portrait) {    .video-section {      width: 100%;    }    .video-section-pc,    .video-section-img-pc {      display: none;    }    .video-section-m,    .video-section-img-m {      display: block;    }    .video-desc {      font-size: 15px;    }  }  @media screen and (min-width: 960px) {    .video-section {      width: 100%;      margin: 0 auto;    }    .video-section-pc,    .video-section-img-pc {      display: block;    }    .video-section-m,    .video-section-img-m {      display: none;    }    .video-desc {      font-size: 20px;    }  }<\/style><style>  .section + .section {    margin-top: 35px;  }  .section-title {    text-align: center;    font-weight: bold;    color: #0d1111;    font-family: \"Arial\";    font-size: 32px;    margin: 15px 0;  }  .section-title:empty {    display: none;  }  .section-desc {    text-align: center;    font-weight: normal;    color: #0d1111;    margin-top: 20px;  }  .section-desc:empty {    display: none;  }  .section-img {    width: 1200px;    height: 492px;    margin: 0 auto;    display: block;  }  .section-img.small {    width: 970px;    height: auto;  }  .section-img.small > img {    height: auto;  }  .section-img > img {    width: 100%;    height: 100%;  }  .section-mobile-img {    display: none;    max-width: 100vw;    max-height: 75vw;    height: 450px;    margin: 0 auto;  }  .section-mobile-img > img {    width: 100%;    height: 100%;  }  @media screen and (max-width: 960px) and (orientation: portrait) {    .container {      width: 100%;    }    .container.small {      width: 100%;    }    .section-mobile-img {      display: block;    }    .section-img {      display: none;    }    .section-title {      font-size: 22px;      margin: 10px 0;    }    .section-desc {      margin-top: 10px;    }    .section + .section {      margin-top: 20px;    }  }<\/style><\/head><body><div class=\"container\"><div class=\"logo\"><div class=\"pc-banner\"><div><img decoding=\"async\" src=\"\/vevor\/vevor\/boutique-banner\/pc\/en-pc@1x.jpg\" style=\"width: 100%;\" \/><\/div><\/div><div class=\"m-banner\"><div><img decoding=\"async\" src=\"\/vevor\/vevor\/boutique-banner\/mobile\/en-m@1x.jpg\" style=\"width: 100%;\" \/><\/div><\/div><\/div><div class=\"section-title\">Zip Line rinkiniai, skirti vaik\u0173 mank\u0161tai ir \u017eaidimams<\/div><div class=\"video-section\"><div class=\"video-section-img-pc\"><img decoding=\"async\" src=\"\/vevor\/product\/BXGHSTJ60YCBT03HL\/zip-line-kits-a100-1.4.jpg\" alt=\"VEVOR zipline rinkinys vaikams su 60ft plieno lynai, 550 svar\u0173 svorio paj\u0117gum\u0173 ir cpc saugos sertifikavimo.\" \/><\/div><div class=\"video-section-img-m\"><img decoding=\"async\" src=\"\/vevor\/product\/BXGHSTJ60YCBT03HL\/zip-line-kits-a100-1.4-m.jpg\" alt=\"VEVOR zipline rinkinys vaikams su 60ft plieno lynai, 550 svar\u0173 svorio paj\u0117gum\u0173 ir cpc saugos sertifikavimo.\" \/><\/div><div class=\"section-desc\">\u0160is vaiki\u0161kas u\u017etrauktuk\u0173 linijos rinkinys pagamintas i\u0161 auk\u0161tos kokyb\u0117s ner\u016bdijan\u010dio plieno ir yra smulkiai pagamintas Tinka tiek suaugusiems, tiek vaikams, si\u016blo begal\u0119 pramog\u0173 lauke.<\/div><\/div><div class=\"section\"><div class=\"section-title\"><\/div><div class=\"section-img\"><img decoding=\"async\" src=\"\/vevor\/product\/BXGHSTJ60YCBT03HL\/zip-line-kits-a100-2.2.jpg\" alt=\"profesin\u0117s VEVOR zipline rinkinio veiksm\u0173 su saugos dir\u017e\u0173, ry\u0161io dir\u017eas, ner\u016bdijan\u010dio plieno guoliai ir silikonin\u0117s rankenos.\" \/><\/div><div class=\"section-mobile-img\"><img decoding=\"async\" src=\"\/vevor\/product\/BXGHSTJ60YCBT03HL\/zip-line-kits-a100-2.2-m.jpg\" alt=\"profesin\u0117s VEVOR zipline rinkinio veiksm\u0173 su saugos dir\u017e\u0173, ry\u0161io dir\u017eas, ner\u016bdijan\u010dio plieno guoliai ir silikonin\u0117s rankenos.\" \/><\/div><div class=\"section-desc\">Dviguba apsauga su saugos dir\u017eais s\u0117dyn\u0117ms ir virvi\u0173 saugos dir\u017eais, \u017eymiai suma\u017einant traum\u0173 tikimyb\u0119 Neslystan\u010dios rankenos u\u017etikrina maksimal\u0173 vaik\u0173 lauko veiklos saugum\u0105 Atnaujinti rutuliniai guoliai ir sustor\u0117j\u0119s apsauginis plienas pa\u0161alina rizik\u0105.<\/div><\/div><div class=\"section\"><div class=\"section-title\"><\/div><div class=\"section-img\"><img decoding=\"async\" src=\"\/vevor\/product\/BXGHSTJ60YCBT03HL\/zip-line-kits-a100-2.3.jpg\" alt=\"vaik\u0173 naudojasi VEVOR zipline rinkinys su 6.3 p\u0117d\u0173 ilgio stabdymo pavasar\u012f, panardinant med\u017eiagos, r\u016bd\u017ei\u0173.\" \/><\/div><div class=\"section-mobile-img\"><img decoding=\"async\" src=\"\/vevor\/product\/BXGHSTJ60YCBT03HL\/zip-line-kits-a100-2.3-m.jpg\" alt=\"vaik\u0173 naudojasi VEVOR zipline rinkinys su 6.3 p\u0117d\u0173 ilgio stabdymo pavasar\u012f, panardinant med\u017eiagos, r\u016bd\u017ei\u0173.\" \/><\/div><div class=\"section-desc\">M\u016bs\u0173 spyruokl\u0117s, stabd\u017ei\u0173 sistemos yra pagamintas i\u0161 ner\u016bdijan\u010dio plieno, si\u016blo didesn\u012f tvirtum\u0105 ir ilgaam\u017ei\u0161kum\u0105. Pavasario stabd\u017ei\u0173 veiksmingai i\u0161laiko saug\u0173 atstum\u0105 tarp vaik\u0173 ir med\u017eiai, u\u017etikrinant saugum\u0105.<\/div><\/div><div class=\"section\"><div class=\"section-title\"><\/div><div class=\"section-img\"><img decoding=\"async\" src=\"\/vevor\/product\/BXGHSTJ60YCBT03HL\/zip-line-kits-a100-2.4.jpg\" alt=\"kaip \u012fdiegti VEVOR zipline rinkinys: i\u0161matuokite auk\u0161t\u012f, \u012fdiegti saugiai, patikrinti, saugos, m\u0117gautis va\u017eiavimo.\" \/><\/div><div class=\"section-mobile-img\"><img decoding=\"async\" src=\"\/vevor\/product\/BXGHSTJ60YCBT03HL\/zip-line-kits-a100-2.4-m.jpg\" alt=\"kaip \u012fdiegti VEVOR zipline rinkinys: i\u0161matuokite auk\u0161t\u012f, \u012fdiegti saugiai, patikrinti, saugos, m\u0117gautis va\u017eiavimo.\" \/><\/div><div class=\"section-desc\">\u0160is vaik\u0173 greito nustatymo u\u017etrauktuko rinkinys gali paversti j\u016bs\u0173 kiem\u0105 \u017eaidim\u0173 aik\u0161tele. J\u012f lengva \u012frengti, leid\u017eia bendrai veiklai su vaikais, stimuliuoja j\u0173 fizinius geb\u0117jimus, sukuria tobulas t\u0117v\u0173 ir vaik\u0173 akimirkas.<\/div><\/div><div class=\"section\"><div class=\"section-title\"><\/div><div class=\"section-img\"><img decoding=\"async\" src=\"\/vevor\/product\/BXGHSTJ60YCBT03HL\/zip-line-kits-a100-2.5.jpg\" alt=\"VEVOR zipline komplekt\u0105 \u012feina skriemulys, pagrindinis kabelis, spring break, laidas, dir\u017eas, s\u016bpyn\u0117s s\u0117dyn\u0117s, s\u0117dyni\u0173 saugos dir\u017e\u0173.\" \/><\/div><div class=\"section-mobile-img\"><img decoding=\"async\" src=\"\/vevor\/product\/BXGHSTJ60YCBT03HL\/zip-line-kits-a100-2.5-m.jpg\" alt=\"VEVOR zipline komplekt\u0105 \u012feina skriemulys, pagrindinis kabelis, spring break, laidas, dir\u017eas, s\u016bpyn\u0117s s\u0117dyn\u0117s, s\u0117dyni\u0173 saugos dir\u017e\u0173.\" \/><\/div><div class=\"section-desc\">\u012e zipline rinkiniai ateina su daug pried\u0173, \u012fskaitant visus lauko prietaisus reikia saugesnio lauko veikla. I\u0161lieti savo jaunatvi\u0161k\u0105 energij\u0105 iki galo.<\/div><\/div><div class=\"section\"><div class=\"section-img\"><img decoding=\"async\" src=\"\/vevor\/product\/BXGHSTJ60YCBT03HL\/zip-line-kits-a100-1.11.jpg\" alt=\"VEVOR zipline rinkinio detales su 60ft kabelis, m\u0117lyna disko vietos ir matmenys: 1000x100x50 mm.\" \/><\/div><div class=\"section-mobile-img\"><img decoding=\"async\" src=\"\/vevor\/product\/BXGHSTJ60YCBT03HL\/zip-line-kits-a100-1.11-m.jpg\" alt=\"VEVOR zipline rinkinio detales su 60ft kabelis, m\u0117lyna disko vietos ir matmenys: 1000x100x50 mm.\" \/><\/div><\/div><\/div><\/body><\/html><\/div>\n<div class=\"DM_at-title\" id=\"js-DM_at-title\"> <div>Produkto specifikacija<\/div> <i class=\"icon-arrowup_line\"><\/i> <\/div><div class=\"DM_at-goodsDescAttr\" id=\"js-DM_at-goodsDescAttr\"> <div class=\"DM_at-goodsDescAttrInner\"> <dl class=\"goodsDesc_item goodsDesc_item_even\"> <dt>Prek\u0117s Modelio Numeris<\/dt> <dd> HL-60ft-001<\/dd> <\/dl> <dl class=\"goodsDesc_item\"> <dt>Produkto Svoris<\/dt> <dd> 7.1 kg \/ lbs 15.65<\/dd> <\/dl> <dl class=\"goodsDesc_item goodsDesc_item_even\"> <dt>Produkto Matmenys (Ilgis X Plotis X Auk\u0161tis)<\/dt> <dd> 1000x100x50 mm \/ 39.37x3.94x1.97 cm<\/dd> <\/dl> <\/div> <\/div>","protected":false},"excerpt":{"rendered":"<ul>\n<li> Gera Apkrova: lauko zip line kit yra specialiai sukurta vaik\u0173 mank\u0161tos ir \u017eaisti. Plieno lynas buvo sutir\u0161t\u0117s 0,25 cm, su did\u017eiausia mas\u0117 talpa 500 svar\u0173, rodan\u010dius puikios keliamoji galia. Patvari\u0173 med\u017eiag\u0173 ir ner\u016bdijan\u010dio plieno spyruokl\u0117s, stabd\u017ei\u0173 sistemos u\u017etikrinti saug\u0173 fondas. \u012e zipline rinkinys yra CPC saugos pa\u017eym\u0117jimus, suteikti t\u0117vams ramyb\u0119 saugiai lyd\u0117ti savo vaikus. <\/li>\n<li> Rutulini\u0173 Guoli\u0173 Konstrukcija: Modernizuotos, rutuliniai guoliai su sustiprinta apsaugin\u0117 plieno, sprend\u017eiant galimus pavojus, \u017eemyn iki smulkiausi\u0173 detali\u0173. \u012e skriemulys yra suprojektuoti su \u012fgaubta forma, poliruoti, kad suma\u017einti \u017eal\u0105 virv\u0119, veiksmingai remti skland\u017eiai skriemulys, patikslinimus, u\u017etikrinti stabil\u016bs ir saug\u016bs \u017eaisti. Auk\u0161tos kokyb\u0117s guoliai pristatyti geriausius skryd\u017ei\u0173 patirt\u012f. <\/li>\n<li> Vis\u0173 Pirma saugumas: Nustatyti j\u012f i\u0161skiria i\u0161 bendrosios saugos prietaisus \u012f rink\u0105, m\u016bs\u0173 kieme zipline rinkinys naudoja tiek saugos dir\u017eai ir lynai, saugos dir\u017eai, \u017eymiai suma\u017einti su\u017ealojimo rizik\u0105 i\u0161 keli\u0173 kamp\u0173. Tikslumo susiuvimo saugos dir\u017eai ir saugos virv\u0117s, u\u017etikrina ilgaam\u017ei\u0161kum\u0105 ir stiprinti saugum\u0105, teikiant did\u017eiausi\u0105 saugum\u0105 vaik\u0173 veikl\u0105 lauke. <\/li>\n<li> Prat\u0119stas Pavasar\u012f Stabd\u017ei\u0173 Sistema: 6.4 ft extra-long pavasario stabd\u017eiai, pagaminti i\u0161 ner\u016bdijan\u010dio plieno, su vidutinio kietumo, si\u016blo didesn\u012f atsparum\u0105 ir ilgaam\u017ei\u0161kum\u0105. Kaip rezultatas, auk\u0161tuminiai zip linija nebus ateiti \u012f staiga stabdyti. Pavasario stabd\u017ei\u0173 sistema veiksmingai i\u0161laiko atstum\u0105 tarp vaik\u0173 ir med\u017eiai, u\u017etikrinant saugum\u0105. <\/li>\n<li> Quick Setup: \u012etraukti priemones, tokias kaip ver\u017eliaraktis, kad zipline lengva \u012fdiegti ir i\u0161ardyti, tod\u0117l procesas paprastas. Operacija yra paprastesn\u0117, leid\u017eianti t\u0117vams \u012fsitraukti \u012f veikl\u0105 su vaikais, skatinant j\u0173 fizin\u012f sugeb\u0117jimus ir sukurti tobulas t\u0117v\u0173-vaik\u0173 akimirk\u0173. <\/li>\n<\/ul>","protected":false},"featured_media":283996,"comment_status":"closed","ping_status":"open","template":"","meta":{"om_disable_all_campaigns":false,"_uf_show_specific_survey":0,"_uf_disable_surveys":false},"location":[1935,1934],"product_brand":[21],"product_cat":[2816,2378,3080,3744],"product_tag":[],"class_list":{"0":"post-26834","1":"product","2":"type-product","3":"status-publish","4":"has-post-thumbnail","6":"location-supplier_stock_location","7":"location-local_stock_location","8":"product_brand-vevor","9":"product_cat-games-sports-outdoors","10":"product_cat-sports-outdoors","11":"product_cat-yard-games","12":"product_cat-zipline-kit-yard-games","14":"first","15":"outofstock","16":"taxable","17":"shipping-taxable","18":"purchasable","19":"product-type-simple"},"aioseo_notices":[],"locations":[{"id":1935,"name":"Pieg\u0101d\u0101t\u0101ja noliktav\u0101 (5-7d.d.)","slug":"supplier_stock_location","quantity":"0"},{"id":1934,"name":"R\u012bgas veikal\u0101 (0-2d.d.)","slug":"local_stock_location","quantity":"0"}],"_links":{"self":[{"href":"https:\/\/vevorshop.lv\/lt\/wp-json\/wp\/v2\/product\/26834","targetHints":{"allow":["GET"]}}],"collection":[{"href":"https:\/\/vevorshop.lv\/lt\/wp-json\/wp\/v2\/product"}],"about":[{"href":"https:\/\/vevorshop.lv\/lt\/wp-json\/wp\/v2\/types\/product"}],"replies":[{"embeddable":true,"href":"https:\/\/vevorshop.lv\/lt\/wp-json\/wp\/v2\/comments?post=26834"}],"wp:featuredmedia":[{"embeddable":true,"href":"https:\/\/vevorshop.lv\/lt\/wp-json\/wp\/v2\/media\/283996"}],"wp:attachment":[{"href":"https:\/\/vevorshop.lv\/lt\/wp-json\/wp\/v2\/media?parent=26834"}],"wp:term":[{"taxonomy":"location","embeddable":true,"href":"https:\/\/vevorshop.lv\/lt\/wp-json\/wp\/v2\/location?post=26834"},{"taxonomy":"product_brand","embeddable":true,"href":"https:\/\/vevorshop.lv\/lt\/wp-json\/wp\/v2\/product_brand?post=26834"},{"taxonomy":"product_cat","embeddable":true,"href":"https:\/\/vevorshop.lv\/lt\/wp-json\/wp\/v2\/product_cat?post=26834"},{"taxonomy":"product_tag","embeddable":true,"href":"https:\/\/vevorshop.lv\/lt\/wp-json\/wp\/v2\/product_tag?post=26834"}],"curies":[{"name":"wp","href":"https:\/\/api.w.org\/{rel}","templated":true}]}}