{"id":27386,"date":"2024-11-18T17:50:07","date_gmt":"2024-11-18T17:50:07","guid":{"rendered":"http:\/\/vevorshop.edigo.lv\/Prece\/vevor-spare-tire-carrier-trailer-spare-tire-mount-160-lbs-capacity-utility-trailer-accessories-fits-most-4-5-6-8-lugs-wheels-on-4-4-25-4-5-4-75-5-5-5-6-6-5\/"},"modified":"2026-04-08T11:55:32","modified_gmt":"2026-04-08T08:55:32","slug":"vevor-spare-tire-carrier-trailer-spare-tire-mount-160-lbs-capacity-utility-trailer-accessories-fits-most-4-5-6-8-lugs-wheels-on-4-4-25-4-5-4-75-5-5-5-6-6-5","status":"publish","type":"product","link":"https:\/\/vevorshop.lv\/lt\/Prece\/vevor-atsarginiu-padangu-laikiklio-priekabos-atsarginis-padangu-laikiklis-160-svaru-talpos-priekabu-priedai-tinka-daugumai-4-5-6-8-antgaliu-ratu-ant-4-4-25-4-5-4-75-5-5-5-5-6-6-5\/","title":{"rendered":"VEVOR priekabos atsarginio rato laikiklis, 72,6 kg talpa, tinka 4\u20138 var\u017et\u0173 ratams, tvirtinimas priekaboms ir valtims"},"content":{"rendered":"<div style=\"color: #fff!important; font-size: 16px; height: 24px; line-height: 24px; margin-top: -24px; \" class=\"product_original_name\">VEVOR atsargini\u0173 padang\u0173 laikiklis, priekabos atsarginis padang\u0173 laikiklis, 72,6 kg talpa, naudingoji priekab\u0173 priedai Tinka daugumai 4 ir 5 bei 6 ir 8 auseli\u0173 10,2 cm, 10,8 cm, 11,4 cm, 12,1 cm, 12,7 cm, 14 cm, 15,2 cm, 16,5 cm var\u017et\u0173 modeliai<\/div>\n<div style=\"color: #fff!important; font-size: 16px; height: 24px; line-height: 24px; margin-top: -24px; \" class=\"product_sku\">M4I4KWSM<\/div>\n<div style=\"color: #fff!important; font-size: 16px; height: 24px; line-height: 24px; margin-top: -24px; \" class=\"product_mpn\">BTCFJLS160LBS14F0V0<\/div><div id=\"js-DM_at-goodDescRich\"><html><head><style>  body {    font-family: Arial;    line-height: 1.5;    color: #1c1c1c;    overflow-x: hidden;    margin: 0;    padding: 0;  }  .MsoNormal b {    font-weight: bolder;  }<\/style><style>  .container.small {    width: 970px;    margin: 0 auto;  }  .logo {    margin: 0 auto 0;  }  .logo img {    display: block;    margin: 0 auto;    max-width: 100%;  }  .logo .pc-banner {    display: block;    width: 1200px;    height: 247.4px;    margin: 0 auto;  }  .logo .pc-banner.small {    width: 970px;  }  .logo .pc-banner.small img {    height: auto!important;  }  .logo .m-banner {    display: none;  }  .ytvideo {    position: relative;    height: 546px;    width: 100%;    margin: 0 auto;  }  .ytvideo img {    width: 100%;    margin: 0 auto;  }  .ytvideo .play-btn {    width: 60px;    height: 42px;    position: absolute;    top: 50%;    left: 50%;    transform: translate(-50%, -50%);    background: url(\"data:image\/png;base64,iVBORw0KGgoAAAANSUhEUgAAAGQAAABGCAMAAAANWMFbAAAC+lBMVEUAAADBGB3kLCfBGB3kLCfcJC7BFx3KKSbiKybkLCbWJCPSIiLSIiLPICHAFx3kLCfgKSXNHiDZJiTIGx\/p4eHcjo7LHSDbJyTkLCbjKyfOHyHPIiL28fHJHB\/GGh7EGR7eKCXDGB3RISHlLSbBGB3AFxzGHB7DGB7BGB3hKybkKybAFx3lLCfAFxzDGR3hKibDGB7cJyTmz8\/elJTlwcHjurrUIyLlLSflLSfAFx3DGR7lLSfCFx3hKibhKibhKybjKybkLCblLSfbJSX49vbx7e3NNzjNMTLMJyjVIyLZf3\/ZQ0LaeHjx0tLgoqLkLCfCGB3HGx\/BGB3BFx3PICHCGB7WJCLOHyC\/Fxy\/Fx3lLCfQISHkLSe\/FxzbJiTBFx3FGx\/AGB7BFx3EGR7AGB3HHSDfKiXAFh3TISHYNzbhKibbJyTTIiL57e325+f039\/v2NjUV1fOHiHiqanfmprch4feKSXVIyPOICHmLibFGh\/mLSe\/Fx7XJCPeKSXXJSPNHyHaJyTGGh7lLCbmLCflLSjSIiLkLCbdKSXLHiC\/GB3KHh++Fh3lKyfoLiXcKCPkx8fYb2\/XaGfVXl3aU1LLHiDksbHgKibPICHbJyTfKSXbJyTCGB3KHSDiKybFGh7TIiL\/\/\/\/VIyPRISHIHB\/GGx\/HHB\/DGR7gKibdKCXLHiDZJiTMHiDNHyHYJSTOICHPICHWJCPcKCXXJSPjLCblLCf+\/f3NGR\/uLijzLynPGR\/IGB7WISHaIyLLGh7UAADxLynNAADRLzDbICLQAADIAAD3MCrUHSHXMTDpKSbLAADp5OTij4\/ejo\/VLy\/1LyngJSTcJCPQHx\/OHB7+\/PzaMS\/OLS\/vLijrLSjSAADaNTPwLyjkKSbNJCbYISHPHB\/KGB7WAAD7+vrn3d3aKynTKCjoLCfsKifRGh\/YAADq5+fhjo7QNDXXKCfmJyXt5+fTLzDLLi\/QKivYHRvMGBrQJCXLISPMExXLDxLaEAvkkI\/bOTfaFQ\/SCgpvLcnHAAAAmnRSTlMA+vv7+gT9Bvf9+8z8\/NSv\/Pr5+P7++vnQIBMP\/v38\/Pn348XDiCYf9OjbzcqxXVcx\/fz8+\/rj1r2poo1+fXFqX0orGP7+\/v7+\/fz8+\/r68uzn4trIxsG\/vri3p6GcmZSNbWVYUUZEPQv+\/f39+\/v7+\/v7+vr64tvV1NTTz87FtbSurqeblJKFg4B3bUY+NjL7+\/v7+\/v67t1cDo8JLQAABkRJREFUWMO0kz9rwkAYh0OIeJkum6YugUAhISCdKoj\/P4C7SMdS+gEKIhSKil10LSg4mzXkILdlEpxCpwTiWOLX6BujvQaEQuGeHLnL+\/64J+SIcKGYTYWnntpdLjrVdqvZmNdn0+EE40GtpuuWVS6Xx6N7YDSGpWXpeq02wHgynM7q80az1a52HpddtVcpsi1zFARBrdaxbhp9iUReTGmwA4KAAr7vx3EYejnCMI6hQYEgy0LQi4jUN0wL19vqFcUC9\/1dAKmEEFkWRYkh5oBejnxQJiSJPJ\/uKBp0Thszx9Mw8hMRIQjKsptCfuES9zr5WJY6vSFCIvE9fCMUmEM1A1kSXcYGxgVYsvI1IPKTZciSTI0us\/SMGG04gDzELDoFBwdcFJrF88dqgYMTiL6DILWYyfOWE8\/kIz38olCNlC03FK95+imxp6y4oUSvAnBjHHhKNtotSDqJzVFiK8c2SBqhZtsrTtgrLXwAyduxZHNE26eHUt5rtuM4WSmds3G+sUdWYo1L+XyxButoh5eKUHk5lByO3G1LqqCWVnfrv\/lyPtf\/4ps1cndNGIri8J1TJ0lx6dR\/oPjq1nbRwdp2dCk4CtIOLW3pVKRL6WZfS5vF2KkIQhpwSsjiYIgNCs1gEMGqiIq24NQX9NwoXFy8Ufrl3twTcg4fv8T9\/JBEySduj6Mjm4bMzYV7EEOxKjjoNDud7yY3Dy71Hq2oLmqfbNR723edH9PgMrNL2utoQ3VmaIDkiw\/4w51P06hlZsTZvkRrbVuSIs\/zwSOsycgzStQouoAkWQqioRT5XI7n2Z1wfVhoZmcAJLsoqjqpjbWCgpOAJXBwHK8PzWbNvoUZJND5wCnSkLAkZ1legx6vqQzjoiTahKlGUGLAiIIoABOHaNVw4sexZBym6\/HWlH5h3IC7yRbxtipcWxdTOkORKiNQAEkFf66x5S2oeRbroOlLgg0sSYkR0hRGEqJZ0jTPiQKatESdBckpWigxaapEH0lImHdWu9pUFF2XqMNM2Z4kped7IwEJw2qabwtrQqnpw6HyKkgcadKWsmpywwesDyIhYRpdzXddqegtGIJlXbAIUMOLkGxJUjRIkokwjUaX9d\/kK62ps\/tYUqZLIMkLTyBhsMZ3C5Z\/kDxOSCb\/DOs\/\/J0qcWSX\/2ipe56EgTCA4\/cB7NAYOsni4mZM1MUPAISoEwkDi4lhVBQ1cWQyIcwalw4EpqZN68JUSK7XC0kTlkLYii5uXSC8jT5ncCAS7mjCv0uHp\/3lueHEEAeQ\/\/VgmdN71\/2uCSA1Xr6DO6uI6sW56zqT2tp2PhgiRUAajV8CY2fkcz6WGNKMgLAt7tJAhD4YHMTeRxlALE6+43WqjSWi8ITxyJl8WrwWSNESQZZOqhDDntO3hJLsd5RtSpbJqdv3YrDJH3F7jL1R2O2aQkn2MyCyKYz0GPGIvSAMgBCrCEiJyKbBaYGwLW4uPRr0A0M4Ux5kUI7IBh+hMdiCEWNqhMZGyYMsOgNE58UQuEQeUnSWCMYwL54hkxK6IoqucQZbQ3pc3XtL0lky1dL0zZJJDpWJovFqpWj6JEHnyam2eQp5QRVAVHjWparTOaVwUOx99YS2MvgxIGV0bb+qIg2HX2qkFFJB+XZcbLiuRkuxD9GRroKyveLxdh4d7Orx+hb7qc3uVRuEogCOnyIxm4ubUoPgF4jianDrC+SDQDKEfJb0GUKmjCGPYHGJvVC6X4hw1\/sAfQAdfYyephIaspXe36RwOP+Ljvfx9B6B3i+Nk0DGq+oCbLn6JpBa9nWAveAIHwFAwtVcIJXPMPL8kRu5OAYPMaL1WScTxjiZDqB9LTJSWphow\/pTYKRTLjCBhvi9iBidvKcDasGSm0QQkycYuLBqj6QCELPctqChDWpTRMWkngNNpQ1Pfp1KkiT\/Y0DGffXAweUNfLAfaJFKDwhb6I+bkYRbkERoEeu3Fyjg2opMz2daZCS9jt6Q7txNfB+OZEVF6Zl5web2xunnLQrtrjXseXKaFYziYINeMFZVxS9VxRhOoesYwxPKXm+gWLG9cuFeq93UNNeJNsf1KlwuDok9n02n3TgIJpOxNfL9naIoQwXtfH9kjceTIIi709ncTg6LZbg+biLH1V6u\/7rxBem06VXKn9raAAAAAElFTkSuQmCC\")      no-repeat center center \/ contain;  }  @media screen and (max-width: 960px) and (orientation: portrait) {    .logo {      width: 100%;    }    .logo .pc-banner {      display: none;    }    .logo .m-banner {      display: block;      width: 100%;    }    .logo .m-banner img {      height: auto!important;    }    .ytvideo {      height: 200px;      width: 100%;    }  }<\/style><style>  .video-section {    width: 100%;    margin: 0 auto;  }  .video-section > img {    width: 100%;  }  .video-section iframe,  .video-section video {    width: 100%;    height: 100%;      }  .video-section-img-m,  .video-section-img-pc > img {    width: 100%;    height: auto;  }  .video-section-img-pc.small > img {    width: 970px;  }  .video-desc {    line-height: 1.5;    font-size: 20px;    font-weight: 400;    margin: 20px 0;    text-align: center;    color: #0f1111;    word-break: break-word;  }  @media screen and (max-width: 960px) and (orientation: portrait) {    .video-section {      width: 100%;    }    .video-section-pc,    .video-section-img-pc {      display: none;    }    .video-section-m,    .video-section-img-m {      display: block;    }    .video-desc {      font-size: 15px;    }  }  @media screen and (min-width: 960px) {    .video-section {      width: 100%;      margin: 0 auto;    }    .video-section-pc,    .video-section-img-pc {      display: block;    }    .video-section-m,    .video-section-img-m {      display: none;    }    .video-desc {      font-size: 20px;    }  }<\/style><style>  .section + .section {    margin-top: 35px;  }  .section-title {    text-align: center;    font-weight: bold;    color: #0d1111;    font-family: \"Arial\";    font-size: 32px;    margin: 15px 0;  }  .section-title:empty {    display: none;  }  .section-desc {    text-align: center;    font-weight: normal;    color: #0d1111;    margin-top: 20px;  }  .section-desc:empty {    display: none;  }  .section-img {    width: 1200px;    height: 492px;    margin: 0 auto;    display: block;  }  .section-img.small {    width: 970px;    height: auto;  }  .section-img.small > img {    height: auto;  }  .section-img > img {    width: 100%;    height: 100%;  }  .section-mobile-img {    display: none;    max-width: 100vw;    max-height: 75vw;    height: 450px;    margin: 0 auto;  }  .section-mobile-img > img {    width: 100%;    height: 100%;  }  @media screen and (max-width: 960px) and (orientation: portrait) {    .container {      width: 100%;    }    .container.small {      width: 100%;    }    .section-mobile-img {      display: block;    }    .section-img {      display: none;    }    .section-title {      font-size: 22px;      margin: 10px 0;    }    .section-desc {      margin-top: 10px;    }    .section + .section {      margin-top: 20px;    }  }<\/style><\/head><body><div class=\"container\"><div class=\"logo\"><div class=\"pc-banner\"><div><img decoding=\"async\" src=\"\/vevor\/vevor\/boutique-banner\/pc\/en-pc@1x.jpg\" style=\"width: 100%;\" \/><\/div><\/div><div class=\"m-banner\"><div><img decoding=\"async\" src=\"\/vevor\/vevor\/boutique-banner\/mobile\/en-m@1x.jpg\" style=\"width: 100%;\" \/><\/div><\/div><\/div><div class=\"section-title\">Apsaugokite Savo Kelion\u0119, Atlikti J\u016bs\u0173 Atsargini\u0173 Padang\u0173 su Pasitik\u0117jimu<\/div><div class=\"video-section\"><div class=\"video-section-img-pc\"><img decoding=\"async\" src=\"\/vevor\/product\/BTCFJLS160LBS14F0\/spare-tire-carrier-a100-1.4.jpg\" \/><\/div><div class=\"video-section-img-m\"><img decoding=\"async\" src=\"\/vevor\/product\/BTCFJLS160LBS14F0\/spare-tire-carrier-a100-1.4-m.jpg\" \/><\/div><div class=\"section-desc\">Su apkrova 160 svar\u0173, m\u016bs\u0173 priekabos atsargini\u0173 padang\u0173 ve\u017e\u0117jas yra puikus ve\u017eti dideliais ratais. Jis yra aptrauktas ir panardinant atlaikyti lietaus ir at\u0161iauriomis lauko s\u0105lygomis veiksmingai.<\/div><\/div><div class=\"section\"><div class=\"section-title\"><\/div><div class=\"section-img\"><img decoding=\"async\" src=\"\/vevor\/product\/BTCFJLS160LBS14F0\/spare-tire-carrier-a100-2.2.jpg\" \/><\/div><div class=\"section-mobile-img\"><img decoding=\"async\" src=\"\/vevor\/product\/BTCFJLS160LBS14F0\/spare-tire-carrier-a100-2.2-m.jpg\" \/><\/div><div class=\"section-desc\">\u0160is oro ve\u017e\u0117jas yra tinkamas stebul\u0117s skyl\u0117s numeriai 4, 5, 6, ir 8, su pikio skersmuo 4&#034;, 4.25&#034;, 4.5&#034;, 4.75&#034;, 5&#034;, 5.5&#034;, 6&#034;, ir 6.5&#034;.<\/div><\/div><div class=\"section\"><div class=\"section-title\"><\/div><div class=\"section-img\"><img decoding=\"async\" src=\"\/vevor\/product\/BTCFJLS160LBS14F0\/spare-tire-carrier-a100-2.3.jpg\" \/><\/div><div class=\"section-mobile-img\"><img decoding=\"async\" src=\"\/vevor\/product\/BTCFJLS160LBS14F0\/spare-tire-carrier-a100-2.3-m.jpg\" \/><\/div><div class=\"section-desc\">Prie\u0161 perkant, pra\u0161ome patikrinti specifikacijas ir var\u017etas stiliaus j\u016bs\u0173 padangos ir priekabos kalbomis, kad b\u016bt\u0173 u\u017etikrintas suderinamumas. \u012ediegti m\u016bs\u0173 produktas yra v\u0117jas, ir j\u016bs galite lengvai padaryti patys pagal pateikta pavyzdi.<\/div><\/div><div class=\"section\"><div class=\"section-title\"><\/div><div class=\"section-img\"><img decoding=\"async\" src=\"\/vevor\/product\/BTCFJLS160LBS14F0\/spare-tire-carrier-a100-2.4.jpg\" \/><\/div><div class=\"section-mobile-img\"><img decoding=\"async\" src=\"\/vevor\/product\/BTCFJLS160LBS14F0\/spare-tire-carrier-a100-2.4-m.jpg\" \/><\/div><div class=\"section-desc\">Pagamintas i\u0161 tvirtos kaustytomis gele\u017eies ir \u012frengtas trij\u0173 var\u017et\u0173 dizainas, padang\u0173 ve\u017e\u0117jas yra i\u0161skirtinis tvirtumas ir patikimumas. Be vargo tvarkyti padangos sveria iki 160 svar\u0173. Ir panardinant lakas suteikia r\u016bd\u017ei\u0173 ir korozijos var\u017ea, u\u017etikrinant puiki\u0105 apsaug\u0105 lauko aplinkoje.<\/div><\/div><div class=\"section\"><div class=\"section-title\"><\/div><div class=\"section-img\"><img decoding=\"async\" src=\"\/vevor\/product\/BTCFJLS160LBS14F0\/spare-tire-carrier-a100-2.5.jpg\" \/><\/div><div class=\"section-mobile-img\"><img decoding=\"async\" src=\"\/vevor\/product\/BTCFJLS160LBS14F0\/spare-tire-carrier-a100-2.5-m.jpg\" \/><\/div><div class=\"section-desc\">Nepamir\u0161kite atlikti m\u016bs\u0173 priekabos atsargin\u0117s padangos pritvirtinimas apie savo keliones, nes tai b\u016btina siekiant u\u017etikrinti skland\u0173 kelion\u0119 t\u0119sti. Ji suteikia saug\u0173 vietoje atsargin\u0117s padangos ir yra suderinamas su daugelio modeli\u0173 priekabos.<\/div><\/div><div class=\"section\"><div class=\"section-img\"><img decoding=\"async\" src=\"\/vevor\/product\/BTCFJLS160LBS14F0\/spare-tire-carrier-a100-1.11.jpg\" \/><\/div><div class=\"section-mobile-img\"><img decoding=\"async\" src=\"\/vevor\/product\/BTCFJLS160LBS14F0\/spare-tire-carrier-a100-1.11-m.jpg\" \/><\/div><\/div><\/div><\/body><\/html><\/div>\n<div class=\"DM_at-title\" id=\"js-DM_at-title\"> <div>Produkto specifikacija<\/div> <i class=\"icon-arrowup_line\"><\/i> <\/div><div class=\"DM_at-goodsDescAttr\" id=\"js-DM_at-goodsDescAttr\"> <div class=\"DM_at-goodsDescAttrInner\"> <dl class=\"goodsDesc_item goodsDesc_item_even\"> <dt>Prek\u0117s Modelio Numeris<\/dt> <dd> 5607<\/dd> <\/dl> <dl class=\"goodsDesc_item\"> <dt>Taikoma Skai\u010dius Rato Var\u017etas Modelis<\/dt> <dd> 4\u30015\u30016\u30018<\/dd> <\/dl> <dl class=\"goodsDesc_item goodsDesc_item_even\"> <dt>Taikoma Dalijamojo Apskritimo Skersmuo<\/dt> <dd> 4&#034;\u30014.25&#034;\u30014.5&#034;\u30014.75&#034;\u30015&#034;\u30015.5&#034;\u30016&#034;\u30016.5&#034;<\/dd> <\/dl> <dl class=\"goodsDesc_item\"> <dt>Taikoma Skai\u010dius Rato Stebul\u0117s Angos* Dalijamojo Apskritimo Skersmuo<\/dt> <dd> 4*4&#034;\u30015*4.25&#034;\u30015*4.5&#034;\u30015*4.75&#034;\u30015*5&#034;\u30015*5.5&#034;\u30016*5.5&#034;\u30016*6&#034;\u30018*6.5&#034;<\/dd> <\/dl> <dl class=\"goodsDesc_item goodsDesc_item_even\"> <dt>Talpa<\/dt> <dd> 160 \u00a3<\/dd> <\/dl> <dl class=\"goodsDesc_item\"> <dt>Pavir\u0161iaus Apdorojimas<\/dt> <dd> Laikiklis<\/dd> <\/dl> <dl class=\"goodsDesc_item goodsDesc_item_even\"> <dt>U\u017etrauktuku<\/dt> <dd> Sendzimir<\/dd> <\/dl> <dl class=\"goodsDesc_item\"> <dt>Taikoma Maks. Priekabos Lie\u017euviai Dydis<\/dt> <dd> 4&#034; (W) x 6&#034; (H)<\/dd> <\/dl> <dl class=\"goodsDesc_item goodsDesc_item_even\"> <dt>Neto Svoris<\/dt> <dd> 2.9 kg<\/dd> <\/dl> <dl class=\"goodsDesc_item\"> <dt>Gaminio Dydis<\/dt> <dd> 310 \u00d7 170 \u00d7 175 mm<\/dd> <\/dl> <\/div> <\/div>","protected":false},"excerpt":{"rendered":"<ul>\n<li> Universalus ir Pritaikymas-Draugi\u0161kos: \u0160i priekaba atsargini\u0173 padang\u0173 ve\u017e\u0117jas yra skirtos, kad tilpt\u0173 \u012fvairi\u0173 rato i\u0161matavim\u0173, tod\u0117l tinka \u012fvairi\u0173 program\u0173. Jis yra suderinamas su 4\u00d74&#034;, 5\u00d74.25&#034;, 5\u00d74.5&#034;, 5\u00d74.75&#034;, 5\u00d75&#034;, 5\u00d75.5&#034;, 6\u00d75.5&#034;, 6\u00d76&#034;, ir 8\u00d76.5&#034; skersmens skyl\u0119 r\u016b\u0161i\u0173. <\/li>\n<li> Greitas ir Lengvas \u012erengimas: \u012ediegti \u0161i\u0105 atsargin\u0117s padangos pritvirtinimas yra v\u0117jas. Reik\u0117s tik vienas i\u0161nirimas, ir n\u0117ra gr\u0119\u017eimo reikalaujama. Atsargini\u0173 padang\u0173 ve\u017e\u0117jas priima var\u017etas link\u0119 fiksuotojo i\u0161ky\u0161ulys dizainas, kuris tvirtai spynos j\u016bs\u0173 padang\u0173, suma\u017eina v\u0117jo pasiprie\u0161inim\u0105 ir saugo nuo pro\u0161vaisa. <\/li>\n<li> Trij\u0173 Var\u017et\u0173 Dizainas: atsargin\u0117s priekabos padang\u0173 stovas yra pagamintas i\u0161 plieno ir pramonini\u0173 kieto gele\u017eies, u\u017etikrinti jo ilgaam\u017ei\u0161kum\u0105 net ir sunkiomis s\u0105lygomis. Ir sm\u0117liasrove pavir\u0161iaus ne tik padidina jos patvarum\u0105, ta\u010diau taip pat priduria, skland\u017eiai ir vizualiai patraukli apdaila. J\u016bs galite pasitik\u0117ti savo stiprumo ir patikimumo per savo kelion\u0117se, kuri\u0173 talpa-iki 160 kg. <\/li>\n<li> Baigtas Priedai: atsisveikinti su vargo ie\u0161kant atskir\u0173 montavimo aparat\u016bros. \u0160i priekaba padang\u0173 kalno ateina su cinkuota montavimo \u012franga, \u012ftrauktas \u012f paket\u0105. J\u016bs galite tur\u0117ti ramyb\u0119 \u017einant, kad visi b\u016btini komponentai yra numatyta vientis\u0105 \u012frengimo patirtis. <\/li>\n<li> Puikus Suderinamumas ir Priekabos Pritaikymas: skirtas specialiai priekaba kalbomis, \u012fskaitant j\u016br\u0173 priekab\u0173, tai priekab\u0173 atsargin\u0117s padangos pritvirtinimas yra sukurtas puikiai. Jo matmenys-3,9 cm plo\u010dio ir 6,2 cm auk\u0161\u010dio, galite b\u016bti tikri, kad ji bus saugiai tilpt\u0173 j\u016bs\u0173 atsargini\u0173 padang\u0173, u\u017etikrinti aptemptas tinka j\u016bs\u0173 priekaba. <\/li>\n<\/ul>","protected":false},"featured_media":284831,"comment_status":"closed","ping_status":"open","template":"","meta":{"om_disable_all_campaigns":false,"_monsterinsights_skip_tracking":false,"_monsterinsights_sitenote_active":false,"_monsterinsights_sitenote_note":"","_monsterinsights_sitenote_category":0,"_uf_show_specific_survey":0,"_uf_disable_surveys":false},"location":[1935,1934],"product_brand":[21],"product_cat":[133,3775,3197,3773],"product_tag":[],"class_list":{"0":"post-27386","1":"product","2":"type-product","3":"status-publish","4":"has-post-thumbnail","6":"location-supplier_stock_location","7":"location-local_stock_location","8":"product_brand-vevor","9":"product_cat-automotive","10":"product_cat-spare-tire-carriers","11":"product_cat-towing-equipment","12":"product_cat-trailer-parts-accessories","14":"first","15":"instock","16":"featured","17":"taxable","18":"shipping-taxable","19":"purchasable","20":"product-type-simple"},"aioseo_notices":[],"jetpack_sharing_enabled":true,"locations":[{"id":1935,"name":"Pieg\u0101d\u0101t\u0101ja noliktav\u0101 (5-7d.d.)","slug":"supplier_stock_location","quantity":"394"},{"id":1934,"name":"R\u012bgas veikal\u0101 (0-2d.d.)","slug":"local_stock_location","quantity":"0"}],"_links":{"self":[{"href":"https:\/\/vevorshop.lv\/lt\/wp-json\/wp\/v2\/product\/27386","targetHints":{"allow":["GET"]}}],"collection":[{"href":"https:\/\/vevorshop.lv\/lt\/wp-json\/wp\/v2\/product"}],"about":[{"href":"https:\/\/vevorshop.lv\/lt\/wp-json\/wp\/v2\/types\/product"}],"replies":[{"embeddable":true,"href":"https:\/\/vevorshop.lv\/lt\/wp-json\/wp\/v2\/comments?post=27386"}],"wp:featuredmedia":[{"embeddable":true,"href":"https:\/\/vevorshop.lv\/lt\/wp-json\/wp\/v2\/media\/284831"}],"wp:attachment":[{"href":"https:\/\/vevorshop.lv\/lt\/wp-json\/wp\/v2\/media?parent=27386"}],"wp:term":[{"taxonomy":"location","embeddable":true,"href":"https:\/\/vevorshop.lv\/lt\/wp-json\/wp\/v2\/location?post=27386"},{"taxonomy":"product_brand","embeddable":true,"href":"https:\/\/vevorshop.lv\/lt\/wp-json\/wp\/v2\/product_brand?post=27386"},{"taxonomy":"product_cat","embeddable":true,"href":"https:\/\/vevorshop.lv\/lt\/wp-json\/wp\/v2\/product_cat?post=27386"},{"taxonomy":"product_tag","embeddable":true,"href":"https:\/\/vevorshop.lv\/lt\/wp-json\/wp\/v2\/product_tag?post=27386"}],"curies":[{"name":"wp","href":"https:\/\/api.w.org\/{rel}","templated":true}]}}