{"id":27701,"date":"2024-11-18T18:05:35","date_gmt":"2024-11-18T18:05:35","guid":{"rendered":"http:\/\/vevorshop.edigo.lv\/Prece\/vevor-liquid-filling-machine-50-5000-g-weighing-capacity-automatic-bottle-filler-machine-bottling-machine-gear-pump-digital-control-for-honey-oil-wine-detergent-viscous-liquids-single-nozzle\/"},"modified":"2026-04-05T17:51:26","modified_gmt":"2026-04-05T14:51:26","slug":"vevor-liquid-filling-machine-50-5000-g-weighing-capacity-automatic-bottle-filler-machine-bottling-machine-gear-pump-digital-control-for-honey-oil-wine-detergent-viscous-liquids-single-nozzle","status":"publish","type":"product","link":"https:\/\/vevorshop.lv\/lt\/Prece\/vevor-liquid-filling-machine-50-5000-g-weighing-capacity-automatic-bottle-filler-machine-bottling-machine-gear-pump-digital-control-for-honey-oil-wine-detergent-viscous-liquids-single-nozzle\/","title":{"rendered":"VEVOR Automatin\u0117 skys\u010di\u0173 pildymo ma\u0161ina 50\u20135000 g, skaitmenin\u0117 pavar\u0173 siurblio pildykl\u0117 medui, aliejui, vynui, plovikliams"},"content":{"rendered":"<div style=\"color: #fff!important; font-size: 16px; height: 24px; line-height: 24px; margin-top: -24px; \" class=\"product_original_name\">VEVOR Liquid Filling Machine, 50-5000 g Weighing Capacity, Automatic Bottle Filler Machine Bottling Machine Gear Pump Digital Control for Honey, Oil, Wine, Detergent, Viscous Liquids<\/div>\n<div style=\"color: #fff!important; font-size: 16px; height: 24px; line-height: 24px; margin-top: -24px; \" class=\"product_sku\">M4I4KX7X<\/div>\n<div style=\"color: #fff!important; font-size: 16px; height: 24px; line-height: 24px; margin-top: -24px; \" class=\"product_mpn\">WSDBGYGZJWXX420VCV2<\/div><div id=\"js-DM_at-goodDescRich\"><html><head><style>  body {    font-family: Arial;    line-height: 1.5;    color: #1c1c1c;    overflow-x: hidden;    margin: 0;    padding: 0;  }  .MsoNormal b {    font-weight: bolder;  }<\/style><style>  .container.small {    width: 970px;    margin: 0 auto;  }  .logo {    margin: 0 auto 0;  }  .logo img {    display: block;    margin: 0 auto;    max-width: 100%;  }  .logo .pc-banner {    display: block;    width: 1200px;    height: 247.4px;    margin: 0 auto;  }  .logo .pc-banner.small {    width: 970px;  }  .logo .pc-banner.small img {    height: auto!important;  }  .logo .m-banner {    display: none;  }  .ytvideo {    position: relative;    height: 546px;    width: 100%;    margin: 0 auto;  }  .ytvideo img {    width: 100%;    margin: 0 auto;  }  .ytvideo .play-btn {    width: 60px;    height: 42px;    position: absolute;    top: 50%;    left: 50%;    transform: translate(-50%, -50%);    background: url(\"data:image\/png;base64,iVBORw0KGgoAAAANSUhEUgAAAGQAAABGCAMAAAANWMFbAAAC+lBMVEUAAADBGB3kLCfBGB3kLCfcJC7BFx3KKSbiKybkLCbWJCPSIiLSIiLPICHAFx3kLCfgKSXNHiDZJiTIGx\/p4eHcjo7LHSDbJyTkLCbjKyfOHyHPIiL28fHJHB\/GGh7EGR7eKCXDGB3RISHlLSbBGB3AFxzGHB7DGB7BGB3hKybkKybAFx3lLCfAFxzDGR3hKibDGB7cJyTmz8\/elJTlwcHjurrUIyLlLSflLSfAFx3DGR7lLSfCFx3hKibhKibhKybjKybkLCblLSfbJSX49vbx7e3NNzjNMTLMJyjVIyLZf3\/ZQ0LaeHjx0tLgoqLkLCfCGB3HGx\/BGB3BFx3PICHCGB7WJCLOHyC\/Fxy\/Fx3lLCfQISHkLSe\/FxzbJiTBFx3FGx\/AGB7BFx3EGR7AGB3HHSDfKiXAFh3TISHYNzbhKibbJyTTIiL57e325+f039\/v2NjUV1fOHiHiqanfmprch4feKSXVIyPOICHmLibFGh\/mLSe\/Fx7XJCPeKSXXJSPNHyHaJyTGGh7lLCbmLCflLSjSIiLkLCbdKSXLHiC\/GB3KHh++Fh3lKyfoLiXcKCPkx8fYb2\/XaGfVXl3aU1LLHiDksbHgKibPICHbJyTfKSXbJyTCGB3KHSDiKybFGh7TIiL\/\/\/\/VIyPRISHIHB\/GGx\/HHB\/DGR7gKibdKCXLHiDZJiTMHiDNHyHYJSTOICHPICHWJCPcKCXXJSPjLCblLCf+\/f3NGR\/uLijzLynPGR\/IGB7WISHaIyLLGh7UAADxLynNAADRLzDbICLQAADIAAD3MCrUHSHXMTDpKSbLAADp5OTij4\/ejo\/VLy\/1LyngJSTcJCPQHx\/OHB7+\/PzaMS\/OLS\/vLijrLSjSAADaNTPwLyjkKSbNJCbYISHPHB\/KGB7WAAD7+vrn3d3aKynTKCjoLCfsKifRGh\/YAADq5+fhjo7QNDXXKCfmJyXt5+fTLzDLLi\/QKivYHRvMGBrQJCXLISPMExXLDxLaEAvkkI\/bOTfaFQ\/SCgpvLcnHAAAAmnRSTlMA+vv7+gT9Bvf9+8z8\/NSv\/Pr5+P7++vnQIBMP\/v38\/Pn348XDiCYf9OjbzcqxXVcx\/fz8+\/rj1r2poo1+fXFqX0orGP7+\/v7+\/fz8+\/r68uzn4trIxsG\/vri3p6GcmZSNbWVYUUZEPQv+\/f39+\/v7+\/v7+vr64tvV1NTTz87FtbSurqeblJKFg4B3bUY+NjL7+\/v7+\/v67t1cDo8JLQAABkRJREFUWMO0kz9rwkAYh0OIeJkum6YugUAhISCdKoj\/P4C7SMdS+gEKIhSKil10LSg4mzXkILdlEpxCpwTiWOLX6BujvQaEQuGeHLnL+\/64J+SIcKGYTYWnntpdLjrVdqvZmNdn0+EE40GtpuuWVS6Xx6N7YDSGpWXpeq02wHgynM7q80az1a52HpddtVcpsi1zFARBrdaxbhp9iUReTGmwA4KAAr7vx3EYejnCMI6hQYEgy0LQi4jUN0wL19vqFcUC9\/1dAKmEEFkWRYkh5oBejnxQJiSJPJ\/uKBp0Thszx9Mw8hMRIQjKsptCfuES9zr5WJY6vSFCIvE9fCMUmEM1A1kSXcYGxgVYsvI1IPKTZciSTI0us\/SMGG04gDzELDoFBwdcFJrF88dqgYMTiL6DILWYyfOWE8\/kIz38olCNlC03FK95+imxp6y4oUSvAnBjHHhKNtotSDqJzVFiK8c2SBqhZtsrTtgrLXwAyduxZHNE26eHUt5rtuM4WSmds3G+sUdWYo1L+XyxButoh5eKUHk5lByO3G1LqqCWVnfrv\/lyPtf\/4ps1cndNGIri8J1TJ0lx6dR\/oPjq1nbRwdp2dCk4CtIOLW3pVKRL6WZfS5vF2KkIQhpwSsjiYIgNCs1gEMGqiIq24NQX9NwoXFy8Ufrl3twTcg4fv8T9\/JBEySduj6Mjm4bMzYV7EEOxKjjoNDud7yY3Dy71Hq2oLmqfbNR723edH9PgMrNL2utoQ3VmaIDkiw\/4w51P06hlZsTZvkRrbVuSIs\/zwSOsycgzStQouoAkWQqioRT5XI7n2Z1wfVhoZmcAJLsoqjqpjbWCgpOAJXBwHK8PzWbNvoUZJND5wCnSkLAkZ1legx6vqQzjoiTahKlGUGLAiIIoABOHaNVw4sexZBym6\/HWlH5h3IC7yRbxtipcWxdTOkORKiNQAEkFf66x5S2oeRbroOlLgg0sSYkR0hRGEqJZ0jTPiQKatESdBckpWigxaapEH0lImHdWu9pUFF2XqMNM2Z4kped7IwEJw2qabwtrQqnpw6HyKkgcadKWsmpywwesDyIhYRpdzXddqegtGIJlXbAIUMOLkGxJUjRIkokwjUaX9d\/kK62ps\/tYUqZLIMkLTyBhsMZ3C5Z\/kDxOSCb\/DOs\/\/J0qcWSX\/2ipe56EgTCA4\/cB7NAYOsni4mZM1MUPAISoEwkDi4lhVBQ1cWQyIcwalw4EpqZN68JUSK7XC0kTlkLYii5uXSC8jT5ncCAS7mjCv0uHp\/3lueHEEAeQ\/\/VgmdN71\/2uCSA1Xr6DO6uI6sW56zqT2tp2PhgiRUAajV8CY2fkcz6WGNKMgLAt7tJAhD4YHMTeRxlALE6+43WqjSWi8ITxyJl8WrwWSNESQZZOqhDDntO3hJLsd5RtSpbJqdv3YrDJH3F7jL1R2O2aQkn2MyCyKYz0GPGIvSAMgBCrCEiJyKbBaYGwLW4uPRr0A0M4Ux5kUI7IBh+hMdiCEWNqhMZGyYMsOgNE58UQuEQeUnSWCMYwL54hkxK6IoqucQZbQ3pc3XtL0lky1dL0zZJJDpWJovFqpWj6JEHnyam2eQp5QRVAVHjWparTOaVwUOx99YS2MvgxIGV0bb+qIg2HX2qkFFJB+XZcbLiuRkuxD9GRroKyveLxdh4d7Orx+hb7qc3uVRuEogCOnyIxm4ubUoPgF4jianDrC+SDQDKEfJb0GUKmjCGPYHGJvVC6X4hw1\/sAfQAdfYyephIaspXe36RwOP+Ljvfx9B6B3i+Nk0DGq+oCbLn6JpBa9nWAveAIHwFAwtVcIJXPMPL8kRu5OAYPMaL1WScTxjiZDqB9LTJSWphow\/pTYKRTLjCBhvi9iBidvKcDasGSm0QQkycYuLBqj6QCELPctqChDWpTRMWkngNNpQ1Pfp1KkiT\/Y0DGffXAweUNfLAfaJFKDwhb6I+bkYRbkERoEeu3Fyjg2opMz2daZCS9jt6Q7txNfB+OZEVF6Zl5web2xunnLQrtrjXseXKaFYziYINeMFZVxS9VxRhOoesYwxPKXm+gWLG9cuFeq93UNNeJNsf1KlwuDok9n02n3TgIJpOxNfL9naIoQwXtfH9kjceTIIi709ncTg6LZbg+biLH1V6u\/7rxBem06VXKn9raAAAAAElFTkSuQmCC\")      no-repeat center center \/ contain;  }  @media screen and (max-width: 960px) and (orientation: portrait) {    .logo {      width: 100%;    }    .logo .pc-banner {      display: none;    }    .logo .m-banner {      display: block;      width: 100%;    }    .logo .m-banner img {      height: auto!important;    }    .ytvideo {      height: 200px;      width: 100%;    }  }<\/style><style>  .video-section {    width: 100%;    margin: 0 auto;  }  .video-section > img {    width: 100%;  }  .video-section iframe,  .video-section video {    width: 100%;    height: 100%;      }  .video-section-img-m,  .video-section-img-pc > img {    width: 100%;    height: auto;  }  .video-section-img-pc.small > img {    width: 970px;  }  .video-desc {    line-height: 1.5;    font-size: 20px;    font-weight: 400;    margin: 20px 0;    text-align: center;    color: #0f1111;    word-break: break-word;  }  @media screen and (max-width: 960px) and (orientation: portrait) {    .video-section {      width: 100%;    }    .video-section-pc,    .video-section-img-pc {      display: none;    }    .video-section-m,    .video-section-img-m {      display: block;    }    .video-desc {      font-size: 15px;    }  }  @media screen and (min-width: 960px) {    .video-section {      width: 100%;      margin: 0 auto;    }    .video-section-pc,    .video-section-img-pc {      display: block;    }    .video-section-m,    .video-section-img-m {      display: none;    }    .video-desc {      font-size: 20px;    }  }<\/style><style>  .section + .section {    margin-top: 35px;  }  .section-title {    text-align: center;    font-weight: bold;    color: #0d1111;    font-family: \"Arial\";    font-size: 32px;    margin: 15px 0;  }  .section-title:empty {    display: none;  }  .section-desc {    text-align: center;    font-weight: normal;    color: #0d1111;    margin-top: 20px;  }  .section-desc:empty {    display: none;  }  .section-img {    width: 1200px;    height: 492px;    margin: 0 auto;    display: block;  }  .section-img.small {    width: 970px;    height: auto;  }  .section-img.small > img {    height: auto;  }  .section-img > img {    width: 100%;    height: 100%;  }  .section-mobile-img {    display: none;    max-width: 100vw;    max-height: 75vw;    height: 450px;    margin: 0 auto;  }  .section-mobile-img > img {    width: 100%;    height: 100%;  }  @media screen and (max-width: 960px) and (orientation: portrait) {    .container {      width: 100%;    }    .container.small {      width: 100%;    }    .section-mobile-img {      display: block;    }    .section-img {      display: none;    }    .section-title {      font-size: 22px;      margin: 10px 0;    }    .section-desc {      margin-top: 10px;    }    .section + .section {      margin-top: 20px;    }  }<\/style><\/head><body><div class=\"container\"><div class=\"logo\"><div class=\"pc-banner\"><div><img decoding=\"async\" src=\"\/vevor\/vevor\/boutique-banner\/pc\/en-pc@1x.jpg\" style=\"width: 100%;\" \/><\/div><\/div><div class=\"m-banner\"><div><img decoding=\"async\" src=\"\/vevor\/vevor\/boutique-banner\/mobile\/en-m@1x.jpg\" style=\"width: 100%;\" \/><\/div><\/div><\/div><div class=\"section-title\">Atitinka VEVOR Skys\u010dio Pripildymo Ma\u0161ina<\/div><div class=\"video-section\"><div class=\"video-section-img-pc\"><img decoding=\"async\" src=\"\/vevor\/product\/WSDBGYGZJWXX420VC\/filling-machine-a100-1.4.jpg\" alt=\"VEVOR skys\u010dio pripildymo ma\u0161ina, max, debitas 2 l\/min, sv\u0117rimo diapazonas 50-5000g, ir anti-drip dizainas.\" \/><\/div><div class=\"video-section-img-m\"><img decoding=\"async\" src=\"\/vevor\/product\/WSDBGYGZJWXX420VC\/filling-machine-a100-1.4-m.jpg\" alt=\"VEVOR skys\u010dio pripildymo ma\u0161ina, max, debitas 2 l\/min, sv\u0117rimo diapazonas 50-5000g, ir anti-drip dizainas.\" \/><\/div><div class=\"section-desc\">This liquid filling machine is your go-to choice for hassle-free, precise filling of viscous liquids. Crafted with your security in mind using food-grade materials, it's perfect for both homes and businesses.<\/div><\/div><div class=\"section\"><div class=\"section-title\"><\/div><div class=\"section-img\"><img decoding=\"async\" src=\"\/vevor\/product\/WSDBGYGZJWXX420VC\/filling-machine-a100-2.2.jpg\" alt=\"VEVOR skys\u010dio pripildymo ma\u0161ina medus, sezamas, pada\u017eas, \u017eem\u0117s rie\u0161ut\u0173 sviestas, valgomuosius aliejus, raudonas vynas, ir plovikliu.\" \/><\/div><div class=\"section-mobile-img\"><img decoding=\"async\" src=\"\/vevor\/product\/WSDBGYGZJWXX420VC\/filling-machine-a100-2.2-m.jpg\" alt=\"VEVOR skys\u010dio pripildymo ma\u0161ina medus, sezamas, pada\u017eas, \u017eem\u0117s rie\u0161ut\u0173 sviestas, valgomuosius aliejus, raudonas vynas, ir plovikliu.\" \/><\/div><div class=\"section-desc\">M\u016bs\u0173 skaitmenin\u0117s skys\u010dio pripildymo ma\u0161ina yra varomas 120W pavar\u0173 siurblys. Jis gali dirbti storio skys\u010diai, pvz., medaus, kriau\u0161i\u0173 pasta, ir sezam\u0173 pada\u017eu, su lengvumu. Universalus ir efektyvus, jis tinka \u012fvairi\u0173 konteineri\u0173 dyd\u017eiai, padidinti j\u016bs\u0173 produktyvum\u0105.<\/div><\/div><div class=\"section\"><div class=\"section-title\"><\/div><div class=\"section-img\"><img decoding=\"async\" src=\"\/vevor\/product\/WSDBGYGZJWXX420VC\/filling-machine-a100-2.3.jpg\" alt=\"VEVOR skys\u010dio pripildymo ma\u0161ina, su pilna klaviat\u016bra operacija, tiksliai ir efektyviai pildymo.\" \/><\/div><div class=\"section-mobile-img\"><img decoding=\"async\" src=\"\/vevor\/product\/WSDBGYGZJWXX420VC\/filling-machine-a100-2.3-m.jpg\" alt=\"VEVOR skys\u010dio pripildymo ma\u0161ina, su pilna klaviat\u016bra operacija, tiksliai ir efektyviai pildymo.\" \/><\/div><div class=\"section-desc\">Su paprasta klaviat\u016bra valdikliai, j\u016bs galite nustatyti savo norim\u0105 u\u017epildyti apimtis be vargo. Tiesiog vieta j\u016bs\u0173 bakas, ir m\u016bs\u0173 buteli\u0173 u\u017epildymo ma\u0161inos r\u016bpinsis poilsio. Jis sustoja automati\u0161kai, kai tik ji pasieks nustatyt\u0105 gars\u0105. Kaip ji pasirei\u0161kia arti, ji sul\u0117t\u0117ja, siekiant nustatyti tikslumo.<\/div><\/div><div class=\"section\"><div class=\"section-title\"><\/div><div class=\"section-img\"><img decoding=\"async\" src=\"\/vevor\/product\/WSDBGYGZJWXX420VC\/filling-machine-a100-2.4.jpg\" alt=\"higienos VEVOR skys\u010dio pripildymo ma\u0161ina su maisto kokyb\u0117s med\u017eiag\u0173, plieno vielos \u017earna, ir anti-drip pildymo antgal\u012f.\" \/><\/div><div class=\"section-mobile-img\"><img decoding=\"async\" src=\"\/vevor\/product\/WSDBGYGZJWXX420VC\/filling-machine-a100-2.4-m.jpg\" alt=\"higienos VEVOR skys\u010dio pripildymo ma\u0161ina su maisto kokyb\u0117s med\u017eiag\u0173, plieno vielos \u017earna, ir anti-drip pildymo antgal\u012f.\" \/><\/div><div class=\"section-desc\">Kiekviena dalis skys\u010dio butel\u012f u\u017epildas, kuris palie\u010dia savo skystis yra pagamintas i\u0161 maistin\u0117s med\u017eiagos, u\u017etikrinan\u010dios ilgalaik\u012f higienos ir produkt\u0173 saugumo. Valymas yra v\u0117jas i\u0161or\u0117s plieno vielos \u017earna, ir m\u016bs\u0173 anti-drip antgalis, u\u017etikrina ne purvinas i\u0161siliejimo, suteikia jums ramyb\u0119. <\/div><\/div><div class=\"section\"><div class=\"section-title\"><\/div><div class=\"section-img\"><img decoding=\"async\" src=\"\/vevor\/product\/WSDBGYGZJWXX420VC\/filling-machine-a100-2.5.jpg\" alt=\"paprastas montavimas veiksmus, VEVOR skys\u010dio pripildymo ma\u0161ina, \u012fskaitant d\u0117kl\u0105, vamzdeliai ir maitinimo laido jungtis.\" \/><\/div><div class=\"section-mobile-img\"><img decoding=\"async\" src=\"\/vevor\/product\/WSDBGYGZJWXX420VC\/filling-machine-a100-2.5-m.jpg\" alt=\"paprastas montavimas veiksmus, VEVOR skys\u010dio pripildymo ma\u0161ina, \u012fskaitant d\u0117kl\u0105, vamzdeliai ir maitinimo laido jungtis.\" \/><\/div><div class=\"section-desc\">Setting up and using this automatic bottle filler is a piece of cake. In just 3 minutes, you'll be up and running. Follow the simple instructions, or scan the QR code for a helpful video guide.<\/div><\/div><div class=\"section\"><div class=\"section-img\"><img decoding=\"async\" src=\"\/vevor\/product\/WSDBGYGZJWXX420VC\/filling-machine-a100-1.11.jpg\" alt=\"VEVOR skys\u010dio pripildymo ma\u0161ina, syc-5-x-v1, automatin\u0117, 0.11-11 svar\u0173, 12.4&#034;x10.2&#034;x6.9&#034;, 18.7 svar\u0173.\" \/><\/div><div class=\"section-mobile-img\"><img decoding=\"async\" src=\"\/vevor\/product\/WSDBGYGZJWXX420VC\/filling-machine-a100-1.11-m.jpg\" alt=\"VEVOR skys\u010dio pripildymo ma\u0161ina, syc-5-x-v1, automatin\u0117, 0.11-11 svar\u0173, 12.4&#034;x10.2&#034;x6.9&#034;, 18.7 svar\u0173.\" \/><\/div><\/div><\/div><\/body><\/html><\/div>\n<div class=\"DM_at-title\" id=\"js-DM_at-title\"> <div>Produkto specifikacija<\/div> <i class=\"icon-arrowup_line\"><\/i> <\/div><div class=\"DM_at-goodsDescAttr\" id=\"js-DM_at-goodsDescAttr\"> <div class=\"DM_at-goodsDescAttrInner\"> <dl class=\"goodsDesc_item goodsDesc_item_even\"> <dt>Prek\u0117s Modelio Numeris<\/dt> <dd> SYC-5-X-V2<\/dd> <\/dl> <dl class=\"goodsDesc_item\"> <dt>Sv\u0117rimo Diapazono<\/dt> <dd> 0.11-11 svar\u0173\/50-5000 g<\/dd> <\/dl> <dl class=\"goodsDesc_item goodsDesc_item_even\"> <dt>Gaminio Dydis<\/dt> <dd> 12.4&#034; x 10,2&#034; x 6.9&#034;\/315 x 260 x 175 mm<\/dd> <\/dl> <dl class=\"goodsDesc_item\"> <dt>Med\u017eiaga<\/dt> <dd> Q235B \u0160altojo Valcavimo Plok\u0161t\u0117s<\/dd> <\/dl> <dl class=\"goodsDesc_item goodsDesc_item_even\"> <dt>Kontrol\u0117s<\/dt> <dd> Automatin\u0117<\/dd> <\/dl> <dl class=\"goodsDesc_item\"> <dt>Produkto Svoris<\/dt> <dd> 18.7 svar\u0173\/8.5 kg<\/dd> <\/dl> <\/div> <\/div>","protected":false},"excerpt":{"rendered":"<ul>\n<li> Didelio Srauto Pavar\u0173 Siurblys: M\u016bs\u0173 u\u017epildas ma\u0161ina skatina tvirt\u0105 120W pavar\u0173 siurblys su max siurbimo i\u0161 39.4&#034;\/1 m ir max debitas 67.6 fl. oz\/min (2L\/min). Tai raumen\u0173, jums reikia u\u017epildyti storio skys\u010diai, pvz., medus, sezamo pasta, ir \u017eem\u0117s rie\u0161ut\u0173 sviestas. \u012esivaizduokite, pildymo 360 buteliai 500 g kiekvienas tik apie valand\u0105. Pastaba: Storesnis skys\u010di\u0173 srauto, tad l\u0117\u010diau. <\/li>\n<li> Protingas ir Tiksliai nustatyti: M\u016bs\u0173 skys\u010dio pripildymo ma\u0161ina funkcijos: skaitmeninis valdymas. Ne daugiau sud\u0117ting\u0173 meniu arba parametrus! Tiesiog \u012fveskite savo norim\u0105 kiek\u012f, ir jis pasir\u016bpins. Ji prasideda automati\u0161kai, kai j\u016bs\u0173 butelis. Ji atima taros svoris ir sustoja pildymo, kai ji hitai savo nustatytas kiekis. <\/li>\n<li> Food-Grade Material: Unlike regular silicone and industrial plastics, our bottle filling machine uses food-grade materials throughout. These materials provide high durability and corrosion resistance, ensuring the security and purity of the liquid. Filling is made safe and simple! Note: The product includes 2 nozzles in total, one plastic and one silicone.  <\/li>\n<li> Lengvas Valymas: M\u016bs\u0173 mechanin\u0117 butelis filler &#039; s \u012fleidimo ir i\u0161leidimo \u017earnos yra lengvai prieinama, supaprastinti i\u0161ardymas ir valymas. \u012e Q235B korpusas ne tik atspari korozijai, bet ir servet\u0117l\u0117s \u0161varus, be joki\u0173 pastang\u0173. Prie\u017ei\u016bra yra nesud\u0117tinga, u\u017etikrinti savo ma\u0161ina lieka spick ir patikros. <\/li>\n<li> Reguliuojamas Stovas: M\u016bs\u0173 skys\u010dio butel\u012f u\u017epildas ateina su reguliuojamo auk\u0161\u010dio stovu, maitinimo, \u012fvairios talpyklos pripildymo poreikius. Ji supaprastina bako tiesinimas, apsaugo nuo skys\u010di\u0173 i\u0161siliejimo per pripildymo, palaiko \u0161vari\u0105 erdv\u0119, ir didina darbo efektyvum\u0105. <\/li>\n<\/ul>","protected":false},"featured_media":285311,"comment_status":"closed","ping_status":"open","template":"","meta":{"om_disable_all_campaigns":false,"_monsterinsights_skip_tracking":false,"_monsterinsights_sitenote_active":false,"_monsterinsights_sitenote_note":"","_monsterinsights_sitenote_category":0,"_uf_show_specific_survey":0,"_uf_disable_surveys":false},"location":[1935,1934],"product_brand":[21],"product_cat":[2780,2781,2403,2779,2782],"product_tag":[],"class_list":{"0":"post-27701","1":"product","2":"type-product","3":"status-publish","4":"has-post-thumbnail","6":"location-supplier_stock_location","7":"location-local_stock_location","8":"product_brand-vevor","9":"product_cat-food-storage","10":"product_cat-food-storage-containers","11":"product_cat-kitchen","12":"product_cat-kitchen-storage-organization","13":"product_cat-paste-liquid-filling-machine","15":"first","16":"instock","17":"taxable","18":"shipping-taxable","19":"purchasable","20":"product-type-simple"},"aioseo_notices":[],"jetpack_sharing_enabled":true,"locations":[{"id":1935,"name":"Pieg\u0101d\u0101t\u0101ja noliktav\u0101 (5-7d.d.)","slug":"supplier_stock_location","quantity":"881"},{"id":1934,"name":"R\u012bgas veikal\u0101 (0-2d.d.)","slug":"local_stock_location","quantity":"0"}],"_links":{"self":[{"href":"https:\/\/vevorshop.lv\/lt\/wp-json\/wp\/v2\/product\/27701","targetHints":{"allow":["GET"]}}],"collection":[{"href":"https:\/\/vevorshop.lv\/lt\/wp-json\/wp\/v2\/product"}],"about":[{"href":"https:\/\/vevorshop.lv\/lt\/wp-json\/wp\/v2\/types\/product"}],"replies":[{"embeddable":true,"href":"https:\/\/vevorshop.lv\/lt\/wp-json\/wp\/v2\/comments?post=27701"}],"wp:featuredmedia":[{"embeddable":true,"href":"https:\/\/vevorshop.lv\/lt\/wp-json\/wp\/v2\/media\/285311"}],"wp:attachment":[{"href":"https:\/\/vevorshop.lv\/lt\/wp-json\/wp\/v2\/media?parent=27701"}],"wp:term":[{"taxonomy":"location","embeddable":true,"href":"https:\/\/vevorshop.lv\/lt\/wp-json\/wp\/v2\/location?post=27701"},{"taxonomy":"product_brand","embeddable":true,"href":"https:\/\/vevorshop.lv\/lt\/wp-json\/wp\/v2\/product_brand?post=27701"},{"taxonomy":"product_cat","embeddable":true,"href":"https:\/\/vevorshop.lv\/lt\/wp-json\/wp\/v2\/product_cat?post=27701"},{"taxonomy":"product_tag","embeddable":true,"href":"https:\/\/vevorshop.lv\/lt\/wp-json\/wp\/v2\/product_tag?post=27701"}],"curies":[{"name":"wp","href":"https:\/\/api.w.org\/{rel}","templated":true}]}}