{"id":28359,"date":"2024-11-18T18:38:24","date_gmt":"2024-11-18T18:38:24","guid":{"rendered":"http:\/\/vevorshop.edigo.lv\/Prece\/vevor-pallet-fork-extensions-72-length-4-5-width-heavy-duty-carbon-steel-fork-extensions-for-forklifts-1-pair-forklift-extensions-industrial-forklift-fork-attachments-for-forklift-truck-yello\/"},"modified":"2026-04-20T16:52:14","modified_gmt":"2026-04-20T13:52:14","slug":"vevor-pallet-fork-extensions-72-length-4-5-width-heavy-duty-carbon-steel-fork-extensions-for-forklifts-1-pair-forklift-extensions-industrial-forklift-fork-attachments-for-forklift-truck-yello","status":"publish","type":"product","link":"https:\/\/vevorshop.lv\/lt\/Prece\/vevor-padeklu-sakes-ilgintuvai-72-ilgis-4-5-plotis-sunkiuju-anglinio-plieno-sakes-pletiniai-sakiniams-krautuvams-1-pora-sakiniu-krautuvu-pletiniai-pramoniniai-sakinio-krautuvo-sakes-priedai-sakiniam-k\/","title":{"rendered":"VEVOR 1820 mm sunkaus plieno pad\u0117kl\u0173 \u0161aki\u0173 prailginimai krautuvams, 115 mm plo\u010dio, 1 pora, geltoni, 1.8 t talpa"},"content":{"rendered":"<div style=\"color: #fff!important; font-size: 16px; height: 24px; line-height: 24px; margin-top: -24px; \" class=\"product_original_name\">VEVOR pad\u0117kl\u0173 \u0161ak\u0117s ilgintuvai, 1820 mm ilgis 115 mm plotis, didelio galingumo anglinio plieno \u0161ak\u0117s ilgintuvai \u0161akiniams krautuvams, 1 poros \u0161akini\u0173 krautuv\u0173 ilgintuvai, pramoniniai \u0161akini\u0173 krautuv\u0173 \u0161akiniai priedai \u0161akiniams krautuvams, geltoni<\/div>\n<div style=\"color: #fff!important; font-size: 16px; height: 24px; line-height: 24px; margin-top: -24px; \" class=\"product_sku\">M4I4KY3V<\/div>\n<div style=\"color: #fff!important; font-size: 16px; height: 24px; line-height: 24px; margin-top: -24px; \" class=\"product_mpn\">JZHCTYTS72INW4087V0<\/div><div id=\"js-DM_at-goodDescRich\"><html><head><style>  body {    font-family: Arial;    line-height: 1.5;    color: #1c1c1c;    overflow-x: hidden;    margin: 0;    padding: 0;  }  .MsoNormal b {    font-weight: bolder;  }<\/style><style>  .container.small {    width: 970px;    margin: 0 auto;  }  .logo {    margin: 0 auto 0;  }  .logo img {    display: block;    margin: 0 auto;    max-width: 100%;  }  .logo .pc-banner {    display: block;    width: 1200px;    height: 247.4px;    margin: 0 auto;  }  .logo .pc-banner.small {    width: 970px;  }  .logo .pc-banner.small img {    height: auto!important;  }  .logo .m-banner {    display: none;  }  .ytvideo {    position: relative;    height: 546px;    width: 100%;    margin: 0 auto;  }  .ytvideo img {    width: 100%;    margin: 0 auto;  }  .ytvideo .play-btn {    width: 60px;    height: 42px;    position: absolute;    top: 50%;    left: 50%;    transform: translate(-50%, -50%);    background: url(\"data:image\/png;base64,iVBORw0KGgoAAAANSUhEUgAAAGQAAABGCAMAAAANWMFbAAAC+lBMVEUAAADBGB3kLCfBGB3kLCfcJC7BFx3KKSbiKybkLCbWJCPSIiLSIiLPICHAFx3kLCfgKSXNHiDZJiTIGx\/p4eHcjo7LHSDbJyTkLCbjKyfOHyHPIiL28fHJHB\/GGh7EGR7eKCXDGB3RISHlLSbBGB3AFxzGHB7DGB7BGB3hKybkKybAFx3lLCfAFxzDGR3hKibDGB7cJyTmz8\/elJTlwcHjurrUIyLlLSflLSfAFx3DGR7lLSfCFx3hKibhKibhKybjKybkLCblLSfbJSX49vbx7e3NNzjNMTLMJyjVIyLZf3\/ZQ0LaeHjx0tLgoqLkLCfCGB3HGx\/BGB3BFx3PICHCGB7WJCLOHyC\/Fxy\/Fx3lLCfQISHkLSe\/FxzbJiTBFx3FGx\/AGB7BFx3EGR7AGB3HHSDfKiXAFh3TISHYNzbhKibbJyTTIiL57e325+f039\/v2NjUV1fOHiHiqanfmprch4feKSXVIyPOICHmLibFGh\/mLSe\/Fx7XJCPeKSXXJSPNHyHaJyTGGh7lLCbmLCflLSjSIiLkLCbdKSXLHiC\/GB3KHh++Fh3lKyfoLiXcKCPkx8fYb2\/XaGfVXl3aU1LLHiDksbHgKibPICHbJyTfKSXbJyTCGB3KHSDiKybFGh7TIiL\/\/\/\/VIyPRISHIHB\/GGx\/HHB\/DGR7gKibdKCXLHiDZJiTMHiDNHyHYJSTOICHPICHWJCPcKCXXJSPjLCblLCf+\/f3NGR\/uLijzLynPGR\/IGB7WISHaIyLLGh7UAADxLynNAADRLzDbICLQAADIAAD3MCrUHSHXMTDpKSbLAADp5OTij4\/ejo\/VLy\/1LyngJSTcJCPQHx\/OHB7+\/PzaMS\/OLS\/vLijrLSjSAADaNTPwLyjkKSbNJCbYISHPHB\/KGB7WAAD7+vrn3d3aKynTKCjoLCfsKifRGh\/YAADq5+fhjo7QNDXXKCfmJyXt5+fTLzDLLi\/QKivYHRvMGBrQJCXLISPMExXLDxLaEAvkkI\/bOTfaFQ\/SCgpvLcnHAAAAmnRSTlMA+vv7+gT9Bvf9+8z8\/NSv\/Pr5+P7++vnQIBMP\/v38\/Pn348XDiCYf9OjbzcqxXVcx\/fz8+\/rj1r2poo1+fXFqX0orGP7+\/v7+\/fz8+\/r68uzn4trIxsG\/vri3p6GcmZSNbWVYUUZEPQv+\/f39+\/v7+\/v7+vr64tvV1NTTz87FtbSurqeblJKFg4B3bUY+NjL7+\/v7+\/v67t1cDo8JLQAABkRJREFUWMO0kz9rwkAYh0OIeJkum6YugUAhISCdKoj\/P4C7SMdS+gEKIhSKil10LSg4mzXkILdlEpxCpwTiWOLX6BujvQaEQuGeHLnL+\/64J+SIcKGYTYWnntpdLjrVdqvZmNdn0+EE40GtpuuWVS6Xx6N7YDSGpWXpeq02wHgynM7q80az1a52HpddtVcpsi1zFARBrdaxbhp9iUReTGmwA4KAAr7vx3EYejnCMI6hQYEgy0LQi4jUN0wL19vqFcUC9\/1dAKmEEFkWRYkh5oBejnxQJiSJPJ\/uKBp0Thszx9Mw8hMRIQjKsptCfuES9zr5WJY6vSFCIvE9fCMUmEM1A1kSXcYGxgVYsvI1IPKTZciSTI0us\/SMGG04gDzELDoFBwdcFJrF88dqgYMTiL6DILWYyfOWE8\/kIz38olCNlC03FK95+imxp6y4oUSvAnBjHHhKNtotSDqJzVFiK8c2SBqhZtsrTtgrLXwAyduxZHNE26eHUt5rtuM4WSmds3G+sUdWYo1L+XyxButoh5eKUHk5lByO3G1LqqCWVnfrv\/lyPtf\/4ps1cndNGIri8J1TJ0lx6dR\/oPjq1nbRwdp2dCk4CtIOLW3pVKRL6WZfS5vF2KkIQhpwSsjiYIgNCs1gEMGqiIq24NQX9NwoXFy8Ufrl3twTcg4fv8T9\/JBEySduj6Mjm4bMzYV7EEOxKjjoNDud7yY3Dy71Hq2oLmqfbNR723edH9PgMrNL2utoQ3VmaIDkiw\/4w51P06hlZsTZvkRrbVuSIs\/zwSOsycgzStQouoAkWQqioRT5XI7n2Z1wfVhoZmcAJLsoqjqpjbWCgpOAJXBwHK8PzWbNvoUZJND5wCnSkLAkZ1legx6vqQzjoiTahKlGUGLAiIIoABOHaNVw4sexZBym6\/HWlH5h3IC7yRbxtipcWxdTOkORKiNQAEkFf66x5S2oeRbroOlLgg0sSYkR0hRGEqJZ0jTPiQKatESdBckpWigxaapEH0lImHdWu9pUFF2XqMNM2Z4kped7IwEJw2qabwtrQqnpw6HyKkgcadKWsmpywwesDyIhYRpdzXddqegtGIJlXbAIUMOLkGxJUjRIkokwjUaX9d\/kK62ps\/tYUqZLIMkLTyBhsMZ3C5Z\/kDxOSCb\/DOs\/\/J0qcWSX\/2ipe56EgTCA4\/cB7NAYOsni4mZM1MUPAISoEwkDi4lhVBQ1cWQyIcwalw4EpqZN68JUSK7XC0kTlkLYii5uXSC8jT5ncCAS7mjCv0uHp\/3lueHEEAeQ\/\/VgmdN71\/2uCSA1Xr6DO6uI6sW56zqT2tp2PhgiRUAajV8CY2fkcz6WGNKMgLAt7tJAhD4YHMTeRxlALE6+43WqjSWi8ITxyJl8WrwWSNESQZZOqhDDntO3hJLsd5RtSpbJqdv3YrDJH3F7jL1R2O2aQkn2MyCyKYz0GPGIvSAMgBCrCEiJyKbBaYGwLW4uPRr0A0M4Ux5kUI7IBh+hMdiCEWNqhMZGyYMsOgNE58UQuEQeUnSWCMYwL54hkxK6IoqucQZbQ3pc3XtL0lky1dL0zZJJDpWJovFqpWj6JEHnyam2eQp5QRVAVHjWparTOaVwUOx99YS2MvgxIGV0bb+qIg2HX2qkFFJB+XZcbLiuRkuxD9GRroKyveLxdh4d7Orx+hb7qc3uVRuEogCOnyIxm4ubUoPgF4jianDrC+SDQDKEfJb0GUKmjCGPYHGJvVC6X4hw1\/sAfQAdfYyephIaspXe36RwOP+Ljvfx9B6B3i+Nk0DGq+oCbLn6JpBa9nWAveAIHwFAwtVcIJXPMPL8kRu5OAYPMaL1WScTxjiZDqB9LTJSWphow\/pTYKRTLjCBhvi9iBidvKcDasGSm0QQkycYuLBqj6QCELPctqChDWpTRMWkngNNpQ1Pfp1KkiT\/Y0DGffXAweUNfLAfaJFKDwhb6I+bkYRbkERoEeu3Fyjg2opMz2daZCS9jt6Q7txNfB+OZEVF6Zl5web2xunnLQrtrjXseXKaFYziYINeMFZVxS9VxRhOoesYwxPKXm+gWLG9cuFeq93UNNeJNsf1KlwuDok9n02n3TgIJpOxNfL9naIoQwXtfH9kjceTIIi709ncTg6LZbg+biLH1V6u\/7rxBem06VXKn9raAAAAAElFTkSuQmCC\")      no-repeat center center \/ contain;  }  @media screen and (max-width: 960px) and (orientation: portrait) {    .logo {      width: 100%;    }    .logo .pc-banner {      display: none;    }    .logo .m-banner {      display: block;      width: 100%;    }    .logo .m-banner img {      height: auto!important;    }    .ytvideo {      height: 200px;      width: 100%;    }  }<\/style><style>  .video-section {    width: 100%;    margin: 0 auto;  }  .video-section > img {    width: 100%;  }  .video-section iframe,  .video-section video {    width: 100%;    height: 100%;      }  .video-section-img-m,  .video-section-img-pc > img {    width: 100%;    height: auto;  }  .video-section-img-pc.small > img {    width: 970px;  }  .video-desc {    line-height: 1.5;    font-size: 20px;    font-weight: 400;    margin: 20px 0;    text-align: center;    color: #0f1111;    word-break: break-word;  }  @media screen and (max-width: 960px) and (orientation: portrait) {    .video-section {      width: 100%;    }    .video-section-pc,    .video-section-img-pc {      display: none;    }    .video-section-m,    .video-section-img-m {      display: block;    }    .video-desc {      font-size: 15px;    }  }  @media screen and (min-width: 960px) {    .video-section {      width: 100%;      margin: 0 auto;    }    .video-section-pc,    .video-section-img-pc {      display: block;    }    .video-section-m,    .video-section-img-m {      display: none;    }    .video-desc {      font-size: 20px;    }  }<\/style><style>  .section + .section {    margin-top: 35px;  }  .section-title {    text-align: center;    font-weight: bold;    color: #0d1111;    font-family: \"Arial\";    font-size: 32px;    margin: 15px 0;  }  .section-title:empty {    display: none;  }  .section-desc {    text-align: center;    font-weight: normal;    color: #0d1111;    margin-top: 20px;  }  .section-desc:empty {    display: none;  }  .section-img {    width: 1200px;    height: 492px;    margin: 0 auto;    display: block;  }  .section-img.small {    width: 970px;    height: auto;  }  .section-img.small > img {    height: auto;  }  .section-img > img {    width: 100%;    height: 100%;  }  .section-mobile-img {    display: none;    max-width: 100vw;    max-height: 75vw;    height: 450px;    margin: 0 auto;  }  .section-mobile-img > img {    width: 100%;    height: 100%;  }  @media screen and (max-width: 960px) and (orientation: portrait) {    .container {      width: 100%;    }    .container.small {      width: 100%;    }    .section-mobile-img {      display: block;    }    .section-img {      display: none;    }    .section-title {      font-size: 22px;      margin: 10px 0;    }    .section-desc {      margin-top: 10px;    }    .section + .section {      margin-top: 20px;    }  }<\/style><\/head><body><div class=\"container\"><div class=\"logo\"><div class=\"pc-banner\"><div><img decoding=\"async\" src=\"\/vevor\/vevor\/boutique-banner\/pc\/en-pc@1x.jpg\" style=\"width: 100%;\" \/><\/div><\/div><div class=\"m-banner\"><div><img decoding=\"async\" src=\"\/vevor\/vevor\/boutique-banner\/mobile\/en-m@1x.jpg\" style=\"width: 100%;\" \/><\/div><\/div><\/div><div class=\"section-title\">VEVOR Pad\u0117kl\u0173 \u0160ak\u0117s Pl\u0117tiniai<\/div><div class=\"video-section\"><div class=\"video-section-img-pc\"><img decoding=\"async\" src=\"\/vevor\/product\/JZHCTYTS72INW4087\/fork-extensions-a100-1.4.jpg\" alt=\"VEVOR pad\u0117kl\u0173 \u0161ak\u0117s, pl\u0117tiniai, 4000 lb apkrovos paj\u0117gumus, didinant keltuvo sand\u0117lio darb\u0105.\" \/><\/div><div class=\"video-section-img-m\"><img decoding=\"async\" src=\"\/vevor\/product\/JZHCTYTS72INW4087\/fork-extensions-a100-1.4-m.jpg\" alt=\"VEVOR pad\u0117kl\u0173 \u0161ak\u0117s, pl\u0117tiniai, 4000 lb apkrovos paj\u0117gumus, didinant keltuvo sand\u0117lio darb\u0105.\" \/><\/div><div class=\"section-desc\">\u0160iems \u0161akini\u0173 krautuv\u0173 priauginimui suteik\u0117me aptaki\u0105 miltelin\u0119 dang\u0105 ne tik d\u0117l i\u0161vaizdos, bet ir tam, kad jie b\u016bt\u0173 atspar\u016bs vandeniui ir r\u016bdims. Jie sukurti taip, kad tarnaut\u0173 ir puikiai tikt\u0173 visiems, kuriems reikia, kad j\u0173 krautuvas nuva\u017eiuot\u0173 papildom\u0105 myli\u0105.<\/div><\/div><div class=\"section\"><div class=\"section-title\"><\/div><div class=\"section-img\"><img decoding=\"async\" src=\"\/vevor\/product\/JZHCTYTS72INW4087\/fork-extensions-a100-2.2.jpg\" alt=\"\u0161akinis krautuvas su VEVOR pad\u0117kl\u0173 \u0161ak\u0117s pl\u0117tiniai k\u0117limo d\u0117\u017e\u0117s, atskleis visus-plieno konstrukcij\u0173 ir milteli\u0173 danga.\" \/><\/div><div class=\"section-mobile-img\"><img decoding=\"async\" src=\"\/vevor\/product\/JZHCTYTS72INW4087\/fork-extensions-a100-2.2-m.jpg\" alt=\"\u0161akinis krautuvas su VEVOR pad\u0117kl\u0173 \u0161ak\u0117s pl\u0117tiniai k\u0117limo d\u0117\u017e\u0117s, atskleis visus-plieno konstrukcij\u0173 ir milteli\u0173 danga.\" \/><\/div><div class=\"section-desc\">\u0160ie \u0161akinio krautuvo \u0161ak\u0117s ilgintuvai yra pagaminti i\u0161 pramoninio stiprumo anglinio plieno. Jie yra pagaminti kaip bakas, paruo\u0161ti atlikti sunkius darbus, nesulau\u017eant prakaito.vientisa konstrukcija u\u017etikrina, kad jie i\u0161liks tvirti ir stabil\u016bs, \u010dia n\u0117ra lenkimo ar deformacijos!<\/div><\/div><div class=\"section\"><div class=\"section-title\"><\/div><div class=\"section-img\"><img decoding=\"async\" src=\"\/vevor\/product\/JZHCTYTS72INW4087\/fork-extensions-a100-2.3.jpg\" alt=\"VEVOR pad\u0117kl\u0173 \u0161ak\u0117s pl\u0117tiniai funkcija 12mm sustiprinti galvos, padidintas tvirtumas, ir saugus u\u017eraktas dizainas.\" \/><\/div><div class=\"section-mobile-img\"><img decoding=\"async\" src=\"\/vevor\/product\/JZHCTYTS72INW4087\/fork-extensions-a100-2.3-m.jpg\" alt=\"VEVOR pad\u0117kl\u0173 \u0161ak\u0117s pl\u0117tiniai funkcija 12mm sustiprinti galvos, padidintas tvirtumas, ir saugus u\u017eraktas dizainas.\" \/><\/div><div class=\"section-desc\">M\u016bs\u0173 \u0161akut\u0117s pl\u0117tiniai funkcija &#034; smart galvos fiksavimo dizainas, tod\u0117l j\u016bs galite dirbti u\u017etikrintai be nerimaudamas d\u0117l slydimo. Suaktyv\u0117jus galvos dydis rei\u0161kia, kad jie gali dirbti ilgas, be prarasti savo form\u0105. Patikimi \u012frankiai, sklandaus ir saugaus va\u017eiavimo.<\/div><\/div><div class=\"section\"><div class=\"section-title\"><\/div><div class=\"section-img\"><img decoding=\"async\" src=\"\/vevor\/product\/JZHCTYTS72INW4087\/fork-extensions-a100-2.4.jpg\" alt=\"\u0161akiniai krautuvai su VEVOR pad\u0117kl\u0173 \u0161ak\u0117s pl\u0117tinius \u012f sand\u0117l\u012f, statybviet\u0119, prekybos centras, ir \u016bkis.\" \/><\/div><div class=\"section-mobile-img\"><img decoding=\"async\" src=\"\/vevor\/product\/JZHCTYTS72INW4087\/fork-extensions-a100-2.4-m.jpg\" alt=\"\u0161akiniai krautuvai su VEVOR pad\u0117kl\u0173 \u0161ak\u0117s pl\u0117tinius \u012f sand\u0117l\u012f, statybviet\u0119, prekybos centras, ir \u016bkis.\" \/><\/div><div class=\"section-desc\">M\u016bs\u0173 \u0161akini\u0173 krautuv\u0173 pad\u0117kl\u0173 \u0161ak\u0117s pl\u0117tiniai yra sukurti taip, kad b\u016bt\u0173 patog\u016bs vartotojui. Nereikia \u012franki\u0173 d\u0117\u017e\u0117s ar in\u017einerijos laipsnio! juos \u012fdiegsite vos per minut\u0119, nesvarbu, ar esate profesionalas, ar pradedantysis.<\/div><\/div><div class=\"section\"><div class=\"section-title\"><\/div><div class=\"section-img\"><img decoding=\"async\" src=\"\/vevor\/product\/JZHCTYTS72INW4087\/fork-extensions-a100-2.5.jpg\" alt=\"\u0161akinis krautuvas su VEVOR pad\u0117kl\u0173 \u0161ak\u0117s pl\u0117tiniai, \u012fdiegti, atskleis lengva diegimo veiksmus.\" \/><\/div><div class=\"section-mobile-img\"><img decoding=\"async\" src=\"\/vevor\/product\/JZHCTYTS72INW4087\/fork-extensions-a100-2.5-m.jpg\" alt=\"\u0161akinis krautuvas su VEVOR pad\u0117kl\u0173 \u0161ak\u0117s pl\u0117tiniai, \u012fdiegti, atskleis lengva diegimo veiksmus.\" \/><\/div><div class=\"section-desc\">Nuo \u0161urmuliuojan\u010di\u0173 sand\u0117li\u0173 iki sud\u0117ting\u0173 statybvie\u010di\u0173 - m\u016bs\u0173 \u0161akini\u0173 krautuv\u0173 ilgintuvai yra tikrieji universal\u016bs. Jie yra kaip j\u016bs\u0173 patikimas pagalbininkas, visada pasireng\u0119s u\u017etikrinti auk\u0161\u010diausios klas\u0117s na\u0161um\u0105, kad ir kur juos pasiimtum\u0117te.<\/div><\/div><div class=\"section\"><div class=\"section-img\"><img decoding=\"async\" src=\"\/vevor\/product\/JZHCTYTS72INW4087\/fork-extensions-a100-1.11.jpg\" alt=\"VEVOR pad\u0117kl\u0173 \u0161ak\u0117s, pl\u0117tiniai, 71.65, ir q235 anglies plieno, keliamoji galia 4000 kg, suderinama su 4.2 \u0161ak\u0117s.\" \/><\/div><div class=\"section-mobile-img\"><img decoding=\"async\" src=\"\/vevor\/product\/JZHCTYTS72INW4087\/fork-extensions-a100-1.11-m.jpg\" alt=\"VEVOR pad\u0117kl\u0173 \u0161ak\u0117s, pl\u0117tiniai, 71.65, ir q235 anglies plieno, keliamoji galia 4000 kg, suderinama su 4.2 \u0161ak\u0117s.\" \/><\/div><\/div><\/div><\/body><\/html><\/div>\n<div class=\"DM_at-title\" id=\"js-DM_at-title\"> <div>Produkto specifikacija<\/div> <i class=\"icon-arrowup_line\"><\/i> <\/div><div class=\"DM_at-goodsDescAttr\" id=\"js-DM_at-goodsDescAttr\"> <div class=\"DM_at-goodsDescAttrInner\"> <dl class=\"goodsDesc_item goodsDesc_item_even\"> <dt>Prek\u0117s Modelio Numeris<\/dt> <dd> HX-2<\/dd> <\/dl> <dl class=\"goodsDesc_item\"> <dt>Med\u017eiaga<\/dt> <dd> Q235 Anglies Plieno<\/dd> <\/dl> <dl class=\"goodsDesc_item goodsDesc_item_even\"> <dt>Kiekis<\/dt> <dd> 1 Pora<\/dd> <\/dl> <dl class=\"goodsDesc_item\"> <dt>Bendras Ilgis<\/dt> <dd> 71.65 \u012f\/1820 mm<\/dd> <\/dl> <dl class=\"goodsDesc_item goodsDesc_item_even\"> <dt>I\u0161orinis Plotis<\/dt> <dd> 4.92 \u012f\/125 mm<\/dd> <\/dl> <dl class=\"goodsDesc_item\"> <dt>I\u0161orinis Auk\u0161tis<\/dt> <dd> 1.97 \u012f\/50 mm<\/dd> <\/dl> <dl class=\"goodsDesc_item goodsDesc_item_even\"> <dt>Vidinis Plotis<\/dt> <dd> 4.53 \u012f\/115 mm<\/dd> <\/dl> <dl class=\"goodsDesc_item\"> <dt>Keliamoji Galia<\/dt> <dd> 4000 svar\u0173\/1.815 ton\u0173<\/dd> <\/dl> <dl class=\"goodsDesc_item goodsDesc_item_even\"> <dt>Suderinama \u0160ak\u0117s<\/dt> <dd> 4.2\/106 mm \u0160akut\u0117s<\/dd> <\/dl> <dl class=\"goodsDesc_item\"> <dt>Produkto Svoris<\/dt> <dd> 56.88 svar\u0173\/25.8 kg<\/dd> <\/dl> <\/div> <\/div>","protected":false},"excerpt":{"rendered":"<ul>\n<li> Rokas-vientiso Plieno Statyti: M\u016bs\u0173 pad\u0117kl\u0173 \u0161ak\u0117s pl\u0117tiniai yra pagaminti i\u0161 auk\u0161\u010diausios kokyb\u0117s Q235 anglies plieno, giriasi \u012fsp\u016bdingas keliamoji galia-iki 4000 svar\u0173\/1.815 ton\u0173. Ne lenkimo ar tr\u016bkimo esant didel\u0117ms apkrovoms, u\u017etikrinant ilgalaik\u012f na\u0161um\u0105. Puikiai tinka sprend\u017eiant sunkius u\u017edavinius! <\/li>\n<li> Bauda Meistri\u0161kumo: \u0160i\u0173 keltuvo pl\u0117tiniai funkcija vientisas, vientisas suvirinimo u\u017e geresn\u012f strukt\u016brin\u012f stabilum\u0105 ir ilgaam\u017ei\u0161kum\u0105. Plius, jie aptraukti su aptakus milteliai baigti kovoti ne r\u016bd\u017ei\u0173. Darbas bet kokioje aplinkoje, be nerimauti, net dr\u0117gnose ar korozij\u0105 darbo viet\u0173. <\/li>\n<li> Universalus Dydis: universaliosios matmenys 71.65&#034;\/1820 mm bendras ilgis, 4.92&#034;\/125 mm i\u0161orinis plotis, 1.97&#034;\/50 mm i\u0161orinis auk\u0161tis, ir 4.53&#034;\/115 mm vidinis plotis, \u0161i\u0173 keltuvo \u0161akut\u0117s pl\u0117tiniai stora, tinka 4.2&#034; \u012fstri\u017eain\u0117s \u0161ak\u0117s. Tai, kaip jie yra skirti vienas kitam! <\/li>\n<li> Lengvas Nustatymas: Sukurta priemon\u0117-nemokamai, montavimas, m\u016bs\u0173 \u0161akut\u0117s pl\u0117tiniai gali b\u016bti lengvai montuojamas ant \u0161akut\u0117s. Atsi\u017evelgiant \u012f greitas darbo aplinka, jie yra skirti u\u017etikrinti greitas ir patogus diegimo proces\u0105. J\u016bs turite juos ant j\u016bs\u0173 \u0161akut\u0117s pagal minut\u0119. Gr\u012f\u017eti \u012f darb\u0105 grei\u010diau ir lengviau! <\/li>\n<li> Universalus Bet kokio Darbo: nesvarbu, Ar esate i\u0161 sand\u0117lio, ne statyb\u0173 aik\u0161tel\u0117je, ar \u016bkyje, m\u016bs\u0173 krautuvas pad\u0117kl\u0173 \u0161ak\u0117s pl\u0117tiniai turime jums taikoma. Jie tvarko didelius ir sunkius krovinius, su lengvumu, \u012fp\u016btimas j\u016bs\u0173 darbo efektyvumo ir krovos paj\u0117gumus. Dirbti protingiau, o ne sunkiau! <\/li>\n<\/ul>","protected":false},"featured_media":286301,"comment_status":"closed","ping_status":"open","template":"","meta":{"om_disable_all_campaigns":false,"_uf_show_specific_survey":0,"_uf_disable_surveys":false},"location":[1935,1934],"product_brand":[21],"product_cat":[2431,3810,3101,2432],"product_tag":[],"class_list":{"0":"post-28359","1":"product","2":"type-product","3":"status-publish","4":"has-post-thumbnail","6":"location-supplier_stock_location","7":"location-local_stock_location","8":"product_brand-vevor","9":"product_cat-building-materials-2","10":"product_cat-fork-extensions","11":"product_cat-forklifts-attachments","12":"product_cat-material-handling-equipment","14":"first","15":"outofstock","16":"taxable","17":"shipping-taxable","18":"purchasable","19":"product-type-simple"},"aioseo_notices":[],"locations":[{"id":1935,"name":"Pieg\u0101d\u0101t\u0101ja noliktav\u0101 (5-7d.d.)","slug":"supplier_stock_location","quantity":"0"},{"id":1934,"name":"R\u012bgas veikal\u0101 (0-2d.d.)","slug":"local_stock_location","quantity":"0"}],"_links":{"self":[{"href":"https:\/\/vevorshop.lv\/lt\/wp-json\/wp\/v2\/product\/28359","targetHints":{"allow":["GET"]}}],"collection":[{"href":"https:\/\/vevorshop.lv\/lt\/wp-json\/wp\/v2\/product"}],"about":[{"href":"https:\/\/vevorshop.lv\/lt\/wp-json\/wp\/v2\/types\/product"}],"replies":[{"embeddable":true,"href":"https:\/\/vevorshop.lv\/lt\/wp-json\/wp\/v2\/comments?post=28359"}],"wp:featuredmedia":[{"embeddable":true,"href":"https:\/\/vevorshop.lv\/lt\/wp-json\/wp\/v2\/media\/286301"}],"wp:attachment":[{"href":"https:\/\/vevorshop.lv\/lt\/wp-json\/wp\/v2\/media?parent=28359"}],"wp:term":[{"taxonomy":"location","embeddable":true,"href":"https:\/\/vevorshop.lv\/lt\/wp-json\/wp\/v2\/location?post=28359"},{"taxonomy":"product_brand","embeddable":true,"href":"https:\/\/vevorshop.lv\/lt\/wp-json\/wp\/v2\/product_brand?post=28359"},{"taxonomy":"product_cat","embeddable":true,"href":"https:\/\/vevorshop.lv\/lt\/wp-json\/wp\/v2\/product_cat?post=28359"},{"taxonomy":"product_tag","embeddable":true,"href":"https:\/\/vevorshop.lv\/lt\/wp-json\/wp\/v2\/product_tag?post=28359"}],"curies":[{"name":"wp","href":"https:\/\/api.w.org\/{rel}","templated":true}]}}