{"id":30914,"date":"2024-11-18T20:51:28","date_gmt":"2024-11-18T20:51:28","guid":{"rendered":"http:\/\/vevorshop.edigo.lv\/Prece\/vevor-commercial-orange-juicer-machine-120w-automatic-juice-squeezer-extractor-2\/"},"modified":"2026-04-20T16:29:27","modified_gmt":"2026-04-20T13:29:27","slug":"vevor-commercial-orange-juicer-machine-120w-automatic-juice-squeezer-extractor-2","status":"publish","type":"product","link":"https:\/\/vevorshop.lv\/lt\/Prece\/vevor-commercial-orange-juicer-machine-120w-automatic-juice-squeezer-extractor-2\/","title":{"rendered":"VEVOR 120W Commercial Orange Juicer Machine &#8211; Stainless Steel, Auto Feeding, 25 Oranges\/Min, Filter Box, Peel Buckets"},"content":{"rendered":"<div style=\"color: #fff!important; font-size: 16px; height: 24px; line-height: 24px; margin-top: -24px; \" class=\"product_original_name\">VEVOR Commercial Orange Juicer Machine, 120W Automatic Feeding Juice Extractor, Stainless Steel Juice Extractor for 25 Oranges Per Minute, with Pull-Out Filter Box, PC Cover, 2 Peel Collecting Buckets<\/div>\n<div style=\"color: #fff!important; font-size: 16px; height: 24px; line-height: 24px; margin-top: -24px; \" class=\"product_sku\">M4I4L1OH<\/div>\n<div style=\"color: #fff!important; font-size: 16px; height: 24px; line-height: 24px; margin-top: -24px; \" class=\"product_mpn\">TSZDJLCZJQZDD76GIV2<\/div><div id=\"js-DM_at-goodDescRich\"><html><head><style>  body {    font-family: Arial;    line-height: 1.5;    color: #1c1c1c;    overflow-x: hidden;    margin: 0;    padding: 0;  }  .MsoNormal b {    font-weight: bolder;  }<\/style><style>  .container.small {    width: 970px;    margin: 0 auto;  }  .logo {    margin: 0 auto 0;  }  .logo img {    display: block;    margin: 0 auto;    max-width: 100%;  }  .logo .pc-banner {    display: block;    width: 1200px;    height: 247.4px;    margin: 0 auto;  }  .logo .pc-banner.small {    width: 970px;  }  .logo .pc-banner.small img {    height: auto!important;  }  .logo .m-banner {    display: none;  }  .ytvideo {    position: relative;    height: 546px;    width: 100%;    margin: 0 auto;  }  .ytvideo img {    width: 100%;    margin: 0 auto;  }  .ytvideo .play-btn {    width: 60px;    height: 42px;    position: absolute;    top: 50%;    left: 50%;    transform: translate(-50%, -50%);    background: url(\"data:image\/png;base64,iVBORw0KGgoAAAANSUhEUgAAAGQAAABGCAMAAAANWMFbAAAC+lBMVEUAAADBGB3kLCfBGB3kLCfcJC7BFx3KKSbiKybkLCbWJCPSIiLSIiLPICHAFx3kLCfgKSXNHiDZJiTIGx\/p4eHcjo7LHSDbJyTkLCbjKyfOHyHPIiL28fHJHB\/GGh7EGR7eKCXDGB3RISHlLSbBGB3AFxzGHB7DGB7BGB3hKybkKybAFx3lLCfAFxzDGR3hKibDGB7cJyTmz8\/elJTlwcHjurrUIyLlLSflLSfAFx3DGR7lLSfCFx3hKibhKibhKybjKybkLCblLSfbJSX49vbx7e3NNzjNMTLMJyjVIyLZf3\/ZQ0LaeHjx0tLgoqLkLCfCGB3HGx\/BGB3BFx3PICHCGB7WJCLOHyC\/Fxy\/Fx3lLCfQISHkLSe\/FxzbJiTBFx3FGx\/AGB7BFx3EGR7AGB3HHSDfKiXAFh3TISHYNzbhKibbJyTTIiL57e325+f039\/v2NjUV1fOHiHiqanfmprch4feKSXVIyPOICHmLibFGh\/mLSe\/Fx7XJCPeKSXXJSPNHyHaJyTGGh7lLCbmLCflLSjSIiLkLCbdKSXLHiC\/GB3KHh++Fh3lKyfoLiXcKCPkx8fYb2\/XaGfVXl3aU1LLHiDksbHgKibPICHbJyTfKSXbJyTCGB3KHSDiKybFGh7TIiL\/\/\/\/VIyPRISHIHB\/GGx\/HHB\/DGR7gKibdKCXLHiDZJiTMHiDNHyHYJSTOICHPICHWJCPcKCXXJSPjLCblLCf+\/f3NGR\/uLijzLynPGR\/IGB7WISHaIyLLGh7UAADxLynNAADRLzDbICLQAADIAAD3MCrUHSHXMTDpKSbLAADp5OTij4\/ejo\/VLy\/1LyngJSTcJCPQHx\/OHB7+\/PzaMS\/OLS\/vLijrLSjSAADaNTPwLyjkKSbNJCbYISHPHB\/KGB7WAAD7+vrn3d3aKynTKCjoLCfsKifRGh\/YAADq5+fhjo7QNDXXKCfmJyXt5+fTLzDLLi\/QKivYHRvMGBrQJCXLISPMExXLDxLaEAvkkI\/bOTfaFQ\/SCgpvLcnHAAAAmnRSTlMA+vv7+gT9Bvf9+8z8\/NSv\/Pr5+P7++vnQIBMP\/v38\/Pn348XDiCYf9OjbzcqxXVcx\/fz8+\/rj1r2poo1+fXFqX0orGP7+\/v7+\/fz8+\/r68uzn4trIxsG\/vri3p6GcmZSNbWVYUUZEPQv+\/f39+\/v7+\/v7+vr64tvV1NTTz87FtbSurqeblJKFg4B3bUY+NjL7+\/v7+\/v67t1cDo8JLQAABkRJREFUWMO0kz9rwkAYh0OIeJkum6YugUAhISCdKoj\/P4C7SMdS+gEKIhSKil10LSg4mzXkILdlEpxCpwTiWOLX6BujvQaEQuGeHLnL+\/64J+SIcKGYTYWnntpdLjrVdqvZmNdn0+EE40GtpuuWVS6Xx6N7YDSGpWXpeq02wHgynM7q80az1a52HpddtVcpsi1zFARBrdaxbhp9iUReTGmwA4KAAr7vx3EYejnCMI6hQYEgy0LQi4jUN0wL19vqFcUC9\/1dAKmEEFkWRYkh5oBejnxQJiSJPJ\/uKBp0Thszx9Mw8hMRIQjKsptCfuES9zr5WJY6vSFCIvE9fCMUmEM1A1kSXcYGxgVYsvI1IPKTZciSTI0us\/SMGG04gDzELDoFBwdcFJrF88dqgYMTiL6DILWYyfOWE8\/kIz38olCNlC03FK95+imxp6y4oUSvAnBjHHhKNtotSDqJzVFiK8c2SBqhZtsrTtgrLXwAyduxZHNE26eHUt5rtuM4WSmds3G+sUdWYo1L+XyxButoh5eKUHk5lByO3G1LqqCWVnfrv\/lyPtf\/4ps1cndNGIri8J1TJ0lx6dR\/oPjq1nbRwdp2dCk4CtIOLW3pVKRL6WZfS5vF2KkIQhpwSsjiYIgNCs1gEMGqiIq24NQX9NwoXFy8Ufrl3twTcg4fv8T9\/JBEySduj6Mjm4bMzYV7EEOxKjjoNDud7yY3Dy71Hq2oLmqfbNR723edH9PgMrNL2utoQ3VmaIDkiw\/4w51P06hlZsTZvkRrbVuSIs\/zwSOsycgzStQouoAkWQqioRT5XI7n2Z1wfVhoZmcAJLsoqjqpjbWCgpOAJXBwHK8PzWbNvoUZJND5wCnSkLAkZ1legx6vqQzjoiTahKlGUGLAiIIoABOHaNVw4sexZBym6\/HWlH5h3IC7yRbxtipcWxdTOkORKiNQAEkFf66x5S2oeRbroOlLgg0sSYkR0hRGEqJZ0jTPiQKatESdBckpWigxaapEH0lImHdWu9pUFF2XqMNM2Z4kped7IwEJw2qabwtrQqnpw6HyKkgcadKWsmpywwesDyIhYRpdzXddqegtGIJlXbAIUMOLkGxJUjRIkokwjUaX9d\/kK62ps\/tYUqZLIMkLTyBhsMZ3C5Z\/kDxOSCb\/DOs\/\/J0qcWSX\/2ipe56EgTCA4\/cB7NAYOsni4mZM1MUPAISoEwkDi4lhVBQ1cWQyIcwalw4EpqZN68JUSK7XC0kTlkLYii5uXSC8jT5ncCAS7mjCv0uHp\/3lueHEEAeQ\/\/VgmdN71\/2uCSA1Xr6DO6uI6sW56zqT2tp2PhgiRUAajV8CY2fkcz6WGNKMgLAt7tJAhD4YHMTeRxlALE6+43WqjSWi8ITxyJl8WrwWSNESQZZOqhDDntO3hJLsd5RtSpbJqdv3YrDJH3F7jL1R2O2aQkn2MyCyKYz0GPGIvSAMgBCrCEiJyKbBaYGwLW4uPRr0A0M4Ux5kUI7IBh+hMdiCEWNqhMZGyYMsOgNE58UQuEQeUnSWCMYwL54hkxK6IoqucQZbQ3pc3XtL0lky1dL0zZJJDpWJovFqpWj6JEHnyam2eQp5QRVAVHjWparTOaVwUOx99YS2MvgxIGV0bb+qIg2HX2qkFFJB+XZcbLiuRkuxD9GRroKyveLxdh4d7Orx+hb7qc3uVRuEogCOnyIxm4ubUoPgF4jianDrC+SDQDKEfJb0GUKmjCGPYHGJvVC6X4hw1\/sAfQAdfYyephIaspXe36RwOP+Ljvfx9B6B3i+Nk0DGq+oCbLn6JpBa9nWAveAIHwFAwtVcIJXPMPL8kRu5OAYPMaL1WScTxjiZDqB9LTJSWphow\/pTYKRTLjCBhvi9iBidvKcDasGSm0QQkycYuLBqj6QCELPctqChDWpTRMWkngNNpQ1Pfp1KkiT\/Y0DGffXAweUNfLAfaJFKDwhb6I+bkYRbkERoEeu3Fyjg2opMz2daZCS9jt6Q7txNfB+OZEVF6Zl5web2xunnLQrtrjXseXKaFYziYINeMFZVxS9VxRhOoesYwxPKXm+gWLG9cuFeq93UNNeJNsf1KlwuDok9n02n3TgIJpOxNfL9naIoQwXtfH9kjceTIIi709ncTg6LZbg+biLH1V6u\/7rxBem06VXKn9raAAAAAElFTkSuQmCC\")      no-repeat center center \/ contain;  }  @media screen and (max-width: 960px) and (orientation: portrait) {    .logo {      width: 100%;    }    .logo .pc-banner {      display: none;    }    .logo .m-banner {      display: block;      width: 100%;    }    .logo .m-banner img {      height: auto!important;    }    .ytvideo {      height: 200px;      width: 100%;    }  }<\/style><style>  .video-section {    width: 100%;    margin: 0 auto;  }  .video-section > img {    width: 100%;  }  .video-section iframe,  .video-section video {    width: 100%;    height: 100%;      }  .video-section-img-m,  .video-section-img-pc > img {    width: 100%;    height: auto;  }  .video-section-img-pc.small > img {    width: 970px;  }  .video-desc {    line-height: 1.5;    font-size: 20px;    font-weight: 400;    margin: 20px 0;    text-align: center;    color: #0f1111;    word-break: break-word;  }  @media screen and (max-width: 960px) and (orientation: portrait) {    .video-section {      width: 100%;    }    .video-section-pc,    .video-section-img-pc {      display: none;    }    .video-section-m,    .video-section-img-m {      display: block;    }    .video-desc {      font-size: 15px;    }  }  @media screen and (min-width: 960px) {    .video-section {      width: 100%;      margin: 0 auto;    }    .video-section-pc,    .video-section-img-pc {      display: block;    }    .video-section-m,    .video-section-img-m {      display: none;    }    .video-desc {      font-size: 20px;    }  }<\/style><style>  .section + .section {    margin-top: 35px;  }  .section-title {    text-align: center;    font-weight: bold;    color: #0d1111;    font-family: \"Arial\";    font-size: 32px;    margin: 15px 0;  }  .section-title:empty {    display: none;  }  .section-desc {    text-align: center;    font-weight: normal;    color: #0d1111;    margin-top: 20px;  }  .section-desc:empty {    display: none;  }  .section-img {    width: 1200px;    height: 492px;    margin: 0 auto;    display: block;  }  .section-img.small {    width: 970px;    height: auto;  }  .section-img.small > img {    height: auto;  }  .section-img > img {    width: 100%;    height: 100%;  }  .section-mobile-img {    display: none;    max-width: 100vw;    max-height: 75vw;    height: 450px;    margin: 0 auto;  }  .section-mobile-img > img {    width: 100%;    height: 100%;  }  @media screen and (max-width: 960px) and (orientation: portrait) {    .container {      width: 100%;    }    .container.small {      width: 100%;    }    .section-mobile-img {      display: block;    }    .section-img {      display: none;    }    .section-title {      font-size: 22px;      margin: 10px 0;    }    .section-desc {      margin-top: 10px;    }    .section + .section {      margin-top: 20px;    }  }<\/style><\/head><body><div class=\"container\"><div class=\"logo\"><div class=\"pc-banner\"><div><img decoding=\"async\" src=\"\/vevor\/vevor\/boutique-banner\/pc\/en-pc@1x.jpg\" style=\"width: 100%;\" \/><\/div><\/div><div class=\"m-banner\"><div><img decoding=\"async\" src=\"\/vevor\/vevor\/boutique-banner\/mobile\/en-m@1x.jpg\" style=\"width: 100%;\" \/><\/div><\/div><\/div><div class=\"section-title\">Sultys Savo Keli\u0105 \u012f Ger\u0105 Skon\u012f<\/div><div class=\"video-section\"><div class=\"video-section-img-pc\"><img decoding=\"async\" src=\"\/vevor\/product\/TSZDJLCZJQZDD76GI\/commercial-orange-juicer-a100-1.4.jpg\" \/><\/div><div class=\"video-section-img-m\"><img decoding=\"async\" src=\"\/vevor\/product\/TSZDJLCZJQZDD76GI\/commercial-orange-juicer-a100-1.4-m.jpg\" \/><\/div><div class=\"section-desc\">Pagaminti i\u0161 auk\u0161tos kokyb\u0117s maisto klas\u0117s ner\u016bdijan\u010dio plieno SUS304 ir PC med\u017eiagos, m\u016bs\u0173 prekybos orange sul\u010diaspaud\u0117 ma\u0161inos u\u017etikrina auk\u0161\u010diausios klas\u0117s rezultatus. Ji veiksmingai ekstraktai, sultys i\u0161 apelsin\u0173, skland\u017eiai, derinant automatin\u0117 \u0161veitimas ir automatinis filtravimas. M\u0117gautis gryno, priedas-nemokamai \u0161vie\u017ei\u0173 sul\u010di\u0173.<\/div><\/div><div class=\"section\"><div class=\"section-title\"><\/div><div class=\"section-img\"><img decoding=\"async\" src=\"\/vevor\/product\/TSZDJLCZJQZDD76GI\/commercial-orange-juicer-a100-2.2.jpg\" \/><\/div><div class=\"section-mobile-img\"><img decoding=\"async\" src=\"\/vevor\/product\/TSZDJLCZJQZDD76GI\/commercial-orange-juicer-a100-2.2-m.jpg\" \/><\/div><div class=\"section-desc\">\u012e juicing rutulio skersmuo \u0161io komercinio orange sul\u010diaspaud\u0117 buvo paauk\u0161tinta iki 76 mm\/2.99 coli\u0173, d\u0117l patobulintos sul\u010di\u0173 i\u0161eiga ir grei\u010diau veikti.<\/div><\/div><div class=\"section\"><div class=\"section-title\"><\/div><div class=\"section-img\"><img decoding=\"async\" src=\"\/vevor\/product\/TSZDJLCZJQZDD76GI\/commercial-orange-juicer-a100-2.3.jpg\" \/><\/div><div class=\"section-mobile-img\"><img decoding=\"async\" src=\"\/vevor\/product\/TSZDJLCZJQZDD76GI\/commercial-orange-juicer-a100-2.3-m.jpg\" \/><\/div><div class=\"section-desc\">\u012erengta turtinga orange laikymo krep\u0161elis, m\u016bs\u0173 automatinis maitinimas sul\u010di\u0173 i\u0161gavimas gali tilpti daugiau apelsinai, ma\u017einant poreik\u012f da\u017enai \u0161erdel\u0117mis ir stiprinti bendr\u0105 darbo efektyvum\u0105.<\/div><\/div><div class=\"section\"><div class=\"section-title\"><\/div><div class=\"section-img\"><img decoding=\"async\" src=\"\/vevor\/product\/TSZDJLCZJQZDD76GI\/commercial-orange-juicer-a100-2.4.jpg\" \/><\/div><div class=\"section-mobile-img\"><img decoding=\"async\" src=\"\/vevor\/product\/TSZDJLCZJQZDD76GI\/commercial-orange-juicer-a100-2.4-m.jpg\" \/><\/div><div class=\"section-desc\">Skaidrus PC dangtelis yra lengvai nuimamas ir plaunamas higienos prie\u017ei\u016bra. Be to, komercin\u0117s sul\u010diaspaud\u0117 ma\u0161ina \u012fmontuot\u0105 sl\u0117gio jutiklis, kuris automati\u0161kai nustoja veikti, kai apsauginis dangtelis yra pa\u0161alintas, u\u017etikrinti saug\u0173 j\u0173 naudojim\u0105.<\/div><\/div><div class=\"section\"><div class=\"section-title\"><\/div><div class=\"section-img\"><img decoding=\"async\" src=\"\/vevor\/product\/TSZDJLCZJQZDD76GI\/commercial-orange-juicer-a100-2.5.jpg\" \/><\/div><div class=\"section-mobile-img\"><img decoding=\"async\" src=\"\/vevor\/product\/TSZDJLCZJQZDD76GI\/commercial-orange-juicer-a100-2.5-m.jpg\" \/><\/div><div class=\"section-desc\">M\u016bs\u0173 prekybos automatin\u0117 pa\u0161ar\u0173 apelsin\u0173 sultys ma\u0161ina pasi\u017eymi nuolat syv\u0173 ekstrahavimo, tod\u0117l idealiai tinka restoran\u0173, kavini\u0173, vie\u0161bu\u010di\u0173, prekybos centrams, ir \u012fvairi\u0173 kit\u0173 \u012fstaig\u0173.<\/div><\/div><div class=\"section\"><div class=\"section-img\"><img decoding=\"async\" src=\"\/vevor\/product\/TSZDJLCZJQZDD76GI\/commercial-orange-juicer-a100-1.11.jpg\" alt=\"VEVOR orange sul\u010diaspaud\u0117 ma\u0161ina su priedais; gamina 25 apelsinai\/min, sus304+pc med\u017eiagos, 55kg.\" \/><\/div><div class=\"section-mobile-img\"><img decoding=\"async\" src=\"\/vevor\/product\/TSZDJLCZJQZDD76GI\/commercial-orange-juicer-a100-1.11-m.jpg\" alt=\"VEVOR orange sul\u010diaspaud\u0117 ma\u0161ina su priedais; gamina 25 apelsinai\/min, sus304+pc med\u017eiagos, 55kg.\" \/><\/div><\/div><\/div><\/body><\/html><\/div>\n<div class=\"DM_at-title\" id=\"js-DM_at-title\"> <div>Produkto specifikacija<\/div> <i class=\"icon-arrowup_line\"><\/i> <\/div><div class=\"DM_at-goodsDescAttr\" id=\"js-DM_at-goodsDescAttr\"> <div class=\"DM_at-goodsDescAttrInner\"> <dl class=\"goodsDesc_item goodsDesc_item_even\"> <dt>Prek\u0117s Modelio Numeris<\/dt> <dd> NS2000E-4<\/dd> <\/dl> <dl class=\"goodsDesc_item\"> <dt>Gamyba<\/dt> <dd> 25 Apelsinai\/Min<\/dd> <\/dl> <dl class=\"goodsDesc_item goodsDesc_item_even\"> <dt>Skai\u010dius Velenai<\/dt> <dd> 4<\/dd> <\/dl> <dl class=\"goodsDesc_item\"> <dt>Med\u017eiaga<\/dt> <dd> SUS304+PC<\/dd> <\/dl> <dl class=\"goodsDesc_item goodsDesc_item_even\"> <dt>Neto Svoris<\/dt> <dd> 55kg \/ 121.24 lbs<\/dd> <\/dl> <dl class=\"goodsDesc_item\"> <dt>Gaminio Matmenys<\/dt> <dd> 18 x 20.5 x 35.4 \u012f\/460 x 520 x 900 mm<\/dd> <\/dl> <\/div> <\/div>","protected":false},"excerpt":{"rendered":"<ul>\n<li> Efektyvus Nuspaud\u017eiant: M\u016bs\u0173 prekybos apelsin\u0173 sultys ma\u0161inos jungia automatin\u0117 pilingas, juicing, ir filtravimas. \u012erengta tvirta 120W variklis, komercini\u0173 orange sul\u010diaspaud\u0117 gali be vargo ekstraktas sultis i\u0161 iki 25 apelsin\u0173 per minut\u0119. Patobulinta \u012fgaubtas-i\u0161kil\u016bs kamuoliukus toliau stiprinti sul\u010di\u0173 gamybai. <\/li>\n<li> Didel\u0117s Pa\u0161ar\u0173 Para\u0161iutas: Su erdvus pa\u0161ar\u0173 para\u0161iutas, kuris talpina apelsinai, svyruoja nuo 55-80mm (2.2&#034;-3.2&#034;), tai apelsin\u0173 sul\u010diaspaud\u0117 ma\u0161ina supaprastina juicing proces\u0105. Be to, vir\u0161uje saugojimo krep\u0161ys leid\u017eia saugoti didel\u012f kiek\u012f, i\u0161 anksto nuplauti apelsinus, suma\u017einti poreik\u012f da\u017enai preparatas. <\/li>\n<li> Lengva Valyti: Meistri\u0161kai i\u0161 maisto kokyb\u0117s ner\u016bdijan\u010dio plieno SUS304 ir auk\u0161tos kokyb\u0117s PC, m\u016bs\u0173 prekybos sul\u010diaspaud\u0117 ma\u0161inos u\u017etikrina itin higienos. Dauguma komponent\u0173 yra nuimamas ir lengvai valomas, o pull-out filtro konstrukcija palengvina kruop\u0161\u010diai i\u0161valyti, i\u0161saugant skonio savo sultyse. <\/li>\n<li> Saugos Funkcijos: skaidrus apsauginis dangtelis automatinio \u0161\u0117rimo sul\u010di\u0173 ma\u0161ina ne tik prideda estetin\u0117s apeliacin\u012f skund\u0105, ta\u010diau taip pat nam\u0173 sl\u0117gio jutikl\u012f, kuris stabdo operacija, kai dangtis yra pa\u0161alinti. Be to, jungiklis saugo vandeniui danga, teikti visapusi\u0161k\u0105 apsaug\u0105. <\/li>\n<li> Universalus Naudojimas: Tai prekybos sul\u010di\u0173 maker ma\u0161ina yra sukuriamos atsargin\u0117s dalys j\u016bs\u0173 patogumui. Ji nustato parai\u0161k\u0173 \u012fvairius nustatymus, \u012fskaitant maisto preki\u0173 parduotuv\u0117s, restoranai, vaisi\u0173 parduotuv\u0117s, cantinas, sporto klubai, g\u0117rim\u0173 realizavimo, barai, biurai, ir daugiau. <\/li>\n<\/ul>","protected":false},"featured_media":290089,"comment_status":"closed","ping_status":"open","template":"","meta":{"om_disable_all_campaigns":false,"_monsterinsights_skip_tracking":false,"_monsterinsights_sitenote_active":false,"_monsterinsights_sitenote_note":"","_monsterinsights_sitenote_category":0,"_uf_show_specific_survey":0,"_uf_disable_surveys":false},"location":[1935,1934],"product_brand":[21],"product_cat":[2445,3741,2768,2449],"product_tag":[],"class_list":{"0":"post-30914","1":"product","2":"type-product","3":"status-publish","4":"has-post-thumbnail","6":"location-supplier_stock_location","7":"location-local_stock_location","8":"product_brand-vevor","9":"product_cat-appliances","10":"product_cat-commercial-orange-juicer","11":"product_cat-juicers","12":"product_cat-small-kitchen-appliances","14":"first","15":"instock","16":"taxable","17":"shipping-taxable","18":"purchasable","19":"product-type-simple"},"aioseo_notices":[],"jetpack_sharing_enabled":true,"locations":[{"id":1935,"name":"Pieg\u0101d\u0101t\u0101ja noliktav\u0101 (5-7d.d.)","slug":"supplier_stock_location","quantity":"22"},{"id":1934,"name":"R\u012bgas veikal\u0101 (0-2d.d.)","slug":"local_stock_location","quantity":"0"}],"_links":{"self":[{"href":"https:\/\/vevorshop.lv\/lt\/wp-json\/wp\/v2\/product\/30914","targetHints":{"allow":["GET"]}}],"collection":[{"href":"https:\/\/vevorshop.lv\/lt\/wp-json\/wp\/v2\/product"}],"about":[{"href":"https:\/\/vevorshop.lv\/lt\/wp-json\/wp\/v2\/types\/product"}],"replies":[{"embeddable":true,"href":"https:\/\/vevorshop.lv\/lt\/wp-json\/wp\/v2\/comments?post=30914"}],"wp:featuredmedia":[{"embeddable":true,"href":"https:\/\/vevorshop.lv\/lt\/wp-json\/wp\/v2\/media\/290089"}],"wp:attachment":[{"href":"https:\/\/vevorshop.lv\/lt\/wp-json\/wp\/v2\/media?parent=30914"}],"wp:term":[{"taxonomy":"location","embeddable":true,"href":"https:\/\/vevorshop.lv\/lt\/wp-json\/wp\/v2\/location?post=30914"},{"taxonomy":"product_brand","embeddable":true,"href":"https:\/\/vevorshop.lv\/lt\/wp-json\/wp\/v2\/product_brand?post=30914"},{"taxonomy":"product_cat","embeddable":true,"href":"https:\/\/vevorshop.lv\/lt\/wp-json\/wp\/v2\/product_cat?post=30914"},{"taxonomy":"product_tag","embeddable":true,"href":"https:\/\/vevorshop.lv\/lt\/wp-json\/wp\/v2\/product_tag?post=30914"}],"curies":[{"name":"wp","href":"https:\/\/api.w.org\/{rel}","templated":true}]}}