{"id":32960,"date":"2024-11-18T22:37:58","date_gmt":"2024-11-18T22:37:58","guid":{"rendered":"http:\/\/vevorshop.edigo.lv\/Prece\/vevor-10-player-foldable-poker-table-blackjack-texas-holdem-poker-table-with-padded-rails-and-stainless-steel-cup-holders-portable-folding-card-board-game-table-84-oval-casino-leisure-table\/"},"modified":"2026-04-20T06:53:09","modified_gmt":"2026-04-20T03:53:09","slug":"vevor-10-player-foldable-poker-table-blackjack-texas-holdem-poker-table-with-padded-rails-and-stainless-steel-cup-holders-portable-folding-card-board-game-table-84-oval-casino-leisure-table","status":"publish","type":"product","link":"https:\/\/vevorshop.lv\/lt\/Prece\/vevor-10-zaideju-sulankstomas-pokerio-stalas-blackjack-texas-holdem-pokerio-stalas-su-paminkstintais-begeliais-ir-nerudijancio-plieno-puodeliu-laikikliais-nesiojamas-sulankstomas-kortu-stalo-zaidimu-s-2\/","title":{"rendered":"VEVOR 213 cm sulankstomas pokerio stalas 10 \u017eaid\u0117j\u0173 su puodeli\u0173 laikikliais, pamink\u0161tintais kra\u0161tais ir veltinio pavir\u0161iumi kazino \u017eaidimams"},"content":{"rendered":"<div style=\"color: #fff!important; font-size: 16px; height: 24px; line-height: 24px; margin-top: -24px; \" class=\"product_original_name\">VEVOR 10 \u017eaid\u0117j\u0173 sulankstomas pokerio stalas, Blackjack Texas Holdem pokerio stalas su pamink\u0161tintais b\u0117giais ir ner\u016bdijan\u010dio plieno puodeli\u0173 laikikliais, ne\u0161iojamas sulankstom\u0173 kort\u0173 stalo \u017eaidim\u0173 stalas, 84\" ovalus kazino laisvalaikio stalas<\/div>\n<div style=\"color: #fff!important; font-size: 16px; height: 24px; line-height: 24px; margin-top: -24px; \" class=\"product_sku\">M4I4L4HE<\/div>\n<div style=\"color: #fff!important; font-size: 16px; height: 24px; line-height: 24px; margin-top: -24px; \" class=\"product_mpn\">DZDTZDPKPZ105FRSBV0<\/div><div id=\"js-DM_at-goodDescRich\"><html><head><style>  body {    font-family: Arial;    line-height: 1.5;    color: #1c1c1c;    overflow-x: hidden;    margin: 0;    padding: 0;  }  .MsoNormal b {    font-weight: bolder;  }<\/style><style>  .container.small {    width: 970px;    margin: 0 auto;  }  .logo {    margin: 0 auto 0;  }  .logo img {    display: block;    margin: 0 auto;    max-width: 100%;  }  .logo .pc-banner {    display: block;    width: 1200px;    height: 247.4px;    margin: 0 auto;  }  .logo .pc-banner.small {    width: 970px;  }  .logo .pc-banner.small img {    height: auto!important;  }  .logo .m-banner {    display: none;  }  .ytvideo {    position: relative;    height: 546px;    width: 100%;    margin: 0 auto;  }  .ytvideo img {    width: 100%;    margin: 0 auto;  }  .ytvideo .play-btn {    width: 60px;    height: 42px;    position: absolute;    top: 50%;    left: 50%;    transform: translate(-50%, -50%);    background: url(\"data:image\/png;base64,iVBORw0KGgoAAAANSUhEUgAAAGQAAABGCAMAAAANWMFbAAAC+lBMVEUAAADBGB3kLCfBGB3kLCfcJC7BFx3KKSbiKybkLCbWJCPSIiLSIiLPICHAFx3kLCfgKSXNHiDZJiTIGx\/p4eHcjo7LHSDbJyTkLCbjKyfOHyHPIiL28fHJHB\/GGh7EGR7eKCXDGB3RISHlLSbBGB3AFxzGHB7DGB7BGB3hKybkKybAFx3lLCfAFxzDGR3hKibDGB7cJyTmz8\/elJTlwcHjurrUIyLlLSflLSfAFx3DGR7lLSfCFx3hKibhKibhKybjKybkLCblLSfbJSX49vbx7e3NNzjNMTLMJyjVIyLZf3\/ZQ0LaeHjx0tLgoqLkLCfCGB3HGx\/BGB3BFx3PICHCGB7WJCLOHyC\/Fxy\/Fx3lLCfQISHkLSe\/FxzbJiTBFx3FGx\/AGB7BFx3EGR7AGB3HHSDfKiXAFh3TISHYNzbhKibbJyTTIiL57e325+f039\/v2NjUV1fOHiHiqanfmprch4feKSXVIyPOICHmLibFGh\/mLSe\/Fx7XJCPeKSXXJSPNHyHaJyTGGh7lLCbmLCflLSjSIiLkLCbdKSXLHiC\/GB3KHh++Fh3lKyfoLiXcKCPkx8fYb2\/XaGfVXl3aU1LLHiDksbHgKibPICHbJyTfKSXbJyTCGB3KHSDiKybFGh7TIiL\/\/\/\/VIyPRISHIHB\/GGx\/HHB\/DGR7gKibdKCXLHiDZJiTMHiDNHyHYJSTOICHPICHWJCPcKCXXJSPjLCblLCf+\/f3NGR\/uLijzLynPGR\/IGB7WISHaIyLLGh7UAADxLynNAADRLzDbICLQAADIAAD3MCrUHSHXMTDpKSbLAADp5OTij4\/ejo\/VLy\/1LyngJSTcJCPQHx\/OHB7+\/PzaMS\/OLS\/vLijrLSjSAADaNTPwLyjkKSbNJCbYISHPHB\/KGB7WAAD7+vrn3d3aKynTKCjoLCfsKifRGh\/YAADq5+fhjo7QNDXXKCfmJyXt5+fTLzDLLi\/QKivYHRvMGBrQJCXLISPMExXLDxLaEAvkkI\/bOTfaFQ\/SCgpvLcnHAAAAmnRSTlMA+vv7+gT9Bvf9+8z8\/NSv\/Pr5+P7++vnQIBMP\/v38\/Pn348XDiCYf9OjbzcqxXVcx\/fz8+\/rj1r2poo1+fXFqX0orGP7+\/v7+\/fz8+\/r68uzn4trIxsG\/vri3p6GcmZSNbWVYUUZEPQv+\/f39+\/v7+\/v7+vr64tvV1NTTz87FtbSurqeblJKFg4B3bUY+NjL7+\/v7+\/v67t1cDo8JLQAABkRJREFUWMO0kz9rwkAYh0OIeJkum6YugUAhISCdKoj\/P4C7SMdS+gEKIhSKil10LSg4mzXkILdlEpxCpwTiWOLX6BujvQaEQuGeHLnL+\/64J+SIcKGYTYWnntpdLjrVdqvZmNdn0+EE40GtpuuWVS6Xx6N7YDSGpWXpeq02wHgynM7q80az1a52HpddtVcpsi1zFARBrdaxbhp9iUReTGmwA4KAAr7vx3EYejnCMI6hQYEgy0LQi4jUN0wL19vqFcUC9\/1dAKmEEFkWRYkh5oBejnxQJiSJPJ\/uKBp0Thszx9Mw8hMRIQjKsptCfuES9zr5WJY6vSFCIvE9fCMUmEM1A1kSXcYGxgVYsvI1IPKTZciSTI0us\/SMGG04gDzELDoFBwdcFJrF88dqgYMTiL6DILWYyfOWE8\/kIz38olCNlC03FK95+imxp6y4oUSvAnBjHHhKNtotSDqJzVFiK8c2SBqhZtsrTtgrLXwAyduxZHNE26eHUt5rtuM4WSmds3G+sUdWYo1L+XyxButoh5eKUHk5lByO3G1LqqCWVnfrv\/lyPtf\/4ps1cndNGIri8J1TJ0lx6dR\/oPjq1nbRwdp2dCk4CtIOLW3pVKRL6WZfS5vF2KkIQhpwSsjiYIgNCs1gEMGqiIq24NQX9NwoXFy8Ufrl3twTcg4fv8T9\/JBEySduj6Mjm4bMzYV7EEOxKjjoNDud7yY3Dy71Hq2oLmqfbNR723edH9PgMrNL2utoQ3VmaIDkiw\/4w51P06hlZsTZvkRrbVuSIs\/zwSOsycgzStQouoAkWQqioRT5XI7n2Z1wfVhoZmcAJLsoqjqpjbWCgpOAJXBwHK8PzWbNvoUZJND5wCnSkLAkZ1legx6vqQzjoiTahKlGUGLAiIIoABOHaNVw4sexZBym6\/HWlH5h3IC7yRbxtipcWxdTOkORKiNQAEkFf66x5S2oeRbroOlLgg0sSYkR0hRGEqJZ0jTPiQKatESdBckpWigxaapEH0lImHdWu9pUFF2XqMNM2Z4kped7IwEJw2qabwtrQqnpw6HyKkgcadKWsmpywwesDyIhYRpdzXddqegtGIJlXbAIUMOLkGxJUjRIkokwjUaX9d\/kK62ps\/tYUqZLIMkLTyBhsMZ3C5Z\/kDxOSCb\/DOs\/\/J0qcWSX\/2ipe56EgTCA4\/cB7NAYOsni4mZM1MUPAISoEwkDi4lhVBQ1cWQyIcwalw4EpqZN68JUSK7XC0kTlkLYii5uXSC8jT5ncCAS7mjCv0uHp\/3lueHEEAeQ\/\/VgmdN71\/2uCSA1Xr6DO6uI6sW56zqT2tp2PhgiRUAajV8CY2fkcz6WGNKMgLAt7tJAhD4YHMTeRxlALE6+43WqjSWi8ITxyJl8WrwWSNESQZZOqhDDntO3hJLsd5RtSpbJqdv3YrDJH3F7jL1R2O2aQkn2MyCyKYz0GPGIvSAMgBCrCEiJyKbBaYGwLW4uPRr0A0M4Ux5kUI7IBh+hMdiCEWNqhMZGyYMsOgNE58UQuEQeUnSWCMYwL54hkxK6IoqucQZbQ3pc3XtL0lky1dL0zZJJDpWJovFqpWj6JEHnyam2eQp5QRVAVHjWparTOaVwUOx99YS2MvgxIGV0bb+qIg2HX2qkFFJB+XZcbLiuRkuxD9GRroKyveLxdh4d7Orx+hb7qc3uVRuEogCOnyIxm4ubUoPgF4jianDrC+SDQDKEfJb0GUKmjCGPYHGJvVC6X4hw1\/sAfQAdfYyephIaspXe36RwOP+Ljvfx9B6B3i+Nk0DGq+oCbLn6JpBa9nWAveAIHwFAwtVcIJXPMPL8kRu5OAYPMaL1WScTxjiZDqB9LTJSWphow\/pTYKRTLjCBhvi9iBidvKcDasGSm0QQkycYuLBqj6QCELPctqChDWpTRMWkngNNpQ1Pfp1KkiT\/Y0DGffXAweUNfLAfaJFKDwhb6I+bkYRbkERoEeu3Fyjg2opMz2daZCS9jt6Q7txNfB+OZEVF6Zl5web2xunnLQrtrjXseXKaFYziYINeMFZVxS9VxRhOoesYwxPKXm+gWLG9cuFeq93UNNeJNsf1KlwuDok9n02n3TgIJpOxNfL9naIoQwXtfH9kjceTIIi709ncTg6LZbg+biLH1V6u\/7rxBem06VXKn9raAAAAAElFTkSuQmCC\")      no-repeat center center \/ contain;  }  @media screen and (max-width: 960px) and (orientation: portrait) {    .logo {      width: 100%;    }    .logo .pc-banner {      display: none;    }    .logo .m-banner {      display: block;      width: 100%;    }    .logo .m-banner img {      height: auto!important;    }    .ytvideo {      height: 200px;      width: 100%;    }  }<\/style><style>  .video-section {    width: 100%;    margin: 0 auto;  }  .video-section > img {    width: 100%;  }  .video-section iframe,  .video-section video {    width: 100%;    height: 100%;      }  .video-section-img-m,  .video-section-img-pc > img {    width: 100%;    height: auto;  }  .video-section-img-pc.small > img {    width: 970px;  }  .video-desc {    line-height: 1.5;    font-size: 20px;    font-weight: 400;    margin: 20px 0;    text-align: center;    color: #0f1111;    word-break: break-word;  }  @media screen and (max-width: 960px) and (orientation: portrait) {    .video-section {      width: 100%;    }    .video-section-pc,    .video-section-img-pc {      display: none;    }    .video-section-m,    .video-section-img-m {      display: block;    }    .video-desc {      font-size: 15px;    }  }  @media screen and (min-width: 960px) {    .video-section {      width: 100%;      margin: 0 auto;    }    .video-section-pc,    .video-section-img-pc {      display: block;    }    .video-section-m,    .video-section-img-m {      display: none;    }    .video-desc {      font-size: 20px;    }  }<\/style><style>  .section + .section {    margin-top: 35px;  }  .section-title {    text-align: center;    font-weight: bold;    color: #0d1111;    font-family: \"Arial\";    font-size: 32px;    margin: 15px 0;  }  .section-title:empty {    display: none;  }  .section-desc {    text-align: center;    font-weight: normal;    color: #0d1111;    margin-top: 20px;  }  .section-desc:empty {    display: none;  }  .section-img {    width: 1200px;    height: 492px;    margin: 0 auto;    display: block;  }  .section-img.small {    width: 970px;    height: auto;  }  .section-img.small > img {    height: auto;  }  .section-img > img {    width: 100%;    height: 100%;  }  .section-mobile-img {    display: none;    max-width: 100vw;    max-height: 75vw;    height: 450px;    margin: 0 auto;  }  .section-mobile-img > img {    width: 100%;    height: 100%;  }  @media screen and (max-width: 960px) and (orientation: portrait) {    .container {      width: 100%;    }    .container.small {      width: 100%;    }    .section-mobile-img {      display: block;    }    .section-img {      display: none;    }    .section-title {      font-size: 22px;      margin: 10px 0;    }    .section-desc {      margin-top: 10px;    }    .section + .section {      margin-top: 20px;    }  }<\/style><\/head><body><div class=\"container\"><div class=\"logo\"><div class=\"pc-banner\"><div><img decoding=\"async\" src=\"\/vevor\/vevor\/boutique-banner\/pc\/en-pc@1x.jpg\" style=\"width: 100%;\" \/><\/div><\/div><div class=\"m-banner\"><div><img decoding=\"async\" src=\"\/vevor\/vevor\/boutique-banner\/mobile\/en-m@1x.jpg\" style=\"width: 100%;\" \/><\/div><\/div><\/div><div class=\"section-title\">Profesionalaus Lygio Daugiafunkcin\u012f Pokerio Stalo<\/div><div class=\"video-section\"><div class=\"video-section-img-pc\"><img decoding=\"async\" src=\"\/vevor\/product\/DZDTZDPKPZ105FRSB\/poker-tables-foldable-a100-1.4.jpg\" alt=\"VEVOR pokerio stalo, kazino laipsnio, sulankstomas, telpa 10, puikus \u0161eimos susib\u016brimai ir draugais.\" \/><\/div><div class=\"video-section-img-m\"><img decoding=\"async\" src=\"\/vevor\/product\/DZDTZDPKPZ105FRSB\/poker-tables-foldable-a100-1.4-m.jpg\" alt=\"VEVOR pokerio stalo, kazino laipsnio, sulankstomas, telpa 10, puikus \u0161eimos susib\u016brimai ir draugais.\" \/><\/div><div class=\"section-desc\">Mes suteikiame jums sulankstom\u0105, tvirt\u0105 pokerio stal\u0105, skirt\u0105 pramogoms. jame lengvai telpa 10 \u017eaid\u0117j\u0173 vienu metu. galite m\u0117gautis \u017eaisdami tokius \u017eaidimus kaip Texas Hold'em ir kitus kort\u0173 \u017eaidimus pagal savo turin\u012f.<\/div><\/div><div class=\"section\"><div class=\"section-title\"><\/div><div class=\"section-img\"><img decoding=\"async\" src=\"\/vevor\/product\/DZDTZDPKPZ105FRSB\/poker-tables-foldable-a100-2.2.jpg\" alt=\"10 grotuvas pozicijas VEVOR pokerio stalo su stora vandeniui porankiai ir ner\u016bdijan\u010dio plieno puodeli\u0173 laikikliai.\" \/><\/div><div class=\"section-mobile-img\"><img decoding=\"async\" src=\"\/vevor\/product\/DZDTZDPKPZ105FRSB\/poker-tables-foldable-a100-2.2-m.jpg\" alt=\"10 grotuvas pozicijas VEVOR pokerio stalo su stora vandeniui porankiai ir ner\u016bdijan\u010dio plieno puodeli\u0173 laikikliai.\" \/><\/div><div class=\"section-desc\">Mes si\u016blome jums didesnis, patogiau pokerio stalo. Stalo kra\u0161tai yra u\u017epildytas su stora kempine, teikiant lengvatines param\u0105 savo rankas. Kiekvienas \u017eaid\u0117jas, pozicija, ateina su built-in ner\u016bdijan\u010dio plieno cupholders, kad yra didesni ir giliau.<\/div><\/div><div class=\"section\"><div class=\"section-title\"><\/div><div class=\"section-img\"><img decoding=\"async\" src=\"\/vevor\/product\/DZDTZDPKPZ105FRSB\/poker-tables-foldable-a100-2.3.jpg\" alt=\"VEVOR pokerio stalo su lygaus veltinio, kortos, pokerio \u017eetonus, pabr\u0117\u017edamas, patvarumo ir malonum\u0105.\" \/><\/div><div class=\"section-mobile-img\"><img decoding=\"async\" src=\"\/vevor\/product\/DZDTZDPKPZ105FRSB\/poker-tables-foldable-a100-2.3-m.jpg\" alt=\"VEVOR pokerio stalo su lygaus veltinio, kortos, pokerio \u017eetonus, pabr\u0117\u017edamas, patvarumo ir malonum\u0105.\" \/><\/div><div class=\"section-desc\">Texas holdem stalo pavir\u0161iaus savybes skland\u017eiai ir tvirtas veltinis leid\u017eia jums atlikti veiksmus, pvz., tikrinti korteles, tvarkymo \u017eeton\u0173, ir atskleisti savo rankomis, be joki\u0173 \u017eagsulys. Tai bus ne tabletes, o sugadinti net ir ilgesn\u012f naudojimo.<\/div><\/div><div class=\"section\"><div class=\"section-title\"><\/div><div class=\"section-img\"><img decoding=\"async\" src=\"\/vevor\/product\/DZDTZDPKPZ105FRSB\/poker-tables-foldable-a100-2.4.jpg\" alt=\"VEVOR pokerio stalo su 220.5 lbs talpa, stabilios kojel\u0117s, grindys-draugi\u0161kas koj\u0173, ir reguliuojamas kabeliai.\" \/><\/div><div class=\"section-mobile-img\"><img decoding=\"async\" src=\"\/vevor\/product\/DZDTZDPKPZ105FRSB\/poker-tables-foldable-a100-2.4-m.jpg\" alt=\"VEVOR pokerio stalo su 220.5 lbs talpa, stabilios kojel\u0117s, grindys-draugi\u0161kas koj\u0173, ir reguliuojamas kabeliai.\" \/><\/div><div class=\"section-desc\">Stalo r\u0117mas yra pagamintas i\u0161 auk\u0161tos kokyb\u0117s metalo, plieno, suteikti tvirt\u0105 param\u0105. \u0160ios pratybos yra tvirtas MDF plok\u0161t\u0117. Jis gali atlaikyti ilg\u0105 auk\u0161to sl\u0117gio ir yra pastatytas paskutinis. Anti-slydimo p\u0117d\u0173 pagalv\u0117l\u0117s veiksmingai apsaugo grind\u0173 \u012fbr\u0117\u017eim\u0173.<\/div><\/div><div class=\"section\"><div class=\"section-title\"><\/div><div class=\"section-img\"><img decoding=\"async\" src=\"\/vevor\/product\/DZDTZDPKPZ105FRSB\/poker-tables-foldable-a100-2.5.jpg\" alt=\"apsauga nuo dulki\u0173 ir saugi VEVOR pokerio stalo saugomi \u0161alia moderni sofa, pabr\u0117\u017eiant greitai sulankstomas ir saugos u\u017eraktas funkcij\u0173.\" \/><\/div><div class=\"section-mobile-img\"><img decoding=\"async\" src=\"\/vevor\/product\/DZDTZDPKPZ105FRSB\/poker-tables-foldable-a100-2.5-m.jpg\" alt=\"apsauga nuo dulki\u0173 ir saugi VEVOR pokerio stalo saugomi \u0161alia moderni sofa, pabr\u0117\u017eiant greitai sulankstomas ir saugos u\u017eraktas funkcij\u0173.\" \/><\/div><div class=\"section-desc\">Ovalo formos kazino, laisvalaikio lentel\u0117je yra lengva nustatyti, ir patogu ne\u0161iotis ir laikyti. \u012emontuota saugos u\u017eraktas saugiai neleid\u017eia gri\u016bva arba atsipalaidavimas. Mes taip pat teikia dulki\u0173 dangtel\u012f lengva naudoti, kai nenaudojate, i\u0161laikyti j\u012f \u0161var\u0173.<\/div><\/div><div class=\"section\"><div class=\"section-img\"><img decoding=\"async\" src=\"\/vevor\/product\/DZDTZDPKPZ105FRSB\/poker-tables-foldable-a100-1.11.jpg\" alt=\"VEVOR pokerio stalo telpa 10 \u017emoni\u0173, sulankstomas, 66.4 svar\u0173, su puodeli\u0173 laikikliais ir lagaminas.\" \/><\/div><div class=\"section-mobile-img\"><img decoding=\"async\" src=\"\/vevor\/product\/DZDTZDPKPZ105FRSB\/poker-tables-foldable-a100-1.11-m.jpg\" alt=\"VEVOR pokerio stalo telpa 10 \u017emoni\u0173, sulankstomas, 66.4 svar\u0173, su puodeli\u0173 laikikliais ir lagaminas.\" \/><\/div><\/div><\/div><\/body><\/html><\/div>\n<div class=\"DM_at-title\" id=\"js-DM_at-title\"> <div>Produkto specifikacija<\/div> <i class=\"icon-arrowup_line\"><\/i> <\/div><div class=\"DM_at-goodsDescAttr\" id=\"js-DM_at-goodsDescAttr\"> <div class=\"DM_at-goodsDescAttrInner\"> <dl class=\"goodsDesc_item goodsDesc_item_even\"> <dt>Prek\u0117s Modelio Numeris<\/dt> <dd> SUS-8442<\/dd> <\/dl> <dl class=\"goodsDesc_item\"> <dt>Max Statinio Svorio Talpa<\/dt> <dd> 220.46 svar\u0173 \/ 100 kg<\/dd> <\/dl> <dl class=\"goodsDesc_item goodsDesc_item_even\"> <dt>Neto Svoris<\/dt> <dd> 66.35 svar\u0173 \/ 30.1 kg \u00b15% (\u012fskaitant visus jos priedus)<\/dd> <\/dl> <dl class=\"goodsDesc_item\"> <dt>Produkto Matmenys I\u0161klojus<\/dt> <dd> 84.3x42.1x29.9 coli\u0173 \/ 2140x1070x760 mm<\/dd> <\/dl> <dl class=\"goodsDesc_item goodsDesc_item_even\"> <dt>Produkto Sulankstyti Matmenys<\/dt> <dd> 42.12x42.12x5.7 coli\u0173 \/ 1070x1070x145 mm<\/dd> <\/dl> <\/div> <\/div>","protected":false},"excerpt":{"rendered":"<ul>\n<li> 84 coli\u0173 Didel\u0117s Pokerio Stalo: Tai puikus dyd\u017eio pokerio stalo telpa iki 10 \u017eaid\u0117j\u0173 vienu metu, tod\u0117l idealiai tinka \u0161eimos susib\u016brimai, linksmas draug\u0173, baras \u017eaidimai, ir daugiau. Patogus ir patogi \u017eaidim\u0173 patirtis leis jums jaustis kaip j\u016bs esate Las Vegase kazino, leid\u017eia jums m\u0117gautis \u017eaidimai, pavyzd\u017eiui, &#034;Texas Hold&#039; em &#034; ir kitus kort\u0173 \u017eaidimus \u012f j\u016bs\u0173 \u0161irdis geid\u017eia. <\/li>\n<li> Be \u012franki\u0173 Surinkimas: taip, sulankstomas funkcija ir saugi spyna, tai blackjack, texas holdem poker lentel\u0117 leid\u017eia jums greitai nustatyti ar sulenkite sand\u0117liavimui. Saugos u\u017eraktas tvirtai garantuoja lentel\u0117, u\u017ekirsti keli\u0105 nuo gri\u016bties ar ateina laisvi, kai sulanks\u010dius. Kai nenaudojate, galite lengvai saugoti j\u012f \u012f kamp\u0105 be u\u017eima per daug vietos. Ji taip pat ateina su dulki\u0173 dangtel\u012f stalo \u0161varus. <\/li>\n<li> Tvirtas ir Stabilus R\u0117mas: kazino, laisvalaikio kortel\u0117 stalo \u017eaidimas, stalo yra auk\u0161tos kokyb\u0117s, tvirtas metalo, plieno r\u0117mo, kuris teikia tvirt\u0105 param\u0105 pokerio stalo. Sutir\u0161tinto stalo kojos, pagamintas i\u0161 auk\u0161tos kokyb\u0117s metalo, u\u017etikrina ilgaam\u017ei\u0161kum\u0105 ir ilgalaik\u012f na\u0161um\u0105. <\/li>\n<li> Patogus Dizainas: Mink\u0161ti porankiai, yra padedamas tarp stalties\u0117 ir valdyba, teikianti tiek komforto ir dulki\u0173 apsauga. Odos pagalv\u0117le aplink kazino, laisvalaikio stalo kra\u0161tai yra atsparus vandeniui, patvarus ir lengva valyti. Kiekvienas \u017eaid\u0117jas, pozicija yra \u012frengta su integruota ner\u016bdijan\u010dio plieno puodeli\u0173 laikikliai, kurie yra erdvus ir gilus, leid\u017eia jums m\u0117gautis savo g\u0117rimai, nesir\u016bpindami apie i\u0161siliejimo. <\/li>\n<li> Lygus ir be Rauk\u0161li\u0173 Man\u0117, Stalo: veltinio, pratybos, lygus ir be rauk\u0161li\u0173, pagamintas i\u0161 d\u0117v\u0117jimuisi atsparios med\u017eiagos. Ji u\u017etikrina skland\u0173 gameplay, be joki\u0173 kliuvini\u0173, kai tikrinant korteles, tvarkymo \u017eetonus, arba atskleisti savo rankas. Net ilgai vartojant, veltinio pavir\u0161iaus, i\u0161lieka nemokamai i\u0161 pilling. <\/li>\n<\/ul>","protected":false},"featured_media":293184,"comment_status":"closed","ping_status":"open","template":"","meta":{"om_disable_all_campaigns":false,"_uf_show_specific_survey":0,"_uf_disable_surveys":false},"location":[1935,1934],"product_brand":[21],"product_cat":[3877,2817,2816,2378],"product_tag":[],"class_list":{"0":"post-32960","1":"product","2":"type-product","3":"status-publish","4":"has-post-thumbnail","6":"location-supplier_stock_location","7":"location-local_stock_location","8":"product_brand-vevor","9":"product_cat-folding-poker-table-top","10":"product_cat-game-room","11":"product_cat-games-sports-outdoors","12":"product_cat-sports-outdoors","14":"first","15":"instock","16":"taxable","17":"shipping-taxable","18":"purchasable","19":"product-type-simple"},"aioseo_notices":[],"locations":[{"id":1935,"name":"Pieg\u0101d\u0101t\u0101ja noliktav\u0101 (5-7d.d.)","slug":"supplier_stock_location","quantity":"33"},{"id":1934,"name":"R\u012bgas veikal\u0101 (0-2d.d.)","slug":"local_stock_location","quantity":"0"}],"_links":{"self":[{"href":"https:\/\/vevorshop.lv\/lt\/wp-json\/wp\/v2\/product\/32960","targetHints":{"allow":["GET"]}}],"collection":[{"href":"https:\/\/vevorshop.lv\/lt\/wp-json\/wp\/v2\/product"}],"about":[{"href":"https:\/\/vevorshop.lv\/lt\/wp-json\/wp\/v2\/types\/product"}],"replies":[{"embeddable":true,"href":"https:\/\/vevorshop.lv\/lt\/wp-json\/wp\/v2\/comments?post=32960"}],"wp:featuredmedia":[{"embeddable":true,"href":"https:\/\/vevorshop.lv\/lt\/wp-json\/wp\/v2\/media\/293184"}],"wp:attachment":[{"href":"https:\/\/vevorshop.lv\/lt\/wp-json\/wp\/v2\/media?parent=32960"}],"wp:term":[{"taxonomy":"location","embeddable":true,"href":"https:\/\/vevorshop.lv\/lt\/wp-json\/wp\/v2\/location?post=32960"},{"taxonomy":"product_brand","embeddable":true,"href":"https:\/\/vevorshop.lv\/lt\/wp-json\/wp\/v2\/product_brand?post=32960"},{"taxonomy":"product_cat","embeddable":true,"href":"https:\/\/vevorshop.lv\/lt\/wp-json\/wp\/v2\/product_cat?post=32960"},{"taxonomy":"product_tag","embeddable":true,"href":"https:\/\/vevorshop.lv\/lt\/wp-json\/wp\/v2\/product_tag?post=32960"}],"curies":[{"name":"wp","href":"https:\/\/api.w.org\/{rel}","templated":true}]}}