{"id":33544,"date":"2024-11-18T23:08:26","date_gmt":"2024-11-18T23:08:26","guid":{"rendered":"http:\/\/vevorshop.edigo.lv\/Prece\/vevor-stand-airless-paint-sprayer-950w-3000psi-high-efficiency-electric-airless-sprayer-with-cart-fine-and-even-painting-effect-paint-sprayers-for-home-interior-and-exterior-furniture-and-fences\/"},"modified":"2026-05-16T08:29:22","modified_gmt":"2026-05-16T05:29:22","slug":"vevor-stand-airless-paint-sprayer-950w-3000psi-high-efficiency-electric-airless-sprayer-with-cart-fine-and-even-painting-effect-paint-sprayers-for-home-interior-and-exterior-furniture-and-fences","status":"publish","type":"product","link":"https:\/\/vevorshop.lv\/lt\/Prece\/vevor-stovas-beoris-dazu-purkstuvas-950w-3000psi-didelio-efektyvumo-elektrinis-beoris-purkstuvas-su-vezimeliu-smulkaus-ir-tolygaus-dazymo-efekto-dazu-purkstuvai-namu-vidaus-ir-isores-baldams-bei-tvoro\/","title":{"rendered":"VEVOR 950W Elektrinis Beorio Da\u017eymo Purk\u0161tuvas su Ve\u017eim\u0117liu, 207 Bar, 2.0 LPM, Vidaus\/I\u0161or\u0117s Baldams ir Tvoroms"},"content":{"rendered":"<div style=\"color: #fff!important; font-size: 16px; height: 24px; line-height: 24px; margin-top: -24px; \" class=\"product_original_name\">VEVOR stovas Beoris da\u017e\u0173 purk\u0161tuvas, 950W 3000PSI Didelio efektyvumo elektrinis beoris purk\u0161tuvas su ve\u017eim\u0117liu, puikus ir tolygus da\u017eymo efektas, da\u017e\u0173 purk\u0161tuvai nam\u0173 interjerui ir i\u0161or\u0117s baldams bei tvoroms<\/div>\n<div style=\"color: #fff!important; font-size: 16px; height: 24px; line-height: 24px; margin-top: -24px; \" class=\"product_sku\">M4I4L5C4<\/div>\n<div style=\"color: #fff!important; font-size: 16px; height: 24px; line-height: 24px; margin-top: -24px; \" class=\"product_mpn\">ZSSGYWQPTJLSXA6A7V2<\/div><div id=\"js-DM_at-goodDescRich\"><html><head><style>  body {    font-family: Arial;    line-height: 1.5;    color: #1c1c1c;    overflow-x: hidden;    margin: 0;    padding: 0;  }  .MsoNormal b {    font-weight: bolder;  }<\/style><style>  .container.small {    width: 970px;    margin: 0 auto;  }  .logo {    margin: 0 auto 0;  }  .logo img {    display: block;    margin: 0 auto;    max-width: 100%;  }  .logo .pc-banner {    display: block;    width: 1200px;    height: 247.4px;    margin: 0 auto;  }  .logo .pc-banner.small {    width: 970px;  }  .logo .pc-banner.small img {    height: auto!important;  }  .logo .m-banner {    display: none;  }  .ytvideo {    position: relative;    height: 546px;    width: 100%;    margin: 0 auto;  }  .ytvideo img {    width: 100%;    margin: 0 auto;  }  .ytvideo .play-btn {    width: 60px;    height: 42px;    position: absolute;    top: 50%;    left: 50%;    transform: translate(-50%, -50%);    background: url(\"data:image\/png;base64,iVBORw0KGgoAAAANSUhEUgAAAGQAAABGCAMAAAANWMFbAAAC+lBMVEUAAADBGB3kLCfBGB3kLCfcJC7BFx3KKSbiKybkLCbWJCPSIiLSIiLPICHAFx3kLCfgKSXNHiDZJiTIGx\/p4eHcjo7LHSDbJyTkLCbjKyfOHyHPIiL28fHJHB\/GGh7EGR7eKCXDGB3RISHlLSbBGB3AFxzGHB7DGB7BGB3hKybkKybAFx3lLCfAFxzDGR3hKibDGB7cJyTmz8\/elJTlwcHjurrUIyLlLSflLSfAFx3DGR7lLSfCFx3hKibhKibhKybjKybkLCblLSfbJSX49vbx7e3NNzjNMTLMJyjVIyLZf3\/ZQ0LaeHjx0tLgoqLkLCfCGB3HGx\/BGB3BFx3PICHCGB7WJCLOHyC\/Fxy\/Fx3lLCfQISHkLSe\/FxzbJiTBFx3FGx\/AGB7BFx3EGR7AGB3HHSDfKiXAFh3TISHYNzbhKibbJyTTIiL57e325+f039\/v2NjUV1fOHiHiqanfmprch4feKSXVIyPOICHmLibFGh\/mLSe\/Fx7XJCPeKSXXJSPNHyHaJyTGGh7lLCbmLCflLSjSIiLkLCbdKSXLHiC\/GB3KHh++Fh3lKyfoLiXcKCPkx8fYb2\/XaGfVXl3aU1LLHiDksbHgKibPICHbJyTfKSXbJyTCGB3KHSDiKybFGh7TIiL\/\/\/\/VIyPRISHIHB\/GGx\/HHB\/DGR7gKibdKCXLHiDZJiTMHiDNHyHYJSTOICHPICHWJCPcKCXXJSPjLCblLCf+\/f3NGR\/uLijzLynPGR\/IGB7WISHaIyLLGh7UAADxLynNAADRLzDbICLQAADIAAD3MCrUHSHXMTDpKSbLAADp5OTij4\/ejo\/VLy\/1LyngJSTcJCPQHx\/OHB7+\/PzaMS\/OLS\/vLijrLSjSAADaNTPwLyjkKSbNJCbYISHPHB\/KGB7WAAD7+vrn3d3aKynTKCjoLCfsKifRGh\/YAADq5+fhjo7QNDXXKCfmJyXt5+fTLzDLLi\/QKivYHRvMGBrQJCXLISPMExXLDxLaEAvkkI\/bOTfaFQ\/SCgpvLcnHAAAAmnRSTlMA+vv7+gT9Bvf9+8z8\/NSv\/Pr5+P7++vnQIBMP\/v38\/Pn348XDiCYf9OjbzcqxXVcx\/fz8+\/rj1r2poo1+fXFqX0orGP7+\/v7+\/fz8+\/r68uzn4trIxsG\/vri3p6GcmZSNbWVYUUZEPQv+\/f39+\/v7+\/v7+vr64tvV1NTTz87FtbSurqeblJKFg4B3bUY+NjL7+\/v7+\/v67t1cDo8JLQAABkRJREFUWMO0kz9rwkAYh0OIeJkum6YugUAhISCdKoj\/P4C7SMdS+gEKIhSKil10LSg4mzXkILdlEpxCpwTiWOLX6BujvQaEQuGeHLnL+\/64J+SIcKGYTYWnntpdLjrVdqvZmNdn0+EE40GtpuuWVS6Xx6N7YDSGpWXpeq02wHgynM7q80az1a52HpddtVcpsi1zFARBrdaxbhp9iUReTGmwA4KAAr7vx3EYejnCMI6hQYEgy0LQi4jUN0wL19vqFcUC9\/1dAKmEEFkWRYkh5oBejnxQJiSJPJ\/uKBp0Thszx9Mw8hMRIQjKsptCfuES9zr5WJY6vSFCIvE9fCMUmEM1A1kSXcYGxgVYsvI1IPKTZciSTI0us\/SMGG04gDzELDoFBwdcFJrF88dqgYMTiL6DILWYyfOWE8\/kIz38olCNlC03FK95+imxp6y4oUSvAnBjHHhKNtotSDqJzVFiK8c2SBqhZtsrTtgrLXwAyduxZHNE26eHUt5rtuM4WSmds3G+sUdWYo1L+XyxButoh5eKUHk5lByO3G1LqqCWVnfrv\/lyPtf\/4ps1cndNGIri8J1TJ0lx6dR\/oPjq1nbRwdp2dCk4CtIOLW3pVKRL6WZfS5vF2KkIQhpwSsjiYIgNCs1gEMGqiIq24NQX9NwoXFy8Ufrl3twTcg4fv8T9\/JBEySduj6Mjm4bMzYV7EEOxKjjoNDud7yY3Dy71Hq2oLmqfbNR723edH9PgMrNL2utoQ3VmaIDkiw\/4w51P06hlZsTZvkRrbVuSIs\/zwSOsycgzStQouoAkWQqioRT5XI7n2Z1wfVhoZmcAJLsoqjqpjbWCgpOAJXBwHK8PzWbNvoUZJND5wCnSkLAkZ1legx6vqQzjoiTahKlGUGLAiIIoABOHaNVw4sexZBym6\/HWlH5h3IC7yRbxtipcWxdTOkORKiNQAEkFf66x5S2oeRbroOlLgg0sSYkR0hRGEqJZ0jTPiQKatESdBckpWigxaapEH0lImHdWu9pUFF2XqMNM2Z4kped7IwEJw2qabwtrQqnpw6HyKkgcadKWsmpywwesDyIhYRpdzXddqegtGIJlXbAIUMOLkGxJUjRIkokwjUaX9d\/kK62ps\/tYUqZLIMkLTyBhsMZ3C5Z\/kDxOSCb\/DOs\/\/J0qcWSX\/2ipe56EgTCA4\/cB7NAYOsni4mZM1MUPAISoEwkDi4lhVBQ1cWQyIcwalw4EpqZN68JUSK7XC0kTlkLYii5uXSC8jT5ncCAS7mjCv0uHp\/3lueHEEAeQ\/\/VgmdN71\/2uCSA1Xr6DO6uI6sW56zqT2tp2PhgiRUAajV8CY2fkcz6WGNKMgLAt7tJAhD4YHMTeRxlALE6+43WqjSWi8ITxyJl8WrwWSNESQZZOqhDDntO3hJLsd5RtSpbJqdv3YrDJH3F7jL1R2O2aQkn2MyCyKYz0GPGIvSAMgBCrCEiJyKbBaYGwLW4uPRr0A0M4Ux5kUI7IBh+hMdiCEWNqhMZGyYMsOgNE58UQuEQeUnSWCMYwL54hkxK6IoqucQZbQ3pc3XtL0lky1dL0zZJJDpWJovFqpWj6JEHnyam2eQp5QRVAVHjWparTOaVwUOx99YS2MvgxIGV0bb+qIg2HX2qkFFJB+XZcbLiuRkuxD9GRroKyveLxdh4d7Orx+hb7qc3uVRuEogCOnyIxm4ubUoPgF4jianDrC+SDQDKEfJb0GUKmjCGPYHGJvVC6X4hw1\/sAfQAdfYyephIaspXe36RwOP+Ljvfx9B6B3i+Nk0DGq+oCbLn6JpBa9nWAveAIHwFAwtVcIJXPMPL8kRu5OAYPMaL1WScTxjiZDqB9LTJSWphow\/pTYKRTLjCBhvi9iBidvKcDasGSm0QQkycYuLBqj6QCELPctqChDWpTRMWkngNNpQ1Pfp1KkiT\/Y0DGffXAweUNfLAfaJFKDwhb6I+bkYRbkERoEeu3Fyjg2opMz2daZCS9jt6Q7txNfB+OZEVF6Zl5web2xunnLQrtrjXseXKaFYziYINeMFZVxS9VxRhOoesYwxPKXm+gWLG9cuFeq93UNNeJNsf1KlwuDok9n02n3TgIJpOxNfL9naIoQwXtfH9kjceTIIi709ncTg6LZbg+biLH1V6u\/7rxBem06VXKn9raAAAAAElFTkSuQmCC\")      no-repeat center center \/ contain;  }  @media screen and (max-width: 960px) and (orientation: portrait) {    .logo {      width: 100%;    }    .logo .pc-banner {      display: none;    }    .logo .m-banner {      display: block;      width: 100%;    }    .logo .m-banner img {      height: auto!important;    }    .ytvideo {      height: 200px;      width: 100%;    }  }<\/style><style>  .video-section {    width: 100%;    margin: 0 auto;  }  .video-section > img {    width: 100%;  }  .video-section iframe,  .video-section video {    width: 100%;    height: 100%;      }  .video-section-img-m,  .video-section-img-pc > img {    width: 100%;    height: auto;  }  .video-section-img-pc.small > img {    width: 970px;  }  .video-desc {    line-height: 1.5;    font-size: 20px;    font-weight: 400;    margin: 20px 0;    text-align: center;    color: #0f1111;    word-break: break-word;  }  @media screen and (max-width: 960px) and (orientation: portrait) {    .video-section {      width: 100%;    }    .video-section-pc,    .video-section-img-pc {      display: none;    }    .video-section-m,    .video-section-img-m {      display: block;    }    .video-desc {      font-size: 15px;    }  }  @media screen and (min-width: 960px) {    .video-section {      width: 100%;      margin: 0 auto;    }    .video-section-pc,    .video-section-img-pc {      display: block;    }    .video-section-m,    .video-section-img-m {      display: none;    }    .video-desc {      font-size: 20px;    }  }<\/style><style>  .section + .section {    margin-top: 35px;  }  .section-title {    text-align: center;    font-weight: bold;    color: #0d1111;    font-family: \"Arial\";    font-size: 32px;    margin: 15px 0;  }  .section-title:empty {    display: none;  }  .section-desc {    text-align: center;    font-weight: normal;    color: #0d1111;    margin-top: 20px;  }  .section-desc:empty {    display: none;  }  .section-img {    width: 1200px;    height: 492px;    margin: 0 auto;    display: block;  }  .section-img.small {    width: 970px;    height: auto;  }  .section-img.small > img {    height: auto;  }  .section-img > img {    width: 100%;    height: 100%;  }  .section-mobile-img {    display: none;    max-width: 100vw;    max-height: 75vw;    height: 450px;    margin: 0 auto;  }  .section-mobile-img > img {    width: 100%;    height: 100%;  }  @media screen and (max-width: 960px) and (orientation: portrait) {    .container {      width: 100%;    }    .container.small {      width: 100%;    }    .section-mobile-img {      display: block;    }    .section-img {      display: none;    }    .section-title {      font-size: 22px;      margin: 10px 0;    }    .section-desc {      margin-top: 10px;    }    .section + .section {      margin-top: 20px;    }  }<\/style><\/head><body><div class=\"container\"><div class=\"logo\"><div class=\"pc-banner\"><div><img decoding=\"async\" src=\"\/vevor\/vevor\/boutique-banner\/pc\/en-pc@1x.jpg\" style=\"width: 100%;\" \/><\/div><\/div><div class=\"m-banner\"><div><img decoding=\"async\" src=\"\/vevor\/vevor\/boutique-banner\/mobile\/en-m@1x.jpg\" style=\"width: 100%;\" \/><\/div><\/div><\/div><div class=\"section-title\">Pur\u0161kimo Like a Pro su VEVOR Stov\u0117ti Da\u017e\u0173 Purk\u0161tuvu Beoriu<\/div><div class=\"video-section\"><div class=\"video-section-img-pc\"><img decoding=\"async\" src=\"\/vevor\/product\/ZSSGYWQPTJLSXA6A7\/airless-paint-sprayer-a100-1.4.jpg\" \/><\/div><div class=\"video-section-img-m\"><img decoding=\"async\" src=\"\/vevor\/product\/ZSSGYWQPTJLSXA6A7\/airless-paint-sprayer-a100-1.4-m.jpg\" \/><\/div><div class=\"section-desc\">M\u016bs\u0173 stovintis beoris da\u017e\u0173 purk\u0161tuvas padidina gali\u0105 45%, o sraut\u0105 padidina 56%. Jei galia pasieks 3000 PSI, nuolat pasieksite skland\u017eias, tolygias dangas, nesvarbu, kokio dyd\u017eio j\u016bs\u0173 projektas.<\/div><\/div><div class=\"section\"><div class=\"section-title\"><\/div><div class=\"section-img\"><img decoding=\"async\" src=\"\/vevor\/product\/ZSSGYWQPTJLSXA6A7\/airless-paint-sprayer-a100-2.2.jpg\" \/><\/div><div class=\"section-mobile-img\"><img decoding=\"async\" src=\"\/vevor\/product\/ZSSGYWQPTJLSXA6A7\/airless-paint-sprayer-a100-2.2-m.jpg\" \/><\/div><div class=\"section-desc\">Lengvai surinkite da\u017e\u0173 stor\u012f, kad gautum\u0117te tikslius rezultatus. Nesvarbu, ar baig\u0117te profesionali\u0105 kokyb\u0119, ar greitai, m\u016bs\u0173 beoris da\u017e\u0173 purk\u0161tuvas jus dengia.<\/div><\/div><div class=\"section\"><div class=\"section-title\"><\/div><div class=\"section-img\"><img decoding=\"async\" src=\"\/vevor\/product\/ZSSGYWQPTJLSXA6A7\/airless-paint-sprayer-a100-2.3.jpg\" \/><\/div><div class=\"section-mobile-img\"><img decoding=\"async\" src=\"\/vevor\/product\/ZSSGYWQPTJLSXA6A7\/airless-paint-sprayer-a100-2.3-m.jpg\" \/><\/div><div class=\"section-desc\">Ventiliatoriaus formos dulkinimo auk\u0161to sl\u0117gio pur\u0161kimo pistoletas u\u017etikrina gerai, net ir dr\u0117kinantis ir minimalus da\u017e\u0173 nuostoli\u0173, palyginti su tradiciniais metodais. Ypa\u010d didelis didelis plotas, da\u017e\u0173 purk\u0161tuvas padvigubina j\u016bs\u0173 darbo efektyvum\u0105.<\/div><\/div><div class=\"section\"><div class=\"section-title\"><\/div><div class=\"section-img\"><img decoding=\"async\" src=\"\/vevor\/product\/ZSSGYWQPTJLSXA6A7\/airless-paint-sprayer-a100-2.4.jpg\" \/><\/div><div class=\"section-mobile-img\"><img decoding=\"async\" src=\"\/vevor\/product\/ZSSGYWQPTJLSXA6A7\/airless-paint-sprayer-a100-2.4-m.jpg\" \/><\/div><div class=\"section-desc\">Vie\u0161butyje yra atsparus korozijai chrome frame&#034;, patvarumo ir estetika. M\u016bs\u0173 da\u017e\u0173 beoriu purk\u0161tuvu \u017eymiai suma\u017eina rizik\u0105 u\u017ekem\u0161a ir nutek\u0117jimas, teikian\u010di\u0173 ekologi\u0161kas ir vienodai tapyba. Guminiai ratai atlikti manevravimo lengvas.<\/div><\/div><div class=\"section\"><div class=\"section-title\"><\/div><div class=\"section-img\"><img decoding=\"async\" src=\"\/vevor\/product\/ZSSGYWQPTJLSXA6A7\/airless-paint-sprayer-a100-2.5.jpg\" \/><\/div><div class=\"section-mobile-img\"><img decoding=\"async\" src=\"\/vevor\/product\/ZSSGYWQPTJLSXA6A7\/airless-paint-sprayer-a100-2.5-m.jpg\" \/><\/div><div class=\"section-desc\">M\u016bs\u0173 st\u016bmoklio stiliaus auk\u0161to sl\u0117gio beoriu da\u017eymo purk\u0161tuvas pasi\u017eymi tuo, sien\u0173, lub\u0173 ir bald\u0173 pavir\u0161i\u0173, tod\u0117l didelio masto tapybos efektyvus, vienod\u0105, ir auk\u0161tos kokyb\u0117s.<\/div><\/div><div class=\"section\"><div class=\"section-img\"><img decoding=\"async\" src=\"\/vevor\/product\/ZSSGYWQPTJLSXA6A7\/airless-paint-sprayer-a100-1.11.jpg\" \/><\/div><div class=\"section-mobile-img\"><img decoding=\"async\" src=\"\/vevor\/product\/ZSSGYWQPTJLSXA6A7\/airless-paint-sprayer-a100-1.11-m.jpg\" \/><\/div><\/div><\/div><\/body><\/html><\/div>\n<div class=\"DM_at-title\" id=\"js-DM_at-title\"> <div>Produkto specifikacija<\/div> <i class=\"icon-arrowup_line\"><\/i> <\/div><div class=\"DM_at-goodsDescAttr\" id=\"js-DM_at-goodsDescAttr\"> <div class=\"DM_at-goodsDescAttrInner\"> <dl class=\"goodsDesc_item goodsDesc_item_even\"> <dt>Prek\u0117s Modelio Numeris<\/dt> <dd> RP8628 plius<\/dd> <\/dl> <dl class=\"goodsDesc_item\"> <dt>Galia<\/dt> <dd> 950W<\/dd> <\/dl> <dl class=\"goodsDesc_item goodsDesc_item_even\"> <dt>Kasmet Da\u017e\u0173 T\u016bris<\/dt> <dd> 400 Galon\u0173 per metus<\/dd> <\/dl> <dl class=\"goodsDesc_item\"> <dt>Maksimalus Sl\u0117gis<\/dt> <dd> 3000psi<\/dd> <\/dl> <dl class=\"goodsDesc_item goodsDesc_item_even\"> <dt>Maks. Srautas<\/dt> <dd> Ne ma\u017eiau kaip 2,0 l \/ m<\/dd> <\/dl> <dl class=\"goodsDesc_item\"> <dt>Auk\u0161to Sl\u0117gio \u017darnos Ilgis<\/dt> <dd> 50 ft \/ 15 m<\/dd> <\/dl> <dl class=\"goodsDesc_item goodsDesc_item_even\"> <dt>Antgalis Modelis<\/dt> <dd> 517<\/dd> <\/dl> <dl class=\"goodsDesc_item\"> <dt>Neto Svoris<\/dt> <dd> 28.7 svar\u0173 \/ 13 kg<\/dd> <\/dl> <\/div> <\/div>","protected":false},"excerpt":{"rendered":"<ul>\n<li> Efektyvus Da\u017eymas: M\u016bs\u0173 stendas beoriu da\u017eymo purk\u0161tuvas yra \u012frengta galinga 950W variklis, galin\u010dios gabenti iki 3000 psi sl\u0117g\u012f, greitai apima didelius plotus. Su did\u017eiausia srautas, 2.0 LPM, tod\u0117l da\u017eymo darbus daugiau nepertraukiamo ir skland\u017eiai, tai iki 5 kart\u0173 grei\u010diau nei gele\u017einkeli\u0173 ir 12 kart\u0173 grei\u010diau nei valyti, tinka vidutinio dyd\u017eio ir dideli\u0173 tapybos u\u017eduotis. <\/li>\n<li> Vienodas Tapyba Poveikis: nereikia jaudintis u\u017ekem\u0161a ir nuot\u0117kio su m\u016bs\u0173 beoriu da\u017e\u0173 purk\u0161tuvas. Profesional\u016bs priedai ir v\u0117duokl\u0117s formos garinimo technologija u\u017etikrina, kad kiekvien\u0105 tapybos pasiekia net ir baudos rezultatas, o taip pat, kad aplink\u0105 tausojan\u010di\u0173 ir da\u017e\u0173 taupymo. <\/li>\n<li> Laiko patikrinta Ilgaam\u017ei\u0161kumas: M\u016bs\u0173 da\u017e\u0173 purk\u0161tuvas funkcij\u0173, reguliuojamas variklio, profesin\u0117s gumin\u0117s \u017earnos, ir vis\u0105 metalo r\u0117mas, \u017einomas d\u0117l auk\u0161tos kokyb\u0117s, didelio stiprumo, atsparumo dilimui ir \u0161ilumos var\u017ea. Jis be vargo rankenos problemas \u012fvairi\u0173 spalvinimo u\u017eduo\u010di\u0173. <\/li>\n<li> Vartotojui Draugi\u0161kas Dizainas: rat\u0173 konstrukcija leid\u017eia lengvai perkelti da\u017e\u0173 beoriu purk\u0161tuvu \u012f bet kuri\u0105 viet\u0105. Siurblio korpuso yra nuimamas lengva valyti su komplekte valymo \u0161epet\u0117lis, tod\u0117l j\u012f lengva valyti, ply\u0161i\u0173 ir kamp\u0173. Taip pat galite naudoti prat\u0119simo poli\u0173 auk\u0161tas arba pa\u017eemio darb\u0105, na\u0161tos ma\u017einimo lenkimo arba alpinizmas. <\/li>\n<li> Begalinis Grei\u010dio reguliavimas: J\u016bs galite reguliuoti greit\u012f elektrinis da\u017e\u0173 purk\u0161tuvas pagal skirtingus da\u017eymo scenarijus, med\u017eiag\u0173 r\u016b\u0161is ir storis reikalavimus. Kai apima didelius plotus, galite naudoti \u017eemos pavaros suma\u017einti da\u017e\u0173 vartojim\u0105 ir suma\u017einti s\u0105naudas. <\/li>\n<\/ul>","protected":false},"featured_media":294069,"comment_status":"closed","ping_status":"open","template":"","meta":{"om_disable_all_campaigns":false,"_uf_show_specific_survey":0,"_uf_disable_surveys":false},"location":[1935,1934],"product_brand":[21],"product_cat":[2904,2683,2685,2686,2684,2905],"product_tag":[],"class_list":{"0":"post-33544","1":"product","2":"type-product","3":"status-publish","4":"has-post-thumbnail","6":"location-supplier_stock_location","7":"location-local_stock_location","8":"product_brand-vevor","9":"product_cat-airless-paint-sprayers","10":"product_cat-paint","11":"product_cat-paint-applicators","12":"product_cat-paint-sprayers","13":"product_cat-paint-supplies","14":"product_cat-plunger-type-airless-sprayer","16":"first","17":"instock","18":"taxable","19":"shipping-taxable","20":"purchasable","21":"product-type-simple"},"aioseo_notices":[],"locations":[{"id":1935,"name":"Pieg\u0101d\u0101t\u0101ja noliktav\u0101 (5-7d.d.)","slug":"supplier_stock_location","quantity":"490"},{"id":1934,"name":"R\u012bgas veikal\u0101 (0-2d.d.)","slug":"local_stock_location","quantity":"0"}],"_links":{"self":[{"href":"https:\/\/vevorshop.lv\/lt\/wp-json\/wp\/v2\/product\/33544","targetHints":{"allow":["GET"]}}],"collection":[{"href":"https:\/\/vevorshop.lv\/lt\/wp-json\/wp\/v2\/product"}],"about":[{"href":"https:\/\/vevorshop.lv\/lt\/wp-json\/wp\/v2\/types\/product"}],"replies":[{"embeddable":true,"href":"https:\/\/vevorshop.lv\/lt\/wp-json\/wp\/v2\/comments?post=33544"}],"wp:featuredmedia":[{"embeddable":true,"href":"https:\/\/vevorshop.lv\/lt\/wp-json\/wp\/v2\/media\/294069"}],"wp:attachment":[{"href":"https:\/\/vevorshop.lv\/lt\/wp-json\/wp\/v2\/media?parent=33544"}],"wp:term":[{"taxonomy":"location","embeddable":true,"href":"https:\/\/vevorshop.lv\/lt\/wp-json\/wp\/v2\/location?post=33544"},{"taxonomy":"product_brand","embeddable":true,"href":"https:\/\/vevorshop.lv\/lt\/wp-json\/wp\/v2\/product_brand?post=33544"},{"taxonomy":"product_cat","embeddable":true,"href":"https:\/\/vevorshop.lv\/lt\/wp-json\/wp\/v2\/product_cat?post=33544"},{"taxonomy":"product_tag","embeddable":true,"href":"https:\/\/vevorshop.lv\/lt\/wp-json\/wp\/v2\/product_tag?post=33544"}],"curies":[{"name":"wp","href":"https:\/\/api.w.org\/{rel}","templated":true}]}}