{"id":34717,"date":"2024-11-19T00:10:00","date_gmt":"2024-11-19T00:10:00","guid":{"rendered":"http:\/\/vevorshop.edigo.lv\/Prece\/vevor-7x7-ft-baseball-softball-practice-net-portable-baseball-training-net-for-hitting-batting-catching-pitching-backstop-baseball-equipment-with-bow-frame-carry-bag-strike-zone-ball-batting-tee\/"},"modified":"2026-03-31T10:48:04","modified_gmt":"2026-03-31T07:48:04","slug":"vevor-7x7-ft-baseball-softball-practice-net-portable-baseball-training-net-for-hitting-batting-catching-pitching-backstop-baseball-equipment-with-bow-frame-carry-bag-strike-zone-ball-batting-tee","status":"publish","type":"product","link":"https:\/\/vevorshop.lv\/lt\/Prece\/vevor-7x7-ft-baseball-softball-practice-net-portable-baseball-training-net-for-hitting-batting-catching-pitching-backstop-baseball-equipment-with-bow-frame-carry-bag-strike-zone-ball-batting-tee\/","title":{"rendered":"VEVOR 213&#215;213 cm Baseball Softball Practice Net Set with Tee, 2.8 in Ball, Strike Zone, Bow Frame &amp; Carry Bag"},"content":{"rendered":"<div style=\"color: #fff!important; font-size: 16px; height: 24px; line-height: 24px; margin-top: -24px; \" class=\"product_original_name\">VEVOR 7x7 ft Baseball Softball Practice Net, Portable Baseball Training Net for Hitting Batting Catching Pitching, Backstop Baseball Equipment with Bow Frame, Carry Bag, Strike Zone, Ball, Batting Tee<\/div>\n<div style=\"color: #fff!important; font-size: 16px; height: 24px; line-height: 24px; margin-top: -24px; \" class=\"product_sku\">M4I4L6ZF<\/div>\n<div style=\"color: #fff!important; font-size: 16px; height: 24px; line-height: 24px; margin-top: -24px; \" class=\"product_mpn\">77YCDPJXLW77KXG8YV0<\/div><div id=\"js-DM_at-goodDescRich\"><html><head><style>  body {    font-family: Arial;    line-height: 1.5;    color: #1c1c1c;    overflow-x: hidden;    margin: 0;    padding: 0;  }  .MsoNormal b {    font-weight: bolder;  }<\/style><style>  .container.small {    width: 970px;    margin: 0 auto;  }  .logo {    margin: 0 auto 0;  }  .logo img {    display: block;    margin: 0 auto;    max-width: 100%;  }  .logo .pc-banner {    display: block;    width: 1200px;    height: 247.4px;    margin: 0 auto;  }  .logo .pc-banner.small {    width: 970px;  }  .logo .pc-banner.small img {    height: auto!important;  }  .logo .m-banner {    display: none;  }  .ytvideo {    position: relative;    height: 546px;    width: 100%;    margin: 0 auto;  }  .ytvideo img {    width: 100%;    margin: 0 auto;  }  .ytvideo .play-btn {    width: 60px;    height: 42px;    position: absolute;    top: 50%;    left: 50%;    transform: translate(-50%, -50%);    background: url(\"data:image\/png;base64,iVBORw0KGgoAAAANSUhEUgAAAGQAAABGCAMAAAANWMFbAAAC+lBMVEUAAADBGB3kLCfBGB3kLCfcJC7BFx3KKSbiKybkLCbWJCPSIiLSIiLPICHAFx3kLCfgKSXNHiDZJiTIGx\/p4eHcjo7LHSDbJyTkLCbjKyfOHyHPIiL28fHJHB\/GGh7EGR7eKCXDGB3RISHlLSbBGB3AFxzGHB7DGB7BGB3hKybkKybAFx3lLCfAFxzDGR3hKibDGB7cJyTmz8\/elJTlwcHjurrUIyLlLSflLSfAFx3DGR7lLSfCFx3hKibhKibhKybjKybkLCblLSfbJSX49vbx7e3NNzjNMTLMJyjVIyLZf3\/ZQ0LaeHjx0tLgoqLkLCfCGB3HGx\/BGB3BFx3PICHCGB7WJCLOHyC\/Fxy\/Fx3lLCfQISHkLSe\/FxzbJiTBFx3FGx\/AGB7BFx3EGR7AGB3HHSDfKiXAFh3TISHYNzbhKibbJyTTIiL57e325+f039\/v2NjUV1fOHiHiqanfmprch4feKSXVIyPOICHmLibFGh\/mLSe\/Fx7XJCPeKSXXJSPNHyHaJyTGGh7lLCbmLCflLSjSIiLkLCbdKSXLHiC\/GB3KHh++Fh3lKyfoLiXcKCPkx8fYb2\/XaGfVXl3aU1LLHiDksbHgKibPICHbJyTfKSXbJyTCGB3KHSDiKybFGh7TIiL\/\/\/\/VIyPRISHIHB\/GGx\/HHB\/DGR7gKibdKCXLHiDZJiTMHiDNHyHYJSTOICHPICHWJCPcKCXXJSPjLCblLCf+\/f3NGR\/uLijzLynPGR\/IGB7WISHaIyLLGh7UAADxLynNAADRLzDbICLQAADIAAD3MCrUHSHXMTDpKSbLAADp5OTij4\/ejo\/VLy\/1LyngJSTcJCPQHx\/OHB7+\/PzaMS\/OLS\/vLijrLSjSAADaNTPwLyjkKSbNJCbYISHPHB\/KGB7WAAD7+vrn3d3aKynTKCjoLCfsKifRGh\/YAADq5+fhjo7QNDXXKCfmJyXt5+fTLzDLLi\/QKivYHRvMGBrQJCXLISPMExXLDxLaEAvkkI\/bOTfaFQ\/SCgpvLcnHAAAAmnRSTlMA+vv7+gT9Bvf9+8z8\/NSv\/Pr5+P7++vnQIBMP\/v38\/Pn348XDiCYf9OjbzcqxXVcx\/fz8+\/rj1r2poo1+fXFqX0orGP7+\/v7+\/fz8+\/r68uzn4trIxsG\/vri3p6GcmZSNbWVYUUZEPQv+\/f39+\/v7+\/v7+vr64tvV1NTTz87FtbSurqeblJKFg4B3bUY+NjL7+\/v7+\/v67t1cDo8JLQAABkRJREFUWMO0kz9rwkAYh0OIeJkum6YugUAhISCdKoj\/P4C7SMdS+gEKIhSKil10LSg4mzXkILdlEpxCpwTiWOLX6BujvQaEQuGeHLnL+\/64J+SIcKGYTYWnntpdLjrVdqvZmNdn0+EE40GtpuuWVS6Xx6N7YDSGpWXpeq02wHgynM7q80az1a52HpddtVcpsi1zFARBrdaxbhp9iUReTGmwA4KAAr7vx3EYejnCMI6hQYEgy0LQi4jUN0wL19vqFcUC9\/1dAKmEEFkWRYkh5oBejnxQJiSJPJ\/uKBp0Thszx9Mw8hMRIQjKsptCfuES9zr5WJY6vSFCIvE9fCMUmEM1A1kSXcYGxgVYsvI1IPKTZciSTI0us\/SMGG04gDzELDoFBwdcFJrF88dqgYMTiL6DILWYyfOWE8\/kIz38olCNlC03FK95+imxp6y4oUSvAnBjHHhKNtotSDqJzVFiK8c2SBqhZtsrTtgrLXwAyduxZHNE26eHUt5rtuM4WSmds3G+sUdWYo1L+XyxButoh5eKUHk5lByO3G1LqqCWVnfrv\/lyPtf\/4ps1cndNGIri8J1TJ0lx6dR\/oPjq1nbRwdp2dCk4CtIOLW3pVKRL6WZfS5vF2KkIQhpwSsjiYIgNCs1gEMGqiIq24NQX9NwoXFy8Ufrl3twTcg4fv8T9\/JBEySduj6Mjm4bMzYV7EEOxKjjoNDud7yY3Dy71Hq2oLmqfbNR723edH9PgMrNL2utoQ3VmaIDkiw\/4w51P06hlZsTZvkRrbVuSIs\/zwSOsycgzStQouoAkWQqioRT5XI7n2Z1wfVhoZmcAJLsoqjqpjbWCgpOAJXBwHK8PzWbNvoUZJND5wCnSkLAkZ1legx6vqQzjoiTahKlGUGLAiIIoABOHaNVw4sexZBym6\/HWlH5h3IC7yRbxtipcWxdTOkORKiNQAEkFf66x5S2oeRbroOlLgg0sSYkR0hRGEqJZ0jTPiQKatESdBckpWigxaapEH0lImHdWu9pUFF2XqMNM2Z4kped7IwEJw2qabwtrQqnpw6HyKkgcadKWsmpywwesDyIhYRpdzXddqegtGIJlXbAIUMOLkGxJUjRIkokwjUaX9d\/kK62ps\/tYUqZLIMkLTyBhsMZ3C5Z\/kDxOSCb\/DOs\/\/J0qcWSX\/2ipe56EgTCA4\/cB7NAYOsni4mZM1MUPAISoEwkDi4lhVBQ1cWQyIcwalw4EpqZN68JUSK7XC0kTlkLYii5uXSC8jT5ncCAS7mjCv0uHp\/3lueHEEAeQ\/\/VgmdN71\/2uCSA1Xr6DO6uI6sW56zqT2tp2PhgiRUAajV8CY2fkcz6WGNKMgLAt7tJAhD4YHMTeRxlALE6+43WqjSWi8ITxyJl8WrwWSNESQZZOqhDDntO3hJLsd5RtSpbJqdv3YrDJH3F7jL1R2O2aQkn2MyCyKYz0GPGIvSAMgBCrCEiJyKbBaYGwLW4uPRr0A0M4Ux5kUI7IBh+hMdiCEWNqhMZGyYMsOgNE58UQuEQeUnSWCMYwL54hkxK6IoqucQZbQ3pc3XtL0lky1dL0zZJJDpWJovFqpWj6JEHnyam2eQp5QRVAVHjWparTOaVwUOx99YS2MvgxIGV0bb+qIg2HX2qkFFJB+XZcbLiuRkuxD9GRroKyveLxdh4d7Orx+hb7qc3uVRuEogCOnyIxm4ubUoPgF4jianDrC+SDQDKEfJb0GUKmjCGPYHGJvVC6X4hw1\/sAfQAdfYyephIaspXe36RwOP+Ljvfx9B6B3i+Nk0DGq+oCbLn6JpBa9nWAveAIHwFAwtVcIJXPMPL8kRu5OAYPMaL1WScTxjiZDqB9LTJSWphow\/pTYKRTLjCBhvi9iBidvKcDasGSm0QQkycYuLBqj6QCELPctqChDWpTRMWkngNNpQ1Pfp1KkiT\/Y0DGffXAweUNfLAfaJFKDwhb6I+bkYRbkERoEeu3Fyjg2opMz2daZCS9jt6Q7txNfB+OZEVF6Zl5web2xunnLQrtrjXseXKaFYziYINeMFZVxS9VxRhOoesYwxPKXm+gWLG9cuFeq93UNNeJNsf1KlwuDok9n02n3TgIJpOxNfL9naIoQwXtfH9kjceTIIi709ncTg6LZbg+biLH1V6u\/7rxBem06VXKn9raAAAAAElFTkSuQmCC\")      no-repeat center center \/ contain;  }  @media screen and (max-width: 960px) and (orientation: portrait) {    .logo {      width: 100%;    }    .logo .pc-banner {      display: none;    }    .logo .m-banner {      display: block;      width: 100%;    }    .logo .m-banner img {      height: auto!important;    }    .ytvideo {      height: 200px;      width: 100%;    }  }<\/style><style>  .video-section {    width: 100%;    margin: 0 auto;  }  .video-section > img {    width: 100%;  }  .video-section iframe,  .video-section video {    width: 100%;    height: 100%;      }  .video-section-img-m,  .video-section-img-pc > img {    width: 100%;    height: auto;  }  .video-section-img-pc.small > img {    width: 970px;  }  .video-desc {    line-height: 1.5;    font-size: 20px;    font-weight: 400;    margin: 20px 0;    text-align: center;    color: #0f1111;    word-break: break-word;  }  @media screen and (max-width: 960px) and (orientation: portrait) {    .video-section {      width: 100%;    }    .video-section-pc,    .video-section-img-pc {      display: none;    }    .video-section-m,    .video-section-img-m {      display: block;    }    .video-desc {      font-size: 15px;    }  }  @media screen and (min-width: 960px) {    .video-section {      width: 100%;      margin: 0 auto;    }    .video-section-pc,    .video-section-img-pc {      display: block;    }    .video-section-m,    .video-section-img-m {      display: none;    }    .video-desc {      font-size: 20px;    }  }<\/style><style>  .section + .section {    margin-top: 35px;  }  .section-title {    text-align: center;    font-weight: bold;    color: #0d1111;    font-family: \"Arial\";    font-size: 32px;    margin: 15px 0;  }  .section-title:empty {    display: none;  }  .section-desc {    text-align: center;    font-weight: normal;    color: #0d1111;    margin-top: 20px;  }  .section-desc:empty {    display: none;  }  .section-img {    width: 1200px;    height: 492px;    margin: 0 auto;    display: block;  }  .section-img.small {    width: 970px;    height: auto;  }  .section-img.small > img {    height: auto;  }  .section-img > img {    width: 100%;    height: 100%;  }  .section-mobile-img {    display: none;    max-width: 100vw;    max-height: 75vw;    height: 450px;    margin: 0 auto;  }  .section-mobile-img > img {    width: 100%;    height: 100%;  }  @media screen and (max-width: 960px) and (orientation: portrait) {    .container {      width: 100%;    }    .container.small {      width: 100%;    }    .section-mobile-img {      display: block;    }    .section-img {      display: none;    }    .section-title {      font-size: 22px;      margin: 10px 0;    }    .section-desc {      margin-top: 10px;    }    .section + .section {      margin-top: 20px;    }  }<\/style><\/head><body><div class=\"container\"><div class=\"logo\"><div class=\"pc-banner\"><div><img decoding=\"async\" src=\"\/vevor\/vevor\/boutique-banner\/pc\/en-pc@1x.jpg\" style=\"width: 100%;\" \/><\/div><\/div><div class=\"m-banner\"><div><img decoding=\"async\" src=\"\/vevor\/vevor\/boutique-banner\/mobile\/en-m@1x.jpg\" style=\"width: 100%;\" \/><\/div><\/div><\/div><div class=\"section-title\">Paspaudus Vatinas \u017d\u016bkl\u0117s Pitching Mokymo Ju<\/div><div class=\"video-section\"><div class=\"video-section-img-pc\"><img decoding=\"async\" src=\"\/vevor\/product\/77YCDPJXLW77KXG8Y\/train-net-a100-1.4.jpg\" alt=\"VEVOR baseball practice net with nine-hole target frame, durable 7x7ft for baseball and softball training.\" \/><\/div><div class=\"video-section-img-m\"><img decoding=\"async\" src=\"\/vevor\/product\/77YCDPJXLW77KXG8Y\/train-net-a100-1.4-m.jpg\" alt=\"VEVOR baseball practice net with nine-hole target frame, durable 7x7ft for baseball and softball training.\" \/><\/div><div class=\"section-desc\">M\u016bs\u0173 beisbolo tinklas u\u017etikrina auk\u0161\u010diausios mokymo patirt\u012f. \u0160is r\u0117melis pagerina pataikyti tikslum\u0105 ir suma\u017eina pertekli\u0173 pasi\u016blym\u0105. Toks mokymas leid\u017eia \u017eaid\u0117jams greitai meistras pagrindin\u0117s beisbolo \u012fg\u016bd\u017eius ir pagerinti j\u0173 kamuol\u012f administracijos ir kontrol\u0117s.<\/div><\/div><div class=\"section\"><div class=\"section-title\"><\/div><div class=\"section-img\"><img decoding=\"async\" src=\"\/vevor\/product\/77YCDPJXLW77KXG8Y\/train-net-a100-2.2.jpg\" alt=\"VEVOR baseball practice net with fiberglass rods, steel base, corner ropes, and durable polyester mesh.\" \/><\/div><div class=\"section-mobile-img\"><img decoding=\"async\" src=\"\/vevor\/product\/77YCDPJXLW77KXG8Y\/train-net-a100-2.2-m.jpg\" alt=\"VEVOR baseball practice net with fiberglass rods, steel base, corner ropes, and durable polyester mesh.\" \/><\/div><div class=\"section-desc\">M\u016bs\u0173 langai su stiklo strypai, kuri\u0173 skersmuo 12,7 mm, pasi\u016blyti didesn\u0117s stiprumo, elastingumo ir atsparumo oro s\u0105lygoms. Jie gali b\u016bti naudojami lauke ilgesn\u012f laik\u0105 be sen\u0117jimo po\u017eymiai arba tampa trap\u016bs, tod\u0117l ilgesnis tarnavimo ir ma\u017eai i\u0161laikymo s\u0105naud\u0173.<\/div><\/div><div class=\"section\"><div class=\"section-title\"><\/div><div class=\"section-img\"><img decoding=\"async\" src=\"\/vevor\/product\/77YCDPJXLW77KXG8Y\/train-net-a100-2.3.jpg\" alt=\"adjustable batting tee with VEVOR baseball practice net, suitable for all ages, includes sandball for skill enhancement.\" \/><\/div><div class=\"section-mobile-img\"><img decoding=\"async\" src=\"\/vevor\/product\/77YCDPJXLW77KXG8Y\/train-net-a100-2.3-m.jpg\" alt=\"adjustable batting tee with VEVOR baseball practice net, suitable for all ages, includes sandball for skill enhancement.\" \/><\/div><div class=\"section-desc\">The sand-filled ball is heavier than a regular baseball and is primarily used in training to increase a player's hitting power and throwing speed. Its design helps players enhance their muscle strength and throwing techniques. Suitable for players of all levels.<\/div><\/div><div class=\"section\"><div class=\"section-title\"><\/div><div class=\"section-img\"><img decoding=\"async\" src=\"\/vevor\/product\/77YCDPJXLW77KXG8Y\/train-net-a100-2.4.jpg\" alt=\"VEVOR baseball practice net with carry bag, perfect for indoor and outdoor use, lightweight at 15.7 lbs.\" \/><\/div><div class=\"section-mobile-img\"><img decoding=\"async\" src=\"\/vevor\/product\/77YCDPJXLW77KXG8Y\/train-net-a100-2.4-m.jpg\" alt=\"VEVOR baseball practice net with carry bag, perfect for indoor and outdoor use, lightweight at 15.7 lbs.\" \/><\/div><div class=\"section-desc\">\u0160is 600D laikymo mai\u0161elis gali b\u016bti daugiau svorio, ir atlaikyti nusid\u0117v\u0117jim\u0105. Be to, ji turi puik\u0173 oro-atsparumas sen\u0117jimo ir yra atsparios chemin\u0117s korozijos, oksidacijos, ir yra antipireno savybi\u0173, geriau stabilumo, patvarumo, ir ilgesnis tarnavimo laikas.<\/div><\/div><div class=\"section\"><div class=\"section-title\"><\/div><div class=\"section-img\"><img decoding=\"async\" src=\"\/vevor\/product\/77YCDPJXLW77KXG8Y\/train-net-a100-2.5.jpg\" alt=\"detailed setup instructions for VEVOR baseball practice net with images showing step-by-step assembly.\" \/><\/div><div class=\"section-mobile-img\"><img decoding=\"async\" src=\"\/vevor\/product\/77YCDPJXLW77KXG8Y\/train-net-a100-2.5-m.jpg\" alt=\"detailed setup instructions for VEVOR baseball practice net with images showing step-by-step assembly.\" \/><\/div><div class=\"section-desc\">1. Before installation, please read the manual, as incorrect assembly can lead to damage. 2. This net contains small parts, not suitable for children under 3 years of age. 3. Avoid pinching when installing joint parts. 4. Do not climb or pull violently. 8. Regularly inspect the training net.<\/div><\/div><div class=\"section\"><div class=\"section-img\"><img decoding=\"async\" src=\"\/vevor\/product\/77YCDPJXLW77KXG8Y\/train-net-a100-1.11.jpg\" alt=\"VEVOR baseball practice net with 420d oxford cloth, carbon steel support, and fiberglass rod frame.\" \/><\/div><div class=\"section-mobile-img\"><img decoding=\"async\" src=\"\/vevor\/product\/77YCDPJXLW77KXG8Y\/train-net-a100-1.11-m.jpg\" alt=\"VEVOR baseball practice net with 420d oxford cloth, carbon steel support, and fiberglass rod frame.\" \/><\/div><\/div><\/div><\/body><\/html><\/div>\n<div class=\"DM_at-title\" id=\"js-DM_at-title\"> <div>Produkto specifikacija<\/div> <i class=\"icon-arrowup_line\"><\/i> <\/div><div class=\"DM_at-goodsDescAttr\" id=\"js-DM_at-goodsDescAttr\"> <div class=\"DM_at-goodsDescAttrInner\"> <dl class=\"goodsDesc_item goodsDesc_item_even\"> <dt>Prek\u0117s Re\u017eimo Numeris<\/dt> <dd> YC-SS-BN004<\/dd> <\/dl> <dl class=\"goodsDesc_item\"> <dt>Baz\u0117s Dydis(LxW)<\/dt> <dd> 84x41.7 coli\u0173<\/dd> <\/dl> <dl class=\"goodsDesc_item goodsDesc_item_even\"> <dt>Neto Svoris<\/dt> <dd> 15.7 svar\u0173 \/ 7.1 kg<\/dd> <\/dl> <dl class=\"goodsDesc_item\"> <dt>Grynosios Med\u017eiagos<\/dt> <dd> Poliesteris<\/dd> <\/dl> <\/div> <\/div>","protected":false},"excerpt":{"rendered":"<ul>\n<li> 7x7ft Professional Training Set: Beyond the basic net and support frame, this baseball softball practice net set also includes a square and nine-grid target frame, a tee stand, and a 2.8-inch sand-filled ball. Furthermore, it comes with a specialized storage bag for quick and easy packing. Suitable for both baseball and softball, the comprehensive accessories allow players to effectively practice pitching and catching, leading to rapid skill enhancement. <\/li>\n<li> Sturdy &#038; Anti-Tipping Design: The supporting rods are crafted from 12.7mm thick fiberglass, boasting superior strength, flexibility, and weather resistance. Paired with a carbon steel support base, its robust structure offers powerful weight-bearing capabilities. This practice net for hitting and throwing resists aging and brittleness, ensuring a longer lifespan. Ideal for prolonged outdoor use! <\/li>\n<li> Tough &#038; Wear-Resistant Netting: The baseball net is woven from high-strength, wear-resistant synthetic fibers like polyester and nylon. Its knotless weave renders a smooth and even surface, minimizing wear and breakage from ball-to-net friction. This results in a net that retains its shape over time and guarantees both high strength and durability. <\/li>\n<li> Enhanced Batting Training: The adjustable tee stand ranges from 27.6 to 42.1 inches, accommodating both adults and children. Paired with a 16oz sand-filled ball, it aids players in honing and enhancing their muscle strength and throwing techniques. Suitable for players of all skill levels, from beginners to seasoned pros. <\/li>\n<li> Skirta Ne\u0161iojam\u0173 Saugojimo Krep\u0161ys: Pagamintas i\u0161 600D Oksfordo audinys, jos stambesn\u0117s ir storesnis pynimas si\u016blo auk\u0161\u010diausios atsparumo dilimui, tod\u0117l j\u0105 ne\u0161ti daugiau svorio ir d\u0117v\u0117ti. Be to, ji eksponat\u0173 puikus atsparumas atmosferos ir sen\u0117jimo, kartu su ypatybes, kaip cheminis atsparumas korozijai, atsparumas oksidacijai, ir liepsnos retardancy. Tai rezultatai mai\u0161el\u012f su tvirtesnio stabilumo, patvarumo, ir ilg\u0105 tarnavimo laik\u0105. <\/li>\n<\/ul>","protected":false},"featured_media":295853,"comment_status":"closed","ping_status":"open","template":"","meta":{"om_disable_all_campaigns":false,"_monsterinsights_skip_tracking":false,"_monsterinsights_sitenote_active":false,"_monsterinsights_sitenote_note":"","_monsterinsights_sitenote_category":0,"_uf_show_specific_survey":0,"_uf_disable_surveys":false},"location":[1935,1934],"product_brand":[21],"product_cat":[3729,3826,2379,2378],"product_tag":[],"class_list":{"0":"post-34717","1":"product","2":"type-product","3":"status-publish","4":"has-post-thumbnail","6":"location-supplier_stock_location","7":"location-local_stock_location","8":"product_brand-vevor","9":"product_cat-baseball-equipment-outdoor-sports-sports-outdoors","10":"product_cat-baseball-practice-net","11":"product_cat-outdoor-sports-sports-outdoors","12":"product_cat-sports-outdoors","14":"first","15":"instock","16":"taxable","17":"shipping-taxable","18":"purchasable","19":"product-type-simple"},"aioseo_notices":[],"jetpack_sharing_enabled":true,"locations":[{"id":1935,"name":"Pieg\u0101d\u0101t\u0101ja noliktav\u0101 (5-7d.d.)","slug":"supplier_stock_location","quantity":"71"},{"id":1934,"name":"R\u012bgas veikal\u0101 (0-2d.d.)","slug":"local_stock_location","quantity":"0"}],"_links":{"self":[{"href":"https:\/\/vevorshop.lv\/lt\/wp-json\/wp\/v2\/product\/34717","targetHints":{"allow":["GET"]}}],"collection":[{"href":"https:\/\/vevorshop.lv\/lt\/wp-json\/wp\/v2\/product"}],"about":[{"href":"https:\/\/vevorshop.lv\/lt\/wp-json\/wp\/v2\/types\/product"}],"replies":[{"embeddable":true,"href":"https:\/\/vevorshop.lv\/lt\/wp-json\/wp\/v2\/comments?post=34717"}],"wp:featuredmedia":[{"embeddable":true,"href":"https:\/\/vevorshop.lv\/lt\/wp-json\/wp\/v2\/media\/295853"}],"wp:attachment":[{"href":"https:\/\/vevorshop.lv\/lt\/wp-json\/wp\/v2\/media?parent=34717"}],"wp:term":[{"taxonomy":"location","embeddable":true,"href":"https:\/\/vevorshop.lv\/lt\/wp-json\/wp\/v2\/location?post=34717"},{"taxonomy":"product_brand","embeddable":true,"href":"https:\/\/vevorshop.lv\/lt\/wp-json\/wp\/v2\/product_brand?post=34717"},{"taxonomy":"product_cat","embeddable":true,"href":"https:\/\/vevorshop.lv\/lt\/wp-json\/wp\/v2\/product_cat?post=34717"},{"taxonomy":"product_tag","embeddable":true,"href":"https:\/\/vevorshop.lv\/lt\/wp-json\/wp\/v2\/product_tag?post=34717"}],"curies":[{"name":"wp","href":"https:\/\/api.w.org\/{rel}","templated":true}]}}