{"id":35041,"date":"2024-11-19T00:28:13","date_gmt":"2024-11-19T00:28:13","guid":{"rendered":"http:\/\/vevorshop.edigo.lv\/Prece\/vevor-inflatable-stand-up-paddle-board-10-x-33-x-6-wide-sup-paddleboard-with-removable-kayak-seat-board-accessories-pump-paddle-fin-backpack-ankle-leash-and-repair-kit-for-youth-a\/"},"modified":"2026-04-20T06:29:37","modified_gmt":"2026-04-20T03:29:37","slug":"vevor-inflatable-stand-up-paddle-board-10-x-33-x-6-wide-sup-paddleboard-with-removable-kayak-seat-board-accessories-pump-paddle-fin-backpack-ankle-leash-and-repair-kit-for-youth-a","status":"publish","type":"product","link":"https:\/\/vevorshop.lv\/lt\/Prece\/vevor-pripuciama-stovima-irklente-10-x-33-x-6-plocio-sup-irklente-su-nuimamais-baidariu-sedyniu-lentos-priedais-pompos-irklo-peleko-kuprine-kulksnies-pavadelis-ir-remonto-rinkinys-jaunimui-a\/","title":{"rendered":"VEVOR 305x84x15 cm pripu\u010diamas SUP irklent\u0117 su baidar\u0117s s\u0117dyne, pompa, irklu, kuprine ir priedais suaugusiems ir jaunimui"},"content":{"rendered":"<div style=\"color: #fff!important; font-size: 16px; height: 24px; line-height: 24px; margin-top: -24px; \" class=\"product_original_name\">VEVOR pripu\u010diama stovima irklent\u0117, 10' x 33 \"x 6\" plati SUP irklent\u0117 su nuimama baidari\u0173 s\u0117dyne, lentos priedais, siurbliu, irklu, peleku, kuprine, kulk\u0161nies pavad\u0117liu ir remonto rinkiniu, skirta jaunimui ir suaugusiems<\/div>\n<div style=\"color: #fff!important; font-size: 16px; height: 24px; line-height: 24px; margin-top: -24px; \" class=\"product_sku\">M4I4L7EZ<\/div>\n<div style=\"color: #fff!important; font-size: 16px; height: 24px; line-height: 24px; margin-top: -24px; \" class=\"product_mpn\">CQJBDZYKDZYKM6UX7V0<\/div><div id=\"js-DM_at-goodDescRich\"><html><head><style>  body {    font-family: Arial;    line-height: 1.5;    color: #1c1c1c;    overflow-x: hidden;    margin: 0;    padding: 0;  }  .MsoNormal b {    font-weight: bolder;  }<\/style><style>  .container.small {    width: 970px;    margin: 0 auto;  }  .logo {    margin: 0 auto 0;  }  .logo img {    display: block;    margin: 0 auto;    max-width: 100%;  }  .logo .pc-banner {    display: block;    width: 1200px;    height: 247.4px;    margin: 0 auto;  }  .logo .pc-banner.small {    width: 970px;  }  .logo .pc-banner.small img {    height: auto!important;  }  .logo .m-banner {    display: none;  }  .ytvideo {    position: relative;    height: 546px;    width: 100%;    margin: 0 auto;  }  .ytvideo img {    width: 100%;    margin: 0 auto;  }  .ytvideo .play-btn {    width: 60px;    height: 42px;    position: absolute;    top: 50%;    left: 50%;    transform: translate(-50%, -50%);    background: url(\"data:image\/png;base64,iVBORw0KGgoAAAANSUhEUgAAAGQAAABGCAMAAAANWMFbAAAC+lBMVEUAAADBGB3kLCfBGB3kLCfcJC7BFx3KKSbiKybkLCbWJCPSIiLSIiLPICHAFx3kLCfgKSXNHiDZJiTIGx\/p4eHcjo7LHSDbJyTkLCbjKyfOHyHPIiL28fHJHB\/GGh7EGR7eKCXDGB3RISHlLSbBGB3AFxzGHB7DGB7BGB3hKybkKybAFx3lLCfAFxzDGR3hKibDGB7cJyTmz8\/elJTlwcHjurrUIyLlLSflLSfAFx3DGR7lLSfCFx3hKibhKibhKybjKybkLCblLSfbJSX49vbx7e3NNzjNMTLMJyjVIyLZf3\/ZQ0LaeHjx0tLgoqLkLCfCGB3HGx\/BGB3BFx3PICHCGB7WJCLOHyC\/Fxy\/Fx3lLCfQISHkLSe\/FxzbJiTBFx3FGx\/AGB7BFx3EGR7AGB3HHSDfKiXAFh3TISHYNzbhKibbJyTTIiL57e325+f039\/v2NjUV1fOHiHiqanfmprch4feKSXVIyPOICHmLibFGh\/mLSe\/Fx7XJCPeKSXXJSPNHyHaJyTGGh7lLCbmLCflLSjSIiLkLCbdKSXLHiC\/GB3KHh++Fh3lKyfoLiXcKCPkx8fYb2\/XaGfVXl3aU1LLHiDksbHgKibPICHbJyTfKSXbJyTCGB3KHSDiKybFGh7TIiL\/\/\/\/VIyPRISHIHB\/GGx\/HHB\/DGR7gKibdKCXLHiDZJiTMHiDNHyHYJSTOICHPICHWJCPcKCXXJSPjLCblLCf+\/f3NGR\/uLijzLynPGR\/IGB7WISHaIyLLGh7UAADxLynNAADRLzDbICLQAADIAAD3MCrUHSHXMTDpKSbLAADp5OTij4\/ejo\/VLy\/1LyngJSTcJCPQHx\/OHB7+\/PzaMS\/OLS\/vLijrLSjSAADaNTPwLyjkKSbNJCbYISHPHB\/KGB7WAAD7+vrn3d3aKynTKCjoLCfsKifRGh\/YAADq5+fhjo7QNDXXKCfmJyXt5+fTLzDLLi\/QKivYHRvMGBrQJCXLISPMExXLDxLaEAvkkI\/bOTfaFQ\/SCgpvLcnHAAAAmnRSTlMA+vv7+gT9Bvf9+8z8\/NSv\/Pr5+P7++vnQIBMP\/v38\/Pn348XDiCYf9OjbzcqxXVcx\/fz8+\/rj1r2poo1+fXFqX0orGP7+\/v7+\/fz8+\/r68uzn4trIxsG\/vri3p6GcmZSNbWVYUUZEPQv+\/f39+\/v7+\/v7+vr64tvV1NTTz87FtbSurqeblJKFg4B3bUY+NjL7+\/v7+\/v67t1cDo8JLQAABkRJREFUWMO0kz9rwkAYh0OIeJkum6YugUAhISCdKoj\/P4C7SMdS+gEKIhSKil10LSg4mzXkILdlEpxCpwTiWOLX6BujvQaEQuGeHLnL+\/64J+SIcKGYTYWnntpdLjrVdqvZmNdn0+EE40GtpuuWVS6Xx6N7YDSGpWXpeq02wHgynM7q80az1a52HpddtVcpsi1zFARBrdaxbhp9iUReTGmwA4KAAr7vx3EYejnCMI6hQYEgy0LQi4jUN0wL19vqFcUC9\/1dAKmEEFkWRYkh5oBejnxQJiSJPJ\/uKBp0Thszx9Mw8hMRIQjKsptCfuES9zr5WJY6vSFCIvE9fCMUmEM1A1kSXcYGxgVYsvI1IPKTZciSTI0us\/SMGG04gDzELDoFBwdcFJrF88dqgYMTiL6DILWYyfOWE8\/kIz38olCNlC03FK95+imxp6y4oUSvAnBjHHhKNtotSDqJzVFiK8c2SBqhZtsrTtgrLXwAyduxZHNE26eHUt5rtuM4WSmds3G+sUdWYo1L+XyxButoh5eKUHk5lByO3G1LqqCWVnfrv\/lyPtf\/4ps1cndNGIri8J1TJ0lx6dR\/oPjq1nbRwdp2dCk4CtIOLW3pVKRL6WZfS5vF2KkIQhpwSsjiYIgNCs1gEMGqiIq24NQX9NwoXFy8Ufrl3twTcg4fv8T9\/JBEySduj6Mjm4bMzYV7EEOxKjjoNDud7yY3Dy71Hq2oLmqfbNR723edH9PgMrNL2utoQ3VmaIDkiw\/4w51P06hlZsTZvkRrbVuSIs\/zwSOsycgzStQouoAkWQqioRT5XI7n2Z1wfVhoZmcAJLsoqjqpjbWCgpOAJXBwHK8PzWbNvoUZJND5wCnSkLAkZ1legx6vqQzjoiTahKlGUGLAiIIoABOHaNVw4sexZBym6\/HWlH5h3IC7yRbxtipcWxdTOkORKiNQAEkFf66x5S2oeRbroOlLgg0sSYkR0hRGEqJZ0jTPiQKatESdBckpWigxaapEH0lImHdWu9pUFF2XqMNM2Z4kped7IwEJw2qabwtrQqnpw6HyKkgcadKWsmpywwesDyIhYRpdzXddqegtGIJlXbAIUMOLkGxJUjRIkokwjUaX9d\/kK62ps\/tYUqZLIMkLTyBhsMZ3C5Z\/kDxOSCb\/DOs\/\/J0qcWSX\/2ipe56EgTCA4\/cB7NAYOsni4mZM1MUPAISoEwkDi4lhVBQ1cWQyIcwalw4EpqZN68JUSK7XC0kTlkLYii5uXSC8jT5ncCAS7mjCv0uHp\/3lueHEEAeQ\/\/VgmdN71\/2uCSA1Xr6DO6uI6sW56zqT2tp2PhgiRUAajV8CY2fkcz6WGNKMgLAt7tJAhD4YHMTeRxlALE6+43WqjSWi8ITxyJl8WrwWSNESQZZOqhDDntO3hJLsd5RtSpbJqdv3YrDJH3F7jL1R2O2aQkn2MyCyKYz0GPGIvSAMgBCrCEiJyKbBaYGwLW4uPRr0A0M4Ux5kUI7IBh+hMdiCEWNqhMZGyYMsOgNE58UQuEQeUnSWCMYwL54hkxK6IoqucQZbQ3pc3XtL0lky1dL0zZJJDpWJovFqpWj6JEHnyam2eQp5QRVAVHjWparTOaVwUOx99YS2MvgxIGV0bb+qIg2HX2qkFFJB+XZcbLiuRkuxD9GRroKyveLxdh4d7Orx+hb7qc3uVRuEogCOnyIxm4ubUoPgF4jianDrC+SDQDKEfJb0GUKmjCGPYHGJvVC6X4hw1\/sAfQAdfYyephIaspXe36RwOP+Ljvfx9B6B3i+Nk0DGq+oCbLn6JpBa9nWAveAIHwFAwtVcIJXPMPL8kRu5OAYPMaL1WScTxjiZDqB9LTJSWphow\/pTYKRTLjCBhvi9iBidvKcDasGSm0QQkycYuLBqj6QCELPctqChDWpTRMWkngNNpQ1Pfp1KkiT\/Y0DGffXAweUNfLAfaJFKDwhb6I+bkYRbkERoEeu3Fyjg2opMz2daZCS9jt6Q7txNfB+OZEVF6Zl5web2xunnLQrtrjXseXKaFYziYINeMFZVxS9VxRhOoesYwxPKXm+gWLG9cuFeq93UNNeJNsf1KlwuDok9n02n3TgIJpOxNfL9naIoQwXtfH9kjceTIIi709ncTg6LZbg+biLH1V6u\/7rxBem06VXKn9raAAAAAElFTkSuQmCC\")      no-repeat center center \/ contain;  }  @media screen and (max-width: 960px) and (orientation: portrait) {    .logo {      width: 100%;    }    .logo .pc-banner {      display: none;    }    .logo .m-banner {      display: block;      width: 100%;    }    .logo .m-banner img {      height: auto!important;    }    .ytvideo {      height: 200px;      width: 100%;    }  }<\/style><style>  .video-section {    width: 100%;    margin: 0 auto;  }  .video-section > img {    width: 100%;  }  .video-section iframe,  .video-section video {    width: 100%;    height: 100%;      }  .video-section-img-m,  .video-section-img-pc > img {    width: 100%;    height: auto;  }  .video-section-img-pc.small > img {    width: 970px;  }  .video-desc {    line-height: 1.5;    font-size: 20px;    font-weight: 400;    margin: 20px 0;    text-align: center;    color: #0f1111;    word-break: break-word;  }  @media screen and (max-width: 960px) and (orientation: portrait) {    .video-section {      width: 100%;    }    .video-section-pc,    .video-section-img-pc {      display: none;    }    .video-section-m,    .video-section-img-m {      display: block;    }    .video-desc {      font-size: 15px;    }  }  @media screen and (min-width: 960px) {    .video-section {      width: 100%;      margin: 0 auto;    }    .video-section-pc,    .video-section-img-pc {      display: block;    }    .video-section-m,    .video-section-img-m {      display: none;    }    .video-desc {      font-size: 20px;    }  }<\/style><style>  .section + .section {    margin-top: 35px;  }  .section-title {    text-align: center;    font-weight: bold;    color: #0d1111;    font-family: \"Arial\";    font-size: 32px;    margin: 15px 0;  }  .section-title:empty {    display: none;  }  .section-desc {    text-align: center;    font-weight: normal;    color: #0d1111;    margin-top: 20px;  }  .section-desc:empty {    display: none;  }  .section-img {    width: 1200px;    height: 492px;    margin: 0 auto;    display: block;  }  .section-img.small {    width: 970px;    height: auto;  }  .section-img.small > img {    height: auto;  }  .section-img > img {    width: 100%;    height: 100%;  }  .section-mobile-img {    display: none;    max-width: 100vw;    max-height: 75vw;    height: 450px;    margin: 0 auto;  }  .section-mobile-img > img {    width: 100%;    height: 100%;  }  @media screen and (max-width: 960px) and (orientation: portrait) {    .container {      width: 100%;    }    .container.small {      width: 100%;    }    .section-mobile-img {      display: block;    }    .section-img {      display: none;    }    .section-title {      font-size: 22px;      margin: 10px 0;    }    .section-desc {      margin-top: 10px;    }    .section + .section {      margin-top: 20px;    }  }<\/style><\/head><body><div class=\"container\"><div class=\"logo\"><div class=\"pc-banner\"><div><img decoding=\"async\" src=\"\/vevor\/vevor\/boutique-banner\/pc\/en-pc@1x.jpg\" style=\"width: 100%;\" \/><\/div><\/div><div class=\"m-banner\"><div><img decoding=\"async\" src=\"\/vevor\/vevor\/boutique-banner\/mobile\/en-m@1x.jpg\" style=\"width: 100%;\" \/><\/div><\/div><\/div><div class=\"section-title\">I\u0161tobulintas balansas, neribotas nuotyki\u0173<\/div><div class=\"video-section\"><div class=\"video-section-img-pc\"><img decoding=\"async\" src=\"\/vevor\/product\/CQJBDZYKDZYKM6UX7\/paddle-board-a100-1.4.jpg\" alt=\"VEVOR pripu\u010diama irklent\u0117 ant vandens, vitrinos savyb\u0117s: 10 p\u0117d\u0173 ilgis, 33 coli\u0173 plotis, 330 svar\u0173 talpa.\" \/><\/div><div class=\"video-section-img-m\"><img decoding=\"async\" src=\"\/vevor\/product\/CQJBDZYKDZYKM6UX7\/paddle-board-a100-1.4-m.jpg\" alt=\"VEVOR pripu\u010diama irklent\u0117 ant vandens, vitrinos savyb\u0117s: 10 p\u0117d\u0173 ilgis, 33 coli\u0173 plotis, 330 svar\u0173 talpa.\" \/><\/div><div class=\"section-desc\">Pripu\u010diama irklent\u0117 yra iki 6 coli\u0173 storio, su vielos tempimo procesu, siekiant pagerinti kietum\u0105. pavir\u0161ius padengtas anti-UV sluoksniais, kad gal\u0117tum\u0117te m\u0117gautis vandens nuotykiais \u012fvairiose vandens aplinkose, \u012fskaitant vandenynus, e\u017eerus ir upes, nebijodami oro nutek\u0117jimo ar deformacijos.<\/div><\/div><div class=\"section\"><div class=\"section-title\"><\/div><div class=\"section-img\"><img decoding=\"async\" src=\"\/vevor\/product\/CQJBDZYKDZYKM6UX7\/paddle-board-a100-2.2.jpg\" alt=\"VEVOR pripu\u010diama irklent\u0117 papl\u016bdimyje, i\u0161ry\u0161kinanti nepralaid\u017eias, uv atsparias, karinio lygio savybes.\" \/><\/div><div class=\"section-mobile-img\"><img decoding=\"async\" src=\"\/vevor\/product\/CQJBDZYKDZYKM6UX7\/paddle-board-a100-2.2-m.jpg\" alt=\"VEVOR pripu\u010diama irklent\u0117 papl\u016bdimyje, i\u0161ry\u0161kinanti nepralaid\u017eias, uv atsparias, karinio lygio savybes.\" \/><\/div><div class=\"section-desc\">Lengvai sumontuokite \u012frengt\u0105 s\u0117dyn\u0119 ir m\u0117gaukit\u0117s patogumu s\u0117d\u0117ti plaukiodami ar \u017evejodami Didelis ir neslystantis denio kilim\u0117lis u\u017etikrina stabilum\u0105 s\u0117dint ar stovint, o didelis uodegos pelekas leid\u017eia be vargo valdyti krypt\u012f.<\/div><\/div><div class=\"section\"><div class=\"section-title\"><\/div><div class=\"section-img\"><img decoding=\"async\" src=\"\/vevor\/product\/CQJBDZYKDZYKM6UX7\/paddle-board-a100-2.3.jpg\" alt=\"VEVOR pripu\u010diama irklent\u0117 su saugiu d formos \u017eiedu, velcro apsauginiu dir\u017eeliu, nuimamu peleku ir neslystan\u010diu padu.\" \/><\/div><div class=\"section-mobile-img\"><img decoding=\"async\" src=\"\/vevor\/product\/CQJBDZYKDZYKM6UX7\/paddle-board-a100-2.3-m.jpg\" alt=\"VEVOR pripu\u010diama irklent\u0117 su saugiu d formos \u017eiedu, velcro apsauginiu dir\u017eeliu, nuimamu peleku ir neslystan\u010diu padu.\" \/><\/div><div class=\"section-desc\">Lengvai transportuojama, \u0161i stovima irklent\u0117 pripu\u010diama gali b\u016bti pritvirtinta prie stogo, su patogia rankena ne\u0161iojimui Jis kompakti\u0161kai susilanksto \u012f pateikt\u0105 kuprin\u0119, kai i\u0161tu\u0161tinamas, tod\u0117l kelion\u0117s ir laikymas yra v\u0117jas.<\/div><\/div><div class=\"section\"><div class=\"section-title\"><\/div><div class=\"section-img\"><img decoding=\"async\" src=\"\/vevor\/product\/CQJBDZYKDZYKM6UX7\/paddle-board-a100-2.4.jpg\" alt=\"VEVOR pripu\u010diama irklent\u0117: lengva, sulankstoma \u012f kuprin\u0119, lengvai transportuojama ant stogo. puikiai tinka kelion\u0117ms.\" \/><\/div><div class=\"section-mobile-img\"><img decoding=\"async\" src=\"\/vevor\/product\/CQJBDZYKDZYKM6UX7\/paddle-board-a100-2.4-m.jpg\" alt=\"VEVOR pripu\u010diama irklent\u0117: lengva, sulankstoma \u012f kuprin\u0119, lengvai transportuojama ant stogo. puikiai tinka kelion\u0117ms.\" \/><\/div><div class=\"section-desc\">Ateina su auk\u0161tos kokyb\u0117s oro siurbliu greitai prip\u016bsti Auk\u0161to oro sandarumo vo\u017etuvas u\u017etikrina pripu\u010diam\u0105 banglent\u0119, palaikan\u010di\u0105 12-15 psi sl\u0117gio diapazon\u0105, o matuoklyje yra ai\u0161k\u016bs sl\u0117gio rodmenys.<\/div><\/div><div class=\"section\"><div class=\"section-title\"><\/div><div class=\"section-img\"><img decoding=\"async\" src=\"\/vevor\/product\/CQJBDZYKDZYKM6UX7\/paddle-board-a100-2.5.jpg\" alt=\"VEVOR pripu\u010diama irklent\u0117 su greito prip\u016btimo siurbliu ir lengvai montuojamu peleku su fiksuojan\u010diu kai\u0161\u010diu.\" \/><\/div><div class=\"section-mobile-img\"><img decoding=\"async\" src=\"\/vevor\/product\/CQJBDZYKDZYKM6UX7\/paddle-board-a100-2.5-m.jpg\" alt=\"VEVOR pripu\u010diama irklent\u0117 su greito prip\u016btimo siurbliu ir lengvai montuojamu peleku su fiksuojan\u010diu kai\u0161\u010diu.\" \/><\/div><div class=\"section-desc\">Aliuminio lydinio irklent\u0117 yra ne tik atspari r\u016bdims ir lengva, bet ir skirta pl\u016bduriuoti d\u0117l tu\u0161\u010diavidur\u0117s konstrukcijos. jo storas skersmuo apsaugo nuo lengvos deformacijos, u\u017etikrindamas ilgalaik\u012f ilgaam\u017ei\u0161kum\u0105.<\/div><\/div><div class=\"section\"><div class=\"section-img\"><img decoding=\"async\" src=\"\/vevor\/product\/CQJBDZYKDZYKM6UX7\/paddle-board-a100-1.11.jpg\" alt=\"VEVOR pripu\u010diama irklent\u0117 sup-305s, 120x33x6 in, 25.3 lbs, irklent\u0117, pompa, kuprin\u0117, komplekte priedai.\" \/><\/div><div class=\"section-mobile-img\"><img decoding=\"async\" src=\"\/vevor\/product\/CQJBDZYKDZYKM6UX7\/paddle-board-a100-1.11-m.jpg\" alt=\"VEVOR pripu\u010diama irklent\u0117 sup-305s, 120x33x6 in, 25.3 lbs, irklent\u0117, pompa, kuprin\u0117, komplekte priedai.\" \/><\/div><\/div><\/div><\/body><\/html><\/div>\n<div class=\"DM_at-title\" id=\"js-DM_at-title\"> <div>Produkto specifikacija<\/div> <i class=\"icon-arrowup_line\"><\/i> <\/div><div class=\"DM_at-goodsDescAttr\" id=\"js-DM_at-goodsDescAttr\"> <div class=\"DM_at-goodsDescAttrInner\"> <dl class=\"goodsDesc_item goodsDesc_item_even\"> <dt>Prek\u0117s Modelio Numeris<\/dt> <dd> SUP-320S<\/dd> <\/dl> <dl class=\"goodsDesc_item\"> <dt>Ilgis<\/dt> <dd> 10 p\u0117d\u0173\/3048 mm<\/dd> <\/dl> <dl class=\"goodsDesc_item goodsDesc_item_even\"> <dt>Plotis<\/dt> <dd> 33 in\/838,2 mm<\/dd> <\/dl> <dl class=\"goodsDesc_item\"> <dt>Storis<\/dt> <dd> 6\/152.4 mm<\/dd> <\/dl> <dl class=\"goodsDesc_item goodsDesc_item_even\"> <dt>Talpa<\/dt> <dd> 330 \u00a3 \/149.7 kg<\/dd> <\/dl> <dl class=\"goodsDesc_item\"> <dt>Veikimo Sl\u0117gis<\/dt> <dd> 12-15 psi<\/dd> <\/dl> <dl class=\"goodsDesc_item goodsDesc_item_even\"> <dt>Maks. Spaudimas<\/dt> <dd> 15 psi<\/dd> <\/dl> <dl class=\"goodsDesc_item\"> <dt>Valdybos Med\u017eiagos<\/dt> <dd> PVC<\/dd> <\/dl> <dl class=\"goodsDesc_item goodsDesc_item_even\"> <dt>Irklas Med\u017eiaga<\/dt> <dd> Aliuminio<\/dd> <\/dl> <dl class=\"goodsDesc_item\"> <dt>Neto Svoris<\/dt> <dd> 25,3 svaro\/11,46 kg<\/dd> <\/dl> <dl class=\"goodsDesc_item goodsDesc_item_even\"> <dt>Produkto Matmenys (Prip\u016bstos)<\/dt> <dd> 120\u00d733\u00d76inch\/3048\u00d7838\u00d7152 mm<\/dd> <\/dl> <\/div> <\/div>","protected":false},"excerpt":{"rendered":"<ul>\n<li> S\u0117d\u0117jimas arba stov\u0117jimas: m\u016bs\u0173 10 p\u0117d\u0173 \/ 3048 mm ilgio, 33 coli\u0173 \/ 838,2 mm plo\u010dio ir 6 coli\u0173 \/ 152,4 mm storio pripu\u010diama irklent\u0117 gali pasigirti dideliu pavir\u0161iaus plotu, u\u017etikrinan\u010diu i\u0161skirtin\u0119 pusiausvyr\u0105 ir stabilum\u0105. su keliam\u0105ja galia iki 330 svar\u0173 \/ 149,7 kg, puikiai tinka individualiai ar \u0161eimai. universalus kelioni\u0173, pramog\u0173, \u017evejybos, saul\u0117s voni\u0173 ir jogos sprendimas. irklent\u0117je taip pat yra s\u0117dyn\u0117, lengvai pritvirtinama per D formos sagtis ant atramin\u0117s lentos, suteikianti komfort\u0105 ir universalum\u0105 bet kokiems nuotykiams. <\/li>\n<li> Karinio lygio patvarumas: pagamintas i\u0161 didelio na\u0161umo PVC ir naudojant auk\u0161tos kokyb\u0117s vielos tempimo proces\u0105 viduje, m\u016bs\u0173 stovintis irklas yra skirtas atsispirti deformacijai ir pa\u017eeidimams. Jo storas PVC pavir\u0161ius kovoja su bang\u0173 sm\u016bgiu, s\u016braus vandens korozija ir sm\u0117lio dilimu, tuo pa\u010diu u\u017etikrinant auk\u0161t\u0105 oro sandarum\u0105. neslystantis padas ant pavir\u0161iaus suteikia papildomo saugumo. <\/li>\n<li> Pradedantiesiems palankios savyb\u0117s: \u012erengtos trys pradedantiesiems palankios funkcijos, skirtos greitam ir saugiam irklen\u010di\u0173 \u012fvaldymui. nuimamas didelis uodegos pelekas si\u016blo lankst\u0173 valdym\u0105, o priekin\u0117 buferio galvut\u0117 i\u0161lygina vanden\u012f, kad b\u016bt\u0173 suma\u017eintas bang\u0173 sukeltas nestabilumas. siekiant papildomo saugumo, Velcro saugos kulk\u0161nies dir\u017eelis saugiai sujungia jus su lenta Pastaba: pradedantieji tur\u0117t\u0173 prad\u0117ti ramiuose vandenyse. <\/li>\n<li> Patogus ir greitas prip\u016btimas: Greitai pasiekite optimal\u0173 prip\u016btim\u0105 (12-15 psi) naudodami pridedam\u0105 auk\u0161tos kokyb\u0117s oro siurbl\u012f, lengvai prijungiant\u012f prie oro vo\u017etuvo, kad greitai prip\u016bst\u0173 Sl\u0117gio matuoklis leid\u017eia tiksliai steb\u0117ti Lengvas ir su dir\u017eelio rankena, irklent\u0117s suaugusiems ir jaunimui yra be vargo ne\u0161iojamos, kompakti\u0161kai sulankstomos \u012f pateikt\u0105 pried\u0173 mai\u0161el\u012f kelion\u0117ms. <\/li>\n<li> I\u0161samus pried\u0173 rinkinys: m\u016bs\u0173 pripu\u010diama sup lenta komplektuojama su aliuminio irklu, siurbliu, s\u0117dyne, sausu mai\u0161eliu, telefono krep\u0161iu, kuprine, kulk\u0161nies pavad\u0117liu ir ver\u017eliarak\u010diu, tod\u0117l b\u016bsite visi\u0161kai pasireng\u0119 nuotykiams vandenyje, nereikalaujant papildomos \u012frangos. <\/li>\n<\/ul>","protected":false},"featured_media":296357,"comment_status":"closed","ping_status":"open","template":"","meta":{"om_disable_all_campaigns":false,"_uf_show_specific_survey":0,"_uf_disable_surveys":false},"location":[1935,1934],"product_brand":[21],"product_cat":[2378,3947,2617],"product_tag":[],"class_list":{"0":"post-35041","1":"product","2":"type-product","3":"status-publish","4":"has-post-thumbnail","6":"location-supplier_stock_location","7":"location-local_stock_location","8":"product_brand-vevor","9":"product_cat-sports-outdoors","10":"product_cat-stand-up-paddleboards-water-sports-sports-outdoors","11":"product_cat-water-sports-sports-outdoors","13":"first","14":"outofstock","15":"taxable","16":"shipping-taxable","17":"purchasable","18":"product-type-simple"},"aioseo_notices":[],"locations":[{"id":1935,"name":"Pieg\u0101d\u0101t\u0101ja noliktav\u0101 (5-7d.d.)","slug":"supplier_stock_location","quantity":"0"},{"id":1934,"name":"R\u012bgas veikal\u0101 (0-2d.d.)","slug":"local_stock_location","quantity":"0"}],"_links":{"self":[{"href":"https:\/\/vevorshop.lv\/lt\/wp-json\/wp\/v2\/product\/35041","targetHints":{"allow":["GET"]}}],"collection":[{"href":"https:\/\/vevorshop.lv\/lt\/wp-json\/wp\/v2\/product"}],"about":[{"href":"https:\/\/vevorshop.lv\/lt\/wp-json\/wp\/v2\/types\/product"}],"replies":[{"embeddable":true,"href":"https:\/\/vevorshop.lv\/lt\/wp-json\/wp\/v2\/comments?post=35041"}],"wp:featuredmedia":[{"embeddable":true,"href":"https:\/\/vevorshop.lv\/lt\/wp-json\/wp\/v2\/media\/296357"}],"wp:attachment":[{"href":"https:\/\/vevorshop.lv\/lt\/wp-json\/wp\/v2\/media?parent=35041"}],"wp:term":[{"taxonomy":"location","embeddable":true,"href":"https:\/\/vevorshop.lv\/lt\/wp-json\/wp\/v2\/location?post=35041"},{"taxonomy":"product_brand","embeddable":true,"href":"https:\/\/vevorshop.lv\/lt\/wp-json\/wp\/v2\/product_brand?post=35041"},{"taxonomy":"product_cat","embeddable":true,"href":"https:\/\/vevorshop.lv\/lt\/wp-json\/wp\/v2\/product_cat?post=35041"},{"taxonomy":"product_tag","embeddable":true,"href":"https:\/\/vevorshop.lv\/lt\/wp-json\/wp\/v2\/product_tag?post=35041"}],"curies":[{"name":"wp","href":"https:\/\/api.w.org\/{rel}","templated":true}]}}