{"id":38065,"date":"2024-11-19T03:10:22","date_gmt":"2024-11-19T03:10:22","guid":{"rendered":"http:\/\/vevorshop.edigo.lv\/Prece\/vevor-500va-variable-voltage-transformer-1-7a-0-300v-ac-voltage-regulator-ce\/"},"modified":"2026-04-20T05:58:48","modified_gmt":"2026-04-20T02:58:48","slug":"vevor-500va-variable-voltage-transformer-1-7a-0-300v-ac-voltage-regulator-ce","status":"publish","type":"product","link":"https:\/\/vevorshop.lv\/lt\/Prece\/vevor-500va-kintamos-itampos-transformatorius-1-7a-0-300v-ac-itampos-reguliatorius-ce-2\/","title":{"rendered":"VEVOR 500VA kintamos \u012ftampos transformatorius 230V \u012f 0\u2013300V AC, 1,7A reguliatorius su saugikliais ir terminiu jungikliu, CE sertifikatas"},"content":{"rendered":"<div style=\"color: #fff!important; font-size: 16px; height: 24px; line-height: 24px; margin-top: -24px; \" class=\"product_original_name\">VEVOR 500VA automatinis kintamos \u012ftampos transformatorius, 1,7 amperas, 230 V \u012f\u0117jimas 0-300 V i\u0161\u0117jimas kintamosios srov\u0117s \u012ftampos reguliatoriaus maitinimo \u0161altinis, su 4 papildomais saugikliais, terminio valdymo jungikliu nam\u0173 pramon\u0117s biurui, sertifikuotas CE<\/div>\n<div style=\"color: #fff!important; font-size: 16px; height: 24px; line-height: 24px; margin-top: -24px; \" class=\"product_sku\">M4I4LBK8<\/div>\n<div style=\"color: #fff!important; font-size: 16px; height: 24px; line-height: 24px; margin-top: -24px; \" class=\"product_mpn\">KBBYQZZBS5003NS7MV2<\/div><div id=\"js-DM_at-goodDescRich\"><html><head><style>  body {    font-family: Arial;    line-height: 1.5;    color: #1c1c1c;    overflow-x: hidden;    margin: 0;    padding: 0;  }  .MsoNormal b {    font-weight: bolder;  }<\/style><style>  .container.small {    width: 970px;    margin: 0 auto;  }  .logo {    margin: 0 auto 0;  }  .logo img {    display: block;    margin: 0 auto;    max-width: 100%;  }  .logo .pc-banner {    display: block;    width: 1200px;    height: 247.4px;    margin: 0 auto;  }  .logo .pc-banner.small {    width: 970px;  }  .logo .pc-banner.small img {    height: auto!important;  }  .logo .m-banner {    display: none;  }  .ytvideo {    position: relative;    height: 546px;    width: 100%;    margin: 0 auto;  }  .ytvideo img {    width: 100%;    margin: 0 auto;  }  .ytvideo .play-btn {    width: 60px;    height: 42px;    position: absolute;    top: 50%;    left: 50%;    transform: translate(-50%, -50%);    background: url(\"data:image\/png;base64,iVBORw0KGgoAAAANSUhEUgAAAGQAAABGCAMAAAANWMFbAAAC+lBMVEUAAADBGB3kLCfBGB3kLCfcJC7BFx3KKSbiKybkLCbWJCPSIiLSIiLPICHAFx3kLCfgKSXNHiDZJiTIGx\/p4eHcjo7LHSDbJyTkLCbjKyfOHyHPIiL28fHJHB\/GGh7EGR7eKCXDGB3RISHlLSbBGB3AFxzGHB7DGB7BGB3hKybkKybAFx3lLCfAFxzDGR3hKibDGB7cJyTmz8\/elJTlwcHjurrUIyLlLSflLSfAFx3DGR7lLSfCFx3hKibhKibhKybjKybkLCblLSfbJSX49vbx7e3NNzjNMTLMJyjVIyLZf3\/ZQ0LaeHjx0tLgoqLkLCfCGB3HGx\/BGB3BFx3PICHCGB7WJCLOHyC\/Fxy\/Fx3lLCfQISHkLSe\/FxzbJiTBFx3FGx\/AGB7BFx3EGR7AGB3HHSDfKiXAFh3TISHYNzbhKibbJyTTIiL57e325+f039\/v2NjUV1fOHiHiqanfmprch4feKSXVIyPOICHmLibFGh\/mLSe\/Fx7XJCPeKSXXJSPNHyHaJyTGGh7lLCbmLCflLSjSIiLkLCbdKSXLHiC\/GB3KHh++Fh3lKyfoLiXcKCPkx8fYb2\/XaGfVXl3aU1LLHiDksbHgKibPICHbJyTfKSXbJyTCGB3KHSDiKybFGh7TIiL\/\/\/\/VIyPRISHIHB\/GGx\/HHB\/DGR7gKibdKCXLHiDZJiTMHiDNHyHYJSTOICHPICHWJCPcKCXXJSPjLCblLCf+\/f3NGR\/uLijzLynPGR\/IGB7WISHaIyLLGh7UAADxLynNAADRLzDbICLQAADIAAD3MCrUHSHXMTDpKSbLAADp5OTij4\/ejo\/VLy\/1LyngJSTcJCPQHx\/OHB7+\/PzaMS\/OLS\/vLijrLSjSAADaNTPwLyjkKSbNJCbYISHPHB\/KGB7WAAD7+vrn3d3aKynTKCjoLCfsKifRGh\/YAADq5+fhjo7QNDXXKCfmJyXt5+fTLzDLLi\/QKivYHRvMGBrQJCXLISPMExXLDxLaEAvkkI\/bOTfaFQ\/SCgpvLcnHAAAAmnRSTlMA+vv7+gT9Bvf9+8z8\/NSv\/Pr5+P7++vnQIBMP\/v38\/Pn348XDiCYf9OjbzcqxXVcx\/fz8+\/rj1r2poo1+fXFqX0orGP7+\/v7+\/fz8+\/r68uzn4trIxsG\/vri3p6GcmZSNbWVYUUZEPQv+\/f39+\/v7+\/v7+vr64tvV1NTTz87FtbSurqeblJKFg4B3bUY+NjL7+\/v7+\/v67t1cDo8JLQAABkRJREFUWMO0kz9rwkAYh0OIeJkum6YugUAhISCdKoj\/P4C7SMdS+gEKIhSKil10LSg4mzXkILdlEpxCpwTiWOLX6BujvQaEQuGeHLnL+\/64J+SIcKGYTYWnntpdLjrVdqvZmNdn0+EE40GtpuuWVS6Xx6N7YDSGpWXpeq02wHgynM7q80az1a52HpddtVcpsi1zFARBrdaxbhp9iUReTGmwA4KAAr7vx3EYejnCMI6hQYEgy0LQi4jUN0wL19vqFcUC9\/1dAKmEEFkWRYkh5oBejnxQJiSJPJ\/uKBp0Thszx9Mw8hMRIQjKsptCfuES9zr5WJY6vSFCIvE9fCMUmEM1A1kSXcYGxgVYsvI1IPKTZciSTI0us\/SMGG04gDzELDoFBwdcFJrF88dqgYMTiL6DILWYyfOWE8\/kIz38olCNlC03FK95+imxp6y4oUSvAnBjHHhKNtotSDqJzVFiK8c2SBqhZtsrTtgrLXwAyduxZHNE26eHUt5rtuM4WSmds3G+sUdWYo1L+XyxButoh5eKUHk5lByO3G1LqqCWVnfrv\/lyPtf\/4ps1cndNGIri8J1TJ0lx6dR\/oPjq1nbRwdp2dCk4CtIOLW3pVKRL6WZfS5vF2KkIQhpwSsjiYIgNCs1gEMGqiIq24NQX9NwoXFy8Ufrl3twTcg4fv8T9\/JBEySduj6Mjm4bMzYV7EEOxKjjoNDud7yY3Dy71Hq2oLmqfbNR723edH9PgMrNL2utoQ3VmaIDkiw\/4w51P06hlZsTZvkRrbVuSIs\/zwSOsycgzStQouoAkWQqioRT5XI7n2Z1wfVhoZmcAJLsoqjqpjbWCgpOAJXBwHK8PzWbNvoUZJND5wCnSkLAkZ1legx6vqQzjoiTahKlGUGLAiIIoABOHaNVw4sexZBym6\/HWlH5h3IC7yRbxtipcWxdTOkORKiNQAEkFf66x5S2oeRbroOlLgg0sSYkR0hRGEqJZ0jTPiQKatESdBckpWigxaapEH0lImHdWu9pUFF2XqMNM2Z4kped7IwEJw2qabwtrQqnpw6HyKkgcadKWsmpywwesDyIhYRpdzXddqegtGIJlXbAIUMOLkGxJUjRIkokwjUaX9d\/kK62ps\/tYUqZLIMkLTyBhsMZ3C5Z\/kDxOSCb\/DOs\/\/J0qcWSX\/2ipe56EgTCA4\/cB7NAYOsni4mZM1MUPAISoEwkDi4lhVBQ1cWQyIcwalw4EpqZN68JUSK7XC0kTlkLYii5uXSC8jT5ncCAS7mjCv0uHp\/3lueHEEAeQ\/\/VgmdN71\/2uCSA1Xr6DO6uI6sW56zqT2tp2PhgiRUAajV8CY2fkcz6WGNKMgLAt7tJAhD4YHMTeRxlALE6+43WqjSWi8ITxyJl8WrwWSNESQZZOqhDDntO3hJLsd5RtSpbJqdv3YrDJH3F7jL1R2O2aQkn2MyCyKYz0GPGIvSAMgBCrCEiJyKbBaYGwLW4uPRr0A0M4Ux5kUI7IBh+hMdiCEWNqhMZGyYMsOgNE58UQuEQeUnSWCMYwL54hkxK6IoqucQZbQ3pc3XtL0lky1dL0zZJJDpWJovFqpWj6JEHnyam2eQp5QRVAVHjWparTOaVwUOx99YS2MvgxIGV0bb+qIg2HX2qkFFJB+XZcbLiuRkuxD9GRroKyveLxdh4d7Orx+hb7qc3uVRuEogCOnyIxm4ubUoPgF4jianDrC+SDQDKEfJb0GUKmjCGPYHGJvVC6X4hw1\/sAfQAdfYyephIaspXe36RwOP+Ljvfx9B6B3i+Nk0DGq+oCbLn6JpBa9nWAveAIHwFAwtVcIJXPMPL8kRu5OAYPMaL1WScTxjiZDqB9LTJSWphow\/pTYKRTLjCBhvi9iBidvKcDasGSm0QQkycYuLBqj6QCELPctqChDWpTRMWkngNNpQ1Pfp1KkiT\/Y0DGffXAweUNfLAfaJFKDwhb6I+bkYRbkERoEeu3Fyjg2opMz2daZCS9jt6Q7txNfB+OZEVF6Zl5web2xunnLQrtrjXseXKaFYziYINeMFZVxS9VxRhOoesYwxPKXm+gWLG9cuFeq93UNNeJNsf1KlwuDok9n02n3TgIJpOxNfL9naIoQwXtfH9kjceTIIi709ncTg6LZbg+biLH1V6u\/7rxBem06VXKn9raAAAAAElFTkSuQmCC\")      no-repeat center center \/ contain;  }  @media screen and (max-width: 960px) and (orientation: portrait) {    .logo {      width: 100%;    }    .logo .pc-banner {      display: none;    }    .logo .m-banner {      display: block;      width: 100%;    }    .logo .m-banner img {      height: auto!important;    }    .ytvideo {      height: 200px;      width: 100%;    }  }<\/style><style>  .video-section {    width: 100%;    margin: 0 auto;  }  .video-section > img {    width: 100%;  }  .video-section iframe,  .video-section video {    width: 100%;    height: 100%;      }  .video-section-img-m,  .video-section-img-pc > img {    width: 100%;    height: auto;  }  .video-section-img-pc.small > img {    width: 970px;  }  .video-desc {    line-height: 1.5;    font-size: 20px;    font-weight: 400;    margin: 20px 0;    text-align: center;    color: #0f1111;    word-break: break-word;  }  @media screen and (max-width: 960px) and (orientation: portrait) {    .video-section {      width: 100%;    }    .video-section-pc,    .video-section-img-pc {      display: none;    }    .video-section-m,    .video-section-img-m {      display: block;    }    .video-desc {      font-size: 15px;    }  }  @media screen and (min-width: 960px) {    .video-section {      width: 100%;      margin: 0 auto;    }    .video-section-pc,    .video-section-img-pc {      display: block;    }    .video-section-m,    .video-section-img-m {      display: none;    }    .video-desc {      font-size: 20px;    }  }<\/style><style>  .section + .section {    margin-top: 35px;  }  .section-title {    text-align: center;    font-weight: bold;    color: #0d1111;    font-family: \"Arial\";    font-size: 32px;    margin: 15px 0;  }  .section-title:empty {    display: none;  }  .section-desc {    text-align: center;    font-weight: normal;    color: #0d1111;    margin-top: 20px;  }  .section-desc:empty {    display: none;  }  .section-img {    width: 1200px;    height: 492px;    margin: 0 auto;    display: block;  }  .section-img.small {    width: 970px;    height: auto;  }  .section-img.small > img {    height: auto;  }  .section-img > img {    width: 100%;    height: 100%;  }  .section-mobile-img {    display: none;    max-width: 100vw;    max-height: 75vw;    height: 450px;    margin: 0 auto;  }  .section-mobile-img > img {    width: 100%;    height: 100%;  }  @media screen and (max-width: 960px) and (orientation: portrait) {    .container {      width: 100%;    }    .container.small {      width: 100%;    }    .section-mobile-img {      display: block;    }    .section-img {      display: none;    }    .section-title {      font-size: 22px;      margin: 10px 0;    }    .section-desc {      margin-top: 10px;    }    .section + .section {      margin-top: 20px;    }  }<\/style><\/head><body><div class=\"container\"><div class=\"logo\"><div class=\"pc-banner\"><div><img decoding=\"async\" src=\"\/vevor\/vevor\/boutique-banner\/pc\/en-pc@1x.jpg\" style=\"width: 100%;\" \/><\/div><\/div><div class=\"m-banner\"><div><img decoding=\"async\" src=\"\/vevor\/vevor\/boutique-banner\/mobile\/en-m@1x.jpg\" style=\"width: 100%;\" \/><\/div><\/div><\/div><div class=\"section-title\">500VA Kintamos \u012etampos Transformatorius<\/div><div class=\"video-section\"><div class=\"video-section-img-pc\"><img decoding=\"async\" src=\"\/vevor\/product\/KBBYQZZBS5003NS7M\/variable-transformer-a100-1.4.jpg\" \/><\/div><div class=\"video-section-img-m\"><img decoding=\"async\" src=\"\/vevor\/product\/KBBYQZZBS5003NS7M\/variable-transformer-a100-1.4-m.jpg\" \/><\/div><div class=\"section-desc\">Paversti savo \u012ftampa tiksliai ir ramybe! M\u016bs\u0173 kintamos \u012ftampos transformatorius si\u016blo 0-300V reguliavimo diapazonas, saugikliai, \u0161ilumos jungiklis, a resettable perkrovos saugiklis, ir CE sertifikuoti, sukurti tvirti elektros energijos tiekimo.<\/div><\/div><div class=\"section\"><div class=\"section-title\"><\/div><div class=\"section-img\"><img decoding=\"async\" src=\"\/vevor\/product\/KBBYQZZBS5003NS7M\/variable-transformer-a100-2.2.jpg\" \/><\/div><div class=\"section-mobile-img\"><img decoding=\"async\" src=\"\/vevor\/product\/KBBYQZZBS5003NS7M\/variable-transformer-a100-2.2-m.jpg\" \/><\/div><div class=\"section-desc\">Be vargo koreguoti savo elektros prietais\u0173 su begalinis tikslumas naudojant vir\u0161aus sumontuotas \u012ftampos reguliavimo ranken\u0117l\u0119. Perjungiklis tiksliai \u012ftampa jums reikia, kur nuo 0-300V, tiksliai galios pristatym\u0105 pritaikyt\u0105 j\u016bs\u0173 konkre\u010dius reikalavimus.<\/div><\/div><div class=\"section\"><div class=\"section-title\"><\/div><div class=\"section-img\"><img decoding=\"async\" src=\"\/vevor\/product\/KBBYQZZBS5003NS7M\/variable-transformer-a100-2.3.jpg\" \/><\/div><div class=\"section-mobile-img\"><img decoding=\"async\" src=\"\/vevor\/product\/KBBYQZZBS5003NS7M\/variable-transformer-a100-2.3-m.jpg\" \/><\/div><div class=\"section-desc\">Joki\u0173 r\u016bpes\u010di\u0173, jei netik\u0117tai sprogs saugiklis! Mes jus padeng\u0117me 4 papildomais saugikliais, tod\u0117l pakeitimai yra v\u0117jelis. Laikykite savo \u012frang\u0105 apsaugot\u0105 nepraleisdami ritmo.<\/div><\/div><div class=\"section\"><div class=\"section-title\"><\/div><div class=\"section-img\"><img decoding=\"async\" src=\"\/vevor\/product\/KBBYQZZBS5003NS7M\/variable-transformer-a100-2.4.jpg\" \/><\/div><div class=\"section-mobile-img\"><img decoding=\"async\" src=\"\/vevor\/product\/KBBYQZZBS5003NS7M\/variable-transformer-a100-2.4-m.jpg\" \/><\/div><div class=\"section-desc\">M\u016bs\u0173 kintamos \u012ftampos reguliatorius yra \u0161arvuotos su built-in vario rit\u0117s, ekranavimas savo prietaisus nuo \u012ftampos svyravim\u0173, kaip tvirtov\u0117. Ji u\u017etikrina, kad j\u016bs\u0173 \u012franga veikia patikimiau, apsauga nuo elektros trikd\u017ei\u0173 ir i\u0161laikyti savo operacij\u0173 skland\u017eiai ir saugiai.<\/div><\/div><div class=\"section\"><div class=\"section-title\"><\/div><div class=\"section-img\"><img decoding=\"async\" src=\"\/vevor\/product\/KBBYQZZBS5003NS7M\/variable-transformer-a100-2.5.jpg\" \/><\/div><div class=\"section-mobile-img\"><img decoding=\"async\" src=\"\/vevor\/product\/KBBYQZZBS5003NS7M\/variable-transformer-a100-2.5-m.jpg\" \/><\/div><div class=\"section-desc\">M\u016bs\u0173 kintamos \u012ftampos transformatorius yra puikiai tinka bet kokioje aplinkoje\u2014namuose, pramon\u0117je, ar biure. Ji u\u017etikrina, kad j\u016bs\u0173 prietaisai veikia pagal stabilios \u012ftampos, sprend\u017eiant klausimus d\u0117l nenuoseklumo galva. Ji ne tik u\u017etikrina did\u017eiausi\u0105 na\u0161um\u0105, bet taip pat prailgina gyvenimo trukm\u0119, savo \u012frang\u0105.<\/div><\/div><div class=\"section\"><div class=\"section-img\"><img decoding=\"async\" src=\"\/vevor\/product\/KBBYQZZBS5003NS7M\/variable-transformer-a100-1.11.jpg\" \/><\/div><div class=\"section-mobile-img\"><img decoding=\"async\" src=\"\/vevor\/product\/KBBYQZZBS5003NS7M\/variable-transformer-a100-1.11-m.jpg\" \/><\/div><\/div><\/div><\/body><\/html><\/div>\n<div class=\"DM_at-title\" id=\"js-DM_at-title\"> <div>Produkto specifikacija<\/div> <i class=\"icon-arrowup_line\"><\/i> <\/div><div class=\"DM_at-goodsDescAttr\" id=\"js-DM_at-goodsDescAttr\"> <div class=\"DM_at-goodsDescAttrInner\"> <dl class=\"goodsDesc_item goodsDesc_item_even\"> <dt>Prek\u0117s Modelio Numeris<\/dt> <dd> TDGC2-500VA<\/dd> <\/dl> <dl class=\"goodsDesc_item\"> <dt>Maksimali I\u0161\u0117jimo Galia<\/dt> <dd> 500VA<\/dd> <\/dl> <dl class=\"goodsDesc_item goodsDesc_item_even\"> <dt>Maksimali I\u0161\u0117jimo Srov\u0117<\/dt> <dd> 1<\/dd> <\/dl> <dl class=\"goodsDesc_item\"> <dt>\u012e\u0117jimo \u012etampa<\/dt> <dd> 230V, 50Hz<\/dd> <\/dl> <dl class=\"goodsDesc_item goodsDesc_item_even\"> <dt>I\u0161\u0117jimo \u012etampa<\/dt> <dd> 0V-300V<\/dd> <\/dl> <dl class=\"goodsDesc_item\"> <dt>Produkto Matmenys (L x W x H)<\/dt> <dd> 6.5 x 4.7 x 6,1 \/ 165 x 120 x 155 mm<\/dd> <\/dl> <dl class=\"goodsDesc_item goodsDesc_item_even\"> <dt>Neto Svoris<\/dt> <dd> 7.74 svar\u0173 \/ 3.51 kg<\/dd> <\/dl> <\/div> <\/div>","protected":false},"excerpt":{"rendered":"<ul>\n<li> Lankstumas \u012etampos Kontrol\u0117: be Vargo reguliuoti i\u0161\u0117jimo \u012ftamp\u0105, skland\u017eiai kontrol\u0117s ry\u0161kumo, temperat\u016bros, grei\u010dio, ir dar daugiau\u2014tiesiog po ranka. Ar namuose, biure ar pramonin\u0117je aplinkoje, m\u016bs\u0173 reguliatorius u\u017etikrina tiksli\u0105 kontrol\u0119, siekiant patenkinti individualius poreikius, u\u017etikrinant, kad b\u016bt\u0173 labiau patogi ir efektyvi patirtis. <\/li>\n<li> 500VA Kintamasis Transformatorius: Galia: 500VA, \u012e\u0117jimo \u012etampa: AC 230V\/50 hz, Maksimali I\u0161\u0117jimo Srov\u0117: 1.7, I\u0161\u0117jimo \u012etampa Diapazonas: 0-300V. U\u017e optimal\u0173 patirt\u012f, rekomenduojame pasirinkti kintamojo transformatoriaus galia, paj\u0117gumas ne ma\u017eiau kaip 25% didesn\u0117 nei bendra galia j\u016bs\u0173 \u012frenginius. Tai u\u017etikrina, kad j\u016bs\u0173 \u012franga veikia skland\u017eiai pagal visas s\u0105lygas, suteikti jums su neprilygstam\u0105 kontrol\u0119 ir efektyvum\u0105. <\/li>\n<li> Kelis Saugos priemon\u0117s: M\u016bs\u0173 kintamos \u012ftampos transformatorius yra sukonstruotas pagal j\u016bs\u0173 saugumo omenyje, si\u016blanti saugikliai, \u0161ilumos jungiklis, ir resettable perkrovos saugiklis, i\u0161pl\u0117sti nepertraukiamo apsaugos j\u016bs\u0173 \u012frang\u0105. Idealiai tinka tiek nam\u0173 \u016bkio ir pramonini\u0173 \u012frengini\u0173, m\u016bs\u0173 transformatorius sukuria saugi\u0105 ir stabili\u0105 \u012ftamp\u0105, aplinkos visuose tavo \u012frenginiuose. <\/li>\n<li> Pastatytas Paskutinis, CE-Sertifikuotos: Patirtis draudimo CE-sertifikuotos kokyb\u0117s, su m\u016bs\u0173 kintamos \u012ftampos reguliatorius. Pagamintos su sutir\u0161t\u0117s metalinis korpusas, ji si\u016blo patobulintas ilgaam\u017ei\u0161kumas ir atsparumas sm\u016bgiams. Be to, \u0161ie v\u0117dinimo angas galima greitai \u0161ilumos i\u0161sklaidymo, kad b\u016bt\u0173 i\u0161vengta perkaitimo. Pasikliauti m\u016bs\u0173 transformatorius u\u017e grie\u017et\u0105 sprendim\u0105, kuris stovi laiko i\u0161bandym\u0105. <\/li>\n<li> Tikslumo Ranka: M\u016bs\u0173 kintamos \u012ftampos transformatorius yra sumontuotas analoginis ry\u0161ys, leid\u017eiantis steb\u0117ti esam\u0105 i\u0161\u0117jimo \u012ftampa pirmo \u017evilgsnio lengvai. Reguliuoti \u012ftampos vargo su top-sumontuoti ranken\u0117l\u0119, sukurt\u0105 patogum\u0105 ir lankstum\u0105. Metalo masto plok\u0161t\u0117s savyb\u0117s, ai\u0161kus, lengvai \u012fskaitomas, \u017eenklai, leid\u017eianti jums dial tiksli \u012ftampa, jums reikia nedelsiant. <\/li>\n<\/ul>","protected":false},"featured_media":300982,"comment_status":"closed","ping_status":"open","template":"","meta":{"om_disable_all_campaigns":false,"_uf_show_specific_survey":0,"_uf_disable_surveys":false},"location":[1935,1934],"product_brand":[21],"product_cat":[34,2671,3998,2672],"product_tag":[],"class_list":{"0":"post-38065","1":"product","2":"type-product","3":"status-publish","4":"has-post-thumbnail","6":"location-supplier_stock_location","7":"location-local_stock_location","8":"product_brand-vevor","9":"product_cat-electrical","10":"product_cat-power-distribution","11":"product_cat-variable-transformer-voltage-transformers","12":"product_cat-voltage-transformers","14":"first","15":"outofstock","16":"taxable","17":"shipping-taxable","18":"purchasable","19":"product-type-simple"},"aioseo_notices":[],"locations":[{"id":1935,"name":"Pieg\u0101d\u0101t\u0101ja noliktav\u0101 (5-7d.d.)","slug":"supplier_stock_location","quantity":"0"},{"id":1934,"name":"R\u012bgas veikal\u0101 (0-2d.d.)","slug":"local_stock_location","quantity":"0"}],"_links":{"self":[{"href":"https:\/\/vevorshop.lv\/lt\/wp-json\/wp\/v2\/product\/38065","targetHints":{"allow":["GET"]}}],"collection":[{"href":"https:\/\/vevorshop.lv\/lt\/wp-json\/wp\/v2\/product"}],"about":[{"href":"https:\/\/vevorshop.lv\/lt\/wp-json\/wp\/v2\/types\/product"}],"replies":[{"embeddable":true,"href":"https:\/\/vevorshop.lv\/lt\/wp-json\/wp\/v2\/comments?post=38065"}],"wp:featuredmedia":[{"embeddable":true,"href":"https:\/\/vevorshop.lv\/lt\/wp-json\/wp\/v2\/media\/300982"}],"wp:attachment":[{"href":"https:\/\/vevorshop.lv\/lt\/wp-json\/wp\/v2\/media?parent=38065"}],"wp:term":[{"taxonomy":"location","embeddable":true,"href":"https:\/\/vevorshop.lv\/lt\/wp-json\/wp\/v2\/location?post=38065"},{"taxonomy":"product_brand","embeddable":true,"href":"https:\/\/vevorshop.lv\/lt\/wp-json\/wp\/v2\/product_brand?post=38065"},{"taxonomy":"product_cat","embeddable":true,"href":"https:\/\/vevorshop.lv\/lt\/wp-json\/wp\/v2\/product_cat?post=38065"},{"taxonomy":"product_tag","embeddable":true,"href":"https:\/\/vevorshop.lv\/lt\/wp-json\/wp\/v2\/product_tag?post=38065"}],"curies":[{"name":"wp","href":"https:\/\/api.w.org\/{rel}","templated":true}]}}