{"id":39209,"date":"2024-11-19T04:14:58","date_gmt":"2024-11-19T04:14:58","guid":{"rendered":"http:\/\/vevorshop.edigo.lv\/Prece\/vevor-coil-spiral-binding-machine-manual-book-maker-34-holes-binding-120-sheets-punch-binder-adjustable-3-16-9-16-coil-binding-spines-for-letter-size-a4-a5\/"},"modified":"2026-05-13T04:39:01","modified_gmt":"2026-05-13T01:39:01","slug":"vevor-coil-spiral-binding-machine-manual-book-maker-34-holes-binding-120-sheets-punch-binder-adjustable-3-16-9-16-coil-binding-spines-for-letter-size-a4-a5","status":"publish","type":"product","link":"https:\/\/vevorshop.lv\/lt\/Prece\/vevor-rite-spiralinis-irisimas-masina-rankinis-knygu-gamintojas-34-skyles-surisimas-120-lapu-perforatorius-risiklis-reguliuojamas-3-16-9-16-rites-surisimo-spygliai-raides-dydziui-a4-a5\/","title":{"rendered":"VEVOR rankin\u0117 spiral\u0117s \u012fri\u0161imo ma\u0161ina, 34 skylu\u010di\u0173 perforatorius, iki 120 lap\u0173, reguliuojama 4,76\u201314,29 mm, A4, A5, Letter"},"content":{"rendered":"<div style=\"color: #fff!important; font-size: 16px; height: 24px; line-height: 24px; margin-top: -24px; \" class=\"product_original_name\">VEVOR rit\u0117s spiralinis ri\u0161imo aparatas, rankinis knyg\u0173 gamintojas 34 skyli\u0173 ri\u0161imas 120 lap\u0173, perforatorius reguliuojamas 4,76 mm - 14,29 mm rit\u0117s ri\u0161amieji stuburai, raid\u017ei\u0173 dyd\u017eiui, A4, A5.<\/div>\n<div style=\"color: #fff!important; font-size: 16px; height: 24px; line-height: 24px; margin-top: -24px; \" class=\"product_sku\">M4I4LD37<\/div>\n<div style=\"color: #fff!important; font-size: 16px; height: 24px; line-height: 24px; margin-top: -24px; \" class=\"product_mpn\">ZDJ20TQSSD32IJ2STV0<\/div><div id=\"js-DM_at-goodDescRich\"><html><head><style>  body {    font-family: Arial;    line-height: 1.5;    color: #1c1c1c;    overflow-x: hidden;    margin: 0;    padding: 0;  }  .MsoNormal b {    font-weight: bolder;  }<\/style><style>  .container.small {    width: 970px;    margin: 0 auto;  }  .logo {    margin: 0 auto 0;  }  .logo img {    display: block;    margin: 0 auto;    max-width: 100%;  }  .logo .pc-banner {    display: block;    width: 1200px;    height: 247.4px;    margin: 0 auto;  }  .logo .pc-banner.small {    width: 970px;  }  .logo .pc-banner.small img {    height: auto!important;  }  .logo .m-banner {    display: none;  }  .ytvideo {    position: relative;    height: 546px;    width: 100%;    margin: 0 auto;  }  .ytvideo img {    width: 100%;    margin: 0 auto;  }  .ytvideo .play-btn {    width: 60px;    height: 42px;    position: absolute;    top: 50%;    left: 50%;    transform: translate(-50%, -50%);    background: url(\"data:image\/png;base64,iVBORw0KGgoAAAANSUhEUgAAAGQAAABGCAMAAAANWMFbAAAC+lBMVEUAAADBGB3kLCfBGB3kLCfcJC7BFx3KKSbiKybkLCbWJCPSIiLSIiLPICHAFx3kLCfgKSXNHiDZJiTIGx\/p4eHcjo7LHSDbJyTkLCbjKyfOHyHPIiL28fHJHB\/GGh7EGR7eKCXDGB3RISHlLSbBGB3AFxzGHB7DGB7BGB3hKybkKybAFx3lLCfAFxzDGR3hKibDGB7cJyTmz8\/elJTlwcHjurrUIyLlLSflLSfAFx3DGR7lLSfCFx3hKibhKibhKybjKybkLCblLSfbJSX49vbx7e3NNzjNMTLMJyjVIyLZf3\/ZQ0LaeHjx0tLgoqLkLCfCGB3HGx\/BGB3BFx3PICHCGB7WJCLOHyC\/Fxy\/Fx3lLCfQISHkLSe\/FxzbJiTBFx3FGx\/AGB7BFx3EGR7AGB3HHSDfKiXAFh3TISHYNzbhKibbJyTTIiL57e325+f039\/v2NjUV1fOHiHiqanfmprch4feKSXVIyPOICHmLibFGh\/mLSe\/Fx7XJCPeKSXXJSPNHyHaJyTGGh7lLCbmLCflLSjSIiLkLCbdKSXLHiC\/GB3KHh++Fh3lKyfoLiXcKCPkx8fYb2\/XaGfVXl3aU1LLHiDksbHgKibPICHbJyTfKSXbJyTCGB3KHSDiKybFGh7TIiL\/\/\/\/VIyPRISHIHB\/GGx\/HHB\/DGR7gKibdKCXLHiDZJiTMHiDNHyHYJSTOICHPICHWJCPcKCXXJSPjLCblLCf+\/f3NGR\/uLijzLynPGR\/IGB7WISHaIyLLGh7UAADxLynNAADRLzDbICLQAADIAAD3MCrUHSHXMTDpKSbLAADp5OTij4\/ejo\/VLy\/1LyngJSTcJCPQHx\/OHB7+\/PzaMS\/OLS\/vLijrLSjSAADaNTPwLyjkKSbNJCbYISHPHB\/KGB7WAAD7+vrn3d3aKynTKCjoLCfsKifRGh\/YAADq5+fhjo7QNDXXKCfmJyXt5+fTLzDLLi\/QKivYHRvMGBrQJCXLISPMExXLDxLaEAvkkI\/bOTfaFQ\/SCgpvLcnHAAAAmnRSTlMA+vv7+gT9Bvf9+8z8\/NSv\/Pr5+P7++vnQIBMP\/v38\/Pn348XDiCYf9OjbzcqxXVcx\/fz8+\/rj1r2poo1+fXFqX0orGP7+\/v7+\/fz8+\/r68uzn4trIxsG\/vri3p6GcmZSNbWVYUUZEPQv+\/f39+\/v7+\/v7+vr64tvV1NTTz87FtbSurqeblJKFg4B3bUY+NjL7+\/v7+\/v67t1cDo8JLQAABkRJREFUWMO0kz9rwkAYh0OIeJkum6YugUAhISCdKoj\/P4C7SMdS+gEKIhSKil10LSg4mzXkILdlEpxCpwTiWOLX6BujvQaEQuGeHLnL+\/64J+SIcKGYTYWnntpdLjrVdqvZmNdn0+EE40GtpuuWVS6Xx6N7YDSGpWXpeq02wHgynM7q80az1a52HpddtVcpsi1zFARBrdaxbhp9iUReTGmwA4KAAr7vx3EYejnCMI6hQYEgy0LQi4jUN0wL19vqFcUC9\/1dAKmEEFkWRYkh5oBejnxQJiSJPJ\/uKBp0Thszx9Mw8hMRIQjKsptCfuES9zr5WJY6vSFCIvE9fCMUmEM1A1kSXcYGxgVYsvI1IPKTZciSTI0us\/SMGG04gDzELDoFBwdcFJrF88dqgYMTiL6DILWYyfOWE8\/kIz38olCNlC03FK95+imxp6y4oUSvAnBjHHhKNtotSDqJzVFiK8c2SBqhZtsrTtgrLXwAyduxZHNE26eHUt5rtuM4WSmds3G+sUdWYo1L+XyxButoh5eKUHk5lByO3G1LqqCWVnfrv\/lyPtf\/4ps1cndNGIri8J1TJ0lx6dR\/oPjq1nbRwdp2dCk4CtIOLW3pVKRL6WZfS5vF2KkIQhpwSsjiYIgNCs1gEMGqiIq24NQX9NwoXFy8Ufrl3twTcg4fv8T9\/JBEySduj6Mjm4bMzYV7EEOxKjjoNDud7yY3Dy71Hq2oLmqfbNR723edH9PgMrNL2utoQ3VmaIDkiw\/4w51P06hlZsTZvkRrbVuSIs\/zwSOsycgzStQouoAkWQqioRT5XI7n2Z1wfVhoZmcAJLsoqjqpjbWCgpOAJXBwHK8PzWbNvoUZJND5wCnSkLAkZ1legx6vqQzjoiTahKlGUGLAiIIoABOHaNVw4sexZBym6\/HWlH5h3IC7yRbxtipcWxdTOkORKiNQAEkFf66x5S2oeRbroOlLgg0sSYkR0hRGEqJZ0jTPiQKatESdBckpWigxaapEH0lImHdWu9pUFF2XqMNM2Z4kped7IwEJw2qabwtrQqnpw6HyKkgcadKWsmpywwesDyIhYRpdzXddqegtGIJlXbAIUMOLkGxJUjRIkokwjUaX9d\/kK62ps\/tYUqZLIMkLTyBhsMZ3C5Z\/kDxOSCb\/DOs\/\/J0qcWSX\/2ipe56EgTCA4\/cB7NAYOsni4mZM1MUPAISoEwkDi4lhVBQ1cWQyIcwalw4EpqZN68JUSK7XC0kTlkLYii5uXSC8jT5ncCAS7mjCv0uHp\/3lueHEEAeQ\/\/VgmdN71\/2uCSA1Xr6DO6uI6sW56zqT2tp2PhgiRUAajV8CY2fkcz6WGNKMgLAt7tJAhD4YHMTeRxlALE6+43WqjSWi8ITxyJl8WrwWSNESQZZOqhDDntO3hJLsd5RtSpbJqdv3YrDJH3F7jL1R2O2aQkn2MyCyKYz0GPGIvSAMgBCrCEiJyKbBaYGwLW4uPRr0A0M4Ux5kUI7IBh+hMdiCEWNqhMZGyYMsOgNE58UQuEQeUnSWCMYwL54hkxK6IoqucQZbQ3pc3XtL0lky1dL0zZJJDpWJovFqpWj6JEHnyam2eQp5QRVAVHjWparTOaVwUOx99YS2MvgxIGV0bb+qIg2HX2qkFFJB+XZcbLiuRkuxD9GRroKyveLxdh4d7Orx+hb7qc3uVRuEogCOnyIxm4ubUoPgF4jianDrC+SDQDKEfJb0GUKmjCGPYHGJvVC6X4hw1\/sAfQAdfYyephIaspXe36RwOP+Ljvfx9B6B3i+Nk0DGq+oCbLn6JpBa9nWAveAIHwFAwtVcIJXPMPL8kRu5OAYPMaL1WScTxjiZDqB9LTJSWphow\/pTYKRTLjCBhvi9iBidvKcDasGSm0QQkycYuLBqj6QCELPctqChDWpTRMWkngNNpQ1Pfp1KkiT\/Y0DGffXAweUNfLAfaJFKDwhb6I+bkYRbkERoEeu3Fyjg2opMz2daZCS9jt6Q7txNfB+OZEVF6Zl5web2xunnLQrtrjXseXKaFYziYINeMFZVxS9VxRhOoesYwxPKXm+gWLG9cuFeq93UNNeJNsf1KlwuDok9n02n3TgIJpOxNfL9naIoQwXtfH9kjceTIIi709ncTg6LZbg+biLH1V6u\/7rxBem06VXKn9raAAAAAElFTkSuQmCC\")      no-repeat center center \/ contain;  }  @media screen and (max-width: 960px) and (orientation: portrait) {    .logo {      width: 100%;    }    .logo .pc-banner {      display: none;    }    .logo .m-banner {      display: block;      width: 100%;    }    .logo .m-banner img {      height: auto!important;    }    .ytvideo {      height: 200px;      width: 100%;    }  }<\/style><style>  .video-section {    width: 100%;    margin: 0 auto;  }  .video-section > img {    width: 100%;  }  .video-section iframe,  .video-section video {    width: 100%;    height: 100%;      }  .video-section-img-m,  .video-section-img-pc > img {    width: 100%;    height: auto;  }  .video-section-img-pc.small > img {    width: 970px;  }  .video-desc {    line-height: 1.5;    font-size: 20px;    font-weight: 400;    margin: 20px 0;    text-align: center;    color: #0f1111;    word-break: break-word;  }  @media screen and (max-width: 960px) and (orientation: portrait) {    .video-section {      width: 100%;    }    .video-section-pc,    .video-section-img-pc {      display: none;    }    .video-section-m,    .video-section-img-m {      display: block;    }    .video-desc {      font-size: 15px;    }  }  @media screen and (min-width: 960px) {    .video-section {      width: 100%;      margin: 0 auto;    }    .video-section-pc,    .video-section-img-pc {      display: block;    }    .video-section-m,    .video-section-img-m {      display: none;    }    .video-desc {      font-size: 20px;    }  }<\/style><style>  .section + .section {    margin-top: 35px;  }  .section-title {    text-align: center;    font-weight: bold;    color: #0d1111;    font-family: \"Arial\";    font-size: 32px;    margin: 15px 0;  }  .section-title:empty {    display: none;  }  .section-desc {    text-align: center;    font-weight: normal;    color: #0d1111;    margin-top: 20px;  }  .section-desc:empty {    display: none;  }  .section-img {    width: 1200px;    height: 492px;    margin: 0 auto;    display: block;  }  .section-img.small {    width: 970px;    height: auto;  }  .section-img.small > img {    height: auto;  }  .section-img > img {    width: 100%;    height: 100%;  }  .section-mobile-img {    display: none;    max-width: 100vw;    max-height: 75vw;    height: 450px;    margin: 0 auto;  }  .section-mobile-img > img {    width: 100%;    height: 100%;  }  @media screen and (max-width: 960px) and (orientation: portrait) {    .container {      width: 100%;    }    .container.small {      width: 100%;    }    .section-mobile-img {      display: block;    }    .section-img {      display: none;    }    .section-title {      font-size: 22px;      margin: 10px 0;    }    .section-desc {      margin-top: 10px;    }    .section + .section {      margin-top: 20px;    }  }<\/style><\/head><body><div class=\"container\"><div class=\"logo\"><div class=\"pc-banner\"><div><img decoding=\"async\" src=\"\/vevor\/vevor\/boutique-banner\/pc\/en-pc@1x.jpg\" style=\"width: 100%;\" \/><\/div><\/div><div class=\"m-banner\"><div><img decoding=\"async\" src=\"\/vevor\/vevor\/boutique-banner\/mobile\/en-m@1x.jpg\" style=\"width: 100%;\" \/><\/div><\/div><\/div><div class=\"section-title\">Efektyvus ir Tvarkingas Privalomas Ma\u0161ina<\/div><div class=\"video-section\"><div class=\"video-section-img-pc\"><img decoding=\"async\" src=\"\/vevor\/product\/ZDJ20TQSSD32IJ2ST\/binding-machine-a100-1.4.jpg\" alt=\"VEVOR privalomas ma\u0161ina ant darbo stalo, pabr\u0117\u017eiant suderinamumo, lengva naudoti ir ilgaam\u017ei\u0161kumo savybes.\" \/><\/div><div class=\"video-section-img-m\"><img decoding=\"async\" src=\"\/vevor\/product\/ZDJ20TQSSD32IJ2ST\/binding-machine-a100-1.4-m.jpg\" alt=\"VEVOR privalomas ma\u0161ina ant darbo stalo, pabr\u0117\u017eiant suderinamumo, lengva naudoti ir ilgaam\u017ei\u0161kumo savybes.\" \/><\/div><div class=\"section-desc\">\u0160i rit\u0117 privalomas ma\u0161ina yra b\u016btina tur\u0117ti \u012frank\u012f, skirt\u0105 &#034;office&#034; dokumentus. Su didel\u0117s talpos, tai \u017eymiai pagerina privalomas efektyvum\u0105, suteikiant j\u016bs\u0173 dokumentus, profesionalus ir tvarkinga i\u0161vaizda.<\/div><\/div><div class=\"section\"><div class=\"section-title\"><\/div><div class=\"section-img\"><img decoding=\"async\" src=\"\/vevor\/product\/ZDJ20TQSSD32IJ2ST\/binding-machine-a100-2.2.jpg\" alt=\"VEVOR privalomas ma\u0161ina, auk\u0161\u010dio skirtumas (3mm\/5mm\/7mm), suderinama su a4, a5 ir letter dyd\u017ei\u0173.\" \/><\/div><div class=\"section-mobile-img\"><img decoding=\"async\" src=\"\/vevor\/product\/ZDJ20TQSSD32IJ2ST\/binding-machine-a100-2.2-m.jpg\" alt=\"VEVOR privalomas ma\u0161ina, auk\u0161\u010dio skirtumas (3mm\/5mm\/7mm), suderinama su a4, a5 ir letter dyd\u017ei\u0173.\" \/><\/div><div class=\"section-desc\">Su Reguliuojamu pus\u0117je skirtumai, m\u016bs\u0173 spiral\u0117s vija privalomas ma\u0161ina tinka labiausiai dokument\u0173 dyd\u017ei\u0173.<\/div><\/div><div class=\"section\"><div class=\"section-title\"><\/div><div class=\"section-img\"><img decoding=\"async\" src=\"\/vevor\/product\/ZDJ20TQSSD32IJ2ST\/binding-machine-a100-2.3.jpg\" alt=\"VEVOR privalomas ma\u0161ina su paprasta 3 \u017eingsni\u0173 privalomas procesas, rodomas ant stalo.\" \/><\/div><div class=\"section-mobile-img\"><img decoding=\"async\" src=\"\/vevor\/product\/ZDJ20TQSSD32IJ2ST\/binding-machine-a100-2.3-m.jpg\" alt=\"VEVOR privalomas ma\u0161ina su paprasta 3 \u017eingsni\u0173 privalomas procesas, rodomas ant stalo.\" \/><\/div><div class=\"section-desc\">Lengvas valdymas su rankena, peties paspauskite privalomas, lengvas ir paprastas.<\/div><\/div><div class=\"section\"><div class=\"section-title\"><\/div><div class=\"section-img\"><img decoding=\"async\" src=\"\/vevor\/product\/ZDJ20TQSSD32IJ2ST\/binding-machine-a100-2.4.jpg\" alt=\"VEVOR privalomas ma\u0161ina su tvirto ketaus pagrindo, nusid\u0117v\u0117jimui atsparaus abs plastiko luk\u0161tais, ir lengva valyti \u017eetonai.\" \/><\/div><div class=\"section-mobile-img\"><img decoding=\"async\" src=\"\/vevor\/product\/ZDJ20TQSSD32IJ2ST\/binding-machine-a100-2.4-m.jpg\" alt=\"VEVOR privalomas ma\u0161ina su tvirto ketaus pagrindo, nusid\u0117v\u0117jimui atsparaus abs plastiko luk\u0161tais, ir lengva valyti \u017eetonai.\" \/><\/div><div class=\"section-desc\">M\u016bs\u0173 knyga ri\u0161iklio buvo grie\u017etai tikrinami d\u0117l puikios kokyb\u0117s ir ilgaam\u017ei\u0161kumo.<\/div><\/div><div class=\"section\"><div class=\"section-title\"><\/div><div class=\"section-img\"><img decoding=\"async\" src=\"\/vevor\/product\/ZDJ20TQSSD32IJ2ST\/binding-machine-a100-2.5.jpg\" alt=\"office assistant produktas, naudojamas namuose, mokykloje, biure ir verslo parametrus \u012fvairius poreikius.\" \/><\/div><div class=\"section-mobile-img\"><img decoding=\"async\" src=\"\/vevor\/product\/ZDJ20TQSSD32IJ2ST\/binding-machine-a100-2.5-m.jpg\" alt=\"office assistant produktas, naudojamas namuose, mokykloje, biure ir verslo parametrus \u012fvairius poreikius.\" \/><\/div><div class=\"section-desc\">Tinka \u012fvairi\u0173 tip\u0173 dokumentas privalomas, b\u016btinas biurai.<\/div><\/div><div class=\"section\"><div class=\"section-img\"><img decoding=\"async\" src=\"\/vevor\/product\/ZDJ20TQSSD32IJ2ST\/binding-machine-a100-1.11.jpg\" alt=\"VEVOR privalomas ma\u0161ina std12a, 10.8 kg, 15.2x9.7x14.4 coli\u0173, gele\u017eies pagrindo, abs plastiko, metalin\u0117s dalys.\" \/><\/div><div class=\"section-mobile-img\"><img decoding=\"async\" src=\"\/vevor\/product\/ZDJ20TQSSD32IJ2ST\/binding-machine-a100-1.11-m.jpg\" alt=\"VEVOR privalomas ma\u0161ina std12a, 10.8 kg, 15.2x9.7x14.4 coli\u0173, gele\u017eies pagrindo, abs plastiko, metalin\u0117s dalys.\" \/><\/div><\/div><\/div><\/body><\/html><\/div>\n<div class=\"DM_at-title\" id=\"js-DM_at-title\"> <div>Produkto specifikacija<\/div> <i class=\"icon-arrowup_line\"><\/i> <\/div><div class=\"DM_at-goodsDescAttr\" id=\"js-DM_at-goodsDescAttr\"> <div class=\"DM_at-goodsDescAttrInner\"> <dl class=\"goodsDesc_item goodsDesc_item_even\"> <dt>Prek\u0117s Modelio Numeris<\/dt> <dd> STD12A<\/dd> <\/dl> <dl class=\"goodsDesc_item\"> <dt>Pirmin\u0117s Med\u017eiagos<\/dt> <dd> Gele\u017eies Pagrindo (milteliniu) + ABS Plastiko Luk\u0161tais + Metalo Pus\u0117je Ginkl\u0173<\/dd> <\/dl> <dl class=\"goodsDesc_item goodsDesc_item_even\"> <dt>Produkto Svoris<\/dt> <dd> 10.8 kg\/4.9 kg<\/dd> <\/dl> <dl class=\"goodsDesc_item\"> <dt>Gaminio Dydis<\/dt> <dd> 15.2x9.7x14.4 coli\u0173\/385x246x367 mm<\/dd> <\/dl> <\/div> <\/div>","protected":false},"excerpt":{"rendered":"<ul>\n<li> Privalomi Efektyvumo ir \u0160var\u0105: M\u016bs\u0173 privalomas ma\u0161ina rankenos urmu projekt\u0173 vargo, i\u0161kirtimo iki 34 skyles, 12 lap\u0173, ir privalomas 120 lap\u0173 vienu metu. Idealiai tinka mokykloms, biurams ir \u012fmon\u0117ms, ji u\u017etikrina, profesionaliai baigtas dokumentus. <\/li>\n<li> Suderinama su \u012evairi\u0173 Dyd\u017ei\u0173: \u0160ios spiral\u0117s vija privalomas ma\u0161ina tinka Raid\u017ei\u0173 dyd\u012f, A4 formato, A5 dyd\u017eio, ir daugiau, stipri\u0105 suderinamumo \u012fvairi\u0173 dokumentas, apkaustai. <\/li>\n<li> Lengva Valdyti: Sukurta vartotojo patogumui, m\u016bs\u0173 rit\u0117 privalomas ma\u0161ina reguliuojamas kra\u0161to vadovus ir \u0161onines para\u0161tes, ir reguliuojamas privalomas stuburo dyd\u017eiai nuo 3\/16&#034;, kad 9\/16&#034; (privalomas stuburai reikia \u012fsigyti atskirai). Paprasta operatiom su rankena, peties paspauskite. <\/li>\n<li> Tvirta ir patvari med\u017eiaga: pagaminta i\u0161 ketaus pagrindo su milteliniu pavir\u0161iumi, m\u016bs\u0173 knyg\u0173 ri\u0161iklis yra tvirtas ir atsparus r\u016bdims ABS plastikinis apvalkalas yra atsparus dilimui ir n\u0117ra lengvai \u012ftr\u016bk\u0119s Metalin\u0117s \u0161onin\u0117s rankos ir anglinio plieno peiliukai u\u017etikrina ilgaam\u017ei\u0161kum\u0105 ir tiksl\u0173 perforavim\u0105. <\/li>\n<li> Prakti\u0161ki Priedai: M\u016bs\u0173 punch ri\u0161iklio ateina su ak naftos-sugeria popieriaus. Nereikia atskiros pirkimo! Naudoti aliejus-sugeria popieriaus, kad gera ma\u0161ina, prie\u0161 pirm\u0105 naudojim\u0105, siekiant i\u0161vengti popieriaus ne\u0161varumai, kaip ji yra sutepti. <\/li>\n<\/ul>","protected":false},"featured_media":302694,"comment_status":"closed","ping_status":"open","template":"","meta":{"om_disable_all_campaigns":false,"_uf_show_specific_survey":0,"_uf_disable_surveys":false},"location":[1935,1934],"product_brand":[21],"product_cat":[4017,2507,2506],"product_tag":[],"class_list":{"0":"post-39209","1":"product","2":"type-product","3":"status-publish","4":"has-post-thumbnail","6":"location-supplier_stock_location","7":"location-local_stock_location","8":"product_brand-vevor","9":"product_cat-binding-machine-office-supplies-storage-organization-2","10":"product_cat-office-supplies-storage-organization-2","11":"product_cat-storage-organization-2","13":"first","14":"instock","15":"taxable","16":"shipping-taxable","17":"purchasable","18":"product-type-simple"},"aioseo_notices":[],"locations":[{"id":1935,"name":"Pieg\u0101d\u0101t\u0101ja noliktav\u0101 (5-7d.d.)","slug":"supplier_stock_location","quantity":"199"},{"id":1934,"name":"R\u012bgas veikal\u0101 (0-2d.d.)","slug":"local_stock_location","quantity":"0"}],"_links":{"self":[{"href":"https:\/\/vevorshop.lv\/lt\/wp-json\/wp\/v2\/product\/39209","targetHints":{"allow":["GET"]}}],"collection":[{"href":"https:\/\/vevorshop.lv\/lt\/wp-json\/wp\/v2\/product"}],"about":[{"href":"https:\/\/vevorshop.lv\/lt\/wp-json\/wp\/v2\/types\/product"}],"replies":[{"embeddable":true,"href":"https:\/\/vevorshop.lv\/lt\/wp-json\/wp\/v2\/comments?post=39209"}],"wp:featuredmedia":[{"embeddable":true,"href":"https:\/\/vevorshop.lv\/lt\/wp-json\/wp\/v2\/media\/302694"}],"wp:attachment":[{"href":"https:\/\/vevorshop.lv\/lt\/wp-json\/wp\/v2\/media?parent=39209"}],"wp:term":[{"taxonomy":"location","embeddable":true,"href":"https:\/\/vevorshop.lv\/lt\/wp-json\/wp\/v2\/location?post=39209"},{"taxonomy":"product_brand","embeddable":true,"href":"https:\/\/vevorshop.lv\/lt\/wp-json\/wp\/v2\/product_brand?post=39209"},{"taxonomy":"product_cat","embeddable":true,"href":"https:\/\/vevorshop.lv\/lt\/wp-json\/wp\/v2\/product_cat?post=39209"},{"taxonomy":"product_tag","embeddable":true,"href":"https:\/\/vevorshop.lv\/lt\/wp-json\/wp\/v2\/product_tag?post=39209"}],"curies":[{"name":"wp","href":"https:\/\/api.w.org\/{rel}","templated":true}]}}