{"id":40446,"date":"2025-01-27T06:47:15","date_gmt":"2025-01-27T06:47:15","guid":{"rendered":"http:\/\/vevorshop.edigo.lv\/Prece\/vevor-36-inch-spinning-prize-wheel-18-slots-spinning-wheel-roulette-wheel-with-a-dry-erase-and-2-markers-tabletop-or-floor-standing-win-fortune-spin-games-in-party-pub-trade-show-carnival\/"},"modified":"2026-04-09T14:20:26","modified_gmt":"2026-04-09T11:20:26","slug":"vevor-36-inch-spinning-prize-wheel-18-slots-spinning-wheel-roulette-wheel-with-a-dry-erase-and-2-markers-tabletop-or-floor-standing-win-fortune-spin-games-in-party-pub-trade-show-carnival","status":"publish","type":"product","link":"https:\/\/vevorshop.lv\/lt\/Prece\/vevor-36-coliu-verpimo-prizinis-ratas-18-lizdu-verpimo-rato-ruletes-ratas-su-sausu-trynimu-ir-2-zymekliai-ant-stalo-arba-ant-grindu-stovintys-laimi-fortune-spin-zaidimus-vakareliu-baru-parodu-karnaval\/","title":{"rendered":"VEVOR 91 cm sukamas priz\u0173 ratas su 18 langeli\u0173, nuvalomas pavir\u0161ius, \u017eymekliai, stalinis ar grindinis stovas renginiams"},"content":{"rendered":"<div style=\"color: #fff!important; font-size: 16px; height: 24px; line-height: 24px; margin-top: -24px; \" class=\"product_original_name\">VEVOR 36 coli\u0173 besisukantis prizo ratas, 18 lizd\u0173 besisukantis ratas, rulet\u0117s ratas su sausu trynimu ir 2 \u017eymekliai, stalvir\u0161is arba auk\u0161tas, stovintys, laim\u0117s fortune Spin \u017eaidimai vakar\u0117li\u0173 alud\u0117s parodos karnavale<\/div>\n<div style=\"color: #fff!important; font-size: 16px; height: 24px; line-height: 24px; margin-top: -24px; \" class=\"product_sku\">M4I4LEST<\/div>\n<div style=\"color: #fff!important; font-size: 16px; height: 24px; line-height: 24px; margin-top: -24px; \" class=\"product_mpn\">CJZLJP36YCLD348OOV0<\/div><div id=\"js-DM_at-goodDescRich\"><html><head><style>  body {    font-family: Arial;    line-height: 1.5;    color: #1c1c1c;    overflow-x: hidden;    margin: 0;    padding: 0;  }  .MsoNormal b {    font-weight: bolder;  }<\/style><style>  .container.small {    width: 970px;    margin: 0 auto;  }  .logo {    margin: 0 auto 0;  }  .logo img {    display: block;    margin: 0 auto;    max-width: 100%;  }  .logo .pc-banner {    display: block;    width: 1200px;    height: 247.4px;    margin: 0 auto;  }  .logo .pc-banner.small {    width: 970px;  }  .logo .pc-banner.small img {    height: auto!important;  }  .logo .m-banner {    display: none;  }  .ytvideo {    position: relative;    height: 546px;    width: 100%;    margin: 0 auto;  }  .ytvideo img {    width: 100%;    margin: 0 auto;  }  .ytvideo .play-btn {    width: 60px;    height: 42px;    position: absolute;    top: 50%;    left: 50%;    transform: translate(-50%, -50%);    background: url(\"data:image\/png;base64,iVBORw0KGgoAAAANSUhEUgAAAGQAAABGCAMAAAANWMFbAAAC+lBMVEUAAADBGB3kLCfBGB3kLCfcJC7BFx3KKSbiKybkLCbWJCPSIiLSIiLPICHAFx3kLCfgKSXNHiDZJiTIGx\/p4eHcjo7LHSDbJyTkLCbjKyfOHyHPIiL28fHJHB\/GGh7EGR7eKCXDGB3RISHlLSbBGB3AFxzGHB7DGB7BGB3hKybkKybAFx3lLCfAFxzDGR3hKibDGB7cJyTmz8\/elJTlwcHjurrUIyLlLSflLSfAFx3DGR7lLSfCFx3hKibhKibhKybjKybkLCblLSfbJSX49vbx7e3NNzjNMTLMJyjVIyLZf3\/ZQ0LaeHjx0tLgoqLkLCfCGB3HGx\/BGB3BFx3PICHCGB7WJCLOHyC\/Fxy\/Fx3lLCfQISHkLSe\/FxzbJiTBFx3FGx\/AGB7BFx3EGR7AGB3HHSDfKiXAFh3TISHYNzbhKibbJyTTIiL57e325+f039\/v2NjUV1fOHiHiqanfmprch4feKSXVIyPOICHmLibFGh\/mLSe\/Fx7XJCPeKSXXJSPNHyHaJyTGGh7lLCbmLCflLSjSIiLkLCbdKSXLHiC\/GB3KHh++Fh3lKyfoLiXcKCPkx8fYb2\/XaGfVXl3aU1LLHiDksbHgKibPICHbJyTfKSXbJyTCGB3KHSDiKybFGh7TIiL\/\/\/\/VIyPRISHIHB\/GGx\/HHB\/DGR7gKibdKCXLHiDZJiTMHiDNHyHYJSTOICHPICHWJCPcKCXXJSPjLCblLCf+\/f3NGR\/uLijzLynPGR\/IGB7WISHaIyLLGh7UAADxLynNAADRLzDbICLQAADIAAD3MCrUHSHXMTDpKSbLAADp5OTij4\/ejo\/VLy\/1LyngJSTcJCPQHx\/OHB7+\/PzaMS\/OLS\/vLijrLSjSAADaNTPwLyjkKSbNJCbYISHPHB\/KGB7WAAD7+vrn3d3aKynTKCjoLCfsKifRGh\/YAADq5+fhjo7QNDXXKCfmJyXt5+fTLzDLLi\/QKivYHRvMGBrQJCXLISPMExXLDxLaEAvkkI\/bOTfaFQ\/SCgpvLcnHAAAAmnRSTlMA+vv7+gT9Bvf9+8z8\/NSv\/Pr5+P7++vnQIBMP\/v38\/Pn348XDiCYf9OjbzcqxXVcx\/fz8+\/rj1r2poo1+fXFqX0orGP7+\/v7+\/fz8+\/r68uzn4trIxsG\/vri3p6GcmZSNbWVYUUZEPQv+\/f39+\/v7+\/v7+vr64tvV1NTTz87FtbSurqeblJKFg4B3bUY+NjL7+\/v7+\/v67t1cDo8JLQAABkRJREFUWMO0kz9rwkAYh0OIeJkum6YugUAhISCdKoj\/P4C7SMdS+gEKIhSKil10LSg4mzXkILdlEpxCpwTiWOLX6BujvQaEQuGeHLnL+\/64J+SIcKGYTYWnntpdLjrVdqvZmNdn0+EE40GtpuuWVS6Xx6N7YDSGpWXpeq02wHgynM7q80az1a52HpddtVcpsi1zFARBrdaxbhp9iUReTGmwA4KAAr7vx3EYejnCMI6hQYEgy0LQi4jUN0wL19vqFcUC9\/1dAKmEEFkWRYkh5oBejnxQJiSJPJ\/uKBp0Thszx9Mw8hMRIQjKsptCfuES9zr5WJY6vSFCIvE9fCMUmEM1A1kSXcYGxgVYsvI1IPKTZciSTI0us\/SMGG04gDzELDoFBwdcFJrF88dqgYMTiL6DILWYyfOWE8\/kIz38olCNlC03FK95+imxp6y4oUSvAnBjHHhKNtotSDqJzVFiK8c2SBqhZtsrTtgrLXwAyduxZHNE26eHUt5rtuM4WSmds3G+sUdWYo1L+XyxButoh5eKUHk5lByO3G1LqqCWVnfrv\/lyPtf\/4ps1cndNGIri8J1TJ0lx6dR\/oPjq1nbRwdp2dCk4CtIOLW3pVKRL6WZfS5vF2KkIQhpwSsjiYIgNCs1gEMGqiIq24NQX9NwoXFy8Ufrl3twTcg4fv8T9\/JBEySduj6Mjm4bMzYV7EEOxKjjoNDud7yY3Dy71Hq2oLmqfbNR723edH9PgMrNL2utoQ3VmaIDkiw\/4w51P06hlZsTZvkRrbVuSIs\/zwSOsycgzStQouoAkWQqioRT5XI7n2Z1wfVhoZmcAJLsoqjqpjbWCgpOAJXBwHK8PzWbNvoUZJND5wCnSkLAkZ1legx6vqQzjoiTahKlGUGLAiIIoABOHaNVw4sexZBym6\/HWlH5h3IC7yRbxtipcWxdTOkORKiNQAEkFf66x5S2oeRbroOlLgg0sSYkR0hRGEqJZ0jTPiQKatESdBckpWigxaapEH0lImHdWu9pUFF2XqMNM2Z4kped7IwEJw2qabwtrQqnpw6HyKkgcadKWsmpywwesDyIhYRpdzXddqegtGIJlXbAIUMOLkGxJUjRIkokwjUaX9d\/kK62ps\/tYUqZLIMkLTyBhsMZ3C5Z\/kDxOSCb\/DOs\/\/J0qcWSX\/2ipe56EgTCA4\/cB7NAYOsni4mZM1MUPAISoEwkDi4lhVBQ1cWQyIcwalw4EpqZN68JUSK7XC0kTlkLYii5uXSC8jT5ncCAS7mjCv0uHp\/3lueHEEAeQ\/\/VgmdN71\/2uCSA1Xr6DO6uI6sW56zqT2tp2PhgiRUAajV8CY2fkcz6WGNKMgLAt7tJAhD4YHMTeRxlALE6+43WqjSWi8ITxyJl8WrwWSNESQZZOqhDDntO3hJLsd5RtSpbJqdv3YrDJH3F7jL1R2O2aQkn2MyCyKYz0GPGIvSAMgBCrCEiJyKbBaYGwLW4uPRr0A0M4Ux5kUI7IBh+hMdiCEWNqhMZGyYMsOgNE58UQuEQeUnSWCMYwL54hkxK6IoqucQZbQ3pc3XtL0lky1dL0zZJJDpWJovFqpWj6JEHnyam2eQp5QRVAVHjWparTOaVwUOx99YS2MvgxIGV0bb+qIg2HX2qkFFJB+XZcbLiuRkuxD9GRroKyveLxdh4d7Orx+hb7qc3uVRuEogCOnyIxm4ubUoPgF4jianDrC+SDQDKEfJb0GUKmjCGPYHGJvVC6X4hw1\/sAfQAdfYyephIaspXe36RwOP+Ljvfx9B6B3i+Nk0DGq+oCbLn6JpBa9nWAveAIHwFAwtVcIJXPMPL8kRu5OAYPMaL1WScTxjiZDqB9LTJSWphow\/pTYKRTLjCBhvi9iBidvKcDasGSm0QQkycYuLBqj6QCELPctqChDWpTRMWkngNNpQ1Pfp1KkiT\/Y0DGffXAweUNfLAfaJFKDwhb6I+bkYRbkERoEeu3Fyjg2opMz2daZCS9jt6Q7txNfB+OZEVF6Zl5web2xunnLQrtrjXseXKaFYziYINeMFZVxS9VxRhOoesYwxPKXm+gWLG9cuFeq93UNNeJNsf1KlwuDok9n02n3TgIJpOxNfL9naIoQwXtfH9kjceTIIi709ncTg6LZbg+biLH1V6u\/7rxBem06VXKn9raAAAAAElFTkSuQmCC\")      no-repeat center center \/ contain;  }  @media screen and (max-width: 960px) and (orientation: portrait) {    .logo {      width: 100%;    }    .logo .pc-banner {      display: none;    }    .logo .m-banner {      display: block;      width: 100%;    }    .logo .m-banner img {      height: auto!important;    }    .ytvideo {      height: 200px;      width: 100%;    }  }<\/style><style>  .video-section {    width: 100%;    margin: 0 auto;  }  .video-section > img {    width: 100%;  }  .video-section iframe,  .video-section video {    width: 100%;    height: 100%;      }  .video-section-img-m,  .video-section-img-pc > img {    width: 100%;    height: auto;  }  .video-section-img-pc.small > img {    width: 970px;  }  .video-desc {    line-height: 1.5;    font-size: 20px;    font-weight: 400;    margin: 20px 0;    text-align: center;    color: #0f1111;    word-break: break-word;  }  @media screen and (max-width: 960px) and (orientation: portrait) {    .video-section {      width: 100%;    }    .video-section-pc,    .video-section-img-pc {      display: none;    }    .video-section-m,    .video-section-img-m {      display: block;    }    .video-desc {      font-size: 15px;    }  }  @media screen and (min-width: 960px) {    .video-section {      width: 100%;      margin: 0 auto;    }    .video-section-pc,    .video-section-img-pc {      display: block;    }    .video-section-m,    .video-section-img-m {      display: none;    }    .video-desc {      font-size: 20px;    }  }<\/style><style>  .section + .section {    margin-top: 35px;  }  .section-title {    text-align: center;    font-weight: bold;    color: #0d1111;    font-family: \"Arial\";    font-size: 32px;    margin: 15px 0;  }  .section-title:empty {    display: none;  }  .section-desc {    text-align: center;    font-weight: normal;    color: #0d1111;    margin-top: 20px;  }  .section-desc:empty {    display: none;  }  .section-img {    width: 1200px;    height: 492px;    margin: 0 auto;    display: block;  }  .section-img.small {    width: 970px;    height: auto;  }  .section-img.small > img {    height: auto;  }  .section-img > img {    width: 100%;    height: 100%;  }  .section-mobile-img {    display: none;    max-width: 100vw;    max-height: 75vw;    height: 450px;    margin: 0 auto;  }  .section-mobile-img > img {    width: 100%;    height: 100%;  }  @media screen and (max-width: 960px) and (orientation: portrait) {    .container {      width: 100%;    }    .container.small {      width: 100%;    }    .section-mobile-img {      display: block;    }    .section-img {      display: none;    }    .section-title {      font-size: 22px;      margin: 10px 0;    }    .section-desc {      margin-top: 10px;    }    .section + .section {      margin-top: 20px;    }  }<\/style><\/head><body><div class=\"container\"><div class=\"logo\"><div class=\"pc-banner\"><div><img decoding=\"async\" src=\"\/vevor\/vevor\/boutique-banner\/pc\/en-pc@1x.jpg\" style=\"width: 100%;\" \/><\/div><\/div><div class=\"m-banner\"><div><img decoding=\"async\" src=\"\/vevor\/vevor\/boutique-banner\/mobile\/en-m@1x.jpg\" style=\"width: 100%;\" \/><\/div><\/div><\/div><div class=\"section-title\">Pritraukti Daugiau D\u0117mesio ir Prid\u0117ti Daugiau \u012edomus Savo Rengin\u012f!<\/div><div class=\"video-section\"><div class=\"video-section-img-pc\"><img decoding=\"async\" src=\"\/vevor\/product\/CJZLJP36YCLD348OO\/prize-wheel-a100-1.4.jpg\" alt=\"VEVOR verpimo premij\u0105 ratas su 18 pritaikyti lizdai, trinamos pavir\u0161iaus ir magnetinio plok\u0161tumos guolis.\" \/><\/div><div class=\"video-section-img-m\"><img decoding=\"async\" src=\"\/vevor\/product\/CJZLJP36YCLD348OO\/prize-wheel-a100-1.4-m.jpg\" alt=\"VEVOR verpimo premij\u0105 ratas su 18 pritaikyti lizdai, trinamos pavir\u0161iaus ir magnetinio plok\u0161tumos guolis.\" \/><\/div><div class=\"section-desc\">Nesvarbu, ar esate verslo, rengini\u0173 organizatorius, ar pramog\u0173 vieta, VEVOR prizin\u012f varantys turi got jums taikoma. Su pritaikoma lizdus, skland\u017eiai verpti, perk\u0117limo, \u012fdomi\u0173 paspaud\u0119 skamba, ir daug daug aksesuar\u0173, m\u016bs\u0173 produkt\u0173 garantijos, unikal\u0173 \u017eaidim\u0173 patirtis, ir \u012fvykio poveikio.<\/div><\/div><div class=\"section\"><div class=\"section-title\"><\/div><div class=\"section-img\"><img decoding=\"async\" src=\"\/vevor\/product\/CJZLJP36YCLD348OO\/prize-wheel-a100-2.2.jpg\" alt=\"VEVOR verpimo premij\u0105 ratas su skland\u017eiai rotacija, spalvingas dizainas, ir reguliuojamas sukimosi greitis.\" \/><\/div><div class=\"section-mobile-img\"><img decoding=\"async\" src=\"\/vevor\/product\/CJZLJP36YCLD348OO\/prize-wheel-a100-2.2-m.jpg\" alt=\"VEVOR verpimo premij\u0105 ratas su skland\u017eiai rotacija, spalvingas dizainas, ir reguliuojamas sukimosi greitis.\" \/><\/div><div class=\"section-desc\">Centras plok\u0161tumos guolis su magnetine atrakcija, kartu su priver\u017eti var\u017etais, u\u017etikrinamas geresnis grei\u010dio kontrol\u0117s, tod\u0117l daugiau apsuk\u0173 ir sukasi skland\u017eiau.<\/div><\/div><div class=\"section\"><div class=\"section-title\"><\/div><div class=\"section-img\"><img decoding=\"async\" src=\"\/vevor\/product\/CJZLJP36YCLD348OO\/prize-wheel-a100-2.3.jpg\" alt=\"VEVOR verpimo premij\u0105 ratas su 18+1 ma\u017eas stulpelius, spalvinga segmentus, \u017eymikl\u012f gamina paspaud\u0119 skamba.\" \/><\/div><div class=\"section-mobile-img\"><img decoding=\"async\" src=\"\/vevor\/product\/CJZLJP36YCLD348OO\/prize-wheel-a100-2.3-m.jpg\" alt=\"VEVOR verpimo premij\u0105 ratas su 18+1 ma\u017eas stulpelius, spalvinga segmentus, \u017eymikl\u012f gamina paspaud\u0119 skamba.\" \/><\/div><div class=\"section-desc\">\u012erengta clicker, m\u016bs\u0173 verpimo priz\u0105 varantys gamina jaudinantis paspaud\u0119 skamba o verpti, prid\u0117ti \u012fsp\u016bd\u017ei\u0173 ir pritraukti daugiau dalyvi\u0173, kad prisijungti prie \u017eaidimo.<\/div><\/div><div class=\"section\"><div class=\"section-title\"><\/div><div class=\"section-img\"><img decoding=\"async\" src=\"\/vevor\/product\/CJZLJP36YCLD348OO\/prize-wheel-a100-2.4.jpg\" alt=\"VEVOR verpimo priz\u0105 varantys u\u017e stalo ir ant grind\u0173 statomi naudoti, puikiai tinka \u012fvairi\u0173 poreiki\u0173, \u012fvairi\u0173 parametr\u0173.\" \/><\/div><div class=\"section-mobile-img\"><img decoding=\"async\" src=\"\/vevor\/product\/CJZLJP36YCLD348OO\/prize-wheel-a100-2.4-m.jpg\" alt=\"VEVOR verpimo priz\u0105 varantys u\u017e stalo ir ant grind\u0173 statomi naudoti, puikiai tinka \u012fvairi\u0173 poreiki\u0173, \u012fvairi\u0173 parametr\u0173.\" \/><\/div><div class=\"section-desc\">Sukurtas taip, kad b\u016bt\u0173 lengvas ir taupantis viet\u0105, m\u016bs\u0173 rat\u0173 suktukas su stovu neu\u017eima daug vietos. Be to, jo stabilus pagrindas u\u017etikrina tvirtum\u0105, apsaugant\u012f nuo si\u016bbavimo ar pasvyrimo.<\/div><\/div><div class=\"section\"><div class=\"section-title\"><\/div><div class=\"section-img\"><img decoding=\"async\" src=\"\/vevor\/product\/CJZLJP36YCLD348OO\/prize-wheel-a100-2.5.jpg\" alt=\"veiksmai surinkti VEVOR verpimo premij\u0105 ratas: pa\u0161alinti pl\u0117vel\u0117s, \u012fdiegti stulpelius, sulygiuokite var\u017et\u0173, saugi, prid\u0117ti guol\u012f.\" \/><\/div><div class=\"section-mobile-img\"><img decoding=\"async\" src=\"\/vevor\/product\/CJZLJP36YCLD348OO\/prize-wheel-a100-2.5-m.jpg\" alt=\"veiksmai surinkti VEVOR verpimo premij\u0105 ratas: pa\u0161alinti pl\u0117vel\u0117s, \u012fdiegti stulpelius, sulygiuokite var\u017et\u0173, saugi, prid\u0117ti guol\u012f.\" \/><\/div><div class=\"section-desc\">Su ne\u0161iojamas stovas ir paprasta montavimo konstrukcija, galite \u012fd\u0117ti j\u012f parduotuv\u0117je renginius, bet kada, bet kur, teikti ne\u0161iojam\u0173 ir stabilus vartotojo patirt\u012f.<\/div><\/div><div class=\"section\"><div class=\"section-img\"><img decoding=\"async\" src=\"\/vevor\/product\/CJZLJP36YCLD348OO\/prize-wheel-a100-1.11.jpg\" alt=\"VEVOR verpimo premij\u0105 ratas, 36&#034; skersmuo, 18 lizdus 6 spalv\u0173, 71.26&#034; auk\u0161tas, apima \u017eymekliai ir trintukas.\" \/><\/div><div class=\"section-mobile-img\"><img decoding=\"async\" src=\"\/vevor\/product\/CJZLJP36YCLD348OO\/prize-wheel-a100-1.11-m.jpg\" alt=\"VEVOR verpimo premij\u0105 ratas, 36&#034; skersmuo, 18 lizdus 6 spalv\u0173, 71.26&#034; auk\u0161tas, apima \u017eymekliai ir trintukas.\" \/><\/div><\/div><\/div><\/body><\/html><\/div>\n<div class=\"DM_at-title\" id=\"js-DM_at-title\"> <div>Produkto specifikacija<\/div> <i class=\"icon-arrowup_line\"><\/i> <\/div><div class=\"DM_at-goodsDescAttr\" id=\"js-DM_at-goodsDescAttr\"> <div class=\"DM_at-goodsDescAttrInner\"> <dl class=\"goodsDesc_item goodsDesc_item_even\"> <dt>Prek\u0117s Modelio Numeris<\/dt> <dd> UPZP-36LY<\/dd> <\/dl> <dl class=\"goodsDesc_item\"> <dt>Plok\u0161tumos Guolis<\/dt> <dd> \u03c6220 mm\/8.7 coli\u0173, Magnetinis<\/dd> <\/dl> <dl class=\"goodsDesc_item goodsDesc_item_even\"> <dt>Laiko tarpsni\u0173<\/dt> <dd> 18 Lizdai, 6 Spalv\u0173<\/dd> <\/dl> <dl class=\"goodsDesc_item\"> <dt>Rato Skersmuo<\/dt> <dd> 36 coliai\/910 mm<\/dd> <\/dl> <dl class=\"goodsDesc_item goodsDesc_item_even\"> <dt>Stovo Matmenys<\/dt> <dd> 395x345mm\/15.55x18 coli\u0173<\/dd> <\/dl> <dl class=\"goodsDesc_item\"> <dt>Produkto Svoris<\/dt> <dd> 8.64 kg\/19.07 lbs<\/dd> <\/dl> <dl class=\"goodsDesc_item goodsDesc_item_even\"> <dt>Gaminio Dydis<\/dt> <dd> 910x345x1810 mm\/35.83x18x71.26 coli\u0173<\/dd> <\/dl> <\/div> <\/div>","protected":false},"excerpt":{"rendered":"<ul>\n<li> Pritaikomas ir redaguojamas: m\u016bs\u0173 prizinis ratas turi 18 pritaikom\u0173 lizd\u0173, leid\u017eian\u010di\u0173 be vargo kurti suasmenintus \u017eaidimus. i\u0161siskirkite i\u0161 minios spalvingais lizdais ir skland\u017eia, perra\u0161oma ra\u0161ymo lenta. <\/li>\n<li> Skland\u017eiai Verpimo: Tikslumas-reguliuoti var\u017etai ir rato laiko tarpsni\u0173 u\u017etikrinti skland\u0173 ir ne\u012fprasta sukasi, u\u017etikrinant jaudinantis \u017eaidim\u0173 patirtis kiekvien\u0105 kart\u0105. Tiek stalo ir ant grind\u0173 statomi dizaino lankstus ir patogus! <\/li>\n<li> \u012edomi Atmosfera: ar Norite pagyvinti j\u016bs\u0173 atveju? M\u016bs\u0173 verpimo priz\u0105 varantys ateina su spustel\u0117dami gars\u0105, kaip jis sukasi, pridurdamas, \u012ftampa ir jaudulys prie \u017eaidimo. Pritraukti d\u0117mes\u012f ir sukurti buzz savo rengin\u012f! <\/li>\n<li> Ne\u0161iojam\u0173 ir taupo: Ar parduotuv\u0117je arba prekybos parodyti, m\u016bs\u0173 premija varantys suktuko su stovu yra lengva transportuoti ir nustatyti greitai. Jos lengvos konstrukcijos ir kompakti\u0161kas sand\u0117liavimas reikalavimai leisti for fun, bet kada, bet kur. <\/li>\n<li> Pilna Priedai: rulet\u0117 yra lengvai trinamos pavir\u0161iaus ir ateina su sausai valomos ir \u017eymekliai. Gaus\u016bs priedai suteikti \u012fmon\u0117ms galimyb\u0119 dirbti \u012fvairius renginius, su lengvumu, didinti \u017eaidim\u0173 patirtis. <\/li>\n<\/ul>","protected":false},"featured_media":304543,"comment_status":"closed","ping_status":"open","template":"","meta":{"om_disable_all_campaigns":false,"_monsterinsights_skip_tracking":false,"_monsterinsights_sitenote_active":false,"_monsterinsights_sitenote_note":"","_monsterinsights_sitenote_category":0,"_uf_show_specific_survey":0,"_uf_disable_surveys":false},"location":[1935,1934],"product_brand":[21],"product_cat":[2817,2816,2818,2378],"product_tag":[],"class_list":{"0":"post-40446","1":"product","2":"type-product","3":"status-publish","4":"has-post-thumbnail","6":"location-supplier_stock_location","7":"location-local_stock_location","8":"product_brand-vevor","9":"product_cat-game-room","10":"product_cat-games-sports-outdoors","11":"product_cat-prize-wheels","12":"product_cat-sports-outdoors","14":"first","15":"instock","16":"taxable","17":"shipping-taxable","18":"purchasable","19":"product-type-simple"},"aioseo_notices":[],"jetpack_sharing_enabled":true,"locations":[{"id":1935,"name":"Pieg\u0101d\u0101t\u0101ja noliktav\u0101 (5-7d.d.)","slug":"supplier_stock_location","quantity":"175"},{"id":1934,"name":"R\u012bgas veikal\u0101 (0-2d.d.)","slug":"local_stock_location","quantity":"0"}],"_links":{"self":[{"href":"https:\/\/vevorshop.lv\/lt\/wp-json\/wp\/v2\/product\/40446","targetHints":{"allow":["GET"]}}],"collection":[{"href":"https:\/\/vevorshop.lv\/lt\/wp-json\/wp\/v2\/product"}],"about":[{"href":"https:\/\/vevorshop.lv\/lt\/wp-json\/wp\/v2\/types\/product"}],"replies":[{"embeddable":true,"href":"https:\/\/vevorshop.lv\/lt\/wp-json\/wp\/v2\/comments?post=40446"}],"wp:featuredmedia":[{"embeddable":true,"href":"https:\/\/vevorshop.lv\/lt\/wp-json\/wp\/v2\/media\/304543"}],"wp:attachment":[{"href":"https:\/\/vevorshop.lv\/lt\/wp-json\/wp\/v2\/media?parent=40446"}],"wp:term":[{"taxonomy":"location","embeddable":true,"href":"https:\/\/vevorshop.lv\/lt\/wp-json\/wp\/v2\/location?post=40446"},{"taxonomy":"product_brand","embeddable":true,"href":"https:\/\/vevorshop.lv\/lt\/wp-json\/wp\/v2\/product_brand?post=40446"},{"taxonomy":"product_cat","embeddable":true,"href":"https:\/\/vevorshop.lv\/lt\/wp-json\/wp\/v2\/product_cat?post=40446"},{"taxonomy":"product_tag","embeddable":true,"href":"https:\/\/vevorshop.lv\/lt\/wp-json\/wp\/v2\/product_tag?post=40446"}],"curies":[{"name":"wp","href":"https:\/\/api.w.org\/{rel}","templated":true}]}}