{"id":44473,"date":"2024-11-19T09:26:18","date_gmt":"2024-11-19T09:26:18","guid":{"rendered":"http:\/\/vevorshop.edigo.lv\/Prece\/vevor-dual-taps-kegerator-tower-kit-kegerator-beer-tower-a-system-keg-coupler\/"},"modified":"2026-04-20T04:47:08","modified_gmt":"2026-04-20T01:47:08","slug":"vevor-dual-taps-kegerator-tower-kit-kegerator-beer-tower-a-system-keg-coupler","status":"publish","type":"product","link":"https:\/\/vevorshop.lv\/lt\/Prece\/vevor-dual-ciaupai-kegerator-bokstas-komplektas-kegerator-alaus-bokstas-a-sistema-statine-mova-2\/","title":{"rendered":"VEVOR dvigubos \u010diaup\u0173 kegeratoriaus bok\u0161to rinkinys, ner\u016bdijan\u010dio plieno alaus dozatorius su W21.8 reguliatoriumi, A sistemos jungtimi ir la\u0161\u0173 surink\u0117ju"},"content":{"rendered":"<div style=\"color: #fff!important; font-size: 16px; height: 24px; line-height: 24px; margin-top: -24px; \" class=\"product_original_name\">VEVOR Kegerator bok\u0161to rinkinys, dviej\u0173 \u010diaup\u0173 alaus konversijos rinkinys, ner\u016bdijan\u010dio plieno keg alaus bok\u0161to dozatorius su dviej\u0173 matuokli\u0173 W21.8 reguliatoriumi ir A sistemos keg mova, alaus la\u0161inimo pad\u0117klas vakar\u0117lio namams<\/div>\n<div style=\"color: #fff!important; font-size: 16px; height: 24px; line-height: 24px; margin-top: -24px; \" class=\"product_sku\">M4I4LKBS<\/div>\n<div style=\"color: #fff!important; font-size: 16px; height: 24px; line-height: 24px; margin-top: -24px; \" class=\"product_mpn\">LTJZSBDYQOHQCF7KMV0<\/div><div id=\"js-DM_at-goodDescRich\"><html><head><style>  body {    font-family: Arial;    line-height: 1.5;    color: #1c1c1c;    overflow-x: hidden;    margin: 0;    padding: 0;  }  .MsoNormal b {    font-weight: bolder;  }<\/style><style>  .container.small {    width: 970px;    margin: 0 auto;  }  .logo {    margin: 0 auto 0;  }  .logo img {    display: block;    margin: 0 auto;    max-width: 100%;  }  .logo .pc-banner {    display: block;    width: 1200px;    height: 247.4px;    margin: 0 auto;  }  .logo .pc-banner.small {    width: 970px;  }  .logo .pc-banner.small img {    height: auto!important;  }  .logo .m-banner {    display: none;  }  .ytvideo {    position: relative;    height: 546px;    width: 100%;    margin: 0 auto;  }  .ytvideo img {    width: 100%;    margin: 0 auto;  }  .ytvideo .play-btn {    width: 60px;    height: 42px;    position: absolute;    top: 50%;    left: 50%;    transform: translate(-50%, -50%);    background: url(\"data:image\/png;base64,iVBORw0KGgoAAAANSUhEUgAAAGQAAABGCAMAAAANWMFbAAAC+lBMVEUAAADBGB3kLCfBGB3kLCfcJC7BFx3KKSbiKybkLCbWJCPSIiLSIiLPICHAFx3kLCfgKSXNHiDZJiTIGx\/p4eHcjo7LHSDbJyTkLCbjKyfOHyHPIiL28fHJHB\/GGh7EGR7eKCXDGB3RISHlLSbBGB3AFxzGHB7DGB7BGB3hKybkKybAFx3lLCfAFxzDGR3hKibDGB7cJyTmz8\/elJTlwcHjurrUIyLlLSflLSfAFx3DGR7lLSfCFx3hKibhKibhKybjKybkLCblLSfbJSX49vbx7e3NNzjNMTLMJyjVIyLZf3\/ZQ0LaeHjx0tLgoqLkLCfCGB3HGx\/BGB3BFx3PICHCGB7WJCLOHyC\/Fxy\/Fx3lLCfQISHkLSe\/FxzbJiTBFx3FGx\/AGB7BFx3EGR7AGB3HHSDfKiXAFh3TISHYNzbhKibbJyTTIiL57e325+f039\/v2NjUV1fOHiHiqanfmprch4feKSXVIyPOICHmLibFGh\/mLSe\/Fx7XJCPeKSXXJSPNHyHaJyTGGh7lLCbmLCflLSjSIiLkLCbdKSXLHiC\/GB3KHh++Fh3lKyfoLiXcKCPkx8fYb2\/XaGfVXl3aU1LLHiDksbHgKibPICHbJyTfKSXbJyTCGB3KHSDiKybFGh7TIiL\/\/\/\/VIyPRISHIHB\/GGx\/HHB\/DGR7gKibdKCXLHiDZJiTMHiDNHyHYJSTOICHPICHWJCPcKCXXJSPjLCblLCf+\/f3NGR\/uLijzLynPGR\/IGB7WISHaIyLLGh7UAADxLynNAADRLzDbICLQAADIAAD3MCrUHSHXMTDpKSbLAADp5OTij4\/ejo\/VLy\/1LyngJSTcJCPQHx\/OHB7+\/PzaMS\/OLS\/vLijrLSjSAADaNTPwLyjkKSbNJCbYISHPHB\/KGB7WAAD7+vrn3d3aKynTKCjoLCfsKifRGh\/YAADq5+fhjo7QNDXXKCfmJyXt5+fTLzDLLi\/QKivYHRvMGBrQJCXLISPMExXLDxLaEAvkkI\/bOTfaFQ\/SCgpvLcnHAAAAmnRSTlMA+vv7+gT9Bvf9+8z8\/NSv\/Pr5+P7++vnQIBMP\/v38\/Pn348XDiCYf9OjbzcqxXVcx\/fz8+\/rj1r2poo1+fXFqX0orGP7+\/v7+\/fz8+\/r68uzn4trIxsG\/vri3p6GcmZSNbWVYUUZEPQv+\/f39+\/v7+\/v7+vr64tvV1NTTz87FtbSurqeblJKFg4B3bUY+NjL7+\/v7+\/v67t1cDo8JLQAABkRJREFUWMO0kz9rwkAYh0OIeJkum6YugUAhISCdKoj\/P4C7SMdS+gEKIhSKil10LSg4mzXkILdlEpxCpwTiWOLX6BujvQaEQuGeHLnL+\/64J+SIcKGYTYWnntpdLjrVdqvZmNdn0+EE40GtpuuWVS6Xx6N7YDSGpWXpeq02wHgynM7q80az1a52HpddtVcpsi1zFARBrdaxbhp9iUReTGmwA4KAAr7vx3EYejnCMI6hQYEgy0LQi4jUN0wL19vqFcUC9\/1dAKmEEFkWRYkh5oBejnxQJiSJPJ\/uKBp0Thszx9Mw8hMRIQjKsptCfuES9zr5WJY6vSFCIvE9fCMUmEM1A1kSXcYGxgVYsvI1IPKTZciSTI0us\/SMGG04gDzELDoFBwdcFJrF88dqgYMTiL6DILWYyfOWE8\/kIz38olCNlC03FK95+imxp6y4oUSvAnBjHHhKNtotSDqJzVFiK8c2SBqhZtsrTtgrLXwAyduxZHNE26eHUt5rtuM4WSmds3G+sUdWYo1L+XyxButoh5eKUHk5lByO3G1LqqCWVnfrv\/lyPtf\/4ps1cndNGIri8J1TJ0lx6dR\/oPjq1nbRwdp2dCk4CtIOLW3pVKRL6WZfS5vF2KkIQhpwSsjiYIgNCs1gEMGqiIq24NQX9NwoXFy8Ufrl3twTcg4fv8T9\/JBEySduj6Mjm4bMzYV7EEOxKjjoNDud7yY3Dy71Hq2oLmqfbNR723edH9PgMrNL2utoQ3VmaIDkiw\/4w51P06hlZsTZvkRrbVuSIs\/zwSOsycgzStQouoAkWQqioRT5XI7n2Z1wfVhoZmcAJLsoqjqpjbWCgpOAJXBwHK8PzWbNvoUZJND5wCnSkLAkZ1legx6vqQzjoiTahKlGUGLAiIIoABOHaNVw4sexZBym6\/HWlH5h3IC7yRbxtipcWxdTOkORKiNQAEkFf66x5S2oeRbroOlLgg0sSYkR0hRGEqJZ0jTPiQKatESdBckpWigxaapEH0lImHdWu9pUFF2XqMNM2Z4kped7IwEJw2qabwtrQqnpw6HyKkgcadKWsmpywwesDyIhYRpdzXddqegtGIJlXbAIUMOLkGxJUjRIkokwjUaX9d\/kK62ps\/tYUqZLIMkLTyBhsMZ3C5Z\/kDxOSCb\/DOs\/\/J0qcWSX\/2ipe56EgTCA4\/cB7NAYOsni4mZM1MUPAISoEwkDi4lhVBQ1cWQyIcwalw4EpqZN68JUSK7XC0kTlkLYii5uXSC8jT5ncCAS7mjCv0uHp\/3lueHEEAeQ\/\/VgmdN71\/2uCSA1Xr6DO6uI6sW56zqT2tp2PhgiRUAajV8CY2fkcz6WGNKMgLAt7tJAhD4YHMTeRxlALE6+43WqjSWi8ITxyJl8WrwWSNESQZZOqhDDntO3hJLsd5RtSpbJqdv3YrDJH3F7jL1R2O2aQkn2MyCyKYz0GPGIvSAMgBCrCEiJyKbBaYGwLW4uPRr0A0M4Ux5kUI7IBh+hMdiCEWNqhMZGyYMsOgNE58UQuEQeUnSWCMYwL54hkxK6IoqucQZbQ3pc3XtL0lky1dL0zZJJDpWJovFqpWj6JEHnyam2eQp5QRVAVHjWparTOaVwUOx99YS2MvgxIGV0bb+qIg2HX2qkFFJB+XZcbLiuRkuxD9GRroKyveLxdh4d7Orx+hb7qc3uVRuEogCOnyIxm4ubUoPgF4jianDrC+SDQDKEfJb0GUKmjCGPYHGJvVC6X4hw1\/sAfQAdfYyephIaspXe36RwOP+Ljvfx9B6B3i+Nk0DGq+oCbLn6JpBa9nWAveAIHwFAwtVcIJXPMPL8kRu5OAYPMaL1WScTxjiZDqB9LTJSWphow\/pTYKRTLjCBhvi9iBidvKcDasGSm0QQkycYuLBqj6QCELPctqChDWpTRMWkngNNpQ1Pfp1KkiT\/Y0DGffXAweUNfLAfaJFKDwhb6I+bkYRbkERoEeu3Fyjg2opMz2daZCS9jt6Q7txNfB+OZEVF6Zl5web2xunnLQrtrjXseXKaFYziYINeMFZVxS9VxRhOoesYwxPKXm+gWLG9cuFeq93UNNeJNsf1KlwuDok9n02n3TgIJpOxNfL9naIoQwXtfH9kjceTIIi709ncTg6LZbg+biLH1V6u\/7rxBem06VXKn9raAAAAAElFTkSuQmCC\")      no-repeat center center \/ contain;  }  @media screen and (max-width: 960px) and (orientation: portrait) {    .logo {      width: 100%;    }    .logo .pc-banner {      display: none;    }    .logo .m-banner {      display: block;      width: 100%;    }    .logo .m-banner img {      height: auto!important;    }    .ytvideo {      height: 200px;      width: 100%;    }  }<\/style><style>  .video-section {    width: 100%;    margin: 0 auto;  }  .video-section > img {    width: 100%;  }  .video-section iframe,  .video-section video {    width: 100%;    height: 100%;      }  .video-section-img-m,  .video-section-img-pc > img {    width: 100%;    height: auto;  }  .video-section-img-pc.small > img {    width: 970px;  }  .video-desc {    line-height: 1.5;    font-size: 20px;    font-weight: 400;    margin: 20px 0;    text-align: center;    color: #0f1111;    word-break: break-word;  }  @media screen and (max-width: 960px) and (orientation: portrait) {    .video-section {      width: 100%;    }    .video-section-pc,    .video-section-img-pc {      display: none;    }    .video-section-m,    .video-section-img-m {      display: block;    }    .video-desc {      font-size: 15px;    }  }  @media screen and (min-width: 960px) {    .video-section {      width: 100%;      margin: 0 auto;    }    .video-section-pc,    .video-section-img-pc {      display: block;    }    .video-section-m,    .video-section-img-m {      display: none;    }    .video-desc {      font-size: 20px;    }  }<\/style><style>  .section + .section {    margin-top: 35px;  }  .section-title {    text-align: center;    font-weight: bold;    color: #0d1111;    font-family: \"Arial\";    font-size: 32px;    margin: 15px 0;  }  .section-title:empty {    display: none;  }  .section-desc {    text-align: center;    font-weight: normal;    color: #0d1111;    margin-top: 20px;  }  .section-desc:empty {    display: none;  }  .section-img {    width: 1200px;    height: 492px;    margin: 0 auto;    display: block;  }  .section-img.small {    width: 970px;    height: auto;  }  .section-img.small > img {    height: auto;  }  .section-img > img {    width: 100%;    height: 100%;  }  .section-mobile-img {    display: none;    max-width: 100vw;    max-height: 75vw;    height: 450px;    margin: 0 auto;  }  .section-mobile-img > img {    width: 100%;    height: 100%;  }  @media screen and (max-width: 960px) and (orientation: portrait) {    .container {      width: 100%;    }    .container.small {      width: 100%;    }    .section-mobile-img {      display: block;    }    .section-img {      display: none;    }    .section-title {      font-size: 22px;      margin: 10px 0;    }    .section-desc {      margin-top: 10px;    }    .section + .section {      margin-top: 20px;    }  }<\/style><\/head><body><div class=\"container\"><div class=\"logo\"><div class=\"pc-banner\"><div><img decoding=\"async\" src=\"\/vevor\/vevor\/boutique-banner\/pc\/en-pc@1x.jpg\" style=\"width: 100%;\" \/><\/div><\/div><div class=\"m-banner\"><div><img decoding=\"async\" src=\"\/vevor\/vevor\/boutique-banner\/mobile\/en-m@1x.jpg\" style=\"width: 100%;\" \/><\/div><\/div><\/div><div class=\"section-title\">VEVOR Dual Bakstel\u0117kite Kegerator Bok\u0161to Rinkinys - M\u0117gautis \u0160vie\u017eio Alaus, bet Kuriuo metu<\/div><div class=\"video-section\"><div class=\"video-section-img-pc\"><img decoding=\"async\" src=\"\/vevor\/product\/LTJZSBDYQOHQCF7KM\/kegerator-tower-kit-a100-1.4.jpg\" \/><\/div><div class=\"video-section-img-m\"><img decoding=\"async\" src=\"\/vevor\/product\/LTJZSBDYQOHQCF7KM\/kegerator-tower-kit-a100-1.4-m.jpg\" \/><\/div><div class=\"section-desc\">Pakelti savo g\u0117rim\u0173 pilstymo patirties su VEVOR dual mai\u0161ytuvas projekto alaus bok\u0161tas dozatorius. Featuring savaranki\u0161kai u\u017edarymo \u010diaupas pavasar\u012f, dvigubos v\u0117\u017e\u0117s W21.8 reguliatorius, sistema, statin\u0117 mova, ner\u016bdijan\u010dio plieno stulpelis ir chromuotas kieto \u017ealvario alaus mai\u0161ytuvai, jis u\u017etikrinamas optimalus \u0161vie\u017eumas ir skonis.<\/div><\/div><div class=\"section\"><div class=\"section-title\"><\/div><div class=\"section-img\"><img decoding=\"async\" src=\"\/vevor\/product\/LTJZSBDYQOHQCF7KM\/kegerator-tower-kit-a100-2.2.jpg\" \/><\/div><div class=\"section-mobile-img\"><img decoding=\"async\" src=\"\/vevor\/product\/LTJZSBDYQOHQCF7KM\/kegerator-tower-kit-a100-2.2-m.jpg\" \/><\/div><div class=\"section-desc\">VEVOR kegerator bok\u0161to rinkinys su sistema, statin\u0117 sankaba tarnauja \u012fvairi\u0173 g\u0117rim\u0173, si\u016blanti 8mm vidaus izoliacija put\u0173, kad kuo ma\u017eiau poveikio i\u0161 i\u0161or\u0117s temperat\u016bra, u\u017etikrinti, g\u0117rimai, pvz., alus, kombucha ir sodos vandens lieka ne ideali temperat\u016bra puikus skonis.<\/div><\/div><div class=\"section\"><div class=\"section-title\"><\/div><div class=\"section-img\"><img decoding=\"async\" src=\"\/vevor\/product\/LTJZSBDYQOHQCF7KM\/kegerator-tower-kit-a100-2.3.jpg\" \/><\/div><div class=\"section-mobile-img\"><img decoding=\"async\" src=\"\/vevor\/product\/LTJZSBDYQOHQCF7KM\/kegerator-tower-kit-a100-2.3-m.jpg\" \/><\/div><div class=\"section-desc\">Statin\u0117s alaus bok\u0161tas skiltyje gali pasigirti ner\u016bdijan\u010dio plieno konstrukcijos, papildyti chromuotas \u017ealvaris alaus \u010diaupai su 304 ner\u016bdijan\u010dio plieno \u0161erdys, u\u017etikrinti, ilgaam\u017ei\u0161kumo ir atsparumo nuo r\u016bd\u017ei\u0173 ir korozijos. Savo eleganti\u0161ka i\u0161vaizda daro tai idealus be nam\u0173, restoranas, baras, susib\u016brimai.<\/div><\/div><div class=\"section\"><div class=\"section-title\"><\/div><div class=\"section-img\"><img decoding=\"async\" src=\"\/vevor\/product\/LTJZSBDYQOHQCF7KM\/kegerator-tower-kit-a100-2.4.jpg\" \/><\/div><div class=\"section-mobile-img\"><img decoding=\"async\" src=\"\/vevor\/product\/LTJZSBDYQOHQCF7KM\/kegerator-tower-kit-a100-2.4-m.jpg\" \/><\/div><div class=\"section-desc\">2VNT 5FT PVC padavimo \u017earnos suteikia puiki\u0105 sandarinimo be kvapo, o modernizuotos vo\u017etuvas core suma\u017eina alaus poveik\u012f autenti\u0161k\u0105 skon\u012f. \u017darnos pakaba u\u017etikrina stora ry\u0161\u012f su barelis jungtis, kad b\u016bt\u0173 i\u0161vengta nuot\u0117kio, leid\u017eiantis greitai ir eleganti\u0161kas alaus pilstymo.<\/div><\/div><div class=\"section\"><div class=\"section-title\"><\/div><div class=\"section-img\"><img decoding=\"async\" src=\"\/vevor\/product\/LTJZSBDYQOHQCF7KM\/kegerator-tower-kit-a100-2.5.jpg\" \/><\/div><div class=\"section-mobile-img\"><img decoding=\"async\" src=\"\/vevor\/product\/LTJZSBDYQOHQCF7KM\/kegerator-tower-kit-a100-2.5-m.jpg\" \/><\/div><div class=\"section-desc\">S\u0105ranka yra v\u0117jas su m\u016bs\u0173 i\u0161 anksto surinktu alaus linija ir \u010diaupo koteliu. Be to, mes \u012ftrauk\u0117me mai\u0161ytuvo dangtel\u012f ir \u0161epet\u012f, kad b\u016bt\u0173 lengva valyti ir pri\u017ei\u016br\u0117ti. kegeratoriaus bok\u0161to komplektas taip pat yra su alaus la\u0161inimo pad\u0117klu, kad b\u016bt\u0173 galima surinkti g\u0117rim\u0173 pertekli\u0173, i\u0161laikant j\u016bs\u0173 erdv\u0119 \u0161vari\u0105 ir tvarking\u0105.<\/div><\/div><div class=\"section\"><div class=\"section-img\"><img decoding=\"async\" src=\"\/vevor\/product\/LTJZSBDYQOHQCF7KM\/kegerator-tower-kit-a100-1.11.jpg\" \/><\/div><div class=\"section-mobile-img\"><img decoding=\"async\" src=\"\/vevor\/product\/LTJZSBDYQOHQCF7KM\/kegerator-tower-kit-a100-1.11-m.jpg\" \/><\/div><\/div><\/div><\/body><\/html><\/div>\n<div class=\"DM_at-title\" id=\"js-DM_at-title\"> <div>Produkto specifikacija<\/div> <i class=\"icon-arrowup_line\"><\/i> <\/div><div class=\"DM_at-goodsDescAttr\" id=\"js-DM_at-goodsDescAttr\"> <div class=\"DM_at-goodsDescAttrInner\"> <dl class=\"goodsDesc_item goodsDesc_item_even\"> <dt>Prek\u0117s Modelio Numeris<\/dt> <dd> 2TJZQBFPQGZ-A-ES<\/dd> <\/dl> <dl class=\"goodsDesc_item\"> <dt>Pirmin\u0117 Konfig\u016bracija<\/dt> <dd> Dual \u010ciaup\u0173 Mai\u0161ytuvas<\/dd> <\/dl> <dl class=\"goodsDesc_item goodsDesc_item_even\"> <dt>Barelis Jungtis<\/dt> <dd> Sistema, Statin\u0117 Jungtis<\/dd> <\/dl> <dl class=\"goodsDesc_item\"> <dt>Duj\u0173 Reguliatorius<\/dt> <dd> W21.8 Reguliatorius<\/dd> <\/dl> <dl class=\"goodsDesc_item goodsDesc_item_even\"> <dt>Gaminio Matmenys<\/dt> <dd> 6.89 x 4.53 x 17.13 \u012f \/ 175 x 115 x 435 mm<\/dd> <\/dl> <dl class=\"goodsDesc_item\"> <dt>Neto Svoris<\/dt> <dd> 11.90 svar\u0173 \/ 5.4 kg<\/dd> <\/dl> <\/div> <\/div>","protected":false},"excerpt":{"rendered":"<ul>\n<li> Dual Mai\u0161ytuvai Alaus Bok\u0161tas: Pagaminti i\u0161 premium 304 ner\u016bdijan\u010dio plieno, VEVOR dual bakstel\u0117kite alaus bok\u0161tas si\u016blo i\u0161skirtines patvarumo ir patikimumo, idealiai tinka tiek komercini\u0173 ir nam\u0173 kegerators. Tai kegerator bok\u0161tas komplekt\u0105 \u012feina 2VNT 5ft alaus vamzd\u017eiai, 2 A-sistema, statin\u0117 sankabos, 1 dvejopo gabaritas W21.8 reguliatorius, 2 rankinius sriegtuvus, 2 valymo \u0161epe\u010diai, teptukai, mai\u0161ytuvas, 2 dangteliai,1 alaus la\u0161eline d\u0117klas, ir montavimo priedai. <\/li>\n<li> Dviej\u0173 matuokli\u0173 reguliatorius ir sistemos keg jungtis: m\u016bs\u0173 patobulintas W21.8 reguliatorius turi dvigubus sl\u0117gio matuoklius: vir\u0161utinis matuoklis tiksliai rodo i\u0161\u0117jimo sl\u0117g\u012f, o \u0161oninis matuoklis rodo bake likusias dujas. A sistemos statin\u0117s jungtis, suderinama su dauguma A sistemos statini\u0173, gali pasigirti tvirtu chromu dengtu \u017ealvariniu korpusu ir ner\u016bdijan\u010dio plieno \u0161erdimi, kad b\u016bt\u0173 u\u017etikrintas patikimas veikimas. <\/li>\n<li> Kietojo Alaus Nula\u0161\u0117jimo pad\u0117klas: N\u0117ra i\u0161siliejimo, joki\u0173 r\u016bpes\u010di\u0173 \u2013 VEVOR kegerator bok\u0161to rinkinys taip pat yra \u012frengta su alaus la\u0161eline d\u0117klas, efektyviai gaudyti mai\u0161ytuvas la\u0161\u0173 ir skys\u010dio perteklius \u0161varaus stalvir\u0161io. Pagamintas i\u0161 sveik\u0173 maisto kokyb\u0117s, 304 ner\u016bdijan\u010dio plieno su poliruoto apdaila, patvarus ir lengva valyti su nuimamu dang\u010diu. <\/li>\n<li> Savaime u\u017esidaran\u010dios Mai\u0161ytuvas Pavasario: atsisveikinti su i\u0161siliejimus ir atliek\u0173! VEVOR vien\u0105 mai\u0161ytuvas projekto alaus bok\u0161tas paskirstytojo ateina su domu ner\u016bdijan\u010dio plieno savaranki\u0161kai u\u017edarymo \u010diaupas pavasar\u012f. Jei nety\u010dia palieskite bakstel\u0117kite tvarkyti ir atidaryti mai\u0161ytuvas, \u0161\u012f pavasar\u012f bus riko\u0161etas i\u0161 karto, u\u017edarymo mai\u0161ytuvas akimirksniu. Ne daugiau b\u0117d\u0173, ne daugiau i\u0161\u0161vaistoma u\u017evirinti!  <\/li>\n<li> I\u0161laikyti J\u012f \u0160vie\u017ei\u0105, D\u017eiugina Kiekvien\u0105 Skon\u012f: Su 8mm storio izoliacin\u0117s putos, \u0161i viena bakstel\u0117kite kegerator alaus bok\u0161tas balion\u0117lis, i\u0161laiko optimal\u0173 \u0161ilumos izoliacija, i\u0161laikyti kiekvien\u0105 pilamas gerti \u0161vie\u017eias ir v\u0117sus. Nei alaus, tai idealiai tinka tarnauja iki kombucha, sodos vandens ir kit\u0173 gazuot\u0173 g\u0117rim\u0173, puikiai tinka vestuvi\u0173, pob\u016bvi\u0173, baras, ir u\u017e jos rib\u0173. <\/li>\n<\/ul>","protected":false},"featured_media":310655,"comment_status":"closed","ping_status":"open","template":"","meta":{"om_disable_all_campaigns":false,"_uf_show_specific_survey":0,"_uf_disable_surveys":false},"location":[1935,1934],"product_brand":[21],"product_cat":[2445,3714,4102,4101,4103],"product_tag":[],"class_list":{"0":"post-44473","1":"product","2":"type-product","3":"status-publish","4":"has-post-thumbnail","6":"location-supplier_stock_location","7":"location-local_stock_location","8":"product_brand-vevor","9":"product_cat-appliances","10":"product_cat-beverage-coolers","11":"product_cat-kegerator-key-dispenser","12":"product_cat-kegerators","13":"product_cat-vertical-kegerator-key-dispenser","15":"first","16":"instock","17":"taxable","18":"shipping-taxable","19":"purchasable","20":"product-type-simple"},"aioseo_notices":[],"locations":[{"id":1935,"name":"Pieg\u0101d\u0101t\u0101ja noliktav\u0101 (5-7d.d.)","slug":"supplier_stock_location","quantity":"97"},{"id":1934,"name":"R\u012bgas veikal\u0101 (0-2d.d.)","slug":"local_stock_location","quantity":"0"}],"_links":{"self":[{"href":"https:\/\/vevorshop.lv\/lt\/wp-json\/wp\/v2\/product\/44473","targetHints":{"allow":["GET"]}}],"collection":[{"href":"https:\/\/vevorshop.lv\/lt\/wp-json\/wp\/v2\/product"}],"about":[{"href":"https:\/\/vevorshop.lv\/lt\/wp-json\/wp\/v2\/types\/product"}],"replies":[{"embeddable":true,"href":"https:\/\/vevorshop.lv\/lt\/wp-json\/wp\/v2\/comments?post=44473"}],"wp:featuredmedia":[{"embeddable":true,"href":"https:\/\/vevorshop.lv\/lt\/wp-json\/wp\/v2\/media\/310655"}],"wp:attachment":[{"href":"https:\/\/vevorshop.lv\/lt\/wp-json\/wp\/v2\/media?parent=44473"}],"wp:term":[{"taxonomy":"location","embeddable":true,"href":"https:\/\/vevorshop.lv\/lt\/wp-json\/wp\/v2\/location?post=44473"},{"taxonomy":"product_brand","embeddable":true,"href":"https:\/\/vevorshop.lv\/lt\/wp-json\/wp\/v2\/product_brand?post=44473"},{"taxonomy":"product_cat","embeddable":true,"href":"https:\/\/vevorshop.lv\/lt\/wp-json\/wp\/v2\/product_cat?post=44473"},{"taxonomy":"product_tag","embeddable":true,"href":"https:\/\/vevorshop.lv\/lt\/wp-json\/wp\/v2\/product_tag?post=44473"}],"curies":[{"name":"wp","href":"https:\/\/api.w.org\/{rel}","templated":true}]}}