{"id":455026,"date":"2026-03-06T01:15:31","date_gmt":"2026-03-05T23:15:31","guid":{"rendered":"https:\/\/vevorshop.lv\/en_us\/Prece\/vevor-3-in-1-lat-pull-down-row-cable-machine-2-1-m-home-gym-tower-181-kg-load-adjustable-seat-foam-roller-black\/"},"modified":"2026-04-17T11:34:50","modified_gmt":"2026-04-17T08:34:50","slug":"vevor-3-in-1-lat-pull-down-row-cable-machine-2-1-m-home-gym-tower-181-kg-load-adjustable-seat-foam-roller-black","status":"publish","type":"product","link":"https:\/\/vevorshop.lv\/lt\/Prece\/vevor-3-in-1-lat-istraukiama-eile-kabeliu-masina-2-1-m-namu-sporto-sales-bokstas-181-kg-apkrovos-reguliuojama-sedyne-putplascio-volelis-juodas\/","title":{"rendered":"VEVOR 3-in-1 lat traukimo ir irklavimo kabeli\u0173 treniruoklis, 2,1 m nam\u0173 sporto bok\u0161tas, 181 kg apkrova, reguliuojama s\u0117dyn\u0117, juodas"},"content":{"rendered":"<div style=\"color: #fff!important; font-size: 16px; height: 24px; line-height: 24px; margin-top: -24px; \" class=\"product_original_name\">VEVOR LAT Traukimo \u017eemyn ma\u0161ina, 3-in-1 eil\u0117s kabeli\u0173 ma\u0161ina, Kabeli\u0173 ma\u0161inos Nam\u0173 sporto sal\u0117 su 3 lygi\u0173 reguliuojama s\u0117dyne, 4 lygi\u0173 reguliuojamas putplas\u010dio volelis, apkrova 181kg Lat bok\u0161tas nugarai, skrynia, tricepsas, juoda<\/div>\n<div style=\"color: #fff!important; font-size: 16px; height: 24px; line-height: 24px; margin-top: -24px; \" class=\"product_sku\">MMDUD2X8<\/div>\n<div style=\"color: #fff!important; font-size: 16px; height: 24px; line-height: 24px; margin-top: -24px; \" class=\"product_mpn\">SHYXLJLDSGLPPO7UO001V0<\/div><div id=\"js-DM_at-goodDescRich\"><html><head><style>  body {    font-family: Arial;    line-height: 1.5;    color: #1c1c1c;    overflow-x: hidden;    margin: 0;    padding: 0;  }  .MsoNormal b {    font-weight: bolder;  }<\/style><style>  .container.small {    width: 970px;    margin: 0 auto;  }  .logo {    margin: 0 auto 0;  }  .logo img {    display: block;    margin: 0 auto;    max-width: 100%;  }  .logo .pc-banner {    display: block;    width: 1200px;    height: 247.4px;    margin: 0 auto;  }  .logo .pc-banner.small {    width: 970px;  }  .logo .pc-banner.small img {    height: auto!important;  }  .logo .m-banner {    display: none;  }  .ytvideo {    position: relative;    height: 546px;    width: 100%;    margin: 0 auto;  }  .ytvideo img {    width: 100%;    margin: 0 auto;  }  .ytvideo .play-btn {    width: 60px;    height: 42px;    position: absolute;    top: 50%;    left: 50%;    transform: translate(-50%, -50%);    background: url(\"data:image\/png;base64,iVBORw0KGgoAAAANSUhEUgAAAGQAAABGCAMAAAANWMFbAAAC+lBMVEUAAADBGB3kLCfBGB3kLCfcJC7BFx3KKSbiKybkLCbWJCPSIiLSIiLPICHAFx3kLCfgKSXNHiDZJiTIGx\/p4eHcjo7LHSDbJyTkLCbjKyfOHyHPIiL28fHJHB\/GGh7EGR7eKCXDGB3RISHlLSbBGB3AFxzGHB7DGB7BGB3hKybkKybAFx3lLCfAFxzDGR3hKibDGB7cJyTmz8\/elJTlwcHjurrUIyLlLSflLSfAFx3DGR7lLSfCFx3hKibhKibhKybjKybkLCblLSfbJSX49vbx7e3NNzjNMTLMJyjVIyLZf3\/ZQ0LaeHjx0tLgoqLkLCfCGB3HGx\/BGB3BFx3PICHCGB7WJCLOHyC\/Fxy\/Fx3lLCfQISHkLSe\/FxzbJiTBFx3FGx\/AGB7BFx3EGR7AGB3HHSDfKiXAFh3TISHYNzbhKibbJyTTIiL57e325+f039\/v2NjUV1fOHiHiqanfmprch4feKSXVIyPOICHmLibFGh\/mLSe\/Fx7XJCPeKSXXJSPNHyHaJyTGGh7lLCbmLCflLSjSIiLkLCbdKSXLHiC\/GB3KHh++Fh3lKyfoLiXcKCPkx8fYb2\/XaGfVXl3aU1LLHiDksbHgKibPICHbJyTfKSXbJyTCGB3KHSDiKybFGh7TIiL\/\/\/\/VIyPRISHIHB\/GGx\/HHB\/DGR7gKibdKCXLHiDZJiTMHiDNHyHYJSTOICHPICHWJCPcKCXXJSPjLCblLCf+\/f3NGR\/uLijzLynPGR\/IGB7WISHaIyLLGh7UAADxLynNAADRLzDbICLQAADIAAD3MCrUHSHXMTDpKSbLAADp5OTij4\/ejo\/VLy\/1LyngJSTcJCPQHx\/OHB7+\/PzaMS\/OLS\/vLijrLSjSAADaNTPwLyjkKSbNJCbYISHPHB\/KGB7WAAD7+vrn3d3aKynTKCjoLCfsKifRGh\/YAADq5+fhjo7QNDXXKCfmJyXt5+fTLzDLLi\/QKivYHRvMGBrQJCXLISPMExXLDxLaEAvkkI\/bOTfaFQ\/SCgpvLcnHAAAAmnRSTlMA+vv7+gT9Bvf9+8z8\/NSv\/Pr5+P7++vnQIBMP\/v38\/Pn348XDiCYf9OjbzcqxXVcx\/fz8+\/rj1r2poo1+fXFqX0orGP7+\/v7+\/fz8+\/r68uzn4trIxsG\/vri3p6GcmZSNbWVYUUZEPQv+\/f39+\/v7+\/v7+vr64tvV1NTTz87FtbSurqeblJKFg4B3bUY+NjL7+\/v7+\/v67t1cDo8JLQAABkRJREFUWMO0kz9rwkAYh0OIeJkum6YugUAhISCdKoj\/P4C7SMdS+gEKIhSKil10LSg4mzXkILdlEpxCpwTiWOLX6BujvQaEQuGeHLnL+\/64J+SIcKGYTYWnntpdLjrVdqvZmNdn0+EE40GtpuuWVS6Xx6N7YDSGpWXpeq02wHgynM7q80az1a52HpddtVcpsi1zFARBrdaxbhp9iUReTGmwA4KAAr7vx3EYejnCMI6hQYEgy0LQi4jUN0wL19vqFcUC9\/1dAKmEEFkWRYkh5oBejnxQJiSJPJ\/uKBp0Thszx9Mw8hMRIQjKsptCfuES9zr5WJY6vSFCIvE9fCMUmEM1A1kSXcYGxgVYsvI1IPKTZciSTI0us\/SMGG04gDzELDoFBwdcFJrF88dqgYMTiL6DILWYyfOWE8\/kIz38olCNlC03FK95+imxp6y4oUSvAnBjHHhKNtotSDqJzVFiK8c2SBqhZtsrTtgrLXwAyduxZHNE26eHUt5rtuM4WSmds3G+sUdWYo1L+XyxButoh5eKUHk5lByO3G1LqqCWVnfrv\/lyPtf\/4ps1cndNGIri8J1TJ0lx6dR\/oPjq1nbRwdp2dCk4CtIOLW3pVKRL6WZfS5vF2KkIQhpwSsjiYIgNCs1gEMGqiIq24NQX9NwoXFy8Ufrl3twTcg4fv8T9\/JBEySduj6Mjm4bMzYV7EEOxKjjoNDud7yY3Dy71Hq2oLmqfbNR723edH9PgMrNL2utoQ3VmaIDkiw\/4w51P06hlZsTZvkRrbVuSIs\/zwSOsycgzStQouoAkWQqioRT5XI7n2Z1wfVhoZmcAJLsoqjqpjbWCgpOAJXBwHK8PzWbNvoUZJND5wCnSkLAkZ1legx6vqQzjoiTahKlGUGLAiIIoABOHaNVw4sexZBym6\/HWlH5h3IC7yRbxtipcWxdTOkORKiNQAEkFf66x5S2oeRbroOlLgg0sSYkR0hRGEqJZ0jTPiQKatESdBckpWigxaapEH0lImHdWu9pUFF2XqMNM2Z4kped7IwEJw2qabwtrQqnpw6HyKkgcadKWsmpywwesDyIhYRpdzXddqegtGIJlXbAIUMOLkGxJUjRIkokwjUaX9d\/kK62ps\/tYUqZLIMkLTyBhsMZ3C5Z\/kDxOSCb\/DOs\/\/J0qcWSX\/2ipe56EgTCA4\/cB7NAYOsni4mZM1MUPAISoEwkDi4lhVBQ1cWQyIcwalw4EpqZN68JUSK7XC0kTlkLYii5uXSC8jT5ncCAS7mjCv0uHp\/3lueHEEAeQ\/\/VgmdN71\/2uCSA1Xr6DO6uI6sW56zqT2tp2PhgiRUAajV8CY2fkcz6WGNKMgLAt7tJAhD4YHMTeRxlALE6+43WqjSWi8ITxyJl8WrwWSNESQZZOqhDDntO3hJLsd5RtSpbJqdv3YrDJH3F7jL1R2O2aQkn2MyCyKYz0GPGIvSAMgBCrCEiJyKbBaYGwLW4uPRr0A0M4Ux5kUI7IBh+hMdiCEWNqhMZGyYMsOgNE58UQuEQeUnSWCMYwL54hkxK6IoqucQZbQ3pc3XtL0lky1dL0zZJJDpWJovFqpWj6JEHnyam2eQp5QRVAVHjWparTOaVwUOx99YS2MvgxIGV0bb+qIg2HX2qkFFJB+XZcbLiuRkuxD9GRroKyveLxdh4d7Orx+hb7qc3uVRuEogCOnyIxm4ubUoPgF4jianDrC+SDQDKEfJb0GUKmjCGPYHGJvVC6X4hw1\/sAfQAdfYyephIaspXe36RwOP+Ljvfx9B6B3i+Nk0DGq+oCbLn6JpBa9nWAveAIHwFAwtVcIJXPMPL8kRu5OAYPMaL1WScTxjiZDqB9LTJSWphow\/pTYKRTLjCBhvi9iBidvKcDasGSm0QQkycYuLBqj6QCELPctqChDWpTRMWkngNNpQ1Pfp1KkiT\/Y0DGffXAweUNfLAfaJFKDwhb6I+bkYRbkERoEeu3Fyjg2opMz2daZCS9jt6Q7txNfB+OZEVF6Zl5web2xunnLQrtrjXseXKaFYziYINeMFZVxS9VxRhOoesYwxPKXm+gWLG9cuFeq93UNNeJNsf1KlwuDok9n02n3TgIJpOxNfL9naIoQwXtfH9kjceTIIi709ncTg6LZbg+biLH1V6u\/7rxBem06VXKn9raAAAAAElFTkSuQmCC\")      no-repeat center center \/ contain;  }  @media screen and (max-width: 960px) and (orientation: portrait) {    .logo {      width: 100%;    }    .logo .pc-banner {      display: none;    }    .logo .m-banner {      display: block;      width: 100%;    }    .logo .m-banner img {      height: auto!important;    }    .ytvideo {      height: 200px;      width: 100%;    }  }<\/style><style>  .video-section {    width: 100%;    margin: 0 auto;  }  .video-section > img {    width: 100%;  }  .video-section iframe,  .video-section video {    width: 100%;    height: 100%;      }  .video-section-img-m,  .video-section-img-pc > img {    width: 100%;    height: auto;  }  .video-section-img-pc.small > img {    width: 970px;  }  .video-desc {    line-height: 1.5;    font-size: 20px;    font-weight: 400;    margin: 20px 0;    text-align: center;    color: #0f1111;    word-break: break-word;  }  @media screen and (max-width: 960px) and (orientation: portrait) {    .video-section {      width: 100%;    }    .video-section-pc,    .video-section-img-pc {      display: none;    }    .video-section-m,    .video-section-img-m {      display: block;    }    .video-desc {      font-size: 15px;    }  }  @media screen and (min-width: 960px) {    .video-section {      width: 100%;      margin: 0 auto;    }    .video-section-pc,    .video-section-img-pc {      display: block;    }    .video-section-m,    .video-section-img-m {      display: none;    }    .video-desc {      font-size: 20px;    }  }<\/style><style>  .section + .section {    margin-top: 35px;  }  .section-title {    text-align: center;    font-weight: bold;    color: #0d1111;    font-family: \"Arial\";    font-size: 32px;    margin: 15px 0;  }  .section-title:empty {    display: none;  }  .section-desc {    text-align: center;    font-weight: normal;    color: #0d1111;    margin-top: 20px;  }  .section-desc:empty {    display: none;  }  .section-img {    width: 1200px;    height: 492px;    margin: 0 auto;    display: block;  }  .section-img.small {    width: 970px;    height: auto;  }  .section-img.small > img {    height: auto;  }  .section-img > img {    width: 100%;    height: 100%;  }  .section-mobile-img {    display: none;    max-width: 100vw;    max-height: 75vw;    height: 450px;    margin: 0 auto;  }  .section-mobile-img > img {    width: 100%;    height: 100%;  }  @media screen and (max-width: 960px) and (orientation: portrait) {    .container {      width: 100%;    }    .container.small {      width: 100%;    }    .section-mobile-img {      display: block;    }    .section-img {      display: none;    }    .section-title {      font-size: 22px;      margin: 10px 0;    }    .section-desc {      margin-top: 10px;    }    .section + .section {      margin-top: 20px;    }  }<\/style><\/head><body><div class=\"container\"><div class=\"logo\"><div class=\"pc-banner\"><div><img decoding=\"async\" src=\"\/vevor\/vevor\/boutique-banner\/pc\/en-pc@1x.jpg\" style=\"width: 100%;\" \/><\/div><\/div><div class=\"m-banner\"><div><img decoding=\"async\" src=\"\/vevor\/vevor\/boutique-banner\/mobile\/en-m@1x.jpg\" style=\"width: 100%;\" \/><\/div><\/div><\/div><div class=\"section-title\">\u012evair\u016bs mokymo re\u017eimai, i\u0161laisvinkite viso k\u016bno potencial\u0105<\/div><div class=\"video-section\"><div class=\"video-section-img-pc\"><img decoding=\"async\" src=\"\/vevor\/product\/SHYXLJLDSGLPPO7UO001\/lat-pull-down-machine-a100-1.4.jpg\" \/><\/div><div class=\"video-section-img-m\"><img decoding=\"async\" src=\"\/vevor\/product\/SHYXLJLDSGLPPO7UO001\/lat-pull-down-machine-a100-1.4-m.jpg\" \/><\/div><div class=\"section-desc\">Optimizuota 2,1 m eil\u0117s kabeli\u0173 ma\u0161ina atrakina dvigubus treniruo\u010di\u0173 re\u017eimus subalansuotam j\u0117gos vystymuisi Naudokite auk\u0161t\u0105 skriemul\u012f, kad nukreiptum\u0117te latus ir vir\u0161utin\u0119 nugaros dal\u012f, arba pereikite prie \u017eemos eil\u0117s treniruo\u010di\u0173, kad \u012ftrauktum\u0117te savo \u0161erd\u012f ir apatin\u0119 k\u016bno dal\u012f subalansuotam, viso k\u016bno vystymuisi.<\/div><\/div><div class=\"section\"><div class=\"section-title\"><\/div><div class=\"section-img\"><img decoding=\"async\" src=\"\/vevor\/product\/SHYXLJLDSGLPPO7UO001\/lat-pull-down-machine-a100-2.2.jpg\" \/><\/div><div class=\"section-mobile-img\"><img decoding=\"async\" src=\"\/vevor\/product\/SHYXLJLDSGLPPO7UO001\/lat-pull-down-machine-a100-2.2-m.jpg\" \/><\/div><div class=\"section-desc\">\u012erengtas tiek auk\u0161to, tiek \u017eemo skriemulio, m\u016bs\u0173 lat pulldown ma\u0161ina palaiko \u012fvairius pratimus - lat pulldowns, s\u0117dimas eiles, bicepso garbanos ir tricepso prat\u0119simus, maksimaliai padidindama raumen\u0173 vystym\u0105si. kojos laikymas suteikia pakankamai laisvos vietos ir stabilumo efektyvioms treniruot\u0117ms s\u0117dint.<\/div><\/div><div class=\"section\"><div class=\"section-title\"><\/div><div class=\"section-img\"><img decoding=\"async\" src=\"\/vevor\/product\/SHYXLJLDSGLPPO7UO001\/lat-pull-down-machine-a100-2.3.jpg\" \/><\/div><div class=\"section-mobile-img\"><img decoding=\"async\" src=\"\/vevor\/product\/SHYXLJLDSGLPPO7UO001\/lat-pull-down-machine-a100-2.3-m.jpg\" \/><\/div><div class=\"section-desc\">Pagaminta i\u0161 50 x 50 mm sustiprinto r\u0117mo, 1,5 mm storio didelio stiprumo anglinio plieno ir dvigubos antikorozin\u0117s dangos, \u0161i lat ma\u0161ina u\u017etikrina auk\u0161t\u0105 na\u0161um\u0105. u\u017etikrina tvirt\u0105 stabilum\u0105 uolienose per kiekvien\u0105 pakartojim\u0105 ir palaiko iki 400 svar\u0173 (181 kg), i\u0161laikant aptaki\u0105 i\u0161vaizd\u0105.<\/div><\/div><div class=\"section\"><div class=\"section-title\"><\/div><div class=\"section-img\"><img decoding=\"async\" src=\"\/vevor\/product\/SHYXLJLDSGLPPO7UO001\/lat-pull-down-machine-a100-2.4.jpg\" \/><\/div><div class=\"section-mobile-img\"><img decoding=\"async\" src=\"\/vevor\/product\/SHYXLJLDSGLPPO7UO001\/lat-pull-down-machine-a100-2.4-m.jpg\" \/><\/div><div class=\"section-desc\">\u0160ioje kabeli\u0173 ma\u0161in\u0173 nam\u0173 sporto sal\u0117je yra trys reguliuojami s\u0117dyni\u0173 auk\u0161\u010diai ilgesn\u0117ms treniruot\u0117ms Keturi putplas\u010dio ritin\u0117liai u\u017etikrina j\u016bs\u0173 laikysen\u0105 Dvigubai suderinamas svorio laikiklis tinka tiek 2 coli\u0173, tiek 1 colio plok\u0161tel\u0117ms, o neslystan\u010dios silikonin\u0117s rankenos i\u0161laiko plok\u0161teles saugias ir subalansuotas.<\/div><\/div><div class=\"section\"><div class=\"section-title\"><\/div><div class=\"section-img\"><img decoding=\"async\" src=\"\/vevor\/product\/SHYXLJLDSGLPPO7UO001\/lat-pull-down-machine-a100-2.5.jpg\" \/><\/div><div class=\"section-mobile-img\"><img decoding=\"async\" src=\"\/vevor\/product\/SHYXLJLDSGLPPO7UO001\/lat-pull-down-machine-a100-2.5-m.jpg\" \/><\/div><div class=\"section-desc\">M\u016bs\u0173 lat traukimo ma\u0161ina nukreipta \u012f kelias pagrindines raumen\u0173 grupes, \u012fskaitant latus, sp\u0105stus, pe\u010dius, biceps\u0105, triceps\u0105 ir \u0161erd\u012f - u\u017e visapusi\u0161k\u0105 j\u0117gos rutin\u0105. vienas aparatas pristato visk\u0105, ko reikia visapusi\u0161kam j\u0117gos vystymuisi.<\/div><\/div><div class=\"section\"><div class=\"section-img\"><img decoding=\"async\" src=\"\/vevor\/product\/SHYXLJLDSGLPPO7UO001\/lat-pull-down-machine-a100-1.11.jpg\" \/><\/div><div class=\"section-mobile-img\"><img decoding=\"async\" src=\"\/vevor\/product\/SHYXLJLDSGLPPO7UO001\/lat-pull-down-machine-a100-1.11-m.jpg\" \/><\/div><\/div><\/div><\/body><\/html><\/div>\n<div class=\"DM_at-title\" id=\"js-DM_at-title\"> <div>Produkto specifikacija<\/div> <i class=\"icon-arrowup_line\"><\/i> <\/div><div class=\"DM_at-goodsDescAttr\" id=\"js-DM_at-goodsDescAttr\"> <div class=\"DM_at-goodsDescAttrInner\"> <dl class=\"goodsDesc_item goodsDesc_item_even\"> <dt>Prek\u0117s Modelio Numeris<\/dt> <dd> HM1905B<\/dd> <\/dl> <dl class=\"goodsDesc_item\"> <dt>Spalva<\/dt> <dd>\u00a0Juoda<\/dd> <\/dl> <dl class=\"goodsDesc_item goodsDesc_item_even\"> <dt>Krovinio Svoris<\/dt> <dd>\u00a0400 svar\u0173\/181 kg<\/dd> <\/dl> <dl class=\"goodsDesc_item\"> <dt>Neto Svoris<\/dt> <dd>\u00a070,0 svar\u0173\/31,75 kg<\/dd> <\/dl> <dl class=\"goodsDesc_item goodsDesc_item_even\"> <dt>Gaminio Matmenys<\/dt> <dd>\u00a053,9 x 28,3 x 81,9 colio\/1370 x 720 x 2080 mm<\/dd> <\/dl> <\/div> <\/div>","protected":false},"excerpt":{"rendered":"<ul>\n<li> 3-in-1 skriemuli\u0173 sistema: su auk\u0161tais ir \u017eemais skriemuliais \u0161i 2,1 m eil\u0117s kabeli\u0173 ma\u0161ina palaiko kelis traukinio re\u017eimus, \u012fskaitant lat i\u0161traukim\u0105, s\u0117dimas eiles ir ab-crunch funkcij\u0105. jis nukreiptas \u012f nugar\u0105, pe\u010dius, rankas ir \u0161erd\u012f, atrakinant viso k\u016bno treniruotes <\/li>\n<li> Pramoninio stiprumo r\u0117mas: pagamintas i\u0161 50 x 50 mm storio vamzd\u017ei\u0173 ir 1,5 mm anglinio plieno, \u0161i lat i\u0161traukiama ma\u0161ina u\u017etikrina stabilum\u0105 su 400 svar\u0173 (181 kg) talpa. Nesvarbu, ar lat i\u0161traukiami, ar s\u0117dimos eil\u0117s, jis i\u0161lieka saugus be svyravimo ar deformacijos <\/li>\n<li> Patogus ir reguliuojamas dizainas: \u0161i lat ma\u0161ina priima 3 lygi\u0173 pastorint\u0105 s\u0117dyn\u0119 (17 -19 coli\u0173 \/ 44 - 49 cm) su 4 pad\u0117\u010di\u0173 putplas\u010dio voleliu (21 - 31 coli\u0173 \/ 54 - 78 cm). Jis palaiko visus vartotojus, u\u017etikrindamas tinkam\u0105 laikysen\u0105 ir ilgalaik\u012f komfort\u0105 <\/li>\n<li> Svorio suderinamumas: \u012frengtas dviej\u0173 dyd\u017ei\u0173 plok\u0161teli\u0173 laikiklis, m\u016bs\u0173 kabeli\u0173 ma\u0161in\u0173 nam\u0173 sporto sal\u0117 tinka tiek 2 coli\u0173, tiek 1 colio standartin\u0117ms svorio plok\u0161t\u0117ms be adapteri\u0173. Jame telpa iki \u0161e\u0161i\u0173 25 kg plok\u0161teli\u0173, kad b\u016bt\u0173 lengva pereiti nuo pradedan\u010di\u0173j\u0173 iki pa\u017eengusi\u0173 lygi\u0173 <\/li>\n<li> Greitas surinkimas: naudojant ai\u0161ki\u0105 vartotojo instrukcij\u0105, lat nuleidimo ma\u0161in\u0105 galima greitai nustatyti be speciali\u0173 \u012franki\u0173. Kompakti\u0161kas, prie sienos tvirtinamas dizainas tinka namuose ir sporto sal\u0117se, o tylus veikimas leid\u017eia treniruotis be trikd\u017ei\u0173 <\/li>\n<\/ul>","protected":false},"featured_media":455027,"comment_status":"open","ping_status":"open","template":"","meta":{"om_disable_all_campaigns":false,"_monsterinsights_skip_tracking":false,"_monsterinsights_sitenote_active":false,"_monsterinsights_sitenote_note":"","_monsterinsights_sitenote_category":0,"_uf_show_specific_survey":0,"_uf_disable_surveys":false},"location":[1935,1934],"product_brand":[],"product_cat":[2386,4561,2387,2378],"product_tag":[],"class_list":{"0":"post-455026","1":"product","2":"type-product","3":"status-publish","4":"has-post-thumbnail","6":"location-supplier_stock_location","7":"location-local_stock_location","8":"product_cat-exercise-equipment","9":"product_cat-exercise-machine-attachments-fitness-accessories","10":"product_cat-fitness-accessories","11":"product_cat-sports-outdoors","13":"first","14":"instock","15":"taxable","16":"shipping-taxable","17":"purchasable","18":"product-type-simple"},"aioseo_notices":[],"jetpack_sharing_enabled":true,"locations":[{"id":1935,"name":"Pieg\u0101d\u0101t\u0101ja noliktav\u0101 (5-7d.d.)","slug":"supplier_stock_location","quantity":"7"},{"id":1934,"name":"R\u012bgas veikal\u0101 (0-2d.d.)","slug":"local_stock_location","quantity":"0"}],"_links":{"self":[{"href":"https:\/\/vevorshop.lv\/lt\/wp-json\/wp\/v2\/product\/455026","targetHints":{"allow":["GET"]}}],"collection":[{"href":"https:\/\/vevorshop.lv\/lt\/wp-json\/wp\/v2\/product"}],"about":[{"href":"https:\/\/vevorshop.lv\/lt\/wp-json\/wp\/v2\/types\/product"}],"replies":[{"embeddable":true,"href":"https:\/\/vevorshop.lv\/lt\/wp-json\/wp\/v2\/comments?post=455026"}],"wp:featuredmedia":[{"embeddable":true,"href":"https:\/\/vevorshop.lv\/lt\/wp-json\/wp\/v2\/media\/455027"}],"wp:attachment":[{"href":"https:\/\/vevorshop.lv\/lt\/wp-json\/wp\/v2\/media?parent=455026"}],"wp:term":[{"taxonomy":"location","embeddable":true,"href":"https:\/\/vevorshop.lv\/lt\/wp-json\/wp\/v2\/location?post=455026"},{"taxonomy":"product_brand","embeddable":true,"href":"https:\/\/vevorshop.lv\/lt\/wp-json\/wp\/v2\/product_brand?post=455026"},{"taxonomy":"product_cat","embeddable":true,"href":"https:\/\/vevorshop.lv\/lt\/wp-json\/wp\/v2\/product_cat?post=455026"},{"taxonomy":"product_tag","embeddable":true,"href":"https:\/\/vevorshop.lv\/lt\/wp-json\/wp\/v2\/product_tag?post=455026"}],"curies":[{"name":"wp","href":"https:\/\/api.w.org\/{rel}","templated":true}]}}