{"id":45873,"date":"2024-11-19T12:38:52","date_gmt":"2024-11-19T12:38:52","guid":{"rendered":"http:\/\/vevorshop.edigo.lv\/Prece\/vevor-red-light-therapy-wand-7-color-led-light-therapy-for-face-neck-eyes\/"},"modified":"2026-04-20T04:30:27","modified_gmt":"2026-04-20T01:30:27","slug":"vevor-red-light-therapy-wand-7-color-led-light-therapy-for-face-neck-eyes","status":"publish","type":"product","link":"https:\/\/vevorshop.lv\/lt\/Prece\/vevor-raudona-sviesa-terapija-lazdele-7-spalva-led-sviesos-terapija-veido-kaklo-akis\/","title":{"rendered":"VEVOR 3-in-1 LED raudonos \u0161viesos terapijos lazdel\u0117 su 7 spalvomis, \u0161ildymu ir mikro srovi\u0173 masa\u017eu veidui ir kaklui"},"content":{"rendered":"<div style=\"color: #fff!important; font-size: 16px; height: 24px; line-height: 24px; margin-top: -24px; \" class=\"product_original_name\">VEVOR raudonos \u0161viesos terapijos lazdel\u0117 veidui, 7 spalv\u0173 LED veido lazdel\u0117s raudonos \u0161viesos terapijos prietaisas su Heatig terapija|mikro srovi\u0173 vibruojantis masa\u017eas, ne\u0161iojama LED gro\u017eio lazdel\u0117 veidui, kaklui<\/div>\n<div style=\"color: #fff!important; font-size: 16px; height: 24px; line-height: 24px; margin-top: -24px; \" class=\"product_sku\">M4I4LM7X<\/div>\n<div style=\"color: #fff!important; font-size: 16px; height: 24px; line-height: 24px; margin-top: -24px; \" class=\"product_mpn\">SCHGZLY7KTX7XI90BV9<\/div><div id=\"js-DM_at-goodDescRich\"><html><head><style>  body {    font-family: Arial;    line-height: 1.5;    color: #1c1c1c;    overflow-x: hidden;    margin: 0;    padding: 0;  }  .MsoNormal b {    font-weight: bolder;  }<\/style><style>  .container.small {    width: 970px;    margin: 0 auto;  }  .logo {    margin: 0 auto 0;  }  .logo img {    display: block;    margin: 0 auto;    max-width: 100%;  }  .logo .pc-banner {    display: block;    width: 1200px;    height: 247.4px;    margin: 0 auto;  }  .logo .pc-banner.small {    width: 970px;  }  .logo .pc-banner.small img {    height: auto!important;  }  .logo .m-banner {    display: none;  }  .ytvideo {    position: relative;    height: 546px;    width: 100%;    margin: 0 auto;  }  .ytvideo img {    width: 100%;    margin: 0 auto;  }  .ytvideo .play-btn {    width: 60px;    height: 42px;    position: absolute;    top: 50%;    left: 50%;    transform: translate(-50%, -50%);    background: url(\"data:image\/png;base64,iVBORw0KGgoAAAANSUhEUgAAAGQAAABGCAMAAAANWMFbAAAC+lBMVEUAAADBGB3kLCfBGB3kLCfcJC7BFx3KKSbiKybkLCbWJCPSIiLSIiLPICHAFx3kLCfgKSXNHiDZJiTIGx\/p4eHcjo7LHSDbJyTkLCbjKyfOHyHPIiL28fHJHB\/GGh7EGR7eKCXDGB3RISHlLSbBGB3AFxzGHB7DGB7BGB3hKybkKybAFx3lLCfAFxzDGR3hKibDGB7cJyTmz8\/elJTlwcHjurrUIyLlLSflLSfAFx3DGR7lLSfCFx3hKibhKibhKybjKybkLCblLSfbJSX49vbx7e3NNzjNMTLMJyjVIyLZf3\/ZQ0LaeHjx0tLgoqLkLCfCGB3HGx\/BGB3BFx3PICHCGB7WJCLOHyC\/Fxy\/Fx3lLCfQISHkLSe\/FxzbJiTBFx3FGx\/AGB7BFx3EGR7AGB3HHSDfKiXAFh3TISHYNzbhKibbJyTTIiL57e325+f039\/v2NjUV1fOHiHiqanfmprch4feKSXVIyPOICHmLibFGh\/mLSe\/Fx7XJCPeKSXXJSPNHyHaJyTGGh7lLCbmLCflLSjSIiLkLCbdKSXLHiC\/GB3KHh++Fh3lKyfoLiXcKCPkx8fYb2\/XaGfVXl3aU1LLHiDksbHgKibPICHbJyTfKSXbJyTCGB3KHSDiKybFGh7TIiL\/\/\/\/VIyPRISHIHB\/GGx\/HHB\/DGR7gKibdKCXLHiDZJiTMHiDNHyHYJSTOICHPICHWJCPcKCXXJSPjLCblLCf+\/f3NGR\/uLijzLynPGR\/IGB7WISHaIyLLGh7UAADxLynNAADRLzDbICLQAADIAAD3MCrUHSHXMTDpKSbLAADp5OTij4\/ejo\/VLy\/1LyngJSTcJCPQHx\/OHB7+\/PzaMS\/OLS\/vLijrLSjSAADaNTPwLyjkKSbNJCbYISHPHB\/KGB7WAAD7+vrn3d3aKynTKCjoLCfsKifRGh\/YAADq5+fhjo7QNDXXKCfmJyXt5+fTLzDLLi\/QKivYHRvMGBrQJCXLISPMExXLDxLaEAvkkI\/bOTfaFQ\/SCgpvLcnHAAAAmnRSTlMA+vv7+gT9Bvf9+8z8\/NSv\/Pr5+P7++vnQIBMP\/v38\/Pn348XDiCYf9OjbzcqxXVcx\/fz8+\/rj1r2poo1+fXFqX0orGP7+\/v7+\/fz8+\/r68uzn4trIxsG\/vri3p6GcmZSNbWVYUUZEPQv+\/f39+\/v7+\/v7+vr64tvV1NTTz87FtbSurqeblJKFg4B3bUY+NjL7+\/v7+\/v67t1cDo8JLQAABkRJREFUWMO0kz9rwkAYh0OIeJkum6YugUAhISCdKoj\/P4C7SMdS+gEKIhSKil10LSg4mzXkILdlEpxCpwTiWOLX6BujvQaEQuGeHLnL+\/64J+SIcKGYTYWnntpdLjrVdqvZmNdn0+EE40GtpuuWVS6Xx6N7YDSGpWXpeq02wHgynM7q80az1a52HpddtVcpsi1zFARBrdaxbhp9iUReTGmwA4KAAr7vx3EYejnCMI6hQYEgy0LQi4jUN0wL19vqFcUC9\/1dAKmEEFkWRYkh5oBejnxQJiSJPJ\/uKBp0Thszx9Mw8hMRIQjKsptCfuES9zr5WJY6vSFCIvE9fCMUmEM1A1kSXcYGxgVYsvI1IPKTZciSTI0us\/SMGG04gDzELDoFBwdcFJrF88dqgYMTiL6DILWYyfOWE8\/kIz38olCNlC03FK95+imxp6y4oUSvAnBjHHhKNtotSDqJzVFiK8c2SBqhZtsrTtgrLXwAyduxZHNE26eHUt5rtuM4WSmds3G+sUdWYo1L+XyxButoh5eKUHk5lByO3G1LqqCWVnfrv\/lyPtf\/4ps1cndNGIri8J1TJ0lx6dR\/oPjq1nbRwdp2dCk4CtIOLW3pVKRL6WZfS5vF2KkIQhpwSsjiYIgNCs1gEMGqiIq24NQX9NwoXFy8Ufrl3twTcg4fv8T9\/JBEySduj6Mjm4bMzYV7EEOxKjjoNDud7yY3Dy71Hq2oLmqfbNR723edH9PgMrNL2utoQ3VmaIDkiw\/4w51P06hlZsTZvkRrbVuSIs\/zwSOsycgzStQouoAkWQqioRT5XI7n2Z1wfVhoZmcAJLsoqjqpjbWCgpOAJXBwHK8PzWbNvoUZJND5wCnSkLAkZ1legx6vqQzjoiTahKlGUGLAiIIoABOHaNVw4sexZBym6\/HWlH5h3IC7yRbxtipcWxdTOkORKiNQAEkFf66x5S2oeRbroOlLgg0sSYkR0hRGEqJZ0jTPiQKatESdBckpWigxaapEH0lImHdWu9pUFF2XqMNM2Z4kped7IwEJw2qabwtrQqnpw6HyKkgcadKWsmpywwesDyIhYRpdzXddqegtGIJlXbAIUMOLkGxJUjRIkokwjUaX9d\/kK62ps\/tYUqZLIMkLTyBhsMZ3C5Z\/kDxOSCb\/DOs\/\/J0qcWSX\/2ipe56EgTCA4\/cB7NAYOsni4mZM1MUPAISoEwkDi4lhVBQ1cWQyIcwalw4EpqZN68JUSK7XC0kTlkLYii5uXSC8jT5ncCAS7mjCv0uHp\/3lueHEEAeQ\/\/VgmdN71\/2uCSA1Xr6DO6uI6sW56zqT2tp2PhgiRUAajV8CY2fkcz6WGNKMgLAt7tJAhD4YHMTeRxlALE6+43WqjSWi8ITxyJl8WrwWSNESQZZOqhDDntO3hJLsd5RtSpbJqdv3YrDJH3F7jL1R2O2aQkn2MyCyKYz0GPGIvSAMgBCrCEiJyKbBaYGwLW4uPRr0A0M4Ux5kUI7IBh+hMdiCEWNqhMZGyYMsOgNE58UQuEQeUnSWCMYwL54hkxK6IoqucQZbQ3pc3XtL0lky1dL0zZJJDpWJovFqpWj6JEHnyam2eQp5QRVAVHjWparTOaVwUOx99YS2MvgxIGV0bb+qIg2HX2qkFFJB+XZcbLiuRkuxD9GRroKyveLxdh4d7Orx+hb7qc3uVRuEogCOnyIxm4ubUoPgF4jianDrC+SDQDKEfJb0GUKmjCGPYHGJvVC6X4hw1\/sAfQAdfYyephIaspXe36RwOP+Ljvfx9B6B3i+Nk0DGq+oCbLn6JpBa9nWAveAIHwFAwtVcIJXPMPL8kRu5OAYPMaL1WScTxjiZDqB9LTJSWphow\/pTYKRTLjCBhvi9iBidvKcDasGSm0QQkycYuLBqj6QCELPctqChDWpTRMWkngNNpQ1Pfp1KkiT\/Y0DGffXAweUNfLAfaJFKDwhb6I+bkYRbkERoEeu3Fyjg2opMz2daZCS9jt6Q7txNfB+OZEVF6Zl5web2xunnLQrtrjXseXKaFYziYINeMFZVxS9VxRhOoesYwxPKXm+gWLG9cuFeq93UNNeJNsf1KlwuDok9n02n3TgIJpOxNfL9naIoQwXtfH9kjceTIIi709ncTg6LZbg+biLH1V6u\/7rxBem06VXKn9raAAAAAElFTkSuQmCC\")      no-repeat center center \/ contain;  }  @media screen and (max-width: 960px) and (orientation: portrait) {    .logo {      width: 100%;    }    .logo .pc-banner {      display: none;    }    .logo .m-banner {      display: block;      width: 100%;    }    .logo .m-banner img {      height: auto!important;    }    .ytvideo {      height: 200px;      width: 100%;    }  }<\/style><style>  .video-section {    width: 100%;    margin: 0 auto;  }  .video-section > img {    width: 100%;  }  .video-section iframe,  .video-section video {    width: 100%;    height: 100%;      }  .video-section-img-m,  .video-section-img-pc > img {    width: 100%;    height: auto;  }  .video-section-img-pc.small > img {    width: 970px;  }  .video-desc {    line-height: 1.5;    font-size: 20px;    font-weight: 400;    margin: 20px 0;    text-align: center;    color: #0f1111;    word-break: break-word;  }  @media screen and (max-width: 960px) and (orientation: portrait) {    .video-section {      width: 100%;    }    .video-section-pc,    .video-section-img-pc {      display: none;    }    .video-section-m,    .video-section-img-m {      display: block;    }    .video-desc {      font-size: 15px;    }  }  @media screen and (min-width: 960px) {    .video-section {      width: 100%;      margin: 0 auto;    }    .video-section-pc,    .video-section-img-pc {      display: block;    }    .video-section-m,    .video-section-img-m {      display: none;    }    .video-desc {      font-size: 20px;    }  }<\/style><style>  .section + .section {    margin-top: 35px;  }  .section-title {    text-align: center;    font-weight: bold;    color: #0d1111;    font-family: \"Arial\";    font-size: 32px;    margin: 15px 0;  }  .section-title:empty {    display: none;  }  .section-desc {    text-align: center;    font-weight: normal;    color: #0d1111;    margin-top: 20px;  }  .section-desc:empty {    display: none;  }  .section-img {    width: 1200px;    height: 492px;    margin: 0 auto;    display: block;  }  .section-img.small {    width: 970px;    height: auto;  }  .section-img.small > img {    height: auto;  }  .section-img > img {    width: 100%;    height: 100%;  }  .section-mobile-img {    display: none;    max-width: 100vw;    max-height: 75vw;    height: 450px;    margin: 0 auto;  }  .section-mobile-img > img {    width: 100%;    height: 100%;  }  @media screen and (max-width: 960px) and (orientation: portrait) {    .container {      width: 100%;    }    .container.small {      width: 100%;    }    .section-mobile-img {      display: block;    }    .section-img {      display: none;    }    .section-title {      font-size: 22px;      margin: 10px 0;    }    .section-desc {      margin-top: 10px;    }    .section + .section {      margin-top: 20px;    }  }<\/style><\/head><body><div class=\"container\"><div class=\"logo\"><div class=\"pc-banner\"><div><img decoding=\"async\" src=\"\/vevor\/vevor\/boutique-banner\/pc\/en-pc@1x.jpg\" style=\"width: 100%;\" \/><\/div><\/div><div class=\"m-banner\"><div><img decoding=\"async\" src=\"\/vevor\/vevor\/boutique-banner\/mobile\/en-m@1x.jpg\" style=\"width: 100%;\" \/><\/div><\/div><\/div><div class=\"section-title\">\u012esi\u017eiebti Veido Gro\u017eio, Atgaivinti Odos Gyvybingum\u0105<\/div><div class=\"video-section\"><div class=\"video-section-img-pc\"><img decoding=\"async\" src=\"\/vevor\/product\/SCHGZLY7KTX7XI90B\/red-light-therapy-wand-a100-1.4.jpg\" alt=\"VEVOR raudonas \u0161viesos terapija lazdel\u0117 si\u016blo 7 spalv\u0173 led \u0161viesa, vibracinis masa\u017eas, \u0161ildymo terapija ir veido masa\u017eas.\" \/><\/div><div class=\"video-section-img-m\"><img decoding=\"async\" src=\"\/vevor\/product\/SCHGZLY7KTX7XI90B\/red-light-therapy-wand-a100-1.4-m.jpg\" alt=\"VEVOR raudonas \u0161viesos terapija lazdel\u0117 si\u016blo 7 spalv\u0173 led \u0161viesa, vibracinis masa\u017eas, \u0161ildymo terapija ir veido masa\u017eas.\" \/><\/div><div class=\"section-desc\">Patirtis ultimate kosmetikos su VEVOR Raudonas \u0160viesos Terapija Lazdel\u0119! M\u016bs\u0173 LED \u0161viesos terapijos prietaisas jungia 7 spalv\u0173 LED \u0161viesos terapija, microcurrent vibracija masa\u017euoja ir ramina \u0161ildymo terapija atgaivinti savo veido od\u0105, be joki\u0173 pastang\u0173, i\u0161laikant balta, stangrinanti, elastinga, ir visa oda.<\/div><\/div><div class=\"section\"><div class=\"section-title\"><\/div><div class=\"section-img\"><img decoding=\"async\" src=\"\/vevor\/product\/SCHGZLY7KTX7XI90B\/red-light-therapy-wand-a100-2.2.jpg\" alt=\"7 spalv\u0173 led \u0161viesos terapija iliustracija, pabr\u0117\u017eiant naud\u0105 VEVOR raudonas \u0161viesos terapija lazdel\u0119.\" \/><\/div><div class=\"section-mobile-img\"><img decoding=\"async\" src=\"\/vevor\/product\/SCHGZLY7KTX7XI90B\/red-light-therapy-wand-a100-2.2-m.jpg\" alt=\"7 spalv\u0173 led \u0161viesos terapija iliustracija, pabr\u0117\u017eiant naud\u0105 VEVOR raudonas \u0161viesos terapija lazdel\u0119.\" \/><\/div><div class=\"section-desc\">7 spalv\u0173 \u0161viesos terapija suteikia j\u016bs\u0173 odai su profesin\u0117s ir patog\u016bs nat\u016bralios \u0161viesos bangos, padidinti absorbcijos kosmetikos produktus. Raudonos \u0160viesos (630nm) ; \u017dalia \u0160viesa (520nm); M\u0117lyna \u0160viesa (470nm) ; Geltona \u0160viesa (590nm); Raudonos \u0160viesos (390nm); \u0160viesiai \u017dalsvai m\u0117lyna (415nm-520nm); Balta \u0160viesa.<\/div><\/div><div class=\"section\"><div class=\"section-title\"><\/div><div class=\"section-img\"><img decoding=\"async\" src=\"\/vevor\/product\/SCHGZLY7KTX7XI90B\/red-light-therapy-wand-a100-2.3.jpg\" alt=\"microcurrent ir \u0161ildymo terapija adresas periorbital odos problemas, su VEVOR raudonas \u0161viesos terapija lazdel\u0119.\" \/><\/div><div class=\"section-mobile-img\"><img decoding=\"async\" src=\"\/vevor\/product\/SCHGZLY7KTX7XI90B\/red-light-therapy-wand-a100-2.3-m.jpg\" alt=\"microcurrent ir \u0161ildymo terapija adresas periorbital odos problemas, su VEVOR raudonas \u0161viesos terapija lazdel\u0119.\" \/><\/div><div class=\"section-desc\">Per nepertraukiam\u0105 \u0161ilumos terapijos ir microcurrent vibracijos masa\u017eas, mes adresas 4 dideli\u0173 r\u016bpes\u010di\u0173 d\u0117l aki\u0173 srityje, paspartinti kraujo apytak\u0105, skatinti mikrocirkuliacij\u0105 aplink akis, ma\u017einantys akies spaudim\u0105, ir veiksmingai ma\u017einanti tamsius ratilus.<\/div><\/div><div class=\"section\"><div class=\"section-title\"><\/div><div class=\"section-img\"><img decoding=\"async\" src=\"\/vevor\/product\/SCHGZLY7KTX7XI90B\/red-light-therapy-wand-a100-2.4.jpg\" alt=\"kasdien 3 minutes: pertvarkyti dr\u0117kinama oda su VEVOR raudonas \u0161viesos terapija lazdel\u0119. 180\u00b0 sukimas vadovas rodomas.\" \/><\/div><div class=\"section-mobile-img\"><img decoding=\"async\" src=\"\/vevor\/product\/SCHGZLY7KTX7XI90B\/red-light-therapy-wand-a100-2.4-m.jpg\" alt=\"kasdien 3 minutes: pertvarkyti dr\u0117kinama oda su VEVOR raudonas \u0161viesos terapija lazdel\u0119. 180\u00b0 sukimas vadovas rodomas.\" \/><\/div><div class=\"section-desc\">M\u016bs\u0173 veidas raudonas \u0161viesos terapija massager galva sukasi be vargo 180\u00b0, u\u017etikrinant grie\u017et\u0105 r\u016bpintis savo akimis, veido ir kaklo. Rekomenduojama naudoti 3-5 kartus per savait\u0119, kiekvien\u0105 sesij\u0105 3-5 minutes, jis atgaivina j\u016bs\u0173 od\u0105 spinduliavimo, jaunatvi\u0161k\u0105 veido.<\/div><\/div><div class=\"section\"><div class=\"section-title\"><\/div><div class=\"section-img\"><img decoding=\"async\" src=\"\/vevor\/product\/SCHGZLY7KTX7XI90B\/red-light-therapy-wand-a100-2.5.jpg\" alt=\"VEVOR raudonas \u0161viesos terapija lazdel\u0119 u\u017e maitina, balinimo, ir nyksta odos nelygumus, bet kuriuo metu.\" \/><\/div><div class=\"section-mobile-img\"><img decoding=\"async\" src=\"\/vevor\/product\/SCHGZLY7KTX7XI90B\/red-light-therapy-wand-a100-2.5-m.jpg\" alt=\"VEVOR raudonas \u0161viesos terapija lazdel\u0119 u\u017e maitina, balinimo, ir nyksta odos nelygumus, bet kuriuo metu.\" \/><\/div><div class=\"section-desc\">Odos bet kuriuo metu, bet kurioje vietoje, pagal kelias odos problemas. Su savo kompakti\u0161ko ir ne\u0161iojam\u0173 dizainas, m\u016bs\u0173 delniniai raudonas \u0161viesos terapija lazdel\u0117 veido leid\u017eia spr\u0119sti \u012fvairias odos problemas, bet kuriuo metu, bet kurioje vietoje, kad gal\u0117tum\u0117te i\u0161lieti jaunatvi\u0161k\u0105 spindes\u012f ir gyvybingum\u0105 od\u0105.<\/div><\/div><div class=\"section\"><div class=\"section-img\"><img decoding=\"async\" src=\"\/vevor\/product\/SCHGZLY7KTX7XI90B\/red-light-therapy-wand-a100-1.11.jpg\" alt=\"VEVOR raudonas \u0161viesos terapija lazdel\u0117 su 7 ilgiai, 350mah baterija, juoda ir ro\u017ein\u0117 aukso. kompakti\u0161kas dizainas.\" \/><\/div><div class=\"section-mobile-img\"><img decoding=\"async\" src=\"\/vevor\/product\/SCHGZLY7KTX7XI90B\/red-light-therapy-wand-a100-1.11-m.jpg\" alt=\"VEVOR raudonas \u0161viesos terapija lazdel\u0117 su 7 ilgiai, 350mah baterija, juoda ir ro\u017ein\u0117 aukso. kompakti\u0161kas dizainas.\" \/><\/div><\/div><\/div><\/body><\/html><\/div>\n<div class=\"DM_at-title\" id=\"js-DM_at-title\"> <div>Produkto specifikacija<\/div> <i class=\"icon-arrowup_line\"><\/i> <\/div><div class=\"DM_at-goodsDescAttr\" id=\"js-DM_at-goodsDescAttr\"> <div class=\"DM_at-goodsDescAttrInner\"> <dl class=\"goodsDesc_item goodsDesc_item_even\"> <dt>Prek\u0117s Modelio Numeris<\/dt> <dd> RL05-B<\/dd> <\/dl> <dl class=\"goodsDesc_item\"> <dt>Spalva<\/dt> <dd> Juoda + Ro\u017ein\u0117 Aukso<\/dd> <\/dl> <dl class=\"goodsDesc_item goodsDesc_item_even\"> <dt>Bang\u0173 skai\u010dius<\/dt> <dd> 7<\/dd> <\/dl> <dl class=\"goodsDesc_item\"> <dt>Skai\u010di\u0173 LED \u017dibintai<\/dt> <dd> 7<\/dd> <\/dl> <dl class=\"goodsDesc_item goodsDesc_item_even\"> <dt>Baterijos Talpa<\/dt> <dd> 350mAh<\/dd> <\/dl> <dl class=\"goodsDesc_item\"> <dt>\u012e\u0117jimo \u012etampa<\/dt> <dd> 5V=1A<\/dd> <\/dl> <dl class=\"goodsDesc_item goodsDesc_item_even\"> <dt>Produkto Galia<\/dt> <dd> 1.67 M<\/dd> <\/dl> <dl class=\"goodsDesc_item\"> <dt>\u012ekrovimo Laikas<\/dt> <dd> 1.5 - 2 Val.<\/dd> <\/dl> <dl class=\"goodsDesc_item goodsDesc_item_even\"> <dt>Gaminio Matmenys<\/dt> <dd> 5.7 x 1,7 x 0,5 in \/ 146 x 43 x 12 mm<\/dd> <\/dl> <dl class=\"goodsDesc_item\"> <dt>Neto Svoris<\/dt> <dd> 0.13 kg \/ 0.06 kg<\/dd> <\/dl> <\/div> <\/div>","protected":false},"excerpt":{"rendered":"<ul>\n<li> 3-in-1 Raudonas \u0160viesos Terapija Lazdel\u0117: Say hello spinduliavimo oda su VEVOR LED raudonos \u0161viesos terapijos lazdel\u0117 veido! Featuring 7 spalv\u0173 grynos nat\u016bralios \u0161viesos bangos, microcurrent vibracija masa\u017euoja ir ramina \u0161ildymo terapija, tai eiti \u012f sprendim\u0105, visapusi\u0161kai veido prie\u017ei\u016brai, si\u016blanti profesionalus, neskausmingas odos prie\u017ei\u016bros patirtis teis\u0119 namuose. <\/li>\n<li> 7-Spalva \u0160viesiai Funkcijos: Raudona \u0160viesa (630nm) \u2013 Skatina kraujo cirkuliacij\u0105 ir kolageno gamyb\u0105; \u017dalia \u0160viesa (520nm) \u2013 Gerinti pigmentacija, suma\u017eina rauk\u0161les ir smulkias linijas; M\u0117lyna \u0160viesa (470nm) \u2013 Ramus ir \u012ftempia od\u0105; Geltona \u0160viesa (590nm) \u2013 atjaunina od\u0105, ma\u017eina paraudim\u0105; Raudonos \u0160viesos (390nm) \u2013 Gerina Limfos Apykait\u0105, apsivalyti ir tenderizes od\u0105; \u0160viesiai \u017dalsvai m\u0117lyna (415nm-520nm) \u2013 Nuraminti ir suma\u017einti alergijos; Baltos \u0160viesos \u2013 Paspartinti audini\u0173 metabolizm\u0105, skatina limfos detoksikacijos. <\/li>\n<li> Raminantis \u0160ildymo Terapija: Gydyti j\u016bs\u0173 odos atsipalaiduoti \u0161ildymo terapijos seans\u0105! Kartu su microcurrent vibracijos masa\u017eas, m\u016bs\u0173 LED \u0161viesos terapijos prietaisas pagerina kraujo apytak\u0105, leid\u017eianti terapin\u0117s \u0161ilumos prasiskverbti \u012f gilius odos sluoksnius, \u012fskaitant subtilus sritis aplink akis, u\u017etikrinant, balinimo ir stangrina skland\u017eiai, atjaun\u0117jusi oda. <\/li>\n<li> Atrakinti Vis\u0105 Veid\u0105 Gro\u017eio: M\u016bs\u0173 veido raudonas \u0161viesos terapija tinka daugumai odos tip\u0173, tiek vyr\u0173, tiek moter\u0173. Ji gali pasigirti 180\u00b0 sukimas dizainas, u\u017etikrinant visapusi\u0161k\u0105 prie\u017ei\u016br\u0105 coli\u0173 kiekvien\u0105 savo veid\u0105, \u012fskaitant aki\u0173, veido ir kaklo. J\u012f naudoti 3-5 kartus per savait\u0119 3-5 minutes kiekvien\u0105 sesij\u0105 norint pasiekti optimal\u0173 terapin\u012f poveik\u012f. <\/li>\n<li> Puiki Dovana Spinduliavimo Oda: Ie\u0161koma puiki dovana? Ie\u0161koti ne toliau! M\u016bs\u0173 handheld LED raudonos \u0161viesos, gro\u017eio prietaisas yra galutinis dalyvauti kiekvienas, trok\u0161tantis pasiekti salonas-kokyb\u0117s veido odos prie\u017ei\u016bros. Lengvas, ne\u0161iojamieji, ir universali, ji yra j\u016bs\u0173 idealus pasirinkimas, profesionalios kosmetikos, bet kuriuo metu, bet kurioje vietoje! <\/li>\n<\/ul>","protected":false},"featured_media":312765,"comment_status":"closed","ping_status":"open","template":"","meta":{"om_disable_all_campaigns":false,"_monsterinsights_skip_tracking":false,"_monsterinsights_sitenote_active":false,"_monsterinsights_sitenote_note":"","_monsterinsights_sitenote_category":0,"_uf_show_specific_survey":0,"_uf_disable_surveys":false},"location":[1935,1934],"product_brand":[21],"product_cat":[4170,2393,4168,4169,3641],"product_tag":[],"class_list":{"0":"post-45873","1":"product","2":"type-product","3":"status-publish","4":"has-post-thumbnail","6":"location-supplier_stock_location","7":"location-local_stock_location","8":"product_brand-vevor","9":"product_cat-handheld-infrared-therapy-for-bod","10":"product_cat-health-and-wellness","11":"product_cat-heat-therapy-products","12":"product_cat-light-therapy-heat-therapy-products","13":"product_cat-personal-care-appliances","15":"first","16":"instock","17":"taxable","18":"shipping-taxable","19":"purchasable","20":"product-type-simple"},"aioseo_notices":[],"jetpack_sharing_enabled":true,"locations":[{"id":1935,"name":"Pieg\u0101d\u0101t\u0101ja noliktav\u0101 (5-7d.d.)","slug":"supplier_stock_location","quantity":"17"},{"id":1934,"name":"R\u012bgas veikal\u0101 (0-2d.d.)","slug":"local_stock_location","quantity":"0"}],"_links":{"self":[{"href":"https:\/\/vevorshop.lv\/lt\/wp-json\/wp\/v2\/product\/45873","targetHints":{"allow":["GET"]}}],"collection":[{"href":"https:\/\/vevorshop.lv\/lt\/wp-json\/wp\/v2\/product"}],"about":[{"href":"https:\/\/vevorshop.lv\/lt\/wp-json\/wp\/v2\/types\/product"}],"replies":[{"embeddable":true,"href":"https:\/\/vevorshop.lv\/lt\/wp-json\/wp\/v2\/comments?post=45873"}],"wp:featuredmedia":[{"embeddable":true,"href":"https:\/\/vevorshop.lv\/lt\/wp-json\/wp\/v2\/media\/312765"}],"wp:attachment":[{"href":"https:\/\/vevorshop.lv\/lt\/wp-json\/wp\/v2\/media?parent=45873"}],"wp:term":[{"taxonomy":"location","embeddable":true,"href":"https:\/\/vevorshop.lv\/lt\/wp-json\/wp\/v2\/location?post=45873"},{"taxonomy":"product_brand","embeddable":true,"href":"https:\/\/vevorshop.lv\/lt\/wp-json\/wp\/v2\/product_brand?post=45873"},{"taxonomy":"product_cat","embeddable":true,"href":"https:\/\/vevorshop.lv\/lt\/wp-json\/wp\/v2\/product_cat?post=45873"},{"taxonomy":"product_tag","embeddable":true,"href":"https:\/\/vevorshop.lv\/lt\/wp-json\/wp\/v2\/product_tag?post=45873"}],"curies":[{"name":"wp","href":"https:\/\/api.w.org\/{rel}","templated":true}]}}