{"id":46633,"date":"2024-11-19T13:23:40","date_gmt":"2024-11-19T13:23:40","guid":{"rendered":"http:\/\/vevorshop.edigo.lv\/Prece\/vevor-4-pcs-white-stretch-spandex-folding-chair-covers-universal-fitted-chair-cover-with-skirt-removable-washable-protective-slipcovers-for-wedding-holiday-banquet-party-celebration-dining\/"},"modified":"2026-04-20T04:21:54","modified_gmt":"2026-04-20T01:21:54","slug":"vevor-4-pcs-white-stretch-spandex-folding-chair-covers-universal-fitted-chair-cover-with-skirt-removable-washable-protective-slipcovers-for-wedding-holiday-banquet-party-celebration-dining","status":"publish","type":"product","link":"https:\/\/vevorshop.lv\/lt\/Prece\/vevor-4-pcs-white-stretch-spandex-folding-chair-covers-universal-fitted-chair-cover-with-skirt-removable-washable-protective-slipcovers-for-wedding-holiday-banquet-party-celebration-dining\/","title":{"rendered":"4 vnt. baltos elastiniai spandekso k\u0117d\u017ei\u0173 u\u017evalkalai su sijonu \u2013 universal\u016bs, nuimami ir skalbiami vestuv\u0117ms, \u0161vent\u0117ms"},"content":{"rendered":"<div style=\"color: #fff!important; font-size: 16px; height: 24px; line-height: 24px; margin-top: -24px; \" class=\"product_original_name\">VEVOR Stretch Spandex Folding Chair Covers, Universal Fitted Chair Cover with Skirt, Removable Washable Protective Slipcovers, for Wedding, Holiday, Banquet, Party, Celebration, Dining (4 PCS White)<\/div>\n<div style=\"color: #fff!important; font-size: 16px; height: 24px; line-height: 24px; margin-top: -24px; \" class=\"product_sku\">M4I4LN8G<\/div>\n<div style=\"color: #fff!important; font-size: 16px; height: 24px; line-height: 24px; margin-top: -24px; \" class=\"product_mpn\">YTBS4PCSZKHB8CTN7V0<\/div><div id=\"js-DM_at-goodDescRich\"><html><head><style>  body {    font-family: Arial;    line-height: 1.5;    color: #1c1c1c;    overflow-x: hidden;    margin: 0;    padding: 0;  }  .MsoNormal b {    font-weight: bolder;  }<\/style><style>  .container.small {    width: 970px;    margin: 0 auto;  }  .logo {    margin: 0 auto 0;  }  .logo img {    display: block;    margin: 0 auto;    max-width: 100%;  }  .logo .pc-banner {    display: block;    width: 1200px;    height: 247.4px;    margin: 0 auto;  }  .logo .pc-banner.small {    width: 970px;  }  .logo .pc-banner.small img {    height: auto!important;  }  .logo .m-banner {    display: none;  }  .ytvideo {    position: relative;    height: 546px;    width: 100%;    margin: 0 auto;  }  .ytvideo img {    width: 100%;    margin: 0 auto;  }  .ytvideo .play-btn {    width: 60px;    height: 42px;    position: absolute;    top: 50%;    left: 50%;    transform: translate(-50%, -50%);    background: url(\"data:image\/png;base64,iVBORw0KGgoAAAANSUhEUgAAAGQAAABGCAMAAAANWMFbAAAC+lBMVEUAAADBGB3kLCfBGB3kLCfcJC7BFx3KKSbiKybkLCbWJCPSIiLSIiLPICHAFx3kLCfgKSXNHiDZJiTIGx\/p4eHcjo7LHSDbJyTkLCbjKyfOHyHPIiL28fHJHB\/GGh7EGR7eKCXDGB3RISHlLSbBGB3AFxzGHB7DGB7BGB3hKybkKybAFx3lLCfAFxzDGR3hKibDGB7cJyTmz8\/elJTlwcHjurrUIyLlLSflLSfAFx3DGR7lLSfCFx3hKibhKibhKybjKybkLCblLSfbJSX49vbx7e3NNzjNMTLMJyjVIyLZf3\/ZQ0LaeHjx0tLgoqLkLCfCGB3HGx\/BGB3BFx3PICHCGB7WJCLOHyC\/Fxy\/Fx3lLCfQISHkLSe\/FxzbJiTBFx3FGx\/AGB7BFx3EGR7AGB3HHSDfKiXAFh3TISHYNzbhKibbJyTTIiL57e325+f039\/v2NjUV1fOHiHiqanfmprch4feKSXVIyPOICHmLibFGh\/mLSe\/Fx7XJCPeKSXXJSPNHyHaJyTGGh7lLCbmLCflLSjSIiLkLCbdKSXLHiC\/GB3KHh++Fh3lKyfoLiXcKCPkx8fYb2\/XaGfVXl3aU1LLHiDksbHgKibPICHbJyTfKSXbJyTCGB3KHSDiKybFGh7TIiL\/\/\/\/VIyPRISHIHB\/GGx\/HHB\/DGR7gKibdKCXLHiDZJiTMHiDNHyHYJSTOICHPICHWJCPcKCXXJSPjLCblLCf+\/f3NGR\/uLijzLynPGR\/IGB7WISHaIyLLGh7UAADxLynNAADRLzDbICLQAADIAAD3MCrUHSHXMTDpKSbLAADp5OTij4\/ejo\/VLy\/1LyngJSTcJCPQHx\/OHB7+\/PzaMS\/OLS\/vLijrLSjSAADaNTPwLyjkKSbNJCbYISHPHB\/KGB7WAAD7+vrn3d3aKynTKCjoLCfsKifRGh\/YAADq5+fhjo7QNDXXKCfmJyXt5+fTLzDLLi\/QKivYHRvMGBrQJCXLISPMExXLDxLaEAvkkI\/bOTfaFQ\/SCgpvLcnHAAAAmnRSTlMA+vv7+gT9Bvf9+8z8\/NSv\/Pr5+P7++vnQIBMP\/v38\/Pn348XDiCYf9OjbzcqxXVcx\/fz8+\/rj1r2poo1+fXFqX0orGP7+\/v7+\/fz8+\/r68uzn4trIxsG\/vri3p6GcmZSNbWVYUUZEPQv+\/f39+\/v7+\/v7+vr64tvV1NTTz87FtbSurqeblJKFg4B3bUY+NjL7+\/v7+\/v67t1cDo8JLQAABkRJREFUWMO0kz9rwkAYh0OIeJkum6YugUAhISCdKoj\/P4C7SMdS+gEKIhSKil10LSg4mzXkILdlEpxCpwTiWOLX6BujvQaEQuGeHLnL+\/64J+SIcKGYTYWnntpdLjrVdqvZmNdn0+EE40GtpuuWVS6Xx6N7YDSGpWXpeq02wHgynM7q80az1a52HpddtVcpsi1zFARBrdaxbhp9iUReTGmwA4KAAr7vx3EYejnCMI6hQYEgy0LQi4jUN0wL19vqFcUC9\/1dAKmEEFkWRYkh5oBejnxQJiSJPJ\/uKBp0Thszx9Mw8hMRIQjKsptCfuES9zr5WJY6vSFCIvE9fCMUmEM1A1kSXcYGxgVYsvI1IPKTZciSTI0us\/SMGG04gDzELDoFBwdcFJrF88dqgYMTiL6DILWYyfOWE8\/kIz38olCNlC03FK95+imxp6y4oUSvAnBjHHhKNtotSDqJzVFiK8c2SBqhZtsrTtgrLXwAyduxZHNE26eHUt5rtuM4WSmds3G+sUdWYo1L+XyxButoh5eKUHk5lByO3G1LqqCWVnfrv\/lyPtf\/4ps1cndNGIri8J1TJ0lx6dR\/oPjq1nbRwdp2dCk4CtIOLW3pVKRL6WZfS5vF2KkIQhpwSsjiYIgNCs1gEMGqiIq24NQX9NwoXFy8Ufrl3twTcg4fv8T9\/JBEySduj6Mjm4bMzYV7EEOxKjjoNDud7yY3Dy71Hq2oLmqfbNR723edH9PgMrNL2utoQ3VmaIDkiw\/4w51P06hlZsTZvkRrbVuSIs\/zwSOsycgzStQouoAkWQqioRT5XI7n2Z1wfVhoZmcAJLsoqjqpjbWCgpOAJXBwHK8PzWbNvoUZJND5wCnSkLAkZ1legx6vqQzjoiTahKlGUGLAiIIoABOHaNVw4sexZBym6\/HWlH5h3IC7yRbxtipcWxdTOkORKiNQAEkFf66x5S2oeRbroOlLgg0sSYkR0hRGEqJZ0jTPiQKatESdBckpWigxaapEH0lImHdWu9pUFF2XqMNM2Z4kped7IwEJw2qabwtrQqnpw6HyKkgcadKWsmpywwesDyIhYRpdzXddqegtGIJlXbAIUMOLkGxJUjRIkokwjUaX9d\/kK62ps\/tYUqZLIMkLTyBhsMZ3C5Z\/kDxOSCb\/DOs\/\/J0qcWSX\/2ipe56EgTCA4\/cB7NAYOsni4mZM1MUPAISoEwkDi4lhVBQ1cWQyIcwalw4EpqZN68JUSK7XC0kTlkLYii5uXSC8jT5ncCAS7mjCv0uHp\/3lueHEEAeQ\/\/VgmdN71\/2uCSA1Xr6DO6uI6sW56zqT2tp2PhgiRUAajV8CY2fkcz6WGNKMgLAt7tJAhD4YHMTeRxlALE6+43WqjSWi8ITxyJl8WrwWSNESQZZOqhDDntO3hJLsd5RtSpbJqdv3YrDJH3F7jL1R2O2aQkn2MyCyKYz0GPGIvSAMgBCrCEiJyKbBaYGwLW4uPRr0A0M4Ux5kUI7IBh+hMdiCEWNqhMZGyYMsOgNE58UQuEQeUnSWCMYwL54hkxK6IoqucQZbQ3pc3XtL0lky1dL0zZJJDpWJovFqpWj6JEHnyam2eQp5QRVAVHjWparTOaVwUOx99YS2MvgxIGV0bb+qIg2HX2qkFFJB+XZcbLiuRkuxD9GRroKyveLxdh4d7Orx+hb7qc3uVRuEogCOnyIxm4ubUoPgF4jianDrC+SDQDKEfJb0GUKmjCGPYHGJvVC6X4hw1\/sAfQAdfYyephIaspXe36RwOP+Ljvfx9B6B3i+Nk0DGq+oCbLn6JpBa9nWAveAIHwFAwtVcIJXPMPL8kRu5OAYPMaL1WScTxjiZDqB9LTJSWphow\/pTYKRTLjCBhvi9iBidvKcDasGSm0QQkycYuLBqj6QCELPctqChDWpTRMWkngNNpQ1Pfp1KkiT\/Y0DGffXAweUNfLAfaJFKDwhb6I+bkYRbkERoEeu3Fyjg2opMz2daZCS9jt6Q7txNfB+OZEVF6Zl5web2xunnLQrtrjXseXKaFYziYINeMFZVxS9VxRhOoesYwxPKXm+gWLG9cuFeq93UNNeJNsf1KlwuDok9n02n3TgIJpOxNfL9naIoQwXtfH9kjceTIIi709ncTg6LZbg+biLH1V6u\/7rxBem06VXKn9raAAAAAElFTkSuQmCC\")      no-repeat center center \/ contain;  }  @media screen and (max-width: 960px) and (orientation: portrait) {    .logo {      width: 100%;    }    .logo .pc-banner {      display: none;    }    .logo .m-banner {      display: block;      width: 100%;    }    .logo .m-banner img {      height: auto!important;    }    .ytvideo {      height: 200px;      width: 100%;    }  }<\/style><style>  .video-section {    width: 100%;    margin: 0 auto;  }  .video-section > img {    width: 100%;  }  .video-section iframe,  .video-section video {    width: 100%;    height: 100%;      }  .video-section-img-m,  .video-section-img-pc > img {    width: 100%;    height: auto;  }  .video-section-img-pc.small > img {    width: 970px;  }  .video-desc {    line-height: 1.5;    font-size: 20px;    font-weight: 400;    margin: 20px 0;    text-align: center;    color: #0f1111;    word-break: break-word;  }  @media screen and (max-width: 960px) and (orientation: portrait) {    .video-section {      width: 100%;    }    .video-section-pc,    .video-section-img-pc {      display: none;    }    .video-section-m,    .video-section-img-m {      display: block;    }    .video-desc {      font-size: 15px;    }  }  @media screen and (min-width: 960px) {    .video-section {      width: 100%;      margin: 0 auto;    }    .video-section-pc,    .video-section-img-pc {      display: block;    }    .video-section-m,    .video-section-img-m {      display: none;    }    .video-desc {      font-size: 20px;    }  }<\/style><style>  .section + .section {    margin-top: 35px;  }  .section-title {    text-align: center;    font-weight: bold;    color: #0d1111;    font-family: \"Arial\";    font-size: 32px;    margin: 15px 0;  }  .section-title:empty {    display: none;  }  .section-desc {    text-align: center;    font-weight: normal;    color: #0d1111;    margin-top: 20px;  }  .section-desc:empty {    display: none;  }  .section-img {    width: 1200px;    height: 492px;    margin: 0 auto;    display: block;  }  .section-img.small {    width: 970px;    height: auto;  }  .section-img.small > img {    height: auto;  }  .section-img > img {    width: 100%;    height: 100%;  }  .section-mobile-img {    display: none;    max-width: 100vw;    max-height: 75vw;    height: 450px;    margin: 0 auto;  }  .section-mobile-img > img {    width: 100%;    height: 100%;  }  @media screen and (max-width: 960px) and (orientation: portrait) {    .container {      width: 100%;    }    .container.small {      width: 100%;    }    .section-mobile-img {      display: block;    }    .section-img {      display: none;    }    .section-title {      font-size: 22px;      margin: 10px 0;    }    .section-desc {      margin-top: 10px;    }    .section + .section {      margin-top: 20px;    }  }<\/style><\/head><body><div class=\"container\"><div class=\"logo\"><div class=\"pc-banner\"><div><img decoding=\"async\" src=\"\/vevor\/vevor\/boutique-banner\/pc\/en-pc@1x.jpg\" style=\"width: 100%;\" \/><\/div><\/div><div class=\"m-banner\"><div><img decoding=\"async\" src=\"\/vevor\/vevor\/boutique-banner\/mobile\/en-m@1x.jpg\" style=\"width: 100%;\" \/><\/div><\/div><\/div><div class=\"section-title\">Auk\u0161tos Kokyb\u0117s Ruo\u017eas Spandex Sulankstomos K\u0117d\u0117s Apima<\/div><div class=\"video-section\"><video class=\"video-section-pc\" controls poster=\"\/vevor\/product\/YTBS4PCSZKHB8CTN7\/wedding-chair-cover-a100-1.4.jpg\"><source src=\"\/vevor\/product\/YTXYB30PCSZKZ8I58\/vestuvi\u0173-k\u0117d\u0117-cover-tvc2.mp4\" type=\"video\/mp4\" \/><\/video><video class=\"video-section-m\" controls poster=\"\/vevor\/product\/YTBS4PCSZKHB8CTN7\/wedding-chair-cover-a100-1.4-m.jpg\"><source src=\"\/vevor\/product\/YTXYB30PCSZKZ8I58\/vestuvi\u0173-k\u0117d\u0117-cover-tvc2.mp4\" type=\"video\/mp4\" \/><\/video><div class=\"section-desc\">D\u0117l spandex k\u0117d\u017ei\u0173 u\u017evalkalai yra pagaminti i\u0161 95% poliesterio pluo\u0161to ir 5% spandex, suteikti daugiau komforto ir elastingumas, d\u0117l tvirtas med\u017eiagas ir gera si\u016bl\u0117mis. Universalus k\u0117d\u017ei\u0173 u\u017evalkalai yra skirtos apsaugoti j\u016bs\u0173 k\u0117d\u0117s nuo atsitiktinio i\u0161siliejimo, pet \u012fbr\u0117\u017eim\u0173, kasdien d\u0117mes, ir a\u0161aros.<\/div><\/div><div class=\"section\"><div class=\"section-title\"><\/div><div class=\"section-img\"><img decoding=\"async\" src=\"\/vevor\/product\/YTBS4PCSZKHB8CTN7\/wedding-chair-cover-a100-2.2.jpg\" \/><\/div><div class=\"section-mobile-img\"><img decoding=\"async\" src=\"\/vevor\/product\/YTBS4PCSZKHB8CTN7\/wedding-chair-cover-a100-2.2-m.jpg\" \/><\/div><div class=\"section-desc\">Geriau elastingum\u0105, tampus, rauk\u0161li\u0173 atsparus, ir suma\u017einti vaiskum\u0105. K\u0117d\u0117 padengti apsauga teikia visi aplink apsaugos j\u016bs\u0173 k\u0117d\u0117s, puikus naudoti pakartotinai, ir atsparus a\u0161arojimas.<\/div><\/div><div class=\"section\"><div class=\"section-title\"><\/div><div class=\"section-img\"><img decoding=\"async\" src=\"\/vevor\/product\/YTBS4PCSZKHB8CTN7\/wedding-chair-cover-a100-2.3.jpg\" \/><\/div><div class=\"section-mobile-img\"><img decoding=\"async\" src=\"\/vevor\/product\/YTBS4PCSZKHB8CTN7\/wedding-chair-cover-a100-2.3-m.jpg\" \/><\/div><div class=\"section-desc\">Universalus \u012frengtas k\u0117d\u0117 padengti klausos apsaugos priemon\u0117s yra vidutinio dyd\u017eio; ruo\u017eas valgomojo k\u0117d\u017ei\u0173 dangose gali b\u016bti \u012fdiegtas daugelyje k\u0117d\u0117s (be poranki\u0173), \u012fskaitant valgomojo k\u0117d\u0117s, krovimas k\u0117d\u0117s ir banket\u0173 k\u0117d\u0117s.<\/div><\/div><div class=\"section\"><div class=\"section-title\"><\/div><div class=\"section-img\"><img decoding=\"async\" src=\"\/vevor\/product\/YTBS4PCSZKHB8CTN7\/wedding-chair-cover-a100-2.4.jpg\" \/><\/div><div class=\"section-mobile-img\"><img decoding=\"async\" src=\"\/vevor\/product\/YTBS4PCSZKHB8CTN7\/wedding-chair-cover-a100-2.4-m.jpg\" \/><\/div><div class=\"section-desc\">Tiesiog ruo\u017eas juos per k\u0117d\u0117s ir saugi keturias kojas sukomplektuotas. Laiko ir ka\u0161t\u0173 taupymas, prie\u017ei\u016bra, nr. lyginimo reikia. K\u0117d\u0117 dangtelius galima rankomis plauti, ma\u0161ina plauti arba sausai valyti su \u0161velniu plovikliu.<\/div><\/div><div class=\"section\"><div class=\"section-title\"><\/div><div class=\"section-img\"><img decoding=\"async\" src=\"\/vevor\/product\/YTBS4PCSZKHB8CTN7\/wedding-chair-cover-a100-2.5.jpg\" \/><\/div><div class=\"section-mobile-img\"><img decoding=\"async\" src=\"\/vevor\/product\/YTBS4PCSZKHB8CTN7\/wedding-chair-cover-a100-2.5-m.jpg\" \/><\/div><div class=\"section-desc\">Ruo\u017eas k\u0117d\u017ei\u0173 u\u017evalkalai yra puikus pasirinkimas tiek vidaus, tiek ir lauko renginiai. Tinka \u012fvairi\u0173 asmenini\u0173 ir verslo kart\u0173, papildyti bet kokio dekoro stili\u0173, \u012fskaitant gimtadienius, vestuves, verslo susitikimus, banketus, \u0161ventes, ir daugiau.<\/div><\/div><div class=\"section\"><div class=\"section-img\"><img decoding=\"async\" src=\"\/vevor\/product\/YTBS4PCSZKHB8CTN7\/wedding-chair-cover-a100-1.11.jpg\" \/><\/div><div class=\"section-mobile-img\"><img decoding=\"async\" src=\"\/vevor\/product\/YTBS4PCSZKHB8CTN7\/wedding-chair-cover-a100-1.11-m.jpg\" \/><\/div><\/div><\/div><\/body><\/html><\/div>\n<div class=\"DM_at-title\" id=\"js-DM_at-title\"> <div>Produkto specifikacija<\/div> <i class=\"icon-arrowup_line\"><\/i> <\/div><div class=\"DM_at-goodsDescAttr\" id=\"js-DM_at-goodsDescAttr\"> <div class=\"DM_at-goodsDescAttrInner\"> <dl class=\"goodsDesc_item goodsDesc_item_even\"> <dt>Prek\u0117s Modelio Numeris<\/dt> <dd> RD-VV-24<\/dd> <\/dl> <dl class=\"goodsDesc_item\"> <dt>Spalva<\/dt> <dd> Balta<\/dd> <\/dl> <dl class=\"goodsDesc_item goodsDesc_item_even\"> <dt>Produkto Svoris<\/dt> <dd> 2.4 svar\u0173 \/ 1.1 kg<\/dd> <\/dl> <dl class=\"goodsDesc_item\"> <dt>Tinka K\u0117d\u0117s Matmenys (WxDxH)<\/dt> <dd> 17.3x20.1x36.4 coli\u0173 \/ 440x510x925 mm (Maks.)<\/dd> <\/dl> <\/div> <\/div>","protected":false},"excerpt":{"rendered":"<ul>\n<li> Premium Material: Color: White; Quantity per box: 4 PCS; Material: 95% Polyester Fiber &#038; 5% Spandex. Durable fabric and quality stitching offer additional comfort and elasticity. Universal spandex folding chair covers are designed to protect your chairs from accidental spills, pet scratches, everyday stains, and tears, making them ideal for both indoor and outdoor events. <\/li>\n<li> Unikalus Kokybi\u0161kos ir Dizainas: Pagaminti i\u0161 elastinga med\u017eiaga, i\u0161skirtin\u012f k\u016brinys, m\u016bs\u0173 k\u0117d\u0117 padengti apsaugos likti be rauk\u0161li\u0173 be lyginimo, tampus, rauk\u0161li\u0173 atsparus, ir suma\u017eina vaiskum\u0105. <\/li>\n<li> Multi-K\u0117d\u0117 Suderinamumas: ruo\u017eas spandex sulankstomos k\u0117d\u0117s, u\u017evalkalai yra vidutinio dyd\u017eio ir gali b\u016bti montuojamos ant daugumos k\u0117d\u0117s be poranki\u0173, \u012fskaitant valgomojo k\u0117d\u0117s, krovimas k\u0117d\u0117s ir banket\u0173 k\u0117d\u0117s. Tinka k\u0117d\u0117s matmenys (WxDxH): 17.3 x 20.1 x 36.4 cm\/440x510x925 mm (Maks.). <\/li>\n<li> Eleganti\u0161kas Dizainas: Auk\u0161tos kokyb\u0117s nuimamas plaunamas apsauginiai u\u017evalkalai yra pagaminti i\u0161 auk\u0161\u010diausios kokyb\u0117s audinio su paprasta, eleganti\u0161ka klostyti dizainas. Jie ne tik suvienodinti i\u0161vaizd\u0105 j\u016bs\u0173 k\u0117d\u0117s, bet taip pat paversti savo sen\u0173 k\u0117d\u017ei\u0173, \u012f gra\u017eus vestuvi\u0173 pri\u0117mimo s\u0117dimos vietos. Puikiai tinka vestuv\u0117ms, \u0161vent\u0117s, banketai, pob\u016bviai, ir kitas \u0161ventes. <\/li>\n<li> Lengva Naudoti ir Valyti: Tiesiog ruo\u017eas dangtel\u012f ant k\u0117d\u0117s ir saugi keturias kojas sukomplektuotas. Laiko taupymo ir ekonomi\u0161kai efektyvios prie\u017ei\u016bros, nr. lyginimo reikalaujama. Ruo\u017eas k\u0117dut\u0117s u\u017evalkalai gali b\u016bti ranka plauti, ma\u0161ina plauti arba sausai valyti su \u0161velniu plovikliu, atitinkan\u010di\u0173 j\u016bs\u0173 valymo poreikius efektyviau. <\/li>\n<\/ul>","protected":false},"featured_media":313939,"comment_status":"closed","ping_status":"open","template":"","meta":{"om_disable_all_campaigns":false,"_monsterinsights_skip_tracking":false,"_monsterinsights_sitenote_active":false,"_monsterinsights_sitenote_note":"","_monsterinsights_sitenote_category":0,"_uf_show_specific_survey":0,"_uf_disable_surveys":false},"location":[1935,1934],"product_brand":[21],"product_cat":[2530,2726,2807],"product_tag":[],"class_list":{"0":"post-46633","1":"product","2":"type-product","3":"status-publish","4":"has-post-thumbnail","6":"location-supplier_stock_location","7":"location-local_stock_location","8":"product_brand-vevor","9":"product_cat-furniture-2","10":"product_cat-kitchen-dining-room-furniture","11":"product_cat-patio-chair-covers","13":"first","14":"outofstock","15":"taxable","16":"shipping-taxable","17":"purchasable","18":"product-type-simple"},"aioseo_notices":[],"jetpack_sharing_enabled":true,"locations":[{"id":1935,"name":"Pieg\u0101d\u0101t\u0101ja noliktav\u0101 (5-7d.d.)","slug":"supplier_stock_location","quantity":"0"},{"id":1934,"name":"R\u012bgas veikal\u0101 (0-2d.d.)","slug":"local_stock_location","quantity":"0"}],"_links":{"self":[{"href":"https:\/\/vevorshop.lv\/lt\/wp-json\/wp\/v2\/product\/46633","targetHints":{"allow":["GET"]}}],"collection":[{"href":"https:\/\/vevorshop.lv\/lt\/wp-json\/wp\/v2\/product"}],"about":[{"href":"https:\/\/vevorshop.lv\/lt\/wp-json\/wp\/v2\/types\/product"}],"replies":[{"embeddable":true,"href":"https:\/\/vevorshop.lv\/lt\/wp-json\/wp\/v2\/comments?post=46633"}],"wp:featuredmedia":[{"embeddable":true,"href":"https:\/\/vevorshop.lv\/lt\/wp-json\/wp\/v2\/media\/313939"}],"wp:attachment":[{"href":"https:\/\/vevorshop.lv\/lt\/wp-json\/wp\/v2\/media?parent=46633"}],"wp:term":[{"taxonomy":"location","embeddable":true,"href":"https:\/\/vevorshop.lv\/lt\/wp-json\/wp\/v2\/location?post=46633"},{"taxonomy":"product_brand","embeddable":true,"href":"https:\/\/vevorshop.lv\/lt\/wp-json\/wp\/v2\/product_brand?post=46633"},{"taxonomy":"product_cat","embeddable":true,"href":"https:\/\/vevorshop.lv\/lt\/wp-json\/wp\/v2\/product_cat?post=46633"},{"taxonomy":"product_tag","embeddable":true,"href":"https:\/\/vevorshop.lv\/lt\/wp-json\/wp\/v2\/product_tag?post=46633"}],"curies":[{"name":"wp","href":"https:\/\/api.w.org\/{rel}","templated":true}]}}