{"id":48895,"date":"2024-11-19T15:41:06","date_gmt":"2024-11-19T15:41:06","guid":{"rendered":"http:\/\/vevorshop.edigo.lv\/Prece\/vevor-submersible-utility-pump-sump-pump-700w-4148-gph-33-ft-head-water-pump\/"},"modified":"2026-04-20T03:55:39","modified_gmt":"2026-04-20T00:55:39","slug":"vevor-submersible-utility-pump-sump-pump-700w-4148-gph-33-ft-head-water-pump","status":"publish","type":"product","link":"https:\/\/vevorshop.lv\/lt\/Prece\/vevor-panardinamas-komunalinis-siurblys-karterio-siurblys-700w-4148-gph-33-pedu-galvutes-vandens-siurblys\/","title":{"rendered":"VEVOR 700W Panardinamas vandens siurblys, 15 700 L\/h, 10 m k\u0117limas, IPX8, sodui, baseinui, tvenkiniui, drena\u017eui"},"content":{"rendered":"<div style=\"color: #fff!important; font-size: 16px; height: 24px; line-height: 24px; margin-top: -24px; \" class=\"product_original_name\">VEVOR panardinamas komunalinis siurblio siurblio siurblys 700W 4148 GPH\/15 700 LPH 33 p\u0117d\u0173\/10 m galvut\u0117s vandens siurblys<\/div>\n<div style=\"color: #fff!important; font-size: 16px; height: 24px; line-height: 24px; margin-top: -24px; \" class=\"product_sku\">M4I4LQ9Q<\/div>\n<div style=\"color: #fff!important; font-size: 16px; height: 24px; line-height: 24px; margin-top: -24px; \" class=\"product_mpn\">QSSZBSL10HP08XUGUV2<\/div><div id=\"js-DM_at-goodDescRich\"><html><head><style>  body {    font-family: Arial;    line-height: 1.5;    color: #1c1c1c;    overflow-x: hidden;    margin: 0;    padding: 0;  }  .MsoNormal b {    font-weight: bolder;  }<\/style><style>  .container.small {    width: 970px;    margin: 0 auto;  }  .logo {    margin: 0 auto 0;  }  .logo img {    display: block;    margin: 0 auto;    max-width: 100%;  }  .logo .pc-banner {    display: block;    width: 1200px;    height: 247.4px;    margin: 0 auto;  }  .logo .pc-banner.small {    width: 970px;  }  .logo .pc-banner.small img {    height: auto!important;  }  .logo .m-banner {    display: none;  }  .ytvideo {    position: relative;    height: 546px;    width: 100%;    margin: 0 auto;  }  .ytvideo img {    width: 100%;    margin: 0 auto;  }  .ytvideo .play-btn {    width: 60px;    height: 42px;    position: absolute;    top: 50%;    left: 50%;    transform: translate(-50%, -50%);    background: url(\"data:image\/png;base64,iVBORw0KGgoAAAANSUhEUgAAAGQAAABGCAMAAAANWMFbAAAC+lBMVEUAAADBGB3kLCfBGB3kLCfcJC7BFx3KKSbiKybkLCbWJCPSIiLSIiLPICHAFx3kLCfgKSXNHiDZJiTIGx\/p4eHcjo7LHSDbJyTkLCbjKyfOHyHPIiL28fHJHB\/GGh7EGR7eKCXDGB3RISHlLSbBGB3AFxzGHB7DGB7BGB3hKybkKybAFx3lLCfAFxzDGR3hKibDGB7cJyTmz8\/elJTlwcHjurrUIyLlLSflLSfAFx3DGR7lLSfCFx3hKibhKibhKybjKybkLCblLSfbJSX49vbx7e3NNzjNMTLMJyjVIyLZf3\/ZQ0LaeHjx0tLgoqLkLCfCGB3HGx\/BGB3BFx3PICHCGB7WJCLOHyC\/Fxy\/Fx3lLCfQISHkLSe\/FxzbJiTBFx3FGx\/AGB7BFx3EGR7AGB3HHSDfKiXAFh3TISHYNzbhKibbJyTTIiL57e325+f039\/v2NjUV1fOHiHiqanfmprch4feKSXVIyPOICHmLibFGh\/mLSe\/Fx7XJCPeKSXXJSPNHyHaJyTGGh7lLCbmLCflLSjSIiLkLCbdKSXLHiC\/GB3KHh++Fh3lKyfoLiXcKCPkx8fYb2\/XaGfVXl3aU1LLHiDksbHgKibPICHbJyTfKSXbJyTCGB3KHSDiKybFGh7TIiL\/\/\/\/VIyPRISHIHB\/GGx\/HHB\/DGR7gKibdKCXLHiDZJiTMHiDNHyHYJSTOICHPICHWJCPcKCXXJSPjLCblLCf+\/f3NGR\/uLijzLynPGR\/IGB7WISHaIyLLGh7UAADxLynNAADRLzDbICLQAADIAAD3MCrUHSHXMTDpKSbLAADp5OTij4\/ejo\/VLy\/1LyngJSTcJCPQHx\/OHB7+\/PzaMS\/OLS\/vLijrLSjSAADaNTPwLyjkKSbNJCbYISHPHB\/KGB7WAAD7+vrn3d3aKynTKCjoLCfsKifRGh\/YAADq5+fhjo7QNDXXKCfmJyXt5+fTLzDLLi\/QKivYHRvMGBrQJCXLISPMExXLDxLaEAvkkI\/bOTfaFQ\/SCgpvLcnHAAAAmnRSTlMA+vv7+gT9Bvf9+8z8\/NSv\/Pr5+P7++vnQIBMP\/v38\/Pn348XDiCYf9OjbzcqxXVcx\/fz8+\/rj1r2poo1+fXFqX0orGP7+\/v7+\/fz8+\/r68uzn4trIxsG\/vri3p6GcmZSNbWVYUUZEPQv+\/f39+\/v7+\/v7+vr64tvV1NTTz87FtbSurqeblJKFg4B3bUY+NjL7+\/v7+\/v67t1cDo8JLQAABkRJREFUWMO0kz9rwkAYh0OIeJkum6YugUAhISCdKoj\/P4C7SMdS+gEKIhSKil10LSg4mzXkILdlEpxCpwTiWOLX6BujvQaEQuGeHLnL+\/64J+SIcKGYTYWnntpdLjrVdqvZmNdn0+EE40GtpuuWVS6Xx6N7YDSGpWXpeq02wHgynM7q80az1a52HpddtVcpsi1zFARBrdaxbhp9iUReTGmwA4KAAr7vx3EYejnCMI6hQYEgy0LQi4jUN0wL19vqFcUC9\/1dAKmEEFkWRYkh5oBejnxQJiSJPJ\/uKBp0Thszx9Mw8hMRIQjKsptCfuES9zr5WJY6vSFCIvE9fCMUmEM1A1kSXcYGxgVYsvI1IPKTZciSTI0us\/SMGG04gDzELDoFBwdcFJrF88dqgYMTiL6DILWYyfOWE8\/kIz38olCNlC03FK95+imxp6y4oUSvAnBjHHhKNtotSDqJzVFiK8c2SBqhZtsrTtgrLXwAyduxZHNE26eHUt5rtuM4WSmds3G+sUdWYo1L+XyxButoh5eKUHk5lByO3G1LqqCWVnfrv\/lyPtf\/4ps1cndNGIri8J1TJ0lx6dR\/oPjq1nbRwdp2dCk4CtIOLW3pVKRL6WZfS5vF2KkIQhpwSsjiYIgNCs1gEMGqiIq24NQX9NwoXFy8Ufrl3twTcg4fv8T9\/JBEySduj6Mjm4bMzYV7EEOxKjjoNDud7yY3Dy71Hq2oLmqfbNR723edH9PgMrNL2utoQ3VmaIDkiw\/4w51P06hlZsTZvkRrbVuSIs\/zwSOsycgzStQouoAkWQqioRT5XI7n2Z1wfVhoZmcAJLsoqjqpjbWCgpOAJXBwHK8PzWbNvoUZJND5wCnSkLAkZ1legx6vqQzjoiTahKlGUGLAiIIoABOHaNVw4sexZBym6\/HWlH5h3IC7yRbxtipcWxdTOkORKiNQAEkFf66x5S2oeRbroOlLgg0sSYkR0hRGEqJZ0jTPiQKatESdBckpWigxaapEH0lImHdWu9pUFF2XqMNM2Z4kped7IwEJw2qabwtrQqnpw6HyKkgcadKWsmpywwesDyIhYRpdzXddqegtGIJlXbAIUMOLkGxJUjRIkokwjUaX9d\/kK62ps\/tYUqZLIMkLTyBhsMZ3C5Z\/kDxOSCb\/DOs\/\/J0qcWSX\/2ipe56EgTCA4\/cB7NAYOsni4mZM1MUPAISoEwkDi4lhVBQ1cWQyIcwalw4EpqZN68JUSK7XC0kTlkLYii5uXSC8jT5ncCAS7mjCv0uHp\/3lueHEEAeQ\/\/VgmdN71\/2uCSA1Xr6DO6uI6sW56zqT2tp2PhgiRUAajV8CY2fkcz6WGNKMgLAt7tJAhD4YHMTeRxlALE6+43WqjSWi8ITxyJl8WrwWSNESQZZOqhDDntO3hJLsd5RtSpbJqdv3YrDJH3F7jL1R2O2aQkn2MyCyKYz0GPGIvSAMgBCrCEiJyKbBaYGwLW4uPRr0A0M4Ux5kUI7IBh+hMdiCEWNqhMZGyYMsOgNE58UQuEQeUnSWCMYwL54hkxK6IoqucQZbQ3pc3XtL0lky1dL0zZJJDpWJovFqpWj6JEHnyam2eQp5QRVAVHjWparTOaVwUOx99YS2MvgxIGV0bb+qIg2HX2qkFFJB+XZcbLiuRkuxD9GRroKyveLxdh4d7Orx+hb7qc3uVRuEogCOnyIxm4ubUoPgF4jianDrC+SDQDKEfJb0GUKmjCGPYHGJvVC6X4hw1\/sAfQAdfYyephIaspXe36RwOP+Ljvfx9B6B3i+Nk0DGq+oCbLn6JpBa9nWAveAIHwFAwtVcIJXPMPL8kRu5OAYPMaL1WScTxjiZDqB9LTJSWphow\/pTYKRTLjCBhvi9iBidvKcDasGSm0QQkycYuLBqj6QCELPctqChDWpTRMWkngNNpQ1Pfp1KkiT\/Y0DGffXAweUNfLAfaJFKDwhb6I+bkYRbkERoEeu3Fyjg2opMz2daZCS9jt6Q7txNfB+OZEVF6Zl5web2xunnLQrtrjXseXKaFYziYINeMFZVxS9VxRhOoesYwxPKXm+gWLG9cuFeq93UNNeJNsf1KlwuDok9n02n3TgIJpOxNfL9naIoQwXtfH9kjceTIIi709ncTg6LZbg+biLH1V6u\/7rxBem06VXKn9raAAAAAElFTkSuQmCC\")      no-repeat center center \/ contain;  }  @media screen and (max-width: 960px) and (orientation: portrait) {    .logo {      width: 100%;    }    .logo .pc-banner {      display: none;    }    .logo .m-banner {      display: block;      width: 100%;    }    .logo .m-banner img {      height: auto!important;    }    .ytvideo {      height: 200px;      width: 100%;    }  }<\/style><style>  .video-section {    width: 100%;    margin: 0 auto;  }  .video-section > img {    width: 100%;  }  .video-section iframe,  .video-section video {    width: 100%;    height: 100%;      }  .video-section-img-m,  .video-section-img-pc > img {    width: 100%;    height: auto;  }  .video-section-img-pc.small > img {    width: 970px;  }  .video-desc {    line-height: 1.5;    font-size: 20px;    font-weight: 400;    margin: 20px 0;    text-align: center;    color: #0f1111;    word-break: break-word;  }  @media screen and (max-width: 960px) and (orientation: portrait) {    .video-section {      width: 100%;    }    .video-section-pc,    .video-section-img-pc {      display: none;    }    .video-section-m,    .video-section-img-m {      display: block;    }    .video-desc {      font-size: 15px;    }  }  @media screen and (min-width: 960px) {    .video-section {      width: 100%;      margin: 0 auto;    }    .video-section-pc,    .video-section-img-pc {      display: block;    }    .video-section-m,    .video-section-img-m {      display: none;    }    .video-desc {      font-size: 20px;    }  }<\/style><style>  .section + .section {    margin-top: 35px;  }  .section-title {    text-align: center;    font-weight: bold;    color: #0d1111;    font-family: \"Arial\";    font-size: 32px;    margin: 15px 0;  }  .section-title:empty {    display: none;  }  .section-desc {    text-align: center;    font-weight: normal;    color: #0d1111;    margin-top: 20px;  }  .section-desc:empty {    display: none;  }  .section-img {    width: 1200px;    height: 492px;    margin: 0 auto;    display: block;  }  .section-img.small {    width: 970px;    height: auto;  }  .section-img.small > img {    height: auto;  }  .section-img > img {    width: 100%;    height: 100%;  }  .section-mobile-img {    display: none;    max-width: 100vw;    max-height: 75vw;    height: 450px;    margin: 0 auto;  }  .section-mobile-img > img {    width: 100%;    height: 100%;  }  @media screen and (max-width: 960px) and (orientation: portrait) {    .container {      width: 100%;    }    .container.small {      width: 100%;    }    .section-mobile-img {      display: block;    }    .section-img {      display: none;    }    .section-title {      font-size: 22px;      margin: 10px 0;    }    .section-desc {      margin-top: 10px;    }    .section + .section {      margin-top: 20px;    }  }<\/style><\/head><body><div class=\"container\"><div class=\"logo\"><div class=\"pc-banner\"><div><img decoding=\"async\" src=\"\/vevor\/vevor\/boutique-banner\/pc\/en-pc@1x.jpg\" style=\"width: 100%;\" \/><\/div><\/div><div class=\"m-banner\"><div><img decoding=\"async\" src=\"\/vevor\/vevor\/boutique-banner\/mobile\/en-m@1x.jpg\" style=\"width: 100%;\" \/><\/div><\/div><\/div><div class=\"section-title\">VEVOR Povandeninis Naudingumas Siurblys \u2013 Saugo Savo Kieme Sausas<\/div><div class=\"video-section\"><div class=\"video-section-img-pc\"><img decoding=\"async\" src=\"\/vevor\/product\/QSSZBSL10HP08XUGU\/utility-pump-a100-1.4.jpg\" alt=\"VEVOR komunalinis siurblys baseine, demonstruojantis apsaug\u0105 nuo perkrovos, 4000 gph sraut\u0105 ir max 31 p\u0117d\u0173 galvut\u0119.\" \/><\/div><div class=\"video-section-img-m\"><img decoding=\"async\" src=\"\/vevor\/product\/QSSZBSL10HP08XUGU\/utility-pump-a100-1.4-m.jpg\" alt=\"VEVOR komunalinis siurblys baseine, demonstruojantis apsaug\u0105 nuo perkrovos, 4000 gph sraut\u0105 ir max 31 p\u0117d\u0173 galvut\u0119.\" \/><\/div><div class=\"section-desc\">Pavarg\u0119 kieme potvynis? M\u016bs\u0173 naudingumas siurblys yra \u010dia i\u0161saugoti dien\u0105! Su savo galingu varikliu ir &#034; smart apsauga nuo perkrovos, jis greitai i\u0161b\u0117ga vanduo, tod\u0117l ji turi tur\u0117ti savo kieme.<\/div><\/div><div class=\"section\"><div class=\"section-title\"><\/div><div class=\"section-img\"><img decoding=\"async\" src=\"\/vevor\/product\/QSSZBSL10HP08XUGU\/utility-pump-a100-2.2.jpg\" alt=\"VEVOR komunalinis siurblys baseine, demonstruojantis auk\u0161t\u0105 kokyb\u0119, ilgaam\u017ei\u0161kum\u0105 ir ipx8 vandeniui atspar\u0173 \u012fvertinim\u0105.\" \/><\/div><div class=\"section-mobile-img\"><img decoding=\"async\" src=\"\/vevor\/product\/QSSZBSL10HP08XUGU\/utility-pump-a100-2.2-m.jpg\" alt=\"VEVOR komunalinis siurblys baseine, demonstruojantis auk\u0161t\u0105 kokyb\u0119, ilgaam\u017ei\u0161kum\u0105 ir ipx8 vandeniui atspar\u0173 \u012fvertinim\u0105.\" \/><\/div><div class=\"section-desc\">Pagaminta i\u0161 kiet\u0173 med\u017eiag\u0173, toki\u0173 kaip nailonas ir stiklo pluo\u0161tas, m\u016bs\u0173 panardinamas vandens siurblys yra pagamintas taip, kad tarnaut\u0173. Jis yra tvirtas ir patvarus, tod\u0117l galite juo pasikliauti, kad j\u016bs\u0173 kiemas b\u016bt\u0173 sausas ir \u0161varus.<\/div><\/div><div class=\"section\"><div class=\"section-title\"><\/div><div class=\"section-img\"><img decoding=\"async\" src=\"\/vevor\/product\/QSSZBSL10HP08XUGU\/utility-pump-a100-2.3.jpg\" alt=\"VEVOR komunalinis siurblys, rodantis kelis vamzd\u017ei\u0173 adapterius \u012fvairioms s\u0105sajoms prie baseino.\" \/><\/div><div class=\"section-mobile-img\"><img decoding=\"async\" src=\"\/vevor\/product\/QSSZBSL10HP08XUGU\/utility-pump-a100-2.3-m.jpg\" alt=\"VEVOR komunalinis siurblys, rodantis kelis vamzd\u017ei\u0173 adapterius \u012fvairioms s\u0105sajoms prie baseino.\" \/><\/div><div class=\"section-desc\">Nereikia pabr\u0117\u017eti apie detal\u0117s! M\u016bs\u0173 povandeninis naudingumas siurblio ateina su visais priedais, kurios jums reikia be jokio vargo drena\u017eo bet kurioje situacijoje.<\/div><\/div><div class=\"section\"><div class=\"section-title\"><\/div><div class=\"section-img\"><img decoding=\"async\" src=\"\/vevor\/product\/QSSZBSL10HP08XUGU\/utility-pump-a100-2.4.jpg\" alt=\"VEVOR komunalinis siurblys su ne\u0161iojama rankena ir nuimamu dugno filtru efektyviam sm\u0117lio ir \u017evyro filtravimui.\" \/><\/div><div class=\"section-mobile-img\"><img decoding=\"async\" src=\"\/vevor\/product\/QSSZBSL10HP08XUGU\/utility-pump-a100-2.4-m.jpg\" alt=\"VEVOR komunalinis siurblys su ne\u0161iojama rankena ir nuimamu dugno filtru efektyviam sm\u0117lio ir \u017evyro filtravimui.\" \/><\/div><div class=\"section-desc\">Operacij\u0105 padar\u0117me v\u0117jeliu! Su 10 p\u0117d\u0173 ilgio maitinimo laidu, patogia ne\u0161iojimo rankena ir lengvai valomu filtru, naudojant ir pri\u017ei\u016brint karterio siurbl\u012f, yra pyrago gabalas.<\/div><\/div><div class=\"section\"><div class=\"section-title\"><\/div><div class=\"section-img\"><img decoding=\"async\" src=\"\/vevor\/product\/QSSZBSL10HP08XUGU\/utility-pump-a100-2.5.jpg\" alt=\"VEVOR komunalinis siurblys, naudojamas baseine, sodo tvenkinyje, u\u017etvindytoje vietoje ir \u017eemoje vietoje. platus pritaikymas.\" \/><\/div><div class=\"section-mobile-img\"><img decoding=\"async\" src=\"\/vevor\/product\/QSSZBSL10HP08XUGU\/utility-pump-a100-2.5-m.jpg\" alt=\"VEVOR komunalinis siurblys, naudojamas baseine, sodo tvenkinyje, u\u017etvindytoje vietoje ir \u017eemoje vietoje. platus pritaikymas.\" \/><\/div><div class=\"section-desc\">Nesvarbu, ar tai tvenkinys, sodas ar baseinas, m\u016bs\u0173 panardinamas siurblys yra tinkamas u\u017eduo\u010diai Atsisveikinkite su vandens problemomis ir pasisveikinkite su \u0161vie\u017eiu, \u0161variu kiemu!<\/div><\/div><div class=\"section\"><div class=\"section-img\"><img decoding=\"async\" src=\"\/vevor\/product\/QSSZBSL10HP08XUGU\/utility-pump-a100-1.11.jpg\" alt=\"VEVOR komunalinis siurblys zxq1100-b su 1 AG galia, 4000 gph srauto grei\u010diu, ipx8 atsparus vandeniui ir 31 p\u0117dos maksimalia galvute.\" \/><\/div><div class=\"section-mobile-img\"><img decoding=\"async\" src=\"\/vevor\/product\/QSSZBSL10HP08XUGU\/utility-pump-a100-1.11-m.jpg\" alt=\"VEVOR komunalinis siurblys zxq1100-b su 1 AG galia, 4000 gph srauto grei\u010diu, ipx8 atsparus vandeniui ir 31 p\u0117dos maksimalia galvute.\" \/><\/div><\/div><\/div><\/body><\/html><\/div>\n<div class=\"DM_at-title\" id=\"js-DM_at-title\"> <div>Produkto specifikacija<\/div> <i class=\"icon-arrowup_line\"><\/i> <\/div><div class=\"DM_at-goodsDescAttr\" id=\"js-DM_at-goodsDescAttr\"> <div class=\"DM_at-goodsDescAttrInner\"> <dl class=\"goodsDesc_item goodsDesc_item_even\"> <dt>Prek\u0117s Modelio Numeris<\/dt> <dd> ZXQ1000-B<\/dd> <\/dl> <dl class=\"goodsDesc_item\"> <dt>Maksimali Galia<\/dt> <dd> 700W<\/dd> <\/dl> <dl class=\"goodsDesc_item goodsDesc_item_even\"> <dt>Maks. Srautas<\/dt> <dd> 4148 GPH (15700 L\/H)<\/dd> <\/dl> <dl class=\"goodsDesc_item\"> <dt>Max Galvos<\/dt> <dd> 33 p\u0117d\u0173\/10,1 m<\/dd> <\/dl> <dl class=\"goodsDesc_item goodsDesc_item_even\"> <dt>Atsparus Vandeniui Reitingas<\/dt> <dd> IPX8<\/dd> <\/dl> <dl class=\"goodsDesc_item\"> <dt>I\u0161leidimo Dydis<\/dt> <dd> G1-1\/2&#034;<\/dd> <\/dl> <dl class=\"goodsDesc_item goodsDesc_item_even\"> <dt>Produkto Svoris<\/dt> <dd> 12,90 svaro\/5,85 kg<\/dd> <\/dl> <dl class=\"goodsDesc_item\"> <dt>Gaminio Dydis<\/dt> <dd> 6,42 x 6,1 x 12,52 colio\/163 x 155 x 318 mm<\/dd> <\/dl> <\/div> <\/div>","protected":false},"excerpt":{"rendered":"<ul>\n<li> Efektyvus drena\u017eas: su galingu varin\u0117s vielos varikliu ir \u012fmontuota apsauga nuo perkrovos, m\u016bs\u0173 komunalinis siurblys yra saugus ir efektyvus. jis siurbia iki 4148 GPH (15700 L\/H) ir gali pakelti vanden\u012f iki 33 p\u0117d\u0173, greitai spr\u0119sdamas bet kokias kiemo vandens problemas. <\/li>\n<li> Auk\u0161tos Kokyb\u0117s Med\u017eiaga: atsisveikinti su nerimtas siurbliai. Tai panardinami vandens siurblys yra pagamintas i\u0161 auk\u0161\u010diausios klas\u0117s med\u017eiag\u0173, kuri\u0173 didelis mechaninis atsparumas ir atsparumas dilimui, u\u017etikrinant ilgaam\u017ei\u0161kum\u0105 ir stabilum\u0105. Plius, tai IPX8 atsparus vandeniui, tod\u0117l ji gali dirbti, ilgalaiki\u0173 ar modifikuotos naudoti po vandeniu be kli\u016b\u010di\u0173. <\/li>\n<li> Puikus suderinamumas: M\u016bs\u0173 panardinamas komunalinis siurblys yra su G1-1\/2 \u2033 alk\u016bn\u0117s i\u0161oriniu sriegiu, G1-1\/2 \u2033 tiesiu vidiniu sriegiu, G1 \u2033, 25 mm ir 32 mm sriegiu vamzd\u017eio adapteriu, tod\u0117l j\u012f galima naudoti v\u0117jeliu bet kokioje situacijoje. prakti\u0161kas adapterio dizainas leid\u017eia lengvai spr\u0119sti \u012fvairias vandens valymo problemas j\u016bs\u0173 kieme, padidindamas universalum\u0105 ir patogum\u0105. <\/li>\n<li> Patogus Dizainas: Mes jau maniau viskas, kad j\u016bs\u0173 gyvenimas b\u016bt\u0173 lengvesnis. Su 10 p\u0117d\u0173 ilgio maitinimo laidas, apa\u010dioje, nuimamas filtras, ir patogi ne\u0161imo rankena, veiklos ir palaikyti m\u016bs\u0173 karterio siurblys yra v\u0117jas. Pumpuoja vanden\u012f, dar niekada nebuvo taip patogu! <\/li>\n<li> Universalus Rezultatus: I\u0161 tvenkini\u0173, prie basein\u0173, m\u016bs\u0173 povandeninis siurblys yra jums taikoma. Tai puikus sodas, vandens kanalai, ma\u017eos d\u0117m\u0117s \u2013 you name it. Nepriklausomai nuo j\u016bs\u0173 vandens poreikius, m\u016bs\u0173 siurblio pristato sprendimas. <\/li>\n<\/ul>","protected":false},"featured_media":317372,"comment_status":"closed","ping_status":"open","template":"","meta":{"om_disable_all_campaigns":false,"_uf_show_specific_survey":0,"_uf_disable_surveys":false},"location":[1935,1934],"product_brand":[21],"product_cat":[71,4223,2941,1158],"product_tag":[],"class_list":{"0":"post-48895","1":"product","2":"type-product","3":"status-publish","4":"has-post-thumbnail","6":"location-supplier_stock_location","7":"location-local_stock_location","8":"product_brand-vevor","9":"product_cat-plumbing","10":"product_cat-submersible-utility-pumps-utility-pumps","11":"product_cat-utility-pumps","12":"product_cat-water-pumps-plumbing","14":"first","15":"instock","16":"taxable","17":"shipping-taxable","18":"purchasable","19":"product-type-simple"},"aioseo_notices":[],"locations":[{"id":1935,"name":"Pieg\u0101d\u0101t\u0101ja noliktav\u0101 (5-7d.d.)","slug":"supplier_stock_location","quantity":"131"},{"id":1934,"name":"R\u012bgas veikal\u0101 (0-2d.d.)","slug":"local_stock_location","quantity":"0"}],"_links":{"self":[{"href":"https:\/\/vevorshop.lv\/lt\/wp-json\/wp\/v2\/product\/48895","targetHints":{"allow":["GET"]}}],"collection":[{"href":"https:\/\/vevorshop.lv\/lt\/wp-json\/wp\/v2\/product"}],"about":[{"href":"https:\/\/vevorshop.lv\/lt\/wp-json\/wp\/v2\/types\/product"}],"replies":[{"embeddable":true,"href":"https:\/\/vevorshop.lv\/lt\/wp-json\/wp\/v2\/comments?post=48895"}],"wp:featuredmedia":[{"embeddable":true,"href":"https:\/\/vevorshop.lv\/lt\/wp-json\/wp\/v2\/media\/317372"}],"wp:attachment":[{"href":"https:\/\/vevorshop.lv\/lt\/wp-json\/wp\/v2\/media?parent=48895"}],"wp:term":[{"taxonomy":"location","embeddable":true,"href":"https:\/\/vevorshop.lv\/lt\/wp-json\/wp\/v2\/location?post=48895"},{"taxonomy":"product_brand","embeddable":true,"href":"https:\/\/vevorshop.lv\/lt\/wp-json\/wp\/v2\/product_brand?post=48895"},{"taxonomy":"product_cat","embeddable":true,"href":"https:\/\/vevorshop.lv\/lt\/wp-json\/wp\/v2\/product_cat?post=48895"},{"taxonomy":"product_tag","embeddable":true,"href":"https:\/\/vevorshop.lv\/lt\/wp-json\/wp\/v2\/product_tag?post=48895"}],"curies":[{"name":"wp","href":"https:\/\/api.w.org\/{rel}","templated":true}]}}