{"id":49140,"date":"2024-11-19T15:56:27","date_gmt":"2024-11-19T15:56:27","guid":{"rendered":"http:\/\/vevorshop.edigo.lv\/Prece\/vevor-7-electric-concrete-saw-wet-dry-saw-cutter-with-water-pump-and-blade\/"},"modified":"2026-04-06T18:18:53","modified_gmt":"2026-04-06T15:18:53","slug":"vevor-7-electric-concrete-saw-wet-dry-saw-cutter-with-water-pump-and-blade","status":"publish","type":"product","link":"https:\/\/vevorshop.lv\/lt\/Prece\/vevor-7-electric-concrete-saw-wet-dry-saw-cutter-with-water-pump-and-blade\/","title":{"rendered":"VEVOR 180mm Elektrinis Betono Pj\u016bklas, 2000W \u0160lapio\/Sauso Pjovimo Su 63mm Gyliu, A\u0161menys, Siurblys Ir Vandens Linija"},"content":{"rendered":"<div style=\"color: #fff!important; font-size: 16px; height: 24px; line-height: 24px; margin-top: -24px; \" class=\"product_original_name\">VEVOR Electric Concrete Saw, 7 in Circular Saw Cutter, 2000 W High Power with Max. 2.5 in Cutting Depth, Wet\/Dry Disk Saw Cutter Includes Water Line, Pump and Blade, for Stone, Brick<\/div>\n<div style=\"color: #fff!important; font-size: 16px; height: 24px; line-height: 24px; margin-top: -24px; \" class=\"product_sku\">M4I4LQLR<\/div>\n<div style=\"color: #fff!important; font-size: 16px; height: 24px; line-height: 24px; margin-top: -24px; \" class=\"product_mpn\">DDHNTJ1600W7G3JFXV2<\/div><div id=\"js-DM_at-goodDescRich\"><html><head><style>  body {    font-family: Arial;    line-height: 1.5;    color: #1c1c1c;    overflow-x: hidden;    margin: 0;    padding: 0;  }  .MsoNormal b {    font-weight: bolder;  }<\/style><style>  .container.small {    width: 970px;    margin: 0 auto;  }  .logo {    margin: 0 auto 0;  }  .logo img {    display: block;    margin: 0 auto;    max-width: 100%;  }  .logo .pc-banner {    display: block;    width: 1200px;    height: 247.4px;    margin: 0 auto;  }  .logo .pc-banner.small {    width: 970px;  }  .logo .pc-banner.small img {    height: auto!important;  }  .logo .m-banner {    display: none;  }  .ytvideo {    position: relative;    height: 546px;    width: 100%;    margin: 0 auto;  }  .ytvideo img {    width: 100%;    margin: 0 auto;  }  .ytvideo .play-btn {    width: 60px;    height: 42px;    position: absolute;    top: 50%;    left: 50%;    transform: translate(-50%, -50%);    background: url(\"data:image\/png;base64,iVBORw0KGgoAAAANSUhEUgAAAGQAAABGCAMAAAANWMFbAAAC+lBMVEUAAADBGB3kLCfBGB3kLCfcJC7BFx3KKSbiKybkLCbWJCPSIiLSIiLPICHAFx3kLCfgKSXNHiDZJiTIGx\/p4eHcjo7LHSDbJyTkLCbjKyfOHyHPIiL28fHJHB\/GGh7EGR7eKCXDGB3RISHlLSbBGB3AFxzGHB7DGB7BGB3hKybkKybAFx3lLCfAFxzDGR3hKibDGB7cJyTmz8\/elJTlwcHjurrUIyLlLSflLSfAFx3DGR7lLSfCFx3hKibhKibhKybjKybkLCblLSfbJSX49vbx7e3NNzjNMTLMJyjVIyLZf3\/ZQ0LaeHjx0tLgoqLkLCfCGB3HGx\/BGB3BFx3PICHCGB7WJCLOHyC\/Fxy\/Fx3lLCfQISHkLSe\/FxzbJiTBFx3FGx\/AGB7BFx3EGR7AGB3HHSDfKiXAFh3TISHYNzbhKibbJyTTIiL57e325+f039\/v2NjUV1fOHiHiqanfmprch4feKSXVIyPOICHmLibFGh\/mLSe\/Fx7XJCPeKSXXJSPNHyHaJyTGGh7lLCbmLCflLSjSIiLkLCbdKSXLHiC\/GB3KHh++Fh3lKyfoLiXcKCPkx8fYb2\/XaGfVXl3aU1LLHiDksbHgKibPICHbJyTfKSXbJyTCGB3KHSDiKybFGh7TIiL\/\/\/\/VIyPRISHIHB\/GGx\/HHB\/DGR7gKibdKCXLHiDZJiTMHiDNHyHYJSTOICHPICHWJCPcKCXXJSPjLCblLCf+\/f3NGR\/uLijzLynPGR\/IGB7WISHaIyLLGh7UAADxLynNAADRLzDbICLQAADIAAD3MCrUHSHXMTDpKSbLAADp5OTij4\/ejo\/VLy\/1LyngJSTcJCPQHx\/OHB7+\/PzaMS\/OLS\/vLijrLSjSAADaNTPwLyjkKSbNJCbYISHPHB\/KGB7WAAD7+vrn3d3aKynTKCjoLCfsKifRGh\/YAADq5+fhjo7QNDXXKCfmJyXt5+fTLzDLLi\/QKivYHRvMGBrQJCXLISPMExXLDxLaEAvkkI\/bOTfaFQ\/SCgpvLcnHAAAAmnRSTlMA+vv7+gT9Bvf9+8z8\/NSv\/Pr5+P7++vnQIBMP\/v38\/Pn348XDiCYf9OjbzcqxXVcx\/fz8+\/rj1r2poo1+fXFqX0orGP7+\/v7+\/fz8+\/r68uzn4trIxsG\/vri3p6GcmZSNbWVYUUZEPQv+\/f39+\/v7+\/v7+vr64tvV1NTTz87FtbSurqeblJKFg4B3bUY+NjL7+\/v7+\/v67t1cDo8JLQAABkRJREFUWMO0kz9rwkAYh0OIeJkum6YugUAhISCdKoj\/P4C7SMdS+gEKIhSKil10LSg4mzXkILdlEpxCpwTiWOLX6BujvQaEQuGeHLnL+\/64J+SIcKGYTYWnntpdLjrVdqvZmNdn0+EE40GtpuuWVS6Xx6N7YDSGpWXpeq02wHgynM7q80az1a52HpddtVcpsi1zFARBrdaxbhp9iUReTGmwA4KAAr7vx3EYejnCMI6hQYEgy0LQi4jUN0wL19vqFcUC9\/1dAKmEEFkWRYkh5oBejnxQJiSJPJ\/uKBp0Thszx9Mw8hMRIQjKsptCfuES9zr5WJY6vSFCIvE9fCMUmEM1A1kSXcYGxgVYsvI1IPKTZciSTI0us\/SMGG04gDzELDoFBwdcFJrF88dqgYMTiL6DILWYyfOWE8\/kIz38olCNlC03FK95+imxp6y4oUSvAnBjHHhKNtotSDqJzVFiK8c2SBqhZtsrTtgrLXwAyduxZHNE26eHUt5rtuM4WSmds3G+sUdWYo1L+XyxButoh5eKUHk5lByO3G1LqqCWVnfrv\/lyPtf\/4ps1cndNGIri8J1TJ0lx6dR\/oPjq1nbRwdp2dCk4CtIOLW3pVKRL6WZfS5vF2KkIQhpwSsjiYIgNCs1gEMGqiIq24NQX9NwoXFy8Ufrl3twTcg4fv8T9\/JBEySduj6Mjm4bMzYV7EEOxKjjoNDud7yY3Dy71Hq2oLmqfbNR723edH9PgMrNL2utoQ3VmaIDkiw\/4w51P06hlZsTZvkRrbVuSIs\/zwSOsycgzStQouoAkWQqioRT5XI7n2Z1wfVhoZmcAJLsoqjqpjbWCgpOAJXBwHK8PzWbNvoUZJND5wCnSkLAkZ1legx6vqQzjoiTahKlGUGLAiIIoABOHaNVw4sexZBym6\/HWlH5h3IC7yRbxtipcWxdTOkORKiNQAEkFf66x5S2oeRbroOlLgg0sSYkR0hRGEqJZ0jTPiQKatESdBckpWigxaapEH0lImHdWu9pUFF2XqMNM2Z4kped7IwEJw2qabwtrQqnpw6HyKkgcadKWsmpywwesDyIhYRpdzXddqegtGIJlXbAIUMOLkGxJUjRIkokwjUaX9d\/kK62ps\/tYUqZLIMkLTyBhsMZ3C5Z\/kDxOSCb\/DOs\/\/J0qcWSX\/2ipe56EgTCA4\/cB7NAYOsni4mZM1MUPAISoEwkDi4lhVBQ1cWQyIcwalw4EpqZN68JUSK7XC0kTlkLYii5uXSC8jT5ncCAS7mjCv0uHp\/3lueHEEAeQ\/\/VgmdN71\/2uCSA1Xr6DO6uI6sW56zqT2tp2PhgiRUAajV8CY2fkcz6WGNKMgLAt7tJAhD4YHMTeRxlALE6+43WqjSWi8ITxyJl8WrwWSNESQZZOqhDDntO3hJLsd5RtSpbJqdv3YrDJH3F7jL1R2O2aQkn2MyCyKYz0GPGIvSAMgBCrCEiJyKbBaYGwLW4uPRr0A0M4Ux5kUI7IBh+hMdiCEWNqhMZGyYMsOgNE58UQuEQeUnSWCMYwL54hkxK6IoqucQZbQ3pc3XtL0lky1dL0zZJJDpWJovFqpWj6JEHnyam2eQp5QRVAVHjWparTOaVwUOx99YS2MvgxIGV0bb+qIg2HX2qkFFJB+XZcbLiuRkuxD9GRroKyveLxdh4d7Orx+hb7qc3uVRuEogCOnyIxm4ubUoPgF4jianDrC+SDQDKEfJb0GUKmjCGPYHGJvVC6X4hw1\/sAfQAdfYyephIaspXe36RwOP+Ljvfx9B6B3i+Nk0DGq+oCbLn6JpBa9nWAveAIHwFAwtVcIJXPMPL8kRu5OAYPMaL1WScTxjiZDqB9LTJSWphow\/pTYKRTLjCBhvi9iBidvKcDasGSm0QQkycYuLBqj6QCELPctqChDWpTRMWkngNNpQ1Pfp1KkiT\/Y0DGffXAweUNfLAfaJFKDwhb6I+bkYRbkERoEeu3Fyjg2opMz2daZCS9jt6Q7txNfB+OZEVF6Zl5web2xunnLQrtrjXseXKaFYziYINeMFZVxS9VxRhOoesYwxPKXm+gWLG9cuFeq93UNNeJNsf1KlwuDok9n02n3TgIJpOxNfL9naIoQwXtfH9kjceTIIi709ncTg6LZbg+biLH1V6u\/7rxBem06VXKn9raAAAAAElFTkSuQmCC\")      no-repeat center center \/ contain;  }  @media screen and (max-width: 960px) and (orientation: portrait) {    .logo {      width: 100%;    }    .logo .pc-banner {      display: none;    }    .logo .m-banner {      display: block;      width: 100%;    }    .logo .m-banner img {      height: auto!important;    }    .ytvideo {      height: 200px;      width: 100%;    }  }<\/style><style>  .video-section {    width: 100%;    margin: 0 auto;  }  .video-section > img {    width: 100%;  }  .video-section iframe,  .video-section video {    width: 100%;    height: 100%;      }  .video-section-img-m,  .video-section-img-pc > img {    width: 100%;    height: auto;  }  .video-section-img-pc.small > img {    width: 970px;  }  .video-desc {    line-height: 1.5;    font-size: 20px;    font-weight: 400;    margin: 20px 0;    text-align: center;    color: #0f1111;    word-break: break-word;  }  @media screen and (max-width: 960px) and (orientation: portrait) {    .video-section {      width: 100%;    }    .video-section-pc,    .video-section-img-pc {      display: none;    }    .video-section-m,    .video-section-img-m {      display: block;    }    .video-desc {      font-size: 15px;    }  }  @media screen and (min-width: 960px) {    .video-section {      width: 100%;      margin: 0 auto;    }    .video-section-pc,    .video-section-img-pc {      display: block;    }    .video-section-m,    .video-section-img-m {      display: none;    }    .video-desc {      font-size: 20px;    }  }<\/style><style>  .section + .section {    margin-top: 35px;  }  .section-title {    text-align: center;    font-weight: bold;    color: #0d1111;    font-family: \"Arial\";    font-size: 32px;    margin: 15px 0;  }  .section-title:empty {    display: none;  }  .section-desc {    text-align: center;    font-weight: normal;    color: #0d1111;    margin-top: 20px;  }  .section-desc:empty {    display: none;  }  .section-img {    width: 1200px;    height: 492px;    margin: 0 auto;    display: block;  }  .section-img.small {    width: 970px;    height: auto;  }  .section-img.small > img {    height: auto;  }  .section-img > img {    width: 100%;    height: 100%;  }  .section-mobile-img {    display: none;    max-width: 100vw;    max-height: 75vw;    height: 450px;    margin: 0 auto;  }  .section-mobile-img > img {    width: 100%;    height: 100%;  }  @media screen and (max-width: 960px) and (orientation: portrait) {    .container {      width: 100%;    }    .container.small {      width: 100%;    }    .section-mobile-img {      display: block;    }    .section-img {      display: none;    }    .section-title {      font-size: 22px;      margin: 10px 0;    }    .section-desc {      margin-top: 10px;    }    .section + .section {      margin-top: 20px;    }  }<\/style><\/head><body><div class=\"container\"><div class=\"logo\"><div class=\"pc-banner\"><div><img decoding=\"async\" src=\"\/vevor\/vevor\/boutique-banner\/pc\/en-pc@1x.jpg\" style=\"width: 100%;\" \/><\/div><\/div><div class=\"m-banner\"><div><img decoding=\"async\" src=\"\/vevor\/vevor\/boutique-banner\/mobile\/en-m@1x.jpg\" style=\"width: 100%;\" \/><\/div><\/div><\/div><div class=\"section-title\">9 VEVOR Elektros Betono Pjoviklis - B\u016bti J\u016bs\u0173 Pjovimo Ekspertas<\/div><div class=\"video-section\"><div class=\"video-section-img-pc\"><img decoding=\"async\" src=\"\/vevor\/product\/DDHNTJ1600W7G3JFX\/electric-concrete-saw-a100-1.4.jpg\" alt=\"VEVOR elektros betono pj\u016bklas, pjovimo betono blokeli\u0173 ant pad\u0117klo, si\u016blanti \u0161lapio pjovimo ir apsauga nuo perkrovos.\" \/><\/div><div class=\"video-section-img-m\"><img decoding=\"async\" src=\"\/vevor\/product\/DDHNTJ1600W7G3JFX\/electric-concrete-saw-a100-1.4-m.jpg\" alt=\"VEVOR elektros betono pj\u016bklas, pjovimo betono blokeli\u0173 ant pad\u0117klo, si\u016blanti \u0161lapio pjovimo ir apsauga nuo perkrovos.\" \/><\/div><div class=\"section-desc\">Ar jums r\u016bpi \u0161iuk\u0161les pursl\u0173 pjovimo metu, kuris gali pakenkti plau\u010dius ir vizija? \u012e VEVOR elektros betono pj\u016bklas su \u0161lapiojo pjovimo priedus si\u016blo daugiau tiksli pjovimo ir apsaugo nuo plaukiojan\u010di\u0173 \u0161iuk\u0161les.<\/div><\/div><div class=\"section\"><div class=\"section-title\"><\/div><div class=\"section-img\"><img decoding=\"async\" src=\"\/vevor\/product\/DDHNTJ1600W7G3JFX\/electric-concrete-saw-a100-2.2.jpg\" alt=\"VEVOR elektros betono pj\u016bklas, pjovimo per akmens, betono ir plyt\u0173 su 2.5&#034; dro\u017eimo gylis.\" \/><\/div><div class=\"section-mobile-img\"><img decoding=\"async\" src=\"\/vevor\/product\/DDHNTJ1600W7G3JFX\/electric-concrete-saw-a100-2.2-m.jpg\" alt=\"VEVOR elektros betono pj\u016bklas, pjovimo per akmens, betono ir plyt\u0173 su 2.5&#034; dro\u017eimo gylis.\" \/><\/div><div class=\"section-desc\">Tai puikiai tinka pjovimo per akmen\u0173, betono, plyt\u0173 ir kit\u0173 betono poliai, tod\u0117l universalus \u012fvairi\u0173 program\u0173. Jame yra 7-coli\u0173 pjauti, kurios padeda sukurti skland\u017eiai grioveliais.<\/div><\/div><div class=\"section\"><div class=\"section-title\"><\/div><div class=\"section-img\"><img decoding=\"async\" src=\"\/vevor\/product\/DDHNTJ1600W7G3JFX\/electric-concrete-saw-a100-2.3.jpg\" alt=\"VEVOR elektros betono pj\u016bklas su neslid\u017eia rat\u0173 baz\u0117, automatinis maitinimo i\u0161jungimas, ir 15a, gryno vario variklis.\" \/><\/div><div class=\"section-mobile-img\"><img decoding=\"async\" src=\"\/vevor\/product\/DDHNTJ1600W7G3JFX\/electric-concrete-saw-a100-2.3-m.jpg\" alt=\"VEVOR elektros betono pj\u016bklas su neslid\u017eia rat\u0173 baz\u0117, automatinis maitinimo i\u0161jungimas, ir 15a, gryno vario variklis.\" \/><\/div><div class=\"section-desc\">M\u016bs\u0173 elektros cemento saw yra saugos funkcija, kuri apsaugo varikl\u012f nuo degimo, d\u0117l pernelyg didel\u0117s galios. Gryno vario variklis gali atlaikyti auk\u0161t\u0105 temperat\u016br\u0105, u\u017etikrindamas ilgesn\u012f tarnavimo laik\u0105.<\/div><\/div><div class=\"section\"><div class=\"section-title\"><\/div><div class=\"section-img\"><img decoding=\"async\" src=\"\/vevor\/product\/DDHNTJ1600W7G3JFX\/electric-concrete-saw-a100-2.4.jpg\" alt=\"darbuotojas, naudojant VEVOR elektros betono pj\u016bklas su d formos rankena ant plyt\u0173 sienos.\" \/><\/div><div class=\"section-mobile-img\"><img decoding=\"async\" src=\"\/vevor\/product\/DDHNTJ1600W7G3JFX\/electric-concrete-saw-a100-2.4-m.jpg\" alt=\"darbuotojas, naudojant VEVOR elektros betono pj\u016bklas su d formos rankena ant plyt\u0173 sienos.\" \/><\/div><div class=\"section-desc\">Betono pjovimo stakl\u0117s moksli\u0161kai optimizuoto svorio paskirstymo d\u0117ka savo D-formos rankena. Rankena taip pat yra neslidus pavir\u0161ius, apsaugoti j\u012f nuo lengvai paslysti ir sukelia nuovargis per ilgesn\u012f naudojimo.<\/div><\/div><div class=\"section\"><div class=\"section-title\"><\/div><div class=\"section-img\"><img decoding=\"async\" src=\"\/vevor\/product\/DDHNTJ1600W7G3JFX\/electric-concrete-saw-a100-2.5.jpg\" alt=\"VEVOR elektros betono pj\u016bklas naudojimo veiksmus parodyta: surinkimo, reguliavimo ir eksploatavimo pamat\u0117.\" \/><\/div><div class=\"section-mobile-img\"><img decoding=\"async\" src=\"\/vevor\/product\/DDHNTJ1600W7G3JFX\/electric-concrete-saw-a100-2.5-m.jpg\" alt=\"VEVOR elektros betono pj\u016bklas naudojimo veiksmus parodyta: surinkimo, reguliavimo ir eksploatavimo pamat\u0117.\" \/><\/div><div class=\"section-desc\">M\u016bs\u0173 disko pj\u016bklas pjovimo u\u017etikrina saugesn\u012f ir ilgalaikio bendradarbiavimo su savo l\u0117tas \u012fsib\u0117g\u0117jimas prad\u017eioje. Be to, jis turi dvigub\u0105 jungikl\u012f dizainas, kuris padeda apsaugoti operatori\u0173.<\/div><\/div><div class=\"section\"><div class=\"section-img\"><img decoding=\"async\" src=\"\/vevor\/product\/DDHNTJ1600W7G3JFX\/electric-concrete-saw-a100-1.11.jpg\" alt=\"VEVOR elektros betono pj\u016bklas dc180, matmenys, pjovimo gylis 2,5 colio, prek\u0117s svoris 19 kg, priedai rodomi.\" \/><\/div><div class=\"section-mobile-img\"><img decoding=\"async\" src=\"\/vevor\/product\/DDHNTJ1600W7G3JFX\/electric-concrete-saw-a100-1.11-m.jpg\" alt=\"VEVOR elektros betono pj\u016bklas dc180, matmenys, pjovimo gylis 2,5 colio, prek\u0117s svoris 19 kg, priedai rodomi.\" \/><\/div><\/div><\/div><\/body><\/html><\/div>\n<div class=\"DM_at-title\" id=\"js-DM_at-title\"> <div>Produkto specifikacija<\/div> <i class=\"icon-arrowup_line\"><\/i> <\/div><div class=\"DM_at-goodsDescAttr\" id=\"js-DM_at-goodsDescAttr\"> <div class=\"DM_at-goodsDescAttrInner\"> <dl class=\"goodsDesc_item goodsDesc_item_even\"> <dt>Prek\u0117s Modelio Numeris<\/dt> <dd> DC180<\/dd> <\/dl> <dl class=\"goodsDesc_item\"> <dt>A\u0161menys Dia.<\/dt> <dd> 7 \/ 180 mm<\/dd> <\/dl> <dl class=\"goodsDesc_item goodsDesc_item_even\"> <dt>Pjovimo Gylis<\/dt> <dd> 2.5 \/ 63 mm<\/dd> <\/dl> <dl class=\"goodsDesc_item\"> <dt>Vardin\u0117 \u012etampa<\/dt> <dd> KINTAMOSIOS srov\u0117s 110 V \/ 60 Hz<\/dd> <\/dl> <dl class=\"goodsDesc_item goodsDesc_item_even\"> <dt>Nominali Galia<\/dt> <dd> 2000 W<\/dd> <\/dl> <dl class=\"goodsDesc_item\"> <dt>Greitis<\/dt> <dd> 5400 RPM<\/dd> <\/dl> <dl class=\"goodsDesc_item goodsDesc_item_even\"> <dt>Punktas Svoris (su priedais)<\/dt> <dd> 19 svar\u0173 \/ 8.6 kg<\/dd> <\/dl> <dl class=\"goodsDesc_item\"> <dt>Elemento Dydis (L x W x H)<\/dt> <dd> 25.98 x 8.66 x 12.80 cm \/ 660 x 220 x 325 mm<\/dd> <\/dl> <\/div> <\/div>","protected":false},"excerpt":{"rendered":"<ul>\n<li> \u0160varaus Dr\u0117gno Cut: elektrin\u012f betono pj\u016bkl\u0105 suteikia geresn\u012f pjovimo patirt\u012f ir suma\u017eina plau\u010di\u0173 \u017eal\u0105 u\u017ekirsti keli\u0105 \u0161iuk\u0161les i\u0161 plinta per pjovimo operacijoms. Ji taip pat apima \u0161lapio pjovimo \u012ftaisu, kuriame numatyta, tiesioginio vandens pur\u0161kimo ir pa\u0161alina b\u016btinyb\u0119 viena ranka laistyti, o pjovimo. Tai gerina eksploatavimo saugum\u0105 ir palengvina pjovimo lengviau. <\/li>\n<li> I\u0161kirpti Lengvai: betono pj\u016bklas, pjovimo maitina tvirtas 2000 W variklis, kuris veikia greitai greitis 5400 aps. \/ min. Tai lemia efektyvus dro\u017eimo ir greitai, plok\u0161\u010dia ir stabili, pjovimo. Gryno vario variklis yra taip pat atspar\u016bs kar\u0161\u010diui ir suprojektuoti taip, kad niekada perdegti. <\/li>\n<li> Ramyb\u0117: dvigubas jungiklis padeda i\u0161vengti atsitiktinio \u012fjungimo betono ma\u010diau, kai jis n\u0117ra naudojamas, norint suma\u017einti traum\u0173 rizik\u0105. Ma\u0161ina taip pat yra l\u0117tos, apsauga nuo perkrovos, ir built-in GFCI dizainas, visus, kurie u\u017etikrina sklandesn\u012f ir saugesnes operacijas, taip pat ilgesnis tarnavimo laikas. <\/li>\n<li> Visi \u012f Vien\u0105 Patogumui: betono pjoviklis ateina su rat\u0173 baz\u0119, kuri tarnauja ir kaip pjovimo ir pad\u0117ties nustatymo \u012frenginio, kad b\u016bt\u0173 lengviau sukurti tiksliai grioveliai su ma\u017eiau pastang\u0173. Jis taip pat pasi\u017eymi turtinga dyd\u017eio, D-formos rankena, kad tai ergonomi\u0161ko dizaino, patogi rankena per ilgas darbo valandas. <\/li>\n<li> Pjovimo Per Betono Lengvai: M\u016bs\u0173 betono pjovimo stakl\u0117s pjovimo gylis 2,5 cm \/ 63 mm, tod\u0117l tinka pjauti per \u012fvairi\u0173 betono med\u017eiag\u0173, pvz., akmen\u0173, gel\u017ebetonio, pavings, ir plytos. <\/li>\n<\/ul>","protected":false},"featured_media":317744,"comment_status":"closed","ping_status":"open","template":"","meta":{"om_disable_all_campaigns":false,"_monsterinsights_skip_tracking":false,"_monsterinsights_sitenote_active":false,"_monsterinsights_sitenote_note":"","_monsterinsights_sitenote_category":0,"_uf_show_specific_survey":0,"_uf_disable_surveys":false},"location":[1935,1934],"product_brand":[21],"product_cat":[2962,2397,2919,2374],"product_tag":[],"class_list":{"0":"post-49140","1":"product","2":"type-product","3":"status-publish","4":"has-post-thumbnail","6":"location-supplier_stock_location","7":"location-local_stock_location","8":"product_brand-vevor","9":"product_cat-concrete-saws","10":"product_cat-power-tools-tools","11":"product_cat-saws","12":"product_cat-tools","14":"first","15":"instock","16":"taxable","17":"shipping-taxable","18":"purchasable","19":"product-type-simple"},"aioseo_notices":[],"jetpack_sharing_enabled":true,"locations":[{"id":1935,"name":"Pieg\u0101d\u0101t\u0101ja noliktav\u0101 (5-7d.d.)","slug":"supplier_stock_location","quantity":"14"},{"id":1934,"name":"R\u012bgas veikal\u0101 (0-2d.d.)","slug":"local_stock_location","quantity":"0"}],"_links":{"self":[{"href":"https:\/\/vevorshop.lv\/lt\/wp-json\/wp\/v2\/product\/49140","targetHints":{"allow":["GET"]}}],"collection":[{"href":"https:\/\/vevorshop.lv\/lt\/wp-json\/wp\/v2\/product"}],"about":[{"href":"https:\/\/vevorshop.lv\/lt\/wp-json\/wp\/v2\/types\/product"}],"replies":[{"embeddable":true,"href":"https:\/\/vevorshop.lv\/lt\/wp-json\/wp\/v2\/comments?post=49140"}],"wp:featuredmedia":[{"embeddable":true,"href":"https:\/\/vevorshop.lv\/lt\/wp-json\/wp\/v2\/media\/317744"}],"wp:attachment":[{"href":"https:\/\/vevorshop.lv\/lt\/wp-json\/wp\/v2\/media?parent=49140"}],"wp:term":[{"taxonomy":"location","embeddable":true,"href":"https:\/\/vevorshop.lv\/lt\/wp-json\/wp\/v2\/location?post=49140"},{"taxonomy":"product_brand","embeddable":true,"href":"https:\/\/vevorshop.lv\/lt\/wp-json\/wp\/v2\/product_brand?post=49140"},{"taxonomy":"product_cat","embeddable":true,"href":"https:\/\/vevorshop.lv\/lt\/wp-json\/wp\/v2\/product_cat?post=49140"},{"taxonomy":"product_tag","embeddable":true,"href":"https:\/\/vevorshop.lv\/lt\/wp-json\/wp\/v2\/product_tag?post=49140"}],"curies":[{"name":"wp","href":"https:\/\/api.w.org\/{rel}","templated":true}]}}