{"id":49252,"date":"2024-11-19T16:04:05","date_gmt":"2024-11-19T16:04:05","guid":{"rendered":"http:\/\/vevorshop.edigo.lv\/Prece\/vevor-full-length-floor-mirror-71-x-31-free-standing-wall-mounted-tempered\/"},"modified":"2026-04-20T03:51:35","modified_gmt":"2026-04-20T00:51:35","slug":"vevor-full-length-floor-mirror-71-x-31-free-standing-wall-mounted-tempered","status":"publish","type":"product","link":"https:\/\/vevorshop.lv\/lt\/Prece\/vevor-viso-ilgio-grindu-veidrodis-71-x-31-laisvai-stovincioje-sienoje-montuojamas-grudintas\/","title":{"rendered":"VEVOR 180x79cm ilgas formos veidrodas su gr\u016bdintu stiklu, juodas aliuminio r\u0117mas, pakabinamas arba pastatomas, miegamajam ar svetainei"},"content":{"rendered":"<div style=\"color: #fff!important; font-size: 16px; height: 24px; line-height: 24px; margin-top: -24px; \" class=\"product_original_name\">VEVOR viso ilgio veidrodis, 71 \"x 31\", ypa\u010d didelis stovintis pakabinamas arba pasvir\u0119s sta\u010diakampis grind\u0173 veidrodis su gr\u016bdinto stiklo aliuminio lydinio r\u0117mu, viso k\u016bno aprangos veidrodis svetain\u0117s miegamajam, juodas<\/div>\n<div style=\"color: #fff!important; font-size: 16px; height: 24px; line-height: 24px; margin-top: -24px; \" class=\"product_sku\">M4I4LQQS<\/div>\n<div style=\"color: #fff!important; font-size: 16px; height: 24px; line-height: 24px; margin-top: -24px; \" class=\"product_mpn\">WZJFXLDJ71YC7E8I7V0<\/div><div id=\"js-DM_at-goodDescRich\"><html><head><style>  body {    font-family: Arial;    line-height: 1.5;    color: #1c1c1c;    overflow-x: hidden;    margin: 0;    padding: 0;  }  .MsoNormal b {    font-weight: bolder;  }<\/style><style>  .container.small {    width: 970px;    margin: 0 auto;  }  .logo {    margin: 0 auto 0;  }  .logo img {    display: block;    margin: 0 auto;    max-width: 100%;  }  .logo .pc-banner {    display: block;    width: 1200px;    height: 247.4px;    margin: 0 auto;  }  .logo .pc-banner.small {    width: 970px;  }  .logo .pc-banner.small img {    height: auto!important;  }  .logo .m-banner {    display: none;  }  .ytvideo {    position: relative;    height: 546px;    width: 100%;    margin: 0 auto;  }  .ytvideo img {    width: 100%;    margin: 0 auto;  }  .ytvideo .play-btn {    width: 60px;    height: 42px;    position: absolute;    top: 50%;    left: 50%;    transform: translate(-50%, -50%);    background: url(\"data:image\/png;base64,iVBORw0KGgoAAAANSUhEUgAAAGQAAABGCAMAAAANWMFbAAAC+lBMVEUAAADBGB3kLCfBGB3kLCfcJC7BFx3KKSbiKybkLCbWJCPSIiLSIiLPICHAFx3kLCfgKSXNHiDZJiTIGx\/p4eHcjo7LHSDbJyTkLCbjKyfOHyHPIiL28fHJHB\/GGh7EGR7eKCXDGB3RISHlLSbBGB3AFxzGHB7DGB7BGB3hKybkKybAFx3lLCfAFxzDGR3hKibDGB7cJyTmz8\/elJTlwcHjurrUIyLlLSflLSfAFx3DGR7lLSfCFx3hKibhKibhKybjKybkLCblLSfbJSX49vbx7e3NNzjNMTLMJyjVIyLZf3\/ZQ0LaeHjx0tLgoqLkLCfCGB3HGx\/BGB3BFx3PICHCGB7WJCLOHyC\/Fxy\/Fx3lLCfQISHkLSe\/FxzbJiTBFx3FGx\/AGB7BFx3EGR7AGB3HHSDfKiXAFh3TISHYNzbhKibbJyTTIiL57e325+f039\/v2NjUV1fOHiHiqanfmprch4feKSXVIyPOICHmLibFGh\/mLSe\/Fx7XJCPeKSXXJSPNHyHaJyTGGh7lLCbmLCflLSjSIiLkLCbdKSXLHiC\/GB3KHh++Fh3lKyfoLiXcKCPkx8fYb2\/XaGfVXl3aU1LLHiDksbHgKibPICHbJyTfKSXbJyTCGB3KHSDiKybFGh7TIiL\/\/\/\/VIyPRISHIHB\/GGx\/HHB\/DGR7gKibdKCXLHiDZJiTMHiDNHyHYJSTOICHPICHWJCPcKCXXJSPjLCblLCf+\/f3NGR\/uLijzLynPGR\/IGB7WISHaIyLLGh7UAADxLynNAADRLzDbICLQAADIAAD3MCrUHSHXMTDpKSbLAADp5OTij4\/ejo\/VLy\/1LyngJSTcJCPQHx\/OHB7+\/PzaMS\/OLS\/vLijrLSjSAADaNTPwLyjkKSbNJCbYISHPHB\/KGB7WAAD7+vrn3d3aKynTKCjoLCfsKifRGh\/YAADq5+fhjo7QNDXXKCfmJyXt5+fTLzDLLi\/QKivYHRvMGBrQJCXLISPMExXLDxLaEAvkkI\/bOTfaFQ\/SCgpvLcnHAAAAmnRSTlMA+vv7+gT9Bvf9+8z8\/NSv\/Pr5+P7++vnQIBMP\/v38\/Pn348XDiCYf9OjbzcqxXVcx\/fz8+\/rj1r2poo1+fXFqX0orGP7+\/v7+\/fz8+\/r68uzn4trIxsG\/vri3p6GcmZSNbWVYUUZEPQv+\/f39+\/v7+\/v7+vr64tvV1NTTz87FtbSurqeblJKFg4B3bUY+NjL7+\/v7+\/v67t1cDo8JLQAABkRJREFUWMO0kz9rwkAYh0OIeJkum6YugUAhISCdKoj\/P4C7SMdS+gEKIhSKil10LSg4mzXkILdlEpxCpwTiWOLX6BujvQaEQuGeHLnL+\/64J+SIcKGYTYWnntpdLjrVdqvZmNdn0+EE40GtpuuWVS6Xx6N7YDSGpWXpeq02wHgynM7q80az1a52HpddtVcpsi1zFARBrdaxbhp9iUReTGmwA4KAAr7vx3EYejnCMI6hQYEgy0LQi4jUN0wL19vqFcUC9\/1dAKmEEFkWRYkh5oBejnxQJiSJPJ\/uKBp0Thszx9Mw8hMRIQjKsptCfuES9zr5WJY6vSFCIvE9fCMUmEM1A1kSXcYGxgVYsvI1IPKTZciSTI0us\/SMGG04gDzELDoFBwdcFJrF88dqgYMTiL6DILWYyfOWE8\/kIz38olCNlC03FK95+imxp6y4oUSvAnBjHHhKNtotSDqJzVFiK8c2SBqhZtsrTtgrLXwAyduxZHNE26eHUt5rtuM4WSmds3G+sUdWYo1L+XyxButoh5eKUHk5lByO3G1LqqCWVnfrv\/lyPtf\/4ps1cndNGIri8J1TJ0lx6dR\/oPjq1nbRwdp2dCk4CtIOLW3pVKRL6WZfS5vF2KkIQhpwSsjiYIgNCs1gEMGqiIq24NQX9NwoXFy8Ufrl3twTcg4fv8T9\/JBEySduj6Mjm4bMzYV7EEOxKjjoNDud7yY3Dy71Hq2oLmqfbNR723edH9PgMrNL2utoQ3VmaIDkiw\/4w51P06hlZsTZvkRrbVuSIs\/zwSOsycgzStQouoAkWQqioRT5XI7n2Z1wfVhoZmcAJLsoqjqpjbWCgpOAJXBwHK8PzWbNvoUZJND5wCnSkLAkZ1legx6vqQzjoiTahKlGUGLAiIIoABOHaNVw4sexZBym6\/HWlH5h3IC7yRbxtipcWxdTOkORKiNQAEkFf66x5S2oeRbroOlLgg0sSYkR0hRGEqJZ0jTPiQKatESdBckpWigxaapEH0lImHdWu9pUFF2XqMNM2Z4kped7IwEJw2qabwtrQqnpw6HyKkgcadKWsmpywwesDyIhYRpdzXddqegtGIJlXbAIUMOLkGxJUjRIkokwjUaX9d\/kK62ps\/tYUqZLIMkLTyBhsMZ3C5Z\/kDxOSCb\/DOs\/\/J0qcWSX\/2ipe56EgTCA4\/cB7NAYOsni4mZM1MUPAISoEwkDi4lhVBQ1cWQyIcwalw4EpqZN68JUSK7XC0kTlkLYii5uXSC8jT5ncCAS7mjCv0uHp\/3lueHEEAeQ\/\/VgmdN71\/2uCSA1Xr6DO6uI6sW56zqT2tp2PhgiRUAajV8CY2fkcz6WGNKMgLAt7tJAhD4YHMTeRxlALE6+43WqjSWi8ITxyJl8WrwWSNESQZZOqhDDntO3hJLsd5RtSpbJqdv3YrDJH3F7jL1R2O2aQkn2MyCyKYz0GPGIvSAMgBCrCEiJyKbBaYGwLW4uPRr0A0M4Ux5kUI7IBh+hMdiCEWNqhMZGyYMsOgNE58UQuEQeUnSWCMYwL54hkxK6IoqucQZbQ3pc3XtL0lky1dL0zZJJDpWJovFqpWj6JEHnyam2eQp5QRVAVHjWparTOaVwUOx99YS2MvgxIGV0bb+qIg2HX2qkFFJB+XZcbLiuRkuxD9GRroKyveLxdh4d7Orx+hb7qc3uVRuEogCOnyIxm4ubUoPgF4jianDrC+SDQDKEfJb0GUKmjCGPYHGJvVC6X4hw1\/sAfQAdfYyephIaspXe36RwOP+Ljvfx9B6B3i+Nk0DGq+oCbLn6JpBa9nWAveAIHwFAwtVcIJXPMPL8kRu5OAYPMaL1WScTxjiZDqB9LTJSWphow\/pTYKRTLjCBhvi9iBidvKcDasGSm0QQkycYuLBqj6QCELPctqChDWpTRMWkngNNpQ1Pfp1KkiT\/Y0DGffXAweUNfLAfaJFKDwhb6I+bkYRbkERoEeu3Fyjg2opMz2daZCS9jt6Q7txNfB+OZEVF6Zl5web2xunnLQrtrjXseXKaFYziYINeMFZVxS9VxRhOoesYwxPKXm+gWLG9cuFeq93UNNeJNsf1KlwuDok9n02n3TgIJpOxNfL9naIoQwXtfH9kjceTIIi709ncTg6LZbg+biLH1V6u\/7rxBem06VXKn9raAAAAAElFTkSuQmCC\")      no-repeat center center \/ contain;  }  @media screen and (max-width: 960px) and (orientation: portrait) {    .logo {      width: 100%;    }    .logo .pc-banner {      display: none;    }    .logo .m-banner {      display: block;      width: 100%;    }    .logo .m-banner img {      height: auto!important;    }    .ytvideo {      height: 200px;      width: 100%;    }  }<\/style><style>  .video-section {    width: 100%;    margin: 0 auto;  }  .video-section > img {    width: 100%;  }  .video-section iframe,  .video-section video {    width: 100%;    height: 100%;      }  .video-section-img-m,  .video-section-img-pc > img {    width: 100%;    height: auto;  }  .video-section-img-pc.small > img {    width: 970px;  }  .video-desc {    line-height: 1.5;    font-size: 20px;    font-weight: 400;    margin: 20px 0;    text-align: center;    color: #0f1111;    word-break: break-word;  }  @media screen and (max-width: 960px) and (orientation: portrait) {    .video-section {      width: 100%;    }    .video-section-pc,    .video-section-img-pc {      display: none;    }    .video-section-m,    .video-section-img-m {      display: block;    }    .video-desc {      font-size: 15px;    }  }  @media screen and (min-width: 960px) {    .video-section {      width: 100%;      margin: 0 auto;    }    .video-section-pc,    .video-section-img-pc {      display: block;    }    .video-section-m,    .video-section-img-m {      display: none;    }    .video-desc {      font-size: 20px;    }  }<\/style><style>  .section + .section {    margin-top: 35px;  }  .section-title {    text-align: center;    font-weight: bold;    color: #0d1111;    font-family: \"Arial\";    font-size: 32px;    margin: 15px 0;  }  .section-title:empty {    display: none;  }  .section-desc {    text-align: center;    font-weight: normal;    color: #0d1111;    margin-top: 20px;  }  .section-desc:empty {    display: none;  }  .section-img {    width: 1200px;    height: 492px;    margin: 0 auto;    display: block;  }  .section-img.small {    width: 970px;    height: auto;  }  .section-img.small > img {    height: auto;  }  .section-img > img {    width: 100%;    height: 100%;  }  .section-mobile-img {    display: none;    max-width: 100vw;    max-height: 75vw;    height: 450px;    margin: 0 auto;  }  .section-mobile-img > img {    width: 100%;    height: 100%;  }  @media screen and (max-width: 960px) and (orientation: portrait) {    .container {      width: 100%;    }    .container.small {      width: 100%;    }    .section-mobile-img {      display: block;    }    .section-img {      display: none;    }    .section-title {      font-size: 22px;      margin: 10px 0;    }    .section-desc {      margin-top: 10px;    }    .section + .section {      margin-top: 20px;    }  }<\/style><\/head><body><div class=\"container\"><div class=\"logo\"><div class=\"pc-banner\"><div><img decoding=\"async\" src=\"\/vevor\/vevor\/boutique-banner\/pc\/en-pc@1x.jpg\" style=\"width: 100%;\" \/><\/div><\/div><div class=\"m-banner\"><div><img decoding=\"async\" src=\"\/vevor\/vevor\/boutique-banner\/mobile\/en-m@1x.jpg\" style=\"width: 100%;\" \/><\/div><\/div><\/div><div class=\"section-title\">71 x 31 Sta\u010diakampio Vis\u0105 Ilg\u012f Veidrodis<\/div><div class=\"video-section\"><div class=\"video-section-img-pc\"><img decoding=\"async\" src=\"\/vevor\/product\/WZJFXLDJ71YC7E8I7\/floor-mirror-a100-1.4.jpg\" alt=\"VEVOR vis\u0105 ilg\u012f veidrodis su sprogimo \u012frodymas, gr\u016bdintas stiklas, patobulintas lenkimo pasiprie\u0161inimo, ir vandeniui.\" \/><\/div><div class=\"video-section-img-m\"><img decoding=\"async\" src=\"\/vevor\/product\/WZJFXLDJ71YC7E8I7\/floor-mirror-a100-1.4-m.jpg\" alt=\"VEVOR vis\u0105 ilg\u012f veidrodis su sprogimo \u012frodymas, gr\u016bdintas stiklas, patobulintas lenkimo pasiprie\u0161inimo, ir vandeniui.\" \/><\/div><div class=\"section-desc\">M\u016bs\u0173 modernaus dizaino viso k\u016bno veidrodis yra meistri\u0161kai su auk\u0161tos kokyb\u0117s sprogimui atspari\u0105 stiklo u\u017e j\u016bs\u0173 ramyb\u0117. \u012erengta daug montavimo galimybi\u0173, leid\u017eia jums \u012fd\u0117ti \u012f bet kuri\u0105 norim\u0105 viet\u0105. Ar minimalistin\u0117 elegancija, ar madinga dekoro, j\u012f skland\u017eiai papildo j\u016bs\u0173 nam\u0173 estetin\u012f.<\/div><\/div><div class=\"section\"><div class=\"section-title\"><\/div><div class=\"section-img\"><img decoding=\"async\" src=\"\/vevor\/product\/WZJFXLDJ71YC7E8I7\/floor-mirror-a100-2.2.jpg\" alt=\"VEVOR vis\u0105 ilg\u012f veidrodis miegamajame ir makia\u017e\u0105 ir mados programas. vitrina sau, visos skal\u0117s.\" \/><\/div><div class=\"section-mobile-img\"><img decoding=\"async\" src=\"\/vevor\/product\/WZJFXLDJ71YC7E8I7\/floor-mirror-a100-2.2-m.jpg\" alt=\"VEVOR vis\u0105 ilg\u012f veidrodis miegamajame ir makia\u017e\u0105 ir mados programas. vitrina sau, visos skal\u0117s.\" \/><\/div><div class=\"section-desc\">Patirkite kri\u0161tolo skaidrumo vaizd\u0105 naudodami m\u016bs\u0173 pilno masto dizain\u0105, kruop\u0161\u010diai sukurt\u0105 su didel\u0117s rai\u0161kos stiklu, kad u\u017etikrintum\u0117te nepriekai\u0161ting\u0105 atspind\u012f. Nesvarbu, ar tai nepriekai\u0161tinga asmenuk\u0117, ar be pastang\u0173 makia\u017eo programa, m\u016bs\u0173 viso ilgio veidrod\u017eio ai\u0161kumas puikiai u\u017efiksuoja ir pagerina j\u016bs\u0173 gro\u017e\u012f.<\/div><\/div><div class=\"section\"><div class=\"section-title\"><\/div><div class=\"section-img\"><img decoding=\"async\" src=\"\/vevor\/product\/WZJFXLDJ71YC7E8I7\/floor-mirror-a100-2.3.jpg\" alt=\"VEVOR vis\u0105 ilg\u012f veidrodis miegamasis su aliuminio lydinio r\u0117mas ir 0.12 \u012f\/3 mm storio stiklo.\" \/><\/div><div class=\"section-mobile-img\"><img decoding=\"async\" src=\"\/vevor\/product\/WZJFXLDJ71YC7E8I7\/floor-mirror-a100-2.3-m.jpg\" alt=\"VEVOR vis\u0105 ilg\u012f veidrodis miegamasis su aliuminio lydinio r\u0117mas ir 0.12 \u012f\/3 mm storio stiklo.\" \/><\/div><div class=\"section-desc\">M\u016bs\u0173 auk\u0161ti veidrod\u017eiai sienai yra sukonstruoti taip, kad tarnaut\u0173, pasi\u017eymintys tvirtu aliuminio lydinio r\u0117mu, apvyniojan\u010diu visas keturias puses, kad b\u016bt\u0173 sustiprinta apsauga nuo sm\u016bgi\u0173, i\u0161laikant esteti\u0161kai maloni\u0105 i\u0161vaizd\u0105. u\u017etikrina ir funkcionalum\u0105, ir ilgaam\u017ei\u0161kum\u0105.<\/div><\/div><div class=\"section\"><div class=\"section-title\"><\/div><div class=\"section-img\"><img decoding=\"async\" src=\"\/vevor\/product\/WZJFXLDJ71YC7E8I7\/floor-mirror-a100-2.4.jpg\" alt=\"VEVOR vis\u0105 ilg\u012f veidrodis pademonstruot\u0173 pizos ir sienos montuojamas universalumas \u012fvairius nam\u0173 poreikius.\" \/><\/div><div class=\"section-mobile-img\"><img decoding=\"async\" src=\"\/vevor\/product\/WZJFXLDJ71YC7E8I7\/floor-mirror-a100-2.4-m.jpg\" alt=\"VEVOR vis\u0105 ilg\u012f veidrodis pademonstruot\u0173 pizos ir sienos montuojamas universalumas \u012fvairius nam\u0173 poreikius.\" \/><\/div><div class=\"section-desc\">M\u016bs\u0173 ilgai veidrodis u\u017e kambar\u012f si\u016blo daugyb\u0119 \u012frenginio funkcijos, tod\u0117l galima pakreipti j\u012f nuo sienos arba naudoti kabliai, v\u0117l sumontuokite. J\u016bs galite patalpinti j\u012f bet kur jums reikia, universalum\u0105, numatantis, kad atitikt\u0173 j\u016bs\u0173 pageidavimus ir erdv\u0117s reikalavimus<\/div><\/div><div class=\"section\"><div class=\"section-title\"><\/div><div class=\"section-img\"><img decoding=\"async\" src=\"\/vevor\/product\/WZJFXLDJ71YC7E8I7\/floor-mirror-a100-2.5.jpg\" alt=\"VEVOR vis\u0105 ilg\u012f veidrodis pademonstruot\u0173 universalumas: drabu\u017ein\u0117s, miegamojo, vie\u0161bu\u010dio, ir sporto sal\u0117 parametrai.\" \/><\/div><div class=\"section-mobile-img\"><img decoding=\"async\" src=\"\/vevor\/product\/WZJFXLDJ71YC7E8I7\/floor-mirror-a100-2.5-m.jpg\" alt=\"VEVOR vis\u0105 ilg\u012f veidrodis pademonstruot\u0173 universalumas: drabu\u017ein\u0117s, miegamojo, vie\u0161bu\u010dio, ir sporto sal\u0117 parametrai.\" \/><\/div><div class=\"section-desc\">M\u016bs\u0173 viso k\u016bno ilgio veidrodis gali pasigirti stilingu ir eleganti\u0161ku dizainu, skland\u017eiai \u012fsilieja \u012f \u012fvairias erdves, nesunku. Nesvarbu, ar tai b\u016bt\u0173 j\u016bs\u0173 spintoje, miegamajame ar svetain\u0117je, jis be vargo pagerina atmosfer\u0105, sukurdamas eleganti\u0161k\u0105 ir rafinuot\u0105 atmosfer\u0105.<\/div><\/div><div class=\"section\"><div class=\"section-img\"><img decoding=\"async\" src=\"\/vevor\/product\/WZJFXLDJ71YC7E8I7\/floor-mirror-a100-1.11.jpg\" alt=\"VEVOR vis\u0105 ilg\u012f veidrodis, 71x31 cm, nuo sprogimo apsaugot\u0105 gr\u016bdintas stiklas, aliuminio lydinio r\u0117mas.\" \/><\/div><div class=\"section-mobile-img\"><img decoding=\"async\" src=\"\/vevor\/product\/WZJFXLDJ71YC7E8I7\/floor-mirror-a100-1.11-m.jpg\" alt=\"VEVOR vis\u0105 ilg\u012f veidrodis, 71x31 cm, nuo sprogimo apsaugot\u0105 gr\u016bdintas stiklas, aliuminio lydinio r\u0117mas.\" \/><\/div><\/div><\/div><\/body><\/html><\/div>\n<div class=\"DM_at-title\" id=\"js-DM_at-title\"> <div>Produkto specifikacija<\/div> <i class=\"icon-arrowup_line\"><\/i> <\/div><div class=\"DM_at-goodsDescAttr\" id=\"js-DM_at-goodsDescAttr\"> <div class=\"DM_at-goodsDescAttrInner\"> <dl class=\"goodsDesc_item goodsDesc_item_even\"> <dt>Prek\u0117s Modelio Numeris<\/dt> <dd> SQ-002<\/dd> <\/dl> <dl class=\"goodsDesc_item\"> <dt>Dydis<\/dt> <dd> 71 x 31 \/ 1800 x 785 mm<\/dd> <\/dl> <dl class=\"goodsDesc_item goodsDesc_item_even\"> <dt>Veidrodis Med\u017eiaga<\/dt> <dd> Nuo sprogimo apsaugot\u0105 Gr\u016bdintas Stiklas<\/dd> <\/dl> <dl class=\"goodsDesc_item\"> <dt>Storis<\/dt> <dd> 0.12 \u012f \/ 3 mm<\/dd> <\/dl> <dl class=\"goodsDesc_item goodsDesc_item_even\"> <dt>R\u0117mas<\/dt> <dd> Aliuminio Lydinys Wrap Aplink<\/dd> <\/dl> <dl class=\"goodsDesc_item\"> <dt>Su Laikikliu<\/dt> <dd> Nr.<\/dd> <\/dl> <dl class=\"goodsDesc_item goodsDesc_item_even\"> <dt>Produkto Svoris<\/dt> <dd> 24.69 svar\u0173 \/ 11.2 kg<\/dd> <\/dl> <dl class=\"goodsDesc_item\"> <dt>Gaminio Matmenys<\/dt> <dd> 70.87 x 30.90 x 0.83 \u012f\/1800 x 785 x 21 mm<\/dd> <\/dl> <\/div> <\/div>","protected":false},"excerpt":{"rendered":"<ul>\n<li> Nuo sprogimo apsaugot\u0105 Gr\u016bdintas Stiklas: M\u016bs\u0173 vis\u0105 ilg\u012f veidrodis pagamintas i\u0161 sprogim\u0173 gr\u016bdintas stiklas, giriasi poveikio pasiprie\u0161inimo j\u0117ga vir\u0161ija 5 kartus, kad i\u0161 paprasto stiklo, o lenkimo stiprumas 3-5 kart\u0173 didesnis. Net ir tuo atveju, atsitiktinio poveikio, veidrodis nebus sudu\u017eti \u012f pavojing\u0173 \u0161uki\u0173, \u017eymiai didinant saug\u0105 naudojimo metu. <\/li>\n<li> Crystal Clear Atspindys: M\u016bs\u0173 juoda viso k\u016bno veidrodis yra meistri\u0161kai su auk\u0161tos rai\u0161kos stiklo, u\u017etikrinant, kad b\u016bt\u0173 \u0161varus ir grynas atspindys. Laisvas nuo i\u0161kraipym\u0173, spalvos poky\u010diai, ar dvigub\u0173 vaizd\u0173, tai daro kiekvien\u0105 selfie ar makia\u017eo sesijos lengvas ir malonus. Su kiekviena atspindys nepriekai\u0161tinga ir nesuteptas, tobulumo visada yra pasiekiamas. <\/li>\n<li> Patvarus ir Tvirtas: M\u016bs\u0173 auk\u0161\u010dio veidrod\u017eiai sienos yra padengtas aliuminio lydinio kadravimo visi aplink, teikiantys ne tik tvirtas, patvarumo, bet ir kieta, apsaugos veidrod\u012f pati, gerinti savo bendr\u0105 tvirtumo. Ji taip pat priduria, kad estetin\u0117s apeliacin\u012f skund\u0105, tod\u0117l veidrodis ne tik praktini\u0173, bet ir nam\u0173 dekoro gabalas meno. <\/li>\n<li> Lankstus \u012erengimas: M\u016bs\u0173 ilgai veidrodis u\u017e kambar\u012f galima patogiai pakreipus nuo sienos, atskiras krova, o jos atgal funkcij\u0173, kabliai, skirtas vertikaliam montavimui. M\u016bs\u0173 vis\u0105 ilg\u012f veidrodis tinka \u012fvair\u016bs scenarijai, atitinkan\u010di\u0173 j\u016bs\u0173 individualius poreikius su lengvumu. <\/li>\n<li> Multi-Scenarij\u0173 naudojimas: negabaritini\u0173 vis\u0105 ilg\u012f veidrodis yra ne tik puikus sukurti eleganti\u0161kas erdvi\u0173 walk-in spintos, miegamieji, ir gyvenamieji kambariai, bet tai taip pat tinka biurams, vie\u0161bu\u010diams, sporto sal\u0117se, ir daugiau. Jos prisitaikyti u\u017etikrina jis puikiai pagerina \u012fvairi\u0173 aplink\u0173, maitinimas plat\u0173 poreikius. <\/li>\n<\/ul>","protected":false},"featured_media":317912,"comment_status":"closed","ping_status":"open","template":"","meta":{"om_disable_all_campaigns":false,"_monsterinsights_skip_tracking":false,"_monsterinsights_sitenote_active":false,"_monsterinsights_sitenote_note":"","_monsterinsights_sitenote_category":0,"_uf_show_specific_survey":0,"_uf_disable_surveys":false},"location":[1935,1934],"product_brand":[21],"product_cat":[4226,2637,4225,4228],"product_tag":[],"class_list":{"0":"post-49252","1":"product","2":"type-product","3":"status-publish","4":"has-post-thumbnail","6":"location-supplier_stock_location","7":"location-local_stock_location","8":"product_brand-vevor","9":"product_cat-floor-mirrors","10":"product_cat-home-decor","11":"product_cat-mirrors-home-decor","12":"product_cat-square-floor-mirror","14":"first","15":"instock","16":"taxable","17":"shipping-taxable","18":"purchasable","19":"product-type-simple"},"aioseo_notices":[],"jetpack_sharing_enabled":true,"locations":[{"id":1935,"name":"Pieg\u0101d\u0101t\u0101ja noliktav\u0101 (5-7d.d.)","slug":"supplier_stock_location","quantity":"28"},{"id":1934,"name":"R\u012bgas veikal\u0101 (0-2d.d.)","slug":"local_stock_location","quantity":"0"}],"_links":{"self":[{"href":"https:\/\/vevorshop.lv\/lt\/wp-json\/wp\/v2\/product\/49252","targetHints":{"allow":["GET"]}}],"collection":[{"href":"https:\/\/vevorshop.lv\/lt\/wp-json\/wp\/v2\/product"}],"about":[{"href":"https:\/\/vevorshop.lv\/lt\/wp-json\/wp\/v2\/types\/product"}],"replies":[{"embeddable":true,"href":"https:\/\/vevorshop.lv\/lt\/wp-json\/wp\/v2\/comments?post=49252"}],"wp:featuredmedia":[{"embeddable":true,"href":"https:\/\/vevorshop.lv\/lt\/wp-json\/wp\/v2\/media\/317912"}],"wp:attachment":[{"href":"https:\/\/vevorshop.lv\/lt\/wp-json\/wp\/v2\/media?parent=49252"}],"wp:term":[{"taxonomy":"location","embeddable":true,"href":"https:\/\/vevorshop.lv\/lt\/wp-json\/wp\/v2\/location?post=49252"},{"taxonomy":"product_brand","embeddable":true,"href":"https:\/\/vevorshop.lv\/lt\/wp-json\/wp\/v2\/product_brand?post=49252"},{"taxonomy":"product_cat","embeddable":true,"href":"https:\/\/vevorshop.lv\/lt\/wp-json\/wp\/v2\/product_cat?post=49252"},{"taxonomy":"product_tag","embeddable":true,"href":"https:\/\/vevorshop.lv\/lt\/wp-json\/wp\/v2\/product_tag?post=49252"}],"curies":[{"name":"wp","href":"https:\/\/api.w.org\/{rel}","templated":true}]}}