{"id":49324,"date":"2024-11-19T16:06:39","date_gmt":"2024-11-19T16:06:39","guid":{"rendered":"http:\/\/vevorshop.edigo.lv\/Prece\/vevor-60-porch-swing-bench-wooden-hanging-outdoor-garden-patio-courtyard-white\/"},"modified":"2026-04-05T17:24:40","modified_gmt":"2026-04-05T14:24:40","slug":"vevor-60-porch-swing-bench-wooden-hanging-outdoor-garden-patio-courtyard-white","status":"publish","type":"product","link":"https:\/\/vevorshop.lv\/lt\/Prece\/vevor-60-veranda-supynes-suoliukas-medinis-kabantis-lauko-sodo-kiemas-kiemas-baltas\/","title":{"rendered":"VEVOR 170 cm medin\u0117 veranda s\u016bpyn\u0117, tvirta lauko sodo suolelis su grandin\u0117mis, 400 kg apkrova, atspari orui, balta"},"content":{"rendered":"<div style=\"color: #fff!important; font-size: 16px; height: 24px; line-height: 24px; margin-top: -24px; \" class=\"product_original_name\">VEVOR medin\u0117s verandos s\u016bpyn\u0117s 5 p\u0117d\u0173, kiemo suoliuko s\u016bpyn\u0117s kiemui ir sodui, atnaujinta 880 svar\u0173 stipri apkrova, sunkiasvori\u0173 s\u016bpyni\u0173 k\u0117d\u017ei\u0173 suoliukas su pakabinamomis grandin\u0117mis lauke, baltas<\/div>\n<div style=\"color: #fff!important; font-size: 16px; height: 24px; line-height: 24px; margin-top: -24px; \" class=\"product_sku\">M4I4LQU3<\/div>\n<div style=\"color: #fff!important; font-size: 16px; height: 24px; line-height: 24px; margin-top: -24px; \" class=\"product_mpn\">MLQQCMK5YC00R2Q5LV0<\/div><div id=\"js-DM_at-goodDescRich\"><html><head><style>  body {    font-family: Arial;    line-height: 1.5;    color: #1c1c1c;    overflow-x: hidden;    margin: 0;    padding: 0;  }  .MsoNormal b {    font-weight: bolder;  }<\/style><style>  .container.small {    width: 970px;    margin: 0 auto;  }  .logo {    margin: 0 auto 0;  }  .logo img {    display: block;    margin: 0 auto;    max-width: 100%;  }  .logo .pc-banner {    display: block;    width: 1200px;    height: 247.4px;    margin: 0 auto;  }  .logo .pc-banner.small {    width: 970px;  }  .logo .pc-banner.small img {    height: auto!important;  }  .logo .m-banner {    display: none;  }  .ytvideo {    position: relative;    height: 546px;    width: 100%;    margin: 0 auto;  }  .ytvideo img {    width: 100%;    margin: 0 auto;  }  .ytvideo .play-btn {    width: 60px;    height: 42px;    position: absolute;    top: 50%;    left: 50%;    transform: translate(-50%, -50%);    background: url(\"data:image\/png;base64,iVBORw0KGgoAAAANSUhEUgAAAGQAAABGCAMAAAANWMFbAAAC+lBMVEUAAADBGB3kLCfBGB3kLCfcJC7BFx3KKSbiKybkLCbWJCPSIiLSIiLPICHAFx3kLCfgKSXNHiDZJiTIGx\/p4eHcjo7LHSDbJyTkLCbjKyfOHyHPIiL28fHJHB\/GGh7EGR7eKCXDGB3RISHlLSbBGB3AFxzGHB7DGB7BGB3hKybkKybAFx3lLCfAFxzDGR3hKibDGB7cJyTmz8\/elJTlwcHjurrUIyLlLSflLSfAFx3DGR7lLSfCFx3hKibhKibhKybjKybkLCblLSfbJSX49vbx7e3NNzjNMTLMJyjVIyLZf3\/ZQ0LaeHjx0tLgoqLkLCfCGB3HGx\/BGB3BFx3PICHCGB7WJCLOHyC\/Fxy\/Fx3lLCfQISHkLSe\/FxzbJiTBFx3FGx\/AGB7BFx3EGR7AGB3HHSDfKiXAFh3TISHYNzbhKibbJyTTIiL57e325+f039\/v2NjUV1fOHiHiqanfmprch4feKSXVIyPOICHmLibFGh\/mLSe\/Fx7XJCPeKSXXJSPNHyHaJyTGGh7lLCbmLCflLSjSIiLkLCbdKSXLHiC\/GB3KHh++Fh3lKyfoLiXcKCPkx8fYb2\/XaGfVXl3aU1LLHiDksbHgKibPICHbJyTfKSXbJyTCGB3KHSDiKybFGh7TIiL\/\/\/\/VIyPRISHIHB\/GGx\/HHB\/DGR7gKibdKCXLHiDZJiTMHiDNHyHYJSTOICHPICHWJCPcKCXXJSPjLCblLCf+\/f3NGR\/uLijzLynPGR\/IGB7WISHaIyLLGh7UAADxLynNAADRLzDbICLQAADIAAD3MCrUHSHXMTDpKSbLAADp5OTij4\/ejo\/VLy\/1LyngJSTcJCPQHx\/OHB7+\/PzaMS\/OLS\/vLijrLSjSAADaNTPwLyjkKSbNJCbYISHPHB\/KGB7WAAD7+vrn3d3aKynTKCjoLCfsKifRGh\/YAADq5+fhjo7QNDXXKCfmJyXt5+fTLzDLLi\/QKivYHRvMGBrQJCXLISPMExXLDxLaEAvkkI\/bOTfaFQ\/SCgpvLcnHAAAAmnRSTlMA+vv7+gT9Bvf9+8z8\/NSv\/Pr5+P7++vnQIBMP\/v38\/Pn348XDiCYf9OjbzcqxXVcx\/fz8+\/rj1r2poo1+fXFqX0orGP7+\/v7+\/fz8+\/r68uzn4trIxsG\/vri3p6GcmZSNbWVYUUZEPQv+\/f39+\/v7+\/v7+vr64tvV1NTTz87FtbSurqeblJKFg4B3bUY+NjL7+\/v7+\/v67t1cDo8JLQAABkRJREFUWMO0kz9rwkAYh0OIeJkum6YugUAhISCdKoj\/P4C7SMdS+gEKIhSKil10LSg4mzXkILdlEpxCpwTiWOLX6BujvQaEQuGeHLnL+\/64J+SIcKGYTYWnntpdLjrVdqvZmNdn0+EE40GtpuuWVS6Xx6N7YDSGpWXpeq02wHgynM7q80az1a52HpddtVcpsi1zFARBrdaxbhp9iUReTGmwA4KAAr7vx3EYejnCMI6hQYEgy0LQi4jUN0wL19vqFcUC9\/1dAKmEEFkWRYkh5oBejnxQJiSJPJ\/uKBp0Thszx9Mw8hMRIQjKsptCfuES9zr5WJY6vSFCIvE9fCMUmEM1A1kSXcYGxgVYsvI1IPKTZciSTI0us\/SMGG04gDzELDoFBwdcFJrF88dqgYMTiL6DILWYyfOWE8\/kIz38olCNlC03FK95+imxp6y4oUSvAnBjHHhKNtotSDqJzVFiK8c2SBqhZtsrTtgrLXwAyduxZHNE26eHUt5rtuM4WSmds3G+sUdWYo1L+XyxButoh5eKUHk5lByO3G1LqqCWVnfrv\/lyPtf\/4ps1cndNGIri8J1TJ0lx6dR\/oPjq1nbRwdp2dCk4CtIOLW3pVKRL6WZfS5vF2KkIQhpwSsjiYIgNCs1gEMGqiIq24NQX9NwoXFy8Ufrl3twTcg4fv8T9\/JBEySduj6Mjm4bMzYV7EEOxKjjoNDud7yY3Dy71Hq2oLmqfbNR723edH9PgMrNL2utoQ3VmaIDkiw\/4w51P06hlZsTZvkRrbVuSIs\/zwSOsycgzStQouoAkWQqioRT5XI7n2Z1wfVhoZmcAJLsoqjqpjbWCgpOAJXBwHK8PzWbNvoUZJND5wCnSkLAkZ1legx6vqQzjoiTahKlGUGLAiIIoABOHaNVw4sexZBym6\/HWlH5h3IC7yRbxtipcWxdTOkORKiNQAEkFf66x5S2oeRbroOlLgg0sSYkR0hRGEqJZ0jTPiQKatESdBckpWigxaapEH0lImHdWu9pUFF2XqMNM2Z4kped7IwEJw2qabwtrQqnpw6HyKkgcadKWsmpywwesDyIhYRpdzXddqegtGIJlXbAIUMOLkGxJUjRIkokwjUaX9d\/kK62ps\/tYUqZLIMkLTyBhsMZ3C5Z\/kDxOSCb\/DOs\/\/J0qcWSX\/2ipe56EgTCA4\/cB7NAYOsni4mZM1MUPAISoEwkDi4lhVBQ1cWQyIcwalw4EpqZN68JUSK7XC0kTlkLYii5uXSC8jT5ncCAS7mjCv0uHp\/3lueHEEAeQ\/\/VgmdN71\/2uCSA1Xr6DO6uI6sW56zqT2tp2PhgiRUAajV8CY2fkcz6WGNKMgLAt7tJAhD4YHMTeRxlALE6+43WqjSWi8ITxyJl8WrwWSNESQZZOqhDDntO3hJLsd5RtSpbJqdv3YrDJH3F7jL1R2O2aQkn2MyCyKYz0GPGIvSAMgBCrCEiJyKbBaYGwLW4uPRr0A0M4Ux5kUI7IBh+hMdiCEWNqhMZGyYMsOgNE58UQuEQeUnSWCMYwL54hkxK6IoqucQZbQ3pc3XtL0lky1dL0zZJJDpWJovFqpWj6JEHnyam2eQp5QRVAVHjWparTOaVwUOx99YS2MvgxIGV0bb+qIg2HX2qkFFJB+XZcbLiuRkuxD9GRroKyveLxdh4d7Orx+hb7qc3uVRuEogCOnyIxm4ubUoPgF4jianDrC+SDQDKEfJb0GUKmjCGPYHGJvVC6X4hw1\/sAfQAdfYyephIaspXe36RwOP+Ljvfx9B6B3i+Nk0DGq+oCbLn6JpBa9nWAveAIHwFAwtVcIJXPMPL8kRu5OAYPMaL1WScTxjiZDqB9LTJSWphow\/pTYKRTLjCBhvi9iBidvKcDasGSm0QQkycYuLBqj6QCELPctqChDWpTRMWkngNNpQ1Pfp1KkiT\/Y0DGffXAweUNfLAfaJFKDwhb6I+bkYRbkERoEeu3Fyjg2opMz2daZCS9jt6Q7txNfB+OZEVF6Zl5web2xunnLQrtrjXseXKaFYziYINeMFZVxS9VxRhOoesYwxPKXm+gWLG9cuFeq93UNNeJNsf1KlwuDok9n02n3TgIJpOxNfL9naIoQwXtfH9kjceTIIi709ncTg6LZbg+biLH1V6u\/7rxBem06VXKn9raAAAAAElFTkSuQmCC\")      no-repeat center center \/ contain;  }  @media screen and (max-width: 960px) and (orientation: portrait) {    .logo {      width: 100%;    }    .logo .pc-banner {      display: none;    }    .logo .m-banner {      display: block;      width: 100%;    }    .logo .m-banner img {      height: auto!important;    }    .ytvideo {      height: 200px;      width: 100%;    }  }<\/style><style>  .video-section {    width: 100%;    margin: 0 auto;  }  .video-section > img {    width: 100%;  }  .video-section iframe,  .video-section video {    width: 100%;    height: 100%;      }  .video-section-img-m,  .video-section-img-pc > img {    width: 100%;    height: auto;  }  .video-section-img-pc.small > img {    width: 970px;  }  .video-desc {    line-height: 1.5;    font-size: 20px;    font-weight: 400;    margin: 20px 0;    text-align: center;    color: #0f1111;    word-break: break-word;  }  @media screen and (max-width: 960px) and (orientation: portrait) {    .video-section {      width: 100%;    }    .video-section-pc,    .video-section-img-pc {      display: none;    }    .video-section-m,    .video-section-img-m {      display: block;    }    .video-desc {      font-size: 15px;    }  }  @media screen and (min-width: 960px) {    .video-section {      width: 100%;      margin: 0 auto;    }    .video-section-pc,    .video-section-img-pc {      display: block;    }    .video-section-m,    .video-section-img-m {      display: none;    }    .video-desc {      font-size: 20px;    }  }<\/style><style>  .section + .section {    margin-top: 35px;  }  .section-title {    text-align: center;    font-weight: bold;    color: #0d1111;    font-family: \"Arial\";    font-size: 32px;    margin: 15px 0;  }  .section-title:empty {    display: none;  }  .section-desc {    text-align: center;    font-weight: normal;    color: #0d1111;    margin-top: 20px;  }  .section-desc:empty {    display: none;  }  .section-img {    width: 1200px;    height: 492px;    margin: 0 auto;    display: block;  }  .section-img.small {    width: 970px;    height: auto;  }  .section-img.small > img {    height: auto;  }  .section-img > img {    width: 100%;    height: 100%;  }  .section-mobile-img {    display: none;    max-width: 100vw;    max-height: 75vw;    height: 450px;    margin: 0 auto;  }  .section-mobile-img > img {    width: 100%;    height: 100%;  }  @media screen and (max-width: 960px) and (orientation: portrait) {    .container {      width: 100%;    }    .container.small {      width: 100%;    }    .section-mobile-img {      display: block;    }    .section-img {      display: none;    }    .section-title {      font-size: 22px;      margin: 10px 0;    }    .section-desc {      margin-top: 10px;    }    .section + .section {      margin-top: 20px;    }  }<\/style><\/head><body><div class=\"container\"><div class=\"logo\"><div class=\"pc-banner\"><div><img decoding=\"async\" src=\"\/vevor\/vevor\/boutique-banner\/pc\/en-pc@1x.jpg\" style=\"width: 100%;\" \/><\/div><\/div><div class=\"m-banner\"><div><img decoding=\"async\" src=\"\/vevor\/vevor\/boutique-banner\/mobile\/en-m@1x.jpg\" style=\"width: 100%;\" \/><\/div><\/div><\/div><div class=\"section-title\">VEVOR Veranda S\u016bpyn\u0117s: Patirtis Patogus Laisvalaikio<\/div><div class=\"video-section\"><div class=\"video-section-img-pc\"><img decoding=\"async\" src=\"\/vevor\/product\/MLQQCMK5YC00R2Q5L\/porch-swing-a100-1.4.jpg\" alt=\"VEVOR medin\u0117s verandos s\u016bpyn\u0117s su puikia hidroizoliacija, atsparumu korozijai ir 880 svar\u0173 svorio talpa.\" \/><\/div><div class=\"video-section-img-m\"><img decoding=\"async\" src=\"\/vevor\/product\/MLQQCMK5YC00R2Q5L\/porch-swing-a100-1.4-m.jpg\" alt=\"VEVOR medin\u0117s verandos s\u016bpyn\u0117s su puikia hidroizoliacija, atsparumu korozijai ir 880 svar\u0173 svorio talpa.\" \/><\/div><div class=\"section-desc\">Grynas egl\u0117s medienos, triple PU da\u017e\u0173 sluoksn\u012f hidroizoliacijos, m\u016bs\u0173 verandoje s\u016bpyn\u0117s yra palaikoma plieno grandin\u0117s saugum\u0105 ir stabilum\u0105. Lengvas montavimas su \u012fvairi\u0173 pried\u0173 leid\u017eia jums greitai nustatyti savo kieme, veranda, arba teras\u0105. Ateiti ir prad\u0117ti savo linksmas kelion\u0117!<\/div><\/div><div class=\"section\"><div class=\"section-title\"><\/div><div class=\"section-img\"><img decoding=\"async\" src=\"\/vevor\/product\/MLQQCMK5YC00R2Q5L\/porch-swing-a100-2.2.jpg\" alt=\"VEVOR medin\u0117s verandos s\u016bpyn\u0117s su sulankstomu puodelio laikikliu, pagalv\u0117l\u0117mis, antklode ir sodo bei baseino fonu.\" \/><\/div><div class=\"section-mobile-img\"><img decoding=\"async\" src=\"\/vevor\/product\/MLQQCMK5YC00R2Q5L\/porch-swing-a100-2.2-m.jpg\" alt=\"VEVOR medin\u0117s verandos s\u016bpyn\u0117s su sulankstomu puodelio laikikliu, pagalv\u0117l\u0117mis, antklode ir sodo bei baseino fonu.\" \/><\/div><div class=\"section-desc\">M\u016bs\u0173 veranda s\u016bpyn\u0117s gali pasigirti tvirta strukt\u016bra ir stiprus svorio geb\u0117jimus, u\u017etikrinti stabilum\u0105 ir saugum\u0105.<\/div><\/div><div class=\"section\"><div class=\"section-title\"><\/div><div class=\"section-img\"><img decoding=\"async\" src=\"\/vevor\/product\/MLQQCMK5YC00R2Q5L\/porch-swing-a100-2.3.jpg\" alt=\"VEVOR medin\u0117s verandos s\u016bpyn\u0117s su ergonomi\u0161ku dizainu, v\u0117dinama medine lentjuoste, reguliuojamomis grandin\u0117mis ir saugos u\u017eraktu.\" \/><\/div><div class=\"section-mobile-img\"><img decoding=\"async\" src=\"\/vevor\/product\/MLQQCMK5YC00R2Q5L\/porch-swing-a100-2.3-m.jpg\" alt=\"VEVOR medin\u0117s verandos s\u016bpyn\u0117s su ergonomi\u0161ku dizainu, v\u0117dinama medine lentjuoste, reguliuojamomis grandin\u0117mis ir saugos u\u017eraktu.\" \/><\/div><div class=\"section-desc\">\u012erengtas puodeli\u0173 laikikliais viduryje, kad b\u016bt\u0173 lengviau \u012fd\u0117ti g\u0117rimus.<\/div><\/div><div class=\"section\"><div class=\"section-title\"><\/div><div class=\"section-img\"><img decoding=\"async\" src=\"\/vevor\/product\/MLQQCMK5YC00R2Q5L\/porch-swing-a100-2.4.jpg\" alt=\"paprastas 3 \u017eingsni\u0173 vadovas VEVOR medin\u0117s verandos s\u016bpyn\u0117ms surinkti: pritvirtinkite porankius, apsaugokite atlo\u0161\u0105, prijunkite grandines.\" \/><\/div><div class=\"section-mobile-img\"><img decoding=\"async\" src=\"\/vevor\/product\/MLQQCMK5YC00R2Q5L\/porch-swing-a100-2.4-m.jpg\" alt=\"paprastas 3 \u017eingsni\u0173 vadovas VEVOR medin\u0117s verandos s\u016bpyn\u0117ms surinkti: pritvirtinkite porankius, apsaugokite atlo\u0161\u0105, prijunkite grandines.\" \/><\/div><div class=\"section-desc\">\u017dmogaus patogus dizainas, jaukus laisvalaikio patirtis, puikus bendravimas su \u0161eima.<\/div><\/div><div class=\"section\"><div class=\"section-title\"><\/div><div class=\"section-img\"><img decoding=\"async\" src=\"\/vevor\/product\/MLQQCMK5YC00R2Q5L\/porch-swing-a100-2.5.jpg\" alt=\"VEVOR medin\u0117s verandos s\u016bpyn\u0117s rodomos \u012fvairiose aplinkose: kiemuose, verandose, terasose ir med\u017eiuose.\" \/><\/div><div class=\"section-mobile-img\"><img decoding=\"async\" src=\"\/vevor\/product\/MLQQCMK5YC00R2Q5L\/porch-swing-a100-2.5-m.jpg\" alt=\"VEVOR medin\u0117s verandos s\u016bpyn\u0117s rodomos \u012fvairiose aplinkose: kiemuose, verandose, terasose ir med\u017eiuose.\" \/><\/div><div class=\"section-desc\">I\u0161 anksto i\u0161gr\u0119\u017etas skyles padaryti setup v\u0117jas, supaprastinti \u012frengimas lengvas surinkimas.<\/div><\/div><div class=\"section\"><div class=\"section-img\"><img decoding=\"async\" src=\"\/vevor\/product\/MLQQCMK5YC00R2Q5L\/porch-swing-a100-1.11.jpg\" alt=\"VEVOR medin\u0117s verandos s\u016bpyn\u0117s su balta kedro mediena, plienin\u0117mis grandin\u0117mis, bei pried\u0173 detal\u0117mis parodytos. matmenys: 55 &quot;x19&quot;.\" \/><\/div><div class=\"section-mobile-img\"><img decoding=\"async\" src=\"\/vevor\/product\/MLQQCMK5YC00R2Q5L\/porch-swing-a100-1.11-m.jpg\" alt=\"VEVOR medin\u0117s verandos s\u016bpyn\u0117s su balta kedro mediena, plienin\u0117mis grandin\u0117mis, bei pried\u0173 detal\u0117mis parodytos. matmenys: 55 &quot;x19&quot;.\" \/><\/div><\/div><\/div><\/body><\/html><\/div>\n<div class=\"DM_at-title\" id=\"js-DM_at-title\"> <div>Produkto specifikacija<\/div> <i class=\"icon-arrowup_line\"><\/i> <\/div><div class=\"DM_at-goodsDescAttr\" id=\"js-DM_at-goodsDescAttr\"> <div class=\"DM_at-goodsDescAttrInner\"> <dl class=\"goodsDesc_item goodsDesc_item_even\"> <dt>Modelis<\/dt> <dd> YQ-117C<\/dd> <\/dl> <dl class=\"goodsDesc_item\"> <dt>Pagrindin\u0117 Med\u017eiaga<\/dt> <dd> Kedro Mediena + Plieno Grandines<\/dd> <\/dl> <dl class=\"goodsDesc_item goodsDesc_item_even\"> <dt>Spalva<\/dt> <dd> Balta<\/dd> <\/dl> <dl class=\"goodsDesc_item\"> <dt>Neto Svoris<\/dt> <dd> 39,5lbs \/ 17,9 kg<\/dd> <\/dl> <dl class=\"goodsDesc_item goodsDesc_item_even\"> <dt>Bendras Gaminio Matmenys<\/dt> <dd> 60x28x23.6''\/1523x710x600 mm<\/dd> <\/dl> <dl class=\"goodsDesc_item\"> <dt>S\u0117dyn\u0117s Matmenys<\/dt> <dd> 55x19x23&#034; \/ 1397x483x584 mm<\/dd> <\/dl> <dl class=\"goodsDesc_item goodsDesc_item_even\"> <dt>Grandin\u0117s Matmenys<\/dt> <dd> (Vir\u0161 S Kabliuko<\/dd> <\/dl> <\/div> <\/div>","protected":false},"excerpt":{"rendered":"<ul>\n<li> Tvirtas ir stabilus: pagamintas i\u0161 grynos egl\u0117s medienos ir paremtas cinkuoto plieno grandin\u0117mis, m\u016bs\u0173 verandos s\u016bpyn\u0117s u\u017etikrina ilgaam\u017ei\u0161kum\u0105 ir stabilum\u0105. Svorio talpa iki 880 svar\u0173, ji sukurta taip, kad tarnaut\u0173 ir i\u0161likt\u0173 stabili viso naudojimo metu. <\/li>\n<li> Neperpu\u010diamas Ilgaam\u017ei\u0161kumas: padengta 3 sluoksni\u0173 PU da\u017e\u0173, s\u016bpyn\u0117s pavir\u0161ius yra lygus, atsparus \u012fbr\u0117\u017eimams, ir labai atsparus vandeniui. Cinkuoto plieno grandin\u0117s yra taip pat atsparus oro, u\u017etikrinant ilgalaik\u012f naudojim\u0105 be r\u016bd\u017ei\u0173, ar lietus, ar blizges\u012f. <\/li>\n<li> Patogus malonumas: m\u016bs\u0173 verandos s\u016bpyn\u0117s yra ergonomi\u0161kai suprojektuotos su atlo\u0161tu atlo\u0161u, kad b\u016bt\u0173 galima palengvinti kelius. Jo viduryje yra sulankstomas puodelio laikiklis, leid\u017eiantis patogiai laikyti g\u0117rimus neu\u017eimant s\u0117dimos vietos, kai jie nenaudojami. reguliuojamos plienin\u0117s grandin\u0117s su apsauginiu u\u017eraktu u\u017etikrina stabili\u0105 pakab\u0105 jaukiai ir atpalaiduojan\u010diai s\u016bpyn\u0117s patir\u010diai. <\/li>\n<li> Lengvas Montavimas: i\u0161 Anksto i\u0161gr\u0119\u017etas skyles ir \u012ftraukti tvirtinimo detal\u0117s diegimo v\u0117jas. Tik 20 minu\u010di\u0173, o du \u017emon\u0117s, j\u016bs galite nustatyti savo kieme, verandoje, terasoje ar net pakabinti j\u012f i\u0161 med\u017eio. <\/li>\n<li> Klasikinis Dizainas: am\u017einas derinys med\u017eio ir metalo grandin\u0117s priduria, liesti retro \u017eavesio j\u016bs\u0173 veranda, s\u016bpyn\u0117s. Gabaritiniai matmenys: 67x28x23.6&#034;\/1702x710x600 mm; s\u0117dyn\u0117s matmenys: 55x19x23&#034;\/1397x483x584mm, patogiai telpa 2-3 \u017emoni\u0173. <\/li>\n<\/ul>","protected":false},"featured_media":318020,"comment_status":"closed","ping_status":"open","template":"","meta":{"om_disable_all_campaigns":false,"_monsterinsights_skip_tracking":false,"_monsterinsights_sitenote_active":false,"_monsterinsights_sitenote_note":"","_monsterinsights_sitenote_category":0,"_uf_show_specific_survey":0,"_uf_disable_surveys":false},"location":[1935,1934],"product_brand":[21],"product_cat":[2365,4079,3776,4086],"product_tag":[],"class_list":{"0":"post-49324","1":"product","2":"type-product","3":"status-publish","4":"has-post-thumbnail","6":"location-supplier_stock_location","7":"location-local_stock_location","8":"product_brand-vevor","9":"product_cat-outdoors","10":"product_cat-patio-chairs-patio-furniture-outdoors","11":"product_cat-patio-furniture-outdoors","12":"product_cat-porch-swings-patio-chairs-patio-furniture-outdoors","14":"first","15":"instock","16":"taxable","17":"shipping-taxable","18":"purchasable","19":"product-type-simple"},"aioseo_notices":[],"jetpack_sharing_enabled":true,"locations":[{"id":1935,"name":"Pieg\u0101d\u0101t\u0101ja noliktav\u0101 (5-7d.d.)","slug":"supplier_stock_location","quantity":"7"},{"id":1934,"name":"R\u012bgas veikal\u0101 (0-2d.d.)","slug":"local_stock_location","quantity":"0"}],"_links":{"self":[{"href":"https:\/\/vevorshop.lv\/lt\/wp-json\/wp\/v2\/product\/49324","targetHints":{"allow":["GET"]}}],"collection":[{"href":"https:\/\/vevorshop.lv\/lt\/wp-json\/wp\/v2\/product"}],"about":[{"href":"https:\/\/vevorshop.lv\/lt\/wp-json\/wp\/v2\/types\/product"}],"replies":[{"embeddable":true,"href":"https:\/\/vevorshop.lv\/lt\/wp-json\/wp\/v2\/comments?post=49324"}],"wp:featuredmedia":[{"embeddable":true,"href":"https:\/\/vevorshop.lv\/lt\/wp-json\/wp\/v2\/media\/318020"}],"wp:attachment":[{"href":"https:\/\/vevorshop.lv\/lt\/wp-json\/wp\/v2\/media?parent=49324"}],"wp:term":[{"taxonomy":"location","embeddable":true,"href":"https:\/\/vevorshop.lv\/lt\/wp-json\/wp\/v2\/location?post=49324"},{"taxonomy":"product_brand","embeddable":true,"href":"https:\/\/vevorshop.lv\/lt\/wp-json\/wp\/v2\/product_brand?post=49324"},{"taxonomy":"product_cat","embeddable":true,"href":"https:\/\/vevorshop.lv\/lt\/wp-json\/wp\/v2\/product_cat?post=49324"},{"taxonomy":"product_tag","embeddable":true,"href":"https:\/\/vevorshop.lv\/lt\/wp-json\/wp\/v2\/product_tag?post=49324"}],"curies":[{"name":"wp","href":"https:\/\/api.w.org\/{rel}","templated":true}]}}